{"id":120429,"date":"2023-12-19T14:03:14","date_gmt":"2023-12-19T14:03:14","guid":{"rendered":"https:\/\/p4p.test\/myiasis-spray-75-ml"},"modified":"2026-04-14T08:05:32","modified_gmt":"2026-04-14T08:05:32","slug":"myiasis-spray-75-ml","status":"publish","type":"product","link":"https:\/\/www.pharmacy4pets.nl\/be\/myiasis-spray-75-ml","title":{"rendered":"Myiasis Spray | 75 ml"},"content":{"rendered":"<h1>Myiasis Spray<\/h1>\n<p>Myiasis Spray voor konijnen en cavia\u2019s werkt tegen maden. Vliegen leggen eitjes, de larven die daaruit komen noemen we maden. En maden kunnen voor veel problemen zorgen. Deze spray is bedoeld voor de bestrijding van vliegenlarven- en eitjes bij hobbypluimvee, postduiven, kleine knaagdieren en konijnen die <u>niet<\/u> bedrijfsmatig worden gehouden.<\/p>\n<p>Myiasis in konijnen en cavia\u2019s wordt veroorzaakt door vliegen die eitjes in plakkende feces leggen. Verwijder de feces en zorg voor goede hygi\u00ebne in het hok. Spray de juiste hoeveelheid van de vloeistof aan de achterzijde, van het midden van de rug tot aan het puntje van de staart. De oppervlakte onder de staart\u00a0 en tussen de achterpoten van het konijn verdienen extra aandacht. Behandel vroeg in de zomer, voordat er vliegen zijn.<\/p>\n<h2>Werkzame stof<\/h2>\n<p>Myiasis Spray bevat 0,5 mg\/ml ivermectine.<\/p>\n<h2>Aanbevolen hoeveelheid<\/h2>\n<p>Aanbevolen hoeveelheid obv lichaamsgewicht:<\/p>\n<p>0,5 \u2013 1,0 kg = 5 keer sprayen<br \/>1,0 \u2013 1,5 kg = 7 keer sprayen<br \/>1,5 \u2013 3,0 kg = 9 keer sprayen<br \/>&gt; 3,0 kg = 15 keer sprayen<\/p>\n<p>Het dier baden kan de werking van het middel verminderen en kan meer frequente toediening vereisen. De behandeling niet binnen 4 weken herhalen.<\/p>\n","protected":false},"excerpt":{"rendered":"<p>Myiasis Spray Myiasis Spray voor konijnen en cavia\u2019s werkt tegen maden. Vliegen leggen eitjes, de larven die daaruit komen noemen we maden. En maden kunnen voor veel problemen zorgen. Deze spray is bedoeld voor de bestrijding van vliegenlarven- en eitjes bij hobbypluimvee, postduiven, kleine knaagdieren en konijnen die niet bedrijfsmatig worden gehouden. Myiasis in konijnen [&hellip;]<\/p>\n","protected":false},"featured_media":120428,"comment_status":"open","ping_status":"closed","template":"","meta":{"_acf_changed":false,"_nl_post_content":"<h1>Myiasis Spray<\/h1>\r\n<p>Myiasis Spray voor konijnen en cavia\u2019s werkt tegen maden. Vliegen leggen eitjes, de larven die daaruit komen noemen we maden. En maden kunnen voor veel problemen zorgen. Deze spray is bedoeld voor de bestrijding van vliegenlarven- en eitjes bij hobbypluimvee, postduiven, kleine knaagdieren en konijnen die <u>niet<\/u> bedrijfsmatig worden gehouden.<\/p>\r\n<p>Myiasis in konijnen en cavia\u2019s wordt veroorzaakt door vliegen die eitjes in plakkende feces leggen. Verwijder de feces en zorg voor goede hygi\u00ebne in het hok. Spray de juiste hoeveelheid van de vloeistof aan de achterzijde, van het midden van de rug tot aan het puntje van de staart. De oppervlakte onder de staart\u00a0 en tussen de achterpoten van het konijn verdienen extra aandacht. Behandel vroeg in de zomer, voordat er vliegen zijn.<\/p>\r\n<h2>Werkzame stof<\/h2>\r\n<p>Myiasis Spray bevat 0,5 mg\/ml ivermectine.<\/p>\r\n<h2>Aanbevolen hoeveelheid<\/h2>\r\n<p>Aanbevolen hoeveelheid obv lichaamsgewicht:<\/p>\r\n<p>0,5 \u2013 1,0 kg = 5 keer sprayen<br \/>1,0 \u2013 1,5 kg = 7 keer sprayen<br \/>1,5 \u2013 3,0 kg = 9 keer sprayen<br \/>&gt; 3,0 kg = 15 keer sprayen<\/p>\r\n<p>Het dier baden kan de werking van het middel verminderen en kan meer frequente toediening vereisen. De behandeling niet binnen 4 weken herhalen.<\/p>","_nl_post_name":"myiasis-spray-75-ml","_nl_post_excerpt":"","_nl_post_title":"Myiasis Spray | 75 ml","_en_post_content":"<h1>Myiasis Spray<\/h1>\n<p>Myiasis Spray\u00a0for rabbits and guinea pigs works against maggots. Flies lay eggs, and the larvae that hatch are called maggots. And maggots can cause many problems. This spray is designed to control fly larvae and eggs in hobby poultry, homing pigeons, small rodents and <u>non-farm<\/u> rabbits.<\/p>\n<p>Myiasis in rabbits and guinea pigs is caused by flies laying eggs in sticky faeces. Remove the faeces and ensure good hygiene in the hutch. Spray the right amount of the liquid on the back, from the middle of the back to the tip of the tail. The area under the tail and between the rabbit's hind legs deserve extra attention. Treat early in the summer, before there are flies.<\/p>\n<h2><span class=\"HwtZe\" lang=\"en\"><span class=\"jCAhz ChMk0b\"><span class=\"ryNqvb\">Active ingredient<\/span><\/span><\/span><\/h2>\n<p><span class=\"HwtZe\" lang=\"en\"><span class=\"jCAhz ChMk0b\"><span class=\"ryNqvb\">Myiasis Spray contains 0.5 mg\/ml ivermectin.<\/span><\/span><\/span><\/p>\n<h2>Recommended amount<\/h2>\n<p>Recommended amount obv body weight:<\/p>\n<p>0.5 - 1.0 kg = 5 sprays<br \/>1.0 - 1.5 kg = 7 sprays<br \/>1.5 - 3.0 kg = 9 sprays<br \/>&gt; 3.0 kg = 15 sprays<\/p>\n<p>Bathing the animal may reduce the effect of the drug and may require more frequent administration. Do not repeat treatment within 4 weeks.<\/p>","_en_post_name":"myiasis-spray-75-ml","_en_post_excerpt":"","_en_post_title":"Myiasis Spray | 75 ml","_de_post_content":"<h1>Myiasis Spray<\/h1>\n<p>Myiasis Spray f\u00fcr Kaninchen und Meerschweinchen wirkt gegen Maden\/Madenbefall. Fliegen legen Eier, und die Larven, die daraus schl\u00fcpfen, werden Maden genannt. Und Maden k\u00f6nnen viele Probleme verursachen. Dieses Spray ist zur Bek\u00e4mpfung von Fliegenlarven und -eiern bei Hobbygefl\u00fcgel, Brieftauben, kleinen Nagern und Kaninchen, die <u>nicht<\/u> in der Landwirtschaft gehalten werden, bestimmt.<\/p>\n<p>Myiasis bei Kaninchen und Meerschweinchen wird durch Fliegen verursacht, die Eier in klebrigen Kot legen. Entfernen Sie den Kot und sorgen Sie f\u00fcr gute Hygiene im Stall. Spr\u00fchen Sie die richtige Menge der Fl\u00fcssigkeit auf den R\u00fccken, von der Mitte des R\u00fcckens bis zur Schwanzspitze. Der Bereich unter dem Schwanz und zwischen den Hinterbeinen des Kaninchens verdient besondere Aufmerksamkeit. Behandeln Sie im Fr\u00fchsommer, bevor die Fliegen kommen.<\/p>\n<h2><span class=\"HwtZe\" lang=\"de\"><span class=\"jCAhz ChMk0b\"><span class=\"ryNqvb\">Empfohlene Menge<\/span><\/span><\/span><\/h2>\n<p>Empfohlene Menge je nach K\u00f6rpergewicht:<\/p>\n<p>0,5 - 1,0 kg = 5 Spr\u00fchst\u00f6\u00dfe<br \/>1,0 - 1,5 kg = 7 Spr\u00fchst\u00f6\u00dfe<br \/>1,5 - 3,0 kg = 9 Spr\u00fchst\u00f6\u00dfe<br \/>&gt; 3,0 kg = 15 Spr\u00fchst\u00f6\u00dfe<\/p>\n<p>Das Baden des Tieres kann die Wirkung des Arzneimittels verringern und eine h\u00e4ufigere Verabreichung erforderlich machen. Wiederholen Sie die Behandlung nicht innerhalb von 4 Wochen.<\/p>","_de_post_name":"myiasis-spray-75-ml","_de_post_excerpt":"","_de_post_title":"Myiasis Spray | 75 ml","_fr_post_content":"<h1>Myiase Spray<\/h1>\n<p>Myiase Spray pour lapins et cochons d'Inde agit contre les asticots. Les mouches pondent des \u0153ufs et les larves qui en sortent sont appel\u00e9es asticots. Les asticots peuvent \u00eatre \u00e0 l'origine de nombreux probl\u00e8mes. Ce spray est con\u00e7u pour lutter contre les larves et les \u0153ufs de mouches chez les volailles d'agr\u00e9ment, les pigeons voyageurs, les petits rongeurs et les lapins <u>non<\/u> agricoles.<\/p>\n<p>La myiase chez les lapins et les cochons d'Inde est caus\u00e9e par des mouches qui pondent des \u0153ufs dans des excr\u00e9ments collants. Enlevez les excr\u00e9ments et veillez \u00e0 une bonne hygi\u00e8ne dans le clapier. Vaporisez la bonne quantit\u00e9 de liquide sur le dos, du milieu du dos jusqu'\u00e0 l'extr\u00e9mit\u00e9 de la queue. La zone situ\u00e9e sous la queue et entre les pattes arri\u00e8re du lapin m\u00e9rite une attention particuli\u00e8re. Traiter au d\u00e9but de l'\u00e9t\u00e9, avant qu'il n'y ait des mouches.<\/p>\n<h2><span class=\"HwtZe\" lang=\"fr\"><span class=\"jCAhz ChMk0b\"><span class=\"ryNqvb\">Substance active<\/span><\/span><\/span><\/h2>\n<p><span class=\"HwtZe\" lang=\"fr\"><span class=\"jCAhz ChMk0b\"><span class=\"ryNqvb\">Myiasis Spray contient 0,5 mg\/ml d\u2019ivermectine.<\/span><\/span><\/span><\/p>\n<h2>Quantit\u00e9 recommand\u00e9e<\/h2>\n<p>Quantit\u00e9 recommand\u00e9e en fonction du poids corporel :<\/p>\n<p>0,5 - 1,0 kg = 5 pulv\u00e9risations<br \/>1,0 - 1,5 kg = 7 pulv\u00e9risations<br \/>1,5 - 3,0 kg = 9 pulv\u00e9risations<br \/>&gt; 3,0 kg = 15 pulv\u00e9risations<\/p>\n<p>Le fait de baigner l'animal peut r\u00e9duire l'effet du m\u00e9dicament et n\u00e9cessiter des administrations plus fr\u00e9quentes. Ne pas r\u00e9p\u00e9ter le traitement dans les 4 semaines.<\/p>","_fr_post_name":"myiasis-spray-75-ml","_fr_post_excerpt":"","_fr_post_title":"Myiasis Spray | 75 ml","_es_post_content":"<h1>Myiasis Spray<\/h1>\n<p>Myiasis Spray para conejos y cobayas act\u00faa contra los gusanos. Las moscas ponen huevos, y las larvas que eclosionan se llaman gusanos. Y los gusanos pueden causar muchos problemas. Este spray est\u00e1 dise\u00f1ado para controlar las larvas y los huevos de mosca en aves de corral, palomas mensajeras, peque\u00f1os roedores y conejos <u>no<\/u> de granja.<\/p>\n<p>La miasis en conejos y cobayas est\u00e1 causada por moscas que ponen huevos en heces pegajosas. Eliminar las heces y garantizar una buena higiene en la conejera. Pulverizar la cantidad adecuada de l\u00edquido sobre el lomo, desde la mitad del lomo hasta la punta de la cola. La zona bajo la cola y entre las patas traseras del conejo merecen especial atenci\u00f3n. Tratar a principios de verano, antes de que haya moscas.<\/p>\n<h2><span class=\"HwtZe\" lang=\"es\"><span class=\"jCAhz ChMk0b\"><span class=\"ryNqvb\">Sustancia activa<\/span><\/span><\/span><\/h2>\n<p><span class=\"HwtZe\" lang=\"es\"><span class=\"jCAhz ChMk0b\"><span class=\"ryNqvb\">Miasis Spray contiene 0,5 mg\/ml de ivermectina.<\/span><\/span><\/span><\/p>\n<h2>Cantidad recomendada<\/h2>\n<p>Cantidad recomendada por peso corporal:<\/p>\n<p>0,5 - 1,0 kg = 5 pulverizaciones<br \/>1,0 - 1,5 kg = 7 pulverizaciones<br \/>1,5 - 3,0 kg = 9 pulverizaciones<br \/>&gt; 3,0 kg = 15 pulverizaciones<\/p>\n<p>El ba\u00f1o del animal puede reducir el efecto del medicamento y puede requerir una administraci\u00f3n m\u00e1s frecuente. No repetir el tratamiento antes de 4 semanas.<\/p>","_es_post_name":"myiasis-spray-75-ml","_es_post_excerpt":"","_es_post_title":"Myiasis Spray | 75 ml","edit_language":"nl"},"product_brand":[],"product_cat":[2229,1825,2231,1827,1857,2164,1824],"product_tag":[],"class_list":{"0":"post-120429","1":"product","2":"type-product","3":"status-publish","4":"has-post-thumbnail","6":"product_cat-cavia","7":"product_cat-konijnen","8":"product_cat-medicijnen-supplementen","10":"product_cat-merken","11":"product_cat-myiasis","12":"product_cat-overig","13":"pa_aandoening-huid_vacht","14":"pa_aandoening-insecten","15":"pa_doeldier-kippen","16":"pa_doeldier-knaagdier","17":"pa_doeldier-konijn","18":"pa_fabricatieland-belgie","19":"pa_merkfilter-myiasis","20":"pa_merkgroep-fendigo","21":"pa_productsoort-diergeneesmiddelvrij_ura","22":"pa_toedieningswijze-spray","23":"pa_unit_pricing_base_measure-10ml","24":"pa_unit_pricing_measure-75ml","25":"pa_werkzamestof-ivermectine","27":"first","28":"instock","29":"taxable","30":"shipping-taxable","31":"purchasable","32":"product-type-simple"},"yoast_head":"<!-- This site is optimized with the Yoast SEO plugin v27.5 - https:\/\/yoast.com\/product\/yoast-seo-wordpress\/ -->\n<title>Myiasis Spray | Myiasis konijn | Konijn met maden<\/title>\n<meta name=\"robots\" content=\"index, follow, max-snippet:-1, max-image-preview:large, max-video-preview:-1\" \/>\n<link rel=\"canonical\" href=\"https:\/\/www.pharmacy4pets.nl\/myiasis-spray-75-ml\" \/>\n<meta property=\"og:locale\" content=\"nl_NL\" \/>\n<meta property=\"og:type\" content=\"article\" \/>\n<meta property=\"og:title\" content=\"Myiasis Spray | Myiasis konijn | Konijn met maden\" \/>\n<meta property=\"og:description\" content=\"Myiasis Spray Myiasis Spray voor konijnen en cavia\u2019s werkt tegen maden. Vliegen leggen eitjes, de larven die daaruit komen noemen we maden. En maden kunnen voor veel problemen zorgen. Deze spray is bedoeld voor de bestrijding van vliegenlarven- en eitjes bij hobbypluimvee, postduiven, kleine knaagdieren en konijnen die niet bedrijfsmatig worden gehouden. Myiasis in konijnen [&hellip;]\" \/>\n<meta property=\"og:url\" content=\"https:\/\/www.pharmacy4pets.nl\/myiasis-spray-75-ml\" \/>\n<meta property=\"og:site_name\" content=\"Pharmacy4pets\" \/>\n<meta property=\"article:publisher\" content=\"https:\/\/www.facebook.com\/people\/Pharmacy4petsnl\/100063484989896\/\" \/>\n<meta property=\"article:modified_time\" content=\"2026-04-14T08:05:32+00:00\" \/>\n<meta property=\"og:image\" content=\"https:\/\/www.pharmacy4pets.nl\/wp-content\/uploads\/2023\/12\/Myiasis_Spray.jpg\" \/>\n\t<meta property=\"og:image:width\" content=\"999\" \/>\n\t<meta property=\"og:image:height\" content=\"999\" \/>\n\t<meta property=\"og:image:type\" content=\"image\/jpeg\" \/>\n<meta name=\"twitter:card\" content=\"summary_large_image\" \/>\n<meta name=\"twitter:label1\" content=\"Geschatte leestijd\" \/>\n\t<meta name=\"twitter:data1\" content=\"1 minuut\" \/>\n<script type=\"application\/ld+json\" class=\"yoast-schema-graph\">{\"@context\":\"https:\\\/\\\/schema.org\",\"@graph\":[{\"@type\":\"WebPage\",\"@id\":\"https:\\\/\\\/www.pharmacy4pets.nl\\\/myiasis-spray-75-ml\",\"url\":\"https:\\\/\\\/www.pharmacy4pets.nl\\\/myiasis-spray-75-ml\",\"name\":\"Myiasis Spray | Myiasis konijn | Konijn met maden\",\"isPartOf\":{\"@id\":\"http:\\\/\\\/www.pharmacy4pets.nl\\\/#website\"},\"primaryImageOfPage\":{\"@id\":\"https:\\\/\\\/www.pharmacy4pets.nl\\\/myiasis-spray-75-ml#primaryimage\"},\"image\":{\"@id\":\"https:\\\/\\\/www.pharmacy4pets.nl\\\/myiasis-spray-75-ml#primaryimage\"},\"thumbnailUrl\":\"https:\\\/\\\/www.pharmacy4pets.nl\\\/wp-content\\\/uploads\\\/2023\\\/12\\\/Myiasis_Spray.jpg\",\"datePublished\":\"2023-12-19T14:03:14+00:00\",\"dateModified\":\"2026-04-14T08:05:32+00:00\",\"breadcrumb\":{\"@id\":\"https:\\\/\\\/www.pharmacy4pets.nl\\\/myiasis-spray-75-ml#breadcrumb\"},\"inLanguage\":\"nl-NL\",\"potentialAction\":[{\"@type\":\"ReadAction\",\"target\":[\"https:\\\/\\\/www.pharmacy4pets.nl\\\/myiasis-spray-75-ml\"]}]},{\"@type\":\"ImageObject\",\"inLanguage\":\"nl-NL\",\"@id\":\"https:\\\/\\\/www.pharmacy4pets.nl\\\/myiasis-spray-75-ml#primaryimage\",\"url\":\"https:\\\/\\\/www.pharmacy4pets.nl\\\/wp-content\\\/uploads\\\/2023\\\/12\\\/Myiasis_Spray.jpg\",\"contentUrl\":\"https:\\\/\\\/www.pharmacy4pets.nl\\\/wp-content\\\/uploads\\\/2023\\\/12\\\/Myiasis_Spray.jpg\",\"width\":999,\"height\":999,\"caption\":\"Myiasis Spray\"},{\"@type\":\"BreadcrumbList\",\"@id\":\"https:\\\/\\\/www.pharmacy4pets.nl\\\/myiasis-spray-75-ml#breadcrumb\",\"itemListElement\":[{\"@type\":\"ListItem\",\"position\":1,\"name\":\"Home\",\"item\":\"https:\\\/\\\/p4p-nl.bootmine.com\\\/\"},{\"@type\":\"ListItem\",\"position\":2,\"name\":\"Winkel\",\"item\":\"https:\\\/\\\/p4p-nl.bootmine.com\\\/winkel\"},{\"@type\":\"ListItem\",\"position\":3,\"name\":\"Myiasis Spray | 75 ml\"}]},{\"@type\":\"WebSite\",\"@id\":\"http:\\\/\\\/www.pharmacy4pets.nl\\\/#website\",\"url\":\"http:\\\/\\\/www.pharmacy4pets.nl\\\/\",\"name\":\"Pharmacy4pets\",\"description\":\"Pharmacy4pets.nl is d\u00e9 online apotheek waar u terecht kunt voor alle diergeneesmiddelen, verzorgingsproducten en dieetvoeding voor uw huisdier.\",\"publisher\":{\"@id\":\"http:\\\/\\\/www.pharmacy4pets.nl\\\/#organization\"},\"potentialAction\":[{\"@type\":\"SearchAction\",\"target\":{\"@type\":\"EntryPoint\",\"urlTemplate\":\"http:\\\/\\\/www.pharmacy4pets.nl\\\/?s={search_term_string}\"},\"query-input\":{\"@type\":\"PropertyValueSpecification\",\"valueRequired\":true,\"valueName\":\"search_term_string\"}}],\"inLanguage\":\"nl-NL\"},{\"@type\":\"Organization\",\"@id\":\"http:\\\/\\\/www.pharmacy4pets.nl\\\/#organization\",\"name\":\"Pharmacy4pets\",\"url\":\"http:\\\/\\\/www.pharmacy4pets.nl\\\/\",\"logo\":{\"@type\":\"ImageObject\",\"inLanguage\":\"nl-NL\",\"@id\":\"http:\\\/\\\/www.pharmacy4pets.nl\\\/#\\\/schema\\\/logo\\\/image\\\/\",\"url\":\"https:\\\/\\\/p4p-nl.bootmine.com\\\/wp-content\\\/uploads\\\/2026\\\/03\\\/logo-pharmacy4pets.png\",\"contentUrl\":\"https:\\\/\\\/p4p-nl.bootmine.com\\\/wp-content\\\/uploads\\\/2026\\\/03\\\/logo-pharmacy4pets.png\",\"width\":1024,\"height\":135,\"caption\":\"Pharmacy4pets\"},\"image\":{\"@id\":\"http:\\\/\\\/www.pharmacy4pets.nl\\\/#\\\/schema\\\/logo\\\/image\\\/\"},\"sameAs\":[\"https:\\\/\\\/www.facebook.com\\\/people\\\/Pharmacy4petsnl\\\/100063484989896\\\/\",\"https:\\\/\\\/www.youtube.com\\\/channel\\\/UCGPTIgucgli03tP2_kvLkHg\\\/featured\",\"https:\\\/\\\/www.instagram.com\\\/pharmacy4pets.nl\"]}]}<\/script>\n<!-- \/ Yoast SEO plugin. -->","yoast_head_json":{"title":"Myiasis Spray | Myiasis konijn | Konijn met maden","robots":{"index":"index","follow":"follow","max-snippet":"max-snippet:-1","max-image-preview":"max-image-preview:large","max-video-preview":"max-video-preview:-1"},"canonical":"https:\/\/www.pharmacy4pets.nl\/myiasis-spray-75-ml","og_locale":"nl_NL","og_type":"article","og_title":"Myiasis Spray | Myiasis konijn | Konijn met maden","og_description":"Myiasis Spray Myiasis Spray voor konijnen en cavia\u2019s werkt tegen maden. Vliegen leggen eitjes, de larven die daaruit komen noemen we maden. En maden kunnen voor veel problemen zorgen. Deze spray is bedoeld voor de bestrijding van vliegenlarven- en eitjes bij hobbypluimvee, postduiven, kleine knaagdieren en konijnen die niet bedrijfsmatig worden gehouden. Myiasis in konijnen [&hellip;]","og_url":"https:\/\/www.pharmacy4pets.nl\/myiasis-spray-75-ml","og_site_name":"Pharmacy4pets","article_publisher":"https:\/\/www.facebook.com\/people\/Pharmacy4petsnl\/100063484989896\/","article_modified_time":"2026-04-14T08:05:32+00:00","og_image":[{"width":999,"height":999,"url":"https:\/\/www.pharmacy4pets.nl\/wp-content\/uploads\/2023\/12\/Myiasis_Spray.jpg","type":"image\/jpeg"}],"twitter_card":"summary_large_image","twitter_misc":{"Geschatte leestijd":"1 minuut"},"schema":{"@context":"https:\/\/schema.org","@graph":[{"@type":"WebPage","@id":"https:\/\/www.pharmacy4pets.nl\/myiasis-spray-75-ml","url":"https:\/\/www.pharmacy4pets.nl\/myiasis-spray-75-ml","name":"Myiasis Spray | Myiasis konijn | Konijn met maden","isPartOf":{"@id":"http:\/\/www.pharmacy4pets.nl\/#website"},"primaryImageOfPage":{"@id":"https:\/\/www.pharmacy4pets.nl\/myiasis-spray-75-ml#primaryimage"},"image":{"@id":"https:\/\/www.pharmacy4pets.nl\/myiasis-spray-75-ml#primaryimage"},"thumbnailUrl":"https:\/\/www.pharmacy4pets.nl\/wp-content\/uploads\/2023\/12\/Myiasis_Spray.jpg","datePublished":"2023-12-19T14:03:14+00:00","dateModified":"2026-04-14T08:05:32+00:00","breadcrumb":{"@id":"https:\/\/www.pharmacy4pets.nl\/myiasis-spray-75-ml#breadcrumb"},"inLanguage":"nl-NL","potentialAction":[{"@type":"ReadAction","target":["https:\/\/www.pharmacy4pets.nl\/myiasis-spray-75-ml"]}]},{"@type":"ImageObject","inLanguage":"nl-NL","@id":"https:\/\/www.pharmacy4pets.nl\/myiasis-spray-75-ml#primaryimage","url":"https:\/\/www.pharmacy4pets.nl\/wp-content\/uploads\/2023\/12\/Myiasis_Spray.jpg","contentUrl":"https:\/\/www.pharmacy4pets.nl\/wp-content\/uploads\/2023\/12\/Myiasis_Spray.jpg","width":999,"height":999,"caption":"Myiasis Spray"},{"@type":"BreadcrumbList","@id":"https:\/\/www.pharmacy4pets.nl\/myiasis-spray-75-ml#breadcrumb","itemListElement":[{"@type":"ListItem","position":1,"name":"Home","item":"https:\/\/p4p-nl.bootmine.com\/"},{"@type":"ListItem","position":2,"name":"Winkel","item":"https:\/\/p4p-nl.bootmine.com\/winkel"},{"@type":"ListItem","position":3,"name":"Myiasis Spray | 75 ml"}]},{"@type":"WebSite","@id":"http:\/\/www.pharmacy4pets.nl\/#website","url":"http:\/\/www.pharmacy4pets.nl\/","name":"Pharmacy4pets","description":"Pharmacy4pets.nl is d\u00e9 online apotheek waar u terecht kunt voor alle diergeneesmiddelen, verzorgingsproducten en dieetvoeding voor uw huisdier.","publisher":{"@id":"http:\/\/www.pharmacy4pets.nl\/#organization"},"potentialAction":[{"@type":"SearchAction","target":{"@type":"EntryPoint","urlTemplate":"http:\/\/www.pharmacy4pets.nl\/?s={search_term_string}"},"query-input":{"@type":"PropertyValueSpecification","valueRequired":true,"valueName":"search_term_string"}}],"inLanguage":"nl-NL"},{"@type":"Organization","@id":"http:\/\/www.pharmacy4pets.nl\/#organization","name":"Pharmacy4pets","url":"http:\/\/www.pharmacy4pets.nl\/","logo":{"@type":"ImageObject","inLanguage":"nl-NL","@id":"http:\/\/www.pharmacy4pets.nl\/#\/schema\/logo\/image\/","url":"https:\/\/p4p-nl.bootmine.com\/wp-content\/uploads\/2026\/03\/logo-pharmacy4pets.png","contentUrl":"https:\/\/p4p-nl.bootmine.com\/wp-content\/uploads\/2026\/03\/logo-pharmacy4pets.png","width":1024,"height":135,"caption":"Pharmacy4pets"},"image":{"@id":"http:\/\/www.pharmacy4pets.nl\/#\/schema\/logo\/image\/"},"sameAs":["https:\/\/www.facebook.com\/people\/Pharmacy4petsnl\/100063484989896\/","https:\/\/www.youtube.com\/channel\/UCGPTIgucgli03tP2_kvLkHg\/featured","https:\/\/www.instagram.com\/pharmacy4pets.nl"]}]}},"market_data":{"nl":{"price":0,"sale_price":0,"active":false,"url":null,"parent_url":"","tax_rate":0,"price_inc_tax":0,"sale_price_inc_tax":0},"de":{"price":0,"sale_price":0,"active":false,"url":null,"parent_url":"","tax_rate":0,"price_inc_tax":0,"sale_price_inc_tax":0},"be":{"price":0,"sale_price":0,"active":false,"url":null,"parent_url":"","tax_rate":0,"price_inc_tax":0,"sale_price_inc_tax":0},"fr":{"price":0,"sale_price":0,"active":false,"url":null,"parent_url":"","tax_rate":0,"price_inc_tax":0,"sale_price_inc_tax":0},"ch":{"price":0,"sale_price":0,"active":false,"url":null,"parent_url":"","tax_rate":0,"price_inc_tax":0,"sale_price_inc_tax":0},"at":{"price":0,"sale_price":0,"active":false,"url":null,"parent_url":"","tax_rate":0,"price_inc_tax":0,"sale_price_inc_tax":0},"es":{"price":0,"sale_price":0,"active":false,"url":null,"parent_url":"","tax_rate":0,"price_inc_tax":0,"sale_price_inc_tax":0},"dk":{"price":0,"sale_price":0,"active":false,"url":null,"parent_url":"","tax_rate":0,"price_inc_tax":0,"sale_price_inc_tax":0},"com":{"price":0,"sale_price":0,"active":false,"url":null,"parent_url":"","tax_rate":0,"price_inc_tax":0,"sale_price_inc_tax":0}},"market_nl_price":0,"market_nl_sale_price":0,"market_nl_active":false,"market_nl_url":null,"market_nl_parent_url":"","market_nl_tax_rate":0,"market_nl_price_inc_tax":0,"market_nl_sale_price_inc_tax":0,"market_de_price":0,"market_de_sale_price":0,"market_de_active":false,"market_de_url":null,"market_de_parent_url":"","market_de_tax_rate":0,"market_de_price_inc_tax":0,"market_de_sale_price_inc_tax":0,"market_be_price":0,"market_be_sale_price":0,"market_be_active":false,"market_be_url":null,"market_be_parent_url":"","market_be_tax_rate":0,"market_be_price_inc_tax":0,"market_be_sale_price_inc_tax":0,"market_fr_price":0,"market_fr_sale_price":0,"market_fr_active":false,"market_fr_url":null,"market_fr_parent_url":"","market_fr_tax_rate":0,"market_fr_price_inc_tax":0,"market_fr_sale_price_inc_tax":0,"market_ch_price":0,"market_ch_sale_price":0,"market_ch_active":false,"market_ch_url":null,"market_ch_parent_url":"","market_ch_tax_rate":0,"market_ch_price_inc_tax":0,"market_ch_sale_price_inc_tax":0,"market_at_price":0,"market_at_sale_price":0,"market_at_active":false,"market_at_url":null,"market_at_parent_url":"","market_at_tax_rate":0,"market_at_price_inc_tax":0,"market_at_sale_price_inc_tax":0,"market_es_price":0,"market_es_sale_price":0,"market_es_active":false,"market_es_url":null,"market_es_parent_url":"","market_es_tax_rate":0,"market_es_price_inc_tax":0,"market_es_sale_price_inc_tax":0,"market_dk_price":0,"market_dk_sale_price":0,"market_dk_active":false,"market_dk_url":null,"market_dk_parent_url":"","market_dk_tax_rate":0,"market_dk_price_inc_tax":0,"market_dk_sale_price_inc_tax":0,"market_com_price":0,"market_com_sale_price":0,"market_com_active":false,"market_com_url":null,"market_com_parent_url":"","market_com_tax_rate":0,"market_com_price_inc_tax":0,"market_com_sale_price_inc_tax":0,"acf":[],"_links":{"self":[{"href":"https:\/\/www.pharmacy4pets.nl\/be\/wp-json\/wp\/v2\/product\/120429","targetHints":{"allow":["GET"]}}],"collection":[{"href":"https:\/\/www.pharmacy4pets.nl\/be\/wp-json\/wp\/v2\/product"}],"about":[{"href":"https:\/\/www.pharmacy4pets.nl\/be\/wp-json\/wp\/v2\/types\/product"}],"replies":[{"embeddable":true,"href":"https:\/\/www.pharmacy4pets.nl\/be\/wp-json\/wp\/v2\/comments?post=120429"}],"wp:featuredmedia":[{"embeddable":true,"href":"https:\/\/www.pharmacy4pets.nl\/be\/wp-json\/wp\/v2\/media\/120428"}],"wp:attachment":[{"href":"https:\/\/www.pharmacy4pets.nl\/be\/wp-json\/wp\/v2\/media?parent=120429"}],"wp:term":[{"taxonomy":"product_brand","embeddable":true,"href":"https:\/\/www.pharmacy4pets.nl\/be\/wp-json\/wp\/v2\/product_brand?post=120429"},{"taxonomy":"product_cat","embeddable":true,"href":"https:\/\/www.pharmacy4pets.nl\/be\/wp-json\/wp\/v2\/product_cat?post=120429"},{"taxonomy":"product_tag","embeddable":true,"href":"https:\/\/www.pharmacy4pets.nl\/be\/wp-json\/wp\/v2\/product_tag?post=120429"}],"curies":[{"name":"wp","href":"https:\/\/api.w.org\/{rel}","templated":true}]}}