{"id":120401,"date":"2023-11-07T17:05:22","date_gmt":"2023-11-07T17:05:22","guid":{"rendered":"https:\/\/p4p.test\/kong-puppy-roze-l"},"modified":"2026-03-25T12:05:54","modified_gmt":"2026-03-25T12:05:54","slug":"kong-puppy-roze-l","status":"publish","type":"product","link":"https:\/\/www.pharmacy4pets.nl\/be\/kong-puppy-roze-l","title":{"rendered":"Kong Puppy | Roze | Maat L (13-30 kg)"},"content":{"rendered":"<p>Kong Puppy hondenspeeltje is speciaal ontwikkeld voor de 28-babytanden van een groeiende puppy. Een Puppy Kong bestaat uit een unieke, volledig natuurlijke rubberformule en helpt bij het leren van het juiste kauwgedrag. Een gevulde Puppy Kong houdt puppy\u2019s goed bezig, terwijl de grillige stuitering het ideaal maakt voor pups die er gewoon mee willen spelen. Wilt u de zindelijkheidstraining gemakkelijker maken of de speeltijd verlengen? Zorg ervoor dat u het speeltje vult met puppybrokjes en een scheutje pindakaas.<\/p>\n","protected":false},"excerpt":{"rendered":"<p>Kong Puppy hondenspeeltje is speciaal ontwikkeld voor de 28-babytanden van een groeiende puppy. Een Puppy Kong bestaat uit een unieke, volledig natuurlijke rubberformule en helpt bij het leren van het juiste kauwgedrag. Een gevulde Puppy Kong houdt puppy\u2019s goed bezig, terwijl de grillige stuitering het ideaal maakt voor pups die er gewoon mee willen spelen. [&hellip;]<\/p>\n","protected":false},"featured_media":120399,"comment_status":"open","ping_status":"closed","template":"","meta":{"_acf_changed":false,"_nl_post_content":"Kong Puppy hondenspeeltje is speciaal ontwikkeld voor de 28-babytanden van een groeiende puppy. Een Puppy Kong bestaat uit een unieke, volledig natuurlijke rubberformule en helpt bij het leren van het juiste kauwgedrag. Een gevulde Puppy Kong houdt puppy\u2019s goed bezig, terwijl de grillige stuitering het ideaal maakt voor pups die er gewoon mee willen spelen. Wilt u de zindelijkheidstraining gemakkelijker maken of de speeltijd verlengen? Zorg ervoor dat u het speeltje vult met puppybrokjes en een scheutje pindakaas.","_nl_post_name":"kong-puppy-roze-l","_nl_post_excerpt":"","_nl_post_title":"Kong Puppy | Roze | Maat L (13-30 kg)","_en_post_content":"Kong Puppy dog toy is specially developed for the 28 baby teeth of a growing puppy. A Puppy Kong consists of a unique, completely natural rubber formula and helps to teach correct chewing behavior. A stuffed Puppy Kong keeps puppies entertained, while the erratic bounce makes it ideal for pups who just want to play with it. Do you want to make potty training easier or extend playtime? Be sure to fill the toy with puppy chunks and a drizzle of peanut butter.","_en_post_name":"kong-puppy-pink-l","_en_post_excerpt":"","_en_post_title":"Kong Puppy | Pink | Size L (13-30 kg)","_de_post_content":"Das Hundespielzeug Kong Puppy wurde speziell f\u00fcr die 28 Milchz\u00e4hne eines heranwachsenden Welpen entwickelt. Ein Puppy Kong besteht aus einer einzigartigen, vollst\u00e4ndig nat\u00fcrlichen Gummiformel und hilft dabei, das richtige Kauverhalten zu erlernen. Ein ausgestopfter Puppy Kong sorgt f\u00fcr Unterhaltung bei Welpen, w\u00e4hrend die unregelm\u00e4\u00dfige H\u00fcpfbewegung ihn ideal f\u00fcr Welpen macht, die einfach nur damit spielen m\u00f6chten. M\u00f6chten Sie das T\u00f6pfchentraining erleichtern oder die Spielzeit verl\u00e4ngern? F\u00fcllen Sie das Spielzeug unbedingt mit Welpenst\u00fccken und einem Schuss Erdnussbutter.","_de_post_name":"kong-welpe-rosa-l","_de_post_excerpt":"","_de_post_title":"Kong Welpe | Rosa | Gr\u00f6\u00dfe L (13-30 kg)","_fr_post_content":"Le jouet pour chien Kong Puppy est sp\u00e9cialement d\u00e9velopp\u00e9 pour les 28 dents de lait d'un chiot en pleine croissance. Un Puppy Kong se compose d'une formule de caoutchouc unique et enti\u00e8rement naturelle et aide \u00e0 enseigner un comportement de mastication correct. Un Puppy Kong en peluche divertit les chiots, tandis que son rebond irr\u00e9gulier le rend id\u00e9al pour les chiots qui veulent juste jouer avec. Voulez-vous faciliter l\u2019apprentissage de la propret\u00e9 ou prolonger la dur\u00e9e de jeu ? Assurez-vous de remplir le jouet de morceaux de chiot et d'un filet de beurre de cacahu\u00e8te.","_fr_post_name":"kong-chiot-rose-l","_fr_post_excerpt":"","_fr_post_title":"Kong Chiot | Rose | Taille L (13-30 kg)","_es_post_content":"El juguete para perros Kong Puppy est\u00e1 especialmente desarrollado para los 28 dientes de leche de un cachorro en crecimiento. Un Puppy Kong consta de una f\u00f3rmula de caucho \u00fanica y completamente natural y ayuda a ense\u00f1ar un comportamiento de masticaci\u00f3n correcto. Un Puppy Kong de peluche mantiene a los cachorros entretenidos, mientras que su rebote err\u00e1tico lo hace ideal para los cachorros que solo quieren jugar con \u00e9l. \u00bfQuieres facilitar el aprendizaje para ir al ba\u00f1o o ampliar el tiempo de juego? Aseg\u00farate de llenar el juguete con trozos de cachorro y un chorrito de mantequilla de man\u00ed.","_es_post_name":"kong-cachorro-rosa-l","_es_post_excerpt":"","_es_post_title":"Kong Cachorro | Rosa | Talla L (13-30 kg)","edit_language":"nl"},"product_brand":[],"product_cat":[2012,1861,1117,1865,2172,1857],"product_tag":[],"class_list":{"0":"post-120401","1":"product","2":"type-product","3":"status-publish","4":"has-post-thumbnail","6":"product_cat-acties","7":"product_cat-benodigdheden","8":"product_cat-honden","9":"product_cat-hondenspeelgoed","10":"product_cat-kong","11":"product_cat-merken","12":"pa_aandoening-overig","13":"pa_doeldier-hond","14":"pa_doeldier-puppy","15":"pa_fabricatieland-usa","16":"pa_grootverpakking-vanree","17":"pa_merkfilter-kong","18":"pa_merkgroep-kong","19":"pa_productsoort-overig","20":"pa_toedieningswijze-speelgoed","21":"pa_unit_pricing_base_measure-1ct","22":"pa_unit_pricing_measure-1ct","23":"pa_werkzamestof-overig","25":"first","26":"outofstock","27":"sale","28":"taxable","29":"shipping-taxable","30":"purchasable","31":"product-type-simple"},"yoast_head":"<!-- This site is optimized with the Yoast SEO plugin v27.5 - https:\/\/yoast.com\/product\/yoast-seo-wordpress\/ -->\n<title>Kong Puppy | Roze | Maat L (13-30 kg) - Pharmacy4pets<\/title>\n<meta name=\"robots\" content=\"index, follow, max-snippet:-1, max-image-preview:large, max-video-preview:-1\" \/>\n<link rel=\"canonical\" href=\"https:\/\/www.pharmacy4pets.nl\/kong-puppy-roze-l\" \/>\n<meta property=\"og:locale\" content=\"nl_NL\" \/>\n<meta property=\"og:type\" content=\"article\" \/>\n<meta property=\"og:title\" content=\"Kong Puppy | Roze | Maat L (13-30 kg) - Pharmacy4pets\" \/>\n<meta property=\"og:description\" content=\"Kong Puppy hondenspeeltje is speciaal ontwikkeld voor de 28-babytanden van een groeiende puppy. Een Puppy Kong bestaat uit een unieke, volledig natuurlijke rubberformule en helpt bij het leren van het juiste kauwgedrag. Een gevulde Puppy Kong houdt puppy\u2019s goed bezig, terwijl de grillige stuitering het ideaal maakt voor pups die er gewoon mee willen spelen. [&hellip;]\" \/>\n<meta property=\"og:url\" content=\"https:\/\/www.pharmacy4pets.nl\/kong-puppy-roze-l\" \/>\n<meta property=\"og:site_name\" content=\"Pharmacy4pets\" \/>\n<meta property=\"article:publisher\" content=\"https:\/\/www.facebook.com\/people\/Pharmacy4petsnl\/100063484989896\/\" \/>\n<meta property=\"article:modified_time\" content=\"2026-03-25T12:05:54+00:00\" \/>\n<meta property=\"og:image\" content=\"https:\/\/www.pharmacy4pets.nl\/wp-content\/uploads\/2023\/11\/KP4PI_OFF_PK_4.png\" \/>\n\t<meta property=\"og:image:width\" content=\"858\" \/>\n\t<meta property=\"og:image:height\" content=\"1000\" \/>\n\t<meta property=\"og:image:type\" content=\"image\/png\" \/>\n<meta name=\"twitter:card\" content=\"summary_large_image\" \/>\n<script type=\"application\/ld+json\" class=\"yoast-schema-graph\">{\"@context\":\"https:\\\/\\\/schema.org\",\"@graph\":[{\"@type\":\"WebPage\",\"@id\":\"https:\\\/\\\/www.pharmacy4pets.nl\\\/kong-puppy-roze-l\",\"url\":\"https:\\\/\\\/www.pharmacy4pets.nl\\\/kong-puppy-roze-l\",\"name\":\"Kong Puppy | Roze | Maat L (13-30 kg) - Pharmacy4pets\",\"isPartOf\":{\"@id\":\"http:\\\/\\\/www.pharmacy4pets.nl\\\/#website\"},\"primaryImageOfPage\":{\"@id\":\"https:\\\/\\\/www.pharmacy4pets.nl\\\/kong-puppy-roze-l#primaryimage\"},\"image\":{\"@id\":\"https:\\\/\\\/www.pharmacy4pets.nl\\\/kong-puppy-roze-l#primaryimage\"},\"thumbnailUrl\":\"https:\\\/\\\/www.pharmacy4pets.nl\\\/wp-content\\\/uploads\\\/2023\\\/11\\\/KP4PI_OFF_PK_4.png\",\"datePublished\":\"2023-11-07T17:05:22+00:00\",\"dateModified\":\"2026-03-25T12:05:54+00:00\",\"breadcrumb\":{\"@id\":\"https:\\\/\\\/www.pharmacy4pets.nl\\\/kong-puppy-roze-l#breadcrumb\"},\"inLanguage\":\"nl-NL\",\"potentialAction\":[{\"@type\":\"ReadAction\",\"target\":[\"https:\\\/\\\/www.pharmacy4pets.nl\\\/kong-puppy-roze-l\"]}]},{\"@type\":\"ImageObject\",\"inLanguage\":\"nl-NL\",\"@id\":\"https:\\\/\\\/www.pharmacy4pets.nl\\\/kong-puppy-roze-l#primaryimage\",\"url\":\"https:\\\/\\\/www.pharmacy4pets.nl\\\/wp-content\\\/uploads\\\/2023\\\/11\\\/KP4PI_OFF_PK_4.png\",\"contentUrl\":\"https:\\\/\\\/www.pharmacy4pets.nl\\\/wp-content\\\/uploads\\\/2023\\\/11\\\/KP4PI_OFF_PK_4.png\",\"width\":858,\"height\":1000,\"caption\":\"Kong Puppy\"},{\"@type\":\"BreadcrumbList\",\"@id\":\"https:\\\/\\\/www.pharmacy4pets.nl\\\/kong-puppy-roze-l#breadcrumb\",\"itemListElement\":[{\"@type\":\"ListItem\",\"position\":1,\"name\":\"Home\",\"item\":\"https:\\\/\\\/p4p-nl.bootmine.com\\\/\"},{\"@type\":\"ListItem\",\"position\":2,\"name\":\"Winkel\",\"item\":\"https:\\\/\\\/p4p-nl.bootmine.com\\\/winkel\"},{\"@type\":\"ListItem\",\"position\":3,\"name\":\"Kong Puppy | Roze | Maat L (13-30 kg)\"}]},{\"@type\":\"WebSite\",\"@id\":\"http:\\\/\\\/www.pharmacy4pets.nl\\\/#website\",\"url\":\"http:\\\/\\\/www.pharmacy4pets.nl\\\/\",\"name\":\"Pharmacy4pets\",\"description\":\"Pharmacy4pets.nl is d\u00e9 online apotheek waar u terecht kunt voor alle diergeneesmiddelen, verzorgingsproducten en dieetvoeding voor uw huisdier.\",\"publisher\":{\"@id\":\"http:\\\/\\\/www.pharmacy4pets.nl\\\/#organization\"},\"potentialAction\":[{\"@type\":\"SearchAction\",\"target\":{\"@type\":\"EntryPoint\",\"urlTemplate\":\"http:\\\/\\\/www.pharmacy4pets.nl\\\/?s={search_term_string}\"},\"query-input\":{\"@type\":\"PropertyValueSpecification\",\"valueRequired\":true,\"valueName\":\"search_term_string\"}}],\"inLanguage\":\"nl-NL\"},{\"@type\":\"Organization\",\"@id\":\"http:\\\/\\\/www.pharmacy4pets.nl\\\/#organization\",\"name\":\"Pharmacy4pets\",\"url\":\"http:\\\/\\\/www.pharmacy4pets.nl\\\/\",\"logo\":{\"@type\":\"ImageObject\",\"inLanguage\":\"nl-NL\",\"@id\":\"http:\\\/\\\/www.pharmacy4pets.nl\\\/#\\\/schema\\\/logo\\\/image\\\/\",\"url\":\"https:\\\/\\\/p4p-nl.bootmine.com\\\/wp-content\\\/uploads\\\/2026\\\/03\\\/logo-pharmacy4pets.png\",\"contentUrl\":\"https:\\\/\\\/p4p-nl.bootmine.com\\\/wp-content\\\/uploads\\\/2026\\\/03\\\/logo-pharmacy4pets.png\",\"width\":1024,\"height\":135,\"caption\":\"Pharmacy4pets\"},\"image\":{\"@id\":\"http:\\\/\\\/www.pharmacy4pets.nl\\\/#\\\/schema\\\/logo\\\/image\\\/\"},\"sameAs\":[\"https:\\\/\\\/www.facebook.com\\\/people\\\/Pharmacy4petsnl\\\/100063484989896\\\/\",\"https:\\\/\\\/www.youtube.com\\\/channel\\\/UCGPTIgucgli03tP2_kvLkHg\\\/featured\",\"https:\\\/\\\/www.instagram.com\\\/pharmacy4pets.nl\"]}]}<\/script>\n<!-- \/ Yoast SEO plugin. -->","yoast_head_json":{"title":"Kong Puppy | Roze | Maat L (13-30 kg) - Pharmacy4pets","robots":{"index":"index","follow":"follow","max-snippet":"max-snippet:-1","max-image-preview":"max-image-preview:large","max-video-preview":"max-video-preview:-1"},"canonical":"https:\/\/www.pharmacy4pets.nl\/kong-puppy-roze-l","og_locale":"nl_NL","og_type":"article","og_title":"Kong Puppy | Roze | Maat L (13-30 kg) - Pharmacy4pets","og_description":"Kong Puppy hondenspeeltje is speciaal ontwikkeld voor de 28-babytanden van een groeiende puppy. Een Puppy Kong bestaat uit een unieke, volledig natuurlijke rubberformule en helpt bij het leren van het juiste kauwgedrag. Een gevulde Puppy Kong houdt puppy\u2019s goed bezig, terwijl de grillige stuitering het ideaal maakt voor pups die er gewoon mee willen spelen. [&hellip;]","og_url":"https:\/\/www.pharmacy4pets.nl\/kong-puppy-roze-l","og_site_name":"Pharmacy4pets","article_publisher":"https:\/\/www.facebook.com\/people\/Pharmacy4petsnl\/100063484989896\/","article_modified_time":"2026-03-25T12:05:54+00:00","og_image":[{"width":858,"height":1000,"url":"https:\/\/www.pharmacy4pets.nl\/wp-content\/uploads\/2023\/11\/KP4PI_OFF_PK_4.png","type":"image\/png"}],"twitter_card":"summary_large_image","schema":{"@context":"https:\/\/schema.org","@graph":[{"@type":"WebPage","@id":"https:\/\/www.pharmacy4pets.nl\/kong-puppy-roze-l","url":"https:\/\/www.pharmacy4pets.nl\/kong-puppy-roze-l","name":"Kong Puppy | Roze | Maat L (13-30 kg) - Pharmacy4pets","isPartOf":{"@id":"http:\/\/www.pharmacy4pets.nl\/#website"},"primaryImageOfPage":{"@id":"https:\/\/www.pharmacy4pets.nl\/kong-puppy-roze-l#primaryimage"},"image":{"@id":"https:\/\/www.pharmacy4pets.nl\/kong-puppy-roze-l#primaryimage"},"thumbnailUrl":"https:\/\/www.pharmacy4pets.nl\/wp-content\/uploads\/2023\/11\/KP4PI_OFF_PK_4.png","datePublished":"2023-11-07T17:05:22+00:00","dateModified":"2026-03-25T12:05:54+00:00","breadcrumb":{"@id":"https:\/\/www.pharmacy4pets.nl\/kong-puppy-roze-l#breadcrumb"},"inLanguage":"nl-NL","potentialAction":[{"@type":"ReadAction","target":["https:\/\/www.pharmacy4pets.nl\/kong-puppy-roze-l"]}]},{"@type":"ImageObject","inLanguage":"nl-NL","@id":"https:\/\/www.pharmacy4pets.nl\/kong-puppy-roze-l#primaryimage","url":"https:\/\/www.pharmacy4pets.nl\/wp-content\/uploads\/2023\/11\/KP4PI_OFF_PK_4.png","contentUrl":"https:\/\/www.pharmacy4pets.nl\/wp-content\/uploads\/2023\/11\/KP4PI_OFF_PK_4.png","width":858,"height":1000,"caption":"Kong Puppy"},{"@type":"BreadcrumbList","@id":"https:\/\/www.pharmacy4pets.nl\/kong-puppy-roze-l#breadcrumb","itemListElement":[{"@type":"ListItem","position":1,"name":"Home","item":"https:\/\/p4p-nl.bootmine.com\/"},{"@type":"ListItem","position":2,"name":"Winkel","item":"https:\/\/p4p-nl.bootmine.com\/winkel"},{"@type":"ListItem","position":3,"name":"Kong Puppy | Roze | Maat L (13-30 kg)"}]},{"@type":"WebSite","@id":"http:\/\/www.pharmacy4pets.nl\/#website","url":"http:\/\/www.pharmacy4pets.nl\/","name":"Pharmacy4pets","description":"Pharmacy4pets.nl is d\u00e9 online apotheek waar u terecht kunt voor alle diergeneesmiddelen, verzorgingsproducten en dieetvoeding voor uw huisdier.","publisher":{"@id":"http:\/\/www.pharmacy4pets.nl\/#organization"},"potentialAction":[{"@type":"SearchAction","target":{"@type":"EntryPoint","urlTemplate":"http:\/\/www.pharmacy4pets.nl\/?s={search_term_string}"},"query-input":{"@type":"PropertyValueSpecification","valueRequired":true,"valueName":"search_term_string"}}],"inLanguage":"nl-NL"},{"@type":"Organization","@id":"http:\/\/www.pharmacy4pets.nl\/#organization","name":"Pharmacy4pets","url":"http:\/\/www.pharmacy4pets.nl\/","logo":{"@type":"ImageObject","inLanguage":"nl-NL","@id":"http:\/\/www.pharmacy4pets.nl\/#\/schema\/logo\/image\/","url":"https:\/\/p4p-nl.bootmine.com\/wp-content\/uploads\/2026\/03\/logo-pharmacy4pets.png","contentUrl":"https:\/\/p4p-nl.bootmine.com\/wp-content\/uploads\/2026\/03\/logo-pharmacy4pets.png","width":1024,"height":135,"caption":"Pharmacy4pets"},"image":{"@id":"http:\/\/www.pharmacy4pets.nl\/#\/schema\/logo\/image\/"},"sameAs":["https:\/\/www.facebook.com\/people\/Pharmacy4petsnl\/100063484989896\/","https:\/\/www.youtube.com\/channel\/UCGPTIgucgli03tP2_kvLkHg\/featured","https:\/\/www.instagram.com\/pharmacy4pets.nl"]}]}},"market_data":{"nl":{"price":0,"sale_price":0,"active":false,"url":null,"parent_url":"","tax_rate":0,"price_inc_tax":0,"sale_price_inc_tax":0},"de":{"price":0,"sale_price":0,"active":false,"url":null,"parent_url":"","tax_rate":0,"price_inc_tax":0,"sale_price_inc_tax":0},"be":{"price":0,"sale_price":0,"active":false,"url":null,"parent_url":"","tax_rate":0,"price_inc_tax":0,"sale_price_inc_tax":0},"fr":{"price":0,"sale_price":0,"active":false,"url":null,"parent_url":"","tax_rate":0,"price_inc_tax":0,"sale_price_inc_tax":0},"ch":{"price":0,"sale_price":0,"active":false,"url":null,"parent_url":"","tax_rate":0,"price_inc_tax":0,"sale_price_inc_tax":0},"at":{"price":0,"sale_price":0,"active":false,"url":null,"parent_url":"","tax_rate":0,"price_inc_tax":0,"sale_price_inc_tax":0},"es":{"price":0,"sale_price":0,"active":false,"url":null,"parent_url":"","tax_rate":0,"price_inc_tax":0,"sale_price_inc_tax":0},"dk":{"price":0,"sale_price":0,"active":false,"url":null,"parent_url":"","tax_rate":0,"price_inc_tax":0,"sale_price_inc_tax":0},"com":{"price":0,"sale_price":0,"active":false,"url":null,"parent_url":"","tax_rate":0,"price_inc_tax":0,"sale_price_inc_tax":0}},"market_nl_price":0,"market_nl_sale_price":0,"market_nl_active":false,"market_nl_url":null,"market_nl_parent_url":"","market_nl_tax_rate":0,"market_nl_price_inc_tax":0,"market_nl_sale_price_inc_tax":0,"market_de_price":0,"market_de_sale_price":0,"market_de_active":false,"market_de_url":null,"market_de_parent_url":"","market_de_tax_rate":0,"market_de_price_inc_tax":0,"market_de_sale_price_inc_tax":0,"market_be_price":0,"market_be_sale_price":0,"market_be_active":false,"market_be_url":null,"market_be_parent_url":"","market_be_tax_rate":0,"market_be_price_inc_tax":0,"market_be_sale_price_inc_tax":0,"market_fr_price":0,"market_fr_sale_price":0,"market_fr_active":false,"market_fr_url":null,"market_fr_parent_url":"","market_fr_tax_rate":0,"market_fr_price_inc_tax":0,"market_fr_sale_price_inc_tax":0,"market_ch_price":0,"market_ch_sale_price":0,"market_ch_active":false,"market_ch_url":null,"market_ch_parent_url":"","market_ch_tax_rate":0,"market_ch_price_inc_tax":0,"market_ch_sale_price_inc_tax":0,"market_at_price":0,"market_at_sale_price":0,"market_at_active":false,"market_at_url":null,"market_at_parent_url":"","market_at_tax_rate":0,"market_at_price_inc_tax":0,"market_at_sale_price_inc_tax":0,"market_es_price":0,"market_es_sale_price":0,"market_es_active":false,"market_es_url":null,"market_es_parent_url":"","market_es_tax_rate":0,"market_es_price_inc_tax":0,"market_es_sale_price_inc_tax":0,"market_dk_price":0,"market_dk_sale_price":0,"market_dk_active":false,"market_dk_url":null,"market_dk_parent_url":"","market_dk_tax_rate":0,"market_dk_price_inc_tax":0,"market_dk_sale_price_inc_tax":0,"market_com_price":0,"market_com_sale_price":0,"market_com_active":false,"market_com_url":null,"market_com_parent_url":"","market_com_tax_rate":0,"market_com_price_inc_tax":0,"market_com_sale_price_inc_tax":0,"acf":[],"_links":{"self":[{"href":"https:\/\/www.pharmacy4pets.nl\/be\/wp-json\/wp\/v2\/product\/120401","targetHints":{"allow":["GET"]}}],"collection":[{"href":"https:\/\/www.pharmacy4pets.nl\/be\/wp-json\/wp\/v2\/product"}],"about":[{"href":"https:\/\/www.pharmacy4pets.nl\/be\/wp-json\/wp\/v2\/types\/product"}],"replies":[{"embeddable":true,"href":"https:\/\/www.pharmacy4pets.nl\/be\/wp-json\/wp\/v2\/comments?post=120401"}],"wp:featuredmedia":[{"embeddable":true,"href":"https:\/\/www.pharmacy4pets.nl\/be\/wp-json\/wp\/v2\/media\/120399"}],"wp:attachment":[{"href":"https:\/\/www.pharmacy4pets.nl\/be\/wp-json\/wp\/v2\/media?parent=120401"}],"wp:term":[{"taxonomy":"product_brand","embeddable":true,"href":"https:\/\/www.pharmacy4pets.nl\/be\/wp-json\/wp\/v2\/product_brand?post=120401"},{"taxonomy":"product_cat","embeddable":true,"href":"https:\/\/www.pharmacy4pets.nl\/be\/wp-json\/wp\/v2\/product_cat?post=120401"},{"taxonomy":"product_tag","embeddable":true,"href":"https:\/\/www.pharmacy4pets.nl\/be\/wp-json\/wp\/v2\/product_tag?post=120401"}],"curies":[{"name":"wp","href":"https:\/\/api.w.org\/{rel}","templated":true}]}}