{"id":120351,"date":"2023-09-04T16:06:31","date_gmt":"2023-09-04T16:06:31","guid":{"rendered":"https:\/\/p4p.test\/sanimed-skin-sensitive-worst-honden"},"modified":"2026-03-25T12:05:43","modified_gmt":"2026-03-25T12:05:43","slug":"sanimed-skin-sensitive-worst-honden","status":"publish","type":"product","link":"https:\/\/www.pharmacy4pets.nl\/be\/sanimed-skin-sensitive-worst-honden","title":{"rendered":"Sanimed Skin\/Sensitive Worst | Hond"},"content":{"rendered":"<p>Sanimed Atopy\/Sensitive voor de hond, nu bekend onder de nieuwe productnaam Sanimed Skin\/Sensitive, is een dieetvoeding ter vermindering van intoleranties voor bepaalde ingredi&euml;nten en\/of voedingstoffen en ter ondersteuning van de huidfunctie bij huidaandoening en overmatig haaruitval.<\/p>\n<p>Sanimed Skin\/Sensitive:<br \/>&bull; draagt bij aan een gezonde huid en een gezond spijsverteringssyteem<br \/>&bull; stimuleert een gezonde huid en vacht bij intolerantieverschijnselen<br \/>&bull; vermindert voedselintoleranties en bevat gehydrolyseerde dierlijke eiwitten<\/p>\n","protected":false},"excerpt":{"rendered":"<p>Sanimed Atopy\/Sensitive voor de hond, nu bekend onder de nieuwe productnaam Sanimed Skin\/Sensitive, is een dieetvoeding ter vermindering van intoleranties voor bepaalde ingredi&euml;nten en\/of voedingstoffen en ter ondersteuning van de huidfunctie bij huidaandoening en overmatig haaruitval. Sanimed Skin\/Sensitive:&bull; draagt bij aan een gezonde huid en een gezond spijsverteringssyteem&bull; stimuleert een gezonde huid en vacht bij [&hellip;]<\/p>\n","protected":false},"featured_media":120350,"comment_status":"open","ping_status":"closed","template":"","meta":{"_acf_changed":false,"_nl_post_content":"<p>Sanimed Atopy\/Sensitive voor de hond, nu bekend onder de nieuwe productnaam Sanimed Skin\/Sensitive, is een dieetvoeding ter vermindering van intoleranties voor bepaalde ingredi&euml;nten en\/of voedingstoffen en ter ondersteuning van de huidfunctie bij huidaandoening en overmatig haaruitval.<br \/><br \/>Sanimed Skin\/Sensitive:<br \/>&bull; draagt bij aan een gezonde huid en een gezond spijsverteringssyteem<br \/>&bull; stimuleert een gezonde huid en vacht bij intolerantieverschijnselen<br \/>&bull; vermindert voedselintoleranties en bevat gehydrolyseerde dierlijke eiwitten<\/p>","_nl_post_name":"sanimed-skin-sensitive-worst-honden","_nl_post_excerpt":"","_nl_post_title":"Sanimed Skin\/Sensitive Worst | Hond","_en_post_content":"<p>Sanimed Atopy\/Sensitive dog food, now known as the new product name Sanimed Skin\/Sensitive, is a dietary food to reduce intolerances to certain ingredients and \/ or nutrients and to support skin function in case of skin disease and excessive hair loss.<br \/><br \/>Sanimed Skin\/Sensitive:<br \/>&bull; contributes to healthy skin and a healthy digestive system<br \/>&bull; stimulates healthy skin and coat with intolerance symptoms<br \/>&bull; reduces food intolerances and contains hydrolysed animal proteins<\/p>","_en_post_name":"sanimed-skin-sensitive-sausage-dogs","_en_post_excerpt":"","_en_post_title":"Sanimed Skin\/Sensitive Sausage | Dog","_de_post_content":"<p>Sanimed Atopy\/Sensitive Hundefutter, jetzt bekannt unter dem neuen Produktnamen Sanimed Skin\/Sensitive, ist ein di&auml;tetisches Futtermittel zur Verringerung von Unvertr&auml;glichkeiten bestimmter Inhaltsstoffe und\/oder N&auml;hrstoffe sowie zur Unterst&uuml;tzung der Hautfunktion bei Hauterkrankungen und &uuml;berm&auml;&szlig;igem Haarausfall.<br \/><br \/>Sanimed Skin\/Sensitive:<br \/>&bull; tr&auml;gt zu einer gesunden Haut und einem gesunden Verdauungssystem bei<br \/>&bull; stimuliert gesunde Haut und Fell mit Intoleranzsymptomen<br \/>&bull; reduziert Nahrungsmittelunvertr&auml;glichkeiten und enth&auml;lt hydrolysierte tierische Proteine<\/p>","_de_post_name":"sanimed-skin-sensitive-wurst-hunde","_de_post_excerpt":"","_de_post_title":"Sanimed Skin\/Sensitive Wurst | Hund","_fr_post_content":"<p>Sanimed Atopy\/Sensitive pour chiens, d\u00e9sormais connu sous le nouveau nom Sanimed Skin\/Sensitive, est un aliment di\u00e9t\u00e9tique destin\u00e9 \u00e0 r\u00e9duire les intol\u00e9rances \u00e0 certains ingr\u00e9dients et\/ou nutriments et \u00e0 soutenir la fonction cutan\u00e9e en cas de maladie de la peau et de perte excessive de poils.<\/p>\r\n<p>Sanimed Peau\/Sensible :<br \/>- contribue \u00e0 une peau saine et \u00e0 un syst\u00e8me digestif sain<br \/>- stimule une peau et un pelage sains en cas de sympt\u00f4mes d'intol\u00e9rance<br \/>- r\u00e9duit les intol\u00e9rances alimentaires et contient des prot\u00e9ines animales hydrolys\u00e9es<\/p>\r\n","_fr_post_name":"sanimed-skin-sensitive-saucisse-chiens","_fr_post_excerpt":"","_fr_post_title":"Sanimed Skin\/Sensitive Saucisse | Chien","_es_post_content":"<p>Sanimed Atopy\/Sensitive para perros, ahora conocido con el nuevo nombre de producto Sanimed Skin\/Sensitive, es un alimento diet\u00e9tico para reducir las intolerancias a ciertos ingredientes y\/o nutrientes y para apoyar la funci\u00f3n de la piel en caso de enfermedades de la piel y p\u00e9rdida excesiva de cabello. <br \/><br \/>Piel sanimizada\/sensible:<br \/>&bull; contribuye a una piel sana y un sistema digestivo sano<br \/>&bull; estimula una piel y un pelaje sanos en caso de s\u00edntomas de intolerancia<br \/>&bull; reduce las intolerancias alimentarias y contiene prote\u00ednas animales hidrolizadas<\/p>","_es_post_name":"sanimed-skin-sensitive-salchicha-perros","_es_post_excerpt":"","_es_post_title":"Sanimed Skin\/Sensitive Salchicha | Perro","edit_language":"nl"},"product_brand":[],"product_cat":[1858,1117,1856,2350,1857,1951],"product_tag":[],"class_list":{"0":"post-120351","1":"product","2":"type-product","3":"status-publish","4":"has-post-thumbnail","6":"product_cat-dieetvoer","7":"product_cat-honden","8":"product_cat-hondenvoer","9":"product_cat-hypoallergeen-hondenvoer","10":"product_cat-merken","11":"product_cat-sanimed","12":"pa_aandoening-haaruitval","13":"pa_doeldier-hond","14":"pa_fabricatieland-nederland","15":"pa_levensfase-senior","16":"pa_levensfase-volwassen","17":"pa_merkfilter-sanimed","18":"pa_merkgroep-vobra","19":"pa_product_conditions-sanimed_popup","20":"pa_productsoort-voeding","21":"pa_seo_canonical_store_id-not_found_value","22":"pa_seo_category-not_found_value","23":"pa_seo_meta_robots-not_found_value","24":"pa_toedieningswijze-natvoer","25":"pa_werkzamestof-overig","27":"first","28":"instock","29":"taxable","30":"shipping-taxable","31":"product-type-grouped"},"yoast_head":"<!-- This site is optimized with the Yoast SEO plugin v27.5 - https:\/\/yoast.com\/product\/yoast-seo-wordpress\/ -->\n<title>Sanimed Skin\/Sensitive Worst | Hond - Pharmacy4pets<\/title>\n<meta name=\"robots\" content=\"index, follow, max-snippet:-1, max-image-preview:large, max-video-preview:-1\" \/>\n<link rel=\"canonical\" href=\"https:\/\/p4p-nl.bootmine.com\/%product-slug%\/sanimed-skin-sensitive-worst-honden\" \/>\n<meta property=\"og:locale\" content=\"nl_NL\" \/>\n<meta property=\"og:type\" content=\"article\" \/>\n<meta property=\"og:title\" content=\"Sanimed Skin\/Sensitive Worst | Hond - Pharmacy4pets\" \/>\n<meta property=\"og:description\" content=\"Sanimed Atopy\/Sensitive voor de hond, nu bekend onder de nieuwe productnaam Sanimed Skin\/Sensitive, is een dieetvoeding ter vermindering van intoleranties voor bepaalde ingredi&euml;nten en\/of voedingstoffen en ter ondersteuning van de huidfunctie bij huidaandoening en overmatig haaruitval. Sanimed Skin\/Sensitive:&bull; draagt bij aan een gezonde huid en een gezond spijsverteringssyteem&bull; stimuleert een gezonde huid en vacht bij [&hellip;]\" \/>\n<meta property=\"og:url\" content=\"https:\/\/p4p-nl.bootmine.com\/%product-slug%\/sanimed-skin-sensitive-worst-honden\" \/>\n<meta property=\"og:site_name\" content=\"Pharmacy4pets\" \/>\n<meta property=\"article:publisher\" content=\"https:\/\/www.facebook.com\/people\/Pharmacy4petsnl\/100063484989896\/\" \/>\n<meta property=\"article:modified_time\" content=\"2026-03-25T12:05:43+00:00\" \/>\n<meta property=\"og:image\" content=\"https:\/\/p4p-nl.bootmine.com\/wp-content\/uploads\/2023\/09\/19309_2.jpg\" \/>\n\t<meta property=\"og:image:width\" content=\"700\" \/>\n\t<meta property=\"og:image:height\" content=\"700\" \/>\n\t<meta property=\"og:image:type\" content=\"image\/jpeg\" \/>\n<meta name=\"twitter:card\" content=\"summary_large_image\" \/>\n<script type=\"application\/ld+json\" class=\"yoast-schema-graph\">{\"@context\":\"https:\\\/\\\/schema.org\",\"@graph\":[{\"@type\":\"WebPage\",\"@id\":\"https:\\\/\\\/p4p-nl.bootmine.com\\\/%product-slug%\\\/sanimed-skin-sensitive-worst-honden\",\"url\":\"https:\\\/\\\/p4p-nl.bootmine.com\\\/%product-slug%\\\/sanimed-skin-sensitive-worst-honden\",\"name\":\"Sanimed Skin\\\/Sensitive Worst | Hond - Pharmacy4pets\",\"isPartOf\":{\"@id\":\"http:\\\/\\\/www.pharmacy4pets.nl\\\/#website\"},\"primaryImageOfPage\":{\"@id\":\"https:\\\/\\\/p4p-nl.bootmine.com\\\/%product-slug%\\\/sanimed-skin-sensitive-worst-honden#primaryimage\"},\"image\":{\"@id\":\"https:\\\/\\\/p4p-nl.bootmine.com\\\/%product-slug%\\\/sanimed-skin-sensitive-worst-honden#primaryimage\"},\"thumbnailUrl\":\"https:\\\/\\\/www.pharmacy4pets.nl\\\/wp-content\\\/uploads\\\/2023\\\/09\\\/19309_2.jpg\",\"datePublished\":\"2023-09-04T16:06:31+00:00\",\"dateModified\":\"2026-03-25T12:05:43+00:00\",\"breadcrumb\":{\"@id\":\"https:\\\/\\\/p4p-nl.bootmine.com\\\/%product-slug%\\\/sanimed-skin-sensitive-worst-honden#breadcrumb\"},\"inLanguage\":\"nl-NL\",\"potentialAction\":[{\"@type\":\"ReadAction\",\"target\":[\"https:\\\/\\\/p4p-nl.bootmine.com\\\/%product-slug%\\\/sanimed-skin-sensitive-worst-honden\"]}]},{\"@type\":\"ImageObject\",\"inLanguage\":\"nl-NL\",\"@id\":\"https:\\\/\\\/p4p-nl.bootmine.com\\\/%product-slug%\\\/sanimed-skin-sensitive-worst-honden#primaryimage\",\"url\":\"https:\\\/\\\/www.pharmacy4pets.nl\\\/wp-content\\\/uploads\\\/2023\\\/09\\\/19309_2.jpg\",\"contentUrl\":\"https:\\\/\\\/www.pharmacy4pets.nl\\\/wp-content\\\/uploads\\\/2023\\\/09\\\/19309_2.jpg\",\"width\":700,\"height\":700,\"caption\":\"Sanimed Skin\\\/Sensitive\"},{\"@type\":\"BreadcrumbList\",\"@id\":\"https:\\\/\\\/p4p-nl.bootmine.com\\\/%product-slug%\\\/sanimed-skin-sensitive-worst-honden#breadcrumb\",\"itemListElement\":[{\"@type\":\"ListItem\",\"position\":1,\"name\":\"Home\",\"item\":\"https:\\\/\\\/p4p-nl.bootmine.com\\\/\"},{\"@type\":\"ListItem\",\"position\":2,\"name\":\"Winkel\",\"item\":\"https:\\\/\\\/p4p-nl.bootmine.com\\\/winkel\"},{\"@type\":\"ListItem\",\"position\":3,\"name\":\"Sanimed Skin\\\/Sensitive Worst | Hond\"}]},{\"@type\":\"WebSite\",\"@id\":\"http:\\\/\\\/www.pharmacy4pets.nl\\\/#website\",\"url\":\"http:\\\/\\\/www.pharmacy4pets.nl\\\/\",\"name\":\"Pharmacy4pets\",\"description\":\"Pharmacy4pets.nl is d\u00e9 online apotheek waar u terecht kunt voor alle diergeneesmiddelen, verzorgingsproducten en dieetvoeding voor uw huisdier.\",\"publisher\":{\"@id\":\"http:\\\/\\\/www.pharmacy4pets.nl\\\/#organization\"},\"potentialAction\":[{\"@type\":\"SearchAction\",\"target\":{\"@type\":\"EntryPoint\",\"urlTemplate\":\"http:\\\/\\\/www.pharmacy4pets.nl\\\/?s={search_term_string}\"},\"query-input\":{\"@type\":\"PropertyValueSpecification\",\"valueRequired\":true,\"valueName\":\"search_term_string\"}}],\"inLanguage\":\"nl-NL\"},{\"@type\":\"Organization\",\"@id\":\"http:\\\/\\\/www.pharmacy4pets.nl\\\/#organization\",\"name\":\"Pharmacy4pets\",\"url\":\"http:\\\/\\\/www.pharmacy4pets.nl\\\/\",\"logo\":{\"@type\":\"ImageObject\",\"inLanguage\":\"nl-NL\",\"@id\":\"http:\\\/\\\/www.pharmacy4pets.nl\\\/#\\\/schema\\\/logo\\\/image\\\/\",\"url\":\"https:\\\/\\\/p4p-nl.bootmine.com\\\/wp-content\\\/uploads\\\/2026\\\/03\\\/logo-pharmacy4pets.png\",\"contentUrl\":\"https:\\\/\\\/p4p-nl.bootmine.com\\\/wp-content\\\/uploads\\\/2026\\\/03\\\/logo-pharmacy4pets.png\",\"width\":1024,\"height\":135,\"caption\":\"Pharmacy4pets\"},\"image\":{\"@id\":\"http:\\\/\\\/www.pharmacy4pets.nl\\\/#\\\/schema\\\/logo\\\/image\\\/\"},\"sameAs\":[\"https:\\\/\\\/www.facebook.com\\\/people\\\/Pharmacy4petsnl\\\/100063484989896\\\/\",\"https:\\\/\\\/www.youtube.com\\\/channel\\\/UCGPTIgucgli03tP2_kvLkHg\\\/featured\",\"https:\\\/\\\/www.instagram.com\\\/pharmacy4pets.nl\"]}]}<\/script>\n<!-- \/ Yoast SEO plugin. -->","yoast_head_json":{"title":"Sanimed Skin\/Sensitive Worst | Hond - Pharmacy4pets","robots":{"index":"index","follow":"follow","max-snippet":"max-snippet:-1","max-image-preview":"max-image-preview:large","max-video-preview":"max-video-preview:-1"},"canonical":"https:\/\/p4p-nl.bootmine.com\/%product-slug%\/sanimed-skin-sensitive-worst-honden","og_locale":"nl_NL","og_type":"article","og_title":"Sanimed Skin\/Sensitive Worst | Hond - Pharmacy4pets","og_description":"Sanimed Atopy\/Sensitive voor de hond, nu bekend onder de nieuwe productnaam Sanimed Skin\/Sensitive, is een dieetvoeding ter vermindering van intoleranties voor bepaalde ingredi&euml;nten en\/of voedingstoffen en ter ondersteuning van de huidfunctie bij huidaandoening en overmatig haaruitval. Sanimed Skin\/Sensitive:&bull; draagt bij aan een gezonde huid en een gezond spijsverteringssyteem&bull; stimuleert een gezonde huid en vacht bij [&hellip;]","og_url":"https:\/\/p4p-nl.bootmine.com\/%product-slug%\/sanimed-skin-sensitive-worst-honden","og_site_name":"Pharmacy4pets","article_publisher":"https:\/\/www.facebook.com\/people\/Pharmacy4petsnl\/100063484989896\/","article_modified_time":"2026-03-25T12:05:43+00:00","og_image":[{"width":700,"height":700,"url":"https:\/\/p4p-nl.bootmine.com\/wp-content\/uploads\/2023\/09\/19309_2.jpg","type":"image\/jpeg"}],"twitter_card":"summary_large_image","schema":{"@context":"https:\/\/schema.org","@graph":[{"@type":"WebPage","@id":"https:\/\/p4p-nl.bootmine.com\/%product-slug%\/sanimed-skin-sensitive-worst-honden","url":"https:\/\/p4p-nl.bootmine.com\/%product-slug%\/sanimed-skin-sensitive-worst-honden","name":"Sanimed Skin\/Sensitive Worst | Hond - Pharmacy4pets","isPartOf":{"@id":"http:\/\/www.pharmacy4pets.nl\/#website"},"primaryImageOfPage":{"@id":"https:\/\/p4p-nl.bootmine.com\/%product-slug%\/sanimed-skin-sensitive-worst-honden#primaryimage"},"image":{"@id":"https:\/\/p4p-nl.bootmine.com\/%product-slug%\/sanimed-skin-sensitive-worst-honden#primaryimage"},"thumbnailUrl":"https:\/\/www.pharmacy4pets.nl\/wp-content\/uploads\/2023\/09\/19309_2.jpg","datePublished":"2023-09-04T16:06:31+00:00","dateModified":"2026-03-25T12:05:43+00:00","breadcrumb":{"@id":"https:\/\/p4p-nl.bootmine.com\/%product-slug%\/sanimed-skin-sensitive-worst-honden#breadcrumb"},"inLanguage":"nl-NL","potentialAction":[{"@type":"ReadAction","target":["https:\/\/p4p-nl.bootmine.com\/%product-slug%\/sanimed-skin-sensitive-worst-honden"]}]},{"@type":"ImageObject","inLanguage":"nl-NL","@id":"https:\/\/p4p-nl.bootmine.com\/%product-slug%\/sanimed-skin-sensitive-worst-honden#primaryimage","url":"https:\/\/www.pharmacy4pets.nl\/wp-content\/uploads\/2023\/09\/19309_2.jpg","contentUrl":"https:\/\/www.pharmacy4pets.nl\/wp-content\/uploads\/2023\/09\/19309_2.jpg","width":700,"height":700,"caption":"Sanimed Skin\/Sensitive"},{"@type":"BreadcrumbList","@id":"https:\/\/p4p-nl.bootmine.com\/%product-slug%\/sanimed-skin-sensitive-worst-honden#breadcrumb","itemListElement":[{"@type":"ListItem","position":1,"name":"Home","item":"https:\/\/p4p-nl.bootmine.com\/"},{"@type":"ListItem","position":2,"name":"Winkel","item":"https:\/\/p4p-nl.bootmine.com\/winkel"},{"@type":"ListItem","position":3,"name":"Sanimed Skin\/Sensitive Worst | Hond"}]},{"@type":"WebSite","@id":"http:\/\/www.pharmacy4pets.nl\/#website","url":"http:\/\/www.pharmacy4pets.nl\/","name":"Pharmacy4pets","description":"Pharmacy4pets.nl is d\u00e9 online apotheek waar u terecht kunt voor alle diergeneesmiddelen, verzorgingsproducten en dieetvoeding voor uw huisdier.","publisher":{"@id":"http:\/\/www.pharmacy4pets.nl\/#organization"},"potentialAction":[{"@type":"SearchAction","target":{"@type":"EntryPoint","urlTemplate":"http:\/\/www.pharmacy4pets.nl\/?s={search_term_string}"},"query-input":{"@type":"PropertyValueSpecification","valueRequired":true,"valueName":"search_term_string"}}],"inLanguage":"nl-NL"},{"@type":"Organization","@id":"http:\/\/www.pharmacy4pets.nl\/#organization","name":"Pharmacy4pets","url":"http:\/\/www.pharmacy4pets.nl\/","logo":{"@type":"ImageObject","inLanguage":"nl-NL","@id":"http:\/\/www.pharmacy4pets.nl\/#\/schema\/logo\/image\/","url":"https:\/\/p4p-nl.bootmine.com\/wp-content\/uploads\/2026\/03\/logo-pharmacy4pets.png","contentUrl":"https:\/\/p4p-nl.bootmine.com\/wp-content\/uploads\/2026\/03\/logo-pharmacy4pets.png","width":1024,"height":135,"caption":"Pharmacy4pets"},"image":{"@id":"http:\/\/www.pharmacy4pets.nl\/#\/schema\/logo\/image\/"},"sameAs":["https:\/\/www.facebook.com\/people\/Pharmacy4petsnl\/100063484989896\/","https:\/\/www.youtube.com\/channel\/UCGPTIgucgli03tP2_kvLkHg\/featured","https:\/\/www.instagram.com\/pharmacy4pets.nl"]}]}},"market_data":{"nl":{"price":0,"sale_price":0,"active":false,"url":null,"parent_url":"","tax_rate":0,"price_inc_tax":0,"sale_price_inc_tax":0},"de":{"price":0,"sale_price":0,"active":false,"url":null,"parent_url":"","tax_rate":0,"price_inc_tax":0,"sale_price_inc_tax":0},"be":{"price":0,"sale_price":0,"active":false,"url":null,"parent_url":"","tax_rate":0,"price_inc_tax":0,"sale_price_inc_tax":0},"fr":{"price":0,"sale_price":0,"active":false,"url":null,"parent_url":"","tax_rate":0,"price_inc_tax":0,"sale_price_inc_tax":0},"ch":{"price":0,"sale_price":0,"active":false,"url":null,"parent_url":"","tax_rate":0,"price_inc_tax":0,"sale_price_inc_tax":0},"at":{"price":0,"sale_price":0,"active":false,"url":null,"parent_url":"","tax_rate":0,"price_inc_tax":0,"sale_price_inc_tax":0},"es":{"price":0,"sale_price":0,"active":false,"url":null,"parent_url":"","tax_rate":0,"price_inc_tax":0,"sale_price_inc_tax":0},"dk":{"price":0,"sale_price":0,"active":false,"url":null,"parent_url":"","tax_rate":0,"price_inc_tax":0,"sale_price_inc_tax":0},"com":{"price":0,"sale_price":0,"active":false,"url":null,"parent_url":"","tax_rate":0,"price_inc_tax":0,"sale_price_inc_tax":0}},"market_nl_price":0,"market_nl_sale_price":0,"market_nl_active":false,"market_nl_url":null,"market_nl_parent_url":"","market_nl_tax_rate":0,"market_nl_price_inc_tax":0,"market_nl_sale_price_inc_tax":0,"market_de_price":0,"market_de_sale_price":0,"market_de_active":false,"market_de_url":null,"market_de_parent_url":"","market_de_tax_rate":0,"market_de_price_inc_tax":0,"market_de_sale_price_inc_tax":0,"market_be_price":0,"market_be_sale_price":0,"market_be_active":false,"market_be_url":null,"market_be_parent_url":"","market_be_tax_rate":0,"market_be_price_inc_tax":0,"market_be_sale_price_inc_tax":0,"market_fr_price":0,"market_fr_sale_price":0,"market_fr_active":false,"market_fr_url":null,"market_fr_parent_url":"","market_fr_tax_rate":0,"market_fr_price_inc_tax":0,"market_fr_sale_price_inc_tax":0,"market_ch_price":0,"market_ch_sale_price":0,"market_ch_active":false,"market_ch_url":null,"market_ch_parent_url":"","market_ch_tax_rate":0,"market_ch_price_inc_tax":0,"market_ch_sale_price_inc_tax":0,"market_at_price":0,"market_at_sale_price":0,"market_at_active":false,"market_at_url":null,"market_at_parent_url":"","market_at_tax_rate":0,"market_at_price_inc_tax":0,"market_at_sale_price_inc_tax":0,"market_es_price":0,"market_es_sale_price":0,"market_es_active":false,"market_es_url":null,"market_es_parent_url":"","market_es_tax_rate":0,"market_es_price_inc_tax":0,"market_es_sale_price_inc_tax":0,"market_dk_price":0,"market_dk_sale_price":0,"market_dk_active":false,"market_dk_url":null,"market_dk_parent_url":"","market_dk_tax_rate":0,"market_dk_price_inc_tax":0,"market_dk_sale_price_inc_tax":0,"market_com_price":0,"market_com_sale_price":0,"market_com_active":false,"market_com_url":null,"market_com_parent_url":"","market_com_tax_rate":0,"market_com_price_inc_tax":0,"market_com_sale_price_inc_tax":0,"acf":[],"_links":{"self":[{"href":"https:\/\/www.pharmacy4pets.nl\/be\/wp-json\/wp\/v2\/product\/120351","targetHints":{"allow":["GET"]}}],"collection":[{"href":"https:\/\/www.pharmacy4pets.nl\/be\/wp-json\/wp\/v2\/product"}],"about":[{"href":"https:\/\/www.pharmacy4pets.nl\/be\/wp-json\/wp\/v2\/types\/product"}],"replies":[{"embeddable":true,"href":"https:\/\/www.pharmacy4pets.nl\/be\/wp-json\/wp\/v2\/comments?post=120351"}],"wp:featuredmedia":[{"embeddable":true,"href":"https:\/\/www.pharmacy4pets.nl\/be\/wp-json\/wp\/v2\/media\/120350"}],"wp:attachment":[{"href":"https:\/\/www.pharmacy4pets.nl\/be\/wp-json\/wp\/v2\/media?parent=120351"}],"wp:term":[{"taxonomy":"product_brand","embeddable":true,"href":"https:\/\/www.pharmacy4pets.nl\/be\/wp-json\/wp\/v2\/product_brand?post=120351"},{"taxonomy":"product_cat","embeddable":true,"href":"https:\/\/www.pharmacy4pets.nl\/be\/wp-json\/wp\/v2\/product_cat?post=120351"},{"taxonomy":"product_tag","embeddable":true,"href":"https:\/\/www.pharmacy4pets.nl\/be\/wp-json\/wp\/v2\/product_tag?post=120351"}],"curies":[{"name":"wp","href":"https:\/\/api.w.org\/{rel}","templated":true}]}}