{"id":120349,"date":"2023-08-21T16:48:31","date_gmt":"2023-08-21T16:48:31","guid":{"rendered":"https:\/\/p4p.test\/oralade-advanced-gi"},"modified":"2026-04-14T08:05:27","modified_gmt":"2026-04-14T08:05:27","slug":"oralade-advanced-gi","status":"publish","type":"product","link":"https:\/\/www.pharmacy4pets.nl\/be\/oralade-advanced-gi","title":{"rendered":"Oralade Advanced Gl+ 6&#215;500 ml"},"content":{"rendered":"<p>Oralade Advanced Gl+ is een kant-en-klaar hypoallergeen voedingssupplement voor honden en katten dat ondersteunt bij het herstellen van de vochtbalans. Oralade Advanced Gl+ bevat essenti\u00eble elektrolyten, enkelvoudige suikers en prebiotica om verzwakte dieren en dieren met maag- en darmklachten optimaal te ondersteunen. Het is voorzien van een gegrilde kippensmaak, waardoor\u00a0deze goed wordt geaccepteerd door zowel honden als katten.<\/p>\n","protected":false},"excerpt":{"rendered":"<p>Oralade Advanced Gl+ is een kant-en-klaar hypoallergeen voedingssupplement voor honden en katten dat ondersteunt bij het herstellen van de vochtbalans. Oralade Advanced Gl+ bevat essenti\u00eble elektrolyten, enkelvoudige suikers en prebiotica om verzwakte dieren en dieren met maag- en darmklachten optimaal te ondersteunen. Het is voorzien van een gegrilde kippensmaak, waardoor\u00a0deze goed wordt geaccepteerd door zowel [&hellip;]<\/p>\n","protected":false},"featured_media":120348,"comment_status":"open","ping_status":"closed","template":"","meta":{"_acf_changed":false,"_nl_post_content":"<p>Oralade Advanced Gl+ is een kant-en-klaar hypoallergeen voedingssupplement voor honden en katten dat ondersteunt bij het herstellen van de vochtbalans. Oralade Advanced Gl+ bevat essenti\u00eble elektrolyten, enkelvoudige suikers en prebiotica om verzwakte dieren en dieren met maag- en darmklachten optimaal te ondersteunen. Het is voorzien van een gegrilde kippensmaak, waardoor\u00a0deze goed wordt geaccepteerd door zowel honden als katten.<\/p>","_nl_post_name":"oralade-advanced-gi","_nl_post_excerpt":"","_nl_post_title":"Oralade Advanced Gl+ 6x500 ml","_en_post_content":"<p>Oralade Advanced Gl+ is a ready-to-use hypoallergenic food supplement for dogs and cats that helps restore the fluid balance. Oralade Advanced Gl+ contains essential electrolytes, simple sugars and prebiotics to optimally support weakened animals and animals with gastrointestinal complaints. It features a grilled chicken flavor, making it well accepted by both dogs and cats.<\/p>","_en_post_name":"oralade-advanced-gi","_en_post_excerpt":"","_en_post_title":"Oralade Advanced Gl+ 6x500 ml","_de_post_content":"<p>Oralade Advanced Gl+ ist ein gebrauchsfertiges hypoallergenes Nahrungserg\u00e4nzungsmittel f\u00fcr Hunde und Katzen, das dabei hilft, den Fl\u00fcssigkeitshaushalt wiederherzustellen. Oralade Advanced Gl+ enth\u00e4lt essentielle Elektrolyte, einfache Zucker und Pr\u00e4biotika, um geschw\u00e4chte Tiere und Tiere mit Magen-Darm-Beschwerden optimal zu unterst\u00fctzen. Es hat den Geschmack von gegrilltem H\u00fchnchen und wird daher sowohl von Hunden als auch von Katzen gut angenommen.<\/p>","_de_post_name":"oralade-advanced-gi","_de_post_excerpt":"","_de_post_title":"Oralade Advanced Gl+ 6x500 ml","_fr_post_content":"<p>Oralade Advanced Gl+ est un compl\u00e9ment alimentaire hypoallerg\u00e9nique pr\u00eat \u00e0 l'emploi pour chiens et chats qui aide \u00e0 r\u00e9tablir l'\u00e9quilibre hydrique. Oralade Advanced Gl+ contient des \u00e9lectrolytes essentiels, des sucres simples et des pr\u00e9biotiques pour soutenir de mani\u00e8re optimale les animaux affaiblis et souffrant de troubles gastro-intestinaux. Il pr\u00e9sente une saveur de poulet grill\u00e9, ce qui le rend bien accept\u00e9 par les chiens et les chats.<\/p>","_fr_post_name":"oralade-advanced-gi","_fr_post_excerpt":"","_fr_post_title":"Oralade Advanced Gl+ 6x500 ml","_es_post_content":"<p>Oralade Advanced Gl+ es un complemento alimenticio hipoalerg\u00e9nico listo para usar para perros y gatos que ayuda a restablecer el equilibrio de l\u00edquidos. Oralade Advanced Gl+ contiene electrolitos esenciales, az\u00facares simples y prebi\u00f3ticos para ayudar de manera \u00f3ptima a los animales debilitados y con problemas gastrointestinales. Tiene sabor a pollo asado, lo que lo hace bien aceptado tanto por perros como por gatos.<\/p>","_es_post_name":"oralade-advanced-gi","_es_post_excerpt":"","_es_post_title":"Oralade Advanced Gl+ 6x500 ml","edit_language":"nl"},"product_brand":[],"product_cat":[1117,2014,2013,1118,1848,1879,1871,1839,1857,2163],"product_tag":[],"class_list":{"0":"post-120349","1":"product","2":"type-product","3":"status-publish","4":"has-post-thumbnail","6":"product_cat-honden","7":"product_cat-immuunsysteem-weerstand","9":"product_cat-katten","10":"product_cat-maag-darmen","12":"product_cat-medicijnen-supplementen","14":"product_cat-merken","15":"product_cat-oralade","16":"pa_aandoening-maag_darmen","17":"pa_doeldier-hond","18":"pa_doeldier-kat","19":"pa_fabricatieland-belgie","20":"pa_merkfilter-oralade","21":"pa_merkgroep-ecuphar","22":"pa_productsoort-voedingssupplement","23":"pa_toedieningswijze-vloeistof","24":"pa_unit_pricing_base_measure-1ct","25":"pa_unit_pricing_measure-6ct","26":"pa_werkzamestof-overig","28":"first","29":"instock","30":"taxable","31":"shipping-taxable","32":"purchasable","33":"product-type-simple"},"yoast_head":"<!-- This site is optimized with the Yoast SEO plugin v27.5 - https:\/\/yoast.com\/product\/yoast-seo-wordpress\/ -->\n<title>Oralade Advanced Gl+ 6x500 ml - Pharmacy4pets<\/title>\n<meta name=\"robots\" content=\"index, follow, max-snippet:-1, max-image-preview:large, max-video-preview:-1\" \/>\n<link rel=\"canonical\" href=\"https:\/\/www.pharmacy4pets.nl\/oralade-advanced-gi\" \/>\n<meta property=\"og:locale\" content=\"nl_NL\" \/>\n<meta property=\"og:type\" content=\"article\" \/>\n<meta property=\"og:title\" content=\"Oralade Advanced Gl+ 6x500 ml - Pharmacy4pets\" \/>\n<meta property=\"og:description\" content=\"Oralade Advanced Gl+ is een kant-en-klaar hypoallergeen voedingssupplement voor honden en katten dat ondersteunt bij het herstellen van de vochtbalans. Oralade Advanced Gl+ bevat essenti\u00eble elektrolyten, enkelvoudige suikers en prebiotica om verzwakte dieren en dieren met maag- en darmklachten optimaal te ondersteunen. Het is voorzien van een gegrilde kippensmaak, waardoor\u00a0deze goed wordt geaccepteerd door zowel [&hellip;]\" \/>\n<meta property=\"og:url\" content=\"https:\/\/www.pharmacy4pets.nl\/oralade-advanced-gi\" \/>\n<meta property=\"og:site_name\" content=\"Pharmacy4pets\" \/>\n<meta property=\"article:publisher\" content=\"https:\/\/www.facebook.com\/people\/Pharmacy4petsnl\/100063484989896\/\" \/>\n<meta property=\"article:modified_time\" content=\"2026-04-14T08:05:27+00:00\" \/>\n<meta property=\"og:image\" content=\"https:\/\/www.pharmacy4pets.nl\/wp-content\/uploads\/2023\/08\/26234.jpg\" \/>\n\t<meta property=\"og:image:width\" content=\"450\" \/>\n\t<meta property=\"og:image:height\" content=\"600\" \/>\n\t<meta property=\"og:image:type\" content=\"image\/jpeg\" \/>\n<meta name=\"twitter:card\" content=\"summary_large_image\" \/>\n<script type=\"application\/ld+json\" class=\"yoast-schema-graph\">{\"@context\":\"https:\\\/\\\/schema.org\",\"@graph\":[{\"@type\":\"WebPage\",\"@id\":\"https:\\\/\\\/www.pharmacy4pets.nl\\\/oralade-advanced-gi\",\"url\":\"https:\\\/\\\/www.pharmacy4pets.nl\\\/oralade-advanced-gi\",\"name\":\"Oralade Advanced Gl+ 6x500 ml - Pharmacy4pets\",\"isPartOf\":{\"@id\":\"http:\\\/\\\/www.pharmacy4pets.nl\\\/#website\"},\"primaryImageOfPage\":{\"@id\":\"https:\\\/\\\/www.pharmacy4pets.nl\\\/oralade-advanced-gi#primaryimage\"},\"image\":{\"@id\":\"https:\\\/\\\/www.pharmacy4pets.nl\\\/oralade-advanced-gi#primaryimage\"},\"thumbnailUrl\":\"https:\\\/\\\/www.pharmacy4pets.nl\\\/wp-content\\\/uploads\\\/2023\\\/08\\\/26234.jpg\",\"datePublished\":\"2023-08-21T16:48:31+00:00\",\"dateModified\":\"2026-04-14T08:05:27+00:00\",\"breadcrumb\":{\"@id\":\"https:\\\/\\\/www.pharmacy4pets.nl\\\/oralade-advanced-gi#breadcrumb\"},\"inLanguage\":\"nl-NL\",\"potentialAction\":[{\"@type\":\"ReadAction\",\"target\":[\"https:\\\/\\\/www.pharmacy4pets.nl\\\/oralade-advanced-gi\"]}]},{\"@type\":\"ImageObject\",\"inLanguage\":\"nl-NL\",\"@id\":\"https:\\\/\\\/www.pharmacy4pets.nl\\\/oralade-advanced-gi#primaryimage\",\"url\":\"https:\\\/\\\/www.pharmacy4pets.nl\\\/wp-content\\\/uploads\\\/2023\\\/08\\\/26234.jpg\",\"contentUrl\":\"https:\\\/\\\/www.pharmacy4pets.nl\\\/wp-content\\\/uploads\\\/2023\\\/08\\\/26234.jpg\",\"width\":450,\"height\":600,\"caption\":\"Oralade Advanced Gl+\"},{\"@type\":\"BreadcrumbList\",\"@id\":\"https:\\\/\\\/www.pharmacy4pets.nl\\\/oralade-advanced-gi#breadcrumb\",\"itemListElement\":[{\"@type\":\"ListItem\",\"position\":1,\"name\":\"Home\",\"item\":\"https:\\\/\\\/p4p-nl.bootmine.com\\\/\"},{\"@type\":\"ListItem\",\"position\":2,\"name\":\"Winkel\",\"item\":\"https:\\\/\\\/p4p-nl.bootmine.com\\\/winkel\"},{\"@type\":\"ListItem\",\"position\":3,\"name\":\"Oralade Advanced Gl+ 6&#215;500 ml\"}]},{\"@type\":\"WebSite\",\"@id\":\"http:\\\/\\\/www.pharmacy4pets.nl\\\/#website\",\"url\":\"http:\\\/\\\/www.pharmacy4pets.nl\\\/\",\"name\":\"Pharmacy4pets\",\"description\":\"Pharmacy4pets.nl is d\u00e9 online apotheek waar u terecht kunt voor alle diergeneesmiddelen, verzorgingsproducten en dieetvoeding voor uw huisdier.\",\"publisher\":{\"@id\":\"http:\\\/\\\/www.pharmacy4pets.nl\\\/#organization\"},\"potentialAction\":[{\"@type\":\"SearchAction\",\"target\":{\"@type\":\"EntryPoint\",\"urlTemplate\":\"http:\\\/\\\/www.pharmacy4pets.nl\\\/?s={search_term_string}\"},\"query-input\":{\"@type\":\"PropertyValueSpecification\",\"valueRequired\":true,\"valueName\":\"search_term_string\"}}],\"inLanguage\":\"nl-NL\"},{\"@type\":\"Organization\",\"@id\":\"http:\\\/\\\/www.pharmacy4pets.nl\\\/#organization\",\"name\":\"Pharmacy4pets\",\"url\":\"http:\\\/\\\/www.pharmacy4pets.nl\\\/\",\"logo\":{\"@type\":\"ImageObject\",\"inLanguage\":\"nl-NL\",\"@id\":\"http:\\\/\\\/www.pharmacy4pets.nl\\\/#\\\/schema\\\/logo\\\/image\\\/\",\"url\":\"https:\\\/\\\/p4p-nl.bootmine.com\\\/wp-content\\\/uploads\\\/2026\\\/03\\\/logo-pharmacy4pets.png\",\"contentUrl\":\"https:\\\/\\\/p4p-nl.bootmine.com\\\/wp-content\\\/uploads\\\/2026\\\/03\\\/logo-pharmacy4pets.png\",\"width\":1024,\"height\":135,\"caption\":\"Pharmacy4pets\"},\"image\":{\"@id\":\"http:\\\/\\\/www.pharmacy4pets.nl\\\/#\\\/schema\\\/logo\\\/image\\\/\"},\"sameAs\":[\"https:\\\/\\\/www.facebook.com\\\/people\\\/Pharmacy4petsnl\\\/100063484989896\\\/\",\"https:\\\/\\\/www.youtube.com\\\/channel\\\/UCGPTIgucgli03tP2_kvLkHg\\\/featured\",\"https:\\\/\\\/www.instagram.com\\\/pharmacy4pets.nl\"]}]}<\/script>\n<!-- \/ Yoast SEO plugin. -->","yoast_head_json":{"title":"Oralade Advanced Gl+ 6x500 ml - Pharmacy4pets","robots":{"index":"index","follow":"follow","max-snippet":"max-snippet:-1","max-image-preview":"max-image-preview:large","max-video-preview":"max-video-preview:-1"},"canonical":"https:\/\/www.pharmacy4pets.nl\/oralade-advanced-gi","og_locale":"nl_NL","og_type":"article","og_title":"Oralade Advanced Gl+ 6x500 ml - Pharmacy4pets","og_description":"Oralade Advanced Gl+ is een kant-en-klaar hypoallergeen voedingssupplement voor honden en katten dat ondersteunt bij het herstellen van de vochtbalans. Oralade Advanced Gl+ bevat essenti\u00eble elektrolyten, enkelvoudige suikers en prebiotica om verzwakte dieren en dieren met maag- en darmklachten optimaal te ondersteunen. Het is voorzien van een gegrilde kippensmaak, waardoor\u00a0deze goed wordt geaccepteerd door zowel [&hellip;]","og_url":"https:\/\/www.pharmacy4pets.nl\/oralade-advanced-gi","og_site_name":"Pharmacy4pets","article_publisher":"https:\/\/www.facebook.com\/people\/Pharmacy4petsnl\/100063484989896\/","article_modified_time":"2026-04-14T08:05:27+00:00","og_image":[{"width":450,"height":600,"url":"https:\/\/www.pharmacy4pets.nl\/wp-content\/uploads\/2023\/08\/26234.jpg","type":"image\/jpeg"}],"twitter_card":"summary_large_image","schema":{"@context":"https:\/\/schema.org","@graph":[{"@type":"WebPage","@id":"https:\/\/www.pharmacy4pets.nl\/oralade-advanced-gi","url":"https:\/\/www.pharmacy4pets.nl\/oralade-advanced-gi","name":"Oralade Advanced Gl+ 6x500 ml - Pharmacy4pets","isPartOf":{"@id":"http:\/\/www.pharmacy4pets.nl\/#website"},"primaryImageOfPage":{"@id":"https:\/\/www.pharmacy4pets.nl\/oralade-advanced-gi#primaryimage"},"image":{"@id":"https:\/\/www.pharmacy4pets.nl\/oralade-advanced-gi#primaryimage"},"thumbnailUrl":"https:\/\/www.pharmacy4pets.nl\/wp-content\/uploads\/2023\/08\/26234.jpg","datePublished":"2023-08-21T16:48:31+00:00","dateModified":"2026-04-14T08:05:27+00:00","breadcrumb":{"@id":"https:\/\/www.pharmacy4pets.nl\/oralade-advanced-gi#breadcrumb"},"inLanguage":"nl-NL","potentialAction":[{"@type":"ReadAction","target":["https:\/\/www.pharmacy4pets.nl\/oralade-advanced-gi"]}]},{"@type":"ImageObject","inLanguage":"nl-NL","@id":"https:\/\/www.pharmacy4pets.nl\/oralade-advanced-gi#primaryimage","url":"https:\/\/www.pharmacy4pets.nl\/wp-content\/uploads\/2023\/08\/26234.jpg","contentUrl":"https:\/\/www.pharmacy4pets.nl\/wp-content\/uploads\/2023\/08\/26234.jpg","width":450,"height":600,"caption":"Oralade Advanced Gl+"},{"@type":"BreadcrumbList","@id":"https:\/\/www.pharmacy4pets.nl\/oralade-advanced-gi#breadcrumb","itemListElement":[{"@type":"ListItem","position":1,"name":"Home","item":"https:\/\/p4p-nl.bootmine.com\/"},{"@type":"ListItem","position":2,"name":"Winkel","item":"https:\/\/p4p-nl.bootmine.com\/winkel"},{"@type":"ListItem","position":3,"name":"Oralade Advanced Gl+ 6&#215;500 ml"}]},{"@type":"WebSite","@id":"http:\/\/www.pharmacy4pets.nl\/#website","url":"http:\/\/www.pharmacy4pets.nl\/","name":"Pharmacy4pets","description":"Pharmacy4pets.nl is d\u00e9 online apotheek waar u terecht kunt voor alle diergeneesmiddelen, verzorgingsproducten en dieetvoeding voor uw huisdier.","publisher":{"@id":"http:\/\/www.pharmacy4pets.nl\/#organization"},"potentialAction":[{"@type":"SearchAction","target":{"@type":"EntryPoint","urlTemplate":"http:\/\/www.pharmacy4pets.nl\/?s={search_term_string}"},"query-input":{"@type":"PropertyValueSpecification","valueRequired":true,"valueName":"search_term_string"}}],"inLanguage":"nl-NL"},{"@type":"Organization","@id":"http:\/\/www.pharmacy4pets.nl\/#organization","name":"Pharmacy4pets","url":"http:\/\/www.pharmacy4pets.nl\/","logo":{"@type":"ImageObject","inLanguage":"nl-NL","@id":"http:\/\/www.pharmacy4pets.nl\/#\/schema\/logo\/image\/","url":"https:\/\/p4p-nl.bootmine.com\/wp-content\/uploads\/2026\/03\/logo-pharmacy4pets.png","contentUrl":"https:\/\/p4p-nl.bootmine.com\/wp-content\/uploads\/2026\/03\/logo-pharmacy4pets.png","width":1024,"height":135,"caption":"Pharmacy4pets"},"image":{"@id":"http:\/\/www.pharmacy4pets.nl\/#\/schema\/logo\/image\/"},"sameAs":["https:\/\/www.facebook.com\/people\/Pharmacy4petsnl\/100063484989896\/","https:\/\/www.youtube.com\/channel\/UCGPTIgucgli03tP2_kvLkHg\/featured","https:\/\/www.instagram.com\/pharmacy4pets.nl"]}]}},"market_data":{"nl":{"price":0,"sale_price":0,"active":false,"url":null,"parent_url":"","tax_rate":0,"price_inc_tax":0,"sale_price_inc_tax":0},"de":{"price":0,"sale_price":0,"active":false,"url":null,"parent_url":"","tax_rate":0,"price_inc_tax":0,"sale_price_inc_tax":0},"be":{"price":0,"sale_price":0,"active":false,"url":null,"parent_url":"","tax_rate":0,"price_inc_tax":0,"sale_price_inc_tax":0},"fr":{"price":0,"sale_price":0,"active":false,"url":null,"parent_url":"","tax_rate":0,"price_inc_tax":0,"sale_price_inc_tax":0},"ch":{"price":0,"sale_price":0,"active":false,"url":null,"parent_url":"","tax_rate":0,"price_inc_tax":0,"sale_price_inc_tax":0},"at":{"price":0,"sale_price":0,"active":false,"url":null,"parent_url":"","tax_rate":0,"price_inc_tax":0,"sale_price_inc_tax":0},"es":{"price":0,"sale_price":0,"active":false,"url":null,"parent_url":"","tax_rate":0,"price_inc_tax":0,"sale_price_inc_tax":0},"dk":{"price":0,"sale_price":0,"active":false,"url":null,"parent_url":"","tax_rate":0,"price_inc_tax":0,"sale_price_inc_tax":0},"com":{"price":0,"sale_price":0,"active":false,"url":null,"parent_url":"","tax_rate":0,"price_inc_tax":0,"sale_price_inc_tax":0}},"market_nl_price":0,"market_nl_sale_price":0,"market_nl_active":false,"market_nl_url":null,"market_nl_parent_url":"","market_nl_tax_rate":0,"market_nl_price_inc_tax":0,"market_nl_sale_price_inc_tax":0,"market_de_price":0,"market_de_sale_price":0,"market_de_active":false,"market_de_url":null,"market_de_parent_url":"","market_de_tax_rate":0,"market_de_price_inc_tax":0,"market_de_sale_price_inc_tax":0,"market_be_price":0,"market_be_sale_price":0,"market_be_active":false,"market_be_url":null,"market_be_parent_url":"","market_be_tax_rate":0,"market_be_price_inc_tax":0,"market_be_sale_price_inc_tax":0,"market_fr_price":0,"market_fr_sale_price":0,"market_fr_active":false,"market_fr_url":null,"market_fr_parent_url":"","market_fr_tax_rate":0,"market_fr_price_inc_tax":0,"market_fr_sale_price_inc_tax":0,"market_ch_price":0,"market_ch_sale_price":0,"market_ch_active":false,"market_ch_url":null,"market_ch_parent_url":"","market_ch_tax_rate":0,"market_ch_price_inc_tax":0,"market_ch_sale_price_inc_tax":0,"market_at_price":0,"market_at_sale_price":0,"market_at_active":false,"market_at_url":null,"market_at_parent_url":"","market_at_tax_rate":0,"market_at_price_inc_tax":0,"market_at_sale_price_inc_tax":0,"market_es_price":0,"market_es_sale_price":0,"market_es_active":false,"market_es_url":null,"market_es_parent_url":"","market_es_tax_rate":0,"market_es_price_inc_tax":0,"market_es_sale_price_inc_tax":0,"market_dk_price":0,"market_dk_sale_price":0,"market_dk_active":false,"market_dk_url":null,"market_dk_parent_url":"","market_dk_tax_rate":0,"market_dk_price_inc_tax":0,"market_dk_sale_price_inc_tax":0,"market_com_price":0,"market_com_sale_price":0,"market_com_active":false,"market_com_url":null,"market_com_parent_url":"","market_com_tax_rate":0,"market_com_price_inc_tax":0,"market_com_sale_price_inc_tax":0,"acf":[],"_links":{"self":[{"href":"https:\/\/www.pharmacy4pets.nl\/be\/wp-json\/wp\/v2\/product\/120349","targetHints":{"allow":["GET"]}}],"collection":[{"href":"https:\/\/www.pharmacy4pets.nl\/be\/wp-json\/wp\/v2\/product"}],"about":[{"href":"https:\/\/www.pharmacy4pets.nl\/be\/wp-json\/wp\/v2\/types\/product"}],"replies":[{"embeddable":true,"href":"https:\/\/www.pharmacy4pets.nl\/be\/wp-json\/wp\/v2\/comments?post=120349"}],"wp:featuredmedia":[{"embeddable":true,"href":"https:\/\/www.pharmacy4pets.nl\/be\/wp-json\/wp\/v2\/media\/120348"}],"wp:attachment":[{"href":"https:\/\/www.pharmacy4pets.nl\/be\/wp-json\/wp\/v2\/media?parent=120349"}],"wp:term":[{"taxonomy":"product_brand","embeddable":true,"href":"https:\/\/www.pharmacy4pets.nl\/be\/wp-json\/wp\/v2\/product_brand?post=120349"},{"taxonomy":"product_cat","embeddable":true,"href":"https:\/\/www.pharmacy4pets.nl\/be\/wp-json\/wp\/v2\/product_cat?post=120349"},{"taxonomy":"product_tag","embeddable":true,"href":"https:\/\/www.pharmacy4pets.nl\/be\/wp-json\/wp\/v2\/product_tag?post=120349"}],"curies":[{"name":"wp","href":"https:\/\/api.w.org\/{rel}","templated":true}]}}