{"id":120345,"date":"2023-08-21T16:01:33","date_gmt":"2023-08-21T16:01:33","guid":{"rendered":"https:\/\/p4p.test\/sectolin-sand-relief-psyllium"},"modified":"2026-03-25T12:05:41","modified_gmt":"2026-03-25T12:05:41","slug":"sectolin-sand-relief-psyllium","status":"publish","type":"product","link":"https:\/\/www.pharmacy4pets.nl\/be\/sectolin-sand-relief-psyllium","title":{"rendered":"Sectolin Sand Relief Psyllium | 700 gram"},"content":{"rendered":"<p>Sectolin Sand Relief Psylium is een aanvullend diervoeder voor paarden, te gebruiken bij paarden die zand eten. Sand Relief is rijk aan vezels en bevat 99% psyillium husk, ook wel vlozaad vezels genoemd.\u00a0Deze vlozaadvezels vormen bij contact met vocht een geleiachtige brei die het zand aan zich bindt en uit de darmen mee naar buiten neemt. Sand Relief Psyllium bevordert de afvoer van zand.<\/p>\n<p>Voederadvies (een maatschepje = ca. 12,5 gram):<\/p>\n<ul>\n<li>Volwassen paarden: 50-100 gram per dag<\/li>\n<li>Pony&#8217;s, veulens en jaarlingen: 25-50 gram per dag<\/li>\n<\/ul>\n<p>Het kan droog over het voer gegeven worden of door de slobber gemengd. Sand Relief Psyllium moet direct gevoerd worden na het mengen met slobber. <\/p>\n<p> Een emmer van 700 gram is voldoende voor ca. 2 voerperiodes van 5 &#8211; 7 dagen. Zorg altijd voor voldoende vers drinkwater.<\/p>\n","protected":false},"excerpt":{"rendered":"<p>Sectolin Sand Relief Psylium is een aanvullend diervoeder voor paarden, te gebruiken bij paarden die zand eten. Sand Relief is rijk aan vezels en bevat 99% psyillium husk, ook wel vlozaad vezels genoemd.\u00a0Deze vlozaadvezels vormen bij contact met vocht een geleiachtige brei die het zand aan zich bindt en uit de darmen mee naar buiten [&hellip;]<\/p>\n","protected":false},"featured_media":120344,"comment_status":"open","ping_status":"closed","template":"","meta":{"_acf_changed":false,"_nl_post_content":"<p>Sectolin Sand Relief Psylium is een aanvullend diervoeder voor paarden, te gebruiken bij paarden die zand eten. Sand Relief is rijk aan vezels en bevat 99% psyillium husk, ook wel vlozaad vezels genoemd.\u00a0Deze vlozaadvezels vormen bij contact met vocht een geleiachtige brei die het zand aan zich bindt en uit de darmen mee naar buiten neemt. Sand Relief Psyllium bevordert de afvoer van zand.<\/p>\r\n<p>Voederadvies (een maatschepje = ca. 12,5 gram):<\/p>\r\n<ul>\r\n<li>Volwassen paarden: 50-100 gram per dag<\/li>\r\n<li>Pony's, veulens en jaarlingen: 25-50 gram per dag<\/li>\r\n<\/ul>\r\n<p>Het kan droog over het voer gegeven worden of door de slobber gemengd. Sand Relief Psyllium moet direct gevoerd worden na het mengen met slobber. <br \/><br \/> Een emmer van 700 gram is voldoende voor ca. 2 voerperiodes van 5 - 7 dagen. Zorg altijd voor voldoende vers drinkwater.<\/p>","_nl_post_name":"sectolin-sand-relief-psyllium","_nl_post_excerpt":"","_nl_post_title":"Sectolin Sand Relief Psyllium | 700 gram","_en_post_content":"<p>Sectolin Sand Relief Psylium is a supplementary feed for horses, to be used for horses that eat sand. Sand Relief is rich in fiber and contains 99% psyillium husk, also called psyllium fiber. When in contact with moisture, these psyllium fibers form a jelly-like paste that binds the sand and carries it out of the intestines. Sand Relief Psyllium promotes the drainage of sand.<\/p>\r\n<p>Feeding advice (one scoop = approx. 12.5 grams):<\/p>\r\n<ul>\r\n<li>Adult horses: 50-100 grams per day<\/li>\r\n<li>Ponies, foals and yearlings: 25-50 grams per day<\/li>\r\n<\/ul>\r\n<p>It can be given dry over the food or mixed into the slop. Sand Relief Psyllium should be fed immediately after mixing with sludge. <br \/><br \/> A 700 gram bucket is sufficient for approximately 2 feeding periods of 5 - 7 days. Always ensure there is sufficient fresh drinking water.<\/p>","_en_post_name":"sectolin-sand-relief-psyllium","_en_post_excerpt":"","_en_post_title":"Sectolin Sand Relief Psyllium | 700 grams","_de_post_content":"<p>Sectolin Sand Relief Psyllium ist ein Erg\u00e4nzungsfuttermittel f\u00fcr Pferde, das f\u00fcr Pferde verwendet wird, die Sand fressen. Sand Relief ist reich an Ballaststoffen und enth\u00e4lt 99 % Flohsamenschalen, auch Flohsamenfasern genannt. Bei Kontakt mit Feuchtigkeit bilden diese Flohsamenfasern eine geleeartige Paste, die den Sand bindet und aus dem Darm transportiert. Sand Relief Psyllium f\u00f6rdert die Entw\u00e4sserung von Sand.<\/p>\n<p>F\u00fctterungshinweis (ein Messl\u00f6ffel = ca. 12,5 Gramm):<\/p>\n<ul>\n<li>Erwachsene Pferde: 50\u2013100 Gramm pro Tag<\/li>\n<li>Ponys, Fohlen und J\u00e4hrlinge: 25\u201350 Gramm pro Tag<\/li>\n<\/ul>\n<p>Es kann trocken \u00fcber das Futter gegeben oder in den Brei gemischt werden. Sand Relief Psyllium sollte sofort nach dem Mischen mit Schlamm gef\u00fcttert werden. <br \/><br \/> Ein 700-Gramm-Eimer reicht f\u00fcr ca. 2 F\u00fctterungsperioden von 5 - 7 Tagen. Sorgen Sie stets f\u00fcr ausreichend frisches Trinkwasser.<\/p>","_de_post_name":"sectolin-sand-relief-psyllium","_de_post_excerpt":"","_de_post_title":"Sectolin Sand Relief Psyllium | 700 Gramm","_fr_post_content":"<p>Sectolin Sand Relief Psylium est un aliment compl\u00e9mentaire pour chevaux, \u00e0 utiliser pour les chevaux qui mangent du sable. Sand Relief est riche en fibres et contient 99 % d\u2019enveloppe de psyllium, \u00e9galement appel\u00e9e fibre de psyllium. Au contact de l'humidit\u00e9, ces fibres de psyllium forment une p\u00e2te g\u00e9latineuse qui lie le sable et l'\u00e9vacue des intestins. Le Psyllium Sand Relief favorise le drainage du sable.<\/p>\r\n<p>Conseils alimentaires (une mesure = environ 12,5 grammes)\u00a0:<\/p>\r\n<ul>\r\n<li>Chevaux adultes\u00a0: 50 \u00e0 100\u00a0grammes par jour<\/li>\r\n<li>Poneys, poulains et yearlings\u00a0: 25 \u00e0 50\u00a0grammes par jour<\/li>\r\n<\/ul>\r\n<p>Il peut \u00eatre donn\u00e9 sec sur la nourriture ou m\u00e9lang\u00e9 \u00e0 la bouillie. Le Psyllium Sand Relief doit \u00eatre administr\u00e9 imm\u00e9diatement apr\u00e8s avoir \u00e9t\u00e9 m\u00e9lang\u00e9 \u00e0 la boue. <br \/><br \/> Un seau de 700 grammes suffit pour environ 2 p\u00e9riodes d'alimentation de 5 \u00e0 7 jours. Assurez-vous toujours qu'il y a suffisamment d'eau potable fra\u00eeche.<\/p>","_fr_post_name":"sectolin-sand-relief-psyllium","_fr_post_excerpt":"","_fr_post_title":"Sectolin Sand Relief Psyllium | 700 grammes","_es_post_content":"<p>Sectolin Sand Relief Psylium es un alimento complementario para caballos, destinado a caballos que comen arena. Sand Relief es rico en fibra y contiene 99% de c\u00e1scara de psyllium, tambi\u00e9n llamada fibra de psyllium. Cuando entran en contacto con la humedad, estas fibras de psyllium forman una pasta gelatinosa que une la arena y la saca de los intestinos. Sand Relief Psyllium favorece el drenaje de la arena.<\/p>\r\n<p>Consejos de alimentaci\u00f3n (una cucharada = aproximadamente 12,5 gramos):<\/p>\r\n<ul>\r\n<li>Caballos adultos: 50-100 gramos por d\u00eda<\/li>\r\n<li>Ponis, potros y potros de un a\u00f1o: 25-50 gramos al d\u00eda<\/li>\r\n<\/ul>\r\n<p>Se puede dar seco sobre la comida o mezclado con la salsa. Sand Relief Psyllium debe alimentarse inmediatamente despu\u00e9s de mezclarlo con lodo. <br \/><br \/> Un cubo de 700 gramos es suficiente para aproximadamente 2 periodos de alimentaci\u00f3n de 5 a 7 d\u00edas. Aseg\u00farese siempre de que haya suficiente agua potable fresca.<\/p>","_es_post_name":"sectolin-sand-relief-psyllium","_es_post_excerpt":"","_es_post_title":"Sectolin Sand Relief Psyllium | 700 gramos","edit_language":"nl"},"product_brand":[],"product_cat":[2120,1815,1811,1857,1809,2087],"product_tag":[],"class_list":{"0":"post-120345","1":"product","2":"type-product","3":"status-publish","4":"has-post-thumbnail","6":"product_cat-koliek","7":"product_cat-maag-darmen","8":"product_cat-medicijnen-supplementen","9":"product_cat-merken","10":"product_cat-paarden","11":"product_cat-sectolin","12":"pa_aandoening-maag_darmen","13":"pa_doeldier-paard","14":"pa_fabricatieland-nederland","15":"pa_merkfilter-sectolin","16":"pa_merkgroep-sectolin","17":"pa_productsoort-voedingssupplement","18":"pa_toedieningswijze-overig","19":"pa_unit_pricing_base_measure-100g","20":"pa_unit_pricing_measure-700g","21":"pa_werkzamestof-overig","23":"first","24":"instock","25":"taxable","26":"shipping-taxable","27":"purchasable","28":"product-type-simple"},"yoast_head":"<!-- This site is optimized with the Yoast SEO plugin v27.5 - https:\/\/yoast.com\/product\/yoast-seo-wordpress\/ -->\n<title>Sectolin Sand Relief Psyllium | 700 gram - Pharmacy4pets<\/title>\n<meta name=\"robots\" content=\"index, follow, max-snippet:-1, max-image-preview:large, max-video-preview:-1\" \/>\n<link rel=\"canonical\" href=\"https:\/\/www.pharmacy4pets.nl\/be\/sectolin-sand-relief-psyllium\" \/>\n<meta property=\"og:locale\" content=\"nl_NL\" \/>\n<meta property=\"og:type\" content=\"article\" \/>\n<meta property=\"og:title\" content=\"Sectolin Sand Relief Psyllium | 700 gram - Pharmacy4pets\" \/>\n<meta property=\"og:description\" content=\"Sectolin Sand Relief Psylium is een aanvullend diervoeder voor paarden, te gebruiken bij paarden die zand eten. Sand Relief is rijk aan vezels en bevat 99% psyillium husk, ook wel vlozaad vezels genoemd.\u00a0Deze vlozaadvezels vormen bij contact met vocht een geleiachtige brei die het zand aan zich bindt en uit de darmen mee naar buiten [&hellip;]\" \/>\n<meta property=\"og:url\" content=\"https:\/\/www.pharmacy4pets.nl\/be\/sectolin-sand-relief-psyllium\" \/>\n<meta property=\"og:site_name\" content=\"Pharmacy4pets\" \/>\n<meta property=\"article:publisher\" content=\"https:\/\/www.facebook.com\/people\/Pharmacy4petsnl\/100063484989896\/\" \/>\n<meta property=\"article:modified_time\" content=\"2026-03-25T12:05:41+00:00\" \/>\n<meta property=\"og:image\" content=\"https:\/\/www.pharmacy4pets.nl\/wp-content\/uploads\/2023\/08\/26240.jpg\" \/>\n\t<meta property=\"og:image:width\" content=\"600\" \/>\n\t<meta property=\"og:image:height\" content=\"600\" \/>\n\t<meta property=\"og:image:type\" content=\"image\/jpeg\" \/>\n<meta name=\"twitter:card\" content=\"summary_large_image\" \/>\n<meta name=\"twitter:label1\" content=\"Geschatte leestijd\" \/>\n\t<meta name=\"twitter:data1\" content=\"1 minuut\" \/>\n<script type=\"application\/ld+json\" class=\"yoast-schema-graph\">{\"@context\":\"https:\\\/\\\/schema.org\",\"@graph\":[{\"@type\":\"WebPage\",\"@id\":\"https:\\\/\\\/www.pharmacy4pets.nl\\\/be\\\/sectolin-sand-relief-psyllium\",\"url\":\"https:\\\/\\\/www.pharmacy4pets.nl\\\/be\\\/sectolin-sand-relief-psyllium\",\"name\":\"Sectolin Sand Relief Psyllium | 700 gram - Pharmacy4pets\",\"isPartOf\":{\"@id\":\"http:\\\/\\\/www.pharmacy4pets.nl\\\/#website\"},\"primaryImageOfPage\":{\"@id\":\"https:\\\/\\\/www.pharmacy4pets.nl\\\/be\\\/sectolin-sand-relief-psyllium#primaryimage\"},\"image\":{\"@id\":\"https:\\\/\\\/www.pharmacy4pets.nl\\\/be\\\/sectolin-sand-relief-psyllium#primaryimage\"},\"thumbnailUrl\":\"https:\\\/\\\/www.pharmacy4pets.nl\\\/wp-content\\\/uploads\\\/2023\\\/08\\\/26240.jpg\",\"datePublished\":\"2023-08-21T16:01:33+00:00\",\"dateModified\":\"2026-03-25T12:05:41+00:00\",\"breadcrumb\":{\"@id\":\"https:\\\/\\\/www.pharmacy4pets.nl\\\/be\\\/sectolin-sand-relief-psyllium#breadcrumb\"},\"inLanguage\":\"nl-NL\",\"potentialAction\":[{\"@type\":\"ReadAction\",\"target\":[\"https:\\\/\\\/www.pharmacy4pets.nl\\\/be\\\/sectolin-sand-relief-psyllium\"]}]},{\"@type\":\"ImageObject\",\"inLanguage\":\"nl-NL\",\"@id\":\"https:\\\/\\\/www.pharmacy4pets.nl\\\/be\\\/sectolin-sand-relief-psyllium#primaryimage\",\"url\":\"https:\\\/\\\/www.pharmacy4pets.nl\\\/wp-content\\\/uploads\\\/2023\\\/08\\\/26240.jpg\",\"contentUrl\":\"https:\\\/\\\/www.pharmacy4pets.nl\\\/wp-content\\\/uploads\\\/2023\\\/08\\\/26240.jpg\",\"width\":600,\"height\":600,\"caption\":\"Sectolin Sand Relief Psyllium\"},{\"@type\":\"BreadcrumbList\",\"@id\":\"https:\\\/\\\/www.pharmacy4pets.nl\\\/be\\\/sectolin-sand-relief-psyllium#breadcrumb\",\"itemListElement\":[{\"@type\":\"ListItem\",\"position\":1,\"name\":\"Home\",\"item\":\"https:\\\/\\\/p4p-nl.bootmine.com\\\/\"},{\"@type\":\"ListItem\",\"position\":2,\"name\":\"Winkel\",\"item\":\"https:\\\/\\\/p4p-nl.bootmine.com\\\/winkel\"},{\"@type\":\"ListItem\",\"position\":3,\"name\":\"Sectolin Sand Relief Psyllium | 700 gram\"}]},{\"@type\":\"WebSite\",\"@id\":\"http:\\\/\\\/www.pharmacy4pets.nl\\\/#website\",\"url\":\"http:\\\/\\\/www.pharmacy4pets.nl\\\/\",\"name\":\"Pharmacy4pets\",\"description\":\"Pharmacy4pets.nl is d\u00e9 online apotheek waar u terecht kunt voor alle diergeneesmiddelen, verzorgingsproducten en dieetvoeding voor uw huisdier.\",\"publisher\":{\"@id\":\"http:\\\/\\\/www.pharmacy4pets.nl\\\/#organization\"},\"potentialAction\":[{\"@type\":\"SearchAction\",\"target\":{\"@type\":\"EntryPoint\",\"urlTemplate\":\"http:\\\/\\\/www.pharmacy4pets.nl\\\/?s={search_term_string}\"},\"query-input\":{\"@type\":\"PropertyValueSpecification\",\"valueRequired\":true,\"valueName\":\"search_term_string\"}}],\"inLanguage\":\"nl-NL\"},{\"@type\":\"Organization\",\"@id\":\"http:\\\/\\\/www.pharmacy4pets.nl\\\/#organization\",\"name\":\"Pharmacy4pets\",\"url\":\"http:\\\/\\\/www.pharmacy4pets.nl\\\/\",\"logo\":{\"@type\":\"ImageObject\",\"inLanguage\":\"nl-NL\",\"@id\":\"http:\\\/\\\/www.pharmacy4pets.nl\\\/#\\\/schema\\\/logo\\\/image\\\/\",\"url\":\"https:\\\/\\\/p4p-nl.bootmine.com\\\/wp-content\\\/uploads\\\/2026\\\/03\\\/logo-pharmacy4pets.png\",\"contentUrl\":\"https:\\\/\\\/p4p-nl.bootmine.com\\\/wp-content\\\/uploads\\\/2026\\\/03\\\/logo-pharmacy4pets.png\",\"width\":1024,\"height\":135,\"caption\":\"Pharmacy4pets\"},\"image\":{\"@id\":\"http:\\\/\\\/www.pharmacy4pets.nl\\\/#\\\/schema\\\/logo\\\/image\\\/\"},\"sameAs\":[\"https:\\\/\\\/www.facebook.com\\\/people\\\/Pharmacy4petsnl\\\/100063484989896\\\/\",\"https:\\\/\\\/www.youtube.com\\\/channel\\\/UCGPTIgucgli03tP2_kvLkHg\\\/featured\",\"https:\\\/\\\/www.instagram.com\\\/pharmacy4pets.nl\"]}]}<\/script>\n<!-- \/ Yoast SEO plugin. -->","yoast_head_json":{"title":"Sectolin Sand Relief Psyllium | 700 gram - Pharmacy4pets","robots":{"index":"index","follow":"follow","max-snippet":"max-snippet:-1","max-image-preview":"max-image-preview:large","max-video-preview":"max-video-preview:-1"},"canonical":"https:\/\/www.pharmacy4pets.nl\/be\/sectolin-sand-relief-psyllium","og_locale":"nl_NL","og_type":"article","og_title":"Sectolin Sand Relief Psyllium | 700 gram - Pharmacy4pets","og_description":"Sectolin Sand Relief Psylium is een aanvullend diervoeder voor paarden, te gebruiken bij paarden die zand eten. Sand Relief is rijk aan vezels en bevat 99% psyillium husk, ook wel vlozaad vezels genoemd.\u00a0Deze vlozaadvezels vormen bij contact met vocht een geleiachtige brei die het zand aan zich bindt en uit de darmen mee naar buiten [&hellip;]","og_url":"https:\/\/www.pharmacy4pets.nl\/be\/sectolin-sand-relief-psyllium","og_site_name":"Pharmacy4pets","article_publisher":"https:\/\/www.facebook.com\/people\/Pharmacy4petsnl\/100063484989896\/","article_modified_time":"2026-03-25T12:05:41+00:00","og_image":[{"width":600,"height":600,"url":"https:\/\/www.pharmacy4pets.nl\/wp-content\/uploads\/2023\/08\/26240.jpg","type":"image\/jpeg"}],"twitter_card":"summary_large_image","twitter_misc":{"Geschatte leestijd":"1 minuut"},"schema":{"@context":"https:\/\/schema.org","@graph":[{"@type":"WebPage","@id":"https:\/\/www.pharmacy4pets.nl\/be\/sectolin-sand-relief-psyllium","url":"https:\/\/www.pharmacy4pets.nl\/be\/sectolin-sand-relief-psyllium","name":"Sectolin Sand Relief Psyllium | 700 gram - Pharmacy4pets","isPartOf":{"@id":"http:\/\/www.pharmacy4pets.nl\/#website"},"primaryImageOfPage":{"@id":"https:\/\/www.pharmacy4pets.nl\/be\/sectolin-sand-relief-psyllium#primaryimage"},"image":{"@id":"https:\/\/www.pharmacy4pets.nl\/be\/sectolin-sand-relief-psyllium#primaryimage"},"thumbnailUrl":"https:\/\/www.pharmacy4pets.nl\/wp-content\/uploads\/2023\/08\/26240.jpg","datePublished":"2023-08-21T16:01:33+00:00","dateModified":"2026-03-25T12:05:41+00:00","breadcrumb":{"@id":"https:\/\/www.pharmacy4pets.nl\/be\/sectolin-sand-relief-psyllium#breadcrumb"},"inLanguage":"nl-NL","potentialAction":[{"@type":"ReadAction","target":["https:\/\/www.pharmacy4pets.nl\/be\/sectolin-sand-relief-psyllium"]}]},{"@type":"ImageObject","inLanguage":"nl-NL","@id":"https:\/\/www.pharmacy4pets.nl\/be\/sectolin-sand-relief-psyllium#primaryimage","url":"https:\/\/www.pharmacy4pets.nl\/wp-content\/uploads\/2023\/08\/26240.jpg","contentUrl":"https:\/\/www.pharmacy4pets.nl\/wp-content\/uploads\/2023\/08\/26240.jpg","width":600,"height":600,"caption":"Sectolin Sand Relief Psyllium"},{"@type":"BreadcrumbList","@id":"https:\/\/www.pharmacy4pets.nl\/be\/sectolin-sand-relief-psyllium#breadcrumb","itemListElement":[{"@type":"ListItem","position":1,"name":"Home","item":"https:\/\/p4p-nl.bootmine.com\/"},{"@type":"ListItem","position":2,"name":"Winkel","item":"https:\/\/p4p-nl.bootmine.com\/winkel"},{"@type":"ListItem","position":3,"name":"Sectolin Sand Relief Psyllium | 700 gram"}]},{"@type":"WebSite","@id":"http:\/\/www.pharmacy4pets.nl\/#website","url":"http:\/\/www.pharmacy4pets.nl\/","name":"Pharmacy4pets","description":"Pharmacy4pets.nl is d\u00e9 online apotheek waar u terecht kunt voor alle diergeneesmiddelen, verzorgingsproducten en dieetvoeding voor uw huisdier.","publisher":{"@id":"http:\/\/www.pharmacy4pets.nl\/#organization"},"potentialAction":[{"@type":"SearchAction","target":{"@type":"EntryPoint","urlTemplate":"http:\/\/www.pharmacy4pets.nl\/?s={search_term_string}"},"query-input":{"@type":"PropertyValueSpecification","valueRequired":true,"valueName":"search_term_string"}}],"inLanguage":"nl-NL"},{"@type":"Organization","@id":"http:\/\/www.pharmacy4pets.nl\/#organization","name":"Pharmacy4pets","url":"http:\/\/www.pharmacy4pets.nl\/","logo":{"@type":"ImageObject","inLanguage":"nl-NL","@id":"http:\/\/www.pharmacy4pets.nl\/#\/schema\/logo\/image\/","url":"https:\/\/p4p-nl.bootmine.com\/wp-content\/uploads\/2026\/03\/logo-pharmacy4pets.png","contentUrl":"https:\/\/p4p-nl.bootmine.com\/wp-content\/uploads\/2026\/03\/logo-pharmacy4pets.png","width":1024,"height":135,"caption":"Pharmacy4pets"},"image":{"@id":"http:\/\/www.pharmacy4pets.nl\/#\/schema\/logo\/image\/"},"sameAs":["https:\/\/www.facebook.com\/people\/Pharmacy4petsnl\/100063484989896\/","https:\/\/www.youtube.com\/channel\/UCGPTIgucgli03tP2_kvLkHg\/featured","https:\/\/www.instagram.com\/pharmacy4pets.nl"]}]}},"market_data":{"nl":{"price":0,"sale_price":0,"active":false,"url":null,"parent_url":"","tax_rate":0,"price_inc_tax":0,"sale_price_inc_tax":0},"de":{"price":0,"sale_price":0,"active":false,"url":null,"parent_url":"","tax_rate":0,"price_inc_tax":0,"sale_price_inc_tax":0},"be":{"price":0,"sale_price":0,"active":false,"url":null,"parent_url":"","tax_rate":0,"price_inc_tax":0,"sale_price_inc_tax":0},"fr":{"price":0,"sale_price":0,"active":false,"url":null,"parent_url":"","tax_rate":0,"price_inc_tax":0,"sale_price_inc_tax":0},"ch":{"price":0,"sale_price":0,"active":false,"url":null,"parent_url":"","tax_rate":0,"price_inc_tax":0,"sale_price_inc_tax":0},"at":{"price":0,"sale_price":0,"active":false,"url":null,"parent_url":"","tax_rate":0,"price_inc_tax":0,"sale_price_inc_tax":0},"es":{"price":0,"sale_price":0,"active":false,"url":null,"parent_url":"","tax_rate":0,"price_inc_tax":0,"sale_price_inc_tax":0},"dk":{"price":0,"sale_price":0,"active":false,"url":null,"parent_url":"","tax_rate":0,"price_inc_tax":0,"sale_price_inc_tax":0},"com":{"price":0,"sale_price":0,"active":false,"url":null,"parent_url":"","tax_rate":0,"price_inc_tax":0,"sale_price_inc_tax":0}},"market_nl_price":0,"market_nl_sale_price":0,"market_nl_active":false,"market_nl_url":null,"market_nl_parent_url":"","market_nl_tax_rate":0,"market_nl_price_inc_tax":0,"market_nl_sale_price_inc_tax":0,"market_de_price":0,"market_de_sale_price":0,"market_de_active":false,"market_de_url":null,"market_de_parent_url":"","market_de_tax_rate":0,"market_de_price_inc_tax":0,"market_de_sale_price_inc_tax":0,"market_be_price":0,"market_be_sale_price":0,"market_be_active":false,"market_be_url":null,"market_be_parent_url":"","market_be_tax_rate":0,"market_be_price_inc_tax":0,"market_be_sale_price_inc_tax":0,"market_fr_price":0,"market_fr_sale_price":0,"market_fr_active":false,"market_fr_url":null,"market_fr_parent_url":"","market_fr_tax_rate":0,"market_fr_price_inc_tax":0,"market_fr_sale_price_inc_tax":0,"market_ch_price":0,"market_ch_sale_price":0,"market_ch_active":false,"market_ch_url":null,"market_ch_parent_url":"","market_ch_tax_rate":0,"market_ch_price_inc_tax":0,"market_ch_sale_price_inc_tax":0,"market_at_price":0,"market_at_sale_price":0,"market_at_active":false,"market_at_url":null,"market_at_parent_url":"","market_at_tax_rate":0,"market_at_price_inc_tax":0,"market_at_sale_price_inc_tax":0,"market_es_price":0,"market_es_sale_price":0,"market_es_active":false,"market_es_url":null,"market_es_parent_url":"","market_es_tax_rate":0,"market_es_price_inc_tax":0,"market_es_sale_price_inc_tax":0,"market_dk_price":0,"market_dk_sale_price":0,"market_dk_active":false,"market_dk_url":null,"market_dk_parent_url":"","market_dk_tax_rate":0,"market_dk_price_inc_tax":0,"market_dk_sale_price_inc_tax":0,"market_com_price":0,"market_com_sale_price":0,"market_com_active":false,"market_com_url":null,"market_com_parent_url":"","market_com_tax_rate":0,"market_com_price_inc_tax":0,"market_com_sale_price_inc_tax":0,"acf":[],"_links":{"self":[{"href":"https:\/\/www.pharmacy4pets.nl\/be\/wp-json\/wp\/v2\/product\/120345","targetHints":{"allow":["GET"]}}],"collection":[{"href":"https:\/\/www.pharmacy4pets.nl\/be\/wp-json\/wp\/v2\/product"}],"about":[{"href":"https:\/\/www.pharmacy4pets.nl\/be\/wp-json\/wp\/v2\/types\/product"}],"replies":[{"embeddable":true,"href":"https:\/\/www.pharmacy4pets.nl\/be\/wp-json\/wp\/v2\/comments?post=120345"}],"wp:featuredmedia":[{"embeddable":true,"href":"https:\/\/www.pharmacy4pets.nl\/be\/wp-json\/wp\/v2\/media\/120344"}],"wp:attachment":[{"href":"https:\/\/www.pharmacy4pets.nl\/be\/wp-json\/wp\/v2\/media?parent=120345"}],"wp:term":[{"taxonomy":"product_brand","embeddable":true,"href":"https:\/\/www.pharmacy4pets.nl\/be\/wp-json\/wp\/v2\/product_brand?post=120345"},{"taxonomy":"product_cat","embeddable":true,"href":"https:\/\/www.pharmacy4pets.nl\/be\/wp-json\/wp\/v2\/product_cat?post=120345"},{"taxonomy":"product_tag","embeddable":true,"href":"https:\/\/www.pharmacy4pets.nl\/be\/wp-json\/wp\/v2\/product_tag?post=120345"}],"curies":[{"name":"wp","href":"https:\/\/api.w.org\/{rel}","templated":true}]}}