{"id":120343,"date":"2023-08-21T15:49:53","date_gmt":"2023-08-21T15:49:53","guid":{"rendered":"https:\/\/p4p.test\/himalaya-liksteen"},"modified":"2026-04-14T08:05:27","modified_gmt":"2026-04-14T08:05:27","slug":"himalaya-liksteen","status":"publish","type":"product","link":"https:\/\/www.pharmacy4pets.nl\/be\/himalaya-liksteen","title":{"rendered":"Himalaya Liksteen 2-3 kg"},"content":{"rendered":"<p>Himalaya Liksteen voorziet uw paard of pony in de zoutbehoefte. Daarnaast draagt de liksteen ook bij aan het voorkomen van verveling.<\/p>\n<p>De Himalaya Liksteen bestaat, zoals de naam al aangeeft, uit zout gewonnen in het himalayagebergte. Hierdoor zit het zout vol met mineralen. Door de harde structuur van de liksteen wordt voorkomen dat uw paard of ponny stukken van de liksteen kan afbijten.<\/p>\n<p>De liksteen is voorzien van een touw, zodat u deze gemakkelijk kan ophangen.<\/p>\n<p>Doordat de liksteen een natuurproduct is kan het gewicht verschillen. De liksteen heeft een gewicht tussen de 2 en 3 kg.<\/p>\n","protected":false},"excerpt":{"rendered":"<p>Himalaya Liksteen voorziet uw paard of pony in de zoutbehoefte. Daarnaast draagt de liksteen ook bij aan het voorkomen van verveling. De Himalaya Liksteen bestaat, zoals de naam al aangeeft, uit zout gewonnen in het himalayagebergte. Hierdoor zit het zout vol met mineralen. Door de harde structuur van de liksteen wordt voorkomen dat uw paard [&hellip;]<\/p>\n","protected":false},"featured_media":120342,"comment_status":"open","ping_status":"closed","template":"","meta":{"_acf_changed":false,"_nl_post_content":"<p>Himalaya Liksteen voorziet uw paard of pony in de zoutbehoefte. Daarnaast draagt de liksteen ook bij aan het voorkomen van verveling.<\/p>\r\n<p>De Himalaya Liksteen bestaat, zoals de naam al aangeeft, uit zout gewonnen in het himalayagebergte. Hierdoor zit het zout vol met mineralen. Door de harde structuur van de liksteen wordt voorkomen dat uw paard of ponny stukken van de liksteen kan afbijten.<\/p>\r\n<p>De liksteen is voorzien van een touw, zodat u deze gemakkelijk kan ophangen.<\/p>\r\n<p>Doordat de liksteen een natuurproduct is kan het gewicht verschillen. De liksteen heeft een gewicht tussen de 2 en 3 kg.<\/p>","_nl_post_name":"himalaya-liksteen","_nl_post_excerpt":"","_nl_post_title":"Himalaya Liksteen 2-3 kg","_en_post_content":"<p>Himalayan Lickstone provides your horse or pony with its salt needs. In addition, the lick also contributes to preventing boredom.<\/p>\r\n<p>The Himalayan Lick consists, as the name suggests, of salt extracted in the Himalayan mountains. This makes the salt full of minerals. The hard structure of the lick prevents your horse or pony from biting off pieces of the lick.<\/p>\r\n<p>The lick is equipped with a rope, so you can easily hang it.<\/p>\r\n<p>Because the lick is a natural product, the weight may vary. The lick has a weight between 2 and 3 kg.<\/p>","_en_post_name":"himalayan-lickstone","_en_post_excerpt":"","_en_post_title":"Himalayan Lickstone 2-3 kg","_de_post_content":"<p>Himalaya-Leckstein deckt den Salzbedarf Ihres Pferdes oder Ponys. Dar\u00fcber hinaus tr\u00e4gt das Lecken auch dazu bei, Langeweile vorzubeugen.<\/p>\r\n<p>Das Himalaya-Leck besteht, wie der Name schon sagt, aus Salz, das im Himalaya-Gebirge gewonnen wird. Dadurch ist das Salz voller Mineralien. Die harte Struktur des Lecksteins verhindert, dass Ihr Pferd oder Pony Teile des Lecksteins abbei\u00dft.<\/p>\r\n<p>Der Leckstein ist mit einem Seil ausgestattet, sodass Sie ihn einfach aufh\u00e4ngen k\u00f6nnen.<\/p>\r\n<p>Da es sich bei dem Leckstein um ein Naturprodukt handelt, kann das Gewicht variieren. Der Leckstein hat ein Gewicht zwischen 2 und 3 kg.<\/p>","_de_post_name":"himalaya-leckstein","_de_post_excerpt":"","_de_post_title":"Himalaya Leckstein 2-3 kg","_fr_post_content":"<p>Pierre \u00e0 l\u00e9cher de l'Himalaya fournit \u00e0 votre cheval ou poney ses besoins en sel. De plus, le coup de langue contribue \u00e9galement \u00e0 pr\u00e9venir l'ennui.<\/p>\n<p>Le pierre \u00e0 l\u00e9cher de l'Himalaya est constitu\u00e9, comme son nom l'indique, de sel extrait dans les montagnes himalayennes. Cela rend le sel plein de min\u00e9raux. La structure dure du l\u00e8chement emp\u00eache votre cheval ou poney de mordre des morceaux de l\u00e9cher.<\/p>\n<p>Le l\u00e8che est \u00e9quip\u00e9 d'une corde, vous pouvez donc l'accrocher facilement.<\/p>\n<p>Le produit \u00e0 l\u00e9cher \u00e9tant un produit naturel, son poids peut varier. La langue \u00e0 l\u00e9cher p\u00e8se entre 2 et 3 kg.<\/p>","_fr_post_name":"pierre-a-lecher-himalaya","_fr_post_excerpt":"","_fr_post_title":"Pierre \u00e0 l\u00e9cher de l'Himalaya 2-3 kg","_es_post_content":"<p>Bloque de sal del Himalaya proporciona a su caballo o pony la sal que necesita. Adem\u00e1s, la lamida tambi\u00e9n contribuye a prevenir el aburrimiento.<\/p>\n<p>El Bloque de sal del Himalaya consiste, como su nombre indica, en sal extra\u00edda de las monta\u00f1as del Himalaya. Esto hace que la sal est\u00e9 llena de minerales. La estructura dura de la lamida evita que su caballo o pony muerda los pedazos de la lamida.<\/p>\n<p>La lamida est\u00e1 equipada con una cuerda, por lo que puedes colgarla f\u00e1cilmente.<\/p>\n<p>Debido a que la lamida es un producto natural, el peso puede variar. La lamida tiene un peso entre 2 y 3 kg.<\/p>","_es_post_name":"bloque-de-sal-del-himalaya","_es_post_excerpt":"","_es_post_title":"Bloque de sal del Himalaya 2-3 kg","edit_language":"nl"},"product_brand":[],"product_cat":[2015,1811,1809],"product_tag":[],"class_list":{"0":"post-120343","1":"product","2":"type-product","3":"status-publish","4":"has-post-thumbnail","6":"product_cat-immuunsysteem-weerstand","7":"product_cat-medicijnen-supplementen","8":"product_cat-paarden","9":"pa_aandoening-overig","10":"pa_doeldier-paard","11":"pa_fabricatieland-nederland","12":"pa_merkfilter-overig","13":"pa_merkgroep-overig","14":"pa_productsoort-voedingssupplement","15":"pa_toedieningswijze-snack","16":"pa_unit_pricing_base_measure-1ct","17":"pa_unit_pricing_measure-1ct","18":"pa_werkzamestof-overig","20":"first","21":"instock","22":"taxable","23":"shipping-taxable","24":"purchasable","25":"product-type-simple"},"yoast_head":"<!-- This site is optimized with the Yoast SEO plugin v27.5 - https:\/\/yoast.com\/product\/yoast-seo-wordpress\/ -->\n<title>Himalaya Liksteen 2-3 kg - Pharmacy4pets<\/title>\n<meta name=\"robots\" content=\"index, follow, max-snippet:-1, max-image-preview:large, max-video-preview:-1\" \/>\n<link rel=\"canonical\" href=\"https:\/\/www.pharmacy4pets.nl\/himalaya-liksteen\" \/>\n<meta property=\"og:locale\" content=\"nl_NL\" \/>\n<meta property=\"og:type\" content=\"article\" \/>\n<meta property=\"og:title\" content=\"Himalaya Liksteen 2-3 kg - Pharmacy4pets\" \/>\n<meta property=\"og:description\" content=\"Himalaya Liksteen voorziet uw paard of pony in de zoutbehoefte. Daarnaast draagt de liksteen ook bij aan het voorkomen van verveling. De Himalaya Liksteen bestaat, zoals de naam al aangeeft, uit zout gewonnen in het himalayagebergte. Hierdoor zit het zout vol met mineralen. Door de harde structuur van de liksteen wordt voorkomen dat uw paard [&hellip;]\" \/>\n<meta property=\"og:url\" content=\"https:\/\/www.pharmacy4pets.nl\/himalaya-liksteen\" \/>\n<meta property=\"og:site_name\" content=\"Pharmacy4pets\" \/>\n<meta property=\"article:publisher\" content=\"https:\/\/www.facebook.com\/people\/Pharmacy4petsnl\/100063484989896\/\" \/>\n<meta property=\"article:modified_time\" content=\"2026-04-14T08:05:27+00:00\" \/>\n<meta property=\"og:image\" content=\"https:\/\/www.pharmacy4pets.nl\/wp-content\/uploads\/2023\/08\/26241_1.jpg\" \/>\n\t<meta property=\"og:image:width\" content=\"437\" \/>\n\t<meta property=\"og:image:height\" content=\"600\" \/>\n\t<meta property=\"og:image:type\" content=\"image\/jpeg\" \/>\n<meta name=\"twitter:card\" content=\"summary_large_image\" \/>\n<script type=\"application\/ld+json\" class=\"yoast-schema-graph\">{\"@context\":\"https:\\\/\\\/schema.org\",\"@graph\":[{\"@type\":\"WebPage\",\"@id\":\"https:\\\/\\\/www.pharmacy4pets.nl\\\/himalaya-liksteen\",\"url\":\"https:\\\/\\\/www.pharmacy4pets.nl\\\/himalaya-liksteen\",\"name\":\"Himalaya Liksteen 2-3 kg - Pharmacy4pets\",\"isPartOf\":{\"@id\":\"http:\\\/\\\/www.pharmacy4pets.nl\\\/#website\"},\"primaryImageOfPage\":{\"@id\":\"https:\\\/\\\/www.pharmacy4pets.nl\\\/himalaya-liksteen#primaryimage\"},\"image\":{\"@id\":\"https:\\\/\\\/www.pharmacy4pets.nl\\\/himalaya-liksteen#primaryimage\"},\"thumbnailUrl\":\"https:\\\/\\\/www.pharmacy4pets.nl\\\/wp-content\\\/uploads\\\/2023\\\/08\\\/26241_1.jpg\",\"datePublished\":\"2023-08-21T15:49:53+00:00\",\"dateModified\":\"2026-04-14T08:05:27+00:00\",\"breadcrumb\":{\"@id\":\"https:\\\/\\\/www.pharmacy4pets.nl\\\/himalaya-liksteen#breadcrumb\"},\"inLanguage\":\"nl-NL\",\"potentialAction\":[{\"@type\":\"ReadAction\",\"target\":[\"https:\\\/\\\/www.pharmacy4pets.nl\\\/himalaya-liksteen\"]}]},{\"@type\":\"ImageObject\",\"inLanguage\":\"nl-NL\",\"@id\":\"https:\\\/\\\/www.pharmacy4pets.nl\\\/himalaya-liksteen#primaryimage\",\"url\":\"https:\\\/\\\/www.pharmacy4pets.nl\\\/wp-content\\\/uploads\\\/2023\\\/08\\\/26241_1.jpg\",\"contentUrl\":\"https:\\\/\\\/www.pharmacy4pets.nl\\\/wp-content\\\/uploads\\\/2023\\\/08\\\/26241_1.jpg\",\"width\":437,\"height\":600,\"caption\":\"Himalaya\"},{\"@type\":\"BreadcrumbList\",\"@id\":\"https:\\\/\\\/www.pharmacy4pets.nl\\\/himalaya-liksteen#breadcrumb\",\"itemListElement\":[{\"@type\":\"ListItem\",\"position\":1,\"name\":\"Home\",\"item\":\"https:\\\/\\\/p4p-nl.bootmine.com\\\/\"},{\"@type\":\"ListItem\",\"position\":2,\"name\":\"Winkel\",\"item\":\"https:\\\/\\\/p4p-nl.bootmine.com\\\/winkel\"},{\"@type\":\"ListItem\",\"position\":3,\"name\":\"Himalaya Liksteen 2-3 kg\"}]},{\"@type\":\"WebSite\",\"@id\":\"http:\\\/\\\/www.pharmacy4pets.nl\\\/#website\",\"url\":\"http:\\\/\\\/www.pharmacy4pets.nl\\\/\",\"name\":\"Pharmacy4pets\",\"description\":\"Pharmacy4pets.nl is d\u00e9 online apotheek waar u terecht kunt voor alle diergeneesmiddelen, verzorgingsproducten en dieetvoeding voor uw huisdier.\",\"publisher\":{\"@id\":\"http:\\\/\\\/www.pharmacy4pets.nl\\\/#organization\"},\"potentialAction\":[{\"@type\":\"SearchAction\",\"target\":{\"@type\":\"EntryPoint\",\"urlTemplate\":\"http:\\\/\\\/www.pharmacy4pets.nl\\\/?s={search_term_string}\"},\"query-input\":{\"@type\":\"PropertyValueSpecification\",\"valueRequired\":true,\"valueName\":\"search_term_string\"}}],\"inLanguage\":\"nl-NL\"},{\"@type\":\"Organization\",\"@id\":\"http:\\\/\\\/www.pharmacy4pets.nl\\\/#organization\",\"name\":\"Pharmacy4pets\",\"url\":\"http:\\\/\\\/www.pharmacy4pets.nl\\\/\",\"logo\":{\"@type\":\"ImageObject\",\"inLanguage\":\"nl-NL\",\"@id\":\"http:\\\/\\\/www.pharmacy4pets.nl\\\/#\\\/schema\\\/logo\\\/image\\\/\",\"url\":\"https:\\\/\\\/p4p-nl.bootmine.com\\\/wp-content\\\/uploads\\\/2026\\\/03\\\/logo-pharmacy4pets.png\",\"contentUrl\":\"https:\\\/\\\/p4p-nl.bootmine.com\\\/wp-content\\\/uploads\\\/2026\\\/03\\\/logo-pharmacy4pets.png\",\"width\":1024,\"height\":135,\"caption\":\"Pharmacy4pets\"},\"image\":{\"@id\":\"http:\\\/\\\/www.pharmacy4pets.nl\\\/#\\\/schema\\\/logo\\\/image\\\/\"},\"sameAs\":[\"https:\\\/\\\/www.facebook.com\\\/people\\\/Pharmacy4petsnl\\\/100063484989896\\\/\",\"https:\\\/\\\/www.youtube.com\\\/channel\\\/UCGPTIgucgli03tP2_kvLkHg\\\/featured\",\"https:\\\/\\\/www.instagram.com\\\/pharmacy4pets.nl\"]}]}<\/script>\n<!-- \/ Yoast SEO plugin. -->","yoast_head_json":{"title":"Himalaya Liksteen 2-3 kg - Pharmacy4pets","robots":{"index":"index","follow":"follow","max-snippet":"max-snippet:-1","max-image-preview":"max-image-preview:large","max-video-preview":"max-video-preview:-1"},"canonical":"https:\/\/www.pharmacy4pets.nl\/himalaya-liksteen","og_locale":"nl_NL","og_type":"article","og_title":"Himalaya Liksteen 2-3 kg - Pharmacy4pets","og_description":"Himalaya Liksteen voorziet uw paard of pony in de zoutbehoefte. Daarnaast draagt de liksteen ook bij aan het voorkomen van verveling. De Himalaya Liksteen bestaat, zoals de naam al aangeeft, uit zout gewonnen in het himalayagebergte. Hierdoor zit het zout vol met mineralen. Door de harde structuur van de liksteen wordt voorkomen dat uw paard [&hellip;]","og_url":"https:\/\/www.pharmacy4pets.nl\/himalaya-liksteen","og_site_name":"Pharmacy4pets","article_publisher":"https:\/\/www.facebook.com\/people\/Pharmacy4petsnl\/100063484989896\/","article_modified_time":"2026-04-14T08:05:27+00:00","og_image":[{"width":437,"height":600,"url":"https:\/\/www.pharmacy4pets.nl\/wp-content\/uploads\/2023\/08\/26241_1.jpg","type":"image\/jpeg"}],"twitter_card":"summary_large_image","schema":{"@context":"https:\/\/schema.org","@graph":[{"@type":"WebPage","@id":"https:\/\/www.pharmacy4pets.nl\/himalaya-liksteen","url":"https:\/\/www.pharmacy4pets.nl\/himalaya-liksteen","name":"Himalaya Liksteen 2-3 kg - Pharmacy4pets","isPartOf":{"@id":"http:\/\/www.pharmacy4pets.nl\/#website"},"primaryImageOfPage":{"@id":"https:\/\/www.pharmacy4pets.nl\/himalaya-liksteen#primaryimage"},"image":{"@id":"https:\/\/www.pharmacy4pets.nl\/himalaya-liksteen#primaryimage"},"thumbnailUrl":"https:\/\/www.pharmacy4pets.nl\/wp-content\/uploads\/2023\/08\/26241_1.jpg","datePublished":"2023-08-21T15:49:53+00:00","dateModified":"2026-04-14T08:05:27+00:00","breadcrumb":{"@id":"https:\/\/www.pharmacy4pets.nl\/himalaya-liksteen#breadcrumb"},"inLanguage":"nl-NL","potentialAction":[{"@type":"ReadAction","target":["https:\/\/www.pharmacy4pets.nl\/himalaya-liksteen"]}]},{"@type":"ImageObject","inLanguage":"nl-NL","@id":"https:\/\/www.pharmacy4pets.nl\/himalaya-liksteen#primaryimage","url":"https:\/\/www.pharmacy4pets.nl\/wp-content\/uploads\/2023\/08\/26241_1.jpg","contentUrl":"https:\/\/www.pharmacy4pets.nl\/wp-content\/uploads\/2023\/08\/26241_1.jpg","width":437,"height":600,"caption":"Himalaya"},{"@type":"BreadcrumbList","@id":"https:\/\/www.pharmacy4pets.nl\/himalaya-liksteen#breadcrumb","itemListElement":[{"@type":"ListItem","position":1,"name":"Home","item":"https:\/\/p4p-nl.bootmine.com\/"},{"@type":"ListItem","position":2,"name":"Winkel","item":"https:\/\/p4p-nl.bootmine.com\/winkel"},{"@type":"ListItem","position":3,"name":"Himalaya Liksteen 2-3 kg"}]},{"@type":"WebSite","@id":"http:\/\/www.pharmacy4pets.nl\/#website","url":"http:\/\/www.pharmacy4pets.nl\/","name":"Pharmacy4pets","description":"Pharmacy4pets.nl is d\u00e9 online apotheek waar u terecht kunt voor alle diergeneesmiddelen, verzorgingsproducten en dieetvoeding voor uw huisdier.","publisher":{"@id":"http:\/\/www.pharmacy4pets.nl\/#organization"},"potentialAction":[{"@type":"SearchAction","target":{"@type":"EntryPoint","urlTemplate":"http:\/\/www.pharmacy4pets.nl\/?s={search_term_string}"},"query-input":{"@type":"PropertyValueSpecification","valueRequired":true,"valueName":"search_term_string"}}],"inLanguage":"nl-NL"},{"@type":"Organization","@id":"http:\/\/www.pharmacy4pets.nl\/#organization","name":"Pharmacy4pets","url":"http:\/\/www.pharmacy4pets.nl\/","logo":{"@type":"ImageObject","inLanguage":"nl-NL","@id":"http:\/\/www.pharmacy4pets.nl\/#\/schema\/logo\/image\/","url":"https:\/\/p4p-nl.bootmine.com\/wp-content\/uploads\/2026\/03\/logo-pharmacy4pets.png","contentUrl":"https:\/\/p4p-nl.bootmine.com\/wp-content\/uploads\/2026\/03\/logo-pharmacy4pets.png","width":1024,"height":135,"caption":"Pharmacy4pets"},"image":{"@id":"http:\/\/www.pharmacy4pets.nl\/#\/schema\/logo\/image\/"},"sameAs":["https:\/\/www.facebook.com\/people\/Pharmacy4petsnl\/100063484989896\/","https:\/\/www.youtube.com\/channel\/UCGPTIgucgli03tP2_kvLkHg\/featured","https:\/\/www.instagram.com\/pharmacy4pets.nl"]}]}},"market_data":{"nl":{"price":0,"sale_price":0,"active":false,"url":null,"parent_url":"","tax_rate":0,"price_inc_tax":0,"sale_price_inc_tax":0},"de":{"price":0,"sale_price":0,"active":false,"url":null,"parent_url":"","tax_rate":0,"price_inc_tax":0,"sale_price_inc_tax":0},"be":{"price":0,"sale_price":0,"active":false,"url":null,"parent_url":"","tax_rate":0,"price_inc_tax":0,"sale_price_inc_tax":0},"fr":{"price":0,"sale_price":0,"active":false,"url":null,"parent_url":"","tax_rate":0,"price_inc_tax":0,"sale_price_inc_tax":0},"ch":{"price":0,"sale_price":0,"active":false,"url":null,"parent_url":"","tax_rate":0,"price_inc_tax":0,"sale_price_inc_tax":0},"at":{"price":0,"sale_price":0,"active":false,"url":null,"parent_url":"","tax_rate":0,"price_inc_tax":0,"sale_price_inc_tax":0},"es":{"price":0,"sale_price":0,"active":false,"url":null,"parent_url":"","tax_rate":0,"price_inc_tax":0,"sale_price_inc_tax":0},"dk":{"price":0,"sale_price":0,"active":false,"url":null,"parent_url":"","tax_rate":0,"price_inc_tax":0,"sale_price_inc_tax":0},"com":{"price":0,"sale_price":0,"active":false,"url":null,"parent_url":"","tax_rate":0,"price_inc_tax":0,"sale_price_inc_tax":0}},"market_nl_price":0,"market_nl_sale_price":0,"market_nl_active":false,"market_nl_url":null,"market_nl_parent_url":"","market_nl_tax_rate":0,"market_nl_price_inc_tax":0,"market_nl_sale_price_inc_tax":0,"market_de_price":0,"market_de_sale_price":0,"market_de_active":false,"market_de_url":null,"market_de_parent_url":"","market_de_tax_rate":0,"market_de_price_inc_tax":0,"market_de_sale_price_inc_tax":0,"market_be_price":0,"market_be_sale_price":0,"market_be_active":false,"market_be_url":null,"market_be_parent_url":"","market_be_tax_rate":0,"market_be_price_inc_tax":0,"market_be_sale_price_inc_tax":0,"market_fr_price":0,"market_fr_sale_price":0,"market_fr_active":false,"market_fr_url":null,"market_fr_parent_url":"","market_fr_tax_rate":0,"market_fr_price_inc_tax":0,"market_fr_sale_price_inc_tax":0,"market_ch_price":0,"market_ch_sale_price":0,"market_ch_active":false,"market_ch_url":null,"market_ch_parent_url":"","market_ch_tax_rate":0,"market_ch_price_inc_tax":0,"market_ch_sale_price_inc_tax":0,"market_at_price":0,"market_at_sale_price":0,"market_at_active":false,"market_at_url":null,"market_at_parent_url":"","market_at_tax_rate":0,"market_at_price_inc_tax":0,"market_at_sale_price_inc_tax":0,"market_es_price":0,"market_es_sale_price":0,"market_es_active":false,"market_es_url":null,"market_es_parent_url":"","market_es_tax_rate":0,"market_es_price_inc_tax":0,"market_es_sale_price_inc_tax":0,"market_dk_price":0,"market_dk_sale_price":0,"market_dk_active":false,"market_dk_url":null,"market_dk_parent_url":"","market_dk_tax_rate":0,"market_dk_price_inc_tax":0,"market_dk_sale_price_inc_tax":0,"market_com_price":0,"market_com_sale_price":0,"market_com_active":false,"market_com_url":null,"market_com_parent_url":"","market_com_tax_rate":0,"market_com_price_inc_tax":0,"market_com_sale_price_inc_tax":0,"acf":[],"_links":{"self":[{"href":"https:\/\/www.pharmacy4pets.nl\/be\/wp-json\/wp\/v2\/product\/120343","targetHints":{"allow":["GET"]}}],"collection":[{"href":"https:\/\/www.pharmacy4pets.nl\/be\/wp-json\/wp\/v2\/product"}],"about":[{"href":"https:\/\/www.pharmacy4pets.nl\/be\/wp-json\/wp\/v2\/types\/product"}],"replies":[{"embeddable":true,"href":"https:\/\/www.pharmacy4pets.nl\/be\/wp-json\/wp\/v2\/comments?post=120343"}],"wp:featuredmedia":[{"embeddable":true,"href":"https:\/\/www.pharmacy4pets.nl\/be\/wp-json\/wp\/v2\/media\/120342"}],"wp:attachment":[{"href":"https:\/\/www.pharmacy4pets.nl\/be\/wp-json\/wp\/v2\/media?parent=120343"}],"wp:term":[{"taxonomy":"product_brand","embeddable":true,"href":"https:\/\/www.pharmacy4pets.nl\/be\/wp-json\/wp\/v2\/product_brand?post=120343"},{"taxonomy":"product_cat","embeddable":true,"href":"https:\/\/www.pharmacy4pets.nl\/be\/wp-json\/wp\/v2\/product_cat?post=120343"},{"taxonomy":"product_tag","embeddable":true,"href":"https:\/\/www.pharmacy4pets.nl\/be\/wp-json\/wp\/v2\/product_tag?post=120343"}],"curies":[{"name":"wp","href":"https:\/\/api.w.org\/{rel}","templated":true}]}}