{"id":120335,"date":"2023-08-17T14:17:25","date_gmt":"2023-08-17T14:17:25","guid":{"rendered":"https:\/\/p4p.test\/maxani-regular-wipes"},"modified":"2026-04-14T08:05:26","modified_gmt":"2026-04-14T08:05:26","slug":"maxani-regular-wipes","status":"publish","type":"product","link":"https:\/\/www.pharmacy4pets.nl\/be\/maxani-regular-wipes","title":{"rendered":"Maxani Regular Wipes | 40 doekjes"},"content":{"rendered":"<p>Maxani Regular Wipes\u00a0<span class=\"fl-heading-text\">met hyaluronzuur\u00a0<\/span>zijn reinigende, hydraterende en verzorgende vochtige doekjes voor het snel en effectief schoonmaken van o.a. neusplooien, oorschelpen, poten, vieze haren rondom de bek of anus.<\/p>\n<p>Ge\u00efrriteerde en moeilijk bereikbare plekken zoals tussen de tenen of bij huid- en lipplooien kunnen na herstel bij gebruik van de chloorhexidine doekjes onderhouden worden met de Regular wipes.<\/p>\n<p>De Regular wipes zijn zeer geschikt voor de gevoelige huid door de alcoholvrije, intensief voedende formule. Hyaluronzuur, Alo\u00eb Vera en vitamine E verzachten, hydrateren en verzorgen de huid intensief.<\/p>\n<div id=\"col-1735027178\" class=\"col medium-7 small-12 large-7\">\n<div class=\"col-inner\">\n<div id=\"text-2704275070\" class=\"text Regularwipeshyaluronzuur\">\n<section id=\"Maxanimax-scoop\" class=\"fl-module fl-module-heading fl-node-7vzh8ua0xoef\" data-node=\"7vzh8ua0xoef\">\n<div class=\"fl-module-content fl-node-content\">\n<section id=\"Maxaniregularmoussenofragrance\" class=\"fl-module fl-module-heading fl-node-3zekxh87saou\" data-node=\"3zekxh87saou\">\n<div class=\"fl-module-content fl-node-content\">\n<div class=\"fl-module fl-module-rich-text fl-node-61a38f1024b59\" data-node=\"61a38f1024b59\">\n<div class=\"fl-module-content fl-node-content\">\n<div class=\"fl-rich-text\">\n<p>E\u00e9n pakje bevat 40 doekjes.<\/p>\n<\/div>\n<\/div>\n<\/div>\n<\/div>\n<\/section>\n<\/div>\n<\/section>\n<\/div>\n<\/div>\n<\/div>\n","protected":false},"excerpt":{"rendered":"<p>Maxani Regular Wipes\u00a0met hyaluronzuur\u00a0zijn reinigende, hydraterende en verzorgende vochtige doekjes voor het snel en effectief schoonmaken van o.a. neusplooien, oorschelpen, poten, vieze haren rondom de bek of anus. Ge\u00efrriteerde en moeilijk bereikbare plekken zoals tussen de tenen of bij huid- en lipplooien kunnen na herstel bij gebruik van de chloorhexidine doekjes onderhouden worden met de [&hellip;]<\/p>\n","protected":false},"featured_media":120334,"comment_status":"open","ping_status":"closed","template":"","meta":{"_acf_changed":false,"_nl_post_content":"<p>Maxani Regular Wipes\u00a0<span class=\"fl-heading-text\">met hyaluronzuur\u00a0<\/span>zijn reinigende, hydraterende en verzorgende vochtige doekjes voor het snel en effectief schoonmaken van o.a. neusplooien, oorschelpen, poten, vieze haren rondom de bek of anus.<\/p>\r\n<p>Ge\u00efrriteerde en moeilijk bereikbare plekken zoals tussen de tenen of bij huid- en lipplooien kunnen na herstel bij gebruik van de chloorhexidine doekjes onderhouden worden met de Regular wipes.<\/p>\r\n<p>De Regular wipes zijn zeer geschikt voor de gevoelige huid door de alcoholvrije, intensief voedende formule. Hyaluronzuur, Alo\u00eb Vera en vitamine E verzachten, hydrateren en verzorgen de huid intensief.<\/p>\r\n<div id=\"col-1735027178\" class=\"col medium-7 small-12 large-7\">\r\n<div class=\"col-inner\">\r\n<div id=\"text-2704275070\" class=\"text Regularwipeshyaluronzuur\">\r\n<section id=\"Maxanimax-scoop\" class=\"fl-module fl-module-heading fl-node-7vzh8ua0xoef\" data-node=\"7vzh8ua0xoef\">\r\n<div class=\"fl-module-content fl-node-content\">\r\n<section id=\"Maxaniregularmoussenofragrance\" class=\"fl-module fl-module-heading fl-node-3zekxh87saou\" data-node=\"3zekxh87saou\">\r\n<div class=\"fl-module-content fl-node-content\">\r\n<div class=\"fl-module fl-module-rich-text fl-node-61a38f1024b59\" data-node=\"61a38f1024b59\">\r\n<div class=\"fl-module-content fl-node-content\">\r\n<div class=\"fl-rich-text\">\r\n<p>E\u00e9n pakje bevat 40 doekjes.<\/p>\r\n<\/div>\r\n<\/div>\r\n<\/div>\r\n<\/div>\r\n<\/section>\r\n<\/div>\r\n<\/section>\r\n<\/div>\r\n<\/div>\r\n<\/div>","_nl_post_name":"maxani-regular-wipes","_nl_post_excerpt":"","_nl_post_title":"Maxani Regular Wipes | 40 doekjes","_en_post_content":"<p>Maxani Regular Wipes with hyaluronic acid are cleansing, moisturizing and caring wet wipes for quickly and effectively cleaning nose folds, ear cups, paws, dirty hair around the mouth or anus.<\/p>\n<p>Irritated and difficult to reach areas such as between the toes or in skin and lip folds can be maintained with the Regular wipes after recovery using the chlorhexidine wipes.<\/p>\n<p>The Regular wipes are very suitable for sensitive skin due to the alcohol-free, intensively nourishing formula. Hyaluronic acid, Aloe Vera and vitamin E soften, hydrate and intensively care for the skin.<\/p>\n<p>One pack contains 40 wipes.<\/p>","_en_post_name":"maxani-regular-wipes","_en_post_excerpt":"","_en_post_title":"Maxani Regular Wipes | 40 wipes","_de_post_content":"<p>Maxani Regular Wipes mit Hyalurons\u00e4ure sind reinigende, feuchtigkeitsspendende und pflegende Feuchtt\u00fccher zur schnellen und effektiven Reinigung von Nasenfalten, Ohrmuscheln, Pfoten, schmutzigen Haaren im Mund- oder Anusbereich.<\/p>\n<p>Gereizte und schwer erreichbare Bereiche wie zwischen den Zehen oder in Haut- und Lippenfalten k\u00f6nnen mit den regul\u00e4ren T\u00fcchern gepflegt werden, nach der Genesung mit den Chlorhexidin-T\u00fcchern.<\/p>\n<p>Durch die alkoholfreie, intensiv pflegende Formel sind die Regular T\u00fccher sehr gut f\u00fcr empfindliche Haut geeignet. Hyalurons\u00e4ure, Aloe Vera und Vitamin E machen die Haut weich, spenden Feuchtigkeit und pflegen sie intensiv.<\/p>\n<p>Eine Packung enth\u00e4lt 40 T\u00fccher.<\/p>","_de_post_name":"maxani-regular-wipes","_de_post_excerpt":"","_de_post_title":"Maxani Regular Wipes | 40 T\u00fccher","_fr_post_content":"<p>Les lingettes Maxani Regular Wipes \u00e0 l'acide hyaluronique sont des lingettes humides nettoyantes, hydratantes et soignantes pour nettoyer rapidement et efficacement les plis du nez, les oreillettes, les pattes, les poils sales autour de la bouche ou de l'anus.<\/p>\n<p>Les zones irrit\u00e9es et difficiles d'acc\u00e8s comme entre les orteils ou dans les plis de la peau et des l\u00e8vres peuvent \u00eatre entretenues avec les lingettes Regular apr\u00e8s r\u00e9cup\u00e9ration \u00e0 l'aide des lingettes \u00e0 la chlorhexidine.<\/p>\n<p>Les lingettes Regular conviennent parfaitement aux peaux sensibles gr\u00e2ce \u00e0 leur formule sans alcool et intens\u00e9ment nourrissante. L'acide hyaluronique, l'Aloe Vera et la vitamine E adoucissent, hydratent et soignent intens\u00e9ment la peau.<\/p>\n<p>Un paquet contient 40 lingettes.<\/p>","_fr_post_name":"maxani-regular-wipes","_fr_post_excerpt":"","_fr_post_title":"Maxani Regular Wipes | 40 lingettes","_es_post_content":"<p>Las toallitas Maxani Regular Wipes con \u00e1cido hialur\u00f3nico son toallitas h\u00famedas limpiadoras, hidratantes y de cuidado para limpiar de forma r\u00e1pida y eficaz los pliegues de la nariz, las orejeras, las patas, el pelo sucio alrededor de la boca o el ano.<\/p>\n<p>Las \u00e1reas irritadas y de dif\u00edcil acceso, como entre los dedos de los pies o en los pliegues de la piel y los labios, se pueden mantener con las toallitas regulares despu\u00e9s de la recuperaci\u00f3n con toallitas con clorhexidina.<\/p>\n<p>Las toallitas regulares son muy adecuadas para pieles sensibles gracias a su f\u00f3rmula intensamente nutritiva sin alcohol. El \u00e1cido hialur\u00f3nico, el Aloe Vera y la vitamina E suavizan, hidratan y cuidan intensamente la piel.<\/p>\n<p>Un paquete contiene 40 toallitas.<\/p>","_es_post_name":"maxani-regular-wipes","_es_post_excerpt":"","_es_post_title":"Maxani Regular Wipes | 40 toallitas","edit_language":"nl"},"product_brand":[],"product_cat":[1973,1891,1861,1117,1845,1118,2153,1839,1857,1863,1893],"product_tag":[],"class_list":{"0":"post-120335","1":"product","2":"type-product","3":"status-publish","4":"has-post-thumbnail","6":"product_cat-atopie","7":"product_cat-benodigdheden","9":"product_cat-honden","10":"product_cat-huid-vacht","11":"product_cat-katten","12":"product_cat-maxani","13":"product_cat-medicijnen-supplementen","14":"product_cat-merken","15":"product_cat-verzorging","17":"pa_aandoening-huid_vacht","18":"pa_doeldier-hond","19":"pa_doeldier-kat","20":"pa_fabricatieland-nederland","21":"pa_merkfilter-maxani","22":"pa_merkgroep-maxani","23":"pa_productsoort-overig","24":"pa_toedieningswijze-doekjes","25":"pa_unit_pricing_base_measure-1ct","26":"pa_unit_pricing_measure-40ct","27":"pa_werkzamestof-overig","29":"first","30":"instock","31":"taxable","32":"shipping-taxable","33":"purchasable","34":"product-type-simple"},"yoast_head":"<!-- This site is optimized with the Yoast SEO plugin v27.5 - https:\/\/yoast.com\/product\/yoast-seo-wordpress\/ -->\n<title>Maxani Regular Wipes | 40 doekjes - Pharmacy4pets<\/title>\n<meta name=\"robots\" content=\"index, follow, max-snippet:-1, max-image-preview:large, max-video-preview:-1\" \/>\n<link rel=\"canonical\" href=\"https:\/\/www.pharmacy4pets.nl\/maxani-regular-wipes\" \/>\n<meta property=\"og:locale\" content=\"nl_NL\" \/>\n<meta property=\"og:type\" content=\"article\" \/>\n<meta property=\"og:title\" content=\"Maxani Regular Wipes | 40 doekjes - Pharmacy4pets\" \/>\n<meta property=\"og:description\" content=\"Maxani Regular Wipes\u00a0met hyaluronzuur\u00a0zijn reinigende, hydraterende en verzorgende vochtige doekjes voor het snel en effectief schoonmaken van o.a. neusplooien, oorschelpen, poten, vieze haren rondom de bek of anus. Ge\u00efrriteerde en moeilijk bereikbare plekken zoals tussen de tenen of bij huid- en lipplooien kunnen na herstel bij gebruik van de chloorhexidine doekjes onderhouden worden met de [&hellip;]\" \/>\n<meta property=\"og:url\" content=\"https:\/\/www.pharmacy4pets.nl\/maxani-regular-wipes\" \/>\n<meta property=\"og:site_name\" content=\"Pharmacy4pets\" \/>\n<meta property=\"article:publisher\" content=\"https:\/\/www.facebook.com\/people\/Pharmacy4petsnl\/100063484989896\/\" \/>\n<meta property=\"article:modified_time\" content=\"2026-04-14T08:05:26+00:00\" \/>\n<meta property=\"og:image\" content=\"https:\/\/www.pharmacy4pets.nl\/wp-content\/uploads\/2023\/08\/25709_2.jpg\" \/>\n\t<meta property=\"og:image:width\" content=\"600\" \/>\n\t<meta property=\"og:image:height\" content=\"600\" \/>\n\t<meta property=\"og:image:type\" content=\"image\/jpeg\" \/>\n<meta name=\"twitter:card\" content=\"summary_large_image\" \/>\n<script type=\"application\/ld+json\" class=\"yoast-schema-graph\">{\"@context\":\"https:\\\/\\\/schema.org\",\"@graph\":[{\"@type\":\"WebPage\",\"@id\":\"https:\\\/\\\/www.pharmacy4pets.nl\\\/maxani-regular-wipes\",\"url\":\"https:\\\/\\\/www.pharmacy4pets.nl\\\/maxani-regular-wipes\",\"name\":\"Maxani Regular Wipes | 40 doekjes - Pharmacy4pets\",\"isPartOf\":{\"@id\":\"http:\\\/\\\/www.pharmacy4pets.nl\\\/#website\"},\"primaryImageOfPage\":{\"@id\":\"https:\\\/\\\/www.pharmacy4pets.nl\\\/maxani-regular-wipes#primaryimage\"},\"image\":{\"@id\":\"https:\\\/\\\/www.pharmacy4pets.nl\\\/maxani-regular-wipes#primaryimage\"},\"thumbnailUrl\":\"https:\\\/\\\/www.pharmacy4pets.nl\\\/wp-content\\\/uploads\\\/2023\\\/08\\\/25709_2.jpg\",\"datePublished\":\"2023-08-17T14:17:25+00:00\",\"dateModified\":\"2026-04-14T08:05:26+00:00\",\"breadcrumb\":{\"@id\":\"https:\\\/\\\/www.pharmacy4pets.nl\\\/maxani-regular-wipes#breadcrumb\"},\"inLanguage\":\"nl-NL\",\"potentialAction\":[{\"@type\":\"ReadAction\",\"target\":[\"https:\\\/\\\/www.pharmacy4pets.nl\\\/maxani-regular-wipes\"]}]},{\"@type\":\"ImageObject\",\"inLanguage\":\"nl-NL\",\"@id\":\"https:\\\/\\\/www.pharmacy4pets.nl\\\/maxani-regular-wipes#primaryimage\",\"url\":\"https:\\\/\\\/www.pharmacy4pets.nl\\\/wp-content\\\/uploads\\\/2023\\\/08\\\/25709_2.jpg\",\"contentUrl\":\"https:\\\/\\\/www.pharmacy4pets.nl\\\/wp-content\\\/uploads\\\/2023\\\/08\\\/25709_2.jpg\",\"width\":600,\"height\":600,\"caption\":\"Maxani Regular Wipes\"},{\"@type\":\"BreadcrumbList\",\"@id\":\"https:\\\/\\\/www.pharmacy4pets.nl\\\/maxani-regular-wipes#breadcrumb\",\"itemListElement\":[{\"@type\":\"ListItem\",\"position\":1,\"name\":\"Home\",\"item\":\"https:\\\/\\\/p4p-nl.bootmine.com\\\/\"},{\"@type\":\"ListItem\",\"position\":2,\"name\":\"Winkel\",\"item\":\"https:\\\/\\\/p4p-nl.bootmine.com\\\/winkel\"},{\"@type\":\"ListItem\",\"position\":3,\"name\":\"Maxani Regular Wipes | 40 doekjes\"}]},{\"@type\":\"WebSite\",\"@id\":\"http:\\\/\\\/www.pharmacy4pets.nl\\\/#website\",\"url\":\"http:\\\/\\\/www.pharmacy4pets.nl\\\/\",\"name\":\"Pharmacy4pets\",\"description\":\"Pharmacy4pets.nl is d\u00e9 online apotheek waar u terecht kunt voor alle diergeneesmiddelen, verzorgingsproducten en dieetvoeding voor uw huisdier.\",\"publisher\":{\"@id\":\"http:\\\/\\\/www.pharmacy4pets.nl\\\/#organization\"},\"potentialAction\":[{\"@type\":\"SearchAction\",\"target\":{\"@type\":\"EntryPoint\",\"urlTemplate\":\"http:\\\/\\\/www.pharmacy4pets.nl\\\/?s={search_term_string}\"},\"query-input\":{\"@type\":\"PropertyValueSpecification\",\"valueRequired\":true,\"valueName\":\"search_term_string\"}}],\"inLanguage\":\"nl-NL\"},{\"@type\":\"Organization\",\"@id\":\"http:\\\/\\\/www.pharmacy4pets.nl\\\/#organization\",\"name\":\"Pharmacy4pets\",\"url\":\"http:\\\/\\\/www.pharmacy4pets.nl\\\/\",\"logo\":{\"@type\":\"ImageObject\",\"inLanguage\":\"nl-NL\",\"@id\":\"http:\\\/\\\/www.pharmacy4pets.nl\\\/#\\\/schema\\\/logo\\\/image\\\/\",\"url\":\"https:\\\/\\\/p4p-nl.bootmine.com\\\/wp-content\\\/uploads\\\/2026\\\/03\\\/logo-pharmacy4pets.png\",\"contentUrl\":\"https:\\\/\\\/p4p-nl.bootmine.com\\\/wp-content\\\/uploads\\\/2026\\\/03\\\/logo-pharmacy4pets.png\",\"width\":1024,\"height\":135,\"caption\":\"Pharmacy4pets\"},\"image\":{\"@id\":\"http:\\\/\\\/www.pharmacy4pets.nl\\\/#\\\/schema\\\/logo\\\/image\\\/\"},\"sameAs\":[\"https:\\\/\\\/www.facebook.com\\\/people\\\/Pharmacy4petsnl\\\/100063484989896\\\/\",\"https:\\\/\\\/www.youtube.com\\\/channel\\\/UCGPTIgucgli03tP2_kvLkHg\\\/featured\",\"https:\\\/\\\/www.instagram.com\\\/pharmacy4pets.nl\"]}]}<\/script>\n<!-- \/ Yoast SEO plugin. -->","yoast_head_json":{"title":"Maxani Regular Wipes | 40 doekjes - Pharmacy4pets","robots":{"index":"index","follow":"follow","max-snippet":"max-snippet:-1","max-image-preview":"max-image-preview:large","max-video-preview":"max-video-preview:-1"},"canonical":"https:\/\/www.pharmacy4pets.nl\/maxani-regular-wipes","og_locale":"nl_NL","og_type":"article","og_title":"Maxani Regular Wipes | 40 doekjes - Pharmacy4pets","og_description":"Maxani Regular Wipes\u00a0met hyaluronzuur\u00a0zijn reinigende, hydraterende en verzorgende vochtige doekjes voor het snel en effectief schoonmaken van o.a. neusplooien, oorschelpen, poten, vieze haren rondom de bek of anus. Ge\u00efrriteerde en moeilijk bereikbare plekken zoals tussen de tenen of bij huid- en lipplooien kunnen na herstel bij gebruik van de chloorhexidine doekjes onderhouden worden met de [&hellip;]","og_url":"https:\/\/www.pharmacy4pets.nl\/maxani-regular-wipes","og_site_name":"Pharmacy4pets","article_publisher":"https:\/\/www.facebook.com\/people\/Pharmacy4petsnl\/100063484989896\/","article_modified_time":"2026-04-14T08:05:26+00:00","og_image":[{"width":600,"height":600,"url":"https:\/\/www.pharmacy4pets.nl\/wp-content\/uploads\/2023\/08\/25709_2.jpg","type":"image\/jpeg"}],"twitter_card":"summary_large_image","schema":{"@context":"https:\/\/schema.org","@graph":[{"@type":"WebPage","@id":"https:\/\/www.pharmacy4pets.nl\/maxani-regular-wipes","url":"https:\/\/www.pharmacy4pets.nl\/maxani-regular-wipes","name":"Maxani Regular Wipes | 40 doekjes - Pharmacy4pets","isPartOf":{"@id":"http:\/\/www.pharmacy4pets.nl\/#website"},"primaryImageOfPage":{"@id":"https:\/\/www.pharmacy4pets.nl\/maxani-regular-wipes#primaryimage"},"image":{"@id":"https:\/\/www.pharmacy4pets.nl\/maxani-regular-wipes#primaryimage"},"thumbnailUrl":"https:\/\/www.pharmacy4pets.nl\/wp-content\/uploads\/2023\/08\/25709_2.jpg","datePublished":"2023-08-17T14:17:25+00:00","dateModified":"2026-04-14T08:05:26+00:00","breadcrumb":{"@id":"https:\/\/www.pharmacy4pets.nl\/maxani-regular-wipes#breadcrumb"},"inLanguage":"nl-NL","potentialAction":[{"@type":"ReadAction","target":["https:\/\/www.pharmacy4pets.nl\/maxani-regular-wipes"]}]},{"@type":"ImageObject","inLanguage":"nl-NL","@id":"https:\/\/www.pharmacy4pets.nl\/maxani-regular-wipes#primaryimage","url":"https:\/\/www.pharmacy4pets.nl\/wp-content\/uploads\/2023\/08\/25709_2.jpg","contentUrl":"https:\/\/www.pharmacy4pets.nl\/wp-content\/uploads\/2023\/08\/25709_2.jpg","width":600,"height":600,"caption":"Maxani Regular Wipes"},{"@type":"BreadcrumbList","@id":"https:\/\/www.pharmacy4pets.nl\/maxani-regular-wipes#breadcrumb","itemListElement":[{"@type":"ListItem","position":1,"name":"Home","item":"https:\/\/p4p-nl.bootmine.com\/"},{"@type":"ListItem","position":2,"name":"Winkel","item":"https:\/\/p4p-nl.bootmine.com\/winkel"},{"@type":"ListItem","position":3,"name":"Maxani Regular Wipes | 40 doekjes"}]},{"@type":"WebSite","@id":"http:\/\/www.pharmacy4pets.nl\/#website","url":"http:\/\/www.pharmacy4pets.nl\/","name":"Pharmacy4pets","description":"Pharmacy4pets.nl is d\u00e9 online apotheek waar u terecht kunt voor alle diergeneesmiddelen, verzorgingsproducten en dieetvoeding voor uw huisdier.","publisher":{"@id":"http:\/\/www.pharmacy4pets.nl\/#organization"},"potentialAction":[{"@type":"SearchAction","target":{"@type":"EntryPoint","urlTemplate":"http:\/\/www.pharmacy4pets.nl\/?s={search_term_string}"},"query-input":{"@type":"PropertyValueSpecification","valueRequired":true,"valueName":"search_term_string"}}],"inLanguage":"nl-NL"},{"@type":"Organization","@id":"http:\/\/www.pharmacy4pets.nl\/#organization","name":"Pharmacy4pets","url":"http:\/\/www.pharmacy4pets.nl\/","logo":{"@type":"ImageObject","inLanguage":"nl-NL","@id":"http:\/\/www.pharmacy4pets.nl\/#\/schema\/logo\/image\/","url":"https:\/\/p4p-nl.bootmine.com\/wp-content\/uploads\/2026\/03\/logo-pharmacy4pets.png","contentUrl":"https:\/\/p4p-nl.bootmine.com\/wp-content\/uploads\/2026\/03\/logo-pharmacy4pets.png","width":1024,"height":135,"caption":"Pharmacy4pets"},"image":{"@id":"http:\/\/www.pharmacy4pets.nl\/#\/schema\/logo\/image\/"},"sameAs":["https:\/\/www.facebook.com\/people\/Pharmacy4petsnl\/100063484989896\/","https:\/\/www.youtube.com\/channel\/UCGPTIgucgli03tP2_kvLkHg\/featured","https:\/\/www.instagram.com\/pharmacy4pets.nl"]}]}},"market_data":{"nl":{"price":0,"sale_price":0,"active":false,"url":null,"parent_url":"","tax_rate":0,"price_inc_tax":0,"sale_price_inc_tax":0},"de":{"price":0,"sale_price":0,"active":false,"url":null,"parent_url":"","tax_rate":0,"price_inc_tax":0,"sale_price_inc_tax":0},"be":{"price":0,"sale_price":0,"active":false,"url":null,"parent_url":"","tax_rate":0,"price_inc_tax":0,"sale_price_inc_tax":0},"fr":{"price":0,"sale_price":0,"active":false,"url":null,"parent_url":"","tax_rate":0,"price_inc_tax":0,"sale_price_inc_tax":0},"ch":{"price":0,"sale_price":0,"active":false,"url":null,"parent_url":"","tax_rate":0,"price_inc_tax":0,"sale_price_inc_tax":0},"at":{"price":0,"sale_price":0,"active":false,"url":null,"parent_url":"","tax_rate":0,"price_inc_tax":0,"sale_price_inc_tax":0},"es":{"price":0,"sale_price":0,"active":false,"url":null,"parent_url":"","tax_rate":0,"price_inc_tax":0,"sale_price_inc_tax":0},"dk":{"price":0,"sale_price":0,"active":false,"url":null,"parent_url":"","tax_rate":0,"price_inc_tax":0,"sale_price_inc_tax":0},"com":{"price":0,"sale_price":0,"active":false,"url":null,"parent_url":"","tax_rate":0,"price_inc_tax":0,"sale_price_inc_tax":0}},"market_nl_price":0,"market_nl_sale_price":0,"market_nl_active":false,"market_nl_url":null,"market_nl_parent_url":"","market_nl_tax_rate":0,"market_nl_price_inc_tax":0,"market_nl_sale_price_inc_tax":0,"market_de_price":0,"market_de_sale_price":0,"market_de_active":false,"market_de_url":null,"market_de_parent_url":"","market_de_tax_rate":0,"market_de_price_inc_tax":0,"market_de_sale_price_inc_tax":0,"market_be_price":0,"market_be_sale_price":0,"market_be_active":false,"market_be_url":null,"market_be_parent_url":"","market_be_tax_rate":0,"market_be_price_inc_tax":0,"market_be_sale_price_inc_tax":0,"market_fr_price":0,"market_fr_sale_price":0,"market_fr_active":false,"market_fr_url":null,"market_fr_parent_url":"","market_fr_tax_rate":0,"market_fr_price_inc_tax":0,"market_fr_sale_price_inc_tax":0,"market_ch_price":0,"market_ch_sale_price":0,"market_ch_active":false,"market_ch_url":null,"market_ch_parent_url":"","market_ch_tax_rate":0,"market_ch_price_inc_tax":0,"market_ch_sale_price_inc_tax":0,"market_at_price":0,"market_at_sale_price":0,"market_at_active":false,"market_at_url":null,"market_at_parent_url":"","market_at_tax_rate":0,"market_at_price_inc_tax":0,"market_at_sale_price_inc_tax":0,"market_es_price":0,"market_es_sale_price":0,"market_es_active":false,"market_es_url":null,"market_es_parent_url":"","market_es_tax_rate":0,"market_es_price_inc_tax":0,"market_es_sale_price_inc_tax":0,"market_dk_price":0,"market_dk_sale_price":0,"market_dk_active":false,"market_dk_url":null,"market_dk_parent_url":"","market_dk_tax_rate":0,"market_dk_price_inc_tax":0,"market_dk_sale_price_inc_tax":0,"market_com_price":0,"market_com_sale_price":0,"market_com_active":false,"market_com_url":null,"market_com_parent_url":"","market_com_tax_rate":0,"market_com_price_inc_tax":0,"market_com_sale_price_inc_tax":0,"acf":[],"_links":{"self":[{"href":"https:\/\/www.pharmacy4pets.nl\/be\/wp-json\/wp\/v2\/product\/120335","targetHints":{"allow":["GET"]}}],"collection":[{"href":"https:\/\/www.pharmacy4pets.nl\/be\/wp-json\/wp\/v2\/product"}],"about":[{"href":"https:\/\/www.pharmacy4pets.nl\/be\/wp-json\/wp\/v2\/types\/product"}],"replies":[{"embeddable":true,"href":"https:\/\/www.pharmacy4pets.nl\/be\/wp-json\/wp\/v2\/comments?post=120335"}],"wp:featuredmedia":[{"embeddable":true,"href":"https:\/\/www.pharmacy4pets.nl\/be\/wp-json\/wp\/v2\/media\/120334"}],"wp:attachment":[{"href":"https:\/\/www.pharmacy4pets.nl\/be\/wp-json\/wp\/v2\/media?parent=120335"}],"wp:term":[{"taxonomy":"product_brand","embeddable":true,"href":"https:\/\/www.pharmacy4pets.nl\/be\/wp-json\/wp\/v2\/product_brand?post=120335"},{"taxonomy":"product_cat","embeddable":true,"href":"https:\/\/www.pharmacy4pets.nl\/be\/wp-json\/wp\/v2\/product_cat?post=120335"},{"taxonomy":"product_tag","embeddable":true,"href":"https:\/\/www.pharmacy4pets.nl\/be\/wp-json\/wp\/v2\/product_tag?post=120335"}],"curies":[{"name":"wp","href":"https:\/\/api.w.org\/{rel}","templated":true}]}}