{"id":120333,"date":"2023-07-27T16:57:16","date_gmt":"2023-07-27T16:57:16","guid":{"rendered":"https:\/\/p4p.test\/dermiel-wondzalf"},"modified":"2026-03-25T12:05:37","modified_gmt":"2026-03-25T12:05:37","slug":"dermiel-wondzalf","status":"publish","type":"product","link":"https:\/\/www.pharmacy4pets.nl\/be\/dermiel-wondzalf","title":{"rendered":"Dermiel zalf"},"content":{"rendered":"<h1>Dermiel zalf<\/h1>\n<p>Dermiel zalf bevat onder andere honing en etherische oli\u00ebn. De basisingredi\u00ebnten van de zalf ondersteunen het herstellend vermogen van de huid. Dermiel bevat honing met een hoog enzymgehalte en een lage pH.<\/p>\n","protected":false},"excerpt":{"rendered":"<p>Dermiel zalf Dermiel zalf bevat onder andere honing en etherische oli\u00ebn. De basisingredi\u00ebnten van de zalf ondersteunen het herstellend vermogen van de huid. Dermiel bevat honing met een hoog enzymgehalte en een lage pH.<\/p>\n","protected":false},"featured_media":120332,"comment_status":"open","ping_status":"closed","template":"","meta":{"_acf_changed":false,"_nl_post_content":"<h1>Dermiel zalf<\/h1>\n<p>Dermiel zalf bevat onder andere honing en etherische oli\u00ebn. De basisingredi\u00ebnten van de zalf ondersteunen het herstellend vermogen van de huid. Dermiel bevat honing met een hoog enzymgehalte en een lage pH.<\/p>","_nl_post_name":"dermiel-wondzalf","_nl_post_excerpt":"","_nl_post_title":"Dermiel zalf","_en_post_content":"<h1>Dermiel ointment<\/h1>\n<p>Dermiel ointment includes honey and essential oils. The ointment's basic ingredients support the skin's healing ability. Dermiel contains honey with a high enzyme content and a low pH.<\/p>","_en_post_name":"dermiel-wound-ointment","_en_post_excerpt":"","_en_post_title":"Dermiel ointment","_de_post_content":"<h1>Dermiel Salbe<\/h1>\n<p>Dermiel-Salbe enth\u00e4lt Honig und \u00e4therische \u00d6le. Die Grundstoffe der Salbe unterst\u00fctzen die Heilungsf\u00e4higkeit der Haut. Dermiel enth\u00e4lt Honig mit einem hohen Enzymgehalt und einem niedrigen pH-Wert.<\/p>","_de_post_name":"dermiel-wundsalbe","_de_post_excerpt":"","_de_post_title":"Dermiel Salbe","_fr_post_content":"<h1>Dermiel pommade<\/h1>\n<p>La pommade de Dermiel contient du miel et des huiles essentielles. Les ingr\u00e9dients de base de la pommade soutiennent la capacit\u00e9 de gu\u00e9rison de la peau. Dermiel contient du miel \u00e0 haute teneur en enzymes et \u00e0 faible pH.<\/p>","_fr_post_name":"dermiel-pommade-pour-les-plaies","_fr_post_excerpt":"","_fr_post_title":"Dermiel pommade","_es_post_content":"<h1>Dermiel pomada<\/h1>\n<p>La pomada Dermiel incluye miel y aceites esenciales. Los ingredientes b\u00e1sicos de la pomada apoyan la capacidad de curaci\u00f3n de la piel. Dermiel contiene miel con un alto contenido de enzimas y un pH bajo.<\/p>","_es_post_name":"dermiel-pomada-cicatrizante-8695","_es_post_excerpt":"","_es_post_title":"Dermiel pomada","edit_language":"nl"},"product_brand":[],"product_cat":[2345,1861,2344,1820,1891,2209,2229,2040,1892,1821,1862,1117,2115,2133,1974,2341,1845,1876,1118,1825,1839,1871,1857,1824,1809,1855,2177,1893,2211,1863],"product_tag":[],"class_list":{"0":"post-120333","1":"product","2":"type-product","3":"status-publish","4":"has-post-thumbnail","6":"product_cat-benodigdheden","11":"product_cat-puppy-benodigdheden","12":"product_cat-cavia","13":"product_cat-dermiel","14":"product_cat-ehbo","17":"product_cat-honden","18":"product_cat-honingzalf","20":"product_cat-hotspot","22":"product_cat-huid-vacht","24":"product_cat-katten","25":"product_cat-konijnen","26":"product_cat-medicijnen-supplementen","28":"product_cat-merken","29":"product_cat-overig","30":"product_cat-paarden","31":"product_cat-pijn-ontsteking","32":"product_cat-puppy","33":"product_cat-verzorging","36":"pa_aandoening-overig","37":"pa_doeldier-ezel","38":"pa_doeldier-hond","39":"pa_doeldier-kat","40":"pa_doeldier-knaagdier","41":"pa_doeldier-konijn","42":"pa_doeldier-paard","43":"pa_fabricatieland-nederland","44":"pa_merkfilter-dermiel","45":"pa_merkgroep-dechra","46":"pa_productsoort-overig","47":"pa_toedieningswijze-zalf","48":"pa_werkzamestof-overig","50":"first","51":"instock","52":"taxable","53":"shipping-taxable","54":"product-type-grouped"},"yoast_head":"<!-- This site is optimized with the Yoast SEO plugin v27.5 - https:\/\/yoast.com\/product\/yoast-seo-wordpress\/ -->\n<title>Dermiel zalf - Pharmacy4pets<\/title>\n<meta name=\"robots\" content=\"index, follow, max-snippet:-1, max-image-preview:large, max-video-preview:-1\" \/>\n<link rel=\"canonical\" href=\"https:\/\/www.pharmacy4pets.nl\/dermiel-wondzalf\" \/>\n<meta property=\"og:locale\" content=\"nl_NL\" \/>\n<meta property=\"og:type\" content=\"article\" \/>\n<meta property=\"og:title\" content=\"Dermiel zalf - Pharmacy4pets\" \/>\n<meta property=\"og:description\" content=\"Dermiel zalf Dermiel zalf bevat onder andere honing en etherische oli\u00ebn. De basisingredi\u00ebnten van de zalf ondersteunen het herstellend vermogen van de huid. Dermiel bevat honing met een hoog enzymgehalte en een lage pH.\" \/>\n<meta property=\"og:url\" content=\"https:\/\/www.pharmacy4pets.nl\/dermiel-wondzalf\" \/>\n<meta property=\"og:site_name\" content=\"Pharmacy4pets\" \/>\n<meta property=\"article:publisher\" content=\"https:\/\/www.facebook.com\/people\/Pharmacy4petsnl\/100063484989896\/\" \/>\n<meta property=\"article:modified_time\" content=\"2026-03-25T12:05:37+00:00\" \/>\n<meta property=\"og:image\" content=\"https:\/\/www.pharmacy4pets.nl\/wp-content\/uploads\/2023\/07\/Dermiel_zalf.Jpg\" \/>\n\t<meta property=\"og:image:width\" content=\"480\" \/>\n\t<meta property=\"og:image:height\" content=\"480\" \/>\n\t<meta property=\"og:image:type\" content=\"image\/jpeg\" \/>\n<meta name=\"twitter:card\" content=\"summary_large_image\" \/>\n<script type=\"application\/ld+json\" class=\"yoast-schema-graph\">{\"@context\":\"https:\\\/\\\/schema.org\",\"@graph\":[{\"@type\":\"WebPage\",\"@id\":\"https:\\\/\\\/www.pharmacy4pets.nl\\\/dermiel-wondzalf\",\"url\":\"https:\\\/\\\/www.pharmacy4pets.nl\\\/dermiel-wondzalf\",\"name\":\"Dermiel zalf - Pharmacy4pets\",\"isPartOf\":{\"@id\":\"http:\\\/\\\/www.pharmacy4pets.nl\\\/#website\"},\"primaryImageOfPage\":{\"@id\":\"https:\\\/\\\/www.pharmacy4pets.nl\\\/dermiel-wondzalf#primaryimage\"},\"image\":{\"@id\":\"https:\\\/\\\/www.pharmacy4pets.nl\\\/dermiel-wondzalf#primaryimage\"},\"thumbnailUrl\":\"https:\\\/\\\/www.pharmacy4pets.nl\\\/wp-content\\\/uploads\\\/2023\\\/07\\\/Dermiel_zalf.Jpg\",\"datePublished\":\"2023-07-27T16:57:16+00:00\",\"dateModified\":\"2026-03-25T12:05:37+00:00\",\"breadcrumb\":{\"@id\":\"https:\\\/\\\/www.pharmacy4pets.nl\\\/dermiel-wondzalf#breadcrumb\"},\"inLanguage\":\"nl-NL\",\"potentialAction\":[{\"@type\":\"ReadAction\",\"target\":[\"https:\\\/\\\/www.pharmacy4pets.nl\\\/dermiel-wondzalf\"]}]},{\"@type\":\"ImageObject\",\"inLanguage\":\"nl-NL\",\"@id\":\"https:\\\/\\\/www.pharmacy4pets.nl\\\/dermiel-wondzalf#primaryimage\",\"url\":\"https:\\\/\\\/www.pharmacy4pets.nl\\\/wp-content\\\/uploads\\\/2023\\\/07\\\/Dermiel_zalf.Jpg\",\"contentUrl\":\"https:\\\/\\\/www.pharmacy4pets.nl\\\/wp-content\\\/uploads\\\/2023\\\/07\\\/Dermiel_zalf.Jpg\",\"width\":480,\"height\":480,\"caption\":\"Dermiel\"},{\"@type\":\"BreadcrumbList\",\"@id\":\"https:\\\/\\\/www.pharmacy4pets.nl\\\/dermiel-wondzalf#breadcrumb\",\"itemListElement\":[{\"@type\":\"ListItem\",\"position\":1,\"name\":\"Home\",\"item\":\"https:\\\/\\\/p4p-nl.bootmine.com\\\/\"},{\"@type\":\"ListItem\",\"position\":2,\"name\":\"Winkel\",\"item\":\"https:\\\/\\\/p4p-nl.bootmine.com\\\/winkel\"},{\"@type\":\"ListItem\",\"position\":3,\"name\":\"Dermiel zalf\"}]},{\"@type\":\"WebSite\",\"@id\":\"http:\\\/\\\/www.pharmacy4pets.nl\\\/#website\",\"url\":\"http:\\\/\\\/www.pharmacy4pets.nl\\\/\",\"name\":\"Pharmacy4pets\",\"description\":\"Pharmacy4pets.nl is d\u00e9 online apotheek waar u terecht kunt voor alle diergeneesmiddelen, verzorgingsproducten en dieetvoeding voor uw huisdier.\",\"publisher\":{\"@id\":\"http:\\\/\\\/www.pharmacy4pets.nl\\\/#organization\"},\"potentialAction\":[{\"@type\":\"SearchAction\",\"target\":{\"@type\":\"EntryPoint\",\"urlTemplate\":\"http:\\\/\\\/www.pharmacy4pets.nl\\\/?s={search_term_string}\"},\"query-input\":{\"@type\":\"PropertyValueSpecification\",\"valueRequired\":true,\"valueName\":\"search_term_string\"}}],\"inLanguage\":\"nl-NL\"},{\"@type\":\"Organization\",\"@id\":\"http:\\\/\\\/www.pharmacy4pets.nl\\\/#organization\",\"name\":\"Pharmacy4pets\",\"url\":\"http:\\\/\\\/www.pharmacy4pets.nl\\\/\",\"logo\":{\"@type\":\"ImageObject\",\"inLanguage\":\"nl-NL\",\"@id\":\"http:\\\/\\\/www.pharmacy4pets.nl\\\/#\\\/schema\\\/logo\\\/image\\\/\",\"url\":\"https:\\\/\\\/p4p-nl.bootmine.com\\\/wp-content\\\/uploads\\\/2026\\\/03\\\/logo-pharmacy4pets.png\",\"contentUrl\":\"https:\\\/\\\/p4p-nl.bootmine.com\\\/wp-content\\\/uploads\\\/2026\\\/03\\\/logo-pharmacy4pets.png\",\"width\":1024,\"height\":135,\"caption\":\"Pharmacy4pets\"},\"image\":{\"@id\":\"http:\\\/\\\/www.pharmacy4pets.nl\\\/#\\\/schema\\\/logo\\\/image\\\/\"},\"sameAs\":[\"https:\\\/\\\/www.facebook.com\\\/people\\\/Pharmacy4petsnl\\\/100063484989896\\\/\",\"https:\\\/\\\/www.youtube.com\\\/channel\\\/UCGPTIgucgli03tP2_kvLkHg\\\/featured\",\"https:\\\/\\\/www.instagram.com\\\/pharmacy4pets.nl\"]}]}<\/script>\n<!-- \/ Yoast SEO plugin. -->","yoast_head_json":{"title":"Dermiel zalf - Pharmacy4pets","robots":{"index":"index","follow":"follow","max-snippet":"max-snippet:-1","max-image-preview":"max-image-preview:large","max-video-preview":"max-video-preview:-1"},"canonical":"https:\/\/www.pharmacy4pets.nl\/dermiel-wondzalf","og_locale":"nl_NL","og_type":"article","og_title":"Dermiel zalf - Pharmacy4pets","og_description":"Dermiel zalf Dermiel zalf bevat onder andere honing en etherische oli\u00ebn. De basisingredi\u00ebnten van de zalf ondersteunen het herstellend vermogen van de huid. Dermiel bevat honing met een hoog enzymgehalte en een lage pH.","og_url":"https:\/\/www.pharmacy4pets.nl\/dermiel-wondzalf","og_site_name":"Pharmacy4pets","article_publisher":"https:\/\/www.facebook.com\/people\/Pharmacy4petsnl\/100063484989896\/","article_modified_time":"2026-03-25T12:05:37+00:00","og_image":[{"width":480,"height":480,"url":"https:\/\/www.pharmacy4pets.nl\/wp-content\/uploads\/2023\/07\/Dermiel_zalf.Jpg","type":"image\/jpeg"}],"twitter_card":"summary_large_image","schema":{"@context":"https:\/\/schema.org","@graph":[{"@type":"WebPage","@id":"https:\/\/www.pharmacy4pets.nl\/dermiel-wondzalf","url":"https:\/\/www.pharmacy4pets.nl\/dermiel-wondzalf","name":"Dermiel zalf - Pharmacy4pets","isPartOf":{"@id":"http:\/\/www.pharmacy4pets.nl\/#website"},"primaryImageOfPage":{"@id":"https:\/\/www.pharmacy4pets.nl\/dermiel-wondzalf#primaryimage"},"image":{"@id":"https:\/\/www.pharmacy4pets.nl\/dermiel-wondzalf#primaryimage"},"thumbnailUrl":"https:\/\/www.pharmacy4pets.nl\/wp-content\/uploads\/2023\/07\/Dermiel_zalf.Jpg","datePublished":"2023-07-27T16:57:16+00:00","dateModified":"2026-03-25T12:05:37+00:00","breadcrumb":{"@id":"https:\/\/www.pharmacy4pets.nl\/dermiel-wondzalf#breadcrumb"},"inLanguage":"nl-NL","potentialAction":[{"@type":"ReadAction","target":["https:\/\/www.pharmacy4pets.nl\/dermiel-wondzalf"]}]},{"@type":"ImageObject","inLanguage":"nl-NL","@id":"https:\/\/www.pharmacy4pets.nl\/dermiel-wondzalf#primaryimage","url":"https:\/\/www.pharmacy4pets.nl\/wp-content\/uploads\/2023\/07\/Dermiel_zalf.Jpg","contentUrl":"https:\/\/www.pharmacy4pets.nl\/wp-content\/uploads\/2023\/07\/Dermiel_zalf.Jpg","width":480,"height":480,"caption":"Dermiel"},{"@type":"BreadcrumbList","@id":"https:\/\/www.pharmacy4pets.nl\/dermiel-wondzalf#breadcrumb","itemListElement":[{"@type":"ListItem","position":1,"name":"Home","item":"https:\/\/p4p-nl.bootmine.com\/"},{"@type":"ListItem","position":2,"name":"Winkel","item":"https:\/\/p4p-nl.bootmine.com\/winkel"},{"@type":"ListItem","position":3,"name":"Dermiel zalf"}]},{"@type":"WebSite","@id":"http:\/\/www.pharmacy4pets.nl\/#website","url":"http:\/\/www.pharmacy4pets.nl\/","name":"Pharmacy4pets","description":"Pharmacy4pets.nl is d\u00e9 online apotheek waar u terecht kunt voor alle diergeneesmiddelen, verzorgingsproducten en dieetvoeding voor uw huisdier.","publisher":{"@id":"http:\/\/www.pharmacy4pets.nl\/#organization"},"potentialAction":[{"@type":"SearchAction","target":{"@type":"EntryPoint","urlTemplate":"http:\/\/www.pharmacy4pets.nl\/?s={search_term_string}"},"query-input":{"@type":"PropertyValueSpecification","valueRequired":true,"valueName":"search_term_string"}}],"inLanguage":"nl-NL"},{"@type":"Organization","@id":"http:\/\/www.pharmacy4pets.nl\/#organization","name":"Pharmacy4pets","url":"http:\/\/www.pharmacy4pets.nl\/","logo":{"@type":"ImageObject","inLanguage":"nl-NL","@id":"http:\/\/www.pharmacy4pets.nl\/#\/schema\/logo\/image\/","url":"https:\/\/p4p-nl.bootmine.com\/wp-content\/uploads\/2026\/03\/logo-pharmacy4pets.png","contentUrl":"https:\/\/p4p-nl.bootmine.com\/wp-content\/uploads\/2026\/03\/logo-pharmacy4pets.png","width":1024,"height":135,"caption":"Pharmacy4pets"},"image":{"@id":"http:\/\/www.pharmacy4pets.nl\/#\/schema\/logo\/image\/"},"sameAs":["https:\/\/www.facebook.com\/people\/Pharmacy4petsnl\/100063484989896\/","https:\/\/www.youtube.com\/channel\/UCGPTIgucgli03tP2_kvLkHg\/featured","https:\/\/www.instagram.com\/pharmacy4pets.nl"]}]}},"market_data":{"nl":{"price":0,"sale_price":0,"active":false,"url":null,"parent_url":"","tax_rate":0,"price_inc_tax":0,"sale_price_inc_tax":0},"de":{"price":0,"sale_price":0,"active":false,"url":null,"parent_url":"","tax_rate":0,"price_inc_tax":0,"sale_price_inc_tax":0},"be":{"price":0,"sale_price":0,"active":false,"url":null,"parent_url":"","tax_rate":0,"price_inc_tax":0,"sale_price_inc_tax":0},"fr":{"price":0,"sale_price":0,"active":false,"url":null,"parent_url":"","tax_rate":0,"price_inc_tax":0,"sale_price_inc_tax":0},"ch":{"price":0,"sale_price":0,"active":false,"url":null,"parent_url":"","tax_rate":0,"price_inc_tax":0,"sale_price_inc_tax":0},"at":{"price":0,"sale_price":0,"active":false,"url":null,"parent_url":"","tax_rate":0,"price_inc_tax":0,"sale_price_inc_tax":0},"es":{"price":0,"sale_price":0,"active":false,"url":null,"parent_url":"","tax_rate":0,"price_inc_tax":0,"sale_price_inc_tax":0},"dk":{"price":0,"sale_price":0,"active":false,"url":null,"parent_url":"","tax_rate":0,"price_inc_tax":0,"sale_price_inc_tax":0},"com":{"price":0,"sale_price":0,"active":false,"url":null,"parent_url":"","tax_rate":0,"price_inc_tax":0,"sale_price_inc_tax":0}},"market_nl_price":0,"market_nl_sale_price":0,"market_nl_active":false,"market_nl_url":null,"market_nl_parent_url":"","market_nl_tax_rate":0,"market_nl_price_inc_tax":0,"market_nl_sale_price_inc_tax":0,"market_de_price":0,"market_de_sale_price":0,"market_de_active":false,"market_de_url":null,"market_de_parent_url":"","market_de_tax_rate":0,"market_de_price_inc_tax":0,"market_de_sale_price_inc_tax":0,"market_be_price":0,"market_be_sale_price":0,"market_be_active":false,"market_be_url":null,"market_be_parent_url":"","market_be_tax_rate":0,"market_be_price_inc_tax":0,"market_be_sale_price_inc_tax":0,"market_fr_price":0,"market_fr_sale_price":0,"market_fr_active":false,"market_fr_url":null,"market_fr_parent_url":"","market_fr_tax_rate":0,"market_fr_price_inc_tax":0,"market_fr_sale_price_inc_tax":0,"market_ch_price":0,"market_ch_sale_price":0,"market_ch_active":false,"market_ch_url":null,"market_ch_parent_url":"","market_ch_tax_rate":0,"market_ch_price_inc_tax":0,"market_ch_sale_price_inc_tax":0,"market_at_price":0,"market_at_sale_price":0,"market_at_active":false,"market_at_url":null,"market_at_parent_url":"","market_at_tax_rate":0,"market_at_price_inc_tax":0,"market_at_sale_price_inc_tax":0,"market_es_price":0,"market_es_sale_price":0,"market_es_active":false,"market_es_url":null,"market_es_parent_url":"","market_es_tax_rate":0,"market_es_price_inc_tax":0,"market_es_sale_price_inc_tax":0,"market_dk_price":0,"market_dk_sale_price":0,"market_dk_active":false,"market_dk_url":null,"market_dk_parent_url":"","market_dk_tax_rate":0,"market_dk_price_inc_tax":0,"market_dk_sale_price_inc_tax":0,"market_com_price":0,"market_com_sale_price":0,"market_com_active":false,"market_com_url":null,"market_com_parent_url":"","market_com_tax_rate":0,"market_com_price_inc_tax":0,"market_com_sale_price_inc_tax":0,"acf":[],"_links":{"self":[{"href":"https:\/\/www.pharmacy4pets.nl\/be\/wp-json\/wp\/v2\/product\/120333","targetHints":{"allow":["GET"]}}],"collection":[{"href":"https:\/\/www.pharmacy4pets.nl\/be\/wp-json\/wp\/v2\/product"}],"about":[{"href":"https:\/\/www.pharmacy4pets.nl\/be\/wp-json\/wp\/v2\/types\/product"}],"replies":[{"embeddable":true,"href":"https:\/\/www.pharmacy4pets.nl\/be\/wp-json\/wp\/v2\/comments?post=120333"}],"wp:featuredmedia":[{"embeddable":true,"href":"https:\/\/www.pharmacy4pets.nl\/be\/wp-json\/wp\/v2\/media\/120332"}],"wp:attachment":[{"href":"https:\/\/www.pharmacy4pets.nl\/be\/wp-json\/wp\/v2\/media?parent=120333"}],"wp:term":[{"taxonomy":"product_brand","embeddable":true,"href":"https:\/\/www.pharmacy4pets.nl\/be\/wp-json\/wp\/v2\/product_brand?post=120333"},{"taxonomy":"product_cat","embeddable":true,"href":"https:\/\/www.pharmacy4pets.nl\/be\/wp-json\/wp\/v2\/product_cat?post=120333"},{"taxonomy":"product_tag","embeddable":true,"href":"https:\/\/www.pharmacy4pets.nl\/be\/wp-json\/wp\/v2\/product_tag?post=120333"}],"curies":[{"name":"wp","href":"https:\/\/api.w.org\/{rel}","templated":true}]}}