{"id":120319,"date":"2023-06-26T12:16:14","date_gmt":"2023-06-26T12:16:14","guid":{"rendered":"https:\/\/p4p.test\/buster-kraag-classic-wit-20"},"modified":"2026-04-14T08:05:23","modified_gmt":"2026-04-14T08:05:23","slug":"buster-kraag-classic-wit-20","status":"publish","type":"product","link":"https:\/\/www.pharmacy4pets.nl\/be\/buster-kraag-classic-wit-20","title":{"rendered":"Buster kraag classic wit | 20 cm"},"content":{"rendered":"<h1>Buster kraag<\/h1>\n<p>Buster kraag helpt te voorkomen dat uw hond of kat wonden of littekens likt na bijvoorbeeld een operatie.<\/p>\n<p>De kraag is gemakkelijk te gebruiken en door het ruime ontwerp wordt uw hond of kat minimaal belast en beperkt wat zorgt voor optimaal draagcomfort.<\/p>\n<p>De kraag is afwasbaar en meerdere keren te gebruiken.<\/p>\n","protected":false},"excerpt":{"rendered":"<p>Buster kraag Buster kraag helpt te voorkomen dat uw hond of kat wonden of littekens likt na bijvoorbeeld een operatie. De kraag is gemakkelijk te gebruiken en door het ruime ontwerp wordt uw hond of kat minimaal belast en beperkt wat zorgt voor optimaal draagcomfort. De kraag is afwasbaar en meerdere keren te gebruiken.<\/p>\n","protected":false},"featured_media":120318,"comment_status":"open","ping_status":"closed","template":"","meta":{"_acf_changed":false,"_nl_post_content":"<h1>Buster kraag<\/h1>\r\n<p>Buster kraag helpt te voorkomen dat uw hond of kat wonden of littekens likt na bijvoorbeeld een operatie.<\/p>\r\n<p>De kraag is gemakkelijk te gebruiken en door het ruime ontwerp wordt uw hond of kat minimaal belast en beperkt wat zorgt voor optimaal draagcomfort.<\/p>\r\n<p>De kraag is afwasbaar en meerdere keren te gebruiken.<\/p>","_nl_post_name":"buster-kraag-classic-wit-20","_nl_post_excerpt":"","_nl_post_title":"Buster kraag classic wit | 20 cm","_en_post_content":"<h1>Collar Buster<\/h1>\r\n<p>Buster collar helps prevent your dog or cat from licking wounds or scars after surgery, for example.<\/p>\r\n<p>The collar is easy to use and its roomy design minimises strain and restriction on your dog or cat which ensures optimal comfort.<\/p>\r\n<p>The collar is washable and can be used several times.<\/p>","_en_post_name":"collar-buster-classic-white-20","_en_post_excerpt":"","_en_post_title":"Collar Buster classic white | 20 cm","_de_post_content":"<h1>Buster Halsband<\/h1>\r\n<p>Das Buster Halsband verhindert, dass Ihr Hund oder Ihre Katze z.B. nach einer Operation Wunden oder Narben ableckt.<\/p>\r\n<p>Das Halsband ist einfach zu handhaben und sein ger\u00e4umiges Design minimiert die Belastung und Einschr\u00e4nkung f\u00fcr Ihren Hund oder Ihre Katze, was einen optimalen Komfort gew\u00e4hrleistet.<\/p>\r\n<p>Das Halsband ist waschbar und kann mehrmals verwendet werden.<\/p>","_de_post_name":"buster-halsband-classic-weiss-20","_de_post_excerpt":"","_de_post_title":"Buster Halsband classic wei\u00df | 20 cm","_fr_post_content":"<h1>Collier Buster<\/h1>\r\n<p>Le collier Buster permet d'emp\u00eacher votre chien ou votre chat de l\u00e9cher des plaies ou des cicatrices apr\u00e8s une intervention chirurgicale, par exemple.<\/p>\r\n<p>Le collier est facile \u00e0 utiliser et sa conception spacieuse minimise les contraintes et les restrictions pour votre chien ou votre chat, ce qui garantit un confort optimal.<\/p>\r\n<p>Le collier est lavable et peut \u00eatre utilis\u00e9 plusieurs fois.<\/p>","_fr_post_name":"collier-buster-classic-blanc-20","_fr_post_excerpt":"","_fr_post_title":"Collier Buster classic blanc | 20 cm","_es_post_content":"<h1>Collar Buster<\/h1>\r\n<p>El collar Buster ayuda a evitar que su perro o gato se lama heridas o cicatrices despu\u00e9s de una cirug\u00eda, por ejemplo.<\/p>\r\n<p>El collar es f\u00e1cil de usar y su dise\u00f1o espacioso minimiza la tensi\u00f3n y la restricci\u00f3n de su perro o gato, lo que garantiza una comodidad \u00f3ptima.<\/p>\r\n<p>El collar es lavable y se puede utilizar varias veces.<\/p>","_es_post_name":"collar-buster-classic-blanco-20","_es_post_excerpt":"","_es_post_title":"Collar Buster classic blanco | 20 cm","edit_language":"nl"},"product_brand":[],"product_cat":[2182,1891,1861,2144,1892,1862,1117,1974,1845,1118,2178,1839,1857,2193],"product_tag":[],"class_list":{"0":"post-120319","1":"product","2":"type-product","3":"status-publish","4":"has-post-thumbnail","6":"product_cat-kitten-benodigdheden","7":"product_cat-benodigdheden","9":"product_cat-buster","10":"product_cat-ehbo","12":"product_cat-honden","13":"product_cat-hotspot","14":"product_cat-huid-vacht","15":"product_cat-katten","16":"product_cat-kitten","17":"product_cat-medicijnen-supplementen","18":"product_cat-merken","19":"product_cat-verzorging","20":"pa_aandoening-overig","21":"pa_aandoening-wond_ehbo","22":"pa_doeldier-hond","23":"pa_doeldier-kat","24":"pa_fabricatieland-denemarken","25":"pa_merkfilter-buster","26":"pa_merkgroep-buster","27":"pa_productsoort-overig","28":"pa_toedieningswijze-overig","29":"pa_unit_pricing_base_measure-1ct","30":"pa_unit_pricing_measure-1ct","31":"pa_werkzamestof-overig","33":"first","34":"instock","35":"taxable","36":"shipping-taxable","37":"purchasable","38":"product-type-simple"},"yoast_head":"<!-- This site is optimized with the Yoast SEO plugin v27.5 - https:\/\/yoast.com\/product\/yoast-seo-wordpress\/ -->\n<title>Buster kraag classic wit | 20 cm - Pharmacy4pets<\/title>\n<meta name=\"robots\" content=\"index, follow, max-snippet:-1, max-image-preview:large, max-video-preview:-1\" \/>\n<link rel=\"canonical\" href=\"https:\/\/www.pharmacy4pets.nl\/buster-kraag-classic-wit-20\" \/>\n<meta property=\"og:locale\" content=\"nl_NL\" \/>\n<meta property=\"og:type\" content=\"article\" \/>\n<meta property=\"og:title\" content=\"Buster kraag classic wit | 20 cm - Pharmacy4pets\" \/>\n<meta property=\"og:description\" content=\"Buster kraag Buster kraag helpt te voorkomen dat uw hond of kat wonden of littekens likt na bijvoorbeeld een operatie. De kraag is gemakkelijk te gebruiken en door het ruime ontwerp wordt uw hond of kat minimaal belast en beperkt wat zorgt voor optimaal draagcomfort. De kraag is afwasbaar en meerdere keren te gebruiken.\" \/>\n<meta property=\"og:url\" content=\"https:\/\/www.pharmacy4pets.nl\/buster-kraag-classic-wit-20\" \/>\n<meta property=\"og:site_name\" content=\"Pharmacy4pets\" \/>\n<meta property=\"article:publisher\" content=\"https:\/\/www.facebook.com\/people\/Pharmacy4petsnl\/100063484989896\/\" \/>\n<meta property=\"article:modified_time\" content=\"2026-04-14T08:05:23+00:00\" \/>\n<meta property=\"og:image\" content=\"https:\/\/www.pharmacy4pets.nl\/wp-content\/uploads\/2023\/06\/22934_1_1_1.jpg\" \/>\n\t<meta property=\"og:image:width\" content=\"400\" \/>\n\t<meta property=\"og:image:height\" content=\"600\" \/>\n\t<meta property=\"og:image:type\" content=\"image\/jpeg\" \/>\n<meta name=\"twitter:card\" content=\"summary_large_image\" \/>\n<script type=\"application\/ld+json\" class=\"yoast-schema-graph\">{\"@context\":\"https:\\\/\\\/schema.org\",\"@graph\":[{\"@type\":\"WebPage\",\"@id\":\"https:\\\/\\\/www.pharmacy4pets.nl\\\/buster-kraag-classic-wit-20\",\"url\":\"https:\\\/\\\/www.pharmacy4pets.nl\\\/buster-kraag-classic-wit-20\",\"name\":\"Buster kraag classic wit | 20 cm - Pharmacy4pets\",\"isPartOf\":{\"@id\":\"http:\\\/\\\/www.pharmacy4pets.nl\\\/#website\"},\"primaryImageOfPage\":{\"@id\":\"https:\\\/\\\/www.pharmacy4pets.nl\\\/buster-kraag-classic-wit-20#primaryimage\"},\"image\":{\"@id\":\"https:\\\/\\\/www.pharmacy4pets.nl\\\/buster-kraag-classic-wit-20#primaryimage\"},\"thumbnailUrl\":\"https:\\\/\\\/www.pharmacy4pets.nl\\\/wp-content\\\/uploads\\\/2023\\\/06\\\/22934_1_1_1.jpg\",\"datePublished\":\"2023-06-26T12:16:14+00:00\",\"dateModified\":\"2026-04-14T08:05:23+00:00\",\"breadcrumb\":{\"@id\":\"https:\\\/\\\/www.pharmacy4pets.nl\\\/buster-kraag-classic-wit-20#breadcrumb\"},\"inLanguage\":\"nl-NL\",\"potentialAction\":[{\"@type\":\"ReadAction\",\"target\":[\"https:\\\/\\\/www.pharmacy4pets.nl\\\/buster-kraag-classic-wit-20\"]}]},{\"@type\":\"ImageObject\",\"inLanguage\":\"nl-NL\",\"@id\":\"https:\\\/\\\/www.pharmacy4pets.nl\\\/buster-kraag-classic-wit-20#primaryimage\",\"url\":\"https:\\\/\\\/www.pharmacy4pets.nl\\\/wp-content\\\/uploads\\\/2023\\\/06\\\/22934_1_1_1.jpg\",\"contentUrl\":\"https:\\\/\\\/www.pharmacy4pets.nl\\\/wp-content\\\/uploads\\\/2023\\\/06\\\/22934_1_1_1.jpg\",\"width\":400,\"height\":600,\"caption\":\"Hondenkraag Buster\"},{\"@type\":\"BreadcrumbList\",\"@id\":\"https:\\\/\\\/www.pharmacy4pets.nl\\\/buster-kraag-classic-wit-20#breadcrumb\",\"itemListElement\":[{\"@type\":\"ListItem\",\"position\":1,\"name\":\"Home\",\"item\":\"https:\\\/\\\/p4p-nl.bootmine.com\\\/\"},{\"@type\":\"ListItem\",\"position\":2,\"name\":\"Winkel\",\"item\":\"https:\\\/\\\/p4p-nl.bootmine.com\\\/winkel\"},{\"@type\":\"ListItem\",\"position\":3,\"name\":\"Buster kraag classic wit | 20 cm\"}]},{\"@type\":\"WebSite\",\"@id\":\"http:\\\/\\\/www.pharmacy4pets.nl\\\/#website\",\"url\":\"http:\\\/\\\/www.pharmacy4pets.nl\\\/\",\"name\":\"Pharmacy4pets\",\"description\":\"Pharmacy4pets.nl is d\u00e9 online apotheek waar u terecht kunt voor alle diergeneesmiddelen, verzorgingsproducten en dieetvoeding voor uw huisdier.\",\"publisher\":{\"@id\":\"http:\\\/\\\/www.pharmacy4pets.nl\\\/#organization\"},\"potentialAction\":[{\"@type\":\"SearchAction\",\"target\":{\"@type\":\"EntryPoint\",\"urlTemplate\":\"http:\\\/\\\/www.pharmacy4pets.nl\\\/?s={search_term_string}\"},\"query-input\":{\"@type\":\"PropertyValueSpecification\",\"valueRequired\":true,\"valueName\":\"search_term_string\"}}],\"inLanguage\":\"nl-NL\"},{\"@type\":\"Organization\",\"@id\":\"http:\\\/\\\/www.pharmacy4pets.nl\\\/#organization\",\"name\":\"Pharmacy4pets\",\"url\":\"http:\\\/\\\/www.pharmacy4pets.nl\\\/\",\"logo\":{\"@type\":\"ImageObject\",\"inLanguage\":\"nl-NL\",\"@id\":\"http:\\\/\\\/www.pharmacy4pets.nl\\\/#\\\/schema\\\/logo\\\/image\\\/\",\"url\":\"https:\\\/\\\/p4p-nl.bootmine.com\\\/wp-content\\\/uploads\\\/2026\\\/03\\\/logo-pharmacy4pets.png\",\"contentUrl\":\"https:\\\/\\\/p4p-nl.bootmine.com\\\/wp-content\\\/uploads\\\/2026\\\/03\\\/logo-pharmacy4pets.png\",\"width\":1024,\"height\":135,\"caption\":\"Pharmacy4pets\"},\"image\":{\"@id\":\"http:\\\/\\\/www.pharmacy4pets.nl\\\/#\\\/schema\\\/logo\\\/image\\\/\"},\"sameAs\":[\"https:\\\/\\\/www.facebook.com\\\/people\\\/Pharmacy4petsnl\\\/100063484989896\\\/\",\"https:\\\/\\\/www.youtube.com\\\/channel\\\/UCGPTIgucgli03tP2_kvLkHg\\\/featured\",\"https:\\\/\\\/www.instagram.com\\\/pharmacy4pets.nl\"]}]}<\/script>\n<!-- \/ Yoast SEO plugin. -->","yoast_head_json":{"title":"Buster kraag classic wit | 20 cm - Pharmacy4pets","robots":{"index":"index","follow":"follow","max-snippet":"max-snippet:-1","max-image-preview":"max-image-preview:large","max-video-preview":"max-video-preview:-1"},"canonical":"https:\/\/www.pharmacy4pets.nl\/buster-kraag-classic-wit-20","og_locale":"nl_NL","og_type":"article","og_title":"Buster kraag classic wit | 20 cm - Pharmacy4pets","og_description":"Buster kraag Buster kraag helpt te voorkomen dat uw hond of kat wonden of littekens likt na bijvoorbeeld een operatie. De kraag is gemakkelijk te gebruiken en door het ruime ontwerp wordt uw hond of kat minimaal belast en beperkt wat zorgt voor optimaal draagcomfort. De kraag is afwasbaar en meerdere keren te gebruiken.","og_url":"https:\/\/www.pharmacy4pets.nl\/buster-kraag-classic-wit-20","og_site_name":"Pharmacy4pets","article_publisher":"https:\/\/www.facebook.com\/people\/Pharmacy4petsnl\/100063484989896\/","article_modified_time":"2026-04-14T08:05:23+00:00","og_image":[{"width":400,"height":600,"url":"https:\/\/www.pharmacy4pets.nl\/wp-content\/uploads\/2023\/06\/22934_1_1_1.jpg","type":"image\/jpeg"}],"twitter_card":"summary_large_image","schema":{"@context":"https:\/\/schema.org","@graph":[{"@type":"WebPage","@id":"https:\/\/www.pharmacy4pets.nl\/buster-kraag-classic-wit-20","url":"https:\/\/www.pharmacy4pets.nl\/buster-kraag-classic-wit-20","name":"Buster kraag classic wit | 20 cm - Pharmacy4pets","isPartOf":{"@id":"http:\/\/www.pharmacy4pets.nl\/#website"},"primaryImageOfPage":{"@id":"https:\/\/www.pharmacy4pets.nl\/buster-kraag-classic-wit-20#primaryimage"},"image":{"@id":"https:\/\/www.pharmacy4pets.nl\/buster-kraag-classic-wit-20#primaryimage"},"thumbnailUrl":"https:\/\/www.pharmacy4pets.nl\/wp-content\/uploads\/2023\/06\/22934_1_1_1.jpg","datePublished":"2023-06-26T12:16:14+00:00","dateModified":"2026-04-14T08:05:23+00:00","breadcrumb":{"@id":"https:\/\/www.pharmacy4pets.nl\/buster-kraag-classic-wit-20#breadcrumb"},"inLanguage":"nl-NL","potentialAction":[{"@type":"ReadAction","target":["https:\/\/www.pharmacy4pets.nl\/buster-kraag-classic-wit-20"]}]},{"@type":"ImageObject","inLanguage":"nl-NL","@id":"https:\/\/www.pharmacy4pets.nl\/buster-kraag-classic-wit-20#primaryimage","url":"https:\/\/www.pharmacy4pets.nl\/wp-content\/uploads\/2023\/06\/22934_1_1_1.jpg","contentUrl":"https:\/\/www.pharmacy4pets.nl\/wp-content\/uploads\/2023\/06\/22934_1_1_1.jpg","width":400,"height":600,"caption":"Hondenkraag Buster"},{"@type":"BreadcrumbList","@id":"https:\/\/www.pharmacy4pets.nl\/buster-kraag-classic-wit-20#breadcrumb","itemListElement":[{"@type":"ListItem","position":1,"name":"Home","item":"https:\/\/p4p-nl.bootmine.com\/"},{"@type":"ListItem","position":2,"name":"Winkel","item":"https:\/\/p4p-nl.bootmine.com\/winkel"},{"@type":"ListItem","position":3,"name":"Buster kraag classic wit | 20 cm"}]},{"@type":"WebSite","@id":"http:\/\/www.pharmacy4pets.nl\/#website","url":"http:\/\/www.pharmacy4pets.nl\/","name":"Pharmacy4pets","description":"Pharmacy4pets.nl is d\u00e9 online apotheek waar u terecht kunt voor alle diergeneesmiddelen, verzorgingsproducten en dieetvoeding voor uw huisdier.","publisher":{"@id":"http:\/\/www.pharmacy4pets.nl\/#organization"},"potentialAction":[{"@type":"SearchAction","target":{"@type":"EntryPoint","urlTemplate":"http:\/\/www.pharmacy4pets.nl\/?s={search_term_string}"},"query-input":{"@type":"PropertyValueSpecification","valueRequired":true,"valueName":"search_term_string"}}],"inLanguage":"nl-NL"},{"@type":"Organization","@id":"http:\/\/www.pharmacy4pets.nl\/#organization","name":"Pharmacy4pets","url":"http:\/\/www.pharmacy4pets.nl\/","logo":{"@type":"ImageObject","inLanguage":"nl-NL","@id":"http:\/\/www.pharmacy4pets.nl\/#\/schema\/logo\/image\/","url":"https:\/\/p4p-nl.bootmine.com\/wp-content\/uploads\/2026\/03\/logo-pharmacy4pets.png","contentUrl":"https:\/\/p4p-nl.bootmine.com\/wp-content\/uploads\/2026\/03\/logo-pharmacy4pets.png","width":1024,"height":135,"caption":"Pharmacy4pets"},"image":{"@id":"http:\/\/www.pharmacy4pets.nl\/#\/schema\/logo\/image\/"},"sameAs":["https:\/\/www.facebook.com\/people\/Pharmacy4petsnl\/100063484989896\/","https:\/\/www.youtube.com\/channel\/UCGPTIgucgli03tP2_kvLkHg\/featured","https:\/\/www.instagram.com\/pharmacy4pets.nl"]}]}},"market_data":{"nl":{"price":0,"sale_price":0,"active":false,"url":null,"parent_url":"","tax_rate":0,"price_inc_tax":0,"sale_price_inc_tax":0},"de":{"price":0,"sale_price":0,"active":false,"url":null,"parent_url":"","tax_rate":0,"price_inc_tax":0,"sale_price_inc_tax":0},"be":{"price":0,"sale_price":0,"active":false,"url":null,"parent_url":"","tax_rate":0,"price_inc_tax":0,"sale_price_inc_tax":0},"fr":{"price":0,"sale_price":0,"active":false,"url":null,"parent_url":"","tax_rate":0,"price_inc_tax":0,"sale_price_inc_tax":0},"ch":{"price":0,"sale_price":0,"active":false,"url":null,"parent_url":"","tax_rate":0,"price_inc_tax":0,"sale_price_inc_tax":0},"at":{"price":0,"sale_price":0,"active":false,"url":null,"parent_url":"","tax_rate":0,"price_inc_tax":0,"sale_price_inc_tax":0},"es":{"price":0,"sale_price":0,"active":false,"url":null,"parent_url":"","tax_rate":0,"price_inc_tax":0,"sale_price_inc_tax":0},"dk":{"price":0,"sale_price":0,"active":false,"url":null,"parent_url":"","tax_rate":0,"price_inc_tax":0,"sale_price_inc_tax":0},"com":{"price":0,"sale_price":0,"active":false,"url":null,"parent_url":"","tax_rate":0,"price_inc_tax":0,"sale_price_inc_tax":0}},"market_nl_price":0,"market_nl_sale_price":0,"market_nl_active":false,"market_nl_url":null,"market_nl_parent_url":"","market_nl_tax_rate":0,"market_nl_price_inc_tax":0,"market_nl_sale_price_inc_tax":0,"market_de_price":0,"market_de_sale_price":0,"market_de_active":false,"market_de_url":null,"market_de_parent_url":"","market_de_tax_rate":0,"market_de_price_inc_tax":0,"market_de_sale_price_inc_tax":0,"market_be_price":0,"market_be_sale_price":0,"market_be_active":false,"market_be_url":null,"market_be_parent_url":"","market_be_tax_rate":0,"market_be_price_inc_tax":0,"market_be_sale_price_inc_tax":0,"market_fr_price":0,"market_fr_sale_price":0,"market_fr_active":false,"market_fr_url":null,"market_fr_parent_url":"","market_fr_tax_rate":0,"market_fr_price_inc_tax":0,"market_fr_sale_price_inc_tax":0,"market_ch_price":0,"market_ch_sale_price":0,"market_ch_active":false,"market_ch_url":null,"market_ch_parent_url":"","market_ch_tax_rate":0,"market_ch_price_inc_tax":0,"market_ch_sale_price_inc_tax":0,"market_at_price":0,"market_at_sale_price":0,"market_at_active":false,"market_at_url":null,"market_at_parent_url":"","market_at_tax_rate":0,"market_at_price_inc_tax":0,"market_at_sale_price_inc_tax":0,"market_es_price":0,"market_es_sale_price":0,"market_es_active":false,"market_es_url":null,"market_es_parent_url":"","market_es_tax_rate":0,"market_es_price_inc_tax":0,"market_es_sale_price_inc_tax":0,"market_dk_price":0,"market_dk_sale_price":0,"market_dk_active":false,"market_dk_url":null,"market_dk_parent_url":"","market_dk_tax_rate":0,"market_dk_price_inc_tax":0,"market_dk_sale_price_inc_tax":0,"market_com_price":0,"market_com_sale_price":0,"market_com_active":false,"market_com_url":null,"market_com_parent_url":"","market_com_tax_rate":0,"market_com_price_inc_tax":0,"market_com_sale_price_inc_tax":0,"acf":[],"_links":{"self":[{"href":"https:\/\/www.pharmacy4pets.nl\/be\/wp-json\/wp\/v2\/product\/120319","targetHints":{"allow":["GET"]}}],"collection":[{"href":"https:\/\/www.pharmacy4pets.nl\/be\/wp-json\/wp\/v2\/product"}],"about":[{"href":"https:\/\/www.pharmacy4pets.nl\/be\/wp-json\/wp\/v2\/types\/product"}],"replies":[{"embeddable":true,"href":"https:\/\/www.pharmacy4pets.nl\/be\/wp-json\/wp\/v2\/comments?post=120319"}],"wp:featuredmedia":[{"embeddable":true,"href":"https:\/\/www.pharmacy4pets.nl\/be\/wp-json\/wp\/v2\/media\/120318"}],"wp:attachment":[{"href":"https:\/\/www.pharmacy4pets.nl\/be\/wp-json\/wp\/v2\/media?parent=120319"}],"wp:term":[{"taxonomy":"product_brand","embeddable":true,"href":"https:\/\/www.pharmacy4pets.nl\/be\/wp-json\/wp\/v2\/product_brand?post=120319"},{"taxonomy":"product_cat","embeddable":true,"href":"https:\/\/www.pharmacy4pets.nl\/be\/wp-json\/wp\/v2\/product_cat?post=120319"},{"taxonomy":"product_tag","embeddable":true,"href":"https:\/\/www.pharmacy4pets.nl\/be\/wp-json\/wp\/v2\/product_tag?post=120319"}],"curies":[{"name":"wp","href":"https:\/\/api.w.org\/{rel}","templated":true}]}}