{"id":120306,"date":"2023-05-23T10:01:30","date_gmt":"2023-05-23T10:01:30","guid":{"rendered":"https:\/\/p4p.test\/trixie-urinetest-katten"},"modified":"2026-05-02T05:23:27","modified_gmt":"2026-05-02T03:23:27","slug":"trixie-urinetest-katten","status":"publish","type":"product","link":"https:\/\/www.pharmacy4pets.nl\/be\/trixie-urinetest-katten","title":{"rendered":"Trixie Urinetest voor katten"},"content":{"rendered":"<p>Met de Trixie Urinetest voor katten kunt u uw kat thuis testen op een aantal belangrijke gezondheidswaarden: hemoglobine, glucose, pH-waarde, ketonen en prote\u00efne. Hiermee kunt u symptomen van nier- en urinewegaandoeningen en diabetes in een vroeg stadium opsporen.<\/p>\n<p>De urinetest is eenvoudig in gebruik:<\/p>\n<ol>\n<li>Vang de urine op met speciaal zand in de kattenbak.<\/li>\n<li>Scan de teststrip met de Pezz-app.<\/li>\n<li>U ontvangt het resultaat in de Pezz-app.<\/li>\n<\/ol>\n<p><em>Let op! Voor het gebruik is de app \u201cPezz\u201d vereist. Deze app kunt u gratis downloaden in app stores. U dient de gebruikersvoorwaarden en gegevensbeschermingsinstructie in de app op te volgen.<\/em><\/p>\n","protected":false},"excerpt":{"rendered":"<p>Met de Trixie Urinetest voor katten kunt u uw kat thuis testen op een aantal belangrijke gezondheidswaarden: hemoglobine, glucose, pH-waarde, ketonen en prote\u00efne. Hiermee kunt u symptomen van nier- en urinewegaandoeningen en diabetes in een vroeg stadium opsporen. De urinetest is eenvoudig in gebruik: Vang de urine op met speciaal zand in de kattenbak. Scan [&hellip;]<\/p>\n","protected":false},"featured_media":120303,"comment_status":"open","ping_status":"closed","template":"","meta":{"_acf_changed":false,"_nl_post_content":"<p>Met de Trixie Urinetest voor katten kunt u uw kat thuis testen op een aantal belangrijke gezondheidswaarden: hemoglobine, glucose, pH-waarde, ketonen en prote\u00efne. Hiermee kunt u symptomen van nier- en urinewegaandoeningen en diabetes in een vroeg stadium opsporen.<\/p>\r\n<p>De urinetest is eenvoudig in gebruik:<\/p>\r\n<ol>\r\n<li>Vang de urine op met speciaal zand in de kattenbak.<\/li>\r\n<li>Scan de teststrip met de Pezz-app.<\/li>\r\n<li>U ontvangt het resultaat in de Pezz-app.<\/li>\r\n<\/ol>\r\n<p><em>Let op! Voor het gebruik is de app \u201cPezz\u201d vereist. Deze app kunt u gratis downloaden in app stores. U dient de gebruikersvoorwaarden en gegevensbeschermingsinstructie in de app op te volgen.<\/em><\/p>","_nl_post_name":"trixie-urinetest-katten","_nl_post_excerpt":"","_nl_post_title":"Trixie Urinetest voor katten","_en_post_content":"<p>With the Trixie Urine Test for Cats, you can test your cat at home for 5 important health values: haemoglobin, glucose, pH, ketones and protein. It allows you to detect symptoms of kidney and urinary tract disease and diabetes at an early stage.<\/p>\r\n<p>The urine test is easy to use:<\/p>\r\n<ol>\r\n<li>Collect urine with special sand in the litter box.<\/li>\r\n<li>Scan the test strip with the Pezz app.<\/li>\r\n<li>You will receive the result in the Pezz app.<\/li>\r\n<\/ol>\r\n<p><em>Note! The app \"Pezz\" is required for use. You can download this app for free in app stores. You must follow the terms of use and data protection instruction in the app.<\/em><\/p>","_en_post_name":"trixie-urine-test-cats","_en_post_excerpt":"","_en_post_title":"Trixie Urine Test for Cats","_de_post_content":"<p>Mit dem Trixie Urintest f\u00fcr Katzen k\u00f6nnen Sie Ihre Katze zu Hause auf 5 wichtige Gesundheitswerte testen: H\u00e4moglobin, Glukose, pH-Wert, Ketone und Protein. So k\u00f6nnen Sie Symptome von Nieren- und Harnwegserkrankungen sowie Diabetes fr\u00fchzeitig erkennen.<\/p>\r\n<p>Der Urintest ist einfach in der Anwendung:<\/p>\r\n<ol>\r\n<li>Sammeln Sie den Urin mit speziellem Sand in der Katzentoilette.<\/li>\r\n<li>Scannen Sie den Teststreifen mit der Pezz-App.<\/li>\r\n<li>Sie erhalten das Ergebnis in der Pezz-App.<\/li>\r\n<\/ol>\r\n<p><em>Hinweis! Die App \"Pezz\" ist f\u00fcr die Nutzung erforderlich. Sie k\u00f6nnen diese App kostenlos in den App-Stores herunterladen. Sie m\u00fcssen die Nutzungsbedingungen und Datenschutzhinweise in der App beachten.<\/em><\/p>","_de_post_name":"trixie-urintest-katzen","_de_post_excerpt":"","_de_post_title":"Trixie Urintest f\u00fcr Katzen","_fr_post_content":"<p>Avec le Trixie Test d\u2019urine pour les chats, vous pouvez tester votre chat \u00e0 la maison pour 5 valeurs de sant\u00e9 importantes : h\u00e9moglobine, glucose, pH, c\u00e9tones et prot\u00e9ines. Il vous permet de d\u00e9tecter \u00e0 un stade pr\u00e9coce les sympt\u00f4mes des maladies r\u00e9nales et des voies urinaires, ainsi que du diab\u00e8te.<\/p>\r\n<p>Le test d'urine est facile \u00e0 utiliser :<\/p>\r\n<ol>\r\n<li>Recueillir l'urine \u00e0 l'aide d'un sable sp\u00e9cial dans le bac \u00e0 liti\u00e8re.<\/li>\r\n<li>Scannez la bandelette de test avec l'application Pezz.<\/li>\r\n<li>Vous recevrez le r\u00e9sultat dans l'application Pezz.<\/li>\r\n<\/ol>\r\n<p><em>Remarque ! L'application \"Pezz\" est n\u00e9cessaire pour l'utilisation. Vous pouvez t\u00e9l\u00e9charger cette application gratuitement dans les magasins d'applications. Vous devez respecter les conditions d'utilisation et les instructions relatives \u00e0 la protection des donn\u00e9es contenues dans l'application.<\/em><\/p>","_fr_post_name":"trixie-test-d-urine-chats","_fr_post_excerpt":"","_fr_post_title":"Trixie Test d\u2019urine pour les chats","_es_post_content":"<p>Con el Trixie An\u00e1lisis de orina para gatos, puede analizar en casa 5 valores importantes para la salud de su gato: hemoglobina, glucosa, pH, cetonas y prote\u00ednas. Permite detectar precozmente s\u00edntomas de enfermedades renales y del tracto urinario, as\u00ed como de diabetes.<\/p>\r\n<p>El test de orina es f\u00e1cil de usar:<\/p>\r\n<ol>\r\n<li>Recoge la orina con arena especial en la caja de arena.<\/li>\r\n<li>Escanea la tira reactiva con la app Pezz.<\/li>\r\n<li>Recibir\u00e1s el resultado en la app Pezz.<\/li>\r\n<\/ol>\r\n<p><em>Nota. La aplicaci\u00f3n \"Pezz\" es necesaria para su uso. Puede descargar esta aplicaci\u00f3n de forma gratuita en las tiendas de aplicaciones. Debes seguir las condiciones de uso y las instrucciones de protecci\u00f3n de datos de la aplicaci\u00f3n.<\/em><\/p>","_es_post_name":"trixie-analisis-de-orina-gatos","_es_post_excerpt":"","_es_post_title":"Trixie An\u00e1lisis de orina para gatos","edit_language":"nl"},"product_brand":[],"product_cat":[1872,1997,1118,1871,1857,1880,1998,1990,1959],"product_tag":[],"class_list":{"0":"post-120306","1":"product","2":"type-product","3":"status-publish","4":"has-post-thumbnail","6":"product_cat-alvleesklier","7":"product_cat-blaasontsteking","8":"product_cat-katten","9":"product_cat-medicijnen-supplementen","10":"product_cat-merken","11":"product_cat-nieren-blaas-urinewegen","12":"product_cat-nierfalen","13":"product_cat-suikerziekte","14":"product_cat-trixie","15":"pa_aandoening-overig","16":"pa_doeldier-kat","17":"pa_fabricatieland-duitsland","18":"pa_merkfilter-trixie","19":"pa_merkgroep-trixie","20":"pa_productsoort-overig","21":"pa_toedieningswijze-overig","22":"pa_unit_pricing_base_measure-1ct","23":"pa_unit_pricing_measure-1ct","24":"pa_werkzamestof-overig","26":"first","27":"outofstock","28":"taxable","29":"shipping-taxable","30":"purchasable","31":"product-type-simple"},"yoast_head":"<!-- This site is optimized with the Yoast SEO plugin v27.5 - https:\/\/yoast.com\/product\/yoast-seo-wordpress\/ -->\n<title>Trixie Urinetest voor katten - Pharmacy4pets<\/title>\n<meta name=\"robots\" content=\"index, follow, max-snippet:-1, max-image-preview:large, max-video-preview:-1\" \/>\n<link rel=\"canonical\" href=\"https:\/\/www.pharmacy4pets.nl\/trixie-urinetest-katten\" \/>\n<meta property=\"og:locale\" content=\"nl_NL\" \/>\n<meta property=\"og:type\" content=\"article\" \/>\n<meta property=\"og:title\" content=\"Trixie Urinetest voor katten - Pharmacy4pets\" \/>\n<meta property=\"og:description\" content=\"Met de Trixie Urinetest voor katten kunt u uw kat thuis testen op een aantal belangrijke gezondheidswaarden: hemoglobine, glucose, pH-waarde, ketonen en prote\u00efne. Hiermee kunt u symptomen van nier- en urinewegaandoeningen en diabetes in een vroeg stadium opsporen. De urinetest is eenvoudig in gebruik: Vang de urine op met speciaal zand in de kattenbak. Scan [&hellip;]\" \/>\n<meta property=\"og:url\" content=\"https:\/\/www.pharmacy4pets.nl\/trixie-urinetest-katten\" \/>\n<meta property=\"og:site_name\" content=\"Pharmacy4pets\" \/>\n<meta property=\"article:publisher\" content=\"https:\/\/www.facebook.com\/people\/Pharmacy4petsnl\/100063484989896\/\" \/>\n<meta property=\"article:modified_time\" content=\"2026-05-02T03:23:27+00:00\" \/>\n<meta property=\"og:image\" content=\"https:\/\/www.pharmacy4pets.nl\/wp-content\/uploads\/2023\/05\/trixie-urinetest-katten-2_1.jpg\" \/>\n\t<meta property=\"og:image:width\" content=\"1000\" \/>\n\t<meta property=\"og:image:height\" content=\"1000\" \/>\n\t<meta property=\"og:image:type\" content=\"image\/jpeg\" \/>\n<meta name=\"twitter:card\" content=\"summary_large_image\" \/>\n<script type=\"application\/ld+json\" class=\"yoast-schema-graph\">{\"@context\":\"https:\\\/\\\/schema.org\",\"@graph\":[{\"@type\":\"WebPage\",\"@id\":\"https:\\\/\\\/www.pharmacy4pets.nl\\\/trixie-urinetest-katten\",\"url\":\"https:\\\/\\\/www.pharmacy4pets.nl\\\/trixie-urinetest-katten\",\"name\":\"Trixie Urinetest voor katten - Pharmacy4pets\",\"isPartOf\":{\"@id\":\"http:\\\/\\\/www.pharmacy4pets.nl\\\/#website\"},\"primaryImageOfPage\":{\"@id\":\"https:\\\/\\\/www.pharmacy4pets.nl\\\/trixie-urinetest-katten#primaryimage\"},\"image\":{\"@id\":\"https:\\\/\\\/www.pharmacy4pets.nl\\\/trixie-urinetest-katten#primaryimage\"},\"thumbnailUrl\":\"https:\\\/\\\/www.pharmacy4pets.nl\\\/wp-content\\\/uploads\\\/2023\\\/05\\\/trixie-urinetest-katten-2_1.jpg\",\"datePublished\":\"2023-05-23T10:01:30+00:00\",\"dateModified\":\"2026-05-02T03:23:27+00:00\",\"breadcrumb\":{\"@id\":\"https:\\\/\\\/www.pharmacy4pets.nl\\\/trixie-urinetest-katten#breadcrumb\"},\"inLanguage\":\"nl-NL\",\"potentialAction\":[{\"@type\":\"ReadAction\",\"target\":[\"https:\\\/\\\/www.pharmacy4pets.nl\\\/trixie-urinetest-katten\"]}]},{\"@type\":\"ImageObject\",\"inLanguage\":\"nl-NL\",\"@id\":\"https:\\\/\\\/www.pharmacy4pets.nl\\\/trixie-urinetest-katten#primaryimage\",\"url\":\"https:\\\/\\\/www.pharmacy4pets.nl\\\/wp-content\\\/uploads\\\/2023\\\/05\\\/trixie-urinetest-katten-2_1.jpg\",\"contentUrl\":\"https:\\\/\\\/www.pharmacy4pets.nl\\\/wp-content\\\/uploads\\\/2023\\\/05\\\/trixie-urinetest-katten-2_1.jpg\",\"width\":1000,\"height\":1000,\"caption\":\"Trixie\"},{\"@type\":\"BreadcrumbList\",\"@id\":\"https:\\\/\\\/www.pharmacy4pets.nl\\\/trixie-urinetest-katten#breadcrumb\",\"itemListElement\":[{\"@type\":\"ListItem\",\"position\":1,\"name\":\"Home\",\"item\":\"https:\\\/\\\/p4p-nl.bootmine.com\\\/\"},{\"@type\":\"ListItem\",\"position\":2,\"name\":\"Winkel\",\"item\":\"https:\\\/\\\/p4p-nl.bootmine.com\\\/winkel\"},{\"@type\":\"ListItem\",\"position\":3,\"name\":\"Trixie Urinetest voor katten\"}]},{\"@type\":\"WebSite\",\"@id\":\"http:\\\/\\\/www.pharmacy4pets.nl\\\/#website\",\"url\":\"http:\\\/\\\/www.pharmacy4pets.nl\\\/\",\"name\":\"Pharmacy4pets\",\"description\":\"Pharmacy4pets.nl is d\u00e9 online apotheek waar u terecht kunt voor alle diergeneesmiddelen, verzorgingsproducten en dieetvoeding voor uw huisdier.\",\"publisher\":{\"@id\":\"http:\\\/\\\/www.pharmacy4pets.nl\\\/#organization\"},\"potentialAction\":[{\"@type\":\"SearchAction\",\"target\":{\"@type\":\"EntryPoint\",\"urlTemplate\":\"http:\\\/\\\/www.pharmacy4pets.nl\\\/?s={search_term_string}\"},\"query-input\":{\"@type\":\"PropertyValueSpecification\",\"valueRequired\":true,\"valueName\":\"search_term_string\"}}],\"inLanguage\":\"nl-NL\"},{\"@type\":\"Organization\",\"@id\":\"http:\\\/\\\/www.pharmacy4pets.nl\\\/#organization\",\"name\":\"Pharmacy4pets\",\"url\":\"http:\\\/\\\/www.pharmacy4pets.nl\\\/\",\"logo\":{\"@type\":\"ImageObject\",\"inLanguage\":\"nl-NL\",\"@id\":\"http:\\\/\\\/www.pharmacy4pets.nl\\\/#\\\/schema\\\/logo\\\/image\\\/\",\"url\":\"https:\\\/\\\/p4p-nl.bootmine.com\\\/wp-content\\\/uploads\\\/2026\\\/03\\\/logo-pharmacy4pets.png\",\"contentUrl\":\"https:\\\/\\\/p4p-nl.bootmine.com\\\/wp-content\\\/uploads\\\/2026\\\/03\\\/logo-pharmacy4pets.png\",\"width\":1024,\"height\":135,\"caption\":\"Pharmacy4pets\"},\"image\":{\"@id\":\"http:\\\/\\\/www.pharmacy4pets.nl\\\/#\\\/schema\\\/logo\\\/image\\\/\"},\"sameAs\":[\"https:\\\/\\\/www.facebook.com\\\/people\\\/Pharmacy4petsnl\\\/100063484989896\\\/\",\"https:\\\/\\\/www.youtube.com\\\/channel\\\/UCGPTIgucgli03tP2_kvLkHg\\\/featured\",\"https:\\\/\\\/www.instagram.com\\\/pharmacy4pets.nl\"]}]}<\/script>\n<!-- \/ Yoast SEO plugin. -->","yoast_head_json":{"title":"Trixie Urinetest voor katten - Pharmacy4pets","robots":{"index":"index","follow":"follow","max-snippet":"max-snippet:-1","max-image-preview":"max-image-preview:large","max-video-preview":"max-video-preview:-1"},"canonical":"https:\/\/www.pharmacy4pets.nl\/trixie-urinetest-katten","og_locale":"nl_NL","og_type":"article","og_title":"Trixie Urinetest voor katten - Pharmacy4pets","og_description":"Met de Trixie Urinetest voor katten kunt u uw kat thuis testen op een aantal belangrijke gezondheidswaarden: hemoglobine, glucose, pH-waarde, ketonen en prote\u00efne. Hiermee kunt u symptomen van nier- en urinewegaandoeningen en diabetes in een vroeg stadium opsporen. De urinetest is eenvoudig in gebruik: Vang de urine op met speciaal zand in de kattenbak. Scan [&hellip;]","og_url":"https:\/\/www.pharmacy4pets.nl\/trixie-urinetest-katten","og_site_name":"Pharmacy4pets","article_publisher":"https:\/\/www.facebook.com\/people\/Pharmacy4petsnl\/100063484989896\/","article_modified_time":"2026-05-02T03:23:27+00:00","og_image":[{"width":1000,"height":1000,"url":"https:\/\/www.pharmacy4pets.nl\/wp-content\/uploads\/2023\/05\/trixie-urinetest-katten-2_1.jpg","type":"image\/jpeg"}],"twitter_card":"summary_large_image","schema":{"@context":"https:\/\/schema.org","@graph":[{"@type":"WebPage","@id":"https:\/\/www.pharmacy4pets.nl\/trixie-urinetest-katten","url":"https:\/\/www.pharmacy4pets.nl\/trixie-urinetest-katten","name":"Trixie Urinetest voor katten - Pharmacy4pets","isPartOf":{"@id":"http:\/\/www.pharmacy4pets.nl\/#website"},"primaryImageOfPage":{"@id":"https:\/\/www.pharmacy4pets.nl\/trixie-urinetest-katten#primaryimage"},"image":{"@id":"https:\/\/www.pharmacy4pets.nl\/trixie-urinetest-katten#primaryimage"},"thumbnailUrl":"https:\/\/www.pharmacy4pets.nl\/wp-content\/uploads\/2023\/05\/trixie-urinetest-katten-2_1.jpg","datePublished":"2023-05-23T10:01:30+00:00","dateModified":"2026-05-02T03:23:27+00:00","breadcrumb":{"@id":"https:\/\/www.pharmacy4pets.nl\/trixie-urinetest-katten#breadcrumb"},"inLanguage":"nl-NL","potentialAction":[{"@type":"ReadAction","target":["https:\/\/www.pharmacy4pets.nl\/trixie-urinetest-katten"]}]},{"@type":"ImageObject","inLanguage":"nl-NL","@id":"https:\/\/www.pharmacy4pets.nl\/trixie-urinetest-katten#primaryimage","url":"https:\/\/www.pharmacy4pets.nl\/wp-content\/uploads\/2023\/05\/trixie-urinetest-katten-2_1.jpg","contentUrl":"https:\/\/www.pharmacy4pets.nl\/wp-content\/uploads\/2023\/05\/trixie-urinetest-katten-2_1.jpg","width":1000,"height":1000,"caption":"Trixie"},{"@type":"BreadcrumbList","@id":"https:\/\/www.pharmacy4pets.nl\/trixie-urinetest-katten#breadcrumb","itemListElement":[{"@type":"ListItem","position":1,"name":"Home","item":"https:\/\/p4p-nl.bootmine.com\/"},{"@type":"ListItem","position":2,"name":"Winkel","item":"https:\/\/p4p-nl.bootmine.com\/winkel"},{"@type":"ListItem","position":3,"name":"Trixie Urinetest voor katten"}]},{"@type":"WebSite","@id":"http:\/\/www.pharmacy4pets.nl\/#website","url":"http:\/\/www.pharmacy4pets.nl\/","name":"Pharmacy4pets","description":"Pharmacy4pets.nl is d\u00e9 online apotheek waar u terecht kunt voor alle diergeneesmiddelen, verzorgingsproducten en dieetvoeding voor uw huisdier.","publisher":{"@id":"http:\/\/www.pharmacy4pets.nl\/#organization"},"potentialAction":[{"@type":"SearchAction","target":{"@type":"EntryPoint","urlTemplate":"http:\/\/www.pharmacy4pets.nl\/?s={search_term_string}"},"query-input":{"@type":"PropertyValueSpecification","valueRequired":true,"valueName":"search_term_string"}}],"inLanguage":"nl-NL"},{"@type":"Organization","@id":"http:\/\/www.pharmacy4pets.nl\/#organization","name":"Pharmacy4pets","url":"http:\/\/www.pharmacy4pets.nl\/","logo":{"@type":"ImageObject","inLanguage":"nl-NL","@id":"http:\/\/www.pharmacy4pets.nl\/#\/schema\/logo\/image\/","url":"https:\/\/p4p-nl.bootmine.com\/wp-content\/uploads\/2026\/03\/logo-pharmacy4pets.png","contentUrl":"https:\/\/p4p-nl.bootmine.com\/wp-content\/uploads\/2026\/03\/logo-pharmacy4pets.png","width":1024,"height":135,"caption":"Pharmacy4pets"},"image":{"@id":"http:\/\/www.pharmacy4pets.nl\/#\/schema\/logo\/image\/"},"sameAs":["https:\/\/www.facebook.com\/people\/Pharmacy4petsnl\/100063484989896\/","https:\/\/www.youtube.com\/channel\/UCGPTIgucgli03tP2_kvLkHg\/featured","https:\/\/www.instagram.com\/pharmacy4pets.nl"]}]}},"market_data":{"nl":{"price":0,"sale_price":0,"active":false,"url":null,"parent_url":"","tax_rate":0,"price_inc_tax":0,"sale_price_inc_tax":0},"de":{"price":0,"sale_price":0,"active":false,"url":null,"parent_url":"","tax_rate":0,"price_inc_tax":0,"sale_price_inc_tax":0},"be":{"price":0,"sale_price":0,"active":false,"url":null,"parent_url":"","tax_rate":0,"price_inc_tax":0,"sale_price_inc_tax":0},"fr":{"price":0,"sale_price":0,"active":false,"url":null,"parent_url":"","tax_rate":0,"price_inc_tax":0,"sale_price_inc_tax":0},"ch":{"price":0,"sale_price":0,"active":false,"url":null,"parent_url":"","tax_rate":0,"price_inc_tax":0,"sale_price_inc_tax":0},"at":{"price":0,"sale_price":0,"active":false,"url":null,"parent_url":"","tax_rate":0,"price_inc_tax":0,"sale_price_inc_tax":0},"es":{"price":0,"sale_price":0,"active":false,"url":null,"parent_url":"","tax_rate":0,"price_inc_tax":0,"sale_price_inc_tax":0},"dk":{"price":0,"sale_price":0,"active":false,"url":null,"parent_url":"","tax_rate":0,"price_inc_tax":0,"sale_price_inc_tax":0},"com":{"price":0,"sale_price":0,"active":false,"url":null,"parent_url":"","tax_rate":0,"price_inc_tax":0,"sale_price_inc_tax":0}},"market_nl_price":0,"market_nl_sale_price":0,"market_nl_active":false,"market_nl_url":null,"market_nl_parent_url":"","market_nl_tax_rate":0,"market_nl_price_inc_tax":0,"market_nl_sale_price_inc_tax":0,"market_de_price":0,"market_de_sale_price":0,"market_de_active":false,"market_de_url":null,"market_de_parent_url":"","market_de_tax_rate":0,"market_de_price_inc_tax":0,"market_de_sale_price_inc_tax":0,"market_be_price":0,"market_be_sale_price":0,"market_be_active":false,"market_be_url":null,"market_be_parent_url":"","market_be_tax_rate":0,"market_be_price_inc_tax":0,"market_be_sale_price_inc_tax":0,"market_fr_price":0,"market_fr_sale_price":0,"market_fr_active":false,"market_fr_url":null,"market_fr_parent_url":"","market_fr_tax_rate":0,"market_fr_price_inc_tax":0,"market_fr_sale_price_inc_tax":0,"market_ch_price":0,"market_ch_sale_price":0,"market_ch_active":false,"market_ch_url":null,"market_ch_parent_url":"","market_ch_tax_rate":0,"market_ch_price_inc_tax":0,"market_ch_sale_price_inc_tax":0,"market_at_price":0,"market_at_sale_price":0,"market_at_active":false,"market_at_url":null,"market_at_parent_url":"","market_at_tax_rate":0,"market_at_price_inc_tax":0,"market_at_sale_price_inc_tax":0,"market_es_price":0,"market_es_sale_price":0,"market_es_active":false,"market_es_url":null,"market_es_parent_url":"","market_es_tax_rate":0,"market_es_price_inc_tax":0,"market_es_sale_price_inc_tax":0,"market_dk_price":0,"market_dk_sale_price":0,"market_dk_active":false,"market_dk_url":null,"market_dk_parent_url":"","market_dk_tax_rate":0,"market_dk_price_inc_tax":0,"market_dk_sale_price_inc_tax":0,"market_com_price":0,"market_com_sale_price":0,"market_com_active":false,"market_com_url":null,"market_com_parent_url":"","market_com_tax_rate":0,"market_com_price_inc_tax":0,"market_com_sale_price_inc_tax":0,"acf":[],"_links":{"self":[{"href":"https:\/\/www.pharmacy4pets.nl\/be\/wp-json\/wp\/v2\/product\/120306","targetHints":{"allow":["GET"]}}],"collection":[{"href":"https:\/\/www.pharmacy4pets.nl\/be\/wp-json\/wp\/v2\/product"}],"about":[{"href":"https:\/\/www.pharmacy4pets.nl\/be\/wp-json\/wp\/v2\/types\/product"}],"replies":[{"embeddable":true,"href":"https:\/\/www.pharmacy4pets.nl\/be\/wp-json\/wp\/v2\/comments?post=120306"}],"wp:featuredmedia":[{"embeddable":true,"href":"https:\/\/www.pharmacy4pets.nl\/be\/wp-json\/wp\/v2\/media\/120303"}],"wp:attachment":[{"href":"https:\/\/www.pharmacy4pets.nl\/be\/wp-json\/wp\/v2\/media?parent=120306"}],"wp:term":[{"taxonomy":"product_brand","embeddable":true,"href":"https:\/\/www.pharmacy4pets.nl\/be\/wp-json\/wp\/v2\/product_brand?post=120306"},{"taxonomy":"product_cat","embeddable":true,"href":"https:\/\/www.pharmacy4pets.nl\/be\/wp-json\/wp\/v2\/product_cat?post=120306"},{"taxonomy":"product_tag","embeddable":true,"href":"https:\/\/www.pharmacy4pets.nl\/be\/wp-json\/wp\/v2\/product_tag?post=120306"}],"curies":[{"name":"wp","href":"https:\/\/api.w.org\/{rel}","templated":true}]}}