{"id":120298,"date":"2023-05-22T17:01:50","date_gmt":"2023-05-22T17:01:50","guid":{"rendered":"https:\/\/p4p.test\/trixie-wormentest-katten"},"modified":"2026-03-25T12:05:28","modified_gmt":"2026-03-25T12:05:28","slug":"trixie-wormentest-katten","status":"publish","type":"product","link":"https:\/\/www.pharmacy4pets.nl\/be\/trixie-wormentest-katten","title":{"rendered":"Trixie Wormentest voor katten"},"content":{"rendered":"<p>Met de Trixie Wormentest voor katten kunt u uw kat thuis testen op de meest voorkomende wormsoorten (spoelwormen, zweepwormen, haakwormen), coccidia en giardia.<\/p>\n<p>De laboratoriumtest is eenvoudig in gebruik:<\/p>\n<ol>\n<li>Gedurende drie dagen verzamelt u monsters.<\/li>\n<li>U zendt ze gratis naar het labaratorium.<\/li>\n<li>U ontvangt het resultaat in de Pezz app.<\/li>\n<\/ol>\n<p><em>Let op! Voor het gebruik is de app \u201cPezz\u201d vereist. Deze app kunt u gratis downloaden in app stores. U dient de gebruikersvoorwaarden en gegevensbeschermingsinstructie in de app op te volgen. Meer informatie vindt u in de verpakking van dit product en in de gratis Pezz app. <\/em><\/p>\n","protected":false},"excerpt":{"rendered":"<p>Met de Trixie Wormentest voor katten kunt u uw kat thuis testen op de meest voorkomende wormsoorten (spoelwormen, zweepwormen, haakwormen), coccidia en giardia. De laboratoriumtest is eenvoudig in gebruik: Gedurende drie dagen verzamelt u monsters. U zendt ze gratis naar het labaratorium. U ontvangt het resultaat in de Pezz app. Let op! Voor het gebruik [&hellip;]<\/p>\n","protected":false},"featured_media":120295,"comment_status":"open","ping_status":"closed","template":"","meta":{"_acf_changed":false,"_nl_post_content":"<p>Met de Trixie Wormentest voor katten kunt u uw kat thuis testen op de meest voorkomende wormsoorten (spoelwormen, zweepwormen, haakwormen), coccidia en giardia.<\/p>\n<p>De laboratoriumtest is eenvoudig in gebruik:<\/p>\n<ol>\n<li>Gedurende drie dagen verzamelt u monsters.<\/li>\n<li>U zendt ze gratis naar het labaratorium.<\/li>\n<li>U ontvangt het resultaat in de Pezz app.<\/li>\n<\/ol>\n<p><em>Let op! Voor het gebruik is de app \u201cPezz\u201d vereist. Deze app kunt u gratis downloaden in app stores. U dient de gebruikersvoorwaarden en gegevensbeschermingsinstructie in de app op te volgen. Meer informatie vindt u in de verpakking van dit product en in de gratis Pezz app. <\/em><\/p>","_nl_post_name":"trixie-wormentest-katten","_nl_post_excerpt":"","_nl_post_title":"Trixie Wormentest voor katten","_en_post_content":"<p>With the Trixie Worm Test for Cats, you can test your cat at home for the most common worm species (roundworms, whipworms, hookworms), coccidia and giardia.<\/p>\n<p>The laboratory test is easy to use:<\/p>\n<ol>\n<li>Over three days, collect samples.<\/li>\n<li>You send them to the laboratory free of charge.<\/li>\n<li>You receive the result in the Pezz app.<\/li>\n<\/ol>\n<p><em>Please note! The app \"Pezz\" is required for use. You can download this app for free in app stores. You need to follow the terms of use and data protection instruction in the app. More information can be found in the packaging of this product and in the free Pezz app.<\/em><\/p>","_en_post_name":"trixie-worm-test-cats","_en_post_excerpt":"","_en_post_title":"Trixie Worm Test for Cats","_de_post_content":"<p>Mit dem Trixie Wurmtest f\u00fcr Katzen k\u00f6nnen Sie Ihre Katze zu Hause auf die h\u00e4ufigsten Wurmarten (Spulw\u00fcrmer, Peitschenw\u00fcrmer, Hakenw\u00fcrmer), Kokzidien und Giardien testen.<\/p>\n<p>Der Labortest ist einfach in der Anwendung:<\/p>\n<ol>\n<li>Sammeln Sie \u00fcber drei Tage Proben.<\/li>\n<li>Sie schicken sie gratis an das Labor.<\/li>\n<li>Sie erhalten das Ergebnis in der Pezz-App.<\/li>\n<\/ol>\n<p><em>Bitte beachten Sie! F\u00fcr die Nutzung ist die App \"Pezz\" erforderlich. Sie k\u00f6nnen diese App kostenlos in den App-Stores herunterladen. Sie m\u00fcssen die Nutzungsbedingungen und Datenschutzhinweise in der App befolgen. Weitere Informationen finden Sie auf der Verpackung dieses Produkts und in der kostenlosen Pezz-App.<\/em><\/p>","_de_post_name":"trixie-wurmtest-katzen","_de_post_excerpt":"","_de_post_title":"Trixie Wurmtest f\u00fcr Katzen","_fr_post_content":"<p>Avec le Trixie Test de vermifugation pour les chats, vous pouvez tester votre chat \u00e0 la maison pour les esp\u00e8ces de vers les plus courantes (ascaris, trichoc\u00e9phales, ankylostomes), les coccidies et les giardias.<\/p>\n<p>Ce test de laboratoire est facile \u00e0 utiliser :<\/p>\n<ol>\n<li>Pr\u00e9levez des \u00e9chantillons pendant trois jours.<\/li>\n<li>Vous les envoyez gratuitement au laboratoire.<\/li>\n<li>Vous recevez le r\u00e9sultat dans l'application Pezz.<\/li>\n<\/ol>\n<p><em>Attention ! L'utilisation de l'application \"Pezz\" est n\u00e9cessaire. Vous pouvez la t\u00e9l\u00e9charger gratuitement dans les magasins d'applications. Vous devez respecter les conditions d'utilisation et les instructions relatives \u00e0 la protection des donn\u00e9es contenues dans l'application. Vous trouverez de plus amples informations sur l'emballage de ce produit et dans l'application gratuite Pezz.<\/em><\/p>","_fr_post_name":"trixie-test-de-vermifugation-chats","_fr_post_excerpt":"","_fr_post_title":"Trixie Test de vermifugation pour les chats","_es_post_content":"<p>Prueba de lombrices Trixie para gatos<\/p>\n<p>Con el test de lombrices Trixie para gatos, puede analizar a su gato en casa para detectar las especies de lombrices m\u00e1s comunes (asc\u00e1rides, tricoc\u00e9falos, anquilostomas), coccidia y giardia.<\/p>\n<p>La prueba de laboratorio es f\u00e1cil de usar:<\/p>\n<ol>\n<li>Durante tres d\u00edas, recoja muestras.<\/li>\n<li>Las env\u00edas al laboratorio de forma gratuita.<\/li>\n<li>Recibes el resultado en la aplicaci\u00f3n Pezz.<\/li>\n<\/ol>\n<p><em>Atenci\u00f3n La aplicaci\u00f3n \"Pezz\" es necesaria para su uso. Puede descargar esta aplicaci\u00f3n de forma gratuita en las tiendas de aplicaciones. Debe seguir las condiciones de uso y las instrucciones de protecci\u00f3n de datos de la aplicaci\u00f3n. Encontrar\u00e1 m\u00e1s informaci\u00f3n en el envase de este producto y en la aplicaci\u00f3n gratuita Pezz.<\/em><\/p>","_es_post_name":"trixie-prueba-del-gusano-gatos","_es_post_excerpt":"","_es_post_title":"Trixie Prueba del gusano para gatos","edit_language":"nl"},"product_brand":[],"product_cat":[1118,1857,1870,1959],"product_tag":[],"class_list":{"0":"post-120298","1":"product","2":"type-product","3":"status-publish","4":"has-post-thumbnail","6":"product_cat-katten","7":"product_cat-merken","8":"product_cat-ontwormen","9":"product_cat-trixie","10":"pa_aandoening-wormen","11":"pa_doeldier-kat","12":"pa_fabricatieland-duitsland","13":"pa_merkfilter-trixie","14":"pa_merkgroep-trixie","15":"pa_productsoort-overig","16":"pa_toedieningswijze-overig","17":"pa_unit_pricing_base_measure-1ct","18":"pa_unit_pricing_measure-1ct","19":"pa_werkzamestof-overig","21":"first","22":"instock","23":"taxable","24":"shipping-taxable","25":"purchasable","26":"product-type-simple"},"yoast_head":"<!-- This site is optimized with the Yoast SEO plugin v27.5 - https:\/\/yoast.com\/product\/yoast-seo-wordpress\/ -->\n<title>Trixie Wormentest voor katten - Pharmacy4pets<\/title>\n<meta name=\"robots\" content=\"index, follow, max-snippet:-1, max-image-preview:large, max-video-preview:-1\" \/>\n<link rel=\"canonical\" href=\"https:\/\/www.pharmacy4pets.nl\/be\/trixie-wormentest-katten\" \/>\n<meta property=\"og:locale\" content=\"nl_NL\" \/>\n<meta property=\"og:type\" content=\"article\" \/>\n<meta property=\"og:title\" content=\"Trixie Wormentest voor katten - Pharmacy4pets\" \/>\n<meta property=\"og:description\" content=\"Met de Trixie Wormentest voor katten kunt u uw kat thuis testen op de meest voorkomende wormsoorten (spoelwormen, zweepwormen, haakwormen), coccidia en giardia. De laboratoriumtest is eenvoudig in gebruik: Gedurende drie dagen verzamelt u monsters. U zendt ze gratis naar het labaratorium. U ontvangt het resultaat in de Pezz app. Let op! Voor het gebruik [&hellip;]\" \/>\n<meta property=\"og:url\" content=\"https:\/\/www.pharmacy4pets.nl\/be\/trixie-wormentest-katten\" \/>\n<meta property=\"og:site_name\" content=\"Pharmacy4pets\" \/>\n<meta property=\"article:publisher\" content=\"https:\/\/www.facebook.com\/people\/Pharmacy4petsnl\/100063484989896\/\" \/>\n<meta property=\"article:modified_time\" content=\"2026-03-25T12:05:28+00:00\" \/>\n<meta property=\"og:image\" content=\"https:\/\/www.pharmacy4pets.nl\/wp-content\/uploads\/2023\/05\/trixie-wormentest-kat-1.jpg\" \/>\n\t<meta property=\"og:image:width\" content=\"1000\" \/>\n\t<meta property=\"og:image:height\" content=\"1000\" \/>\n\t<meta property=\"og:image:type\" content=\"image\/jpeg\" \/>\n<meta name=\"twitter:card\" content=\"summary_large_image\" \/>\n<script type=\"application\/ld+json\" class=\"yoast-schema-graph\">{\"@context\":\"https:\\\/\\\/schema.org\",\"@graph\":[{\"@type\":\"WebPage\",\"@id\":\"https:\\\/\\\/www.pharmacy4pets.nl\\\/be\\\/trixie-wormentest-katten\",\"url\":\"https:\\\/\\\/www.pharmacy4pets.nl\\\/be\\\/trixie-wormentest-katten\",\"name\":\"Trixie Wormentest voor katten - Pharmacy4pets\",\"isPartOf\":{\"@id\":\"http:\\\/\\\/www.pharmacy4pets.nl\\\/#website\"},\"primaryImageOfPage\":{\"@id\":\"https:\\\/\\\/www.pharmacy4pets.nl\\\/be\\\/trixie-wormentest-katten#primaryimage\"},\"image\":{\"@id\":\"https:\\\/\\\/www.pharmacy4pets.nl\\\/be\\\/trixie-wormentest-katten#primaryimage\"},\"thumbnailUrl\":\"https:\\\/\\\/www.pharmacy4pets.nl\\\/wp-content\\\/uploads\\\/2023\\\/05\\\/trixie-wormentest-kat-1.jpg\",\"datePublished\":\"2023-05-22T17:01:50+00:00\",\"dateModified\":\"2026-03-25T12:05:28+00:00\",\"breadcrumb\":{\"@id\":\"https:\\\/\\\/www.pharmacy4pets.nl\\\/be\\\/trixie-wormentest-katten#breadcrumb\"},\"inLanguage\":\"nl-NL\",\"potentialAction\":[{\"@type\":\"ReadAction\",\"target\":[\"https:\\\/\\\/www.pharmacy4pets.nl\\\/be\\\/trixie-wormentest-katten\"]}]},{\"@type\":\"ImageObject\",\"inLanguage\":\"nl-NL\",\"@id\":\"https:\\\/\\\/www.pharmacy4pets.nl\\\/be\\\/trixie-wormentest-katten#primaryimage\",\"url\":\"https:\\\/\\\/www.pharmacy4pets.nl\\\/wp-content\\\/uploads\\\/2023\\\/05\\\/trixie-wormentest-kat-1.jpg\",\"contentUrl\":\"https:\\\/\\\/www.pharmacy4pets.nl\\\/wp-content\\\/uploads\\\/2023\\\/05\\\/trixie-wormentest-kat-1.jpg\",\"width\":1000,\"height\":1000,\"caption\":\"Trixie\"},{\"@type\":\"BreadcrumbList\",\"@id\":\"https:\\\/\\\/www.pharmacy4pets.nl\\\/be\\\/trixie-wormentest-katten#breadcrumb\",\"itemListElement\":[{\"@type\":\"ListItem\",\"position\":1,\"name\":\"Home\",\"item\":\"https:\\\/\\\/p4p-nl.bootmine.com\\\/\"},{\"@type\":\"ListItem\",\"position\":2,\"name\":\"Winkel\",\"item\":\"https:\\\/\\\/p4p-nl.bootmine.com\\\/winkel\"},{\"@type\":\"ListItem\",\"position\":3,\"name\":\"Trixie Wormentest voor katten\"}]},{\"@type\":\"WebSite\",\"@id\":\"http:\\\/\\\/www.pharmacy4pets.nl\\\/#website\",\"url\":\"http:\\\/\\\/www.pharmacy4pets.nl\\\/\",\"name\":\"Pharmacy4pets\",\"description\":\"Pharmacy4pets.nl is d\u00e9 online apotheek waar u terecht kunt voor alle diergeneesmiddelen, verzorgingsproducten en dieetvoeding voor uw huisdier.\",\"publisher\":{\"@id\":\"http:\\\/\\\/www.pharmacy4pets.nl\\\/#organization\"},\"potentialAction\":[{\"@type\":\"SearchAction\",\"target\":{\"@type\":\"EntryPoint\",\"urlTemplate\":\"http:\\\/\\\/www.pharmacy4pets.nl\\\/?s={search_term_string}\"},\"query-input\":{\"@type\":\"PropertyValueSpecification\",\"valueRequired\":true,\"valueName\":\"search_term_string\"}}],\"inLanguage\":\"nl-NL\"},{\"@type\":\"Organization\",\"@id\":\"http:\\\/\\\/www.pharmacy4pets.nl\\\/#organization\",\"name\":\"Pharmacy4pets\",\"url\":\"http:\\\/\\\/www.pharmacy4pets.nl\\\/\",\"logo\":{\"@type\":\"ImageObject\",\"inLanguage\":\"nl-NL\",\"@id\":\"http:\\\/\\\/www.pharmacy4pets.nl\\\/#\\\/schema\\\/logo\\\/image\\\/\",\"url\":\"https:\\\/\\\/p4p-nl.bootmine.com\\\/wp-content\\\/uploads\\\/2026\\\/03\\\/logo-pharmacy4pets.png\",\"contentUrl\":\"https:\\\/\\\/p4p-nl.bootmine.com\\\/wp-content\\\/uploads\\\/2026\\\/03\\\/logo-pharmacy4pets.png\",\"width\":1024,\"height\":135,\"caption\":\"Pharmacy4pets\"},\"image\":{\"@id\":\"http:\\\/\\\/www.pharmacy4pets.nl\\\/#\\\/schema\\\/logo\\\/image\\\/\"},\"sameAs\":[\"https:\\\/\\\/www.facebook.com\\\/people\\\/Pharmacy4petsnl\\\/100063484989896\\\/\",\"https:\\\/\\\/www.youtube.com\\\/channel\\\/UCGPTIgucgli03tP2_kvLkHg\\\/featured\",\"https:\\\/\\\/www.instagram.com\\\/pharmacy4pets.nl\"]}]}<\/script>\n<!-- \/ Yoast SEO plugin. -->","yoast_head_json":{"title":"Trixie Wormentest voor katten - Pharmacy4pets","robots":{"index":"index","follow":"follow","max-snippet":"max-snippet:-1","max-image-preview":"max-image-preview:large","max-video-preview":"max-video-preview:-1"},"canonical":"https:\/\/www.pharmacy4pets.nl\/be\/trixie-wormentest-katten","og_locale":"nl_NL","og_type":"article","og_title":"Trixie Wormentest voor katten - Pharmacy4pets","og_description":"Met de Trixie Wormentest voor katten kunt u uw kat thuis testen op de meest voorkomende wormsoorten (spoelwormen, zweepwormen, haakwormen), coccidia en giardia. De laboratoriumtest is eenvoudig in gebruik: Gedurende drie dagen verzamelt u monsters. U zendt ze gratis naar het labaratorium. U ontvangt het resultaat in de Pezz app. Let op! Voor het gebruik [&hellip;]","og_url":"https:\/\/www.pharmacy4pets.nl\/be\/trixie-wormentest-katten","og_site_name":"Pharmacy4pets","article_publisher":"https:\/\/www.facebook.com\/people\/Pharmacy4petsnl\/100063484989896\/","article_modified_time":"2026-03-25T12:05:28+00:00","og_image":[{"width":1000,"height":1000,"url":"https:\/\/www.pharmacy4pets.nl\/wp-content\/uploads\/2023\/05\/trixie-wormentest-kat-1.jpg","type":"image\/jpeg"}],"twitter_card":"summary_large_image","schema":{"@context":"https:\/\/schema.org","@graph":[{"@type":"WebPage","@id":"https:\/\/www.pharmacy4pets.nl\/be\/trixie-wormentest-katten","url":"https:\/\/www.pharmacy4pets.nl\/be\/trixie-wormentest-katten","name":"Trixie Wormentest voor katten - Pharmacy4pets","isPartOf":{"@id":"http:\/\/www.pharmacy4pets.nl\/#website"},"primaryImageOfPage":{"@id":"https:\/\/www.pharmacy4pets.nl\/be\/trixie-wormentest-katten#primaryimage"},"image":{"@id":"https:\/\/www.pharmacy4pets.nl\/be\/trixie-wormentest-katten#primaryimage"},"thumbnailUrl":"https:\/\/www.pharmacy4pets.nl\/wp-content\/uploads\/2023\/05\/trixie-wormentest-kat-1.jpg","datePublished":"2023-05-22T17:01:50+00:00","dateModified":"2026-03-25T12:05:28+00:00","breadcrumb":{"@id":"https:\/\/www.pharmacy4pets.nl\/be\/trixie-wormentest-katten#breadcrumb"},"inLanguage":"nl-NL","potentialAction":[{"@type":"ReadAction","target":["https:\/\/www.pharmacy4pets.nl\/be\/trixie-wormentest-katten"]}]},{"@type":"ImageObject","inLanguage":"nl-NL","@id":"https:\/\/www.pharmacy4pets.nl\/be\/trixie-wormentest-katten#primaryimage","url":"https:\/\/www.pharmacy4pets.nl\/wp-content\/uploads\/2023\/05\/trixie-wormentest-kat-1.jpg","contentUrl":"https:\/\/www.pharmacy4pets.nl\/wp-content\/uploads\/2023\/05\/trixie-wormentest-kat-1.jpg","width":1000,"height":1000,"caption":"Trixie"},{"@type":"BreadcrumbList","@id":"https:\/\/www.pharmacy4pets.nl\/be\/trixie-wormentest-katten#breadcrumb","itemListElement":[{"@type":"ListItem","position":1,"name":"Home","item":"https:\/\/p4p-nl.bootmine.com\/"},{"@type":"ListItem","position":2,"name":"Winkel","item":"https:\/\/p4p-nl.bootmine.com\/winkel"},{"@type":"ListItem","position":3,"name":"Trixie Wormentest voor katten"}]},{"@type":"WebSite","@id":"http:\/\/www.pharmacy4pets.nl\/#website","url":"http:\/\/www.pharmacy4pets.nl\/","name":"Pharmacy4pets","description":"Pharmacy4pets.nl is d\u00e9 online apotheek waar u terecht kunt voor alle diergeneesmiddelen, verzorgingsproducten en dieetvoeding voor uw huisdier.","publisher":{"@id":"http:\/\/www.pharmacy4pets.nl\/#organization"},"potentialAction":[{"@type":"SearchAction","target":{"@type":"EntryPoint","urlTemplate":"http:\/\/www.pharmacy4pets.nl\/?s={search_term_string}"},"query-input":{"@type":"PropertyValueSpecification","valueRequired":true,"valueName":"search_term_string"}}],"inLanguage":"nl-NL"},{"@type":"Organization","@id":"http:\/\/www.pharmacy4pets.nl\/#organization","name":"Pharmacy4pets","url":"http:\/\/www.pharmacy4pets.nl\/","logo":{"@type":"ImageObject","inLanguage":"nl-NL","@id":"http:\/\/www.pharmacy4pets.nl\/#\/schema\/logo\/image\/","url":"https:\/\/p4p-nl.bootmine.com\/wp-content\/uploads\/2026\/03\/logo-pharmacy4pets.png","contentUrl":"https:\/\/p4p-nl.bootmine.com\/wp-content\/uploads\/2026\/03\/logo-pharmacy4pets.png","width":1024,"height":135,"caption":"Pharmacy4pets"},"image":{"@id":"http:\/\/www.pharmacy4pets.nl\/#\/schema\/logo\/image\/"},"sameAs":["https:\/\/www.facebook.com\/people\/Pharmacy4petsnl\/100063484989896\/","https:\/\/www.youtube.com\/channel\/UCGPTIgucgli03tP2_kvLkHg\/featured","https:\/\/www.instagram.com\/pharmacy4pets.nl"]}]}},"market_data":{"nl":{"price":0,"sale_price":0,"active":false,"url":null,"parent_url":"","tax_rate":0,"price_inc_tax":0,"sale_price_inc_tax":0},"de":{"price":0,"sale_price":0,"active":false,"url":null,"parent_url":"","tax_rate":0,"price_inc_tax":0,"sale_price_inc_tax":0},"be":{"price":0,"sale_price":0,"active":false,"url":null,"parent_url":"","tax_rate":0,"price_inc_tax":0,"sale_price_inc_tax":0},"fr":{"price":0,"sale_price":0,"active":false,"url":null,"parent_url":"","tax_rate":0,"price_inc_tax":0,"sale_price_inc_tax":0},"ch":{"price":0,"sale_price":0,"active":false,"url":null,"parent_url":"","tax_rate":0,"price_inc_tax":0,"sale_price_inc_tax":0},"at":{"price":0,"sale_price":0,"active":false,"url":null,"parent_url":"","tax_rate":0,"price_inc_tax":0,"sale_price_inc_tax":0},"es":{"price":0,"sale_price":0,"active":false,"url":null,"parent_url":"","tax_rate":0,"price_inc_tax":0,"sale_price_inc_tax":0},"dk":{"price":0,"sale_price":0,"active":false,"url":null,"parent_url":"","tax_rate":0,"price_inc_tax":0,"sale_price_inc_tax":0},"com":{"price":0,"sale_price":0,"active":false,"url":null,"parent_url":"","tax_rate":0,"price_inc_tax":0,"sale_price_inc_tax":0}},"market_nl_price":0,"market_nl_sale_price":0,"market_nl_active":false,"market_nl_url":null,"market_nl_parent_url":"","market_nl_tax_rate":0,"market_nl_price_inc_tax":0,"market_nl_sale_price_inc_tax":0,"market_de_price":0,"market_de_sale_price":0,"market_de_active":false,"market_de_url":null,"market_de_parent_url":"","market_de_tax_rate":0,"market_de_price_inc_tax":0,"market_de_sale_price_inc_tax":0,"market_be_price":0,"market_be_sale_price":0,"market_be_active":false,"market_be_url":null,"market_be_parent_url":"","market_be_tax_rate":0,"market_be_price_inc_tax":0,"market_be_sale_price_inc_tax":0,"market_fr_price":0,"market_fr_sale_price":0,"market_fr_active":false,"market_fr_url":null,"market_fr_parent_url":"","market_fr_tax_rate":0,"market_fr_price_inc_tax":0,"market_fr_sale_price_inc_tax":0,"market_ch_price":0,"market_ch_sale_price":0,"market_ch_active":false,"market_ch_url":null,"market_ch_parent_url":"","market_ch_tax_rate":0,"market_ch_price_inc_tax":0,"market_ch_sale_price_inc_tax":0,"market_at_price":0,"market_at_sale_price":0,"market_at_active":false,"market_at_url":null,"market_at_parent_url":"","market_at_tax_rate":0,"market_at_price_inc_tax":0,"market_at_sale_price_inc_tax":0,"market_es_price":0,"market_es_sale_price":0,"market_es_active":false,"market_es_url":null,"market_es_parent_url":"","market_es_tax_rate":0,"market_es_price_inc_tax":0,"market_es_sale_price_inc_tax":0,"market_dk_price":0,"market_dk_sale_price":0,"market_dk_active":false,"market_dk_url":null,"market_dk_parent_url":"","market_dk_tax_rate":0,"market_dk_price_inc_tax":0,"market_dk_sale_price_inc_tax":0,"market_com_price":0,"market_com_sale_price":0,"market_com_active":false,"market_com_url":null,"market_com_parent_url":"","market_com_tax_rate":0,"market_com_price_inc_tax":0,"market_com_sale_price_inc_tax":0,"acf":[],"_links":{"self":[{"href":"https:\/\/www.pharmacy4pets.nl\/be\/wp-json\/wp\/v2\/product\/120298","targetHints":{"allow":["GET"]}}],"collection":[{"href":"https:\/\/www.pharmacy4pets.nl\/be\/wp-json\/wp\/v2\/product"}],"about":[{"href":"https:\/\/www.pharmacy4pets.nl\/be\/wp-json\/wp\/v2\/types\/product"}],"replies":[{"embeddable":true,"href":"https:\/\/www.pharmacy4pets.nl\/be\/wp-json\/wp\/v2\/comments?post=120298"}],"wp:featuredmedia":[{"embeddable":true,"href":"https:\/\/www.pharmacy4pets.nl\/be\/wp-json\/wp\/v2\/media\/120295"}],"wp:attachment":[{"href":"https:\/\/www.pharmacy4pets.nl\/be\/wp-json\/wp\/v2\/media?parent=120298"}],"wp:term":[{"taxonomy":"product_brand","embeddable":true,"href":"https:\/\/www.pharmacy4pets.nl\/be\/wp-json\/wp\/v2\/product_brand?post=120298"},{"taxonomy":"product_cat","embeddable":true,"href":"https:\/\/www.pharmacy4pets.nl\/be\/wp-json\/wp\/v2\/product_cat?post=120298"},{"taxonomy":"product_tag","embeddable":true,"href":"https:\/\/www.pharmacy4pets.nl\/be\/wp-json\/wp\/v2\/product_tag?post=120298"}],"curies":[{"name":"wp","href":"https:\/\/api.w.org\/{rel}","templated":true}]}}