{"id":120294,"date":"2023-04-24T10:18:11","date_gmt":"2023-04-24T10:18:11","guid":{"rendered":"https:\/\/p4p.test\/trixie-poepzakjes-10-stuks"},"modified":"2026-03-25T12:05:28","modified_gmt":"2026-03-25T12:05:28","slug":"trixie-poepzakjes-10-stuks","status":"publish","type":"product","link":"https:\/\/www.pharmacy4pets.nl\/be\/trixie-poepzakjes-10-stuks","title":{"rendered":"Trixie poepzakjes 10x 20 stuks"},"content":{"rendered":"<p>Trixie poepzakjes voor het eenvoudig opruimen van ontlasting. Deze poepzakjes zijn gemaakt van plastic en passen in alle poepzakjes dispensers. Doe het zakje over uw hand en gebruik het om de ontlasting op te pakken. Keer het zakje binnenstebuiten en bind deze dicht zodat het hygi\u00ebnisch kan worden weggegooid.\u00a0<\/p>\n<p>Inhoud: 20 zakjes per rol, 10 rollen.<\/p>\n","protected":false},"excerpt":{"rendered":"<p>Trixie poepzakjes voor het eenvoudig opruimen van ontlasting. Deze poepzakjes zijn gemaakt van plastic en passen in alle poepzakjes dispensers. Doe het zakje over uw hand en gebruik het om de ontlasting op te pakken. Keer het zakje binnenstebuiten en bind deze dicht zodat het hygi\u00ebnisch kan worden weggegooid.\u00a0 Inhoud: 20 zakjes per rol, 10 [&hellip;]<\/p>\n","protected":false},"featured_media":120291,"comment_status":"open","ping_status":"closed","template":"","meta":{"_acf_changed":false,"_nl_post_content":"<p>Trixie poepzakjes voor het eenvoudig opruimen van ontlasting. Deze poepzakjes zijn gemaakt van plastic en passen in alle poepzakjes dispensers. Doe het zakje over uw hand en gebruik het om de ontlasting op te pakken. Keer het zakje binnenstebuiten en bind deze dicht zodat het hygi\u00ebnisch kan worden weggegooid.\u00a0<\/p>\r\n<p>Inhoud: 20 zakjes per rol, 10 rollen.<\/p>","_nl_post_name":"trixie-poepzakjes-10-stuks","_nl_post_excerpt":"","_nl_post_title":"Trixie poepzakjes 10x 20 stuks","_en_post_content":"<p>Trixie poop bags for easy removal of faeces. These poop bags are made of plastic and fit in all poop bag dispensers. Place the pouch over your hand and use it to pick up the stool. Turn the bag inside out and tie it so that it can be disposed of hygienically. <\/p>\r\n<p>Content: 20 bags per roll, 10 rolls.<\/p>","_en_post_name":"trixie-poop-bags-10-units","_en_post_excerpt":"","_en_post_title":"Trixie poop bags 10x 20 pieces","_de_post_content":"<p>Trixie Kotbeutel zum einfachen Entfernen von Kot. Diese Kotbeutel bestehen aus Kunststoff und passen in alle Kotbeutelspender. Legen Sie den Beutel \u00fcber Ihre Hand und nehmen Sie damit den Stuhl auf. Drehen Sie den Beutel um und binden Sie ihn zu, damit er hygienisch entsorgt werden kann. <\/p>\r\n<p>Inhalt: 20 Beutel pro Rolle, 10 Rollen.<\/p>","_de_post_name":"trixie-kotbeutel-10-einheiten","_de_post_excerpt":"","_de_post_title":"Trixie Kotboutel 10x 20 St\u00fcck","_fr_post_content":"<p>Sacs \u00e0 crottes Trixie pour une \u00e9limination facile des selles. Ces sacs \u00e0 crottes sont en plastique et s'adaptent \u00e0 tous les distributeurs de sacs \u00e0 crottes. Placez la pochette sur votre main et utilisez-la pour ramasser les selles. Retournez le sac et attachez-le pour pouvoir le jeter de mani\u00e8re hygi\u00e9nique. <\/p>\r\n<p>Contenu : 20 sacs par rouleau, 10 rouleaux.<\/p>","_fr_post_name":"trixie-sacs-a-crottes-10-pcs","_fr_post_excerpt":"","_fr_post_title":"Trixie sacs \u00e0 crottes 10x 20 pi\u00e8ces","_es_post_content":"<p>Bolsas para excrementos de Trixie para una f\u00e1cil eliminaci\u00f3n de las heces. Estas bolsas para excrementos est\u00e1n hechas de pl\u00e1stico y caben en todos los dispensadores de bolsas para excrementos. Coloque la bolsa sobre su mano y \u00fasela para recoger las heces. D\u00e9 la vuelta a la bolsa y \u00e1tela para poder desecharla de forma higi\u00e9nica. <\/p>\r\n<p>Contenido: 20 bolsas por rollo, 10 rollos.<\/p>","_es_post_name":"trixie-bolsitas-basura-10-unidades","_es_post_excerpt":"","_es_post_title":"Trixie bolsas para caca 10x 20 piezas","edit_language":"nl"},"product_brand":[],"product_cat":[2209,1861,1117,2126,2177,1863,2211],"product_tag":[],"class_list":{"0":"post-120294","1":"product","2":"type-product","3":"status-publish","4":"has-post-thumbnail","6":"product_cat-puppy-benodigdheden","7":"product_cat-benodigdheden","8":"product_cat-honden","9":"product_cat-hondenpoepzakjes","10":"product_cat-puppy","11":"product_cat-verzorging","13":"pa_aandoening-overig","14":"pa_doeldier-hond","15":"pa_doeldier-puppy","16":"pa_fabricatieland-duitsland","17":"pa_merkfilter-trixie","18":"pa_merkgroep-trixie","19":"pa_productsoort-overig","20":"pa_toedieningswijze-overig","21":"pa_unit_pricing_base_measure-1ct","22":"pa_unit_pricing_measure-200ct","23":"pa_werkzamestof-overig","25":"first","26":"instock","27":"taxable","28":"shipping-taxable","29":"purchasable","30":"product-type-simple"},"yoast_head":"<!-- This site is optimized with the Yoast SEO plugin v27.5 - https:\/\/yoast.com\/product\/yoast-seo-wordpress\/ -->\n<title>Trixie poepzakjes 10 stuks<\/title>\n<meta name=\"description\" content=\"Trixie poepzakjes 10 stuks Deze poepzakjes gemaakt van kunststof voor het eenvoudig opruimen van ontlasting. Deze poepzakjes passen in alle poepzakjes dispensers.\" \/>\n<meta name=\"robots\" content=\"index, follow, max-snippet:-1, max-image-preview:large, max-video-preview:-1\" \/>\n<link rel=\"canonical\" href=\"https:\/\/www.pharmacy4pets.nl\/be\/trixie-poepzakjes-10-stuks\" \/>\n<meta property=\"og:locale\" content=\"nl_NL\" \/>\n<meta property=\"og:type\" content=\"article\" \/>\n<meta property=\"og:title\" content=\"Trixie poepzakjes 10 stuks\" \/>\n<meta property=\"og:description\" content=\"Trixie poepzakjes 10 stuks Deze poepzakjes gemaakt van kunststof voor het eenvoudig opruimen van ontlasting. Deze poepzakjes passen in alle poepzakjes dispensers.\" \/>\n<meta property=\"og:url\" content=\"https:\/\/www.pharmacy4pets.nl\/be\/trixie-poepzakjes-10-stuks\" \/>\n<meta property=\"og:site_name\" content=\"Pharmacy4pets\" \/>\n<meta property=\"article:publisher\" content=\"https:\/\/www.facebook.com\/people\/Pharmacy4petsnl\/100063484989896\/\" \/>\n<meta property=\"article:modified_time\" content=\"2026-03-25T12:05:28+00:00\" \/>\n<meta property=\"og:image\" content=\"https:\/\/www.pharmacy4pets.nl\/wp-content\/uploads\/2023\/04\/trixie_26196.jpg\" \/>\n\t<meta property=\"og:image:width\" content=\"327\" \/>\n\t<meta property=\"og:image:height\" content=\"912\" \/>\n\t<meta property=\"og:image:type\" content=\"image\/jpeg\" \/>\n<meta name=\"twitter:card\" content=\"summary_large_image\" \/>\n<script type=\"application\/ld+json\" class=\"yoast-schema-graph\">{\"@context\":\"https:\\\/\\\/schema.org\",\"@graph\":[{\"@type\":\"WebPage\",\"@id\":\"https:\\\/\\\/www.pharmacy4pets.nl\\\/be\\\/trixie-poepzakjes-10-stuks\",\"url\":\"https:\\\/\\\/www.pharmacy4pets.nl\\\/be\\\/trixie-poepzakjes-10-stuks\",\"name\":\"Trixie poepzakjes 10 stuks\",\"isPartOf\":{\"@id\":\"http:\\\/\\\/www.pharmacy4pets.nl\\\/#website\"},\"primaryImageOfPage\":{\"@id\":\"https:\\\/\\\/www.pharmacy4pets.nl\\\/be\\\/trixie-poepzakjes-10-stuks#primaryimage\"},\"image\":{\"@id\":\"https:\\\/\\\/www.pharmacy4pets.nl\\\/be\\\/trixie-poepzakjes-10-stuks#primaryimage\"},\"thumbnailUrl\":\"https:\\\/\\\/www.pharmacy4pets.nl\\\/wp-content\\\/uploads\\\/2023\\\/04\\\/trixie_26196.jpg\",\"datePublished\":\"2023-04-24T10:18:11+00:00\",\"dateModified\":\"2026-03-25T12:05:28+00:00\",\"description\":\"Trixie poepzakjes 10 stuks Deze poepzakjes gemaakt van kunststof voor het eenvoudig opruimen van ontlasting. Deze poepzakjes passen in alle poepzakjes dispensers.\",\"breadcrumb\":{\"@id\":\"https:\\\/\\\/www.pharmacy4pets.nl\\\/be\\\/trixie-poepzakjes-10-stuks#breadcrumb\"},\"inLanguage\":\"nl-NL\",\"potentialAction\":[{\"@type\":\"ReadAction\",\"target\":[\"https:\\\/\\\/www.pharmacy4pets.nl\\\/be\\\/trixie-poepzakjes-10-stuks\"]}]},{\"@type\":\"ImageObject\",\"inLanguage\":\"nl-NL\",\"@id\":\"https:\\\/\\\/www.pharmacy4pets.nl\\\/be\\\/trixie-poepzakjes-10-stuks#primaryimage\",\"url\":\"https:\\\/\\\/www.pharmacy4pets.nl\\\/wp-content\\\/uploads\\\/2023\\\/04\\\/trixie_26196.jpg\",\"contentUrl\":\"https:\\\/\\\/www.pharmacy4pets.nl\\\/wp-content\\\/uploads\\\/2023\\\/04\\\/trixie_26196.jpg\",\"width\":327,\"height\":912,\"caption\":\"Trixie\"},{\"@type\":\"BreadcrumbList\",\"@id\":\"https:\\\/\\\/www.pharmacy4pets.nl\\\/be\\\/trixie-poepzakjes-10-stuks#breadcrumb\",\"itemListElement\":[{\"@type\":\"ListItem\",\"position\":1,\"name\":\"Home\",\"item\":\"https:\\\/\\\/p4p-nl.bootmine.com\\\/\"},{\"@type\":\"ListItem\",\"position\":2,\"name\":\"Winkel\",\"item\":\"https:\\\/\\\/p4p-nl.bootmine.com\\\/winkel\"},{\"@type\":\"ListItem\",\"position\":3,\"name\":\"Trixie poepzakjes 10x 20 stuks\"}]},{\"@type\":\"WebSite\",\"@id\":\"http:\\\/\\\/www.pharmacy4pets.nl\\\/#website\",\"url\":\"http:\\\/\\\/www.pharmacy4pets.nl\\\/\",\"name\":\"Pharmacy4pets\",\"description\":\"Pharmacy4pets.nl is d\u00e9 online apotheek waar u terecht kunt voor alle diergeneesmiddelen, verzorgingsproducten en dieetvoeding voor uw huisdier.\",\"publisher\":{\"@id\":\"http:\\\/\\\/www.pharmacy4pets.nl\\\/#organization\"},\"potentialAction\":[{\"@type\":\"SearchAction\",\"target\":{\"@type\":\"EntryPoint\",\"urlTemplate\":\"http:\\\/\\\/www.pharmacy4pets.nl\\\/?s={search_term_string}\"},\"query-input\":{\"@type\":\"PropertyValueSpecification\",\"valueRequired\":true,\"valueName\":\"search_term_string\"}}],\"inLanguage\":\"nl-NL\"},{\"@type\":\"Organization\",\"@id\":\"http:\\\/\\\/www.pharmacy4pets.nl\\\/#organization\",\"name\":\"Pharmacy4pets\",\"url\":\"http:\\\/\\\/www.pharmacy4pets.nl\\\/\",\"logo\":{\"@type\":\"ImageObject\",\"inLanguage\":\"nl-NL\",\"@id\":\"http:\\\/\\\/www.pharmacy4pets.nl\\\/#\\\/schema\\\/logo\\\/image\\\/\",\"url\":\"https:\\\/\\\/p4p-nl.bootmine.com\\\/wp-content\\\/uploads\\\/2026\\\/03\\\/logo-pharmacy4pets.png\",\"contentUrl\":\"https:\\\/\\\/p4p-nl.bootmine.com\\\/wp-content\\\/uploads\\\/2026\\\/03\\\/logo-pharmacy4pets.png\",\"width\":1024,\"height\":135,\"caption\":\"Pharmacy4pets\"},\"image\":{\"@id\":\"http:\\\/\\\/www.pharmacy4pets.nl\\\/#\\\/schema\\\/logo\\\/image\\\/\"},\"sameAs\":[\"https:\\\/\\\/www.facebook.com\\\/people\\\/Pharmacy4petsnl\\\/100063484989896\\\/\",\"https:\\\/\\\/www.youtube.com\\\/channel\\\/UCGPTIgucgli03tP2_kvLkHg\\\/featured\",\"https:\\\/\\\/www.instagram.com\\\/pharmacy4pets.nl\"]}]}<\/script>\n<!-- \/ Yoast SEO plugin. -->","yoast_head_json":{"title":"Trixie poepzakjes 10 stuks","description":"Trixie poepzakjes 10 stuks Deze poepzakjes gemaakt van kunststof voor het eenvoudig opruimen van ontlasting. Deze poepzakjes passen in alle poepzakjes dispensers.","robots":{"index":"index","follow":"follow","max-snippet":"max-snippet:-1","max-image-preview":"max-image-preview:large","max-video-preview":"max-video-preview:-1"},"canonical":"https:\/\/www.pharmacy4pets.nl\/be\/trixie-poepzakjes-10-stuks","og_locale":"nl_NL","og_type":"article","og_title":"Trixie poepzakjes 10 stuks","og_description":"Trixie poepzakjes 10 stuks Deze poepzakjes gemaakt van kunststof voor het eenvoudig opruimen van ontlasting. Deze poepzakjes passen in alle poepzakjes dispensers.","og_url":"https:\/\/www.pharmacy4pets.nl\/be\/trixie-poepzakjes-10-stuks","og_site_name":"Pharmacy4pets","article_publisher":"https:\/\/www.facebook.com\/people\/Pharmacy4petsnl\/100063484989896\/","article_modified_time":"2026-03-25T12:05:28+00:00","og_image":[{"width":327,"height":912,"url":"https:\/\/www.pharmacy4pets.nl\/wp-content\/uploads\/2023\/04\/trixie_26196.jpg","type":"image\/jpeg"}],"twitter_card":"summary_large_image","schema":{"@context":"https:\/\/schema.org","@graph":[{"@type":"WebPage","@id":"https:\/\/www.pharmacy4pets.nl\/be\/trixie-poepzakjes-10-stuks","url":"https:\/\/www.pharmacy4pets.nl\/be\/trixie-poepzakjes-10-stuks","name":"Trixie poepzakjes 10 stuks","isPartOf":{"@id":"http:\/\/www.pharmacy4pets.nl\/#website"},"primaryImageOfPage":{"@id":"https:\/\/www.pharmacy4pets.nl\/be\/trixie-poepzakjes-10-stuks#primaryimage"},"image":{"@id":"https:\/\/www.pharmacy4pets.nl\/be\/trixie-poepzakjes-10-stuks#primaryimage"},"thumbnailUrl":"https:\/\/www.pharmacy4pets.nl\/wp-content\/uploads\/2023\/04\/trixie_26196.jpg","datePublished":"2023-04-24T10:18:11+00:00","dateModified":"2026-03-25T12:05:28+00:00","description":"Trixie poepzakjes 10 stuks Deze poepzakjes gemaakt van kunststof voor het eenvoudig opruimen van ontlasting. Deze poepzakjes passen in alle poepzakjes dispensers.","breadcrumb":{"@id":"https:\/\/www.pharmacy4pets.nl\/be\/trixie-poepzakjes-10-stuks#breadcrumb"},"inLanguage":"nl-NL","potentialAction":[{"@type":"ReadAction","target":["https:\/\/www.pharmacy4pets.nl\/be\/trixie-poepzakjes-10-stuks"]}]},{"@type":"ImageObject","inLanguage":"nl-NL","@id":"https:\/\/www.pharmacy4pets.nl\/be\/trixie-poepzakjes-10-stuks#primaryimage","url":"https:\/\/www.pharmacy4pets.nl\/wp-content\/uploads\/2023\/04\/trixie_26196.jpg","contentUrl":"https:\/\/www.pharmacy4pets.nl\/wp-content\/uploads\/2023\/04\/trixie_26196.jpg","width":327,"height":912,"caption":"Trixie"},{"@type":"BreadcrumbList","@id":"https:\/\/www.pharmacy4pets.nl\/be\/trixie-poepzakjes-10-stuks#breadcrumb","itemListElement":[{"@type":"ListItem","position":1,"name":"Home","item":"https:\/\/p4p-nl.bootmine.com\/"},{"@type":"ListItem","position":2,"name":"Winkel","item":"https:\/\/p4p-nl.bootmine.com\/winkel"},{"@type":"ListItem","position":3,"name":"Trixie poepzakjes 10x 20 stuks"}]},{"@type":"WebSite","@id":"http:\/\/www.pharmacy4pets.nl\/#website","url":"http:\/\/www.pharmacy4pets.nl\/","name":"Pharmacy4pets","description":"Pharmacy4pets.nl is d\u00e9 online apotheek waar u terecht kunt voor alle diergeneesmiddelen, verzorgingsproducten en dieetvoeding voor uw huisdier.","publisher":{"@id":"http:\/\/www.pharmacy4pets.nl\/#organization"},"potentialAction":[{"@type":"SearchAction","target":{"@type":"EntryPoint","urlTemplate":"http:\/\/www.pharmacy4pets.nl\/?s={search_term_string}"},"query-input":{"@type":"PropertyValueSpecification","valueRequired":true,"valueName":"search_term_string"}}],"inLanguage":"nl-NL"},{"@type":"Organization","@id":"http:\/\/www.pharmacy4pets.nl\/#organization","name":"Pharmacy4pets","url":"http:\/\/www.pharmacy4pets.nl\/","logo":{"@type":"ImageObject","inLanguage":"nl-NL","@id":"http:\/\/www.pharmacy4pets.nl\/#\/schema\/logo\/image\/","url":"https:\/\/p4p-nl.bootmine.com\/wp-content\/uploads\/2026\/03\/logo-pharmacy4pets.png","contentUrl":"https:\/\/p4p-nl.bootmine.com\/wp-content\/uploads\/2026\/03\/logo-pharmacy4pets.png","width":1024,"height":135,"caption":"Pharmacy4pets"},"image":{"@id":"http:\/\/www.pharmacy4pets.nl\/#\/schema\/logo\/image\/"},"sameAs":["https:\/\/www.facebook.com\/people\/Pharmacy4petsnl\/100063484989896\/","https:\/\/www.youtube.com\/channel\/UCGPTIgucgli03tP2_kvLkHg\/featured","https:\/\/www.instagram.com\/pharmacy4pets.nl"]}]}},"market_data":{"nl":{"price":0,"sale_price":0,"active":false,"url":null,"parent_url":"","tax_rate":0,"price_inc_tax":0,"sale_price_inc_tax":0},"de":{"price":0,"sale_price":0,"active":false,"url":null,"parent_url":"","tax_rate":0,"price_inc_tax":0,"sale_price_inc_tax":0},"be":{"price":0,"sale_price":0,"active":false,"url":null,"parent_url":"","tax_rate":0,"price_inc_tax":0,"sale_price_inc_tax":0},"fr":{"price":0,"sale_price":0,"active":false,"url":null,"parent_url":"","tax_rate":0,"price_inc_tax":0,"sale_price_inc_tax":0},"ch":{"price":0,"sale_price":0,"active":false,"url":null,"parent_url":"","tax_rate":0,"price_inc_tax":0,"sale_price_inc_tax":0},"at":{"price":0,"sale_price":0,"active":false,"url":null,"parent_url":"","tax_rate":0,"price_inc_tax":0,"sale_price_inc_tax":0},"es":{"price":0,"sale_price":0,"active":false,"url":null,"parent_url":"","tax_rate":0,"price_inc_tax":0,"sale_price_inc_tax":0},"dk":{"price":0,"sale_price":0,"active":false,"url":null,"parent_url":"","tax_rate":0,"price_inc_tax":0,"sale_price_inc_tax":0},"com":{"price":0,"sale_price":0,"active":false,"url":null,"parent_url":"","tax_rate":0,"price_inc_tax":0,"sale_price_inc_tax":0}},"market_nl_price":0,"market_nl_sale_price":0,"market_nl_active":false,"market_nl_url":null,"market_nl_parent_url":"","market_nl_tax_rate":0,"market_nl_price_inc_tax":0,"market_nl_sale_price_inc_tax":0,"market_de_price":0,"market_de_sale_price":0,"market_de_active":false,"market_de_url":null,"market_de_parent_url":"","market_de_tax_rate":0,"market_de_price_inc_tax":0,"market_de_sale_price_inc_tax":0,"market_be_price":0,"market_be_sale_price":0,"market_be_active":false,"market_be_url":null,"market_be_parent_url":"","market_be_tax_rate":0,"market_be_price_inc_tax":0,"market_be_sale_price_inc_tax":0,"market_fr_price":0,"market_fr_sale_price":0,"market_fr_active":false,"market_fr_url":null,"market_fr_parent_url":"","market_fr_tax_rate":0,"market_fr_price_inc_tax":0,"market_fr_sale_price_inc_tax":0,"market_ch_price":0,"market_ch_sale_price":0,"market_ch_active":false,"market_ch_url":null,"market_ch_parent_url":"","market_ch_tax_rate":0,"market_ch_price_inc_tax":0,"market_ch_sale_price_inc_tax":0,"market_at_price":0,"market_at_sale_price":0,"market_at_active":false,"market_at_url":null,"market_at_parent_url":"","market_at_tax_rate":0,"market_at_price_inc_tax":0,"market_at_sale_price_inc_tax":0,"market_es_price":0,"market_es_sale_price":0,"market_es_active":false,"market_es_url":null,"market_es_parent_url":"","market_es_tax_rate":0,"market_es_price_inc_tax":0,"market_es_sale_price_inc_tax":0,"market_dk_price":0,"market_dk_sale_price":0,"market_dk_active":false,"market_dk_url":null,"market_dk_parent_url":"","market_dk_tax_rate":0,"market_dk_price_inc_tax":0,"market_dk_sale_price_inc_tax":0,"market_com_price":0,"market_com_sale_price":0,"market_com_active":false,"market_com_url":null,"market_com_parent_url":"","market_com_tax_rate":0,"market_com_price_inc_tax":0,"market_com_sale_price_inc_tax":0,"acf":[],"_links":{"self":[{"href":"https:\/\/www.pharmacy4pets.nl\/be\/wp-json\/wp\/v2\/product\/120294","targetHints":{"allow":["GET"]}}],"collection":[{"href":"https:\/\/www.pharmacy4pets.nl\/be\/wp-json\/wp\/v2\/product"}],"about":[{"href":"https:\/\/www.pharmacy4pets.nl\/be\/wp-json\/wp\/v2\/types\/product"}],"replies":[{"embeddable":true,"href":"https:\/\/www.pharmacy4pets.nl\/be\/wp-json\/wp\/v2\/comments?post=120294"}],"wp:featuredmedia":[{"embeddable":true,"href":"https:\/\/www.pharmacy4pets.nl\/be\/wp-json\/wp\/v2\/media\/120291"}],"wp:attachment":[{"href":"https:\/\/www.pharmacy4pets.nl\/be\/wp-json\/wp\/v2\/media?parent=120294"}],"wp:term":[{"taxonomy":"product_brand","embeddable":true,"href":"https:\/\/www.pharmacy4pets.nl\/be\/wp-json\/wp\/v2\/product_brand?post=120294"},{"taxonomy":"product_cat","embeddable":true,"href":"https:\/\/www.pharmacy4pets.nl\/be\/wp-json\/wp\/v2\/product_cat?post=120294"},{"taxonomy":"product_tag","embeddable":true,"href":"https:\/\/www.pharmacy4pets.nl\/be\/wp-json\/wp\/v2\/product_tag?post=120294"}],"curies":[{"name":"wp","href":"https:\/\/api.w.org\/{rel}","templated":true}]}}