{"id":120287,"date":"2023-03-21T09:33:50","date_gmt":"2023-03-21T09:33:50","guid":{"rendered":"https:\/\/p4p.test\/poepzakjes-houder-15-hondenpoepzakjes-oranje"},"modified":"2026-03-25T12:05:26","modified_gmt":"2026-03-25T12:05:26","slug":"poepzakjes-houder-15-hondenpoepzakjes-oranje","status":"publish","type":"product","link":"https:\/\/www.pharmacy4pets.nl\/be\/poepzakjes-houder-15-hondenpoepzakjes-oranje","title":{"rendered":"Poepzakjes houder incl. 15 hondenpoepzakjes | Oranje"},"content":{"rendered":"<p>Deze poepzakjes houder in hondenbotvorm is gemaakt van plastic en bevat 15 hondenpoepzakjes. Door middel van de clip aan de houder kunt u deze eenvoudig aan bijvoorbeeld uw hondenriem bevestigen. Zijn de zakjes op? Geen probleem! Ook zijn er rollen hondenpoepzakjes bij ons verkrijgbaar.<\/p>\n","protected":false},"excerpt":{"rendered":"<p>Deze poepzakjes houder in hondenbotvorm is gemaakt van plastic en bevat 15 hondenpoepzakjes. Door middel van de clip aan de houder kunt u deze eenvoudig aan bijvoorbeeld uw hondenriem bevestigen. Zijn de zakjes op? Geen probleem! Ook zijn er rollen hondenpoepzakjes bij ons verkrijgbaar.<\/p>\n","protected":false},"featured_media":120284,"comment_status":"open","ping_status":"closed","template":"","meta":{"_acf_changed":false,"_nl_post_content":"<p>Deze poepzakjes houder in hondenbotvorm is gemaakt van plastic en bevat 15 hondenpoepzakjes. Door middel van de clip aan de houder kunt u deze eenvoudig aan bijvoorbeeld uw hondenriem bevestigen. Zijn de zakjes op? Geen probleem! Ook zijn er rollen hondenpoepzakjes bij ons verkrijgbaar.<\/p>","_nl_post_name":"poepzakjes-houder-15-hondenpoepzakjes-oranje","_nl_post_excerpt":"","_nl_post_title":"Poepzakjes houder incl. 15 hondenpoepzakjes | Oranje","_en_post_content":"<p>This poop bag holder in dog bone shape is made of plastic and contains 15 dog poop bags. By means of the clip on the holder you can easily attach it to, for example, your dog leash. Are the bags gone? No problem! Rolls of dog poop bags are also available in our shop.<\/p>","_en_post_name":"dog-poop-bag-holder-15-dog-poop-bags-orange","_en_post_excerpt":"","_en_post_title":"Dog poop bag holder incl. 15 dog poop bags | Orange","_de_post_content":"<p>Dieser Kotbeutelspender in Hundeknochenform besteht aus Kunststoff und enth\u00e4lt 15 Hundekotbeutel. Mithilfe des Clips am Halter k\u00f6nnen Sie ihn beispielsweise einfach an Ihrer Hundeleine befestigen. Haben Sie kein Beuteln mehr? Kein Problem! Rollenweise Hundekotbeutel sind ebenfalls bei uns erh\u00e4ltlich.<\/p>","_de_post_name":"kotbeutelspender-15-hundekotbeutel-orange","_de_post_excerpt":"","_de_post_title":"Kotbeutelspender inkl. 15 Hundekotbeutel | Orange","_fr_post_content":"<p>Ce distributeur de sac \u00e0 crottes en forme d'os pour chien est fabriqu\u00e9 en plastique et peut contenir 15 sacs \u00e0 crottes. Gr\u00e2ce au clip situ\u00e9 sur le distributeur, vous pouvez facilement l'attacher \u00e0 la laisse de votre chien, par exemple. Vous n'avez plus de sacs ? Pas de probl\u00e8me ! Nous proposons \u00e9galement des rouleaux de sacs \u00e0 crottes canines.<\/p>","_fr_post_name":"distributeur-sac-a-crotte-15-sacs-a-crottes-de-chien-orange","_fr_post_excerpt":"","_fr_post_title":"Distributeur sac \u00e0 crottes avec 15 sacs \u00e0 crottes de chien | Orange","_es_post_content":"<p>Este soporte para bolsas de caca en forma de hueso de perro est\u00e1 hecho de pl\u00e1stico y contiene 15 bolsas de caca de perro. Por medio del clip en el soporte, puede sujetarlo f\u00e1cilmente, por ejemplo, a la correa de su perro. \u00bfSe acabaron las bolsas? \u00a1Ning\u00fan problema! Tambi\u00e9n tenemos disponibles rollos de bolsas para caca de perro.<\/p>","_es_post_name":"porta-bolsas-de-caca-15-bolsas-caca-perro","_es_post_excerpt":"","_es_post_title":"Porta bolsas de caca incluye 15 bolsas caca perro | Naranja","edit_language":"nl"},"product_brand":[],"product_cat":[2209,1861,1117,2126,2177,1863,2211],"product_tag":[],"class_list":{"0":"post-120287","1":"product","2":"type-product","3":"status-publish","4":"has-post-thumbnail","6":"product_cat-puppy-benodigdheden","7":"product_cat-benodigdheden","8":"product_cat-honden","9":"product_cat-hondenpoepzakjes","10":"product_cat-puppy","11":"product_cat-verzorging","13":"pa_aandoening-overig","14":"pa_doeldier-hond","15":"pa_doeldier-puppy","16":"pa_fabricatieland-nederland","17":"pa_merkfilter-overig","18":"pa_merkgroep-overig","19":"pa_productsoort-overig","20":"pa_toedieningswijze-overig","21":"pa_unit_pricing_base_measure-1ct","22":"pa_unit_pricing_measure-1ct","23":"pa_werkzamestof-overig","25":"first","26":"instock","27":"sale","28":"taxable","29":"shipping-taxable","30":"purchasable","31":"product-type-simple"},"yoast_head":"<!-- This site is optimized with the Yoast SEO plugin v27.5 - https:\/\/yoast.com\/product\/yoast-seo-wordpress\/ -->\n<title>Poepzakjes houder incl. 15 hondenpoepzakjes | Oranje - Pharmacy4pets<\/title>\n<meta name=\"robots\" content=\"index, follow, max-snippet:-1, max-image-preview:large, max-video-preview:-1\" \/>\n<link rel=\"canonical\" href=\"https:\/\/www.pharmacy4pets.nl\/be\/poepzakjes-houder-15-hondenpoepzakjes-oranje\" \/>\n<meta property=\"og:locale\" content=\"nl_NL\" \/>\n<meta property=\"og:type\" content=\"article\" \/>\n<meta property=\"og:title\" content=\"Poepzakjes houder incl. 15 hondenpoepzakjes | Oranje - Pharmacy4pets\" \/>\n<meta property=\"og:description\" content=\"Deze poepzakjes houder in hondenbotvorm is gemaakt van plastic en bevat 15 hondenpoepzakjes. Door middel van de clip aan de houder kunt u deze eenvoudig aan bijvoorbeeld uw hondenriem bevestigen. Zijn de zakjes op? Geen probleem! Ook zijn er rollen hondenpoepzakjes bij ons verkrijgbaar.\" \/>\n<meta property=\"og:url\" content=\"https:\/\/www.pharmacy4pets.nl\/be\/poepzakjes-houder-15-hondenpoepzakjes-oranje\" \/>\n<meta property=\"og:site_name\" content=\"Pharmacy4pets\" \/>\n<meta property=\"article:publisher\" content=\"https:\/\/www.facebook.com\/people\/Pharmacy4petsnl\/100063484989896\/\" \/>\n<meta property=\"article:modified_time\" content=\"2026-03-25T12:05:26+00:00\" \/>\n<meta property=\"og:image\" content=\"https:\/\/www.pharmacy4pets.nl\/wp-content\/uploads\/2023\/03\/4.jpg\" \/>\n\t<meta property=\"og:image:width\" content=\"1000\" \/>\n\t<meta property=\"og:image:height\" content=\"1000\" \/>\n\t<meta property=\"og:image:type\" content=\"image\/jpeg\" \/>\n<meta name=\"twitter:card\" content=\"summary_large_image\" \/>\n<script type=\"application\/ld+json\" class=\"yoast-schema-graph\">{\"@context\":\"https:\\\/\\\/schema.org\",\"@graph\":[{\"@type\":\"WebPage\",\"@id\":\"https:\\\/\\\/www.pharmacy4pets.nl\\\/be\\\/poepzakjes-houder-15-hondenpoepzakjes-oranje\",\"url\":\"https:\\\/\\\/www.pharmacy4pets.nl\\\/be\\\/poepzakjes-houder-15-hondenpoepzakjes-oranje\",\"name\":\"Poepzakjes houder incl. 15 hondenpoepzakjes | Oranje - Pharmacy4pets\",\"isPartOf\":{\"@id\":\"http:\\\/\\\/www.pharmacy4pets.nl\\\/#website\"},\"primaryImageOfPage\":{\"@id\":\"https:\\\/\\\/www.pharmacy4pets.nl\\\/be\\\/poepzakjes-houder-15-hondenpoepzakjes-oranje#primaryimage\"},\"image\":{\"@id\":\"https:\\\/\\\/www.pharmacy4pets.nl\\\/be\\\/poepzakjes-houder-15-hondenpoepzakjes-oranje#primaryimage\"},\"thumbnailUrl\":\"https:\\\/\\\/www.pharmacy4pets.nl\\\/wp-content\\\/uploads\\\/2023\\\/03\\\/4.jpg\",\"datePublished\":\"2023-03-21T09:33:50+00:00\",\"dateModified\":\"2026-03-25T12:05:26+00:00\",\"breadcrumb\":{\"@id\":\"https:\\\/\\\/www.pharmacy4pets.nl\\\/be\\\/poepzakjes-houder-15-hondenpoepzakjes-oranje#breadcrumb\"},\"inLanguage\":\"nl-NL\",\"potentialAction\":[{\"@type\":\"ReadAction\",\"target\":[\"https:\\\/\\\/www.pharmacy4pets.nl\\\/be\\\/poepzakjes-houder-15-hondenpoepzakjes-oranje\"]}]},{\"@type\":\"ImageObject\",\"inLanguage\":\"nl-NL\",\"@id\":\"https:\\\/\\\/www.pharmacy4pets.nl\\\/be\\\/poepzakjes-houder-15-hondenpoepzakjes-oranje#primaryimage\",\"url\":\"https:\\\/\\\/www.pharmacy4pets.nl\\\/wp-content\\\/uploads\\\/2023\\\/03\\\/4.jpg\",\"contentUrl\":\"https:\\\/\\\/www.pharmacy4pets.nl\\\/wp-content\\\/uploads\\\/2023\\\/03\\\/4.jpg\",\"width\":1000,\"height\":1000,\"caption\":\"Poepzakjes houder incl. 15 hondenpoepzakjes | Oranje-0\"},{\"@type\":\"BreadcrumbList\",\"@id\":\"https:\\\/\\\/www.pharmacy4pets.nl\\\/be\\\/poepzakjes-houder-15-hondenpoepzakjes-oranje#breadcrumb\",\"itemListElement\":[{\"@type\":\"ListItem\",\"position\":1,\"name\":\"Home\",\"item\":\"https:\\\/\\\/p4p-nl.bootmine.com\\\/\"},{\"@type\":\"ListItem\",\"position\":2,\"name\":\"Winkel\",\"item\":\"https:\\\/\\\/p4p-nl.bootmine.com\\\/winkel\"},{\"@type\":\"ListItem\",\"position\":3,\"name\":\"Poepzakjes houder incl. 15 hondenpoepzakjes | Oranje\"}]},{\"@type\":\"WebSite\",\"@id\":\"http:\\\/\\\/www.pharmacy4pets.nl\\\/#website\",\"url\":\"http:\\\/\\\/www.pharmacy4pets.nl\\\/\",\"name\":\"Pharmacy4pets\",\"description\":\"Pharmacy4pets.nl is d\u00e9 online apotheek waar u terecht kunt voor alle diergeneesmiddelen, verzorgingsproducten en dieetvoeding voor uw huisdier.\",\"publisher\":{\"@id\":\"http:\\\/\\\/www.pharmacy4pets.nl\\\/#organization\"},\"potentialAction\":[{\"@type\":\"SearchAction\",\"target\":{\"@type\":\"EntryPoint\",\"urlTemplate\":\"http:\\\/\\\/www.pharmacy4pets.nl\\\/?s={search_term_string}\"},\"query-input\":{\"@type\":\"PropertyValueSpecification\",\"valueRequired\":true,\"valueName\":\"search_term_string\"}}],\"inLanguage\":\"nl-NL\"},{\"@type\":\"Organization\",\"@id\":\"http:\\\/\\\/www.pharmacy4pets.nl\\\/#organization\",\"name\":\"Pharmacy4pets\",\"url\":\"http:\\\/\\\/www.pharmacy4pets.nl\\\/\",\"logo\":{\"@type\":\"ImageObject\",\"inLanguage\":\"nl-NL\",\"@id\":\"http:\\\/\\\/www.pharmacy4pets.nl\\\/#\\\/schema\\\/logo\\\/image\\\/\",\"url\":\"https:\\\/\\\/p4p-nl.bootmine.com\\\/wp-content\\\/uploads\\\/2026\\\/03\\\/logo-pharmacy4pets.png\",\"contentUrl\":\"https:\\\/\\\/p4p-nl.bootmine.com\\\/wp-content\\\/uploads\\\/2026\\\/03\\\/logo-pharmacy4pets.png\",\"width\":1024,\"height\":135,\"caption\":\"Pharmacy4pets\"},\"image\":{\"@id\":\"http:\\\/\\\/www.pharmacy4pets.nl\\\/#\\\/schema\\\/logo\\\/image\\\/\"},\"sameAs\":[\"https:\\\/\\\/www.facebook.com\\\/people\\\/Pharmacy4petsnl\\\/100063484989896\\\/\",\"https:\\\/\\\/www.youtube.com\\\/channel\\\/UCGPTIgucgli03tP2_kvLkHg\\\/featured\",\"https:\\\/\\\/www.instagram.com\\\/pharmacy4pets.nl\"]}]}<\/script>\n<!-- \/ Yoast SEO plugin. -->","yoast_head_json":{"title":"Poepzakjes houder incl. 15 hondenpoepzakjes | Oranje - Pharmacy4pets","robots":{"index":"index","follow":"follow","max-snippet":"max-snippet:-1","max-image-preview":"max-image-preview:large","max-video-preview":"max-video-preview:-1"},"canonical":"https:\/\/www.pharmacy4pets.nl\/be\/poepzakjes-houder-15-hondenpoepzakjes-oranje","og_locale":"nl_NL","og_type":"article","og_title":"Poepzakjes houder incl. 15 hondenpoepzakjes | Oranje - Pharmacy4pets","og_description":"Deze poepzakjes houder in hondenbotvorm is gemaakt van plastic en bevat 15 hondenpoepzakjes. Door middel van de clip aan de houder kunt u deze eenvoudig aan bijvoorbeeld uw hondenriem bevestigen. Zijn de zakjes op? Geen probleem! Ook zijn er rollen hondenpoepzakjes bij ons verkrijgbaar.","og_url":"https:\/\/www.pharmacy4pets.nl\/be\/poepzakjes-houder-15-hondenpoepzakjes-oranje","og_site_name":"Pharmacy4pets","article_publisher":"https:\/\/www.facebook.com\/people\/Pharmacy4petsnl\/100063484989896\/","article_modified_time":"2026-03-25T12:05:26+00:00","og_image":[{"width":1000,"height":1000,"url":"https:\/\/www.pharmacy4pets.nl\/wp-content\/uploads\/2023\/03\/4.jpg","type":"image\/jpeg"}],"twitter_card":"summary_large_image","schema":{"@context":"https:\/\/schema.org","@graph":[{"@type":"WebPage","@id":"https:\/\/www.pharmacy4pets.nl\/be\/poepzakjes-houder-15-hondenpoepzakjes-oranje","url":"https:\/\/www.pharmacy4pets.nl\/be\/poepzakjes-houder-15-hondenpoepzakjes-oranje","name":"Poepzakjes houder incl. 15 hondenpoepzakjes | Oranje - Pharmacy4pets","isPartOf":{"@id":"http:\/\/www.pharmacy4pets.nl\/#website"},"primaryImageOfPage":{"@id":"https:\/\/www.pharmacy4pets.nl\/be\/poepzakjes-houder-15-hondenpoepzakjes-oranje#primaryimage"},"image":{"@id":"https:\/\/www.pharmacy4pets.nl\/be\/poepzakjes-houder-15-hondenpoepzakjes-oranje#primaryimage"},"thumbnailUrl":"https:\/\/www.pharmacy4pets.nl\/wp-content\/uploads\/2023\/03\/4.jpg","datePublished":"2023-03-21T09:33:50+00:00","dateModified":"2026-03-25T12:05:26+00:00","breadcrumb":{"@id":"https:\/\/www.pharmacy4pets.nl\/be\/poepzakjes-houder-15-hondenpoepzakjes-oranje#breadcrumb"},"inLanguage":"nl-NL","potentialAction":[{"@type":"ReadAction","target":["https:\/\/www.pharmacy4pets.nl\/be\/poepzakjes-houder-15-hondenpoepzakjes-oranje"]}]},{"@type":"ImageObject","inLanguage":"nl-NL","@id":"https:\/\/www.pharmacy4pets.nl\/be\/poepzakjes-houder-15-hondenpoepzakjes-oranje#primaryimage","url":"https:\/\/www.pharmacy4pets.nl\/wp-content\/uploads\/2023\/03\/4.jpg","contentUrl":"https:\/\/www.pharmacy4pets.nl\/wp-content\/uploads\/2023\/03\/4.jpg","width":1000,"height":1000,"caption":"Poepzakjes houder incl. 15 hondenpoepzakjes | Oranje-0"},{"@type":"BreadcrumbList","@id":"https:\/\/www.pharmacy4pets.nl\/be\/poepzakjes-houder-15-hondenpoepzakjes-oranje#breadcrumb","itemListElement":[{"@type":"ListItem","position":1,"name":"Home","item":"https:\/\/p4p-nl.bootmine.com\/"},{"@type":"ListItem","position":2,"name":"Winkel","item":"https:\/\/p4p-nl.bootmine.com\/winkel"},{"@type":"ListItem","position":3,"name":"Poepzakjes houder incl. 15 hondenpoepzakjes | Oranje"}]},{"@type":"WebSite","@id":"http:\/\/www.pharmacy4pets.nl\/#website","url":"http:\/\/www.pharmacy4pets.nl\/","name":"Pharmacy4pets","description":"Pharmacy4pets.nl is d\u00e9 online apotheek waar u terecht kunt voor alle diergeneesmiddelen, verzorgingsproducten en dieetvoeding voor uw huisdier.","publisher":{"@id":"http:\/\/www.pharmacy4pets.nl\/#organization"},"potentialAction":[{"@type":"SearchAction","target":{"@type":"EntryPoint","urlTemplate":"http:\/\/www.pharmacy4pets.nl\/?s={search_term_string}"},"query-input":{"@type":"PropertyValueSpecification","valueRequired":true,"valueName":"search_term_string"}}],"inLanguage":"nl-NL"},{"@type":"Organization","@id":"http:\/\/www.pharmacy4pets.nl\/#organization","name":"Pharmacy4pets","url":"http:\/\/www.pharmacy4pets.nl\/","logo":{"@type":"ImageObject","inLanguage":"nl-NL","@id":"http:\/\/www.pharmacy4pets.nl\/#\/schema\/logo\/image\/","url":"https:\/\/p4p-nl.bootmine.com\/wp-content\/uploads\/2026\/03\/logo-pharmacy4pets.png","contentUrl":"https:\/\/p4p-nl.bootmine.com\/wp-content\/uploads\/2026\/03\/logo-pharmacy4pets.png","width":1024,"height":135,"caption":"Pharmacy4pets"},"image":{"@id":"http:\/\/www.pharmacy4pets.nl\/#\/schema\/logo\/image\/"},"sameAs":["https:\/\/www.facebook.com\/people\/Pharmacy4petsnl\/100063484989896\/","https:\/\/www.youtube.com\/channel\/UCGPTIgucgli03tP2_kvLkHg\/featured","https:\/\/www.instagram.com\/pharmacy4pets.nl"]}]}},"market_data":{"nl":{"price":0,"sale_price":0,"active":false,"url":null,"parent_url":"","tax_rate":0,"price_inc_tax":0,"sale_price_inc_tax":0},"de":{"price":0,"sale_price":0,"active":false,"url":null,"parent_url":"","tax_rate":0,"price_inc_tax":0,"sale_price_inc_tax":0},"be":{"price":0,"sale_price":0,"active":false,"url":null,"parent_url":"","tax_rate":0,"price_inc_tax":0,"sale_price_inc_tax":0},"fr":{"price":0,"sale_price":0,"active":false,"url":null,"parent_url":"","tax_rate":0,"price_inc_tax":0,"sale_price_inc_tax":0},"ch":{"price":0,"sale_price":0,"active":false,"url":null,"parent_url":"","tax_rate":0,"price_inc_tax":0,"sale_price_inc_tax":0},"at":{"price":0,"sale_price":0,"active":false,"url":null,"parent_url":"","tax_rate":0,"price_inc_tax":0,"sale_price_inc_tax":0},"es":{"price":0,"sale_price":0,"active":false,"url":null,"parent_url":"","tax_rate":0,"price_inc_tax":0,"sale_price_inc_tax":0},"dk":{"price":0,"sale_price":0,"active":false,"url":null,"parent_url":"","tax_rate":0,"price_inc_tax":0,"sale_price_inc_tax":0},"com":{"price":0,"sale_price":0,"active":false,"url":null,"parent_url":"","tax_rate":0,"price_inc_tax":0,"sale_price_inc_tax":0}},"market_nl_price":0,"market_nl_sale_price":0,"market_nl_active":false,"market_nl_url":null,"market_nl_parent_url":"","market_nl_tax_rate":0,"market_nl_price_inc_tax":0,"market_nl_sale_price_inc_tax":0,"market_de_price":0,"market_de_sale_price":0,"market_de_active":false,"market_de_url":null,"market_de_parent_url":"","market_de_tax_rate":0,"market_de_price_inc_tax":0,"market_de_sale_price_inc_tax":0,"market_be_price":0,"market_be_sale_price":0,"market_be_active":false,"market_be_url":null,"market_be_parent_url":"","market_be_tax_rate":0,"market_be_price_inc_tax":0,"market_be_sale_price_inc_tax":0,"market_fr_price":0,"market_fr_sale_price":0,"market_fr_active":false,"market_fr_url":null,"market_fr_parent_url":"","market_fr_tax_rate":0,"market_fr_price_inc_tax":0,"market_fr_sale_price_inc_tax":0,"market_ch_price":0,"market_ch_sale_price":0,"market_ch_active":false,"market_ch_url":null,"market_ch_parent_url":"","market_ch_tax_rate":0,"market_ch_price_inc_tax":0,"market_ch_sale_price_inc_tax":0,"market_at_price":0,"market_at_sale_price":0,"market_at_active":false,"market_at_url":null,"market_at_parent_url":"","market_at_tax_rate":0,"market_at_price_inc_tax":0,"market_at_sale_price_inc_tax":0,"market_es_price":0,"market_es_sale_price":0,"market_es_active":false,"market_es_url":null,"market_es_parent_url":"","market_es_tax_rate":0,"market_es_price_inc_tax":0,"market_es_sale_price_inc_tax":0,"market_dk_price":0,"market_dk_sale_price":0,"market_dk_active":false,"market_dk_url":null,"market_dk_parent_url":"","market_dk_tax_rate":0,"market_dk_price_inc_tax":0,"market_dk_sale_price_inc_tax":0,"market_com_price":0,"market_com_sale_price":0,"market_com_active":false,"market_com_url":null,"market_com_parent_url":"","market_com_tax_rate":0,"market_com_price_inc_tax":0,"market_com_sale_price_inc_tax":0,"acf":[],"_links":{"self":[{"href":"https:\/\/www.pharmacy4pets.nl\/be\/wp-json\/wp\/v2\/product\/120287","targetHints":{"allow":["GET"]}}],"collection":[{"href":"https:\/\/www.pharmacy4pets.nl\/be\/wp-json\/wp\/v2\/product"}],"about":[{"href":"https:\/\/www.pharmacy4pets.nl\/be\/wp-json\/wp\/v2\/types\/product"}],"replies":[{"embeddable":true,"href":"https:\/\/www.pharmacy4pets.nl\/be\/wp-json\/wp\/v2\/comments?post=120287"}],"wp:featuredmedia":[{"embeddable":true,"href":"https:\/\/www.pharmacy4pets.nl\/be\/wp-json\/wp\/v2\/media\/120284"}],"wp:attachment":[{"href":"https:\/\/www.pharmacy4pets.nl\/be\/wp-json\/wp\/v2\/media?parent=120287"}],"wp:term":[{"taxonomy":"product_brand","embeddable":true,"href":"https:\/\/www.pharmacy4pets.nl\/be\/wp-json\/wp\/v2\/product_brand?post=120287"},{"taxonomy":"product_cat","embeddable":true,"href":"https:\/\/www.pharmacy4pets.nl\/be\/wp-json\/wp\/v2\/product_cat?post=120287"},{"taxonomy":"product_tag","embeddable":true,"href":"https:\/\/www.pharmacy4pets.nl\/be\/wp-json\/wp\/v2\/product_tag?post=120287"}],"curies":[{"name":"wp","href":"https:\/\/api.w.org\/{rel}","templated":true}]}}