{"id":120279,"date":"2023-03-10T12:19:06","date_gmt":"2023-03-10T12:19:06","guid":{"rendered":"https:\/\/p4p.test\/zylkene-plus-225-mg-hond-10-30-kg-30-capsules"},"modified":"2026-04-14T08:05:18","modified_gmt":"2026-04-14T08:05:18","slug":"zylkene-plus-225-mg-hond-10-30-kg-30-capsules","status":"publish","type":"product","link":"https:\/\/www.pharmacy4pets.nl\/be\/zylkene-plus-225-mg-hond-10-30-kg-30-capsules","title":{"rendered":"Zylkene Plus 225 mg | Hond 10-30 kg | 30 capsules"},"content":{"rendered":"<p>Zylkene Plus is een voedingssupplement voor honden en katten dat kan helpen bij het verminderen van stress en angst. Dit supplement bevat een speciale mix van natuurlijke ingredi\u00ebnten, die de hersenactiviteit op een natuurlijke manier reguleren. Deze aangepaste formule combineert twee natuurlijke ingredi\u00ebnten met ontspannende eigenschappen.<\/p>\n<p>Zylkene Plus is een veilig en gemakkelijk te gebruiken voedingssupplement dat dagelijks aan uw huisdier kan worden gegeven. Het is geschikt voor dieren van alle leeftijden en maten en kan helpen bij verschillende vormen van stress, zoals angst voor vuurwerk, reisangst of verlatingsangst. Het kan veilig worden gebruikt in combinatie met andere medicijnen en kan langdurig worden ingezet zonder dat het verslavend is voor uw huisdier.<\/p>\n<p>Dit voedingssupplement kan helpen om uw huisdier te ontspannen en zich beter te voelen, wat kan bijdragen aan een gelukkiger en gezonder leven. Bij twijfel of dit middel geschikt is voor uw huisdier raden wij aan om contact op te nemen met uw dierenarts.<\/p>\n","protected":false},"excerpt":{"rendered":"<p>Zylkene Plus is een voedingssupplement voor honden en katten dat kan helpen bij het verminderen van stress en angst. Dit supplement bevat een speciale mix van natuurlijke ingredi\u00ebnten, die de hersenactiviteit op een natuurlijke manier reguleren. Deze aangepaste formule combineert twee natuurlijke ingredi\u00ebnten met ontspannende eigenschappen. Zylkene Plus is een veilig en gemakkelijk te gebruiken [&hellip;]<\/p>\n","protected":false},"featured_media":120278,"comment_status":"open","ping_status":"closed","template":"","meta":{"_acf_changed":false,"_nl_post_content":"<p>Zylkene Plus is een voedingssupplement voor honden en katten dat kan helpen bij het verminderen van stress en angst. Dit supplement bevat een speciale mix van natuurlijke ingredi\u00ebnten, die de hersenactiviteit op een natuurlijke manier reguleren. Deze aangepaste formule combineert twee natuurlijke ingredi\u00ebnten met ontspannende eigenschappen.<\/p>\r\n<p>Zylkene Plus is een veilig en gemakkelijk te gebruiken voedingssupplement dat dagelijks aan uw huisdier kan worden gegeven. Het is geschikt voor dieren van alle leeftijden en maten en kan helpen bij verschillende vormen van stress, zoals angst voor vuurwerk, reisangst of verlatingsangst. Het kan veilig worden gebruikt in combinatie met andere medicijnen en kan langdurig worden ingezet zonder dat het verslavend is voor uw huisdier.<\/p>\r\n<p>Dit voedingssupplement kan helpen om uw huisdier te ontspannen en zich beter te voelen, wat kan bijdragen aan een gelukkiger en gezonder leven. Bij twijfel of dit middel geschikt is voor uw huisdier raden wij aan om contact op te nemen met uw dierenarts.<\/p>","_nl_post_name":"zylkene-plus-225-mg-hond-10-30-kg-30-capsules","_nl_post_excerpt":"","_nl_post_title":"Zylkene Plus 225 mg | Hond 10-30 kg | 30 capsules","_en_post_content":"<p>Zylkene Plus is a dietary supplement for dogs and cats that can help reduce stress and anxiety. This supplement contains a special blend of natural ingredients that naturally regulate brain activity. This customised formula combines two natural ingredients with relaxing properties.<\/p>\n<p>Zylkene Plus is a safe and easy-to-use dietary supplement that can be given daily to your pet. It is suitable for animals of all ages and sizes and can help with various forms of stress, such as fear of fireworks, travel anxiety or separation anxiety. It can be safely used in combination with other medications and can be used long-term without being addictive for your pet.<\/p>\n<p>This dietary supplement can help your pet relax and feel better, which can contribute to a happier and healthier life. If in doubt whether this remedy is suitable for your pet, we recommend contacting your vet.<\/p>","_en_post_name":"Zylkene-Plus-225-mg-Dog-10-30-kg-30-capsules","_en_post_excerpt":"","_en_post_title":"Zylkene Plus 225 mg | Dog 10-30 kg | 30 capsules","_de_post_content":"<p>Zylkene Plus ist ein Nahrungserg\u00e4nzungsmittel f\u00fcr Hunde und Katzen, das helfen kann, Stress und \u00c4ngste zu reduzieren. Dieses Erg\u00e4nzungsfuttermittel enth\u00e4lt eine spezielle Mischung aus nat\u00fcrlichen Inhaltsstoffen, die die Gehirnaktivit\u00e4t auf nat\u00fcrliche Weise regulieren. Diese ma\u00dfgeschneiderte Formel kombiniert zwei nat\u00fcrliche Inhaltsstoffe mit entspannenden Eigenschaften.<\/p>\n<p>Zylkene Plus ist ein sicheres und einfach anzuwendendes Nahrungserg\u00e4nzungsmittel, das Ihrem Haustier t\u00e4glich verabreicht werden kann. Es ist f\u00fcr Tiere jeden Alters und jeder Gr\u00f6\u00dfe geeignet und kann bei verschiedenen Formen von Stress helfen, z. B. bei Angst vor Feuerwerk, Reiseangst oder Trennungsangst. Es kann gefahrlos in Kombination mit anderen Medikamenten verwendet werden und kann langfristig eingesetzt werden, ohne dass Ihr Haustier davon abh\u00e4ngig wird.<\/p>\n<p>Dieses Nahrungserg\u00e4nzungsmittel kann Ihrem Haustier helfen, sich zu entspannen und besser zu f\u00fchlen, was zu einem gl\u00fccklicheren und ges\u00fcnderen Leben beitragen kann. Wenn Sie Zweifel haben, ob dieses Mittel f\u00fcr Ihr Haustier geeignet ist, empfehlen wir Ihnen, sich an Ihren Tierarzt zu wenden.<\/p>","_de_post_name":"Zylkene-Plus-225-mg-Hund-10-30-kg-30-Kapseln","_de_post_excerpt":"","_de_post_title":"Zylkene Plus 225 mg | Hund 10-30 kg | 30 Kapseln","_fr_post_content":"<p>Zylkene Plus est un compl\u00e9ment alimentaire pour chiens et chats qui peut aider \u00e0 r\u00e9duire le stress et l'anxi\u00e9t\u00e9. Ce compl\u00e9ment contient un m\u00e9lange sp\u00e9cial d'ingr\u00e9dients naturels qui r\u00e9gulent naturellement l'activit\u00e9 c\u00e9r\u00e9brale. Cette formule personnalis\u00e9e associe deux ingr\u00e9dients naturels aux propri\u00e9t\u00e9s relaxantes.<\/p>\n<p>Zylkene Plus est un compl\u00e9ment alimentaire s\u00fbr et facile \u00e0 utiliser qui peut \u00eatre administr\u00e9 quotidiennement \u00e0 votre animal. Il convient aux animaux de tous \u00e2ges et de toutes tailles et peut aider \u00e0 lutter contre diverses formes de stress, telles que la peur des feux d'artifice, l'anxi\u00e9t\u00e9 li\u00e9e aux voyages ou l'anxi\u00e9t\u00e9 li\u00e9e \u00e0 la s\u00e9paration. Il peut \u00eatre utilis\u00e9 en toute s\u00e9curit\u00e9 en association avec d'autres m\u00e9dicaments et peut \u00eatre utilis\u00e9 \u00e0 long terme sans cr\u00e9er de d\u00e9pendance chez votre animal.<\/p>\n<p>Ce compl\u00e9ment alimentaire peut aider votre animal \u00e0 se d\u00e9tendre et \u00e0 se sentir mieux, ce qui peut contribuer \u00e0 une vie plus heureuse et plus saine. En cas de doute sur l'ad\u00e9quation de ce rem\u00e8de avec votre animal, nous vous recommandons de contacter votre v\u00e9t\u00e9rinaire.<\/p>","_fr_post_name":"zylkene-plus-225-mg-chien-10-30-kg-30-gelules","_fr_post_excerpt":"","_fr_post_title":"Zylkene Plus 225 mg | Chien 10 30 kg | 30 g\u00e9lules","_es_post_content":"<p>Zylkene Plus es un suplemento diet\u00e9tico para perros y gatos que puede ayudar a reducir el estr\u00e9s y la ansiedad. Este suplemento contiene una mezcla especial de ingredientes naturales que regulan de forma natural la actividad cerebral. Esta f\u00f3rmula personalizada combina dos ingredientes naturales con propiedades relajantes.<\/p>\n<p>Zylkene Plus es un suplemento diet\u00e9tico seguro y f\u00e1cil de usar que puede administrarse diariamente a su mascota. Es adecuado para animales de todas las edades y tama\u00f1os y puede ayudar con diversas formas de estr\u00e9s, como el miedo a los fuegos artificiales, la ansiedad por viajar o la ansiedad por separaci\u00f3n. Puede utilizarse de forma segura en combinaci\u00f3n con otros medicamentos y a largo plazo sin crear adicci\u00f3n en su mascota.<\/p>\n<p>Este suplemento diet\u00e9tico puede ayudar a su mascota a relajarse y sentirse mejor, lo que puede contribuir a una vida m\u00e1s feliz y saludable. Si tiene dudas sobre si este remedio es adecuado para su mascota, le recomendamos que se ponga en contacto con su veterinario.<\/p>","_es_post_name":"Zylkene-Plus-225-mg-Perro-10-30-kg-30-capsulas","_es_post_excerpt":"","_es_post_title":"Zylkene Plus 225 mg | Perro 10-30 kg | 30 capsulas","edit_language":"nl"},"product_brand":[],"product_cat":[1984,1117,1839,1857,1854,1968],"product_tag":[],"class_list":{"0":"post-120279","1":"product","2":"type-product","3":"status-publish","4":"has-post-thumbnail","6":"product_cat-angst-stress","7":"product_cat-honden","8":"product_cat-medicijnen-supplementen","9":"product_cat-merken","10":"product_cat-zenuwstelsel","11":"product_cat-zylkene-vetoquinol","12":"pa_aandoening-gedrag","13":"pa_doeldier-hond","14":"pa_fabricatieland-frankrijk","15":"pa_merkfilter-zylkene","16":"pa_merkgroep-vetoquinol","17":"pa_productsoort-voedingssupplement","18":"pa_toedieningswijze-capsules","19":"pa_unit_pricing_base_measure-1ct","20":"pa_unit_pricing_measure-30ct","21":"pa_werkzamestof-overig","23":"first","24":"instock","25":"taxable","26":"shipping-taxable","27":"purchasable","28":"product-type-simple"},"yoast_head":"<!-- This site is optimized with the Yoast SEO plugin v27.5 - https:\/\/yoast.com\/product\/yoast-seo-wordpress\/ -->\n<title>Zylkene Plus 225 mg | Hond 10-30 kg | 30 capsules - Pharmacy4pets<\/title>\n<meta name=\"robots\" content=\"index, follow, max-snippet:-1, max-image-preview:large, max-video-preview:-1\" \/>\n<link rel=\"canonical\" href=\"https:\/\/www.pharmacy4pets.nl\/zylkene-plus-225-mg-hond-10-30-kg-30-capsules\" \/>\n<meta property=\"og:locale\" content=\"nl_NL\" \/>\n<meta property=\"og:type\" content=\"article\" \/>\n<meta property=\"og:title\" content=\"Zylkene Plus 225 mg | Hond 10-30 kg | 30 capsules - Pharmacy4pets\" \/>\n<meta property=\"og:description\" content=\"Zylkene Plus is een voedingssupplement voor honden en katten dat kan helpen bij het verminderen van stress en angst. Dit supplement bevat een speciale mix van natuurlijke ingredi\u00ebnten, die de hersenactiviteit op een natuurlijke manier reguleren. Deze aangepaste formule combineert twee natuurlijke ingredi\u00ebnten met ontspannende eigenschappen. Zylkene Plus is een veilig en gemakkelijk te gebruiken [&hellip;]\" \/>\n<meta property=\"og:url\" content=\"https:\/\/www.pharmacy4pets.nl\/zylkene-plus-225-mg-hond-10-30-kg-30-capsules\" \/>\n<meta property=\"og:site_name\" content=\"Pharmacy4pets\" \/>\n<meta property=\"article:publisher\" content=\"https:\/\/www.facebook.com\/people\/Pharmacy4petsnl\/100063484989896\/\" \/>\n<meta property=\"article:modified_time\" content=\"2026-04-14T08:05:18+00:00\" \/>\n<meta property=\"og:image\" content=\"https:\/\/www.pharmacy4pets.nl\/wp-content\/uploads\/2023\/03\/26113.jpg\" \/>\n\t<meta property=\"og:image:width\" content=\"600\" \/>\n\t<meta property=\"og:image:height\" content=\"515\" \/>\n\t<meta property=\"og:image:type\" content=\"image\/jpeg\" \/>\n<meta name=\"twitter:card\" content=\"summary_large_image\" \/>\n<meta name=\"twitter:label1\" content=\"Geschatte leestijd\" \/>\n\t<meta name=\"twitter:data1\" content=\"1 minuut\" \/>\n<script type=\"application\/ld+json\" class=\"yoast-schema-graph\">{\"@context\":\"https:\\\/\\\/schema.org\",\"@graph\":[{\"@type\":\"WebPage\",\"@id\":\"https:\\\/\\\/www.pharmacy4pets.nl\\\/zylkene-plus-225-mg-hond-10-30-kg-30-capsules\",\"url\":\"https:\\\/\\\/www.pharmacy4pets.nl\\\/zylkene-plus-225-mg-hond-10-30-kg-30-capsules\",\"name\":\"Zylkene Plus 225 mg | Hond 10-30 kg | 30 capsules - Pharmacy4pets\",\"isPartOf\":{\"@id\":\"http:\\\/\\\/www.pharmacy4pets.nl\\\/#website\"},\"primaryImageOfPage\":{\"@id\":\"https:\\\/\\\/www.pharmacy4pets.nl\\\/zylkene-plus-225-mg-hond-10-30-kg-30-capsules#primaryimage\"},\"image\":{\"@id\":\"https:\\\/\\\/www.pharmacy4pets.nl\\\/zylkene-plus-225-mg-hond-10-30-kg-30-capsules#primaryimage\"},\"thumbnailUrl\":\"https:\\\/\\\/www.pharmacy4pets.nl\\\/wp-content\\\/uploads\\\/2023\\\/03\\\/26113.jpg\",\"datePublished\":\"2023-03-10T12:19:06+00:00\",\"dateModified\":\"2026-04-14T08:05:18+00:00\",\"breadcrumb\":{\"@id\":\"https:\\\/\\\/www.pharmacy4pets.nl\\\/zylkene-plus-225-mg-hond-10-30-kg-30-capsules#breadcrumb\"},\"inLanguage\":\"nl-NL\",\"potentialAction\":[{\"@type\":\"ReadAction\",\"target\":[\"https:\\\/\\\/www.pharmacy4pets.nl\\\/zylkene-plus-225-mg-hond-10-30-kg-30-capsules\"]}]},{\"@type\":\"ImageObject\",\"inLanguage\":\"nl-NL\",\"@id\":\"https:\\\/\\\/www.pharmacy4pets.nl\\\/zylkene-plus-225-mg-hond-10-30-kg-30-capsules#primaryimage\",\"url\":\"https:\\\/\\\/www.pharmacy4pets.nl\\\/wp-content\\\/uploads\\\/2023\\\/03\\\/26113.jpg\",\"contentUrl\":\"https:\\\/\\\/www.pharmacy4pets.nl\\\/wp-content\\\/uploads\\\/2023\\\/03\\\/26113.jpg\",\"width\":600,\"height\":515,\"caption\":\"Zylkene\"},{\"@type\":\"BreadcrumbList\",\"@id\":\"https:\\\/\\\/www.pharmacy4pets.nl\\\/zylkene-plus-225-mg-hond-10-30-kg-30-capsules#breadcrumb\",\"itemListElement\":[{\"@type\":\"ListItem\",\"position\":1,\"name\":\"Home\",\"item\":\"https:\\\/\\\/p4p-nl.bootmine.com\\\/\"},{\"@type\":\"ListItem\",\"position\":2,\"name\":\"Winkel\",\"item\":\"https:\\\/\\\/p4p-nl.bootmine.com\\\/winkel\"},{\"@type\":\"ListItem\",\"position\":3,\"name\":\"Zylkene Plus 225 mg | Hond 10-30 kg | 30 capsules\"}]},{\"@type\":\"WebSite\",\"@id\":\"http:\\\/\\\/www.pharmacy4pets.nl\\\/#website\",\"url\":\"http:\\\/\\\/www.pharmacy4pets.nl\\\/\",\"name\":\"Pharmacy4pets\",\"description\":\"Pharmacy4pets.nl is d\u00e9 online apotheek waar u terecht kunt voor alle diergeneesmiddelen, verzorgingsproducten en dieetvoeding voor uw huisdier.\",\"publisher\":{\"@id\":\"http:\\\/\\\/www.pharmacy4pets.nl\\\/#organization\"},\"potentialAction\":[{\"@type\":\"SearchAction\",\"target\":{\"@type\":\"EntryPoint\",\"urlTemplate\":\"http:\\\/\\\/www.pharmacy4pets.nl\\\/?s={search_term_string}\"},\"query-input\":{\"@type\":\"PropertyValueSpecification\",\"valueRequired\":true,\"valueName\":\"search_term_string\"}}],\"inLanguage\":\"nl-NL\"},{\"@type\":\"Organization\",\"@id\":\"http:\\\/\\\/www.pharmacy4pets.nl\\\/#organization\",\"name\":\"Pharmacy4pets\",\"url\":\"http:\\\/\\\/www.pharmacy4pets.nl\\\/\",\"logo\":{\"@type\":\"ImageObject\",\"inLanguage\":\"nl-NL\",\"@id\":\"http:\\\/\\\/www.pharmacy4pets.nl\\\/#\\\/schema\\\/logo\\\/image\\\/\",\"url\":\"https:\\\/\\\/p4p-nl.bootmine.com\\\/wp-content\\\/uploads\\\/2026\\\/03\\\/logo-pharmacy4pets.png\",\"contentUrl\":\"https:\\\/\\\/p4p-nl.bootmine.com\\\/wp-content\\\/uploads\\\/2026\\\/03\\\/logo-pharmacy4pets.png\",\"width\":1024,\"height\":135,\"caption\":\"Pharmacy4pets\"},\"image\":{\"@id\":\"http:\\\/\\\/www.pharmacy4pets.nl\\\/#\\\/schema\\\/logo\\\/image\\\/\"},\"sameAs\":[\"https:\\\/\\\/www.facebook.com\\\/people\\\/Pharmacy4petsnl\\\/100063484989896\\\/\",\"https:\\\/\\\/www.youtube.com\\\/channel\\\/UCGPTIgucgli03tP2_kvLkHg\\\/featured\",\"https:\\\/\\\/www.instagram.com\\\/pharmacy4pets.nl\"]}]}<\/script>\n<!-- \/ Yoast SEO plugin. -->","yoast_head_json":{"title":"Zylkene Plus 225 mg | Hond 10-30 kg | 30 capsules - Pharmacy4pets","robots":{"index":"index","follow":"follow","max-snippet":"max-snippet:-1","max-image-preview":"max-image-preview:large","max-video-preview":"max-video-preview:-1"},"canonical":"https:\/\/www.pharmacy4pets.nl\/zylkene-plus-225-mg-hond-10-30-kg-30-capsules","og_locale":"nl_NL","og_type":"article","og_title":"Zylkene Plus 225 mg | Hond 10-30 kg | 30 capsules - Pharmacy4pets","og_description":"Zylkene Plus is een voedingssupplement voor honden en katten dat kan helpen bij het verminderen van stress en angst. Dit supplement bevat een speciale mix van natuurlijke ingredi\u00ebnten, die de hersenactiviteit op een natuurlijke manier reguleren. Deze aangepaste formule combineert twee natuurlijke ingredi\u00ebnten met ontspannende eigenschappen. Zylkene Plus is een veilig en gemakkelijk te gebruiken [&hellip;]","og_url":"https:\/\/www.pharmacy4pets.nl\/zylkene-plus-225-mg-hond-10-30-kg-30-capsules","og_site_name":"Pharmacy4pets","article_publisher":"https:\/\/www.facebook.com\/people\/Pharmacy4petsnl\/100063484989896\/","article_modified_time":"2026-04-14T08:05:18+00:00","og_image":[{"width":600,"height":515,"url":"https:\/\/www.pharmacy4pets.nl\/wp-content\/uploads\/2023\/03\/26113.jpg","type":"image\/jpeg"}],"twitter_card":"summary_large_image","twitter_misc":{"Geschatte leestijd":"1 minuut"},"schema":{"@context":"https:\/\/schema.org","@graph":[{"@type":"WebPage","@id":"https:\/\/www.pharmacy4pets.nl\/zylkene-plus-225-mg-hond-10-30-kg-30-capsules","url":"https:\/\/www.pharmacy4pets.nl\/zylkene-plus-225-mg-hond-10-30-kg-30-capsules","name":"Zylkene Plus 225 mg | Hond 10-30 kg | 30 capsules - Pharmacy4pets","isPartOf":{"@id":"http:\/\/www.pharmacy4pets.nl\/#website"},"primaryImageOfPage":{"@id":"https:\/\/www.pharmacy4pets.nl\/zylkene-plus-225-mg-hond-10-30-kg-30-capsules#primaryimage"},"image":{"@id":"https:\/\/www.pharmacy4pets.nl\/zylkene-plus-225-mg-hond-10-30-kg-30-capsules#primaryimage"},"thumbnailUrl":"https:\/\/www.pharmacy4pets.nl\/wp-content\/uploads\/2023\/03\/26113.jpg","datePublished":"2023-03-10T12:19:06+00:00","dateModified":"2026-04-14T08:05:18+00:00","breadcrumb":{"@id":"https:\/\/www.pharmacy4pets.nl\/zylkene-plus-225-mg-hond-10-30-kg-30-capsules#breadcrumb"},"inLanguage":"nl-NL","potentialAction":[{"@type":"ReadAction","target":["https:\/\/www.pharmacy4pets.nl\/zylkene-plus-225-mg-hond-10-30-kg-30-capsules"]}]},{"@type":"ImageObject","inLanguage":"nl-NL","@id":"https:\/\/www.pharmacy4pets.nl\/zylkene-plus-225-mg-hond-10-30-kg-30-capsules#primaryimage","url":"https:\/\/www.pharmacy4pets.nl\/wp-content\/uploads\/2023\/03\/26113.jpg","contentUrl":"https:\/\/www.pharmacy4pets.nl\/wp-content\/uploads\/2023\/03\/26113.jpg","width":600,"height":515,"caption":"Zylkene"},{"@type":"BreadcrumbList","@id":"https:\/\/www.pharmacy4pets.nl\/zylkene-plus-225-mg-hond-10-30-kg-30-capsules#breadcrumb","itemListElement":[{"@type":"ListItem","position":1,"name":"Home","item":"https:\/\/p4p-nl.bootmine.com\/"},{"@type":"ListItem","position":2,"name":"Winkel","item":"https:\/\/p4p-nl.bootmine.com\/winkel"},{"@type":"ListItem","position":3,"name":"Zylkene Plus 225 mg | Hond 10-30 kg | 30 capsules"}]},{"@type":"WebSite","@id":"http:\/\/www.pharmacy4pets.nl\/#website","url":"http:\/\/www.pharmacy4pets.nl\/","name":"Pharmacy4pets","description":"Pharmacy4pets.nl is d\u00e9 online apotheek waar u terecht kunt voor alle diergeneesmiddelen, verzorgingsproducten en dieetvoeding voor uw huisdier.","publisher":{"@id":"http:\/\/www.pharmacy4pets.nl\/#organization"},"potentialAction":[{"@type":"SearchAction","target":{"@type":"EntryPoint","urlTemplate":"http:\/\/www.pharmacy4pets.nl\/?s={search_term_string}"},"query-input":{"@type":"PropertyValueSpecification","valueRequired":true,"valueName":"search_term_string"}}],"inLanguage":"nl-NL"},{"@type":"Organization","@id":"http:\/\/www.pharmacy4pets.nl\/#organization","name":"Pharmacy4pets","url":"http:\/\/www.pharmacy4pets.nl\/","logo":{"@type":"ImageObject","inLanguage":"nl-NL","@id":"http:\/\/www.pharmacy4pets.nl\/#\/schema\/logo\/image\/","url":"https:\/\/p4p-nl.bootmine.com\/wp-content\/uploads\/2026\/03\/logo-pharmacy4pets.png","contentUrl":"https:\/\/p4p-nl.bootmine.com\/wp-content\/uploads\/2026\/03\/logo-pharmacy4pets.png","width":1024,"height":135,"caption":"Pharmacy4pets"},"image":{"@id":"http:\/\/www.pharmacy4pets.nl\/#\/schema\/logo\/image\/"},"sameAs":["https:\/\/www.facebook.com\/people\/Pharmacy4petsnl\/100063484989896\/","https:\/\/www.youtube.com\/channel\/UCGPTIgucgli03tP2_kvLkHg\/featured","https:\/\/www.instagram.com\/pharmacy4pets.nl"]}]}},"market_data":{"nl":{"price":0,"sale_price":0,"active":false,"url":null,"parent_url":"","tax_rate":0,"price_inc_tax":0,"sale_price_inc_tax":0},"de":{"price":0,"sale_price":0,"active":false,"url":null,"parent_url":"","tax_rate":0,"price_inc_tax":0,"sale_price_inc_tax":0},"be":{"price":0,"sale_price":0,"active":false,"url":null,"parent_url":"","tax_rate":0,"price_inc_tax":0,"sale_price_inc_tax":0},"fr":{"price":0,"sale_price":0,"active":false,"url":null,"parent_url":"","tax_rate":0,"price_inc_tax":0,"sale_price_inc_tax":0},"ch":{"price":0,"sale_price":0,"active":false,"url":null,"parent_url":"","tax_rate":0,"price_inc_tax":0,"sale_price_inc_tax":0},"at":{"price":0,"sale_price":0,"active":false,"url":null,"parent_url":"","tax_rate":0,"price_inc_tax":0,"sale_price_inc_tax":0},"es":{"price":0,"sale_price":0,"active":false,"url":null,"parent_url":"","tax_rate":0,"price_inc_tax":0,"sale_price_inc_tax":0},"dk":{"price":0,"sale_price":0,"active":false,"url":null,"parent_url":"","tax_rate":0,"price_inc_tax":0,"sale_price_inc_tax":0},"com":{"price":0,"sale_price":0,"active":false,"url":null,"parent_url":"","tax_rate":0,"price_inc_tax":0,"sale_price_inc_tax":0}},"market_nl_price":0,"market_nl_sale_price":0,"market_nl_active":false,"market_nl_url":null,"market_nl_parent_url":"","market_nl_tax_rate":0,"market_nl_price_inc_tax":0,"market_nl_sale_price_inc_tax":0,"market_de_price":0,"market_de_sale_price":0,"market_de_active":false,"market_de_url":null,"market_de_parent_url":"","market_de_tax_rate":0,"market_de_price_inc_tax":0,"market_de_sale_price_inc_tax":0,"market_be_price":0,"market_be_sale_price":0,"market_be_active":false,"market_be_url":null,"market_be_parent_url":"","market_be_tax_rate":0,"market_be_price_inc_tax":0,"market_be_sale_price_inc_tax":0,"market_fr_price":0,"market_fr_sale_price":0,"market_fr_active":false,"market_fr_url":null,"market_fr_parent_url":"","market_fr_tax_rate":0,"market_fr_price_inc_tax":0,"market_fr_sale_price_inc_tax":0,"market_ch_price":0,"market_ch_sale_price":0,"market_ch_active":false,"market_ch_url":null,"market_ch_parent_url":"","market_ch_tax_rate":0,"market_ch_price_inc_tax":0,"market_ch_sale_price_inc_tax":0,"market_at_price":0,"market_at_sale_price":0,"market_at_active":false,"market_at_url":null,"market_at_parent_url":"","market_at_tax_rate":0,"market_at_price_inc_tax":0,"market_at_sale_price_inc_tax":0,"market_es_price":0,"market_es_sale_price":0,"market_es_active":false,"market_es_url":null,"market_es_parent_url":"","market_es_tax_rate":0,"market_es_price_inc_tax":0,"market_es_sale_price_inc_tax":0,"market_dk_price":0,"market_dk_sale_price":0,"market_dk_active":false,"market_dk_url":null,"market_dk_parent_url":"","market_dk_tax_rate":0,"market_dk_price_inc_tax":0,"market_dk_sale_price_inc_tax":0,"market_com_price":0,"market_com_sale_price":0,"market_com_active":false,"market_com_url":null,"market_com_parent_url":"","market_com_tax_rate":0,"market_com_price_inc_tax":0,"market_com_sale_price_inc_tax":0,"acf":[],"_links":{"self":[{"href":"https:\/\/www.pharmacy4pets.nl\/be\/wp-json\/wp\/v2\/product\/120279","targetHints":{"allow":["GET"]}}],"collection":[{"href":"https:\/\/www.pharmacy4pets.nl\/be\/wp-json\/wp\/v2\/product"}],"about":[{"href":"https:\/\/www.pharmacy4pets.nl\/be\/wp-json\/wp\/v2\/types\/product"}],"replies":[{"embeddable":true,"href":"https:\/\/www.pharmacy4pets.nl\/be\/wp-json\/wp\/v2\/comments?post=120279"}],"wp:featuredmedia":[{"embeddable":true,"href":"https:\/\/www.pharmacy4pets.nl\/be\/wp-json\/wp\/v2\/media\/120278"}],"wp:attachment":[{"href":"https:\/\/www.pharmacy4pets.nl\/be\/wp-json\/wp\/v2\/media?parent=120279"}],"wp:term":[{"taxonomy":"product_brand","embeddable":true,"href":"https:\/\/www.pharmacy4pets.nl\/be\/wp-json\/wp\/v2\/product_brand?post=120279"},{"taxonomy":"product_cat","embeddable":true,"href":"https:\/\/www.pharmacy4pets.nl\/be\/wp-json\/wp\/v2\/product_cat?post=120279"},{"taxonomy":"product_tag","embeddable":true,"href":"https:\/\/www.pharmacy4pets.nl\/be\/wp-json\/wp\/v2\/product_tag?post=120279"}],"curies":[{"name":"wp","href":"https:\/\/api.w.org\/{rel}","templated":true}]}}