{"id":120270,"date":"2023-03-10T12:19:04","date_gmt":"2023-03-10T12:19:04","guid":{"rendered":"https:\/\/p4p.test\/zylkene-450-mg-100-capsules"},"modified":"2026-04-14T08:05:18","modified_gmt":"2026-04-14T08:05:18","slug":"zylkene-450-mg-100-capsules","status":"publish","type":"product","link":"https:\/\/www.pharmacy4pets.nl\/be\/zylkene-450-mg-100-capsules","title":{"rendered":"Zylkene hond 450 mg | 100 capsules"},"content":{"rendered":"<p>Zylk\u00e8ne is een natuurlijk voedingssupplement dat het evenwicht en de harmonie van honden en\/of katten helpt te herstellen, chronische en situationele stress helpt te verminderen en het vermogen om te gaan met verandering verhoogt. Zylk\u00e8ne 75 mg is geschikt voor honden en katten. Zylk\u00e8ne 225 mg en 450 mg zijn alleen geschikt voor honden.<\/p>\n<p>Zylk\u00e8ne hoeft maar 1x daags gegeven te worden. De capsules kunnen in zijn geheel gegeven worden of na opening van de capsule kan het poeder vermengd worden met water of iets lekkers (worst, blikvoeding).<\/p>\n<p>Voor acute stress kan men 1-2 dagen van tevoren beginnen en Zylk\u00e8ne gebruiken gedurende de stressperiode. Bij langdurige stress kan men binnen 1-2 weken resultaat verwachten, maar voor het beste resultaat is het beter om Zylk\u00e8ne 1-2 maanden te geven.<\/p>\n","protected":false},"excerpt":{"rendered":"<p>Zylk\u00e8ne is een natuurlijk voedingssupplement dat het evenwicht en de harmonie van honden en\/of katten helpt te herstellen, chronische en situationele stress helpt te verminderen en het vermogen om te gaan met verandering verhoogt. Zylk\u00e8ne 75 mg is geschikt voor honden en katten. Zylk\u00e8ne 225 mg en 450 mg zijn alleen geschikt voor honden. Zylk\u00e8ne [&hellip;]<\/p>\n","protected":false},"featured_media":120269,"comment_status":"open","ping_status":"closed","template":"","meta":{"_acf_changed":false,"_nl_post_content":"<p>Zylk\u00e8ne is een natuurlijk voedingssupplement dat het evenwicht en de harmonie van honden en\/of katten helpt te herstellen, chronische en situationele stress helpt te verminderen en het vermogen om te gaan met verandering verhoogt. Zylk\u00e8ne 75 mg is geschikt voor honden en katten. Zylk\u00e8ne 225 mg en 450 mg zijn alleen geschikt voor honden.<\/p>\n<p>Zylk\u00e8ne hoeft maar 1x daags gegeven te worden. De capsules kunnen in zijn geheel gegeven worden of na opening van de capsule kan het poeder vermengd worden met water of iets lekkers (worst, blikvoeding).<\/p>\n<p>Voor acute stress kan men 1-2 dagen van tevoren beginnen en Zylk\u00e8ne gebruiken gedurende de stressperiode. Bij langdurige stress kan men binnen 1-2 weken resultaat verwachten, maar voor het beste resultaat is het beter om Zylk\u00e8ne 1-2 maanden te geven.<\/p>","_nl_post_name":"zylkene-450-mg-100-capsules","_nl_post_excerpt":"","_nl_post_title":"Zylkene hond 450 mg | 100 capsules","_en_post_content":"<p>Zylkene is a natural nutritional supplement that helps to restore balance and harmony in dogs and\/or cats, to reduce chronic and situational stress and to increase the ability to cope with change. Zylkene 75 mg is suitable for dogs and cats. Zylkene 225 mg and 450 mg are only suitable for dogs.<\/p>\n<p>Zylkene only needs to be given once a day. The capsules can be given whole or after opening the capsule the powder can be mixed with water or something tasty (sausage, canned food).<\/p>\n<p>For acute stress, one can start 1-2 days in advance and use Zylkene during the stress period. With prolonged stress, one can expect results within 1-2 weeks, but for the best result it is better to give Zylk\u00e8ne 1-2 months.<\/p>","_en_post_name":"Zylkene-450-mg-100-capsules","_en_post_excerpt":"","_en_post_title":"Zylkene 450 mg | 100 capsules","_de_post_content":"<p style=\"text-align: justify;\">Zylk\u00e8ne ist ein nat\u00fcrliches Nahrungserg\u00e4nzungsmittel, das verschiedenen Formen von Stress bei Hunden und Katzen unterst\u00fctzen kann. Der Wirkstoff in Zylk\u00e8ne ist Alpha-Casozepide, das ist ein Peptid das nach der Aufteilung der Milch Kasein Protein entsteht. Es ist seit langem bekannt dass Milch eine beruhigende Wirkung auf die Jungtiere hat. Dies wird verursacht, weil das Jungtiere (im Gegensatz zu Erwachsenen) das Kasein in Alpha-Casozepide kann aufteilen. Die Verdauung \u00e4ndert sich bei Alterung und die Menge der gebildeten Alpha-Casozepide wird reduziert. Die beruhigende Wirkung von Milch ist daher weniger in der erwachsenen Tiere. Indem Sie die Alpha-Casozepide mit Nahrungserg\u00e4nzungsmittel als Zylk\u00e8ne hinzuf\u00fcgen, k\u00f6nnen Sie den gleichen Effekt erreichen. Zylk\u00e8ne kann verwendet werden bei Hunde und Katzen in Stress-Zeiten oder Situationen wie Umzug, Tierarzt-Besuche, Trennungsangst und Feuerwerk Angst. Zylk\u00e8ne kann perfekt mit Verhaltenstherapie kombiniert werden.<\/p>\n<table style=\"height: 100px; width: 475px;\" border=\"1\">\n<thead>\n<tr style=\"height: 46px;\">\n<td style=\"height: 46px; width: 475px;\" colspan=\"2\">\n<p class=\"bold\" style=\"text-align: center;\"><strong>Dosierung<\/strong><\/p>\n<\/td>\n<\/tr>\n<\/thead>\n<tbody>\n<tr style=\"height: 18px;\">\n<td style=\"height: 18px; width: 300px;\"><strong><em>K\u00f6rpergewicht des Hundes\/der Katze<\/em><\/strong><\/td>\n<td style=\"height: 18px; width: 175px;\"><strong><em>Optimalem Dosierung<\/em><\/strong><\/td>\n<\/tr>\n<tr style=\"height: 18px;\">\n<td style=\"height: 18px; width: 300px;\">Hund und Katze unter 10 kg<\/td>\n<td style=\"height: 18px; width: 175px;\">Zylk\u00e8ne 75 mg<\/td>\n<\/tr>\n<tr style=\"height: 18px;\">\n<td style=\"height: 18px; width: 300px;\">Hund 10-30 kg<\/td>\n<td style=\"height: 18px; width: 175px;\">Zylk\u00e8ne 225 mg<\/td>\n<\/tr>\n<tr style=\"height: 18px;\">\n<td style=\"height: 18px; width: 300px;\">Hund 30-60 kg<\/td>\n<td style=\"height: 18px; width: 175px;\">Zylk\u00e8ne 450 mg<\/td>\n<\/tr>\n<\/tbody>\n<\/table>","_de_post_name":"zylkene-450-mg-100-kapseln","_de_post_excerpt":"","_de_post_title":"Zylkene 450mg | 100 Kapseln","_fr_post_content":"<p>Zylk\u00e8ne est un compl\u00e9ment nutritionnel naturel qui aide \u00e0 r\u00e9tablir l'\u00e9quilibre et l'harmonie chez les chiens et\/ou les chats, \u00e0 r\u00e9duire le stress chronique et situationnel et \u00e0 augmenter la capacit\u00e9 \u00e0 faire face au changement. Zylk\u00e8ne 75 mg convient aux chiens et aux chats. Zylk\u00e8ne 225 mg et 450 mg conviennent uniquement aux chiens.<\/p>\n<p>Zylkene ne doit \u00eatre administr\u00e9 qu\u2019une fois par jour. Les g\u00e9lules peuvent \u00eatre administr\u00e9es enti\u00e8res ou, apr\u00e8s ouverture de la g\u00e9lule, la poudre peut \u00eatre m\u00e9lang\u00e9e avec de l'eau ou quelque chose de savoureux (saucisse, nourriture en conserve).<\/p>\n<p>En cas de stress aigu, on peut commencer 1 \u00e0 2 jours \u00e0 l\u2019avance et utiliser Zylkene pendant la p\u00e9riode de stress. En cas de stress prolong\u00e9, on peut s'attendre \u00e0 des r\u00e9sultats en 1 \u00e0 2 semaines, mais pour un r\u00e9sultat optimal, il est pr\u00e9f\u00e9rable de donner Zylk\u00e8ne 1 \u00e0 2 mois.<\/p>","_fr_post_name":"Zylkene-450-mg-100-g\u00e9lules","_fr_post_excerpt":"","_fr_post_title":"Zylkene 450 mg | 100 g\u00e9lules","_es_post_content":"<p>Zylkene es un complemento nutricional natural que ayuda a restablecer el equilibrio y la armon\u00eda en perros y\/o gatos, a reducir el estr\u00e9s cr\u00f3nico y situacional y a aumentar la capacidad de afrontar el cambio. Zylkene 75 mg es adecuado para perros y gatos. Zylkene 225 mg y 450 mg s\u00f3lo son adecuados para perros.<\/p>\n<p>Zylkene s\u00f3lo debe administrarse una vez al d\u00eda. Las c\u00e1psulas se pueden administrar enteras o despu\u00e9s de abrir la c\u00e1psula se puede mezclar el polvo con agua o algo sabroso (salchichas, comida enlatada).<\/p>\n<p>Para el estr\u00e9s agudo, se puede comenzar con 1 o 2 d\u00edas de anticipaci\u00f3n y usar Zylkene durante el per\u00edodo de estr\u00e9s. Con estr\u00e9s prolongado, se pueden esperar resultados en 1-2 semanas, pero para obtener mejores resultados es mejor administrar Zylk\u00e8ne 1-2 meses.<\/p>","_es_post_name":"Zylkene-450-mg-100-capsulas","_es_post_excerpt":"","_es_post_title":"Zylkene 450 mg | 100 capsulas","edit_language":"nl"},"product_brand":[],"product_cat":[1984,1117,1839,1857,1854,1968],"product_tag":[],"class_list":{"0":"post-120270","1":"product","2":"type-product","3":"status-publish","4":"has-post-thumbnail","6":"product_cat-angst-stress","7":"product_cat-honden","8":"product_cat-medicijnen-supplementen","9":"product_cat-merken","10":"product_cat-zenuwstelsel","11":"product_cat-zylkene-vetoquinol","12":"pa_aandoening-gedrag","13":"pa_doeldier-hond","14":"pa_fabricatieland-frankrijk","15":"pa_merkfilter-zylkene","16":"pa_merkgroep-vetoquinol","17":"pa_productsoort-voedingssupplement","18":"pa_toedieningswijze-capsules","19":"pa_unit_pricing_base_measure-1ct","20":"pa_unit_pricing_measure-100ct","21":"pa_werkzamestof-overig","23":"first","24":"instock","25":"taxable","26":"shipping-taxable","27":"purchasable","28":"product-type-simple"},"yoast_head":"<!-- This site is optimized with the Yoast SEO plugin v27.5 - https:\/\/yoast.com\/product\/yoast-seo-wordpress\/ -->\n<title>Zylkene hond 450 mg | 100 capsules - Pharmacy4pets<\/title>\n<meta name=\"robots\" content=\"index, follow, max-snippet:-1, max-image-preview:large, max-video-preview:-1\" \/>\n<link rel=\"canonical\" href=\"https:\/\/p4p-nl.bootmine.com\/%product-slug%\/zylkene-450-mg-100-capsules\" \/>\n<meta property=\"og:locale\" content=\"nl_NL\" \/>\n<meta property=\"og:type\" content=\"article\" \/>\n<meta property=\"og:title\" content=\"Zylkene hond 450 mg | 100 capsules - Pharmacy4pets\" \/>\n<meta property=\"og:description\" content=\"Zylk\u00e8ne is een natuurlijk voedingssupplement dat het evenwicht en de harmonie van honden en\/of katten helpt te herstellen, chronische en situationele stress helpt te verminderen en het vermogen om te gaan met verandering verhoogt. Zylk\u00e8ne 75 mg is geschikt voor honden en katten. Zylk\u00e8ne 225 mg en 450 mg zijn alleen geschikt voor honden. Zylk\u00e8ne [&hellip;]\" \/>\n<meta property=\"og:url\" content=\"https:\/\/p4p-nl.bootmine.com\/%product-slug%\/zylkene-450-mg-100-capsules\" \/>\n<meta property=\"og:site_name\" content=\"Pharmacy4pets\" \/>\n<meta property=\"article:publisher\" content=\"https:\/\/www.facebook.com\/people\/Pharmacy4petsnl\/100063484989896\/\" \/>\n<meta property=\"article:modified_time\" content=\"2026-04-14T08:05:18+00:00\" \/>\n<meta property=\"og:image\" content=\"https:\/\/p4p-nl.bootmine.com\/wp-content\/uploads\/2023\/03\/24162.jpg\" \/>\n\t<meta property=\"og:image:width\" content=\"600\" \/>\n\t<meta property=\"og:image:height\" content=\"600\" \/>\n\t<meta property=\"og:image:type\" content=\"image\/jpeg\" \/>\n<meta name=\"twitter:card\" content=\"summary_large_image\" \/>\n<meta name=\"twitter:label1\" content=\"Geschatte leestijd\" \/>\n\t<meta name=\"twitter:data1\" content=\"1 minuut\" \/>\n<script type=\"application\/ld+json\" class=\"yoast-schema-graph\">{\"@context\":\"https:\\\/\\\/schema.org\",\"@graph\":[{\"@type\":\"WebPage\",\"@id\":\"https:\\\/\\\/p4p-nl.bootmine.com\\\/%product-slug%\\\/zylkene-450-mg-100-capsules\",\"url\":\"https:\\\/\\\/p4p-nl.bootmine.com\\\/%product-slug%\\\/zylkene-450-mg-100-capsules\",\"name\":\"Zylkene hond 450 mg | 100 capsules - Pharmacy4pets\",\"isPartOf\":{\"@id\":\"http:\\\/\\\/www.pharmacy4pets.nl\\\/#website\"},\"primaryImageOfPage\":{\"@id\":\"https:\\\/\\\/p4p-nl.bootmine.com\\\/%product-slug%\\\/zylkene-450-mg-100-capsules#primaryimage\"},\"image\":{\"@id\":\"https:\\\/\\\/p4p-nl.bootmine.com\\\/%product-slug%\\\/zylkene-450-mg-100-capsules#primaryimage\"},\"thumbnailUrl\":\"https:\\\/\\\/www.pharmacy4pets.nl\\\/wp-content\\\/uploads\\\/2023\\\/03\\\/24162.jpg\",\"datePublished\":\"2023-03-10T12:19:04+00:00\",\"dateModified\":\"2026-04-14T08:05:18+00:00\",\"breadcrumb\":{\"@id\":\"https:\\\/\\\/p4p-nl.bootmine.com\\\/%product-slug%\\\/zylkene-450-mg-100-capsules#breadcrumb\"},\"inLanguage\":\"nl-NL\",\"potentialAction\":[{\"@type\":\"ReadAction\",\"target\":[\"https:\\\/\\\/p4p-nl.bootmine.com\\\/%product-slug%\\\/zylkene-450-mg-100-capsules\"]}]},{\"@type\":\"ImageObject\",\"inLanguage\":\"nl-NL\",\"@id\":\"https:\\\/\\\/p4p-nl.bootmine.com\\\/%product-slug%\\\/zylkene-450-mg-100-capsules#primaryimage\",\"url\":\"https:\\\/\\\/www.pharmacy4pets.nl\\\/wp-content\\\/uploads\\\/2023\\\/03\\\/24162.jpg\",\"contentUrl\":\"https:\\\/\\\/www.pharmacy4pets.nl\\\/wp-content\\\/uploads\\\/2023\\\/03\\\/24162.jpg\",\"width\":600,\"height\":600,\"caption\":\"Zylkene\"},{\"@type\":\"BreadcrumbList\",\"@id\":\"https:\\\/\\\/p4p-nl.bootmine.com\\\/%product-slug%\\\/zylkene-450-mg-100-capsules#breadcrumb\",\"itemListElement\":[{\"@type\":\"ListItem\",\"position\":1,\"name\":\"Home\",\"item\":\"https:\\\/\\\/p4p-nl.bootmine.com\\\/\"},{\"@type\":\"ListItem\",\"position\":2,\"name\":\"Winkel\",\"item\":\"https:\\\/\\\/p4p-nl.bootmine.com\\\/winkel\"},{\"@type\":\"ListItem\",\"position\":3,\"name\":\"Zylkene hond 450 mg | 100 capsules\"}]},{\"@type\":\"WebSite\",\"@id\":\"http:\\\/\\\/www.pharmacy4pets.nl\\\/#website\",\"url\":\"http:\\\/\\\/www.pharmacy4pets.nl\\\/\",\"name\":\"Pharmacy4pets\",\"description\":\"Pharmacy4pets.nl is d\u00e9 online apotheek waar u terecht kunt voor alle diergeneesmiddelen, verzorgingsproducten en dieetvoeding voor uw huisdier.\",\"publisher\":{\"@id\":\"http:\\\/\\\/www.pharmacy4pets.nl\\\/#organization\"},\"potentialAction\":[{\"@type\":\"SearchAction\",\"target\":{\"@type\":\"EntryPoint\",\"urlTemplate\":\"http:\\\/\\\/www.pharmacy4pets.nl\\\/?s={search_term_string}\"},\"query-input\":{\"@type\":\"PropertyValueSpecification\",\"valueRequired\":true,\"valueName\":\"search_term_string\"}}],\"inLanguage\":\"nl-NL\"},{\"@type\":\"Organization\",\"@id\":\"http:\\\/\\\/www.pharmacy4pets.nl\\\/#organization\",\"name\":\"Pharmacy4pets\",\"url\":\"http:\\\/\\\/www.pharmacy4pets.nl\\\/\",\"logo\":{\"@type\":\"ImageObject\",\"inLanguage\":\"nl-NL\",\"@id\":\"http:\\\/\\\/www.pharmacy4pets.nl\\\/#\\\/schema\\\/logo\\\/image\\\/\",\"url\":\"https:\\\/\\\/p4p-nl.bootmine.com\\\/wp-content\\\/uploads\\\/2026\\\/03\\\/logo-pharmacy4pets.png\",\"contentUrl\":\"https:\\\/\\\/p4p-nl.bootmine.com\\\/wp-content\\\/uploads\\\/2026\\\/03\\\/logo-pharmacy4pets.png\",\"width\":1024,\"height\":135,\"caption\":\"Pharmacy4pets\"},\"image\":{\"@id\":\"http:\\\/\\\/www.pharmacy4pets.nl\\\/#\\\/schema\\\/logo\\\/image\\\/\"},\"sameAs\":[\"https:\\\/\\\/www.facebook.com\\\/people\\\/Pharmacy4petsnl\\\/100063484989896\\\/\",\"https:\\\/\\\/www.youtube.com\\\/channel\\\/UCGPTIgucgli03tP2_kvLkHg\\\/featured\",\"https:\\\/\\\/www.instagram.com\\\/pharmacy4pets.nl\"]}]}<\/script>\n<!-- \/ Yoast SEO plugin. -->","yoast_head_json":{"title":"Zylkene hond 450 mg | 100 capsules - Pharmacy4pets","robots":{"index":"index","follow":"follow","max-snippet":"max-snippet:-1","max-image-preview":"max-image-preview:large","max-video-preview":"max-video-preview:-1"},"canonical":"https:\/\/p4p-nl.bootmine.com\/%product-slug%\/zylkene-450-mg-100-capsules","og_locale":"nl_NL","og_type":"article","og_title":"Zylkene hond 450 mg | 100 capsules - Pharmacy4pets","og_description":"Zylk\u00e8ne is een natuurlijk voedingssupplement dat het evenwicht en de harmonie van honden en\/of katten helpt te herstellen, chronische en situationele stress helpt te verminderen en het vermogen om te gaan met verandering verhoogt. Zylk\u00e8ne 75 mg is geschikt voor honden en katten. Zylk\u00e8ne 225 mg en 450 mg zijn alleen geschikt voor honden. Zylk\u00e8ne [&hellip;]","og_url":"https:\/\/p4p-nl.bootmine.com\/%product-slug%\/zylkene-450-mg-100-capsules","og_site_name":"Pharmacy4pets","article_publisher":"https:\/\/www.facebook.com\/people\/Pharmacy4petsnl\/100063484989896\/","article_modified_time":"2026-04-14T08:05:18+00:00","og_image":[{"width":600,"height":600,"url":"https:\/\/p4p-nl.bootmine.com\/wp-content\/uploads\/2023\/03\/24162.jpg","type":"image\/jpeg"}],"twitter_card":"summary_large_image","twitter_misc":{"Geschatte leestijd":"1 minuut"},"schema":{"@context":"https:\/\/schema.org","@graph":[{"@type":"WebPage","@id":"https:\/\/p4p-nl.bootmine.com\/%product-slug%\/zylkene-450-mg-100-capsules","url":"https:\/\/p4p-nl.bootmine.com\/%product-slug%\/zylkene-450-mg-100-capsules","name":"Zylkene hond 450 mg | 100 capsules - Pharmacy4pets","isPartOf":{"@id":"http:\/\/www.pharmacy4pets.nl\/#website"},"primaryImageOfPage":{"@id":"https:\/\/p4p-nl.bootmine.com\/%product-slug%\/zylkene-450-mg-100-capsules#primaryimage"},"image":{"@id":"https:\/\/p4p-nl.bootmine.com\/%product-slug%\/zylkene-450-mg-100-capsules#primaryimage"},"thumbnailUrl":"https:\/\/www.pharmacy4pets.nl\/wp-content\/uploads\/2023\/03\/24162.jpg","datePublished":"2023-03-10T12:19:04+00:00","dateModified":"2026-04-14T08:05:18+00:00","breadcrumb":{"@id":"https:\/\/p4p-nl.bootmine.com\/%product-slug%\/zylkene-450-mg-100-capsules#breadcrumb"},"inLanguage":"nl-NL","potentialAction":[{"@type":"ReadAction","target":["https:\/\/p4p-nl.bootmine.com\/%product-slug%\/zylkene-450-mg-100-capsules"]}]},{"@type":"ImageObject","inLanguage":"nl-NL","@id":"https:\/\/p4p-nl.bootmine.com\/%product-slug%\/zylkene-450-mg-100-capsules#primaryimage","url":"https:\/\/www.pharmacy4pets.nl\/wp-content\/uploads\/2023\/03\/24162.jpg","contentUrl":"https:\/\/www.pharmacy4pets.nl\/wp-content\/uploads\/2023\/03\/24162.jpg","width":600,"height":600,"caption":"Zylkene"},{"@type":"BreadcrumbList","@id":"https:\/\/p4p-nl.bootmine.com\/%product-slug%\/zylkene-450-mg-100-capsules#breadcrumb","itemListElement":[{"@type":"ListItem","position":1,"name":"Home","item":"https:\/\/p4p-nl.bootmine.com\/"},{"@type":"ListItem","position":2,"name":"Winkel","item":"https:\/\/p4p-nl.bootmine.com\/winkel"},{"@type":"ListItem","position":3,"name":"Zylkene hond 450 mg | 100 capsules"}]},{"@type":"WebSite","@id":"http:\/\/www.pharmacy4pets.nl\/#website","url":"http:\/\/www.pharmacy4pets.nl\/","name":"Pharmacy4pets","description":"Pharmacy4pets.nl is d\u00e9 online apotheek waar u terecht kunt voor alle diergeneesmiddelen, verzorgingsproducten en dieetvoeding voor uw huisdier.","publisher":{"@id":"http:\/\/www.pharmacy4pets.nl\/#organization"},"potentialAction":[{"@type":"SearchAction","target":{"@type":"EntryPoint","urlTemplate":"http:\/\/www.pharmacy4pets.nl\/?s={search_term_string}"},"query-input":{"@type":"PropertyValueSpecification","valueRequired":true,"valueName":"search_term_string"}}],"inLanguage":"nl-NL"},{"@type":"Organization","@id":"http:\/\/www.pharmacy4pets.nl\/#organization","name":"Pharmacy4pets","url":"http:\/\/www.pharmacy4pets.nl\/","logo":{"@type":"ImageObject","inLanguage":"nl-NL","@id":"http:\/\/www.pharmacy4pets.nl\/#\/schema\/logo\/image\/","url":"https:\/\/p4p-nl.bootmine.com\/wp-content\/uploads\/2026\/03\/logo-pharmacy4pets.png","contentUrl":"https:\/\/p4p-nl.bootmine.com\/wp-content\/uploads\/2026\/03\/logo-pharmacy4pets.png","width":1024,"height":135,"caption":"Pharmacy4pets"},"image":{"@id":"http:\/\/www.pharmacy4pets.nl\/#\/schema\/logo\/image\/"},"sameAs":["https:\/\/www.facebook.com\/people\/Pharmacy4petsnl\/100063484989896\/","https:\/\/www.youtube.com\/channel\/UCGPTIgucgli03tP2_kvLkHg\/featured","https:\/\/www.instagram.com\/pharmacy4pets.nl"]}]}},"market_data":{"nl":{"price":0,"sale_price":0,"active":false,"url":null,"parent_url":"","tax_rate":0,"price_inc_tax":0,"sale_price_inc_tax":0},"de":{"price":0,"sale_price":0,"active":false,"url":null,"parent_url":"","tax_rate":0,"price_inc_tax":0,"sale_price_inc_tax":0},"be":{"price":0,"sale_price":0,"active":false,"url":null,"parent_url":"","tax_rate":0,"price_inc_tax":0,"sale_price_inc_tax":0},"fr":{"price":0,"sale_price":0,"active":false,"url":null,"parent_url":"","tax_rate":0,"price_inc_tax":0,"sale_price_inc_tax":0},"ch":{"price":0,"sale_price":0,"active":false,"url":null,"parent_url":"","tax_rate":0,"price_inc_tax":0,"sale_price_inc_tax":0},"at":{"price":0,"sale_price":0,"active":false,"url":null,"parent_url":"","tax_rate":0,"price_inc_tax":0,"sale_price_inc_tax":0},"es":{"price":0,"sale_price":0,"active":false,"url":null,"parent_url":"","tax_rate":0,"price_inc_tax":0,"sale_price_inc_tax":0},"dk":{"price":0,"sale_price":0,"active":false,"url":null,"parent_url":"","tax_rate":0,"price_inc_tax":0,"sale_price_inc_tax":0},"com":{"price":0,"sale_price":0,"active":false,"url":null,"parent_url":"","tax_rate":0,"price_inc_tax":0,"sale_price_inc_tax":0}},"market_nl_price":0,"market_nl_sale_price":0,"market_nl_active":false,"market_nl_url":null,"market_nl_parent_url":"","market_nl_tax_rate":0,"market_nl_price_inc_tax":0,"market_nl_sale_price_inc_tax":0,"market_de_price":0,"market_de_sale_price":0,"market_de_active":false,"market_de_url":null,"market_de_parent_url":"","market_de_tax_rate":0,"market_de_price_inc_tax":0,"market_de_sale_price_inc_tax":0,"market_be_price":0,"market_be_sale_price":0,"market_be_active":false,"market_be_url":null,"market_be_parent_url":"","market_be_tax_rate":0,"market_be_price_inc_tax":0,"market_be_sale_price_inc_tax":0,"market_fr_price":0,"market_fr_sale_price":0,"market_fr_active":false,"market_fr_url":null,"market_fr_parent_url":"","market_fr_tax_rate":0,"market_fr_price_inc_tax":0,"market_fr_sale_price_inc_tax":0,"market_ch_price":0,"market_ch_sale_price":0,"market_ch_active":false,"market_ch_url":null,"market_ch_parent_url":"","market_ch_tax_rate":0,"market_ch_price_inc_tax":0,"market_ch_sale_price_inc_tax":0,"market_at_price":0,"market_at_sale_price":0,"market_at_active":false,"market_at_url":null,"market_at_parent_url":"","market_at_tax_rate":0,"market_at_price_inc_tax":0,"market_at_sale_price_inc_tax":0,"market_es_price":0,"market_es_sale_price":0,"market_es_active":false,"market_es_url":null,"market_es_parent_url":"","market_es_tax_rate":0,"market_es_price_inc_tax":0,"market_es_sale_price_inc_tax":0,"market_dk_price":0,"market_dk_sale_price":0,"market_dk_active":false,"market_dk_url":null,"market_dk_parent_url":"","market_dk_tax_rate":0,"market_dk_price_inc_tax":0,"market_dk_sale_price_inc_tax":0,"market_com_price":0,"market_com_sale_price":0,"market_com_active":false,"market_com_url":null,"market_com_parent_url":"","market_com_tax_rate":0,"market_com_price_inc_tax":0,"market_com_sale_price_inc_tax":0,"acf":[],"_links":{"self":[{"href":"https:\/\/www.pharmacy4pets.nl\/be\/wp-json\/wp\/v2\/product\/120270","targetHints":{"allow":["GET"]}}],"collection":[{"href":"https:\/\/www.pharmacy4pets.nl\/be\/wp-json\/wp\/v2\/product"}],"about":[{"href":"https:\/\/www.pharmacy4pets.nl\/be\/wp-json\/wp\/v2\/types\/product"}],"replies":[{"embeddable":true,"href":"https:\/\/www.pharmacy4pets.nl\/be\/wp-json\/wp\/v2\/comments?post=120270"}],"wp:featuredmedia":[{"embeddable":true,"href":"https:\/\/www.pharmacy4pets.nl\/be\/wp-json\/wp\/v2\/media\/120269"}],"wp:attachment":[{"href":"https:\/\/www.pharmacy4pets.nl\/be\/wp-json\/wp\/v2\/media?parent=120270"}],"wp:term":[{"taxonomy":"product_brand","embeddable":true,"href":"https:\/\/www.pharmacy4pets.nl\/be\/wp-json\/wp\/v2\/product_brand?post=120270"},{"taxonomy":"product_cat","embeddable":true,"href":"https:\/\/www.pharmacy4pets.nl\/be\/wp-json\/wp\/v2\/product_cat?post=120270"},{"taxonomy":"product_tag","embeddable":true,"href":"https:\/\/www.pharmacy4pets.nl\/be\/wp-json\/wp\/v2\/product_tag?post=120270"}],"curies":[{"name":"wp","href":"https:\/\/api.w.org\/{rel}","templated":true}]}}