{"id":120266,"date":"2023-03-10T12:19:03","date_gmt":"2023-03-10T12:19:03","guid":{"rendered":"https:\/\/p4p.test\/vetramil-honingzalf-hond-kat-10-gram"},"modified":"2026-04-14T08:05:16","modified_gmt":"2026-04-14T08:05:16","slug":"vetramil-honingzalf-hond-kat-10-gram","status":"publish","type":"product","link":"https:\/\/www.pharmacy4pets.nl\/be\/vetramil-honingzalf-hond-kat-10-gram","title":{"rendered":"Vetramil Honingzalf | Hond &#038; Kat | 10 gram"},"content":{"rendered":"<p>Vetramil Honingzalf van NML is een goed smeerbare wondzalf op basis van honing en etherische oli\u00ebn voor hond en kat. De ingredi\u00ebnten verzachten de huid en helpen uitdrogen te verminderen. Door de etherische oli\u00ebn wordt het herstellend vermogen van de huid ondersteunt. Vetramil Honingzalf bevat zuivere honing met een hoog enzymgehalte en een lage pH-waarde. Het ondersteunt de conditie en de natuurlijke weerstand van de huid.<\/p>\n<p><span style=\"text-decoration: underline;\">Toediening:<\/span><\/p>\n<ol>\n<li>Maak de wond schoon met water en droog af met een doekje<\/li>\n<li>1x per dag de zalf in ruime hoeveelheid aanbrengen op de wond<\/li>\n<li>Bij ge\u00efrriteerde huid, de zalf goed inmasseren<\/li>\n<li>Indien nodig, wond afdekken met een gaasje (alleen bij grote wonden)<\/li>\n<\/ol>\n<p>Behandeling is klaar zodra wond is gesloten.<\/p>\n","protected":false},"excerpt":{"rendered":"<p>Vetramil Honingzalf van NML is een goed smeerbare wondzalf op basis van honing en etherische oli\u00ebn voor hond en kat. De ingredi\u00ebnten verzachten de huid en helpen uitdrogen te verminderen. Door de etherische oli\u00ebn wordt het herstellend vermogen van de huid ondersteunt. Vetramil Honingzalf bevat zuivere honing met een hoog enzymgehalte en een lage pH-waarde. [&hellip;]<\/p>\n","protected":false},"featured_media":120265,"comment_status":"open","ping_status":"closed","template":"","meta":{"_acf_changed":false,"_nl_post_content":"<p>Vetramil Honingzalf van NML is een goed smeerbare wondzalf op basis van honing en etherische oli\u00ebn voor hond en kat. De ingredi\u00ebnten verzachten de huid en helpen uitdrogen te verminderen. Door de etherische oli\u00ebn wordt het herstellend vermogen van de huid ondersteunt. Vetramil Honingzalf bevat zuivere honing met een hoog enzymgehalte en een lage pH-waarde. Het ondersteunt de conditie en de natuurlijke weerstand van de huid.<\/p>\n<p><span style=\"text-decoration: underline;\">Toediening:<\/span><\/p>\n<ol>\n<li>Maak de wond schoon met water en droog af met een doekje<\/li>\n<li>1x per dag de zalf in ruime hoeveelheid aanbrengen op de wond<\/li>\n<li>Bij ge\u00efrriteerde huid, de zalf goed inmasseren<\/li>\n<li>Indien nodig, wond afdekken met een gaasje (alleen bij grote wonden)<\/li>\n<\/ol>\n<p>Behandeling is klaar zodra wond is gesloten.<\/p>","_nl_post_name":"vetramil-honingzalf-hond-kat-10-gram","_nl_post_excerpt":"","_nl_post_title":"Vetramil Honingzalf | Hond & Kat | 10 gram","_en_post_content":"<p>Vetramil Honey Ointment from NML is a well spreadable, wound ointment based on honey and essential oils for dogs and cats. The ingredients soften the skin and help reduce eradication. The essential oils support the restorative ability of the skin. Vetramil Honey Ointment contains pure honey with high enzyme content and low pH-value. It supports the condition and natural resistance of the skin.<\/p>\n<p><span style=\"text-decoration: underline;\">Administration:<\/span><\/p>\n<ol>\n<li>Clean the wound with water and dry with a clean tissue, if necessary<\/li>\n<li>Apply liberally once daily to the wound<\/li>\n<li>Thoroughly massage onto the irritated skin<\/li>\n<li>If necessary, cover the wound with a gauze (only for larger wounds)<\/li>\n<\/ol>\n<p>Treatment is complete once wound is closed.<\/p>","_en_post_name":"vetramil-honey-ointment-dog-cat-10-grams","_en_post_excerpt":"","_en_post_title":"Vetramil Honey ointment | Dog & Cat | 10 grams","_de_post_content":"<p>Vetramil Honigsalbe von NML ist eine Wundsalbe mit Honig und \u00e4therischen \u00d6len f\u00fcr Hunde und Katzen. Die Zutaten machen die Haut weich und helfen, Austrocknung zu reduzieren. Die \u00e4therischen \u00d6le unterst\u00fctzen die Regenerationsf\u00e4higkeit der Haut. Vetramil Honingsalbe enth\u00e4lt reinen Honig mit einem hohen Enzymgehalt und einem niedrigen pH-Wert. Es unterst\u00fctzt den Zustand en die nat\u00fcrliche Widerstandskraft der Haut.<\/p>\n<p><span style=\"text-decoration: underline;\">Anwendung:<\/span><\/p>\n<ol>\n<li>Die Wunde mit Wasser reinigen und mit einem sauberen Tuch trocknen<\/li>\n<li>1x am Tag die Salbe auf der Wunde anbringen<\/li>\n<li>Bei irritierter Haut gut einmassieren<\/li>\n<li>Falls erforderlich, Abdeckung gewickelt mit Gaze (nur bei gro\u00dfen Wunden)<\/li>\n<\/ol>\n<p>Die Behandlung ist erfolgt wenn die Wunde geschlossen ist.<\/p>","_de_post_name":"vetramil-honigsalbe-hund-katze-10-gramm","_de_post_excerpt":"","_de_post_title":"Vetramil Honigsalbe | Hund & Katze | 10 Gramm","_fr_post_content":"<p>La pommade au miel Vetramil de NML est une pommade pour plaies facilement \u00e9talable \u00e0 base de miel et d'huiles essentielles pour chiens et chats. Les ingr\u00e9dients apaisent la peau et aident \u00e0 r\u00e9duire la d\u00e9shydratation. Les huiles essentielles soutiennent la capacit\u00e9 de la peau \u00e0 se r\u00e9parer. La pommade au miel Vetramil contient du miel pur \u00e0 haute teneur en enzymes et \u00e0 faible pH. Il favorise l'\u00e9tat et la r\u00e9sistance naturelle de la peau.<br \/><br \/>Administration :<br \/><br \/>\u00a0\u00a0\u00a0 Nettoyez la plaie \u00e0 l'eau et s\u00e9chez-la avec un chiffon.<br \/>\u00a0\u00a0\u00a0 Appliquez la pommade une fois par jour en grande quantit\u00e9 sur la plaie.<br \/>\u00a0\u00a0\u00a0 En cas de peau irrit\u00e9e, bien masser la pommade.<br \/>\u00a0\u00a0\u00a0 Si n\u00e9cessaire, couvrez la plaie avec de la gaze (uniquement pour les grandes plaies).<br \/><br \/>Le traitement est termin\u00e9 d\u00e8s que la plaie est ferm\u00e9e.<\/p>","_fr_post_name":"vetramil-pommade-au-miel-chien-chat-10-grammes","_fr_post_excerpt":"","_fr_post_title":"Vetramil Pommade au miel | Chien & Chat | 10 grammes","_es_post_content":"<p>Vetramil pomada de NML es una pomada cicatrizante f\u00e1cil de aplicar, a base de miel y aceites esenciales para perros y gatos. Los ingredientes suavizan la piel y la protegen de la deshidrataci\u00f3n. Los aceites esenciales estimulan la regeneraci\u00f3n de la piel. Vetramil pomada contiene miel pura con un alto contenido de enzimas y un pH bajo. Refuerza la condici\u00f3n y la resistencia natural de la piel.<\/p>\n<p><span style=\"text-decoration: underline;\">Administraci\u00f3n:<\/span><\/p>\n<ol>\n<li>Limpiar la herida con agua y secarla con un pa\u00f1o.<\/li>\n<li>Aplicar la pomada generosamente a la herida una vez al d\u00eda.<\/li>\n<li>En caso de piel irritada, masajear bien la pomada.<\/li>\n<li>Si fuere necesario, cubrir la herida con una gasa (s\u00f3lo para heridas grandes).<\/li>\n<\/ol>\n<p>Terminar el tratamiento tan pronto como la herida se cierre.<\/p>","_es_post_name":"vetramil-pomada-de-miel-perro-gato-10-gramos","_es_post_excerpt":"","_es_post_title":"Vetramil Pomada de miel | Perro & Gato | 10 gramos","edit_language":"nl"},"product_brand":[],"product_cat":[2209,2182,1891,1861,2210,1892,1862,1117,2115,1845,1876,1118,2178,1839,1871,1857,2177,1863,1893,2193,1965],"product_tag":[],"class_list":{"0":"post-120266","1":"product","2":"type-product","3":"status-publish","4":"has-post-thumbnail","6":"product_cat-puppy-benodigdheden","7":"product_cat-kitten-benodigdheden","8":"product_cat-benodigdheden","10":"product_cat-ehbo","13":"product_cat-honden","14":"product_cat-honingzalf","15":"product_cat-huid-vacht","17":"product_cat-katten","18":"product_cat-kitten","19":"product_cat-medicijnen-supplementen","21":"product_cat-merken","22":"product_cat-puppy","23":"product_cat-verzorging","26":"product_cat-vetramil","27":"pa_aandoening-huid_vacht","28":"pa_aandoening-wond_ehbo","29":"pa_doeldier-hond","30":"pa_doeldier-kat","31":"pa_fabricatieland-nederland","32":"pa_merkfilter-vetramil","33":"pa_merkgroep-nml","34":"pa_productsoort-overig","35":"pa_toedieningswijze-zalf","36":"pa_unit_pricing_base_measure-1g","37":"pa_unit_pricing_measure-10g","38":"pa_werkzamestof-overig","40":"first","41":"instock","42":"taxable","43":"shipping-taxable","44":"purchasable","45":"product-type-simple"},"yoast_head":"<!-- This site is optimized with the Yoast SEO plugin v27.5 - https:\/\/yoast.com\/product\/yoast-seo-wordpress\/ -->\n<title>Vetramil Honingzalf | Hond &amp; Kat | 10 gram - Pharmacy4pets<\/title>\n<meta name=\"robots\" content=\"index, follow, max-snippet:-1, max-image-preview:large, max-video-preview:-1\" \/>\n<link rel=\"canonical\" href=\"https:\/\/pharmacy4pets.nl\/vetramil-honingzalf-hond-kat-10-gram\" \/>\n<meta property=\"og:locale\" content=\"nl_NL\" \/>\n<meta property=\"og:type\" content=\"article\" \/>\n<meta property=\"og:title\" content=\"Vetramil Honingzalf | Hond &amp; Kat | 10 gram - Pharmacy4pets\" \/>\n<meta property=\"og:description\" content=\"Vetramil Honingzalf van NML is een goed smeerbare wondzalf op basis van honing en etherische oli\u00ebn voor hond en kat. De ingredi\u00ebnten verzachten de huid en helpen uitdrogen te verminderen. Door de etherische oli\u00ebn wordt het herstellend vermogen van de huid ondersteunt. Vetramil Honingzalf bevat zuivere honing met een hoog enzymgehalte en een lage pH-waarde. [&hellip;]\" \/>\n<meta property=\"og:url\" content=\"https:\/\/pharmacy4pets.nl\/vetramil-honingzalf-hond-kat-10-gram\" \/>\n<meta property=\"og:site_name\" content=\"Pharmacy4pets\" \/>\n<meta property=\"article:publisher\" content=\"https:\/\/www.facebook.com\/people\/Pharmacy4petsnl\/100063484989896\/\" \/>\n<meta property=\"article:modified_time\" content=\"2026-04-14T08:05:16+00:00\" \/>\n<meta property=\"og:image\" content=\"https:\/\/pharmacy4pets.nl\/wp-content\/uploads\/2023\/03\/25927.jpg\" \/>\n\t<meta property=\"og:image:width\" content=\"550\" \/>\n\t<meta property=\"og:image:height\" content=\"600\" \/>\n\t<meta property=\"og:image:type\" content=\"image\/jpeg\" \/>\n<meta name=\"twitter:card\" content=\"summary_large_image\" \/>\n<meta name=\"twitter:label1\" content=\"Geschatte leestijd\" \/>\n\t<meta name=\"twitter:data1\" content=\"1 minuut\" \/>\n<script type=\"application\/ld+json\" class=\"yoast-schema-graph\">{\"@context\":\"https:\\\/\\\/schema.org\",\"@graph\":[{\"@type\":\"WebPage\",\"@id\":\"https:\\\/\\\/pharmacy4pets.nl\\\/vetramil-honingzalf-hond-kat-10-gram\",\"url\":\"https:\\\/\\\/pharmacy4pets.nl\\\/vetramil-honingzalf-hond-kat-10-gram\",\"name\":\"Vetramil Honingzalf | Hond & Kat | 10 gram - Pharmacy4pets\",\"isPartOf\":{\"@id\":\"http:\\\/\\\/www.pharmacy4pets.nl\\\/#website\"},\"primaryImageOfPage\":{\"@id\":\"https:\\\/\\\/pharmacy4pets.nl\\\/vetramil-honingzalf-hond-kat-10-gram#primaryimage\"},\"image\":{\"@id\":\"https:\\\/\\\/pharmacy4pets.nl\\\/vetramil-honingzalf-hond-kat-10-gram#primaryimage\"},\"thumbnailUrl\":\"https:\\\/\\\/www.pharmacy4pets.nl\\\/wp-content\\\/uploads\\\/2023\\\/03\\\/25927.jpg\",\"datePublished\":\"2023-03-10T12:19:03+00:00\",\"dateModified\":\"2026-04-14T08:05:16+00:00\",\"breadcrumb\":{\"@id\":\"https:\\\/\\\/pharmacy4pets.nl\\\/vetramil-honingzalf-hond-kat-10-gram#breadcrumb\"},\"inLanguage\":\"nl-NL\",\"potentialAction\":[{\"@type\":\"ReadAction\",\"target\":[\"https:\\\/\\\/pharmacy4pets.nl\\\/vetramil-honingzalf-hond-kat-10-gram\"]}]},{\"@type\":\"ImageObject\",\"inLanguage\":\"nl-NL\",\"@id\":\"https:\\\/\\\/pharmacy4pets.nl\\\/vetramil-honingzalf-hond-kat-10-gram#primaryimage\",\"url\":\"https:\\\/\\\/www.pharmacy4pets.nl\\\/wp-content\\\/uploads\\\/2023\\\/03\\\/25927.jpg\",\"contentUrl\":\"https:\\\/\\\/www.pharmacy4pets.nl\\\/wp-content\\\/uploads\\\/2023\\\/03\\\/25927.jpg\",\"width\":550,\"height\":600,\"caption\":\"Vetramil Honingzalf | Hond & Kat | 10 gram-0\"},{\"@type\":\"BreadcrumbList\",\"@id\":\"https:\\\/\\\/pharmacy4pets.nl\\\/vetramil-honingzalf-hond-kat-10-gram#breadcrumb\",\"itemListElement\":[{\"@type\":\"ListItem\",\"position\":1,\"name\":\"Home\",\"item\":\"https:\\\/\\\/p4p-nl.bootmine.com\\\/\"},{\"@type\":\"ListItem\",\"position\":2,\"name\":\"Winkel\",\"item\":\"https:\\\/\\\/p4p-nl.bootmine.com\\\/winkel\"},{\"@type\":\"ListItem\",\"position\":3,\"name\":\"Vetramil Honingzalf | Hond &#038; Kat | 10 gram\"}]},{\"@type\":\"WebSite\",\"@id\":\"http:\\\/\\\/www.pharmacy4pets.nl\\\/#website\",\"url\":\"http:\\\/\\\/www.pharmacy4pets.nl\\\/\",\"name\":\"Pharmacy4pets\",\"description\":\"Pharmacy4pets.nl is d\u00e9 online apotheek waar u terecht kunt voor alle diergeneesmiddelen, verzorgingsproducten en dieetvoeding voor uw huisdier.\",\"publisher\":{\"@id\":\"http:\\\/\\\/www.pharmacy4pets.nl\\\/#organization\"},\"potentialAction\":[{\"@type\":\"SearchAction\",\"target\":{\"@type\":\"EntryPoint\",\"urlTemplate\":\"http:\\\/\\\/www.pharmacy4pets.nl\\\/?s={search_term_string}\"},\"query-input\":{\"@type\":\"PropertyValueSpecification\",\"valueRequired\":true,\"valueName\":\"search_term_string\"}}],\"inLanguage\":\"nl-NL\"},{\"@type\":\"Organization\",\"@id\":\"http:\\\/\\\/www.pharmacy4pets.nl\\\/#organization\",\"name\":\"Pharmacy4pets\",\"url\":\"http:\\\/\\\/www.pharmacy4pets.nl\\\/\",\"logo\":{\"@type\":\"ImageObject\",\"inLanguage\":\"nl-NL\",\"@id\":\"http:\\\/\\\/www.pharmacy4pets.nl\\\/#\\\/schema\\\/logo\\\/image\\\/\",\"url\":\"https:\\\/\\\/p4p-nl.bootmine.com\\\/wp-content\\\/uploads\\\/2026\\\/03\\\/logo-pharmacy4pets.png\",\"contentUrl\":\"https:\\\/\\\/p4p-nl.bootmine.com\\\/wp-content\\\/uploads\\\/2026\\\/03\\\/logo-pharmacy4pets.png\",\"width\":1024,\"height\":135,\"caption\":\"Pharmacy4pets\"},\"image\":{\"@id\":\"http:\\\/\\\/www.pharmacy4pets.nl\\\/#\\\/schema\\\/logo\\\/image\\\/\"},\"sameAs\":[\"https:\\\/\\\/www.facebook.com\\\/people\\\/Pharmacy4petsnl\\\/100063484989896\\\/\",\"https:\\\/\\\/www.youtube.com\\\/channel\\\/UCGPTIgucgli03tP2_kvLkHg\\\/featured\",\"https:\\\/\\\/www.instagram.com\\\/pharmacy4pets.nl\"]}]}<\/script>\n<!-- \/ Yoast SEO plugin. -->","yoast_head_json":{"title":"Vetramil Honingzalf | Hond & Kat | 10 gram - Pharmacy4pets","robots":{"index":"index","follow":"follow","max-snippet":"max-snippet:-1","max-image-preview":"max-image-preview:large","max-video-preview":"max-video-preview:-1"},"canonical":"https:\/\/pharmacy4pets.nl\/vetramil-honingzalf-hond-kat-10-gram","og_locale":"nl_NL","og_type":"article","og_title":"Vetramil Honingzalf | Hond & Kat | 10 gram - Pharmacy4pets","og_description":"Vetramil Honingzalf van NML is een goed smeerbare wondzalf op basis van honing en etherische oli\u00ebn voor hond en kat. De ingredi\u00ebnten verzachten de huid en helpen uitdrogen te verminderen. Door de etherische oli\u00ebn wordt het herstellend vermogen van de huid ondersteunt. Vetramil Honingzalf bevat zuivere honing met een hoog enzymgehalte en een lage pH-waarde. [&hellip;]","og_url":"https:\/\/pharmacy4pets.nl\/vetramil-honingzalf-hond-kat-10-gram","og_site_name":"Pharmacy4pets","article_publisher":"https:\/\/www.facebook.com\/people\/Pharmacy4petsnl\/100063484989896\/","article_modified_time":"2026-04-14T08:05:16+00:00","og_image":[{"width":550,"height":600,"url":"https:\/\/pharmacy4pets.nl\/wp-content\/uploads\/2023\/03\/25927.jpg","type":"image\/jpeg"}],"twitter_card":"summary_large_image","twitter_misc":{"Geschatte leestijd":"1 minuut"},"schema":{"@context":"https:\/\/schema.org","@graph":[{"@type":"WebPage","@id":"https:\/\/pharmacy4pets.nl\/vetramil-honingzalf-hond-kat-10-gram","url":"https:\/\/pharmacy4pets.nl\/vetramil-honingzalf-hond-kat-10-gram","name":"Vetramil Honingzalf | Hond & Kat | 10 gram - Pharmacy4pets","isPartOf":{"@id":"http:\/\/www.pharmacy4pets.nl\/#website"},"primaryImageOfPage":{"@id":"https:\/\/pharmacy4pets.nl\/vetramil-honingzalf-hond-kat-10-gram#primaryimage"},"image":{"@id":"https:\/\/pharmacy4pets.nl\/vetramil-honingzalf-hond-kat-10-gram#primaryimage"},"thumbnailUrl":"https:\/\/www.pharmacy4pets.nl\/wp-content\/uploads\/2023\/03\/25927.jpg","datePublished":"2023-03-10T12:19:03+00:00","dateModified":"2026-04-14T08:05:16+00:00","breadcrumb":{"@id":"https:\/\/pharmacy4pets.nl\/vetramil-honingzalf-hond-kat-10-gram#breadcrumb"},"inLanguage":"nl-NL","potentialAction":[{"@type":"ReadAction","target":["https:\/\/pharmacy4pets.nl\/vetramil-honingzalf-hond-kat-10-gram"]}]},{"@type":"ImageObject","inLanguage":"nl-NL","@id":"https:\/\/pharmacy4pets.nl\/vetramil-honingzalf-hond-kat-10-gram#primaryimage","url":"https:\/\/www.pharmacy4pets.nl\/wp-content\/uploads\/2023\/03\/25927.jpg","contentUrl":"https:\/\/www.pharmacy4pets.nl\/wp-content\/uploads\/2023\/03\/25927.jpg","width":550,"height":600,"caption":"Vetramil Honingzalf | Hond & Kat | 10 gram-0"},{"@type":"BreadcrumbList","@id":"https:\/\/pharmacy4pets.nl\/vetramil-honingzalf-hond-kat-10-gram#breadcrumb","itemListElement":[{"@type":"ListItem","position":1,"name":"Home","item":"https:\/\/p4p-nl.bootmine.com\/"},{"@type":"ListItem","position":2,"name":"Winkel","item":"https:\/\/p4p-nl.bootmine.com\/winkel"},{"@type":"ListItem","position":3,"name":"Vetramil Honingzalf | Hond &#038; Kat | 10 gram"}]},{"@type":"WebSite","@id":"http:\/\/www.pharmacy4pets.nl\/#website","url":"http:\/\/www.pharmacy4pets.nl\/","name":"Pharmacy4pets","description":"Pharmacy4pets.nl is d\u00e9 online apotheek waar u terecht kunt voor alle diergeneesmiddelen, verzorgingsproducten en dieetvoeding voor uw huisdier.","publisher":{"@id":"http:\/\/www.pharmacy4pets.nl\/#organization"},"potentialAction":[{"@type":"SearchAction","target":{"@type":"EntryPoint","urlTemplate":"http:\/\/www.pharmacy4pets.nl\/?s={search_term_string}"},"query-input":{"@type":"PropertyValueSpecification","valueRequired":true,"valueName":"search_term_string"}}],"inLanguage":"nl-NL"},{"@type":"Organization","@id":"http:\/\/www.pharmacy4pets.nl\/#organization","name":"Pharmacy4pets","url":"http:\/\/www.pharmacy4pets.nl\/","logo":{"@type":"ImageObject","inLanguage":"nl-NL","@id":"http:\/\/www.pharmacy4pets.nl\/#\/schema\/logo\/image\/","url":"https:\/\/p4p-nl.bootmine.com\/wp-content\/uploads\/2026\/03\/logo-pharmacy4pets.png","contentUrl":"https:\/\/p4p-nl.bootmine.com\/wp-content\/uploads\/2026\/03\/logo-pharmacy4pets.png","width":1024,"height":135,"caption":"Pharmacy4pets"},"image":{"@id":"http:\/\/www.pharmacy4pets.nl\/#\/schema\/logo\/image\/"},"sameAs":["https:\/\/www.facebook.com\/people\/Pharmacy4petsnl\/100063484989896\/","https:\/\/www.youtube.com\/channel\/UCGPTIgucgli03tP2_kvLkHg\/featured","https:\/\/www.instagram.com\/pharmacy4pets.nl"]}]}},"market_data":{"nl":{"price":0,"sale_price":0,"active":false,"url":null,"parent_url":"","tax_rate":0,"price_inc_tax":0,"sale_price_inc_tax":0},"de":{"price":0,"sale_price":0,"active":false,"url":null,"parent_url":"","tax_rate":0,"price_inc_tax":0,"sale_price_inc_tax":0},"be":{"price":0,"sale_price":0,"active":false,"url":null,"parent_url":"","tax_rate":0,"price_inc_tax":0,"sale_price_inc_tax":0},"fr":{"price":0,"sale_price":0,"active":false,"url":null,"parent_url":"","tax_rate":0,"price_inc_tax":0,"sale_price_inc_tax":0},"ch":{"price":0,"sale_price":0,"active":false,"url":null,"parent_url":"","tax_rate":0,"price_inc_tax":0,"sale_price_inc_tax":0},"at":{"price":0,"sale_price":0,"active":false,"url":null,"parent_url":"","tax_rate":0,"price_inc_tax":0,"sale_price_inc_tax":0},"es":{"price":0,"sale_price":0,"active":false,"url":null,"parent_url":"","tax_rate":0,"price_inc_tax":0,"sale_price_inc_tax":0},"dk":{"price":0,"sale_price":0,"active":false,"url":null,"parent_url":"","tax_rate":0,"price_inc_tax":0,"sale_price_inc_tax":0},"com":{"price":0,"sale_price":0,"active":false,"url":null,"parent_url":"","tax_rate":0,"price_inc_tax":0,"sale_price_inc_tax":0}},"market_nl_price":0,"market_nl_sale_price":0,"market_nl_active":false,"market_nl_url":null,"market_nl_parent_url":"","market_nl_tax_rate":0,"market_nl_price_inc_tax":0,"market_nl_sale_price_inc_tax":0,"market_de_price":0,"market_de_sale_price":0,"market_de_active":false,"market_de_url":null,"market_de_parent_url":"","market_de_tax_rate":0,"market_de_price_inc_tax":0,"market_de_sale_price_inc_tax":0,"market_be_price":0,"market_be_sale_price":0,"market_be_active":false,"market_be_url":null,"market_be_parent_url":"","market_be_tax_rate":0,"market_be_price_inc_tax":0,"market_be_sale_price_inc_tax":0,"market_fr_price":0,"market_fr_sale_price":0,"market_fr_active":false,"market_fr_url":null,"market_fr_parent_url":"","market_fr_tax_rate":0,"market_fr_price_inc_tax":0,"market_fr_sale_price_inc_tax":0,"market_ch_price":0,"market_ch_sale_price":0,"market_ch_active":false,"market_ch_url":null,"market_ch_parent_url":"","market_ch_tax_rate":0,"market_ch_price_inc_tax":0,"market_ch_sale_price_inc_tax":0,"market_at_price":0,"market_at_sale_price":0,"market_at_active":false,"market_at_url":null,"market_at_parent_url":"","market_at_tax_rate":0,"market_at_price_inc_tax":0,"market_at_sale_price_inc_tax":0,"market_es_price":0,"market_es_sale_price":0,"market_es_active":false,"market_es_url":null,"market_es_parent_url":"","market_es_tax_rate":0,"market_es_price_inc_tax":0,"market_es_sale_price_inc_tax":0,"market_dk_price":0,"market_dk_sale_price":0,"market_dk_active":false,"market_dk_url":null,"market_dk_parent_url":"","market_dk_tax_rate":0,"market_dk_price_inc_tax":0,"market_dk_sale_price_inc_tax":0,"market_com_price":0,"market_com_sale_price":0,"market_com_active":false,"market_com_url":null,"market_com_parent_url":"","market_com_tax_rate":0,"market_com_price_inc_tax":0,"market_com_sale_price_inc_tax":0,"acf":[],"_links":{"self":[{"href":"https:\/\/www.pharmacy4pets.nl\/be\/wp-json\/wp\/v2\/product\/120266","targetHints":{"allow":["GET"]}}],"collection":[{"href":"https:\/\/www.pharmacy4pets.nl\/be\/wp-json\/wp\/v2\/product"}],"about":[{"href":"https:\/\/www.pharmacy4pets.nl\/be\/wp-json\/wp\/v2\/types\/product"}],"replies":[{"embeddable":true,"href":"https:\/\/www.pharmacy4pets.nl\/be\/wp-json\/wp\/v2\/comments?post=120266"}],"wp:featuredmedia":[{"embeddable":true,"href":"https:\/\/www.pharmacy4pets.nl\/be\/wp-json\/wp\/v2\/media\/120265"}],"wp:attachment":[{"href":"https:\/\/www.pharmacy4pets.nl\/be\/wp-json\/wp\/v2\/media?parent=120266"}],"wp:term":[{"taxonomy":"product_brand","embeddable":true,"href":"https:\/\/www.pharmacy4pets.nl\/be\/wp-json\/wp\/v2\/product_brand?post=120266"},{"taxonomy":"product_cat","embeddable":true,"href":"https:\/\/www.pharmacy4pets.nl\/be\/wp-json\/wp\/v2\/product_cat?post=120266"},{"taxonomy":"product_tag","embeddable":true,"href":"https:\/\/www.pharmacy4pets.nl\/be\/wp-json\/wp\/v2\/product_tag?post=120266"}],"curies":[{"name":"wp","href":"https:\/\/api.w.org\/{rel}","templated":true}]}}