{"id":120256,"date":"2023-03-10T12:19:01","date_gmt":"2023-03-10T12:19:01","guid":{"rendered":"https:\/\/p4p.test\/veggiedent-fr3sh-zen"},"modified":"2026-03-25T12:05:18","modified_gmt":"2026-03-25T12:05:18","slug":"veggiedent-fr3sh-zen","status":"publish","type":"product","link":"https:\/\/www.pharmacy4pets.nl\/be\/veggiedent-fr3sh-zen","title":{"rendered":"Veggiedent Fr3sh Zen"},"content":{"rendered":"<p>Veggiedent Fr3sh Zen zijn een multifunctionele kauwstrips voor honden die helpen bij het reinigen van de tanden en het verminderen van tandplak en een slechte adem. Het kan dagelijks worden gegeven als onderdeel van de reguliere verzorgingsroutine van uw hond om tanden en tandvlees gezond te houden.<\/p>\n<p>De kauwstrips zijn vegetarisch, glutenvrij, en bevatten geen kunstmatige kleur- en smaakstoffen.<\/p>\n","protected":false},"excerpt":{"rendered":"<p>Veggiedent Fr3sh Zen zijn een multifunctionele kauwstrips voor honden die helpen bij het reinigen van de tanden en het verminderen van tandplak en een slechte adem. Het kan dagelijks worden gegeven als onderdeel van de reguliere verzorgingsroutine van uw hond om tanden en tandvlees gezond te houden. De kauwstrips zijn vegetarisch, glutenvrij, en bevatten geen [&hellip;]<\/p>\n","protected":false},"featured_media":120253,"comment_status":"open","ping_status":"closed","template":"","meta":{"_acf_changed":false,"_nl_post_content":"<p>Veggiedent Fr3sh Zen zijn een multifunctionele kauwstrips voor honden die helpen bij het reinigen van de tanden en het verminderen van tandplak en een slechte adem. Het kan dagelijks worden gegeven als onderdeel van de reguliere verzorgingsroutine van uw hond om tanden en tandvlees gezond te houden.<\/p>\r\n<p>De kauwstrips zijn vegetarisch, glutenvrij, en bevatten geen kunstmatige kleur- en smaakstoffen.<\/p>","_nl_post_name":"veggiedent-fr3sh-zen","_nl_post_excerpt":"","_nl_post_title":"Veggiedent Fr3sh Zen","_en_post_content":"<p>Veggiedent Fr3sh Zen is a multi-purpose chew strip for dogs that helps clean teeth and reduce plaque and bad breath. It can be given daily as part of your dog's regular grooming routine to keep teeth and gums healthy.<\/p>\n<p>The chew strips are vegetarian, gluten-free, and contain no artificial colours or flavours.<\/p>","_en_post_name":"Veggiedent-Fr3sh-Zen","_en_post_excerpt":"","_en_post_title":"Veggiedent Fr3sh Zen","_de_post_content":"<p>Veggiedent Fr3sh Zen ist ein Mehrzweck-Kaustreifen f\u00fcr Hunde, der bei der Reinigung der Z\u00e4hne hilft und Plaque und schlechten Atem reduziert. Sie k\u00f6nnen t\u00e4glich als Teil der regelm\u00e4\u00dfigen Pflegeroutine Ihres Hundes gegeben werden, um Z\u00e4hne und Zahnfleisch gesund zu halten.<\/p>\n<p>Die Kauleisten sind vegetarisch, glutenfrei und enthalten keine k\u00fcnstlichen Farb- oder Geschmacksstoffe.<\/p>","_de_post_name":"Veggiedent-Fr3sh-Zen","_de_post_excerpt":"","_de_post_title":"Veggiedent Fr3sh Zen","_fr_post_content":"<p>Veggiedent Fr3sh Zen est une bande \u00e0 m\u00e2cher multi-usages pour chiens qui aide \u00e0 nettoyer les dents et \u00e0 r\u00e9duire la plaque dentaire et la mauvaise haleine. Elle peut \u00eatre administr\u00e9e quotidiennement dans le cadre de la routine de toilettage de votre chien afin de maintenir les dents et les gencives en bonne sant\u00e9.<\/p>\n<p>Les bandes \u00e0 m\u00e2cher sont v\u00e9g\u00e9tariennes, sans gluten et sans colorants ni ar\u00f4mes artificiels.<\/p>","_fr_post_name":"Veggiedent-Fr3sh-Zen","_fr_post_excerpt":"","_fr_post_title":"Veggiedent Fr3sh Zen","_es_post_content":"<p>Veggiedent Fr3sh Zen es una tira masticable multiusos para perros que ayuda a limpiar los dientes y a reducir la placa y el mal aliento. Puede administrarse a diario como parte de la rutina habitual de aseo de su perro para mantener sanos dientes y enc\u00edas.<\/p>\n<p>Las tiras masticables son vegetarianas, sin gluten y no contienen colorantes ni aromas artificiales.<\/p>","_es_post_name":"Veggiedent-Fr3sh-Zen","_es_post_excerpt":"","_es_post_title":"Veggiedent Fr3sh Zen","edit_language":"nl"},"product_brand":[],"product_cat":[1842,1117,1859,1856,1839,1857,2101],"product_tag":[],"class_list":{"0":"post-120256","1":"product","2":"type-product","3":"status-publish","4":"has-post-thumbnail","6":"product_cat-gebit","7":"product_cat-honden","8":"product_cat-snacks","9":"product_cat-hondenvoer","10":"product_cat-medicijnen-supplementen","11":"product_cat-merken","12":"product_cat-veggiedent","13":"pa_aandoening-gebit","14":"pa_doeldier-hond","15":"pa_fabricatieland-frankrijk","16":"pa_merkfilter-veggiedent","17":"pa_merkgroep-virbac","18":"pa_productsoort-voeding","19":"pa_toedieningswijze-kauwstrips","20":"pa_werkzamestof-overig","22":"first","23":"instock","24":"taxable","25":"shipping-taxable","26":"product-type-grouped"},"yoast_head":"<!-- This site is optimized with the Yoast SEO plugin v27.5 - https:\/\/yoast.com\/product\/yoast-seo-wordpress\/ -->\n<title>Veggiedent Fr3sh Zen - Pharmacy4pets<\/title>\n<meta name=\"robots\" content=\"index, follow, max-snippet:-1, max-image-preview:large, max-video-preview:-1\" \/>\n<link rel=\"canonical\" href=\"https:\/\/www.pharmacy4pets.nl\/veggiedent-fr3sh-zen\" \/>\n<meta property=\"og:locale\" content=\"nl_NL\" \/>\n<meta property=\"og:type\" content=\"article\" \/>\n<meta property=\"og:title\" content=\"Veggiedent Fr3sh Zen - Pharmacy4pets\" \/>\n<meta property=\"og:description\" content=\"Veggiedent Fr3sh Zen zijn een multifunctionele kauwstrips voor honden die helpen bij het reinigen van de tanden en het verminderen van tandplak en een slechte adem. Het kan dagelijks worden gegeven als onderdeel van de reguliere verzorgingsroutine van uw hond om tanden en tandvlees gezond te houden. De kauwstrips zijn vegetarisch, glutenvrij, en bevatten geen [&hellip;]\" \/>\n<meta property=\"og:url\" content=\"https:\/\/www.pharmacy4pets.nl\/veggiedent-fr3sh-zen\" \/>\n<meta property=\"og:site_name\" content=\"Pharmacy4pets\" \/>\n<meta property=\"article:publisher\" content=\"https:\/\/www.facebook.com\/people\/Pharmacy4petsnl\/100063484989896\/\" \/>\n<meta property=\"article:modified_time\" content=\"2026-03-25T12:05:18+00:00\" \/>\n<meta property=\"og:image\" content=\"https:\/\/www.pharmacy4pets.nl\/wp-content\/uploads\/2023\/03\/24740_1.jpg\" \/>\n\t<meta property=\"og:image:width\" content=\"600\" \/>\n\t<meta property=\"og:image:height\" content=\"849\" \/>\n\t<meta property=\"og:image:type\" content=\"image\/jpeg\" \/>\n<meta name=\"twitter:card\" content=\"summary_large_image\" \/>\n<script type=\"application\/ld+json\" class=\"yoast-schema-graph\">{\"@context\":\"https:\\\/\\\/schema.org\",\"@graph\":[{\"@type\":\"WebPage\",\"@id\":\"https:\\\/\\\/www.pharmacy4pets.nl\\\/veggiedent-fr3sh-zen\",\"url\":\"https:\\\/\\\/www.pharmacy4pets.nl\\\/veggiedent-fr3sh-zen\",\"name\":\"Veggiedent Fr3sh Zen - Pharmacy4pets\",\"isPartOf\":{\"@id\":\"http:\\\/\\\/www.pharmacy4pets.nl\\\/#website\"},\"primaryImageOfPage\":{\"@id\":\"https:\\\/\\\/www.pharmacy4pets.nl\\\/veggiedent-fr3sh-zen#primaryimage\"},\"image\":{\"@id\":\"https:\\\/\\\/www.pharmacy4pets.nl\\\/veggiedent-fr3sh-zen#primaryimage\"},\"thumbnailUrl\":\"https:\\\/\\\/www.pharmacy4pets.nl\\\/wp-content\\\/uploads\\\/2023\\\/03\\\/24740_1.jpg\",\"datePublished\":\"2023-03-10T12:19:01+00:00\",\"dateModified\":\"2026-03-25T12:05:18+00:00\",\"breadcrumb\":{\"@id\":\"https:\\\/\\\/www.pharmacy4pets.nl\\\/veggiedent-fr3sh-zen#breadcrumb\"},\"inLanguage\":\"nl-NL\",\"potentialAction\":[{\"@type\":\"ReadAction\",\"target\":[\"https:\\\/\\\/www.pharmacy4pets.nl\\\/veggiedent-fr3sh-zen\"]}]},{\"@type\":\"ImageObject\",\"inLanguage\":\"nl-NL\",\"@id\":\"https:\\\/\\\/www.pharmacy4pets.nl\\\/veggiedent-fr3sh-zen#primaryimage\",\"url\":\"https:\\\/\\\/www.pharmacy4pets.nl\\\/wp-content\\\/uploads\\\/2023\\\/03\\\/24740_1.jpg\",\"contentUrl\":\"https:\\\/\\\/www.pharmacy4pets.nl\\\/wp-content\\\/uploads\\\/2023\\\/03\\\/24740_1.jpg\",\"width\":600,\"height\":849,\"caption\":\"Veggiedent\"},{\"@type\":\"BreadcrumbList\",\"@id\":\"https:\\\/\\\/www.pharmacy4pets.nl\\\/veggiedent-fr3sh-zen#breadcrumb\",\"itemListElement\":[{\"@type\":\"ListItem\",\"position\":1,\"name\":\"Home\",\"item\":\"https:\\\/\\\/p4p-nl.bootmine.com\\\/\"},{\"@type\":\"ListItem\",\"position\":2,\"name\":\"Winkel\",\"item\":\"https:\\\/\\\/p4p-nl.bootmine.com\\\/winkel\"},{\"@type\":\"ListItem\",\"position\":3,\"name\":\"Veggiedent Fr3sh Zen\"}]},{\"@type\":\"WebSite\",\"@id\":\"http:\\\/\\\/www.pharmacy4pets.nl\\\/#website\",\"url\":\"http:\\\/\\\/www.pharmacy4pets.nl\\\/\",\"name\":\"Pharmacy4pets\",\"description\":\"Pharmacy4pets.nl is d\u00e9 online apotheek waar u terecht kunt voor alle diergeneesmiddelen, verzorgingsproducten en dieetvoeding voor uw huisdier.\",\"publisher\":{\"@id\":\"http:\\\/\\\/www.pharmacy4pets.nl\\\/#organization\"},\"potentialAction\":[{\"@type\":\"SearchAction\",\"target\":{\"@type\":\"EntryPoint\",\"urlTemplate\":\"http:\\\/\\\/www.pharmacy4pets.nl\\\/?s={search_term_string}\"},\"query-input\":{\"@type\":\"PropertyValueSpecification\",\"valueRequired\":true,\"valueName\":\"search_term_string\"}}],\"inLanguage\":\"nl-NL\"},{\"@type\":\"Organization\",\"@id\":\"http:\\\/\\\/www.pharmacy4pets.nl\\\/#organization\",\"name\":\"Pharmacy4pets\",\"url\":\"http:\\\/\\\/www.pharmacy4pets.nl\\\/\",\"logo\":{\"@type\":\"ImageObject\",\"inLanguage\":\"nl-NL\",\"@id\":\"http:\\\/\\\/www.pharmacy4pets.nl\\\/#\\\/schema\\\/logo\\\/image\\\/\",\"url\":\"https:\\\/\\\/p4p-nl.bootmine.com\\\/wp-content\\\/uploads\\\/2026\\\/03\\\/logo-pharmacy4pets.png\",\"contentUrl\":\"https:\\\/\\\/p4p-nl.bootmine.com\\\/wp-content\\\/uploads\\\/2026\\\/03\\\/logo-pharmacy4pets.png\",\"width\":1024,\"height\":135,\"caption\":\"Pharmacy4pets\"},\"image\":{\"@id\":\"http:\\\/\\\/www.pharmacy4pets.nl\\\/#\\\/schema\\\/logo\\\/image\\\/\"},\"sameAs\":[\"https:\\\/\\\/www.facebook.com\\\/people\\\/Pharmacy4petsnl\\\/100063484989896\\\/\",\"https:\\\/\\\/www.youtube.com\\\/channel\\\/UCGPTIgucgli03tP2_kvLkHg\\\/featured\",\"https:\\\/\\\/www.instagram.com\\\/pharmacy4pets.nl\"]}]}<\/script>\n<!-- \/ Yoast SEO plugin. -->","yoast_head_json":{"title":"Veggiedent Fr3sh Zen - Pharmacy4pets","robots":{"index":"index","follow":"follow","max-snippet":"max-snippet:-1","max-image-preview":"max-image-preview:large","max-video-preview":"max-video-preview:-1"},"canonical":"https:\/\/www.pharmacy4pets.nl\/veggiedent-fr3sh-zen","og_locale":"nl_NL","og_type":"article","og_title":"Veggiedent Fr3sh Zen - Pharmacy4pets","og_description":"Veggiedent Fr3sh Zen zijn een multifunctionele kauwstrips voor honden die helpen bij het reinigen van de tanden en het verminderen van tandplak en een slechte adem. Het kan dagelijks worden gegeven als onderdeel van de reguliere verzorgingsroutine van uw hond om tanden en tandvlees gezond te houden. De kauwstrips zijn vegetarisch, glutenvrij, en bevatten geen [&hellip;]","og_url":"https:\/\/www.pharmacy4pets.nl\/veggiedent-fr3sh-zen","og_site_name":"Pharmacy4pets","article_publisher":"https:\/\/www.facebook.com\/people\/Pharmacy4petsnl\/100063484989896\/","article_modified_time":"2026-03-25T12:05:18+00:00","og_image":[{"width":600,"height":849,"url":"https:\/\/www.pharmacy4pets.nl\/wp-content\/uploads\/2023\/03\/24740_1.jpg","type":"image\/jpeg"}],"twitter_card":"summary_large_image","schema":{"@context":"https:\/\/schema.org","@graph":[{"@type":"WebPage","@id":"https:\/\/www.pharmacy4pets.nl\/veggiedent-fr3sh-zen","url":"https:\/\/www.pharmacy4pets.nl\/veggiedent-fr3sh-zen","name":"Veggiedent Fr3sh Zen - Pharmacy4pets","isPartOf":{"@id":"http:\/\/www.pharmacy4pets.nl\/#website"},"primaryImageOfPage":{"@id":"https:\/\/www.pharmacy4pets.nl\/veggiedent-fr3sh-zen#primaryimage"},"image":{"@id":"https:\/\/www.pharmacy4pets.nl\/veggiedent-fr3sh-zen#primaryimage"},"thumbnailUrl":"https:\/\/www.pharmacy4pets.nl\/wp-content\/uploads\/2023\/03\/24740_1.jpg","datePublished":"2023-03-10T12:19:01+00:00","dateModified":"2026-03-25T12:05:18+00:00","breadcrumb":{"@id":"https:\/\/www.pharmacy4pets.nl\/veggiedent-fr3sh-zen#breadcrumb"},"inLanguage":"nl-NL","potentialAction":[{"@type":"ReadAction","target":["https:\/\/www.pharmacy4pets.nl\/veggiedent-fr3sh-zen"]}]},{"@type":"ImageObject","inLanguage":"nl-NL","@id":"https:\/\/www.pharmacy4pets.nl\/veggiedent-fr3sh-zen#primaryimage","url":"https:\/\/www.pharmacy4pets.nl\/wp-content\/uploads\/2023\/03\/24740_1.jpg","contentUrl":"https:\/\/www.pharmacy4pets.nl\/wp-content\/uploads\/2023\/03\/24740_1.jpg","width":600,"height":849,"caption":"Veggiedent"},{"@type":"BreadcrumbList","@id":"https:\/\/www.pharmacy4pets.nl\/veggiedent-fr3sh-zen#breadcrumb","itemListElement":[{"@type":"ListItem","position":1,"name":"Home","item":"https:\/\/p4p-nl.bootmine.com\/"},{"@type":"ListItem","position":2,"name":"Winkel","item":"https:\/\/p4p-nl.bootmine.com\/winkel"},{"@type":"ListItem","position":3,"name":"Veggiedent Fr3sh Zen"}]},{"@type":"WebSite","@id":"http:\/\/www.pharmacy4pets.nl\/#website","url":"http:\/\/www.pharmacy4pets.nl\/","name":"Pharmacy4pets","description":"Pharmacy4pets.nl is d\u00e9 online apotheek waar u terecht kunt voor alle diergeneesmiddelen, verzorgingsproducten en dieetvoeding voor uw huisdier.","publisher":{"@id":"http:\/\/www.pharmacy4pets.nl\/#organization"},"potentialAction":[{"@type":"SearchAction","target":{"@type":"EntryPoint","urlTemplate":"http:\/\/www.pharmacy4pets.nl\/?s={search_term_string}"},"query-input":{"@type":"PropertyValueSpecification","valueRequired":true,"valueName":"search_term_string"}}],"inLanguage":"nl-NL"},{"@type":"Organization","@id":"http:\/\/www.pharmacy4pets.nl\/#organization","name":"Pharmacy4pets","url":"http:\/\/www.pharmacy4pets.nl\/","logo":{"@type":"ImageObject","inLanguage":"nl-NL","@id":"http:\/\/www.pharmacy4pets.nl\/#\/schema\/logo\/image\/","url":"https:\/\/p4p-nl.bootmine.com\/wp-content\/uploads\/2026\/03\/logo-pharmacy4pets.png","contentUrl":"https:\/\/p4p-nl.bootmine.com\/wp-content\/uploads\/2026\/03\/logo-pharmacy4pets.png","width":1024,"height":135,"caption":"Pharmacy4pets"},"image":{"@id":"http:\/\/www.pharmacy4pets.nl\/#\/schema\/logo\/image\/"},"sameAs":["https:\/\/www.facebook.com\/people\/Pharmacy4petsnl\/100063484989896\/","https:\/\/www.youtube.com\/channel\/UCGPTIgucgli03tP2_kvLkHg\/featured","https:\/\/www.instagram.com\/pharmacy4pets.nl"]}]}},"market_data":{"nl":{"price":0,"sale_price":0,"active":false,"url":null,"parent_url":"","tax_rate":0,"price_inc_tax":0,"sale_price_inc_tax":0},"de":{"price":0,"sale_price":0,"active":false,"url":null,"parent_url":"","tax_rate":0,"price_inc_tax":0,"sale_price_inc_tax":0},"be":{"price":0,"sale_price":0,"active":false,"url":null,"parent_url":"","tax_rate":0,"price_inc_tax":0,"sale_price_inc_tax":0},"fr":{"price":0,"sale_price":0,"active":false,"url":null,"parent_url":"","tax_rate":0,"price_inc_tax":0,"sale_price_inc_tax":0},"ch":{"price":0,"sale_price":0,"active":false,"url":null,"parent_url":"","tax_rate":0,"price_inc_tax":0,"sale_price_inc_tax":0},"at":{"price":0,"sale_price":0,"active":false,"url":null,"parent_url":"","tax_rate":0,"price_inc_tax":0,"sale_price_inc_tax":0},"es":{"price":0,"sale_price":0,"active":false,"url":null,"parent_url":"","tax_rate":0,"price_inc_tax":0,"sale_price_inc_tax":0},"dk":{"price":0,"sale_price":0,"active":false,"url":null,"parent_url":"","tax_rate":0,"price_inc_tax":0,"sale_price_inc_tax":0},"com":{"price":0,"sale_price":0,"active":false,"url":null,"parent_url":"","tax_rate":0,"price_inc_tax":0,"sale_price_inc_tax":0}},"market_nl_price":0,"market_nl_sale_price":0,"market_nl_active":false,"market_nl_url":null,"market_nl_parent_url":"","market_nl_tax_rate":0,"market_nl_price_inc_tax":0,"market_nl_sale_price_inc_tax":0,"market_de_price":0,"market_de_sale_price":0,"market_de_active":false,"market_de_url":null,"market_de_parent_url":"","market_de_tax_rate":0,"market_de_price_inc_tax":0,"market_de_sale_price_inc_tax":0,"market_be_price":0,"market_be_sale_price":0,"market_be_active":false,"market_be_url":null,"market_be_parent_url":"","market_be_tax_rate":0,"market_be_price_inc_tax":0,"market_be_sale_price_inc_tax":0,"market_fr_price":0,"market_fr_sale_price":0,"market_fr_active":false,"market_fr_url":null,"market_fr_parent_url":"","market_fr_tax_rate":0,"market_fr_price_inc_tax":0,"market_fr_sale_price_inc_tax":0,"market_ch_price":0,"market_ch_sale_price":0,"market_ch_active":false,"market_ch_url":null,"market_ch_parent_url":"","market_ch_tax_rate":0,"market_ch_price_inc_tax":0,"market_ch_sale_price_inc_tax":0,"market_at_price":0,"market_at_sale_price":0,"market_at_active":false,"market_at_url":null,"market_at_parent_url":"","market_at_tax_rate":0,"market_at_price_inc_tax":0,"market_at_sale_price_inc_tax":0,"market_es_price":0,"market_es_sale_price":0,"market_es_active":false,"market_es_url":null,"market_es_parent_url":"","market_es_tax_rate":0,"market_es_price_inc_tax":0,"market_es_sale_price_inc_tax":0,"market_dk_price":0,"market_dk_sale_price":0,"market_dk_active":false,"market_dk_url":null,"market_dk_parent_url":"","market_dk_tax_rate":0,"market_dk_price_inc_tax":0,"market_dk_sale_price_inc_tax":0,"market_com_price":0,"market_com_sale_price":0,"market_com_active":false,"market_com_url":null,"market_com_parent_url":"","market_com_tax_rate":0,"market_com_price_inc_tax":0,"market_com_sale_price_inc_tax":0,"acf":[],"_links":{"self":[{"href":"https:\/\/www.pharmacy4pets.nl\/be\/wp-json\/wp\/v2\/product\/120256","targetHints":{"allow":["GET"]}}],"collection":[{"href":"https:\/\/www.pharmacy4pets.nl\/be\/wp-json\/wp\/v2\/product"}],"about":[{"href":"https:\/\/www.pharmacy4pets.nl\/be\/wp-json\/wp\/v2\/types\/product"}],"replies":[{"embeddable":true,"href":"https:\/\/www.pharmacy4pets.nl\/be\/wp-json\/wp\/v2\/comments?post=120256"}],"wp:featuredmedia":[{"embeddable":true,"href":"https:\/\/www.pharmacy4pets.nl\/be\/wp-json\/wp\/v2\/media\/120253"}],"wp:attachment":[{"href":"https:\/\/www.pharmacy4pets.nl\/be\/wp-json\/wp\/v2\/media?parent=120256"}],"wp:term":[{"taxonomy":"product_brand","embeddable":true,"href":"https:\/\/www.pharmacy4pets.nl\/be\/wp-json\/wp\/v2\/product_brand?post=120256"},{"taxonomy":"product_cat","embeddable":true,"href":"https:\/\/www.pharmacy4pets.nl\/be\/wp-json\/wp\/v2\/product_cat?post=120256"},{"taxonomy":"product_tag","embeddable":true,"href":"https:\/\/www.pharmacy4pets.nl\/be\/wp-json\/wp\/v2\/product_tag?post=120256"}],"curies":[{"name":"wp","href":"https:\/\/api.w.org\/{rel}","templated":true}]}}