{"id":120220,"date":"2023-03-10T12:18:50","date_gmt":"2023-03-10T12:18:50","guid":{"rendered":"https:\/\/p4p.test\/sputolysin-poeder-420-gram"},"modified":"2026-03-25T12:05:12","modified_gmt":"2026-03-25T12:05:12","slug":"sputolysin-poeder-420-gram","status":"publish","type":"product","link":"https:\/\/www.pharmacy4pets.nl\/be\/sputolysin-poeder-420-gram","title":{"rendered":"Sputolysin poeder | 420 gram"},"content":{"rendered":"<p>Sputolysin poeder voor paarden en pony\u2019s kan worden ingezet voor de symptomatische behandeling van acute, subacute en chronische aandoeningen van de bovenste en onderste luchtwegen, waarbij een overmatige hoeveelheid slijm met verhoogde viscositeit aanwezig is.<\/p>\n<p>De poeder voor oraal gebruik dient over het voer te worden toegediend, in een dosering van 0,3 mg dembrexinehydrochloride per kg lichaamsgewicht tweemaal daags, gedurende maximaal 15 dagen.<\/p>\n<p>Lees voor gebruik de bijsluiter.<\/p>\n","protected":false},"excerpt":{"rendered":"<p>Sputolysin poeder voor paarden en pony\u2019s kan worden ingezet voor de symptomatische behandeling van acute, subacute en chronische aandoeningen van de bovenste en onderste luchtwegen, waarbij een overmatige hoeveelheid slijm met verhoogde viscositeit aanwezig is. De poeder voor oraal gebruik dient over het voer te worden toegediend, in een dosering van 0,3 mg dembrexinehydrochloride per [&hellip;]<\/p>\n","protected":false},"featured_media":120219,"comment_status":"open","ping_status":"closed","template":"","meta":{"_acf_changed":false,"_nl_post_content":"<p>Sputolysin poeder voor paarden en pony\u2019s kan worden ingezet voor de symptomatische behandeling van acute, subacute en chronische aandoeningen van de bovenste en onderste luchtwegen, waarbij een overmatige hoeveelheid slijm met verhoogde viscositeit aanwezig is.<\/p>\n<p>De poeder voor oraal gebruik dient over het voer te worden toegediend, in een dosering van 0,3 mg dembrexinehydrochloride per kg lichaamsgewicht tweemaal daags, gedurende maximaal 15 dagen.<\/p>\n<p>Lees voor gebruik de bijsluiter.<\/p>","_nl_post_name":"sputolysin-poeder-420-gram","_nl_post_excerpt":"","_nl_post_title":"Sputolysin poeder | 420 gram","_en_post_content":"<p>Sputolysin powder for horses and ponies can be used for the symptomatic treatment of acute, subacute and chronic conditions of the upper and lower respiratory tract, where an excessive amount of mucus with increased viscosity is present.<\/p>\n<p>The oral powder should be administered via the feed at a dose of 0.3 mg dembrexine hydrochloride per kg body weight twice daily for a maximum of 15 days.<\/p>\n<p>Read the package leaflet before use.<\/p>","_en_post_name":"sputolysin-powder-420-grams","_en_post_excerpt":"","_en_post_title":"Sputolysin powder | 420 grams","_de_post_content":"Sputolysin Pulver | 420 Gramm","_de_post_name":"sputolysin-pulver-420-gramm","_de_post_excerpt":"","_de_post_title":"Sputolysin Pulver | 420 Gramm","_fr_post_content":"<p>Sputolysin poudre pour chevaux et poneys peut \u00eatre utilis\u00e9 pour le traitement symptomatique des affections aigu\u00ebs, subaigu\u00ebs et chroniques des voies respiratoires sup\u00e9rieures et inf\u00e9rieures, o\u00f9 une quantit\u00e9 excessive de mucus avec une viscosit\u00e9 accrue est pr\u00e9sente.<\/p>\n<p>La poudre orale doit \u00eatre administr\u00e9e via l'alimentation \u00e0 une dose de 0,3 mg de chlorhydrate de dembrexine par kg de poids corporel deux fois par jour pendant 15 jours maximum.<\/p>\n<p>Lire la notice avant utilisation.<\/p>","_fr_post_name":"sputolysin-poudre-420-grammes","_fr_post_excerpt":"","_fr_post_title":"Sputolysin poudre | 420 grammes","_es_post_content":"<p>Sputolysin polvo para caballos y ponis puede utilizarse para el tratamiento sintom\u00e1tico de afecciones agudas, subagudas y cr\u00f3nicas del tracto respiratorio superior e inferior, donde est\u00e1 presente una cantidad excesiva de moco con mayor viscosidad.<\/p>\n<p>El polvo oral debe administrarse a trav\u00e9s del alimento a una dosis de 0,3 mg de clorhidrato de dembrexina por kg de peso corporal dos veces al d\u00eda durante un m\u00e1ximo de 15 d\u00edas.<\/p>\n<p>Leer el prospecto antes de su uso.<\/p>","_es_post_name":"sputolysin-polvo-420-gramos","_es_post_excerpt":"","_es_post_title":"Sputolysin polvo | 420 gramos","edit_language":"nl"},"product_brand":[],"product_cat":[1814,1811,1857,1809,2143],"product_tag":[],"class_list":{"0":"post-120220","1":"product","2":"type-product","3":"status-publish","4":"has-post-thumbnail","6":"product_cat-longen-luchtwegen","7":"product_cat-medicijnen-supplementen","8":"product_cat-merken","9":"product_cat-paarden","10":"product_cat-sputolysin","11":"pa_aandoening-overig","12":"pa_doeldier-paard","13":"pa_fabricatieland-duitsland","14":"pa_merkfilter-sputolysin","15":"pa_merkgroep-boehringer","16":"pa_productsoort-diergeneesmiddelvrij_ura","17":"pa_toedieningswijze-poeder","18":"pa_unit_pricing_base_measure-100g","19":"pa_unit_pricing_measure-420g","20":"pa_werkzamestof-overig","22":"first","23":"instock","24":"taxable","25":"shipping-taxable","26":"purchasable","27":"product-type-simple"},"yoast_head":"<!-- This site is optimized with the Yoast SEO plugin v27.5 - https:\/\/yoast.com\/product\/yoast-seo-wordpress\/ -->\n<title>Sputolysin poeder | 420 gram - Pharmacy4pets<\/title>\n<meta name=\"robots\" content=\"index, follow, max-snippet:-1, max-image-preview:large, max-video-preview:-1\" \/>\n<link rel=\"canonical\" href=\"https:\/\/p4p-nl.bootmine.com\/%product-slug%\/sputolysin-poeder-420-gram\" \/>\n<meta property=\"og:locale\" content=\"nl_NL\" \/>\n<meta property=\"og:type\" content=\"article\" \/>\n<meta property=\"og:title\" content=\"Sputolysin poeder | 420 gram - Pharmacy4pets\" \/>\n<meta property=\"og:description\" content=\"Sputolysin poeder voor paarden en pony\u2019s kan worden ingezet voor de symptomatische behandeling van acute, subacute en chronische aandoeningen van de bovenste en onderste luchtwegen, waarbij een overmatige hoeveelheid slijm met verhoogde viscositeit aanwezig is. De poeder voor oraal gebruik dient over het voer te worden toegediend, in een dosering van 0,3 mg dembrexinehydrochloride per [&hellip;]\" \/>\n<meta property=\"og:url\" content=\"https:\/\/p4p-nl.bootmine.com\/%product-slug%\/sputolysin-poeder-420-gram\" \/>\n<meta property=\"og:site_name\" content=\"Pharmacy4pets\" \/>\n<meta property=\"article:publisher\" content=\"https:\/\/www.facebook.com\/people\/Pharmacy4petsnl\/100063484989896\/\" \/>\n<meta property=\"article:modified_time\" content=\"2026-03-25T12:05:12+00:00\" \/>\n<meta property=\"og:image\" content=\"https:\/\/p4p-nl.bootmine.com\/wp-content\/uploads\/2023\/03\/11801.jpg\" \/>\n\t<meta property=\"og:image:width\" content=\"457\" \/>\n\t<meta property=\"og:image:height\" content=\"600\" \/>\n\t<meta property=\"og:image:type\" content=\"image\/jpeg\" \/>\n<meta name=\"twitter:card\" content=\"summary_large_image\" \/>\n<script type=\"application\/ld+json\" class=\"yoast-schema-graph\">{\"@context\":\"https:\\\/\\\/schema.org\",\"@graph\":[{\"@type\":\"WebPage\",\"@id\":\"https:\\\/\\\/p4p-nl.bootmine.com\\\/%product-slug%\\\/sputolysin-poeder-420-gram\",\"url\":\"https:\\\/\\\/p4p-nl.bootmine.com\\\/%product-slug%\\\/sputolysin-poeder-420-gram\",\"name\":\"Sputolysin poeder | 420 gram - Pharmacy4pets\",\"isPartOf\":{\"@id\":\"http:\\\/\\\/www.pharmacy4pets.nl\\\/#website\"},\"primaryImageOfPage\":{\"@id\":\"https:\\\/\\\/p4p-nl.bootmine.com\\\/%product-slug%\\\/sputolysin-poeder-420-gram#primaryimage\"},\"image\":{\"@id\":\"https:\\\/\\\/p4p-nl.bootmine.com\\\/%product-slug%\\\/sputolysin-poeder-420-gram#primaryimage\"},\"thumbnailUrl\":\"https:\\\/\\\/www.pharmacy4pets.nl\\\/wp-content\\\/uploads\\\/2023\\\/03\\\/11801.jpg\",\"datePublished\":\"2023-03-10T12:18:50+00:00\",\"dateModified\":\"2026-03-25T12:05:12+00:00\",\"breadcrumb\":{\"@id\":\"https:\\\/\\\/p4p-nl.bootmine.com\\\/%product-slug%\\\/sputolysin-poeder-420-gram#breadcrumb\"},\"inLanguage\":\"nl-NL\",\"potentialAction\":[{\"@type\":\"ReadAction\",\"target\":[\"https:\\\/\\\/p4p-nl.bootmine.com\\\/%product-slug%\\\/sputolysin-poeder-420-gram\"]}]},{\"@type\":\"ImageObject\",\"inLanguage\":\"nl-NL\",\"@id\":\"https:\\\/\\\/p4p-nl.bootmine.com\\\/%product-slug%\\\/sputolysin-poeder-420-gram#primaryimage\",\"url\":\"https:\\\/\\\/www.pharmacy4pets.nl\\\/wp-content\\\/uploads\\\/2023\\\/03\\\/11801.jpg\",\"contentUrl\":\"https:\\\/\\\/www.pharmacy4pets.nl\\\/wp-content\\\/uploads\\\/2023\\\/03\\\/11801.jpg\",\"width\":457,\"height\":600,\"caption\":\"Sputolysin poeder | 420 gram-0\"},{\"@type\":\"BreadcrumbList\",\"@id\":\"https:\\\/\\\/p4p-nl.bootmine.com\\\/%product-slug%\\\/sputolysin-poeder-420-gram#breadcrumb\",\"itemListElement\":[{\"@type\":\"ListItem\",\"position\":1,\"name\":\"Home\",\"item\":\"https:\\\/\\\/p4p-nl.bootmine.com\\\/\"},{\"@type\":\"ListItem\",\"position\":2,\"name\":\"Winkel\",\"item\":\"https:\\\/\\\/p4p-nl.bootmine.com\\\/winkel\"},{\"@type\":\"ListItem\",\"position\":3,\"name\":\"Sputolysin poeder | 420 gram\"}]},{\"@type\":\"WebSite\",\"@id\":\"http:\\\/\\\/www.pharmacy4pets.nl\\\/#website\",\"url\":\"http:\\\/\\\/www.pharmacy4pets.nl\\\/\",\"name\":\"Pharmacy4pets\",\"description\":\"Pharmacy4pets.nl is d\u00e9 online apotheek waar u terecht kunt voor alle diergeneesmiddelen, verzorgingsproducten en dieetvoeding voor uw huisdier.\",\"publisher\":{\"@id\":\"http:\\\/\\\/www.pharmacy4pets.nl\\\/#organization\"},\"potentialAction\":[{\"@type\":\"SearchAction\",\"target\":{\"@type\":\"EntryPoint\",\"urlTemplate\":\"http:\\\/\\\/www.pharmacy4pets.nl\\\/?s={search_term_string}\"},\"query-input\":{\"@type\":\"PropertyValueSpecification\",\"valueRequired\":true,\"valueName\":\"search_term_string\"}}],\"inLanguage\":\"nl-NL\"},{\"@type\":\"Organization\",\"@id\":\"http:\\\/\\\/www.pharmacy4pets.nl\\\/#organization\",\"name\":\"Pharmacy4pets\",\"url\":\"http:\\\/\\\/www.pharmacy4pets.nl\\\/\",\"logo\":{\"@type\":\"ImageObject\",\"inLanguage\":\"nl-NL\",\"@id\":\"http:\\\/\\\/www.pharmacy4pets.nl\\\/#\\\/schema\\\/logo\\\/image\\\/\",\"url\":\"https:\\\/\\\/p4p-nl.bootmine.com\\\/wp-content\\\/uploads\\\/2026\\\/03\\\/logo-pharmacy4pets.png\",\"contentUrl\":\"https:\\\/\\\/p4p-nl.bootmine.com\\\/wp-content\\\/uploads\\\/2026\\\/03\\\/logo-pharmacy4pets.png\",\"width\":1024,\"height\":135,\"caption\":\"Pharmacy4pets\"},\"image\":{\"@id\":\"http:\\\/\\\/www.pharmacy4pets.nl\\\/#\\\/schema\\\/logo\\\/image\\\/\"},\"sameAs\":[\"https:\\\/\\\/www.facebook.com\\\/people\\\/Pharmacy4petsnl\\\/100063484989896\\\/\",\"https:\\\/\\\/www.youtube.com\\\/channel\\\/UCGPTIgucgli03tP2_kvLkHg\\\/featured\",\"https:\\\/\\\/www.instagram.com\\\/pharmacy4pets.nl\"]}]}<\/script>\n<!-- \/ Yoast SEO plugin. -->","yoast_head_json":{"title":"Sputolysin poeder | 420 gram - Pharmacy4pets","robots":{"index":"index","follow":"follow","max-snippet":"max-snippet:-1","max-image-preview":"max-image-preview:large","max-video-preview":"max-video-preview:-1"},"canonical":"https:\/\/p4p-nl.bootmine.com\/%product-slug%\/sputolysin-poeder-420-gram","og_locale":"nl_NL","og_type":"article","og_title":"Sputolysin poeder | 420 gram - Pharmacy4pets","og_description":"Sputolysin poeder voor paarden en pony\u2019s kan worden ingezet voor de symptomatische behandeling van acute, subacute en chronische aandoeningen van de bovenste en onderste luchtwegen, waarbij een overmatige hoeveelheid slijm met verhoogde viscositeit aanwezig is. De poeder voor oraal gebruik dient over het voer te worden toegediend, in een dosering van 0,3 mg dembrexinehydrochloride per [&hellip;]","og_url":"https:\/\/p4p-nl.bootmine.com\/%product-slug%\/sputolysin-poeder-420-gram","og_site_name":"Pharmacy4pets","article_publisher":"https:\/\/www.facebook.com\/people\/Pharmacy4petsnl\/100063484989896\/","article_modified_time":"2026-03-25T12:05:12+00:00","og_image":[{"width":457,"height":600,"url":"https:\/\/p4p-nl.bootmine.com\/wp-content\/uploads\/2023\/03\/11801.jpg","type":"image\/jpeg"}],"twitter_card":"summary_large_image","schema":{"@context":"https:\/\/schema.org","@graph":[{"@type":"WebPage","@id":"https:\/\/p4p-nl.bootmine.com\/%product-slug%\/sputolysin-poeder-420-gram","url":"https:\/\/p4p-nl.bootmine.com\/%product-slug%\/sputolysin-poeder-420-gram","name":"Sputolysin poeder | 420 gram - Pharmacy4pets","isPartOf":{"@id":"http:\/\/www.pharmacy4pets.nl\/#website"},"primaryImageOfPage":{"@id":"https:\/\/p4p-nl.bootmine.com\/%product-slug%\/sputolysin-poeder-420-gram#primaryimage"},"image":{"@id":"https:\/\/p4p-nl.bootmine.com\/%product-slug%\/sputolysin-poeder-420-gram#primaryimage"},"thumbnailUrl":"https:\/\/www.pharmacy4pets.nl\/wp-content\/uploads\/2023\/03\/11801.jpg","datePublished":"2023-03-10T12:18:50+00:00","dateModified":"2026-03-25T12:05:12+00:00","breadcrumb":{"@id":"https:\/\/p4p-nl.bootmine.com\/%product-slug%\/sputolysin-poeder-420-gram#breadcrumb"},"inLanguage":"nl-NL","potentialAction":[{"@type":"ReadAction","target":["https:\/\/p4p-nl.bootmine.com\/%product-slug%\/sputolysin-poeder-420-gram"]}]},{"@type":"ImageObject","inLanguage":"nl-NL","@id":"https:\/\/p4p-nl.bootmine.com\/%product-slug%\/sputolysin-poeder-420-gram#primaryimage","url":"https:\/\/www.pharmacy4pets.nl\/wp-content\/uploads\/2023\/03\/11801.jpg","contentUrl":"https:\/\/www.pharmacy4pets.nl\/wp-content\/uploads\/2023\/03\/11801.jpg","width":457,"height":600,"caption":"Sputolysin poeder | 420 gram-0"},{"@type":"BreadcrumbList","@id":"https:\/\/p4p-nl.bootmine.com\/%product-slug%\/sputolysin-poeder-420-gram#breadcrumb","itemListElement":[{"@type":"ListItem","position":1,"name":"Home","item":"https:\/\/p4p-nl.bootmine.com\/"},{"@type":"ListItem","position":2,"name":"Winkel","item":"https:\/\/p4p-nl.bootmine.com\/winkel"},{"@type":"ListItem","position":3,"name":"Sputolysin poeder | 420 gram"}]},{"@type":"WebSite","@id":"http:\/\/www.pharmacy4pets.nl\/#website","url":"http:\/\/www.pharmacy4pets.nl\/","name":"Pharmacy4pets","description":"Pharmacy4pets.nl is d\u00e9 online apotheek waar u terecht kunt voor alle diergeneesmiddelen, verzorgingsproducten en dieetvoeding voor uw huisdier.","publisher":{"@id":"http:\/\/www.pharmacy4pets.nl\/#organization"},"potentialAction":[{"@type":"SearchAction","target":{"@type":"EntryPoint","urlTemplate":"http:\/\/www.pharmacy4pets.nl\/?s={search_term_string}"},"query-input":{"@type":"PropertyValueSpecification","valueRequired":true,"valueName":"search_term_string"}}],"inLanguage":"nl-NL"},{"@type":"Organization","@id":"http:\/\/www.pharmacy4pets.nl\/#organization","name":"Pharmacy4pets","url":"http:\/\/www.pharmacy4pets.nl\/","logo":{"@type":"ImageObject","inLanguage":"nl-NL","@id":"http:\/\/www.pharmacy4pets.nl\/#\/schema\/logo\/image\/","url":"https:\/\/p4p-nl.bootmine.com\/wp-content\/uploads\/2026\/03\/logo-pharmacy4pets.png","contentUrl":"https:\/\/p4p-nl.bootmine.com\/wp-content\/uploads\/2026\/03\/logo-pharmacy4pets.png","width":1024,"height":135,"caption":"Pharmacy4pets"},"image":{"@id":"http:\/\/www.pharmacy4pets.nl\/#\/schema\/logo\/image\/"},"sameAs":["https:\/\/www.facebook.com\/people\/Pharmacy4petsnl\/100063484989896\/","https:\/\/www.youtube.com\/channel\/UCGPTIgucgli03tP2_kvLkHg\/featured","https:\/\/www.instagram.com\/pharmacy4pets.nl"]}]}},"market_data":{"nl":{"price":0,"sale_price":0,"active":false,"url":null,"parent_url":"","tax_rate":0,"price_inc_tax":0,"sale_price_inc_tax":0},"de":{"price":0,"sale_price":0,"active":false,"url":null,"parent_url":"","tax_rate":0,"price_inc_tax":0,"sale_price_inc_tax":0},"be":{"price":0,"sale_price":0,"active":false,"url":null,"parent_url":"","tax_rate":0,"price_inc_tax":0,"sale_price_inc_tax":0},"fr":{"price":0,"sale_price":0,"active":false,"url":null,"parent_url":"","tax_rate":0,"price_inc_tax":0,"sale_price_inc_tax":0},"ch":{"price":0,"sale_price":0,"active":false,"url":null,"parent_url":"","tax_rate":0,"price_inc_tax":0,"sale_price_inc_tax":0},"at":{"price":0,"sale_price":0,"active":false,"url":null,"parent_url":"","tax_rate":0,"price_inc_tax":0,"sale_price_inc_tax":0},"es":{"price":0,"sale_price":0,"active":false,"url":null,"parent_url":"","tax_rate":0,"price_inc_tax":0,"sale_price_inc_tax":0},"dk":{"price":0,"sale_price":0,"active":false,"url":null,"parent_url":"","tax_rate":0,"price_inc_tax":0,"sale_price_inc_tax":0},"com":{"price":0,"sale_price":0,"active":false,"url":null,"parent_url":"","tax_rate":0,"price_inc_tax":0,"sale_price_inc_tax":0}},"market_nl_price":0,"market_nl_sale_price":0,"market_nl_active":false,"market_nl_url":null,"market_nl_parent_url":"","market_nl_tax_rate":0,"market_nl_price_inc_tax":0,"market_nl_sale_price_inc_tax":0,"market_de_price":0,"market_de_sale_price":0,"market_de_active":false,"market_de_url":null,"market_de_parent_url":"","market_de_tax_rate":0,"market_de_price_inc_tax":0,"market_de_sale_price_inc_tax":0,"market_be_price":0,"market_be_sale_price":0,"market_be_active":false,"market_be_url":null,"market_be_parent_url":"","market_be_tax_rate":0,"market_be_price_inc_tax":0,"market_be_sale_price_inc_tax":0,"market_fr_price":0,"market_fr_sale_price":0,"market_fr_active":false,"market_fr_url":null,"market_fr_parent_url":"","market_fr_tax_rate":0,"market_fr_price_inc_tax":0,"market_fr_sale_price_inc_tax":0,"market_ch_price":0,"market_ch_sale_price":0,"market_ch_active":false,"market_ch_url":null,"market_ch_parent_url":"","market_ch_tax_rate":0,"market_ch_price_inc_tax":0,"market_ch_sale_price_inc_tax":0,"market_at_price":0,"market_at_sale_price":0,"market_at_active":false,"market_at_url":null,"market_at_parent_url":"","market_at_tax_rate":0,"market_at_price_inc_tax":0,"market_at_sale_price_inc_tax":0,"market_es_price":0,"market_es_sale_price":0,"market_es_active":false,"market_es_url":null,"market_es_parent_url":"","market_es_tax_rate":0,"market_es_price_inc_tax":0,"market_es_sale_price_inc_tax":0,"market_dk_price":0,"market_dk_sale_price":0,"market_dk_active":false,"market_dk_url":null,"market_dk_parent_url":"","market_dk_tax_rate":0,"market_dk_price_inc_tax":0,"market_dk_sale_price_inc_tax":0,"market_com_price":0,"market_com_sale_price":0,"market_com_active":false,"market_com_url":null,"market_com_parent_url":"","market_com_tax_rate":0,"market_com_price_inc_tax":0,"market_com_sale_price_inc_tax":0,"acf":[],"_links":{"self":[{"href":"https:\/\/www.pharmacy4pets.nl\/be\/wp-json\/wp\/v2\/product\/120220","targetHints":{"allow":["GET"]}}],"collection":[{"href":"https:\/\/www.pharmacy4pets.nl\/be\/wp-json\/wp\/v2\/product"}],"about":[{"href":"https:\/\/www.pharmacy4pets.nl\/be\/wp-json\/wp\/v2\/types\/product"}],"replies":[{"embeddable":true,"href":"https:\/\/www.pharmacy4pets.nl\/be\/wp-json\/wp\/v2\/comments?post=120220"}],"wp:featuredmedia":[{"embeddable":true,"href":"https:\/\/www.pharmacy4pets.nl\/be\/wp-json\/wp\/v2\/media\/120219"}],"wp:attachment":[{"href":"https:\/\/www.pharmacy4pets.nl\/be\/wp-json\/wp\/v2\/media?parent=120220"}],"wp:term":[{"taxonomy":"product_brand","embeddable":true,"href":"https:\/\/www.pharmacy4pets.nl\/be\/wp-json\/wp\/v2\/product_brand?post=120220"},{"taxonomy":"product_cat","embeddable":true,"href":"https:\/\/www.pharmacy4pets.nl\/be\/wp-json\/wp\/v2\/product_cat?post=120220"},{"taxonomy":"product_tag","embeddable":true,"href":"https:\/\/www.pharmacy4pets.nl\/be\/wp-json\/wp\/v2\/product_tag?post=120220"}],"curies":[{"name":"wp","href":"https:\/\/api.w.org\/{rel}","templated":true}]}}