{"id":120218,"date":"2023-03-10T12:18:50","date_gmt":"2023-03-10T12:18:50","guid":{"rendered":"https:\/\/p4p.test\/selective-naturals-woodland-loops-80-gram"},"modified":"2026-04-14T08:05:13","modified_gmt":"2026-04-14T08:05:13","slug":"selective-naturals-woodland-loops-80-gram","status":"publish","type":"product","link":"https:\/\/www.pharmacy4pets.nl\/be\/selective-naturals-woodland-loops-80-gram","title":{"rendered":"Selective Naturals Woodland Loops | 80 gram"},"content":{"rendered":"<p>Selective Naturals Woodland Loops zijn heerlijke en gezonde snacks voor konijnen, cavia&#8217;s, chinchilla\u2019s en degoes. Ze bevatten geen suikers en hebben een hoog vezelgehalte. Het voer is rijk aan natuurlijke ingredi\u00ebnten, met paardenbloem en rozenbottel. Met lange vezels voor een gezonde spijsvertering en een gezond gebit. Zonder kunstmatige kleur- en smaakstoffen.<\/p>\n","protected":false},"excerpt":{"rendered":"<p>Selective Naturals Woodland Loops zijn heerlijke en gezonde snacks voor konijnen, cavia&#8217;s, chinchilla\u2019s en degoes. Ze bevatten geen suikers en hebben een hoog vezelgehalte. Het voer is rijk aan natuurlijke ingredi\u00ebnten, met paardenbloem en rozenbottel. Met lange vezels voor een gezonde spijsvertering en een gezond gebit. Zonder kunstmatige kleur- en smaakstoffen.<\/p>\n","protected":false},"featured_media":120217,"comment_status":"open","ping_status":"closed","template":"","meta":{"_acf_changed":false,"_nl_post_content":"Selective Naturals Woodland Loops zijn heerlijke en gezonde snacks voor konijnen, cavia's, chinchilla\u2019s en degoes. Ze bevatten geen suikers en hebben een hoog vezelgehalte. Het voer is rijk aan natuurlijke ingredi\u00ebnten, met paardenbloem en rozenbottel. Met lange vezels voor een gezonde spijsvertering en een gezond gebit. Zonder kunstmatige kleur- en smaakstoffen.","_nl_post_name":"selective-naturals-woodland-loops-80-gram","_nl_post_excerpt":"","_nl_post_title":"Selective Naturals Woodland Loops | 80 gram","_en_post_content":"Selective Naturals Woodland Loops are delicious and healthy snacks for rabbits, guinea pigs, chinchillas and degus. They contain no sugars and have a high fiber content. The food is rich in natural ingredients, with dandelion and rosehip. With long fibers for healthy digestion and healthy teeth. Without artificial colors and flavors.","_en_post_name":"selective-naturals-woodland-loops-80-grams","_en_post_excerpt":"","_en_post_title":"Selective Naturals Woodland Loops | 80 grams","_de_post_content":"Selective Naturals Woodland Loops sind k\u00f6stliche und gesunde Snacks f\u00fcr Kaninchen, Meerschweinchen, Chinchillas und Degus. Sie enthalten keinen Zucker und haben einen hohen Ballaststoffgehalt. Das Essen ist reich an nat\u00fcrlichen Zutaten, darunter L\u00f6wenzahn und Hagebutte. Mit langen Fasern f\u00fcr eine gesunde Verdauung und gesunde Z\u00e4hne. Ohne k\u00fcnstliche Farb- und Aromastoffe.","_de_post_name":"selective-naturals-woodland-loops-80-gramm","_de_post_excerpt":"","_de_post_title":"Selective Naturals Woodland Loops | 80 Gramm","_fr_post_content":"Selective Naturals Woodland Loops sont des collations d\u00e9licieuses et saines pour les lapins, les cobayes, les chinchillas et les d\u00e9gus. Ils ne contiennent pas de sucres et sont riches en fibres. La nourriture est riche en ingr\u00e9dients naturels, avec du pissenlit et de l'\u00e9glantier. Avec des fibres longues pour une digestion saine et des dents saines. Sans colorants ni ar\u00f4mes artificiels.","_fr_post_name":"selective-naturals-woodland-loops-80-grammes","_fr_post_excerpt":"","_fr_post_title":"Selective Naturals Woodland Loops | 80 grammes","_es_post_content":"Selective Naturals Woodland Loops son snacks deliciosos y saludables para conejos, cobayas, chinchillas y degus. No contienen az\u00facares y tienen un alto contenido en fibra. La comida es rica en ingredientes naturales, como diente de le\u00f3n y rosa mosqueta. Con fibras largas para una digesti\u00f3n sana y dientes sanos. Sin colorantes ni sabores artificiales.","_es_post_name":"selective-naturals-woodland-loops-80-gramos","_es_post_excerpt":"","_es_post_title":"Selective Naturals Woodland Loops | 80 gramos","edit_language":"nl"},"product_brand":[],"product_cat":[2229,2230,1857,1824,2159],"product_tag":[],"class_list":{"0":"post-120218","1":"product","2":"type-product","3":"status-publish","4":"has-post-thumbnail","6":"product_cat-cavia","7":"product_cat-caviavoer","8":"product_cat-merken","9":"product_cat-overig","10":"product_cat-selective-naturals","11":"pa_aandoening-overig","12":"pa_doeldier-knaagdier","13":"pa_fabricatieland-uk","14":"pa_merkfilter-selectivenaturals","15":"pa_merkgroep-supreme","16":"pa_productsoort-voeding","17":"pa_toedieningswijze-snack","18":"pa_unit_pricing_base_measure-10g","19":"pa_unit_pricing_measure-80g","20":"pa_werkzamestof-overig","22":"first","23":"instock","24":"taxable","25":"shipping-taxable","26":"purchasable","27":"product-type-simple"},"yoast_head":"<!-- This site is optimized with the Yoast SEO plugin v27.5 - https:\/\/yoast.com\/product\/yoast-seo-wordpress\/ -->\n<title>Selective Naturals Woodland Loops | 80 gram - Pharmacy4pets<\/title>\n<meta name=\"robots\" content=\"index, follow, max-snippet:-1, max-image-preview:large, max-video-preview:-1\" \/>\n<link rel=\"canonical\" href=\"https:\/\/www.pharmacy4pets.nl\/selective-naturals-woodland-loops-80-gram\" \/>\n<meta property=\"og:locale\" content=\"nl_NL\" \/>\n<meta property=\"og:type\" content=\"article\" \/>\n<meta property=\"og:title\" content=\"Selective Naturals Woodland Loops | 80 gram - Pharmacy4pets\" \/>\n<meta property=\"og:description\" content=\"Selective Naturals Woodland Loops zijn heerlijke en gezonde snacks voor konijnen, cavia&#8217;s, chinchilla\u2019s en degoes. Ze bevatten geen suikers en hebben een hoog vezelgehalte. Het voer is rijk aan natuurlijke ingredi\u00ebnten, met paardenbloem en rozenbottel. Met lange vezels voor een gezonde spijsvertering en een gezond gebit. Zonder kunstmatige kleur- en smaakstoffen.\" \/>\n<meta property=\"og:url\" content=\"https:\/\/www.pharmacy4pets.nl\/selective-naturals-woodland-loops-80-gram\" \/>\n<meta property=\"og:site_name\" content=\"Pharmacy4pets\" \/>\n<meta property=\"article:publisher\" content=\"https:\/\/www.facebook.com\/people\/Pharmacy4petsnl\/100063484989896\/\" \/>\n<meta property=\"article:modified_time\" content=\"2026-04-14T08:05:13+00:00\" \/>\n<meta property=\"og:image\" content=\"https:\/\/www.pharmacy4pets.nl\/wp-content\/uploads\/2023\/03\/23167.jpg\" \/>\n\t<meta property=\"og:image:width\" content=\"493\" \/>\n\t<meta property=\"og:image:height\" content=\"600\" \/>\n\t<meta property=\"og:image:type\" content=\"image\/jpeg\" \/>\n<meta name=\"twitter:card\" content=\"summary_large_image\" \/>\n<script type=\"application\/ld+json\" class=\"yoast-schema-graph\">{\"@context\":\"https:\\\/\\\/schema.org\",\"@graph\":[{\"@type\":\"WebPage\",\"@id\":\"https:\\\/\\\/www.pharmacy4pets.nl\\\/selective-naturals-woodland-loops-80-gram\",\"url\":\"https:\\\/\\\/www.pharmacy4pets.nl\\\/selective-naturals-woodland-loops-80-gram\",\"name\":\"Selective Naturals Woodland Loops | 80 gram - Pharmacy4pets\",\"isPartOf\":{\"@id\":\"http:\\\/\\\/www.pharmacy4pets.nl\\\/#website\"},\"primaryImageOfPage\":{\"@id\":\"https:\\\/\\\/www.pharmacy4pets.nl\\\/selective-naturals-woodland-loops-80-gram#primaryimage\"},\"image\":{\"@id\":\"https:\\\/\\\/www.pharmacy4pets.nl\\\/selective-naturals-woodland-loops-80-gram#primaryimage\"},\"thumbnailUrl\":\"https:\\\/\\\/www.pharmacy4pets.nl\\\/wp-content\\\/uploads\\\/2023\\\/03\\\/23167.jpg\",\"datePublished\":\"2023-03-10T12:18:50+00:00\",\"dateModified\":\"2026-04-14T08:05:13+00:00\",\"breadcrumb\":{\"@id\":\"https:\\\/\\\/www.pharmacy4pets.nl\\\/selective-naturals-woodland-loops-80-gram#breadcrumb\"},\"inLanguage\":\"nl-NL\",\"potentialAction\":[{\"@type\":\"ReadAction\",\"target\":[\"https:\\\/\\\/www.pharmacy4pets.nl\\\/selective-naturals-woodland-loops-80-gram\"]}]},{\"@type\":\"ImageObject\",\"inLanguage\":\"nl-NL\",\"@id\":\"https:\\\/\\\/www.pharmacy4pets.nl\\\/selective-naturals-woodland-loops-80-gram#primaryimage\",\"url\":\"https:\\\/\\\/www.pharmacy4pets.nl\\\/wp-content\\\/uploads\\\/2023\\\/03\\\/23167.jpg\",\"contentUrl\":\"https:\\\/\\\/www.pharmacy4pets.nl\\\/wp-content\\\/uploads\\\/2023\\\/03\\\/23167.jpg\",\"width\":493,\"height\":600,\"caption\":\"Selective Naturals\"},{\"@type\":\"BreadcrumbList\",\"@id\":\"https:\\\/\\\/www.pharmacy4pets.nl\\\/selective-naturals-woodland-loops-80-gram#breadcrumb\",\"itemListElement\":[{\"@type\":\"ListItem\",\"position\":1,\"name\":\"Home\",\"item\":\"https:\\\/\\\/p4p-nl.bootmine.com\\\/\"},{\"@type\":\"ListItem\",\"position\":2,\"name\":\"Winkel\",\"item\":\"https:\\\/\\\/p4p-nl.bootmine.com\\\/winkel\"},{\"@type\":\"ListItem\",\"position\":3,\"name\":\"Selective Naturals Woodland Loops | 80 gram\"}]},{\"@type\":\"WebSite\",\"@id\":\"http:\\\/\\\/www.pharmacy4pets.nl\\\/#website\",\"url\":\"http:\\\/\\\/www.pharmacy4pets.nl\\\/\",\"name\":\"Pharmacy4pets\",\"description\":\"Pharmacy4pets.nl is d\u00e9 online apotheek waar u terecht kunt voor alle diergeneesmiddelen, verzorgingsproducten en dieetvoeding voor uw huisdier.\",\"publisher\":{\"@id\":\"http:\\\/\\\/www.pharmacy4pets.nl\\\/#organization\"},\"potentialAction\":[{\"@type\":\"SearchAction\",\"target\":{\"@type\":\"EntryPoint\",\"urlTemplate\":\"http:\\\/\\\/www.pharmacy4pets.nl\\\/?s={search_term_string}\"},\"query-input\":{\"@type\":\"PropertyValueSpecification\",\"valueRequired\":true,\"valueName\":\"search_term_string\"}}],\"inLanguage\":\"nl-NL\"},{\"@type\":\"Organization\",\"@id\":\"http:\\\/\\\/www.pharmacy4pets.nl\\\/#organization\",\"name\":\"Pharmacy4pets\",\"url\":\"http:\\\/\\\/www.pharmacy4pets.nl\\\/\",\"logo\":{\"@type\":\"ImageObject\",\"inLanguage\":\"nl-NL\",\"@id\":\"http:\\\/\\\/www.pharmacy4pets.nl\\\/#\\\/schema\\\/logo\\\/image\\\/\",\"url\":\"https:\\\/\\\/p4p-nl.bootmine.com\\\/wp-content\\\/uploads\\\/2026\\\/03\\\/logo-pharmacy4pets.png\",\"contentUrl\":\"https:\\\/\\\/p4p-nl.bootmine.com\\\/wp-content\\\/uploads\\\/2026\\\/03\\\/logo-pharmacy4pets.png\",\"width\":1024,\"height\":135,\"caption\":\"Pharmacy4pets\"},\"image\":{\"@id\":\"http:\\\/\\\/www.pharmacy4pets.nl\\\/#\\\/schema\\\/logo\\\/image\\\/\"},\"sameAs\":[\"https:\\\/\\\/www.facebook.com\\\/people\\\/Pharmacy4petsnl\\\/100063484989896\\\/\",\"https:\\\/\\\/www.youtube.com\\\/channel\\\/UCGPTIgucgli03tP2_kvLkHg\\\/featured\",\"https:\\\/\\\/www.instagram.com\\\/pharmacy4pets.nl\"]}]}<\/script>\n<!-- \/ Yoast SEO plugin. -->","yoast_head_json":{"title":"Selective Naturals Woodland Loops | 80 gram - Pharmacy4pets","robots":{"index":"index","follow":"follow","max-snippet":"max-snippet:-1","max-image-preview":"max-image-preview:large","max-video-preview":"max-video-preview:-1"},"canonical":"https:\/\/www.pharmacy4pets.nl\/selective-naturals-woodland-loops-80-gram","og_locale":"nl_NL","og_type":"article","og_title":"Selective Naturals Woodland Loops | 80 gram - Pharmacy4pets","og_description":"Selective Naturals Woodland Loops zijn heerlijke en gezonde snacks voor konijnen, cavia&#8217;s, chinchilla\u2019s en degoes. Ze bevatten geen suikers en hebben een hoog vezelgehalte. Het voer is rijk aan natuurlijke ingredi\u00ebnten, met paardenbloem en rozenbottel. Met lange vezels voor een gezonde spijsvertering en een gezond gebit. Zonder kunstmatige kleur- en smaakstoffen.","og_url":"https:\/\/www.pharmacy4pets.nl\/selective-naturals-woodland-loops-80-gram","og_site_name":"Pharmacy4pets","article_publisher":"https:\/\/www.facebook.com\/people\/Pharmacy4petsnl\/100063484989896\/","article_modified_time":"2026-04-14T08:05:13+00:00","og_image":[{"width":493,"height":600,"url":"https:\/\/www.pharmacy4pets.nl\/wp-content\/uploads\/2023\/03\/23167.jpg","type":"image\/jpeg"}],"twitter_card":"summary_large_image","schema":{"@context":"https:\/\/schema.org","@graph":[{"@type":"WebPage","@id":"https:\/\/www.pharmacy4pets.nl\/selective-naturals-woodland-loops-80-gram","url":"https:\/\/www.pharmacy4pets.nl\/selective-naturals-woodland-loops-80-gram","name":"Selective Naturals Woodland Loops | 80 gram - Pharmacy4pets","isPartOf":{"@id":"http:\/\/www.pharmacy4pets.nl\/#website"},"primaryImageOfPage":{"@id":"https:\/\/www.pharmacy4pets.nl\/selective-naturals-woodland-loops-80-gram#primaryimage"},"image":{"@id":"https:\/\/www.pharmacy4pets.nl\/selective-naturals-woodland-loops-80-gram#primaryimage"},"thumbnailUrl":"https:\/\/www.pharmacy4pets.nl\/wp-content\/uploads\/2023\/03\/23167.jpg","datePublished":"2023-03-10T12:18:50+00:00","dateModified":"2026-04-14T08:05:13+00:00","breadcrumb":{"@id":"https:\/\/www.pharmacy4pets.nl\/selective-naturals-woodland-loops-80-gram#breadcrumb"},"inLanguage":"nl-NL","potentialAction":[{"@type":"ReadAction","target":["https:\/\/www.pharmacy4pets.nl\/selective-naturals-woodland-loops-80-gram"]}]},{"@type":"ImageObject","inLanguage":"nl-NL","@id":"https:\/\/www.pharmacy4pets.nl\/selective-naturals-woodland-loops-80-gram#primaryimage","url":"https:\/\/www.pharmacy4pets.nl\/wp-content\/uploads\/2023\/03\/23167.jpg","contentUrl":"https:\/\/www.pharmacy4pets.nl\/wp-content\/uploads\/2023\/03\/23167.jpg","width":493,"height":600,"caption":"Selective Naturals"},{"@type":"BreadcrumbList","@id":"https:\/\/www.pharmacy4pets.nl\/selective-naturals-woodland-loops-80-gram#breadcrumb","itemListElement":[{"@type":"ListItem","position":1,"name":"Home","item":"https:\/\/p4p-nl.bootmine.com\/"},{"@type":"ListItem","position":2,"name":"Winkel","item":"https:\/\/p4p-nl.bootmine.com\/winkel"},{"@type":"ListItem","position":3,"name":"Selective Naturals Woodland Loops | 80 gram"}]},{"@type":"WebSite","@id":"http:\/\/www.pharmacy4pets.nl\/#website","url":"http:\/\/www.pharmacy4pets.nl\/","name":"Pharmacy4pets","description":"Pharmacy4pets.nl is d\u00e9 online apotheek waar u terecht kunt voor alle diergeneesmiddelen, verzorgingsproducten en dieetvoeding voor uw huisdier.","publisher":{"@id":"http:\/\/www.pharmacy4pets.nl\/#organization"},"potentialAction":[{"@type":"SearchAction","target":{"@type":"EntryPoint","urlTemplate":"http:\/\/www.pharmacy4pets.nl\/?s={search_term_string}"},"query-input":{"@type":"PropertyValueSpecification","valueRequired":true,"valueName":"search_term_string"}}],"inLanguage":"nl-NL"},{"@type":"Organization","@id":"http:\/\/www.pharmacy4pets.nl\/#organization","name":"Pharmacy4pets","url":"http:\/\/www.pharmacy4pets.nl\/","logo":{"@type":"ImageObject","inLanguage":"nl-NL","@id":"http:\/\/www.pharmacy4pets.nl\/#\/schema\/logo\/image\/","url":"https:\/\/p4p-nl.bootmine.com\/wp-content\/uploads\/2026\/03\/logo-pharmacy4pets.png","contentUrl":"https:\/\/p4p-nl.bootmine.com\/wp-content\/uploads\/2026\/03\/logo-pharmacy4pets.png","width":1024,"height":135,"caption":"Pharmacy4pets"},"image":{"@id":"http:\/\/www.pharmacy4pets.nl\/#\/schema\/logo\/image\/"},"sameAs":["https:\/\/www.facebook.com\/people\/Pharmacy4petsnl\/100063484989896\/","https:\/\/www.youtube.com\/channel\/UCGPTIgucgli03tP2_kvLkHg\/featured","https:\/\/www.instagram.com\/pharmacy4pets.nl"]}]}},"market_data":{"nl":{"price":0,"sale_price":0,"active":false,"url":null,"parent_url":"","tax_rate":0,"price_inc_tax":0,"sale_price_inc_tax":0},"de":{"price":0,"sale_price":0,"active":false,"url":null,"parent_url":"","tax_rate":0,"price_inc_tax":0,"sale_price_inc_tax":0},"be":{"price":0,"sale_price":0,"active":false,"url":null,"parent_url":"","tax_rate":0,"price_inc_tax":0,"sale_price_inc_tax":0},"fr":{"price":0,"sale_price":0,"active":false,"url":null,"parent_url":"","tax_rate":0,"price_inc_tax":0,"sale_price_inc_tax":0},"ch":{"price":0,"sale_price":0,"active":false,"url":null,"parent_url":"","tax_rate":0,"price_inc_tax":0,"sale_price_inc_tax":0},"at":{"price":0,"sale_price":0,"active":false,"url":null,"parent_url":"","tax_rate":0,"price_inc_tax":0,"sale_price_inc_tax":0},"es":{"price":0,"sale_price":0,"active":false,"url":null,"parent_url":"","tax_rate":0,"price_inc_tax":0,"sale_price_inc_tax":0},"dk":{"price":0,"sale_price":0,"active":false,"url":null,"parent_url":"","tax_rate":0,"price_inc_tax":0,"sale_price_inc_tax":0},"com":{"price":0,"sale_price":0,"active":false,"url":null,"parent_url":"","tax_rate":0,"price_inc_tax":0,"sale_price_inc_tax":0}},"market_nl_price":0,"market_nl_sale_price":0,"market_nl_active":false,"market_nl_url":null,"market_nl_parent_url":"","market_nl_tax_rate":0,"market_nl_price_inc_tax":0,"market_nl_sale_price_inc_tax":0,"market_de_price":0,"market_de_sale_price":0,"market_de_active":false,"market_de_url":null,"market_de_parent_url":"","market_de_tax_rate":0,"market_de_price_inc_tax":0,"market_de_sale_price_inc_tax":0,"market_be_price":0,"market_be_sale_price":0,"market_be_active":false,"market_be_url":null,"market_be_parent_url":"","market_be_tax_rate":0,"market_be_price_inc_tax":0,"market_be_sale_price_inc_tax":0,"market_fr_price":0,"market_fr_sale_price":0,"market_fr_active":false,"market_fr_url":null,"market_fr_parent_url":"","market_fr_tax_rate":0,"market_fr_price_inc_tax":0,"market_fr_sale_price_inc_tax":0,"market_ch_price":0,"market_ch_sale_price":0,"market_ch_active":false,"market_ch_url":null,"market_ch_parent_url":"","market_ch_tax_rate":0,"market_ch_price_inc_tax":0,"market_ch_sale_price_inc_tax":0,"market_at_price":0,"market_at_sale_price":0,"market_at_active":false,"market_at_url":null,"market_at_parent_url":"","market_at_tax_rate":0,"market_at_price_inc_tax":0,"market_at_sale_price_inc_tax":0,"market_es_price":0,"market_es_sale_price":0,"market_es_active":false,"market_es_url":null,"market_es_parent_url":"","market_es_tax_rate":0,"market_es_price_inc_tax":0,"market_es_sale_price_inc_tax":0,"market_dk_price":0,"market_dk_sale_price":0,"market_dk_active":false,"market_dk_url":null,"market_dk_parent_url":"","market_dk_tax_rate":0,"market_dk_price_inc_tax":0,"market_dk_sale_price_inc_tax":0,"market_com_price":0,"market_com_sale_price":0,"market_com_active":false,"market_com_url":null,"market_com_parent_url":"","market_com_tax_rate":0,"market_com_price_inc_tax":0,"market_com_sale_price_inc_tax":0,"acf":[],"_links":{"self":[{"href":"https:\/\/www.pharmacy4pets.nl\/be\/wp-json\/wp\/v2\/product\/120218","targetHints":{"allow":["GET"]}}],"collection":[{"href":"https:\/\/www.pharmacy4pets.nl\/be\/wp-json\/wp\/v2\/product"}],"about":[{"href":"https:\/\/www.pharmacy4pets.nl\/be\/wp-json\/wp\/v2\/types\/product"}],"replies":[{"embeddable":true,"href":"https:\/\/www.pharmacy4pets.nl\/be\/wp-json\/wp\/v2\/comments?post=120218"}],"wp:featuredmedia":[{"embeddable":true,"href":"https:\/\/www.pharmacy4pets.nl\/be\/wp-json\/wp\/v2\/media\/120217"}],"wp:attachment":[{"href":"https:\/\/www.pharmacy4pets.nl\/be\/wp-json\/wp\/v2\/media?parent=120218"}],"wp:term":[{"taxonomy":"product_brand","embeddable":true,"href":"https:\/\/www.pharmacy4pets.nl\/be\/wp-json\/wp\/v2\/product_brand?post=120218"},{"taxonomy":"product_cat","embeddable":true,"href":"https:\/\/www.pharmacy4pets.nl\/be\/wp-json\/wp\/v2\/product_cat?post=120218"},{"taxonomy":"product_tag","embeddable":true,"href":"https:\/\/www.pharmacy4pets.nl\/be\/wp-json\/wp\/v2\/product_tag?post=120218"}],"curies":[{"name":"wp","href":"https:\/\/api.w.org\/{rel}","templated":true}]}}