{"id":120212,"date":"2023-03-10T12:18:47","date_gmt":"2023-03-10T12:18:47","guid":{"rendered":"https:\/\/p4p.test\/selective-naturals-harvest-loops-80-gram"},"modified":"2026-04-14T08:05:12","modified_gmt":"2026-04-14T08:05:12","slug":"selective-naturals-harvest-loops-80-gram","status":"publish","type":"product","link":"https:\/\/www.pharmacy4pets.nl\/be\/selective-naturals-harvest-loops-80-gram","title":{"rendered":"Selective Naturals Harvest Loops | 80 gram"},"content":{"rendered":"<p>Selective Naturals Harvest Loops zijn heerlijke en gezonde snacks voor hamsters en gerbils. Omdat ze geen suikers bevatten en een hoog vezelgehalte hebben, zijn ze ook ideaal voor ratten en muizen. Met heerlijke appel, pinda en lijnzaad. Zonder kunstmatige kleur- en smaakstoffen.<\/p>\n<p>Geef uw huisdier 1-2 snacks per dag, afhankelijk van de grootte van uw huisdier. Voor en na het openen op een koele droge plaats bewaren. Zorg dat er altijd vers water beschikbaar is.<\/p>\n","protected":false},"excerpt":{"rendered":"<p>Selective Naturals Harvest Loops zijn heerlijke en gezonde snacks voor hamsters en gerbils. Omdat ze geen suikers bevatten en een hoog vezelgehalte hebben, zijn ze ook ideaal voor ratten en muizen. Met heerlijke appel, pinda en lijnzaad. Zonder kunstmatige kleur- en smaakstoffen. Geef uw huisdier 1-2 snacks per dag, afhankelijk van de grootte van uw [&hellip;]<\/p>\n","protected":false},"featured_media":120211,"comment_status":"open","ping_status":"closed","template":"","meta":{"_acf_changed":false,"_nl_post_content":"<p>Selective Naturals Harvest Loops zijn heerlijke en gezonde snacks voor hamsters en gerbils. Omdat ze geen suikers bevatten en een hoog vezelgehalte hebben, zijn ze ook ideaal voor ratten en muizen. Met heerlijke appel, pinda en lijnzaad. Zonder kunstmatige kleur- en smaakstoffen.<\/p>\r\n<p>Geef uw huisdier 1-2 snacks per dag, afhankelijk van de grootte van uw huisdier. Voor en na het openen op een koele droge plaats bewaren. Zorg dat er altijd vers water beschikbaar is.<\/p>","_nl_post_name":"selective-naturals-harvest-loops-80-gram","_nl_post_excerpt":"","_nl_post_title":"Selective Naturals Harvest Loops | 80 gram","_en_post_content":"<p>Selective Naturals Harvest Loops are delicious and healthy snacks for hamsters and gerbils. Because they contain no sugars and have a high fiber content, they are also ideal for rats and mice. With delicious apple, peanut and linseed. Without artificial colors and flavors.<\/p>\r\n<p>Give your pet 1-2 snacks per day, depending on the size of your pet. Store in a cool dry place before and after opening. Make sure fresh water is always available.<\/p>","_en_post_name":"selective-naturals-harvest-loops-80-grams","_en_post_excerpt":"","_en_post_title":"Selective Naturals Harvest Loops | 80 grams","_de_post_content":"<p>Selective Naturals Harvest Loops sind k\u00f6stliche und gesunde Snacks f\u00fcr Hamster und Rennm\u00e4use. Da sie keinen Zucker enthalten und einen hohen Ballaststoffgehalt haben, sind sie auch ideal f\u00fcr Ratten und M\u00e4use. Mit leckerem Apfel, Erdnuss und Leinsamen. Ohne k\u00fcnstliche Farb- und Aromastoffe.<\/p>\r\n<p>Geben Sie Ihrem Haustier je nach Gr\u00f6\u00dfe Ihres Haustieres 1-2 Snacks pro Tag. Vor und nach dem \u00d6ffnen an einem k\u00fchlen, trockenen Ort aufbewahren. Stellen Sie sicher, dass immer frisches Wasser verf\u00fcgbar ist.<\/p>","_de_post_name":"selective-naturals-harvest-loops-80-gramm","_de_post_excerpt":"","_de_post_title":"Selective Naturals Harvest Loops | 80 Gramm","_fr_post_content":"<p>Les Harvest Loops Selective Naturals sont des collations d\u00e9licieuses et saines pour les hamsters et les gerbilles. Parce qu\u2019ils ne contiennent pas de sucres et sont riches en fibres, ils sont \u00e9galement id\u00e9aux pour les rats et les souris. Avec de d\u00e9licieuses pommes, cacahu\u00e8tes et graines de lin. Sans colorants ni ar\u00f4mes artificiels.<\/p>\r\n<p>Donnez \u00e0 votre animal 1 \u00e0 2 collations par jour, en fonction de sa taille. A conserver dans un endroit frais et sec avant et apr\u00e8s ouverture. Assurez-vous que de l'eau fra\u00eeche est toujours disponible.<\/p>","_fr_post_name":"selective-naturals-harvest-loops-80-grammes","_fr_post_excerpt":"","_fr_post_title":"Selective Naturals Harvest Loops | 80 grammes","_es_post_content":"<p>Los Harvest Loops de Selective Naturals son bocadillos deliciosos y saludables para h\u00e1msteres y jerbos. Al no contener az\u00facares y tener un alto contenido en fibra, tambi\u00e9n son ideales para ratas y ratones. Con deliciosa manzana, man\u00ed y linaza. Sin colorantes ni sabores artificiales.<\/p>\r\n<p>D\u00e9 a su mascota 1 o 2 refrigerios por d\u00eda, dependiendo del tama\u00f1o de su mascota. Conservar en un lugar fresco y seco antes y despu\u00e9s de abrir. Aseg\u00farese de que siempre haya agua fresca disponible.<\/p>","_es_post_name":"selective-naturals-harvest-loops-80-gramos","_es_post_excerpt":"","_es_post_title":"Selective Naturals Harvest Loops | 80 gramos","edit_language":"nl"},"product_brand":[],"product_cat":[1857,2159],"product_tag":[],"class_list":{"0":"post-120212","1":"product","2":"type-product","3":"status-publish","4":"has-post-thumbnail","6":"product_cat-merken","7":"product_cat-selective-naturals","8":"pa_aandoening-overig","9":"pa_doeldier-knaagdier","10":"pa_fabricatieland-uk","11":"pa_merkfilter-selectivenaturals","12":"pa_merkgroep-supreme","13":"pa_productsoort-voeding","14":"pa_toedieningswijze-snack","15":"pa_unit_pricing_base_measure-10g","16":"pa_unit_pricing_measure-80g","17":"pa_werkzamestof-overig","19":"first","20":"instock","21":"taxable","22":"shipping-taxable","23":"purchasable","24":"product-type-simple"},"yoast_head":"<!-- This site is optimized with the Yoast SEO plugin v27.5 - https:\/\/yoast.com\/product\/yoast-seo-wordpress\/ -->\n<title>Selective Naturals Harvest Loops | 80 gram - Pharmacy4pets<\/title>\n<meta name=\"robots\" content=\"index, follow, max-snippet:-1, max-image-preview:large, max-video-preview:-1\" \/>\n<link rel=\"canonical\" href=\"https:\/\/www.pharmacy4pets.nl\/selective-naturals-harvest-loops-80-gram\" \/>\n<meta property=\"og:locale\" content=\"nl_NL\" \/>\n<meta property=\"og:type\" content=\"article\" \/>\n<meta property=\"og:title\" content=\"Selective Naturals Harvest Loops | 80 gram - Pharmacy4pets\" \/>\n<meta property=\"og:description\" content=\"Selective Naturals Harvest Loops zijn heerlijke en gezonde snacks voor hamsters en gerbils. Omdat ze geen suikers bevatten en een hoog vezelgehalte hebben, zijn ze ook ideaal voor ratten en muizen. Met heerlijke appel, pinda en lijnzaad. Zonder kunstmatige kleur- en smaakstoffen. Geef uw huisdier 1-2 snacks per dag, afhankelijk van de grootte van uw [&hellip;]\" \/>\n<meta property=\"og:url\" content=\"https:\/\/www.pharmacy4pets.nl\/selective-naturals-harvest-loops-80-gram\" \/>\n<meta property=\"og:site_name\" content=\"Pharmacy4pets\" \/>\n<meta property=\"article:publisher\" content=\"https:\/\/www.facebook.com\/people\/Pharmacy4petsnl\/100063484989896\/\" \/>\n<meta property=\"article:modified_time\" content=\"2026-04-14T08:05:12+00:00\" \/>\n<meta property=\"og:image\" content=\"https:\/\/www.pharmacy4pets.nl\/wp-content\/uploads\/2023\/03\/25557.jpg\" \/>\n\t<meta property=\"og:image:width\" content=\"494\" \/>\n\t<meta property=\"og:image:height\" content=\"600\" \/>\n\t<meta property=\"og:image:type\" content=\"image\/jpeg\" \/>\n<meta name=\"twitter:card\" content=\"summary_large_image\" \/>\n<script type=\"application\/ld+json\" class=\"yoast-schema-graph\">{\"@context\":\"https:\\\/\\\/schema.org\",\"@graph\":[{\"@type\":\"WebPage\",\"@id\":\"https:\\\/\\\/www.pharmacy4pets.nl\\\/selective-naturals-harvest-loops-80-gram\",\"url\":\"https:\\\/\\\/www.pharmacy4pets.nl\\\/selective-naturals-harvest-loops-80-gram\",\"name\":\"Selective Naturals Harvest Loops | 80 gram - Pharmacy4pets\",\"isPartOf\":{\"@id\":\"http:\\\/\\\/www.pharmacy4pets.nl\\\/#website\"},\"primaryImageOfPage\":{\"@id\":\"https:\\\/\\\/www.pharmacy4pets.nl\\\/selective-naturals-harvest-loops-80-gram#primaryimage\"},\"image\":{\"@id\":\"https:\\\/\\\/www.pharmacy4pets.nl\\\/selective-naturals-harvest-loops-80-gram#primaryimage\"},\"thumbnailUrl\":\"https:\\\/\\\/www.pharmacy4pets.nl\\\/wp-content\\\/uploads\\\/2023\\\/03\\\/25557.jpg\",\"datePublished\":\"2023-03-10T12:18:47+00:00\",\"dateModified\":\"2026-04-14T08:05:12+00:00\",\"breadcrumb\":{\"@id\":\"https:\\\/\\\/www.pharmacy4pets.nl\\\/selective-naturals-harvest-loops-80-gram#breadcrumb\"},\"inLanguage\":\"nl-NL\",\"potentialAction\":[{\"@type\":\"ReadAction\",\"target\":[\"https:\\\/\\\/www.pharmacy4pets.nl\\\/selective-naturals-harvest-loops-80-gram\"]}]},{\"@type\":\"ImageObject\",\"inLanguage\":\"nl-NL\",\"@id\":\"https:\\\/\\\/www.pharmacy4pets.nl\\\/selective-naturals-harvest-loops-80-gram#primaryimage\",\"url\":\"https:\\\/\\\/www.pharmacy4pets.nl\\\/wp-content\\\/uploads\\\/2023\\\/03\\\/25557.jpg\",\"contentUrl\":\"https:\\\/\\\/www.pharmacy4pets.nl\\\/wp-content\\\/uploads\\\/2023\\\/03\\\/25557.jpg\",\"width\":494,\"height\":600,\"caption\":\"Selective Naturals\"},{\"@type\":\"BreadcrumbList\",\"@id\":\"https:\\\/\\\/www.pharmacy4pets.nl\\\/selective-naturals-harvest-loops-80-gram#breadcrumb\",\"itemListElement\":[{\"@type\":\"ListItem\",\"position\":1,\"name\":\"Home\",\"item\":\"https:\\\/\\\/p4p-nl.bootmine.com\\\/\"},{\"@type\":\"ListItem\",\"position\":2,\"name\":\"Winkel\",\"item\":\"https:\\\/\\\/p4p-nl.bootmine.com\\\/winkel\"},{\"@type\":\"ListItem\",\"position\":3,\"name\":\"Selective Naturals Harvest Loops | 80 gram\"}]},{\"@type\":\"WebSite\",\"@id\":\"http:\\\/\\\/www.pharmacy4pets.nl\\\/#website\",\"url\":\"http:\\\/\\\/www.pharmacy4pets.nl\\\/\",\"name\":\"Pharmacy4pets\",\"description\":\"Pharmacy4pets.nl is d\u00e9 online apotheek waar u terecht kunt voor alle diergeneesmiddelen, verzorgingsproducten en dieetvoeding voor uw huisdier.\",\"publisher\":{\"@id\":\"http:\\\/\\\/www.pharmacy4pets.nl\\\/#organization\"},\"potentialAction\":[{\"@type\":\"SearchAction\",\"target\":{\"@type\":\"EntryPoint\",\"urlTemplate\":\"http:\\\/\\\/www.pharmacy4pets.nl\\\/?s={search_term_string}\"},\"query-input\":{\"@type\":\"PropertyValueSpecification\",\"valueRequired\":true,\"valueName\":\"search_term_string\"}}],\"inLanguage\":\"nl-NL\"},{\"@type\":\"Organization\",\"@id\":\"http:\\\/\\\/www.pharmacy4pets.nl\\\/#organization\",\"name\":\"Pharmacy4pets\",\"url\":\"http:\\\/\\\/www.pharmacy4pets.nl\\\/\",\"logo\":{\"@type\":\"ImageObject\",\"inLanguage\":\"nl-NL\",\"@id\":\"http:\\\/\\\/www.pharmacy4pets.nl\\\/#\\\/schema\\\/logo\\\/image\\\/\",\"url\":\"https:\\\/\\\/p4p-nl.bootmine.com\\\/wp-content\\\/uploads\\\/2026\\\/03\\\/logo-pharmacy4pets.png\",\"contentUrl\":\"https:\\\/\\\/p4p-nl.bootmine.com\\\/wp-content\\\/uploads\\\/2026\\\/03\\\/logo-pharmacy4pets.png\",\"width\":1024,\"height\":135,\"caption\":\"Pharmacy4pets\"},\"image\":{\"@id\":\"http:\\\/\\\/www.pharmacy4pets.nl\\\/#\\\/schema\\\/logo\\\/image\\\/\"},\"sameAs\":[\"https:\\\/\\\/www.facebook.com\\\/people\\\/Pharmacy4petsnl\\\/100063484989896\\\/\",\"https:\\\/\\\/www.youtube.com\\\/channel\\\/UCGPTIgucgli03tP2_kvLkHg\\\/featured\",\"https:\\\/\\\/www.instagram.com\\\/pharmacy4pets.nl\"]}]}<\/script>\n<!-- \/ Yoast SEO plugin. -->","yoast_head_json":{"title":"Selective Naturals Harvest Loops | 80 gram - Pharmacy4pets","robots":{"index":"index","follow":"follow","max-snippet":"max-snippet:-1","max-image-preview":"max-image-preview:large","max-video-preview":"max-video-preview:-1"},"canonical":"https:\/\/www.pharmacy4pets.nl\/selective-naturals-harvest-loops-80-gram","og_locale":"nl_NL","og_type":"article","og_title":"Selective Naturals Harvest Loops | 80 gram - Pharmacy4pets","og_description":"Selective Naturals Harvest Loops zijn heerlijke en gezonde snacks voor hamsters en gerbils. Omdat ze geen suikers bevatten en een hoog vezelgehalte hebben, zijn ze ook ideaal voor ratten en muizen. Met heerlijke appel, pinda en lijnzaad. Zonder kunstmatige kleur- en smaakstoffen. Geef uw huisdier 1-2 snacks per dag, afhankelijk van de grootte van uw [&hellip;]","og_url":"https:\/\/www.pharmacy4pets.nl\/selective-naturals-harvest-loops-80-gram","og_site_name":"Pharmacy4pets","article_publisher":"https:\/\/www.facebook.com\/people\/Pharmacy4petsnl\/100063484989896\/","article_modified_time":"2026-04-14T08:05:12+00:00","og_image":[{"width":494,"height":600,"url":"https:\/\/www.pharmacy4pets.nl\/wp-content\/uploads\/2023\/03\/25557.jpg","type":"image\/jpeg"}],"twitter_card":"summary_large_image","schema":{"@context":"https:\/\/schema.org","@graph":[{"@type":"WebPage","@id":"https:\/\/www.pharmacy4pets.nl\/selective-naturals-harvest-loops-80-gram","url":"https:\/\/www.pharmacy4pets.nl\/selective-naturals-harvest-loops-80-gram","name":"Selective Naturals Harvest Loops | 80 gram - Pharmacy4pets","isPartOf":{"@id":"http:\/\/www.pharmacy4pets.nl\/#website"},"primaryImageOfPage":{"@id":"https:\/\/www.pharmacy4pets.nl\/selective-naturals-harvest-loops-80-gram#primaryimage"},"image":{"@id":"https:\/\/www.pharmacy4pets.nl\/selective-naturals-harvest-loops-80-gram#primaryimage"},"thumbnailUrl":"https:\/\/www.pharmacy4pets.nl\/wp-content\/uploads\/2023\/03\/25557.jpg","datePublished":"2023-03-10T12:18:47+00:00","dateModified":"2026-04-14T08:05:12+00:00","breadcrumb":{"@id":"https:\/\/www.pharmacy4pets.nl\/selective-naturals-harvest-loops-80-gram#breadcrumb"},"inLanguage":"nl-NL","potentialAction":[{"@type":"ReadAction","target":["https:\/\/www.pharmacy4pets.nl\/selective-naturals-harvest-loops-80-gram"]}]},{"@type":"ImageObject","inLanguage":"nl-NL","@id":"https:\/\/www.pharmacy4pets.nl\/selective-naturals-harvest-loops-80-gram#primaryimage","url":"https:\/\/www.pharmacy4pets.nl\/wp-content\/uploads\/2023\/03\/25557.jpg","contentUrl":"https:\/\/www.pharmacy4pets.nl\/wp-content\/uploads\/2023\/03\/25557.jpg","width":494,"height":600,"caption":"Selective Naturals"},{"@type":"BreadcrumbList","@id":"https:\/\/www.pharmacy4pets.nl\/selective-naturals-harvest-loops-80-gram#breadcrumb","itemListElement":[{"@type":"ListItem","position":1,"name":"Home","item":"https:\/\/p4p-nl.bootmine.com\/"},{"@type":"ListItem","position":2,"name":"Winkel","item":"https:\/\/p4p-nl.bootmine.com\/winkel"},{"@type":"ListItem","position":3,"name":"Selective Naturals Harvest Loops | 80 gram"}]},{"@type":"WebSite","@id":"http:\/\/www.pharmacy4pets.nl\/#website","url":"http:\/\/www.pharmacy4pets.nl\/","name":"Pharmacy4pets","description":"Pharmacy4pets.nl is d\u00e9 online apotheek waar u terecht kunt voor alle diergeneesmiddelen, verzorgingsproducten en dieetvoeding voor uw huisdier.","publisher":{"@id":"http:\/\/www.pharmacy4pets.nl\/#organization"},"potentialAction":[{"@type":"SearchAction","target":{"@type":"EntryPoint","urlTemplate":"http:\/\/www.pharmacy4pets.nl\/?s={search_term_string}"},"query-input":{"@type":"PropertyValueSpecification","valueRequired":true,"valueName":"search_term_string"}}],"inLanguage":"nl-NL"},{"@type":"Organization","@id":"http:\/\/www.pharmacy4pets.nl\/#organization","name":"Pharmacy4pets","url":"http:\/\/www.pharmacy4pets.nl\/","logo":{"@type":"ImageObject","inLanguage":"nl-NL","@id":"http:\/\/www.pharmacy4pets.nl\/#\/schema\/logo\/image\/","url":"https:\/\/p4p-nl.bootmine.com\/wp-content\/uploads\/2026\/03\/logo-pharmacy4pets.png","contentUrl":"https:\/\/p4p-nl.bootmine.com\/wp-content\/uploads\/2026\/03\/logo-pharmacy4pets.png","width":1024,"height":135,"caption":"Pharmacy4pets"},"image":{"@id":"http:\/\/www.pharmacy4pets.nl\/#\/schema\/logo\/image\/"},"sameAs":["https:\/\/www.facebook.com\/people\/Pharmacy4petsnl\/100063484989896\/","https:\/\/www.youtube.com\/channel\/UCGPTIgucgli03tP2_kvLkHg\/featured","https:\/\/www.instagram.com\/pharmacy4pets.nl"]}]}},"market_data":{"nl":{"price":0,"sale_price":0,"active":false,"url":null,"parent_url":"","tax_rate":0,"price_inc_tax":0,"sale_price_inc_tax":0},"de":{"price":0,"sale_price":0,"active":false,"url":null,"parent_url":"","tax_rate":0,"price_inc_tax":0,"sale_price_inc_tax":0},"be":{"price":0,"sale_price":0,"active":false,"url":null,"parent_url":"","tax_rate":0,"price_inc_tax":0,"sale_price_inc_tax":0},"fr":{"price":0,"sale_price":0,"active":false,"url":null,"parent_url":"","tax_rate":0,"price_inc_tax":0,"sale_price_inc_tax":0},"ch":{"price":0,"sale_price":0,"active":false,"url":null,"parent_url":"","tax_rate":0,"price_inc_tax":0,"sale_price_inc_tax":0},"at":{"price":0,"sale_price":0,"active":false,"url":null,"parent_url":"","tax_rate":0,"price_inc_tax":0,"sale_price_inc_tax":0},"es":{"price":0,"sale_price":0,"active":false,"url":null,"parent_url":"","tax_rate":0,"price_inc_tax":0,"sale_price_inc_tax":0},"dk":{"price":0,"sale_price":0,"active":false,"url":null,"parent_url":"","tax_rate":0,"price_inc_tax":0,"sale_price_inc_tax":0},"com":{"price":0,"sale_price":0,"active":false,"url":null,"parent_url":"","tax_rate":0,"price_inc_tax":0,"sale_price_inc_tax":0}},"market_nl_price":0,"market_nl_sale_price":0,"market_nl_active":false,"market_nl_url":null,"market_nl_parent_url":"","market_nl_tax_rate":0,"market_nl_price_inc_tax":0,"market_nl_sale_price_inc_tax":0,"market_de_price":0,"market_de_sale_price":0,"market_de_active":false,"market_de_url":null,"market_de_parent_url":"","market_de_tax_rate":0,"market_de_price_inc_tax":0,"market_de_sale_price_inc_tax":0,"market_be_price":0,"market_be_sale_price":0,"market_be_active":false,"market_be_url":null,"market_be_parent_url":"","market_be_tax_rate":0,"market_be_price_inc_tax":0,"market_be_sale_price_inc_tax":0,"market_fr_price":0,"market_fr_sale_price":0,"market_fr_active":false,"market_fr_url":null,"market_fr_parent_url":"","market_fr_tax_rate":0,"market_fr_price_inc_tax":0,"market_fr_sale_price_inc_tax":0,"market_ch_price":0,"market_ch_sale_price":0,"market_ch_active":false,"market_ch_url":null,"market_ch_parent_url":"","market_ch_tax_rate":0,"market_ch_price_inc_tax":0,"market_ch_sale_price_inc_tax":0,"market_at_price":0,"market_at_sale_price":0,"market_at_active":false,"market_at_url":null,"market_at_parent_url":"","market_at_tax_rate":0,"market_at_price_inc_tax":0,"market_at_sale_price_inc_tax":0,"market_es_price":0,"market_es_sale_price":0,"market_es_active":false,"market_es_url":null,"market_es_parent_url":"","market_es_tax_rate":0,"market_es_price_inc_tax":0,"market_es_sale_price_inc_tax":0,"market_dk_price":0,"market_dk_sale_price":0,"market_dk_active":false,"market_dk_url":null,"market_dk_parent_url":"","market_dk_tax_rate":0,"market_dk_price_inc_tax":0,"market_dk_sale_price_inc_tax":0,"market_com_price":0,"market_com_sale_price":0,"market_com_active":false,"market_com_url":null,"market_com_parent_url":"","market_com_tax_rate":0,"market_com_price_inc_tax":0,"market_com_sale_price_inc_tax":0,"acf":[],"_links":{"self":[{"href":"https:\/\/www.pharmacy4pets.nl\/be\/wp-json\/wp\/v2\/product\/120212","targetHints":{"allow":["GET"]}}],"collection":[{"href":"https:\/\/www.pharmacy4pets.nl\/be\/wp-json\/wp\/v2\/product"}],"about":[{"href":"https:\/\/www.pharmacy4pets.nl\/be\/wp-json\/wp\/v2\/types\/product"}],"replies":[{"embeddable":true,"href":"https:\/\/www.pharmacy4pets.nl\/be\/wp-json\/wp\/v2\/comments?post=120212"}],"wp:featuredmedia":[{"embeddable":true,"href":"https:\/\/www.pharmacy4pets.nl\/be\/wp-json\/wp\/v2\/media\/120211"}],"wp:attachment":[{"href":"https:\/\/www.pharmacy4pets.nl\/be\/wp-json\/wp\/v2\/media?parent=120212"}],"wp:term":[{"taxonomy":"product_brand","embeddable":true,"href":"https:\/\/www.pharmacy4pets.nl\/be\/wp-json\/wp\/v2\/product_brand?post=120212"},{"taxonomy":"product_cat","embeddable":true,"href":"https:\/\/www.pharmacy4pets.nl\/be\/wp-json\/wp\/v2\/product_cat?post=120212"},{"taxonomy":"product_tag","embeddable":true,"href":"https:\/\/www.pharmacy4pets.nl\/be\/wp-json\/wp\/v2\/product_tag?post=120212"}],"curies":[{"name":"wp","href":"https:\/\/api.w.org\/{rel}","templated":true}]}}