{"id":120210,"date":"2023-03-10T12:18:47","date_gmt":"2023-03-10T12:18:47","guid":{"rendered":"https:\/\/p4p.test\/selective-naturals-grain-free-cavia-1-5-kg"},"modified":"2026-03-25T12:05:09","modified_gmt":"2026-03-25T12:05:09","slug":"selective-naturals-grain-free-cavia-1-5-kg","status":"publish","type":"product","link":"https:\/\/www.pharmacy4pets.nl\/be\/selective-naturals-grain-free-cavia-1-5-kg","title":{"rendered":"Selective Naturals Grain Free Cavia | 1,5 kg"},"content":{"rendered":"<p>Selective Naturals Grain Free Guinea Pig Food is graanvrij caviavoer dat geschikt is voor cavia\u2019s van alle leeftijden. Het wordt gemaakt met Timothy hooi als hoofdingredi\u00ebnt. Het voer is rijk aan natuurlijke ingredi\u00ebnten, zonder ma\u00efs en tarwe, en is verrijkt met vitaminen en mineralen. Deze caviavoeding bevat vitamine C, essentieel voor een goede gezondheid. Het hoge vezelgehalte (20%) is goed voor een gezonde spijsvertering en een gezond gebit. Het voer bevat geen toegevoegde suikers en is daardoor caloriearm om overgewicht te voorkomen.<\/p>\n","protected":false},"excerpt":{"rendered":"<p>Selective Naturals Grain Free Guinea Pig Food is graanvrij caviavoer dat geschikt is voor cavia\u2019s van alle leeftijden. Het wordt gemaakt met Timothy hooi als hoofdingredi\u00ebnt. Het voer is rijk aan natuurlijke ingredi\u00ebnten, zonder ma\u00efs en tarwe, en is verrijkt met vitaminen en mineralen. Deze caviavoeding bevat vitamine C, essentieel voor een goede gezondheid. Het [&hellip;]<\/p>\n","protected":false},"featured_media":120209,"comment_status":"open","ping_status":"closed","template":"","meta":{"_acf_changed":false,"_nl_post_content":"Selective Naturals Grain Free Guinea Pig Food is graanvrij caviavoer dat geschikt is voor cavia\u2019s van alle leeftijden. Het wordt gemaakt met Timothy hooi als hoofdingredi\u00ebnt. Het voer is rijk aan natuurlijke ingredi\u00ebnten, zonder ma\u00efs en tarwe, en is verrijkt met vitaminen en mineralen. Deze caviavoeding bevat vitamine C, essentieel voor een goede gezondheid. Het hoge vezelgehalte (20%) is goed voor een gezonde spijsvertering en een gezond gebit. Het voer bevat geen toegevoegde suikers en is daardoor caloriearm om overgewicht te voorkomen.","_nl_post_name":"selective-naturals-grain-free-cavia-1-5-kg","_nl_post_excerpt":"","_nl_post_title":"Selective Naturals Grain Free Cavia | 1,5 kg","_en_post_content":"<p>Selective Naturals Grain Free is a grain-free guinea pig food that is suitable for guinea pigs of all ages. It is made with Timothy hay as the main ingredient. The feed is rich in natural ingredients, without corn and wheat, and is enriched with vitamins and minerals. This guinea pig food contains vitamin C, essential for good health. The high fiber content (20%) is good for healthy digestion and healthy teeth. The food contains no added sugars and is therefore low in calories to prevent obesity.<\/p>","_en_post_name":"selective-naturals-grain-free-guinea-pig-1-5-kg","_en_post_excerpt":"","_en_post_title":"Selective Naturals Grain Free Guinea Pig | 1,5 kg","_de_post_content":"<p>Selective Naturals Grain Free Meerschweinchenfutter ist ein getreidefreies Meerschweinchenfutter, das f\u00fcr Meerschweinchen jeden Alters geeignet ist. Es besteht aus Timothy-Heu als Hauptzutat. Das Futter ist reich an nat\u00fcrlichen Inhaltsstoffen, ohne Mais und Weizen und angereichert mit Vitaminen und Mineralstoffen. Dieses Meerschweinchenfutter enth\u00e4lt Vitamin C, das f\u00fcr eine gute Gesundheit unerl\u00e4sslich ist. Der hohe Ballaststoffgehalt (20 %) ist gut f\u00fcr eine gesunde Verdauung und gesunde Z\u00e4hne. Das Futter enth\u00e4lt keinen zugesetzten Zucker und ist daher kalorienarm, um Fettleibigkeit vorzubeugen.<\/p>","_de_post_name":"selective-naturals-grain-free-meerschweinchen-1-5-kg","_de_post_excerpt":"","_de_post_title":"Selective Naturals Grain Free Meerschweinchen | 1,5 kg","_fr_post_content":"<p>Selective Naturals Grain Free\u00a0est un aliment pour cobayes sans c\u00e9r\u00e9ales qui convient aux cobayes de tous \u00e2ges. Il est fabriqu\u00e9 avec du foin Timothy comme ingr\u00e9dient principal. L'aliment est riche en ingr\u00e9dients naturels, sans ma\u00efs ni bl\u00e9, et enrichi en vitamines et min\u00e9raux. Cette nourriture pour cochon d'Inde contient de la vitamine C, essentielle \u00e0 une bonne sant\u00e9. La teneur \u00e9lev\u00e9e en fibres (20 %) est bonne pour une digestion saine et des dents saines. L'aliment ne contient pas de sucres ajout\u00e9s et est donc faible en calories pour pr\u00e9venir l'ob\u00e9sit\u00e9.<\/p>","_fr_post_name":"selective-naturals-grain-free-cochon-d-inde-1-5-kg","_fr_post_excerpt":"","_fr_post_title":"Selective Naturals Grain Free Cochon d'Inde | 1,5 kg","_es_post_content":"<p>Selective Naturals Grain Free es un alimento para cobayas sin cereales apto para cobayas de todas las edades. Est\u00e1 elaborado con heno de Timothy como ingrediente principal. El pienso es rico en ingredientes naturales, sin ma\u00edz ni trigo, y est\u00e1 enriquecido con vitaminas y minerales. Este alimento para cobayas contiene vitamina C, fundamental para una buena salud. El alto contenido de fibra (20%) es bueno para una digesti\u00f3n y unos dientes sanos. El alimento no contiene az\u00facares a\u00f1adidos y, por tanto, es bajo en calor\u00edas para prevenir la obesidad.<\/p>","_es_post_name":"selective-naturals-grain-free-cobaya-1-5-kg","_es_post_excerpt":"","_es_post_title":"Selective Naturals Grain Free Cobaya | 1,5 kg","edit_language":"nl"},"product_brand":[],"product_cat":[2229,2230,1857,1824,2159],"product_tag":[],"class_list":{"0":"post-120210","1":"product","2":"type-product","3":"status-publish","4":"has-post-thumbnail","6":"product_cat-cavia","7":"product_cat-caviavoer","8":"product_cat-merken","9":"product_cat-overig","10":"product_cat-selective-naturals","11":"pa_aandoening-overig","12":"pa_doeldier-knaagdier","13":"pa_fabricatieland-uk","14":"pa_merkfilter-selectivenaturals","15":"pa_merkgroep-supreme","16":"pa_productsoort-voeding","17":"pa_toedieningswijze-droogvoer","18":"pa_unit_pricing_base_measure-1kg","19":"pa_unit_pricing_measure-1_5kg","20":"pa_werkzamestof-overig","22":"first","23":"instock","24":"taxable","25":"shipping-taxable","26":"purchasable","27":"product-type-simple"},"yoast_head":"<!-- This site is optimized with the Yoast SEO plugin v27.5 - https:\/\/yoast.com\/product\/yoast-seo-wordpress\/ -->\n<title>Selective Naturals Grain Free Cavia | 1,5 kg - Pharmacy4pets<\/title>\n<meta name=\"robots\" content=\"index, follow, max-snippet:-1, max-image-preview:large, max-video-preview:-1\" \/>\n<link rel=\"canonical\" href=\"https:\/\/p4p-nl.bootmine.com\/%product-slug%\/selective-naturals-grain-free-cavia-1-5-kg\" \/>\n<meta property=\"og:locale\" content=\"nl_NL\" \/>\n<meta property=\"og:type\" content=\"article\" \/>\n<meta property=\"og:title\" content=\"Selective Naturals Grain Free Cavia | 1,5 kg - Pharmacy4pets\" \/>\n<meta property=\"og:description\" content=\"Selective Naturals Grain Free Guinea Pig Food is graanvrij caviavoer dat geschikt is voor cavia\u2019s van alle leeftijden. Het wordt gemaakt met Timothy hooi als hoofdingredi\u00ebnt. Het voer is rijk aan natuurlijke ingredi\u00ebnten, zonder ma\u00efs en tarwe, en is verrijkt met vitaminen en mineralen. Deze caviavoeding bevat vitamine C, essentieel voor een goede gezondheid. Het [&hellip;]\" \/>\n<meta property=\"og:url\" content=\"https:\/\/p4p-nl.bootmine.com\/%product-slug%\/selective-naturals-grain-free-cavia-1-5-kg\" \/>\n<meta property=\"og:site_name\" content=\"Pharmacy4pets\" \/>\n<meta property=\"article:publisher\" content=\"https:\/\/www.facebook.com\/people\/Pharmacy4petsnl\/100063484989896\/\" \/>\n<meta property=\"article:modified_time\" content=\"2026-03-25T12:05:09+00:00\" \/>\n<meta property=\"og:image\" content=\"https:\/\/p4p-nl.bootmine.com\/wp-content\/uploads\/2023\/03\/23549.jpg\" \/>\n\t<meta property=\"og:image:width\" content=\"600\" \/>\n\t<meta property=\"og:image:height\" content=\"638\" \/>\n\t<meta property=\"og:image:type\" content=\"image\/jpeg\" \/>\n<meta name=\"twitter:card\" content=\"summary_large_image\" \/>\n<script type=\"application\/ld+json\" class=\"yoast-schema-graph\">{\"@context\":\"https:\\\/\\\/schema.org\",\"@graph\":[{\"@type\":\"WebPage\",\"@id\":\"https:\\\/\\\/p4p-nl.bootmine.com\\\/%product-slug%\\\/selective-naturals-grain-free-cavia-1-5-kg\",\"url\":\"https:\\\/\\\/p4p-nl.bootmine.com\\\/%product-slug%\\\/selective-naturals-grain-free-cavia-1-5-kg\",\"name\":\"Selective Naturals Grain Free Cavia | 1,5 kg - Pharmacy4pets\",\"isPartOf\":{\"@id\":\"http:\\\/\\\/www.pharmacy4pets.nl\\\/#website\"},\"primaryImageOfPage\":{\"@id\":\"https:\\\/\\\/p4p-nl.bootmine.com\\\/%product-slug%\\\/selective-naturals-grain-free-cavia-1-5-kg#primaryimage\"},\"image\":{\"@id\":\"https:\\\/\\\/p4p-nl.bootmine.com\\\/%product-slug%\\\/selective-naturals-grain-free-cavia-1-5-kg#primaryimage\"},\"thumbnailUrl\":\"https:\\\/\\\/www.pharmacy4pets.nl\\\/wp-content\\\/uploads\\\/2023\\\/03\\\/23549.jpg\",\"datePublished\":\"2023-03-10T12:18:47+00:00\",\"dateModified\":\"2026-03-25T12:05:09+00:00\",\"breadcrumb\":{\"@id\":\"https:\\\/\\\/p4p-nl.bootmine.com\\\/%product-slug%\\\/selective-naturals-grain-free-cavia-1-5-kg#breadcrumb\"},\"inLanguage\":\"nl-NL\",\"potentialAction\":[{\"@type\":\"ReadAction\",\"target\":[\"https:\\\/\\\/p4p-nl.bootmine.com\\\/%product-slug%\\\/selective-naturals-grain-free-cavia-1-5-kg\"]}]},{\"@type\":\"ImageObject\",\"inLanguage\":\"nl-NL\",\"@id\":\"https:\\\/\\\/p4p-nl.bootmine.com\\\/%product-slug%\\\/selective-naturals-grain-free-cavia-1-5-kg#primaryimage\",\"url\":\"https:\\\/\\\/www.pharmacy4pets.nl\\\/wp-content\\\/uploads\\\/2023\\\/03\\\/23549.jpg\",\"contentUrl\":\"https:\\\/\\\/www.pharmacy4pets.nl\\\/wp-content\\\/uploads\\\/2023\\\/03\\\/23549.jpg\",\"width\":600,\"height\":638,\"caption\":\"Selective Naturals\"},{\"@type\":\"BreadcrumbList\",\"@id\":\"https:\\\/\\\/p4p-nl.bootmine.com\\\/%product-slug%\\\/selective-naturals-grain-free-cavia-1-5-kg#breadcrumb\",\"itemListElement\":[{\"@type\":\"ListItem\",\"position\":1,\"name\":\"Home\",\"item\":\"https:\\\/\\\/p4p-nl.bootmine.com\\\/\"},{\"@type\":\"ListItem\",\"position\":2,\"name\":\"Winkel\",\"item\":\"https:\\\/\\\/p4p-nl.bootmine.com\\\/winkel\"},{\"@type\":\"ListItem\",\"position\":3,\"name\":\"Selective Naturals Grain Free Cavia | 1,5 kg\"}]},{\"@type\":\"WebSite\",\"@id\":\"http:\\\/\\\/www.pharmacy4pets.nl\\\/#website\",\"url\":\"http:\\\/\\\/www.pharmacy4pets.nl\\\/\",\"name\":\"Pharmacy4pets\",\"description\":\"Pharmacy4pets.nl is d\u00e9 online apotheek waar u terecht kunt voor alle diergeneesmiddelen, verzorgingsproducten en dieetvoeding voor uw huisdier.\",\"publisher\":{\"@id\":\"http:\\\/\\\/www.pharmacy4pets.nl\\\/#organization\"},\"potentialAction\":[{\"@type\":\"SearchAction\",\"target\":{\"@type\":\"EntryPoint\",\"urlTemplate\":\"http:\\\/\\\/www.pharmacy4pets.nl\\\/?s={search_term_string}\"},\"query-input\":{\"@type\":\"PropertyValueSpecification\",\"valueRequired\":true,\"valueName\":\"search_term_string\"}}],\"inLanguage\":\"nl-NL\"},{\"@type\":\"Organization\",\"@id\":\"http:\\\/\\\/www.pharmacy4pets.nl\\\/#organization\",\"name\":\"Pharmacy4pets\",\"url\":\"http:\\\/\\\/www.pharmacy4pets.nl\\\/\",\"logo\":{\"@type\":\"ImageObject\",\"inLanguage\":\"nl-NL\",\"@id\":\"http:\\\/\\\/www.pharmacy4pets.nl\\\/#\\\/schema\\\/logo\\\/image\\\/\",\"url\":\"https:\\\/\\\/p4p-nl.bootmine.com\\\/wp-content\\\/uploads\\\/2026\\\/03\\\/logo-pharmacy4pets.png\",\"contentUrl\":\"https:\\\/\\\/p4p-nl.bootmine.com\\\/wp-content\\\/uploads\\\/2026\\\/03\\\/logo-pharmacy4pets.png\",\"width\":1024,\"height\":135,\"caption\":\"Pharmacy4pets\"},\"image\":{\"@id\":\"http:\\\/\\\/www.pharmacy4pets.nl\\\/#\\\/schema\\\/logo\\\/image\\\/\"},\"sameAs\":[\"https:\\\/\\\/www.facebook.com\\\/people\\\/Pharmacy4petsnl\\\/100063484989896\\\/\",\"https:\\\/\\\/www.youtube.com\\\/channel\\\/UCGPTIgucgli03tP2_kvLkHg\\\/featured\",\"https:\\\/\\\/www.instagram.com\\\/pharmacy4pets.nl\"]}]}<\/script>\n<!-- \/ Yoast SEO plugin. -->","yoast_head_json":{"title":"Selective Naturals Grain Free Cavia | 1,5 kg - Pharmacy4pets","robots":{"index":"index","follow":"follow","max-snippet":"max-snippet:-1","max-image-preview":"max-image-preview:large","max-video-preview":"max-video-preview:-1"},"canonical":"https:\/\/p4p-nl.bootmine.com\/%product-slug%\/selective-naturals-grain-free-cavia-1-5-kg","og_locale":"nl_NL","og_type":"article","og_title":"Selective Naturals Grain Free Cavia | 1,5 kg - Pharmacy4pets","og_description":"Selective Naturals Grain Free Guinea Pig Food is graanvrij caviavoer dat geschikt is voor cavia\u2019s van alle leeftijden. Het wordt gemaakt met Timothy hooi als hoofdingredi\u00ebnt. Het voer is rijk aan natuurlijke ingredi\u00ebnten, zonder ma\u00efs en tarwe, en is verrijkt met vitaminen en mineralen. Deze caviavoeding bevat vitamine C, essentieel voor een goede gezondheid. Het [&hellip;]","og_url":"https:\/\/p4p-nl.bootmine.com\/%product-slug%\/selective-naturals-grain-free-cavia-1-5-kg","og_site_name":"Pharmacy4pets","article_publisher":"https:\/\/www.facebook.com\/people\/Pharmacy4petsnl\/100063484989896\/","article_modified_time":"2026-03-25T12:05:09+00:00","og_image":[{"width":600,"height":638,"url":"https:\/\/p4p-nl.bootmine.com\/wp-content\/uploads\/2023\/03\/23549.jpg","type":"image\/jpeg"}],"twitter_card":"summary_large_image","schema":{"@context":"https:\/\/schema.org","@graph":[{"@type":"WebPage","@id":"https:\/\/p4p-nl.bootmine.com\/%product-slug%\/selective-naturals-grain-free-cavia-1-5-kg","url":"https:\/\/p4p-nl.bootmine.com\/%product-slug%\/selective-naturals-grain-free-cavia-1-5-kg","name":"Selective Naturals Grain Free Cavia | 1,5 kg - Pharmacy4pets","isPartOf":{"@id":"http:\/\/www.pharmacy4pets.nl\/#website"},"primaryImageOfPage":{"@id":"https:\/\/p4p-nl.bootmine.com\/%product-slug%\/selective-naturals-grain-free-cavia-1-5-kg#primaryimage"},"image":{"@id":"https:\/\/p4p-nl.bootmine.com\/%product-slug%\/selective-naturals-grain-free-cavia-1-5-kg#primaryimage"},"thumbnailUrl":"https:\/\/www.pharmacy4pets.nl\/wp-content\/uploads\/2023\/03\/23549.jpg","datePublished":"2023-03-10T12:18:47+00:00","dateModified":"2026-03-25T12:05:09+00:00","breadcrumb":{"@id":"https:\/\/p4p-nl.bootmine.com\/%product-slug%\/selective-naturals-grain-free-cavia-1-5-kg#breadcrumb"},"inLanguage":"nl-NL","potentialAction":[{"@type":"ReadAction","target":["https:\/\/p4p-nl.bootmine.com\/%product-slug%\/selective-naturals-grain-free-cavia-1-5-kg"]}]},{"@type":"ImageObject","inLanguage":"nl-NL","@id":"https:\/\/p4p-nl.bootmine.com\/%product-slug%\/selective-naturals-grain-free-cavia-1-5-kg#primaryimage","url":"https:\/\/www.pharmacy4pets.nl\/wp-content\/uploads\/2023\/03\/23549.jpg","contentUrl":"https:\/\/www.pharmacy4pets.nl\/wp-content\/uploads\/2023\/03\/23549.jpg","width":600,"height":638,"caption":"Selective Naturals"},{"@type":"BreadcrumbList","@id":"https:\/\/p4p-nl.bootmine.com\/%product-slug%\/selective-naturals-grain-free-cavia-1-5-kg#breadcrumb","itemListElement":[{"@type":"ListItem","position":1,"name":"Home","item":"https:\/\/p4p-nl.bootmine.com\/"},{"@type":"ListItem","position":2,"name":"Winkel","item":"https:\/\/p4p-nl.bootmine.com\/winkel"},{"@type":"ListItem","position":3,"name":"Selective Naturals Grain Free Cavia | 1,5 kg"}]},{"@type":"WebSite","@id":"http:\/\/www.pharmacy4pets.nl\/#website","url":"http:\/\/www.pharmacy4pets.nl\/","name":"Pharmacy4pets","description":"Pharmacy4pets.nl is d\u00e9 online apotheek waar u terecht kunt voor alle diergeneesmiddelen, verzorgingsproducten en dieetvoeding voor uw huisdier.","publisher":{"@id":"http:\/\/www.pharmacy4pets.nl\/#organization"},"potentialAction":[{"@type":"SearchAction","target":{"@type":"EntryPoint","urlTemplate":"http:\/\/www.pharmacy4pets.nl\/?s={search_term_string}"},"query-input":{"@type":"PropertyValueSpecification","valueRequired":true,"valueName":"search_term_string"}}],"inLanguage":"nl-NL"},{"@type":"Organization","@id":"http:\/\/www.pharmacy4pets.nl\/#organization","name":"Pharmacy4pets","url":"http:\/\/www.pharmacy4pets.nl\/","logo":{"@type":"ImageObject","inLanguage":"nl-NL","@id":"http:\/\/www.pharmacy4pets.nl\/#\/schema\/logo\/image\/","url":"https:\/\/p4p-nl.bootmine.com\/wp-content\/uploads\/2026\/03\/logo-pharmacy4pets.png","contentUrl":"https:\/\/p4p-nl.bootmine.com\/wp-content\/uploads\/2026\/03\/logo-pharmacy4pets.png","width":1024,"height":135,"caption":"Pharmacy4pets"},"image":{"@id":"http:\/\/www.pharmacy4pets.nl\/#\/schema\/logo\/image\/"},"sameAs":["https:\/\/www.facebook.com\/people\/Pharmacy4petsnl\/100063484989896\/","https:\/\/www.youtube.com\/channel\/UCGPTIgucgli03tP2_kvLkHg\/featured","https:\/\/www.instagram.com\/pharmacy4pets.nl"]}]}},"market_data":{"nl":{"price":0,"sale_price":0,"active":false,"url":null,"parent_url":"","tax_rate":0,"price_inc_tax":0,"sale_price_inc_tax":0},"de":{"price":0,"sale_price":0,"active":false,"url":null,"parent_url":"","tax_rate":0,"price_inc_tax":0,"sale_price_inc_tax":0},"be":{"price":0,"sale_price":0,"active":false,"url":null,"parent_url":"","tax_rate":0,"price_inc_tax":0,"sale_price_inc_tax":0},"fr":{"price":0,"sale_price":0,"active":false,"url":null,"parent_url":"","tax_rate":0,"price_inc_tax":0,"sale_price_inc_tax":0},"ch":{"price":0,"sale_price":0,"active":false,"url":null,"parent_url":"","tax_rate":0,"price_inc_tax":0,"sale_price_inc_tax":0},"at":{"price":0,"sale_price":0,"active":false,"url":null,"parent_url":"","tax_rate":0,"price_inc_tax":0,"sale_price_inc_tax":0},"es":{"price":0,"sale_price":0,"active":false,"url":null,"parent_url":"","tax_rate":0,"price_inc_tax":0,"sale_price_inc_tax":0},"dk":{"price":0,"sale_price":0,"active":false,"url":null,"parent_url":"","tax_rate":0,"price_inc_tax":0,"sale_price_inc_tax":0},"com":{"price":0,"sale_price":0,"active":false,"url":null,"parent_url":"","tax_rate":0,"price_inc_tax":0,"sale_price_inc_tax":0}},"market_nl_price":0,"market_nl_sale_price":0,"market_nl_active":false,"market_nl_url":null,"market_nl_parent_url":"","market_nl_tax_rate":0,"market_nl_price_inc_tax":0,"market_nl_sale_price_inc_tax":0,"market_de_price":0,"market_de_sale_price":0,"market_de_active":false,"market_de_url":null,"market_de_parent_url":"","market_de_tax_rate":0,"market_de_price_inc_tax":0,"market_de_sale_price_inc_tax":0,"market_be_price":0,"market_be_sale_price":0,"market_be_active":false,"market_be_url":null,"market_be_parent_url":"","market_be_tax_rate":0,"market_be_price_inc_tax":0,"market_be_sale_price_inc_tax":0,"market_fr_price":0,"market_fr_sale_price":0,"market_fr_active":false,"market_fr_url":null,"market_fr_parent_url":"","market_fr_tax_rate":0,"market_fr_price_inc_tax":0,"market_fr_sale_price_inc_tax":0,"market_ch_price":0,"market_ch_sale_price":0,"market_ch_active":false,"market_ch_url":null,"market_ch_parent_url":"","market_ch_tax_rate":0,"market_ch_price_inc_tax":0,"market_ch_sale_price_inc_tax":0,"market_at_price":0,"market_at_sale_price":0,"market_at_active":false,"market_at_url":null,"market_at_parent_url":"","market_at_tax_rate":0,"market_at_price_inc_tax":0,"market_at_sale_price_inc_tax":0,"market_es_price":0,"market_es_sale_price":0,"market_es_active":false,"market_es_url":null,"market_es_parent_url":"","market_es_tax_rate":0,"market_es_price_inc_tax":0,"market_es_sale_price_inc_tax":0,"market_dk_price":0,"market_dk_sale_price":0,"market_dk_active":false,"market_dk_url":null,"market_dk_parent_url":"","market_dk_tax_rate":0,"market_dk_price_inc_tax":0,"market_dk_sale_price_inc_tax":0,"market_com_price":0,"market_com_sale_price":0,"market_com_active":false,"market_com_url":null,"market_com_parent_url":"","market_com_tax_rate":0,"market_com_price_inc_tax":0,"market_com_sale_price_inc_tax":0,"acf":[],"_links":{"self":[{"href":"https:\/\/www.pharmacy4pets.nl\/be\/wp-json\/wp\/v2\/product\/120210","targetHints":{"allow":["GET"]}}],"collection":[{"href":"https:\/\/www.pharmacy4pets.nl\/be\/wp-json\/wp\/v2\/product"}],"about":[{"href":"https:\/\/www.pharmacy4pets.nl\/be\/wp-json\/wp\/v2\/types\/product"}],"replies":[{"embeddable":true,"href":"https:\/\/www.pharmacy4pets.nl\/be\/wp-json\/wp\/v2\/comments?post=120210"}],"wp:featuredmedia":[{"embeddable":true,"href":"https:\/\/www.pharmacy4pets.nl\/be\/wp-json\/wp\/v2\/media\/120209"}],"wp:attachment":[{"href":"https:\/\/www.pharmacy4pets.nl\/be\/wp-json\/wp\/v2\/media?parent=120210"}],"wp:term":[{"taxonomy":"product_brand","embeddable":true,"href":"https:\/\/www.pharmacy4pets.nl\/be\/wp-json\/wp\/v2\/product_brand?post=120210"},{"taxonomy":"product_cat","embeddable":true,"href":"https:\/\/www.pharmacy4pets.nl\/be\/wp-json\/wp\/v2\/product_cat?post=120210"},{"taxonomy":"product_tag","embeddable":true,"href":"https:\/\/www.pharmacy4pets.nl\/be\/wp-json\/wp\/v2\/product_tag?post=120210"}],"curies":[{"name":"wp","href":"https:\/\/api.w.org\/{rel}","templated":true}]}}