{"id":120208,"date":"2023-03-10T12:18:46","date_gmt":"2023-03-10T12:18:46","guid":{"rendered":"https:\/\/p4p.test\/selective-naturals-garden-sticks-konijn-60-gram"},"modified":"2026-04-14T08:05:12","modified_gmt":"2026-04-14T08:05:12","slug":"selective-naturals-garden-sticks-konijn-60-gram","status":"publish","type":"product","link":"https:\/\/www.pharmacy4pets.nl\/be\/selective-naturals-garden-sticks-konijn-60-gram","title":{"rendered":"Selective Naturals Garden Sticks Konijn | 60 gram"},"content":{"rendered":"<p>Science Selective Naturals Garden Sticks zijn natuurlijke snacks voor konijnen, cavia&#8217;s, chinchilla\u2019s en degoes. Deze Garden Sticks met doperwt en pepermunt zijn heerlijke gebakken koekjes, rijk aan vezels. Zonder kunstmatige kleur- en smaakstoffen of toegevoegde suikers.<\/p>\n<p>Geef uw huisdier 1-2 snacks per dag, afhankelijk van de grootte van uw huisdier. Voor en na het openen op een koele droge plaats bewaren. Zorg dat er altijd vers hooi en water beschikbaar is.<\/p>\n","protected":false},"excerpt":{"rendered":"<p>Science Selective Naturals Garden Sticks zijn natuurlijke snacks voor konijnen, cavia&#8217;s, chinchilla\u2019s en degoes. Deze Garden Sticks met doperwt en pepermunt zijn heerlijke gebakken koekjes, rijk aan vezels. Zonder kunstmatige kleur- en smaakstoffen of toegevoegde suikers. Geef uw huisdier 1-2 snacks per dag, afhankelijk van de grootte van uw huisdier. Voor en na het openen [&hellip;]<\/p>\n","protected":false},"featured_media":120207,"comment_status":"open","ping_status":"closed","template":"","meta":{"_acf_changed":false,"_nl_post_content":"<p>Science Selective Naturals Garden Sticks zijn natuurlijke snacks voor konijnen, cavia's, chinchilla\u2019s en degoes. Deze Garden Sticks met doperwt en pepermunt zijn heerlijke gebakken koekjes, rijk aan vezels. Zonder kunstmatige kleur- en smaakstoffen of toegevoegde suikers.<\/p>\r\n<p>Geef uw huisdier 1-2 snacks per dag, afhankelijk van de grootte van uw huisdier. Voor en na het openen op een koele droge plaats bewaren. Zorg dat er altijd vers hooi en water beschikbaar is.<\/p>","_nl_post_name":"selective-naturals-garden-sticks-konijn-60-gram","_nl_post_excerpt":"","_nl_post_title":"Selective Naturals Garden Sticks Konijn | 60 gram","_en_post_content":"<p>Science Selective Naturals Garden Sticks are natural snacks for rabbits, guinea pigs, chinchillas and degus. These Garden Sticks with pea and peppermint are delicious baked biscuits, rich in fibre. Without artificial colors and flavors or added sugars.<\/p>\n<p>Feed your pet 1-2 snacks per day, depending on the size of your pet. Store in a cool dry place before and after opening. Always have fresh hay and water available.<\/p>","_en_post_name":"selective-naturals-garden-sticks-rabbit-60-grams","_en_post_excerpt":"","_en_post_title":"Selective Naturals Garden Sticks Rabbit | 60 grams","_de_post_content":"<p>Science Selective Naturals Garden Sticks sind nat\u00fcrliche Snacks f\u00fcr Kaninchen, Meerschweinchen, Chinchillas und Degus. Diese Garden Sticks mit Erbsen und Pfefferminze sind k\u00f6stliche gebackene Kekse, reich an Ballaststoffen. Ohne k\u00fcnstliche Farb- und Aromastoffe oder zugesetzten Zucker.<\/p>\n<p>F\u00fcttern Sie Ihr Haustier je nach Gr\u00f6\u00dfe Ihres Haustieres mit 1\u20132 Snacks pro Tag. Vor und nach dem \u00d6ffnen an einem k\u00fchlen, trockenen Ort aufbewahren. Halten Sie immer frisches Heu und Wasser bereit.<\/p>","_de_post_name":"selective-naturals-garden-sticks-kaninchen-60-gramm","_de_post_excerpt":"","_de_post_title":"Selective Naturals Garden Sticks Kaninchen | 60 Gramm","_fr_post_content":"<p>Les b\u00e2tons de jardin Science Selective Naturals sont des collations naturelles pour lapins, cobayes, chinchillas et d\u00e9gus. Ces Garden Sticks aux petits pois et \u00e0 la menthe poivr\u00e9e sont de d\u00e9licieux biscuits cuits au four, riches en fibres. Sans colorants ni ar\u00f4mes artificiels ni sucres ajout\u00e9s.<\/p>\n<p>Donnez \u00e0 votre animal 1 \u00e0 2 collations par jour, selon sa taille. A conserver dans un endroit frais et sec avant et apr\u00e8s ouverture. Ayez toujours du foin frais et de l\u2019eau \u00e0 disposition.<\/p>","_fr_post_name":"selective-naturals-garden-batons-lapin-60-grammes","_fr_post_excerpt":"","_fr_post_title":"Selective Naturals Garden B\u00e2tons Lapin | 60 grammes","_es_post_content":"<p>Science Selective Naturals Garden Sticks son snacks naturales para conejos, cobayas, chinchillas y degus. Estos Garden Sticks con guisante y hierbabuena son unas deliciosas galletas horneadas, ricas en fibra. Sin colorantes ni sabores artificiales ni az\u00facares a\u00f1adidos.<\/p>\n<p>Alimente a su mascota con 1 o 2 bocadillos por d\u00eda, dependiendo del tama\u00f1o de su mascota. Conservar en un lugar fresco y seco antes y despu\u00e9s de abrir. Tenga siempre disponible heno fresco y agua.<\/p>","_es_post_name":"selective-naturals-garden-palos-conejo-60-gramos","_es_post_excerpt":"","_es_post_title":"Selective Naturals Garden Palos Conejo | 60 gramos","edit_language":"nl"},"product_brand":[],"product_cat":[2229,2230,1825,1826,1857,1824,2159],"product_tag":[],"class_list":{"0":"post-120208","1":"product","2":"type-product","3":"status-publish","4":"has-post-thumbnail","6":"product_cat-cavia","7":"product_cat-caviavoer","8":"product_cat-konijnen","9":"product_cat-konijnenvoer","10":"product_cat-merken","11":"product_cat-overig","12":"product_cat-selective-naturals","13":"pa_aandoening-overig","14":"pa_doeldier-konijn","15":"pa_fabricatieland-uk","16":"pa_merkfilter-selectivenaturals","17":"pa_merkgroep-supreme","18":"pa_productsoort-voeding","19":"pa_toedieningswijze-sticks","20":"pa_unit_pricing_base_measure-10g","21":"pa_unit_pricing_measure-60g","22":"pa_werkzamestof-overig","24":"first","25":"instock","26":"taxable","27":"shipping-taxable","28":"purchasable","29":"product-type-simple"},"yoast_head":"<!-- This site is optimized with the Yoast SEO plugin v27.5 - https:\/\/yoast.com\/product\/yoast-seo-wordpress\/ -->\n<title>Selective Naturals Garden Sticks Konijn | 60 gram - Pharmacy4pets<\/title>\n<meta name=\"robots\" content=\"index, follow, max-snippet:-1, max-image-preview:large, max-video-preview:-1\" \/>\n<link rel=\"canonical\" href=\"https:\/\/p4p-nl.bootmine.com\/%product-slug%\/selective-naturals-garden-sticks-konijn-60-gram\" \/>\n<meta property=\"og:locale\" content=\"nl_NL\" \/>\n<meta property=\"og:type\" content=\"article\" \/>\n<meta property=\"og:title\" content=\"Selective Naturals Garden Sticks Konijn | 60 gram - Pharmacy4pets\" \/>\n<meta property=\"og:description\" content=\"Science Selective Naturals Garden Sticks zijn natuurlijke snacks voor konijnen, cavia&#8217;s, chinchilla\u2019s en degoes. Deze Garden Sticks met doperwt en pepermunt zijn heerlijke gebakken koekjes, rijk aan vezels. Zonder kunstmatige kleur- en smaakstoffen of toegevoegde suikers. Geef uw huisdier 1-2 snacks per dag, afhankelijk van de grootte van uw huisdier. Voor en na het openen [&hellip;]\" \/>\n<meta property=\"og:url\" content=\"https:\/\/p4p-nl.bootmine.com\/%product-slug%\/selective-naturals-garden-sticks-konijn-60-gram\" \/>\n<meta property=\"og:site_name\" content=\"Pharmacy4pets\" \/>\n<meta property=\"article:publisher\" content=\"https:\/\/www.facebook.com\/people\/Pharmacy4petsnl\/100063484989896\/\" \/>\n<meta property=\"article:modified_time\" content=\"2026-04-14T08:05:12+00:00\" \/>\n<meta property=\"og:image\" content=\"https:\/\/p4p-nl.bootmine.com\/wp-content\/uploads\/2023\/03\/23166.jpg\" \/>\n\t<meta property=\"og:image:width\" content=\"600\" \/>\n\t<meta property=\"og:image:height\" content=\"600\" \/>\n\t<meta property=\"og:image:type\" content=\"image\/jpeg\" \/>\n<meta name=\"twitter:card\" content=\"summary_large_image\" \/>\n<script type=\"application\/ld+json\" class=\"yoast-schema-graph\">{\"@context\":\"https:\\\/\\\/schema.org\",\"@graph\":[{\"@type\":\"WebPage\",\"@id\":\"https:\\\/\\\/p4p-nl.bootmine.com\\\/%product-slug%\\\/selective-naturals-garden-sticks-konijn-60-gram\",\"url\":\"https:\\\/\\\/p4p-nl.bootmine.com\\\/%product-slug%\\\/selective-naturals-garden-sticks-konijn-60-gram\",\"name\":\"Selective Naturals Garden Sticks Konijn | 60 gram - Pharmacy4pets\",\"isPartOf\":{\"@id\":\"http:\\\/\\\/www.pharmacy4pets.nl\\\/#website\"},\"primaryImageOfPage\":{\"@id\":\"https:\\\/\\\/p4p-nl.bootmine.com\\\/%product-slug%\\\/selective-naturals-garden-sticks-konijn-60-gram#primaryimage\"},\"image\":{\"@id\":\"https:\\\/\\\/p4p-nl.bootmine.com\\\/%product-slug%\\\/selective-naturals-garden-sticks-konijn-60-gram#primaryimage\"},\"thumbnailUrl\":\"https:\\\/\\\/www.pharmacy4pets.nl\\\/wp-content\\\/uploads\\\/2023\\\/03\\\/23166.jpg\",\"datePublished\":\"2023-03-10T12:18:46+00:00\",\"dateModified\":\"2026-04-14T08:05:12+00:00\",\"breadcrumb\":{\"@id\":\"https:\\\/\\\/p4p-nl.bootmine.com\\\/%product-slug%\\\/selective-naturals-garden-sticks-konijn-60-gram#breadcrumb\"},\"inLanguage\":\"nl-NL\",\"potentialAction\":[{\"@type\":\"ReadAction\",\"target\":[\"https:\\\/\\\/p4p-nl.bootmine.com\\\/%product-slug%\\\/selective-naturals-garden-sticks-konijn-60-gram\"]}]},{\"@type\":\"ImageObject\",\"inLanguage\":\"nl-NL\",\"@id\":\"https:\\\/\\\/p4p-nl.bootmine.com\\\/%product-slug%\\\/selective-naturals-garden-sticks-konijn-60-gram#primaryimage\",\"url\":\"https:\\\/\\\/www.pharmacy4pets.nl\\\/wp-content\\\/uploads\\\/2023\\\/03\\\/23166.jpg\",\"contentUrl\":\"https:\\\/\\\/www.pharmacy4pets.nl\\\/wp-content\\\/uploads\\\/2023\\\/03\\\/23166.jpg\",\"width\":600,\"height\":600,\"caption\":\"Selective Naturals\"},{\"@type\":\"BreadcrumbList\",\"@id\":\"https:\\\/\\\/p4p-nl.bootmine.com\\\/%product-slug%\\\/selective-naturals-garden-sticks-konijn-60-gram#breadcrumb\",\"itemListElement\":[{\"@type\":\"ListItem\",\"position\":1,\"name\":\"Home\",\"item\":\"https:\\\/\\\/p4p-nl.bootmine.com\\\/\"},{\"@type\":\"ListItem\",\"position\":2,\"name\":\"Winkel\",\"item\":\"https:\\\/\\\/p4p-nl.bootmine.com\\\/winkel\"},{\"@type\":\"ListItem\",\"position\":3,\"name\":\"Selective Naturals Garden Sticks Konijn | 60 gram\"}]},{\"@type\":\"WebSite\",\"@id\":\"http:\\\/\\\/www.pharmacy4pets.nl\\\/#website\",\"url\":\"http:\\\/\\\/www.pharmacy4pets.nl\\\/\",\"name\":\"Pharmacy4pets\",\"description\":\"Pharmacy4pets.nl is d\u00e9 online apotheek waar u terecht kunt voor alle diergeneesmiddelen, verzorgingsproducten en dieetvoeding voor uw huisdier.\",\"publisher\":{\"@id\":\"http:\\\/\\\/www.pharmacy4pets.nl\\\/#organization\"},\"potentialAction\":[{\"@type\":\"SearchAction\",\"target\":{\"@type\":\"EntryPoint\",\"urlTemplate\":\"http:\\\/\\\/www.pharmacy4pets.nl\\\/?s={search_term_string}\"},\"query-input\":{\"@type\":\"PropertyValueSpecification\",\"valueRequired\":true,\"valueName\":\"search_term_string\"}}],\"inLanguage\":\"nl-NL\"},{\"@type\":\"Organization\",\"@id\":\"http:\\\/\\\/www.pharmacy4pets.nl\\\/#organization\",\"name\":\"Pharmacy4pets\",\"url\":\"http:\\\/\\\/www.pharmacy4pets.nl\\\/\",\"logo\":{\"@type\":\"ImageObject\",\"inLanguage\":\"nl-NL\",\"@id\":\"http:\\\/\\\/www.pharmacy4pets.nl\\\/#\\\/schema\\\/logo\\\/image\\\/\",\"url\":\"https:\\\/\\\/p4p-nl.bootmine.com\\\/wp-content\\\/uploads\\\/2026\\\/03\\\/logo-pharmacy4pets.png\",\"contentUrl\":\"https:\\\/\\\/p4p-nl.bootmine.com\\\/wp-content\\\/uploads\\\/2026\\\/03\\\/logo-pharmacy4pets.png\",\"width\":1024,\"height\":135,\"caption\":\"Pharmacy4pets\"},\"image\":{\"@id\":\"http:\\\/\\\/www.pharmacy4pets.nl\\\/#\\\/schema\\\/logo\\\/image\\\/\"},\"sameAs\":[\"https:\\\/\\\/www.facebook.com\\\/people\\\/Pharmacy4petsnl\\\/100063484989896\\\/\",\"https:\\\/\\\/www.youtube.com\\\/channel\\\/UCGPTIgucgli03tP2_kvLkHg\\\/featured\",\"https:\\\/\\\/www.instagram.com\\\/pharmacy4pets.nl\"]}]}<\/script>\n<!-- \/ Yoast SEO plugin. -->","yoast_head_json":{"title":"Selective Naturals Garden Sticks Konijn | 60 gram - Pharmacy4pets","robots":{"index":"index","follow":"follow","max-snippet":"max-snippet:-1","max-image-preview":"max-image-preview:large","max-video-preview":"max-video-preview:-1"},"canonical":"https:\/\/p4p-nl.bootmine.com\/%product-slug%\/selective-naturals-garden-sticks-konijn-60-gram","og_locale":"nl_NL","og_type":"article","og_title":"Selective Naturals Garden Sticks Konijn | 60 gram - Pharmacy4pets","og_description":"Science Selective Naturals Garden Sticks zijn natuurlijke snacks voor konijnen, cavia&#8217;s, chinchilla\u2019s en degoes. Deze Garden Sticks met doperwt en pepermunt zijn heerlijke gebakken koekjes, rijk aan vezels. Zonder kunstmatige kleur- en smaakstoffen of toegevoegde suikers. Geef uw huisdier 1-2 snacks per dag, afhankelijk van de grootte van uw huisdier. Voor en na het openen [&hellip;]","og_url":"https:\/\/p4p-nl.bootmine.com\/%product-slug%\/selective-naturals-garden-sticks-konijn-60-gram","og_site_name":"Pharmacy4pets","article_publisher":"https:\/\/www.facebook.com\/people\/Pharmacy4petsnl\/100063484989896\/","article_modified_time":"2026-04-14T08:05:12+00:00","og_image":[{"width":600,"height":600,"url":"https:\/\/p4p-nl.bootmine.com\/wp-content\/uploads\/2023\/03\/23166.jpg","type":"image\/jpeg"}],"twitter_card":"summary_large_image","schema":{"@context":"https:\/\/schema.org","@graph":[{"@type":"WebPage","@id":"https:\/\/p4p-nl.bootmine.com\/%product-slug%\/selective-naturals-garden-sticks-konijn-60-gram","url":"https:\/\/p4p-nl.bootmine.com\/%product-slug%\/selective-naturals-garden-sticks-konijn-60-gram","name":"Selective Naturals Garden Sticks Konijn | 60 gram - Pharmacy4pets","isPartOf":{"@id":"http:\/\/www.pharmacy4pets.nl\/#website"},"primaryImageOfPage":{"@id":"https:\/\/p4p-nl.bootmine.com\/%product-slug%\/selective-naturals-garden-sticks-konijn-60-gram#primaryimage"},"image":{"@id":"https:\/\/p4p-nl.bootmine.com\/%product-slug%\/selective-naturals-garden-sticks-konijn-60-gram#primaryimage"},"thumbnailUrl":"https:\/\/www.pharmacy4pets.nl\/wp-content\/uploads\/2023\/03\/23166.jpg","datePublished":"2023-03-10T12:18:46+00:00","dateModified":"2026-04-14T08:05:12+00:00","breadcrumb":{"@id":"https:\/\/p4p-nl.bootmine.com\/%product-slug%\/selective-naturals-garden-sticks-konijn-60-gram#breadcrumb"},"inLanguage":"nl-NL","potentialAction":[{"@type":"ReadAction","target":["https:\/\/p4p-nl.bootmine.com\/%product-slug%\/selective-naturals-garden-sticks-konijn-60-gram"]}]},{"@type":"ImageObject","inLanguage":"nl-NL","@id":"https:\/\/p4p-nl.bootmine.com\/%product-slug%\/selective-naturals-garden-sticks-konijn-60-gram#primaryimage","url":"https:\/\/www.pharmacy4pets.nl\/wp-content\/uploads\/2023\/03\/23166.jpg","contentUrl":"https:\/\/www.pharmacy4pets.nl\/wp-content\/uploads\/2023\/03\/23166.jpg","width":600,"height":600,"caption":"Selective Naturals"},{"@type":"BreadcrumbList","@id":"https:\/\/p4p-nl.bootmine.com\/%product-slug%\/selective-naturals-garden-sticks-konijn-60-gram#breadcrumb","itemListElement":[{"@type":"ListItem","position":1,"name":"Home","item":"https:\/\/p4p-nl.bootmine.com\/"},{"@type":"ListItem","position":2,"name":"Winkel","item":"https:\/\/p4p-nl.bootmine.com\/winkel"},{"@type":"ListItem","position":3,"name":"Selective Naturals Garden Sticks Konijn | 60 gram"}]},{"@type":"WebSite","@id":"http:\/\/www.pharmacy4pets.nl\/#website","url":"http:\/\/www.pharmacy4pets.nl\/","name":"Pharmacy4pets","description":"Pharmacy4pets.nl is d\u00e9 online apotheek waar u terecht kunt voor alle diergeneesmiddelen, verzorgingsproducten en dieetvoeding voor uw huisdier.","publisher":{"@id":"http:\/\/www.pharmacy4pets.nl\/#organization"},"potentialAction":[{"@type":"SearchAction","target":{"@type":"EntryPoint","urlTemplate":"http:\/\/www.pharmacy4pets.nl\/?s={search_term_string}"},"query-input":{"@type":"PropertyValueSpecification","valueRequired":true,"valueName":"search_term_string"}}],"inLanguage":"nl-NL"},{"@type":"Organization","@id":"http:\/\/www.pharmacy4pets.nl\/#organization","name":"Pharmacy4pets","url":"http:\/\/www.pharmacy4pets.nl\/","logo":{"@type":"ImageObject","inLanguage":"nl-NL","@id":"http:\/\/www.pharmacy4pets.nl\/#\/schema\/logo\/image\/","url":"https:\/\/p4p-nl.bootmine.com\/wp-content\/uploads\/2026\/03\/logo-pharmacy4pets.png","contentUrl":"https:\/\/p4p-nl.bootmine.com\/wp-content\/uploads\/2026\/03\/logo-pharmacy4pets.png","width":1024,"height":135,"caption":"Pharmacy4pets"},"image":{"@id":"http:\/\/www.pharmacy4pets.nl\/#\/schema\/logo\/image\/"},"sameAs":["https:\/\/www.facebook.com\/people\/Pharmacy4petsnl\/100063484989896\/","https:\/\/www.youtube.com\/channel\/UCGPTIgucgli03tP2_kvLkHg\/featured","https:\/\/www.instagram.com\/pharmacy4pets.nl"]}]}},"market_data":{"nl":{"price":0,"sale_price":0,"active":false,"url":null,"parent_url":"","tax_rate":0,"price_inc_tax":0,"sale_price_inc_tax":0},"de":{"price":0,"sale_price":0,"active":false,"url":null,"parent_url":"","tax_rate":0,"price_inc_tax":0,"sale_price_inc_tax":0},"be":{"price":0,"sale_price":0,"active":false,"url":null,"parent_url":"","tax_rate":0,"price_inc_tax":0,"sale_price_inc_tax":0},"fr":{"price":0,"sale_price":0,"active":false,"url":null,"parent_url":"","tax_rate":0,"price_inc_tax":0,"sale_price_inc_tax":0},"ch":{"price":0,"sale_price":0,"active":false,"url":null,"parent_url":"","tax_rate":0,"price_inc_tax":0,"sale_price_inc_tax":0},"at":{"price":0,"sale_price":0,"active":false,"url":null,"parent_url":"","tax_rate":0,"price_inc_tax":0,"sale_price_inc_tax":0},"es":{"price":0,"sale_price":0,"active":false,"url":null,"parent_url":"","tax_rate":0,"price_inc_tax":0,"sale_price_inc_tax":0},"dk":{"price":0,"sale_price":0,"active":false,"url":null,"parent_url":"","tax_rate":0,"price_inc_tax":0,"sale_price_inc_tax":0},"com":{"price":0,"sale_price":0,"active":false,"url":null,"parent_url":"","tax_rate":0,"price_inc_tax":0,"sale_price_inc_tax":0}},"market_nl_price":0,"market_nl_sale_price":0,"market_nl_active":false,"market_nl_url":null,"market_nl_parent_url":"","market_nl_tax_rate":0,"market_nl_price_inc_tax":0,"market_nl_sale_price_inc_tax":0,"market_de_price":0,"market_de_sale_price":0,"market_de_active":false,"market_de_url":null,"market_de_parent_url":"","market_de_tax_rate":0,"market_de_price_inc_tax":0,"market_de_sale_price_inc_tax":0,"market_be_price":0,"market_be_sale_price":0,"market_be_active":false,"market_be_url":null,"market_be_parent_url":"","market_be_tax_rate":0,"market_be_price_inc_tax":0,"market_be_sale_price_inc_tax":0,"market_fr_price":0,"market_fr_sale_price":0,"market_fr_active":false,"market_fr_url":null,"market_fr_parent_url":"","market_fr_tax_rate":0,"market_fr_price_inc_tax":0,"market_fr_sale_price_inc_tax":0,"market_ch_price":0,"market_ch_sale_price":0,"market_ch_active":false,"market_ch_url":null,"market_ch_parent_url":"","market_ch_tax_rate":0,"market_ch_price_inc_tax":0,"market_ch_sale_price_inc_tax":0,"market_at_price":0,"market_at_sale_price":0,"market_at_active":false,"market_at_url":null,"market_at_parent_url":"","market_at_tax_rate":0,"market_at_price_inc_tax":0,"market_at_sale_price_inc_tax":0,"market_es_price":0,"market_es_sale_price":0,"market_es_active":false,"market_es_url":null,"market_es_parent_url":"","market_es_tax_rate":0,"market_es_price_inc_tax":0,"market_es_sale_price_inc_tax":0,"market_dk_price":0,"market_dk_sale_price":0,"market_dk_active":false,"market_dk_url":null,"market_dk_parent_url":"","market_dk_tax_rate":0,"market_dk_price_inc_tax":0,"market_dk_sale_price_inc_tax":0,"market_com_price":0,"market_com_sale_price":0,"market_com_active":false,"market_com_url":null,"market_com_parent_url":"","market_com_tax_rate":0,"market_com_price_inc_tax":0,"market_com_sale_price_inc_tax":0,"acf":[],"_links":{"self":[{"href":"https:\/\/www.pharmacy4pets.nl\/be\/wp-json\/wp\/v2\/product\/120208","targetHints":{"allow":["GET"]}}],"collection":[{"href":"https:\/\/www.pharmacy4pets.nl\/be\/wp-json\/wp\/v2\/product"}],"about":[{"href":"https:\/\/www.pharmacy4pets.nl\/be\/wp-json\/wp\/v2\/types\/product"}],"replies":[{"embeddable":true,"href":"https:\/\/www.pharmacy4pets.nl\/be\/wp-json\/wp\/v2\/comments?post=120208"}],"wp:featuredmedia":[{"embeddable":true,"href":"https:\/\/www.pharmacy4pets.nl\/be\/wp-json\/wp\/v2\/media\/120207"}],"wp:attachment":[{"href":"https:\/\/www.pharmacy4pets.nl\/be\/wp-json\/wp\/v2\/media?parent=120208"}],"wp:term":[{"taxonomy":"product_brand","embeddable":true,"href":"https:\/\/www.pharmacy4pets.nl\/be\/wp-json\/wp\/v2\/product_brand?post=120208"},{"taxonomy":"product_cat","embeddable":true,"href":"https:\/\/www.pharmacy4pets.nl\/be\/wp-json\/wp\/v2\/product_cat?post=120208"},{"taxonomy":"product_tag","embeddable":true,"href":"https:\/\/www.pharmacy4pets.nl\/be\/wp-json\/wp\/v2\/product_tag?post=120208"}],"curies":[{"name":"wp","href":"https:\/\/api.w.org\/{rel}","templated":true}]}}