{"id":120202,"date":"2023-03-10T12:18:45","date_gmt":"2023-03-10T12:18:45","guid":{"rendered":"https:\/\/p4p.test\/selective-naturals-berry-loops-80-gram"},"modified":"2026-04-14T08:05:11","modified_gmt":"2026-04-14T08:05:11","slug":"selective-naturals-berry-loops-80-gram","status":"publish","type":"product","link":"https:\/\/www.pharmacy4pets.nl\/be\/selective-naturals-berry-loops-80-gram","title":{"rendered":"Selective Naturals Berry Loops | 80 gram"},"content":{"rendered":"<p>Selective Naturals Berry Loops zijn smakelijke snacks voor uw konijn of cavia. De snoepjes zijn rijk aan natuurlijke ingredi\u00ebnten en door het hoge vezelgehalte zijn de Berry loops ook geschikt voor chinchilla&#8217;s. De Berry Loops bevatten geen toegevoegde suikers en zijn een gezonde manier om uw huisdier extra te verwennen.<\/p>\n","protected":false},"excerpt":{"rendered":"<p>Selective Naturals Berry Loops zijn smakelijke snacks voor uw konijn of cavia. De snoepjes zijn rijk aan natuurlijke ingredi\u00ebnten en door het hoge vezelgehalte zijn de Berry loops ook geschikt voor chinchilla&#8217;s. De Berry Loops bevatten geen toegevoegde suikers en zijn een gezonde manier om uw huisdier extra te verwennen.<\/p>\n","protected":false},"featured_media":120201,"comment_status":"open","ping_status":"closed","template":"","meta":{"_acf_changed":false,"_nl_post_content":"<p>Selective Naturals Berry Loops zijn smakelijke snacks voor uw konijn of cavia. De snoepjes zijn rijk aan natuurlijke ingredi\u00ebnten en door het hoge vezelgehalte zijn de Berry loops ook geschikt voor chinchilla's. De Berry Loops bevatten geen toegevoegde suikers en zijn een gezonde manier om uw huisdier extra te verwennen.<\/p>","_nl_post_name":"selective-naturals-berry-loops-80-gram","_nl_post_excerpt":"","_nl_post_title":"Selective Naturals Berry Loops | 80 gram","_en_post_content":"Selective Naturals Berry Loops are tasty snacks for your rabbit or guinea pig. The sweets are rich in natural ingredients and due to the high fiber content, the Berry loops are also suitable for chinchillas. The Berry Loops contain no added sugars and are a healthy way to spoil your pet.","_en_post_name":"selective-naturals-berry-loops-80-grams","_en_post_excerpt":"","_en_post_title":"Selective Naturals Berry Loops | 80 grams","_de_post_content":"Selective Naturals Berry Loops sind leckere Snacks f\u00fcr Ihr Kaninchen oder Meerschweinchen. Die Bonbons sind reich an nat\u00fcrlichen Zutaten und aufgrund des hohen Ballaststoffgehalts sind die Berry Loops auch f\u00fcr Chinchillas geeignet. Die Berry Loops enthalten keinen zugesetzten Zucker und sind eine gesunde Art, Ihr Haustier zu verw\u00f6hnen.","_de_post_name":"selective-naturals-berry-loops-80-gramm","_de_post_excerpt":"","_de_post_title":"Selective Naturals Berry Loops | 80 Gramm","_fr_post_content":"Les Selective Naturals Berry Loops sont des collations savoureuses pour votre lapin ou votre cochon d'Inde. Les bonbons sont riches en ingr\u00e9dients naturels et, gr\u00e2ce \u00e0 leur teneur \u00e9lev\u00e9e en fibres, les Berry Loops conviennent \u00e9galement aux chinchillas. Les Berry Loops ne contiennent pas de sucres ajout\u00e9s et constituent une fa\u00e7on saine de g\u00e2ter votre animal de compagnie.","_fr_post_name":"selective-naturals-berry-loops-80-grammes","_fr_post_excerpt":"","_fr_post_title":"Selective Naturals Berry Loops | 80 grammes","_es_post_content":"Los Berry Loops de Selective Naturals son bocadillos deliciosos para su conejo o cobaya. Los dulces son ricos en ingredientes naturales y, debido a su alto contenido en fibra, los Berry Loops tambi\u00e9n son adecuados para chinchillas. Los Berry Loops no contienen az\u00facares a\u00f1adidos y son una forma saludable de mimar a tu mascota.","_es_post_name":"selective-naturals-berry-loops-80-gramos","_es_post_excerpt":"","_es_post_title":"Selective Naturals Berry Loops | 80 gramos","edit_language":"nl"},"product_brand":[],"product_cat":[2229,2230,1857,1824,2159],"product_tag":[],"class_list":{"0":"post-120202","1":"product","2":"type-product","3":"status-publish","4":"has-post-thumbnail","6":"product_cat-cavia","7":"product_cat-caviavoer","8":"product_cat-merken","9":"product_cat-overig","10":"product_cat-selective-naturals","11":"pa_aandoening-overig","12":"pa_doeldier-knaagdier","13":"pa_fabricatieland-uk","14":"pa_merkfilter-selectivenaturals","15":"pa_merkgroep-supreme","16":"pa_productsoort-voeding","17":"pa_toedieningswijze-snack","18":"pa_unit_pricing_base_measure-10g","19":"pa_unit_pricing_measure-80g","20":"pa_werkzamestof-overig","22":"first","23":"instock","24":"taxable","25":"shipping-taxable","26":"purchasable","27":"product-type-simple"},"yoast_head":"<!-- This site is optimized with the Yoast SEO plugin v27.5 - https:\/\/yoast.com\/product\/yoast-seo-wordpress\/ -->\n<title>Selective Naturals Berry Loops | 80 gram - Pharmacy4pets<\/title>\n<meta name=\"robots\" content=\"index, follow, max-snippet:-1, max-image-preview:large, max-video-preview:-1\" \/>\n<link rel=\"canonical\" href=\"https:\/\/www.pharmacy4pets.nl\/selective-naturals-berry-loops-80-gram\" \/>\n<meta property=\"og:locale\" content=\"nl_NL\" \/>\n<meta property=\"og:type\" content=\"article\" \/>\n<meta property=\"og:title\" content=\"Selective Naturals Berry Loops | 80 gram - Pharmacy4pets\" \/>\n<meta property=\"og:description\" content=\"Selective Naturals Berry Loops zijn smakelijke snacks voor uw konijn of cavia. De snoepjes zijn rijk aan natuurlijke ingredi\u00ebnten en door het hoge vezelgehalte zijn de Berry loops ook geschikt voor chinchilla&#8217;s. De Berry Loops bevatten geen toegevoegde suikers en zijn een gezonde manier om uw huisdier extra te verwennen.\" \/>\n<meta property=\"og:url\" content=\"https:\/\/www.pharmacy4pets.nl\/selective-naturals-berry-loops-80-gram\" \/>\n<meta property=\"og:site_name\" content=\"Pharmacy4pets\" \/>\n<meta property=\"article:publisher\" content=\"https:\/\/www.facebook.com\/people\/Pharmacy4petsnl\/100063484989896\/\" \/>\n<meta property=\"article:modified_time\" content=\"2026-04-14T08:05:11+00:00\" \/>\n<meta property=\"og:image\" content=\"https:\/\/www.pharmacy4pets.nl\/wp-content\/uploads\/2023\/03\/25458.jpg\" \/>\n\t<meta property=\"og:image:width\" content=\"600\" \/>\n\t<meta property=\"og:image:height\" content=\"600\" \/>\n\t<meta property=\"og:image:type\" content=\"image\/jpeg\" \/>\n<meta name=\"twitter:card\" content=\"summary_large_image\" \/>\n<script type=\"application\/ld+json\" class=\"yoast-schema-graph\">{\"@context\":\"https:\\\/\\\/schema.org\",\"@graph\":[{\"@type\":\"WebPage\",\"@id\":\"https:\\\/\\\/www.pharmacy4pets.nl\\\/selective-naturals-berry-loops-80-gram\",\"url\":\"https:\\\/\\\/www.pharmacy4pets.nl\\\/selective-naturals-berry-loops-80-gram\",\"name\":\"Selective Naturals Berry Loops | 80 gram - Pharmacy4pets\",\"isPartOf\":{\"@id\":\"http:\\\/\\\/www.pharmacy4pets.nl\\\/#website\"},\"primaryImageOfPage\":{\"@id\":\"https:\\\/\\\/www.pharmacy4pets.nl\\\/selective-naturals-berry-loops-80-gram#primaryimage\"},\"image\":{\"@id\":\"https:\\\/\\\/www.pharmacy4pets.nl\\\/selective-naturals-berry-loops-80-gram#primaryimage\"},\"thumbnailUrl\":\"https:\\\/\\\/www.pharmacy4pets.nl\\\/wp-content\\\/uploads\\\/2023\\\/03\\\/25458.jpg\",\"datePublished\":\"2023-03-10T12:18:45+00:00\",\"dateModified\":\"2026-04-14T08:05:11+00:00\",\"breadcrumb\":{\"@id\":\"https:\\\/\\\/www.pharmacy4pets.nl\\\/selective-naturals-berry-loops-80-gram#breadcrumb\"},\"inLanguage\":\"nl-NL\",\"potentialAction\":[{\"@type\":\"ReadAction\",\"target\":[\"https:\\\/\\\/www.pharmacy4pets.nl\\\/selective-naturals-berry-loops-80-gram\"]}]},{\"@type\":\"ImageObject\",\"inLanguage\":\"nl-NL\",\"@id\":\"https:\\\/\\\/www.pharmacy4pets.nl\\\/selective-naturals-berry-loops-80-gram#primaryimage\",\"url\":\"https:\\\/\\\/www.pharmacy4pets.nl\\\/wp-content\\\/uploads\\\/2023\\\/03\\\/25458.jpg\",\"contentUrl\":\"https:\\\/\\\/www.pharmacy4pets.nl\\\/wp-content\\\/uploads\\\/2023\\\/03\\\/25458.jpg\",\"width\":600,\"height\":600,\"caption\":\"Selective Naturals Berry Loops\"},{\"@type\":\"BreadcrumbList\",\"@id\":\"https:\\\/\\\/www.pharmacy4pets.nl\\\/selective-naturals-berry-loops-80-gram#breadcrumb\",\"itemListElement\":[{\"@type\":\"ListItem\",\"position\":1,\"name\":\"Home\",\"item\":\"https:\\\/\\\/p4p-nl.bootmine.com\\\/\"},{\"@type\":\"ListItem\",\"position\":2,\"name\":\"Winkel\",\"item\":\"https:\\\/\\\/p4p-nl.bootmine.com\\\/winkel\"},{\"@type\":\"ListItem\",\"position\":3,\"name\":\"Selective Naturals Berry Loops | 80 gram\"}]},{\"@type\":\"WebSite\",\"@id\":\"http:\\\/\\\/www.pharmacy4pets.nl\\\/#website\",\"url\":\"http:\\\/\\\/www.pharmacy4pets.nl\\\/\",\"name\":\"Pharmacy4pets\",\"description\":\"Pharmacy4pets.nl is d\u00e9 online apotheek waar u terecht kunt voor alle diergeneesmiddelen, verzorgingsproducten en dieetvoeding voor uw huisdier.\",\"publisher\":{\"@id\":\"http:\\\/\\\/www.pharmacy4pets.nl\\\/#organization\"},\"potentialAction\":[{\"@type\":\"SearchAction\",\"target\":{\"@type\":\"EntryPoint\",\"urlTemplate\":\"http:\\\/\\\/www.pharmacy4pets.nl\\\/?s={search_term_string}\"},\"query-input\":{\"@type\":\"PropertyValueSpecification\",\"valueRequired\":true,\"valueName\":\"search_term_string\"}}],\"inLanguage\":\"nl-NL\"},{\"@type\":\"Organization\",\"@id\":\"http:\\\/\\\/www.pharmacy4pets.nl\\\/#organization\",\"name\":\"Pharmacy4pets\",\"url\":\"http:\\\/\\\/www.pharmacy4pets.nl\\\/\",\"logo\":{\"@type\":\"ImageObject\",\"inLanguage\":\"nl-NL\",\"@id\":\"http:\\\/\\\/www.pharmacy4pets.nl\\\/#\\\/schema\\\/logo\\\/image\\\/\",\"url\":\"https:\\\/\\\/p4p-nl.bootmine.com\\\/wp-content\\\/uploads\\\/2026\\\/03\\\/logo-pharmacy4pets.png\",\"contentUrl\":\"https:\\\/\\\/p4p-nl.bootmine.com\\\/wp-content\\\/uploads\\\/2026\\\/03\\\/logo-pharmacy4pets.png\",\"width\":1024,\"height\":135,\"caption\":\"Pharmacy4pets\"},\"image\":{\"@id\":\"http:\\\/\\\/www.pharmacy4pets.nl\\\/#\\\/schema\\\/logo\\\/image\\\/\"},\"sameAs\":[\"https:\\\/\\\/www.facebook.com\\\/people\\\/Pharmacy4petsnl\\\/100063484989896\\\/\",\"https:\\\/\\\/www.youtube.com\\\/channel\\\/UCGPTIgucgli03tP2_kvLkHg\\\/featured\",\"https:\\\/\\\/www.instagram.com\\\/pharmacy4pets.nl\"]}]}<\/script>\n<!-- \/ Yoast SEO plugin. -->","yoast_head_json":{"title":"Selective Naturals Berry Loops | 80 gram - Pharmacy4pets","robots":{"index":"index","follow":"follow","max-snippet":"max-snippet:-1","max-image-preview":"max-image-preview:large","max-video-preview":"max-video-preview:-1"},"canonical":"https:\/\/www.pharmacy4pets.nl\/selective-naturals-berry-loops-80-gram","og_locale":"nl_NL","og_type":"article","og_title":"Selective Naturals Berry Loops | 80 gram - Pharmacy4pets","og_description":"Selective Naturals Berry Loops zijn smakelijke snacks voor uw konijn of cavia. De snoepjes zijn rijk aan natuurlijke ingredi\u00ebnten en door het hoge vezelgehalte zijn de Berry loops ook geschikt voor chinchilla&#8217;s. De Berry Loops bevatten geen toegevoegde suikers en zijn een gezonde manier om uw huisdier extra te verwennen.","og_url":"https:\/\/www.pharmacy4pets.nl\/selective-naturals-berry-loops-80-gram","og_site_name":"Pharmacy4pets","article_publisher":"https:\/\/www.facebook.com\/people\/Pharmacy4petsnl\/100063484989896\/","article_modified_time":"2026-04-14T08:05:11+00:00","og_image":[{"width":600,"height":600,"url":"https:\/\/www.pharmacy4pets.nl\/wp-content\/uploads\/2023\/03\/25458.jpg","type":"image\/jpeg"}],"twitter_card":"summary_large_image","schema":{"@context":"https:\/\/schema.org","@graph":[{"@type":"WebPage","@id":"https:\/\/www.pharmacy4pets.nl\/selective-naturals-berry-loops-80-gram","url":"https:\/\/www.pharmacy4pets.nl\/selective-naturals-berry-loops-80-gram","name":"Selective Naturals Berry Loops | 80 gram - Pharmacy4pets","isPartOf":{"@id":"http:\/\/www.pharmacy4pets.nl\/#website"},"primaryImageOfPage":{"@id":"https:\/\/www.pharmacy4pets.nl\/selective-naturals-berry-loops-80-gram#primaryimage"},"image":{"@id":"https:\/\/www.pharmacy4pets.nl\/selective-naturals-berry-loops-80-gram#primaryimage"},"thumbnailUrl":"https:\/\/www.pharmacy4pets.nl\/wp-content\/uploads\/2023\/03\/25458.jpg","datePublished":"2023-03-10T12:18:45+00:00","dateModified":"2026-04-14T08:05:11+00:00","breadcrumb":{"@id":"https:\/\/www.pharmacy4pets.nl\/selective-naturals-berry-loops-80-gram#breadcrumb"},"inLanguage":"nl-NL","potentialAction":[{"@type":"ReadAction","target":["https:\/\/www.pharmacy4pets.nl\/selective-naturals-berry-loops-80-gram"]}]},{"@type":"ImageObject","inLanguage":"nl-NL","@id":"https:\/\/www.pharmacy4pets.nl\/selective-naturals-berry-loops-80-gram#primaryimage","url":"https:\/\/www.pharmacy4pets.nl\/wp-content\/uploads\/2023\/03\/25458.jpg","contentUrl":"https:\/\/www.pharmacy4pets.nl\/wp-content\/uploads\/2023\/03\/25458.jpg","width":600,"height":600,"caption":"Selective Naturals Berry Loops"},{"@type":"BreadcrumbList","@id":"https:\/\/www.pharmacy4pets.nl\/selective-naturals-berry-loops-80-gram#breadcrumb","itemListElement":[{"@type":"ListItem","position":1,"name":"Home","item":"https:\/\/p4p-nl.bootmine.com\/"},{"@type":"ListItem","position":2,"name":"Winkel","item":"https:\/\/p4p-nl.bootmine.com\/winkel"},{"@type":"ListItem","position":3,"name":"Selective Naturals Berry Loops | 80 gram"}]},{"@type":"WebSite","@id":"http:\/\/www.pharmacy4pets.nl\/#website","url":"http:\/\/www.pharmacy4pets.nl\/","name":"Pharmacy4pets","description":"Pharmacy4pets.nl is d\u00e9 online apotheek waar u terecht kunt voor alle diergeneesmiddelen, verzorgingsproducten en dieetvoeding voor uw huisdier.","publisher":{"@id":"http:\/\/www.pharmacy4pets.nl\/#organization"},"potentialAction":[{"@type":"SearchAction","target":{"@type":"EntryPoint","urlTemplate":"http:\/\/www.pharmacy4pets.nl\/?s={search_term_string}"},"query-input":{"@type":"PropertyValueSpecification","valueRequired":true,"valueName":"search_term_string"}}],"inLanguage":"nl-NL"},{"@type":"Organization","@id":"http:\/\/www.pharmacy4pets.nl\/#organization","name":"Pharmacy4pets","url":"http:\/\/www.pharmacy4pets.nl\/","logo":{"@type":"ImageObject","inLanguage":"nl-NL","@id":"http:\/\/www.pharmacy4pets.nl\/#\/schema\/logo\/image\/","url":"https:\/\/p4p-nl.bootmine.com\/wp-content\/uploads\/2026\/03\/logo-pharmacy4pets.png","contentUrl":"https:\/\/p4p-nl.bootmine.com\/wp-content\/uploads\/2026\/03\/logo-pharmacy4pets.png","width":1024,"height":135,"caption":"Pharmacy4pets"},"image":{"@id":"http:\/\/www.pharmacy4pets.nl\/#\/schema\/logo\/image\/"},"sameAs":["https:\/\/www.facebook.com\/people\/Pharmacy4petsnl\/100063484989896\/","https:\/\/www.youtube.com\/channel\/UCGPTIgucgli03tP2_kvLkHg\/featured","https:\/\/www.instagram.com\/pharmacy4pets.nl"]}]}},"market_data":{"nl":{"price":0,"sale_price":0,"active":false,"url":null,"parent_url":"","tax_rate":0,"price_inc_tax":0,"sale_price_inc_tax":0},"de":{"price":0,"sale_price":0,"active":false,"url":null,"parent_url":"","tax_rate":0,"price_inc_tax":0,"sale_price_inc_tax":0},"be":{"price":0,"sale_price":0,"active":false,"url":null,"parent_url":"","tax_rate":0,"price_inc_tax":0,"sale_price_inc_tax":0},"fr":{"price":0,"sale_price":0,"active":false,"url":null,"parent_url":"","tax_rate":0,"price_inc_tax":0,"sale_price_inc_tax":0},"ch":{"price":0,"sale_price":0,"active":false,"url":null,"parent_url":"","tax_rate":0,"price_inc_tax":0,"sale_price_inc_tax":0},"at":{"price":0,"sale_price":0,"active":false,"url":null,"parent_url":"","tax_rate":0,"price_inc_tax":0,"sale_price_inc_tax":0},"es":{"price":0,"sale_price":0,"active":false,"url":null,"parent_url":"","tax_rate":0,"price_inc_tax":0,"sale_price_inc_tax":0},"dk":{"price":0,"sale_price":0,"active":false,"url":null,"parent_url":"","tax_rate":0,"price_inc_tax":0,"sale_price_inc_tax":0},"com":{"price":0,"sale_price":0,"active":false,"url":null,"parent_url":"","tax_rate":0,"price_inc_tax":0,"sale_price_inc_tax":0}},"market_nl_price":0,"market_nl_sale_price":0,"market_nl_active":false,"market_nl_url":null,"market_nl_parent_url":"","market_nl_tax_rate":0,"market_nl_price_inc_tax":0,"market_nl_sale_price_inc_tax":0,"market_de_price":0,"market_de_sale_price":0,"market_de_active":false,"market_de_url":null,"market_de_parent_url":"","market_de_tax_rate":0,"market_de_price_inc_tax":0,"market_de_sale_price_inc_tax":0,"market_be_price":0,"market_be_sale_price":0,"market_be_active":false,"market_be_url":null,"market_be_parent_url":"","market_be_tax_rate":0,"market_be_price_inc_tax":0,"market_be_sale_price_inc_tax":0,"market_fr_price":0,"market_fr_sale_price":0,"market_fr_active":false,"market_fr_url":null,"market_fr_parent_url":"","market_fr_tax_rate":0,"market_fr_price_inc_tax":0,"market_fr_sale_price_inc_tax":0,"market_ch_price":0,"market_ch_sale_price":0,"market_ch_active":false,"market_ch_url":null,"market_ch_parent_url":"","market_ch_tax_rate":0,"market_ch_price_inc_tax":0,"market_ch_sale_price_inc_tax":0,"market_at_price":0,"market_at_sale_price":0,"market_at_active":false,"market_at_url":null,"market_at_parent_url":"","market_at_tax_rate":0,"market_at_price_inc_tax":0,"market_at_sale_price_inc_tax":0,"market_es_price":0,"market_es_sale_price":0,"market_es_active":false,"market_es_url":null,"market_es_parent_url":"","market_es_tax_rate":0,"market_es_price_inc_tax":0,"market_es_sale_price_inc_tax":0,"market_dk_price":0,"market_dk_sale_price":0,"market_dk_active":false,"market_dk_url":null,"market_dk_parent_url":"","market_dk_tax_rate":0,"market_dk_price_inc_tax":0,"market_dk_sale_price_inc_tax":0,"market_com_price":0,"market_com_sale_price":0,"market_com_active":false,"market_com_url":null,"market_com_parent_url":"","market_com_tax_rate":0,"market_com_price_inc_tax":0,"market_com_sale_price_inc_tax":0,"acf":[],"_links":{"self":[{"href":"https:\/\/www.pharmacy4pets.nl\/be\/wp-json\/wp\/v2\/product\/120202","targetHints":{"allow":["GET"]}}],"collection":[{"href":"https:\/\/www.pharmacy4pets.nl\/be\/wp-json\/wp\/v2\/product"}],"about":[{"href":"https:\/\/www.pharmacy4pets.nl\/be\/wp-json\/wp\/v2\/types\/product"}],"replies":[{"embeddable":true,"href":"https:\/\/www.pharmacy4pets.nl\/be\/wp-json\/wp\/v2\/comments?post=120202"}],"wp:featuredmedia":[{"embeddable":true,"href":"https:\/\/www.pharmacy4pets.nl\/be\/wp-json\/wp\/v2\/media\/120201"}],"wp:attachment":[{"href":"https:\/\/www.pharmacy4pets.nl\/be\/wp-json\/wp\/v2\/media?parent=120202"}],"wp:term":[{"taxonomy":"product_brand","embeddable":true,"href":"https:\/\/www.pharmacy4pets.nl\/be\/wp-json\/wp\/v2\/product_brand?post=120202"},{"taxonomy":"product_cat","embeddable":true,"href":"https:\/\/www.pharmacy4pets.nl\/be\/wp-json\/wp\/v2\/product_cat?post=120202"},{"taxonomy":"product_tag","embeddable":true,"href":"https:\/\/www.pharmacy4pets.nl\/be\/wp-json\/wp\/v2\/product_tag?post=120202"}],"curies":[{"name":"wp","href":"https:\/\/api.w.org\/{rel}","templated":true}]}}