{"id":120198,"date":"2023-03-10T12:18:45","date_gmt":"2023-03-10T12:18:45","guid":{"rendered":"https:\/\/p4p.test\/sectolin-vitamine-e-selenium-1-kg"},"modified":"2026-03-25T12:05:05","modified_gmt":"2026-03-25T12:05:05","slug":"sectolin-vitamine-e-selenium-1-kg","status":"publish","type":"product","link":"https:\/\/www.pharmacy4pets.nl\/be\/sectolin-vitamine-e-selenium-1-kg","title":{"rendered":"Sectolin Vitamine E Selenium | 1 kg"},"content":{"rendered":"<p>Sectolin Vitamine E + Selenium is een voedingssupplement voor paarden die in reguliere\/intensieve training zijn. Voor het behoud van een gezonde spierfunctie en bescherming van cellen tegen oxidatieve schade. Vitamine E + Selenium bevat Dextrose en Natriumchloride.<\/p>\n<p>Gebruiksaanwijzing (voederadvies):<\/p>\n<table>\n<tbody>\n<tr>\n<td width=\"217\">\n<p><strong>Arbeid<\/strong><\/p>\n<\/td>\n<td width=\"132\">\n<p><strong>Licht<\/strong><\/p>\n<\/td>\n<td width=\"123\">\n<p><strong>Middel<\/strong><\/p>\n<\/td>\n<td width=\"132\">\n<p><strong>Zwaar<\/strong><\/p>\n<\/td>\n<\/tr>\n<tr>\n<td width=\"217\">\n<p>Paard 500 kg<\/p>\n<\/td>\n<td width=\"132\">\n<p>20 g \/ dag<\/p>\n<\/td>\n<td width=\"123\">\n<p>30 g \/ dag<\/p>\n<\/td>\n<td width=\"132\">\n<p>40 g \/ dag<\/p>\n<\/td>\n<\/tr>\n<tr>\n<td width=\"217\">\n<p>Per 100 kg lichaamsgewicht<\/p>\n<\/td>\n<td width=\"132\">\n<p>4 g \/ dag<\/p>\n<\/td>\n<td width=\"123\">\n<p>6 g \/ dag<\/p>\n<\/td>\n<td width=\"132\">\n<p>8 g \/ dag<\/p>\n<\/td>\n<\/tr>\n<\/tbody>\n<\/table>\n<p>Een maatschepje = ca. 20 g.<br \/> Een emmer van 3 kg is bij een dagelijkse dosering van 20 g voldoende voor ca. 150 dagen.<\/p>\n<p> Bewaren:<br \/> Hersluit met deksel. Op een droge plaats bij kamertemperatuur bewaren. Buiten bereik van kinderen houden.<\/p>\n","protected":false},"excerpt":{"rendered":"<p>Sectolin Vitamine E + Selenium is een voedingssupplement voor paarden die in reguliere\/intensieve training zijn. Voor het behoud van een gezonde spierfunctie en bescherming van cellen tegen oxidatieve schade. Vitamine E + Selenium bevat Dextrose en Natriumchloride. Gebruiksaanwijzing (voederadvies): Arbeid Licht Middel Zwaar Paard 500 kg 20 g \/ dag 30 g \/ dag 40 [&hellip;]<\/p>\n","protected":false},"featured_media":120197,"comment_status":"open","ping_status":"closed","template":"","meta":{"_acf_changed":false,"_nl_post_content":"<p>Sectolin Vitamine E + Selenium is een voedingssupplement voor paarden die in reguliere\/intensieve training zijn. Voor het behoud van een gezonde spierfunctie en bescherming van cellen tegen oxidatieve schade. Vitamine E + Selenium bevat Dextrose en Natriumchloride.<\/p>\r\n<p>Gebruiksaanwijzing (voederadvies):<\/p>\r\n<table>\r\n<tbody>\r\n<tr>\r\n<td width=\"217\">\r\n<p><strong>Arbeid<\/strong><\/p>\r\n<\/td>\r\n<td width=\"132\">\r\n<p><strong>Licht<\/strong><\/p>\r\n<\/td>\r\n<td width=\"123\">\r\n<p><strong>Middel<\/strong><\/p>\r\n<\/td>\r\n<td width=\"132\">\r\n<p><strong>Zwaar<\/strong><\/p>\r\n<\/td>\r\n<\/tr>\r\n<tr>\r\n<td width=\"217\">\r\n<p>Paard 500 kg<\/p>\r\n<\/td>\r\n<td width=\"132\">\r\n<p>20 g \/ dag<\/p>\r\n<\/td>\r\n<td width=\"123\">\r\n<p>30 g \/ dag<\/p>\r\n<\/td>\r\n<td width=\"132\">\r\n<p>40 g \/ dag<\/p>\r\n<\/td>\r\n<\/tr>\r\n<tr>\r\n<td width=\"217\">\r\n<p>Per 100 kg lichaamsgewicht<\/p>\r\n<\/td>\r\n<td width=\"132\">\r\n<p>4 g \/ dag<\/p>\r\n<\/td>\r\n<td width=\"123\">\r\n<p>6 g \/ dag<\/p>\r\n<\/td>\r\n<td width=\"132\">\r\n<p>8 g \/ dag<\/p>\r\n<\/td>\r\n<\/tr>\r\n<\/tbody>\r\n<\/table>\r\n<p>Een maatschepje = ca. 20 g.<br \/> Een emmer van 3 kg is bij een dagelijkse dosering van 20 g voldoende voor ca. 150 dagen.<br \/> <br \/> Bewaren:<br \/> Hersluit met deksel. Op een droge plaats bij kamertemperatuur bewaren. Buiten bereik van kinderen houden.<\/p>","_nl_post_name":"sectolin-vitamine-e-selenium-1-kg","_nl_post_excerpt":"","_nl_post_title":"Sectolin Vitamine E Selenium | 1 kg","_en_post_content":"<p>Sectolin Vitamine E + Selenium is a supplement for horses in regular \/ intensive training. For the maintenance of healthy muscle function and protection of cells from oxidative damage. Vitamin E + Selenium contains Dextrose and Sodium Chloride.<\/p>\n<p>Instructions for use (feeding advice):<\/p>\n<table>\n<tbody>\n<tr>\n<td width=\"217\">\n<p><strong>Labour<\/strong><\/p>\n<\/td>\n<td width=\"132\">\n<p><strong>Light<\/strong><\/p>\n<\/td>\n<td width=\"123\">\n<p><strong>Medium<\/strong><\/p>\n<\/td>\n<td width=\"132\">\n<p><strong>Heavy<\/strong><\/p>\n<\/td>\n<\/tr>\n<tr>\n<td width=\"217\">\n<p>Horse 500 kg<\/p>\n<\/td>\n<td width=\"132\">\n<p>20 g \/ day<\/p>\n<\/td>\n<td width=\"123\">\n<p>30 g \/ day<\/p>\n<\/td>\n<td width=\"132\">\n<p>40 g \/ day<\/p>\n<\/td>\n<\/tr>\n<tr>\n<td width=\"217\">\n<p>Per 100 kg body weight<\/p>\n<\/td>\n<td width=\"132\">\n<p>4 g \/ day<\/p>\n<\/td>\n<td width=\"123\">\n<p>6 g \/ day<\/p>\n<\/td>\n<td width=\"132\">\n<p>8 g \/ day<\/p>\n<\/td>\n<\/tr>\n<\/tbody>\n<\/table>\n<p>A measuring scoop = approx. 20 g.<br \/> A 3 kg bucket fed at a daily dose of 20 g is sufficient for about 150 days.<\/p>\n<p>Storage:<br \/> Replace the lid. Store in a dry place, at room temperature. Keep out of reach of children.<\/p>","_en_post_name":"Sectolin-Vitamine-E-Selenium-1-kg","_en_post_excerpt":"","_en_post_title":"Sectolin Vitamine E Selenium | 1 kg","_de_post_content":"<p>Sectolin Vitamine E + Selenium ist ein Erg\u00e4nzungsmittel f\u00fcr Pferde in normaler \/ intensiver Training. F\u00fcr die Erhaltung der nat\u00fcrlichen Muskelfunktion und zum Schutz der K\u00f6rperzellen vor oxidativen Sch\u00e4den. Vitamin E + Selen enth\u00e4lt Dextrose und Natriumchlorid.<\/p>\n<p>Gebrauchsanweisung (f\u00fctterungsempfehlung):<\/p>\n<table>\n<tbody>\n<tr>\n<td width=\"217\">\n<p><strong>Arbeit<\/strong><\/p>\n<\/td>\n<td width=\"132\">\n<p><strong>Licht<\/strong><\/p>\n<\/td>\n<td width=\"123\">\n<p><strong>Mittel<\/strong><\/p>\n<\/td>\n<td width=\"132\">\n<p><strong>Schwer<\/strong><\/p>\n<\/td>\n<\/tr>\n<tr>\n<td width=\"217\">\n<p>Pferd 500 kg<\/p>\n<\/td>\n<td width=\"132\">\n<p>20 g \/ Tag<\/p>\n<\/td>\n<td width=\"123\">\n<p>30 g \/ Tag<\/p>\n<\/td>\n<td width=\"132\">\n<p>40 g \/ Tag<\/p>\n<\/td>\n<\/tr>\n<tr>\n<td width=\"217\">\n<p>Pro 100 kg K\u00f6rpergewicht<\/p>\n<\/td>\n<td width=\"132\">\n<p>4 g \/ Tag<\/p>\n<\/td>\n<td width=\"123\">\n<p>6 g \/ Tag<\/p>\n<\/td>\n<td width=\"132\">\n<p>8 g \/ Tag<\/p>\n<\/td>\n<\/tr>\n<\/tbody>\n<\/table>\n<p>Ein Messl\u00f6ffel = ca. 20 g.<br \/> Ein 3 kg Eimer reicht bei einer Tagesdosis von 20 g f\u00fcr ca. 150 Tage.<\/p>\n<p>Lagerung:<br \/> Ersetzen Sie den Deckel. Trockene Lagerung bei Raumtemperatur. Von Kindern fernhalten.<\/p>","_de_post_name":"Sectolin-Vitamine-E-Selenium-1-kg","_de_post_excerpt":"","_de_post_title":"Sectolin Vitamine E Selenium | 1 kg","_fr_post_content":"<p>Sectolin Vitamine E + Selenium est un supplement pour chevaux au travail r\u00e9gulier \/ intensif. Pour le maintien d\u2019une fonction musculaire saine et la protection des cellules contre les dommages oxydatifs. Vitamine E + S\u00e9l\u00e9nium contient du dextrose et du chlorure de sodium.<\/p>\n<p>Mode d\u2019emploi (conseils d\u2019alimentation) :<\/p>\n<table>\n<tbody>\n<tr>\n<td width=\"217\">\n<p><strong>Travail<\/strong><\/p>\n<\/td>\n<td width=\"132\">\n<p><strong>L\u00e9ger<\/strong><\/p>\n<\/td>\n<td width=\"123\">\n<p><strong>Moyen<\/strong><\/p>\n<\/td>\n<td width=\"132\">\n<p><strong>Lourd<\/strong><\/p>\n<\/td>\n<\/tr>\n<tr>\n<td width=\"217\">\n<p>Cheval 500 kg<\/p>\n<\/td>\n<td width=\"132\">\n<p>20 g \/ jour<\/p>\n<\/td>\n<td width=\"123\">\n<p>30 g \/ jour<\/p>\n<\/td>\n<td width=\"132\">\n<p>40 g \/ jour<\/p>\n<\/td>\n<\/tr>\n<tr>\n<td width=\"217\">\n<p>Par 100 kg de poids corporel<\/p>\n<\/td>\n<td width=\"132\">\n<p>4 g \/ jour<\/p>\n<\/td>\n<td width=\"123\">\n<p>6 g \/ jour<\/p>\n<\/td>\n<td width=\"132\">\n<p>8 g \/ jour<\/p>\n<\/td>\n<\/tr>\n<\/tbody>\n<\/table>\n<p>Une cuill\u00e8re \u00e0 mesurer = environ 20 g.<br \/> Un seau de 3 kg suffit pour 150 jours \u00e0 une dose quotidienne de 20 g par jour.<\/p>\n<p>Conservation :<br \/> Refermer le couvercle. \u00c0 conserver dans un endroit au sec \u00e0 temp\u00e9rature ambiante. Tenir hors de port\u00e9e des enfants.<\/p>","_fr_post_name":"Sectolin-Vitamine-E-Selenium-1-kg","_fr_post_excerpt":"","_fr_post_title":"Sectolin Vitamine E Selenium | 1 kg","_es_post_content":"<p>Sectolin Vitamine E + Selenium es un suplemento nutricional para caballos en entrenamiento regular\/intensivo. Para mantener una funci\u00f3n muscular saludable y proteger las c\u00e9lulas del da\u00f1o oxidativo. Vitamine E + Selenium contiene dextrosa y cloruro de sodio.<\/p>\n<p>Instrucciones de uso (consejos de alimentaci\u00f3n):<\/p>\n<table>\n<tbody>\n<tr>\n<td width=\"217\">\n<p><strong>Trabajo<\/strong><\/p>\n<\/td>\n<td width=\"132\">\n<p><strong>Ligero<\/strong><\/p>\n<\/td>\n<td width=\"123\">\n<p><strong>Medio<\/strong><\/p>\n<\/td>\n<td width=\"132\">\n<p><strong>Pesado<\/strong><\/p>\n<\/td>\n<\/tr>\n<tr>\n<td width=\"217\">\n<p>Caballo 500 kg<\/p>\n<\/td>\n<td width=\"132\">\n<p>20 g \/ d\u00eda<\/p>\n<\/td>\n<td width=\"123\">\n<p>30 g \/ d\u00eda<\/p>\n<\/td>\n<td width=\"132\">\n<p>40 g \/ d\u00eda<\/p>\n<\/td>\n<\/tr>\n<tr>\n<td width=\"217\">\n<p>Por 100 kg de peso corporal<\/p>\n<\/td>\n<td width=\"132\">\n<p>4 g \/ d\u00eda<\/p>\n<\/td>\n<td width=\"123\">\n<p>6 g \/ d\u00eda<\/p>\n<\/td>\n<td width=\"132\">\n<p>8 g \/ d\u00eda<\/p>\n<\/td>\n<\/tr>\n<\/tbody>\n<\/table>\n<p>Una cuchara dosificadora = aprox. 20 g.<br \/>Un cubo de 3 kg es suficiente para aprox. 150 d\u00edas con una dosis diaria de 20 g.<\/p>\n<p>Conservaci\u00f3n:<br \/>Volver a cerrar con tapa. Almacenar en un lugar seco a temperatura ambiente. Mantener fuera del alcance de los ni\u00f1os.<\/p>","_es_post_name":"Sectolin-Vitamine-E-Selenium-1-kg","_es_post_excerpt":"","_es_post_title":"Sectolin Vitamine E Selenium | 1 kg","edit_language":"nl"},"product_brand":[],"product_cat":[1812,1811,1857,1809,2087],"product_tag":[],"class_list":{"0":"post-120198","1":"product","2":"type-product","3":"status-publish","4":"has-post-thumbnail","6":"product_cat-gewrichten-spieren","7":"product_cat-medicijnen-supplementen","8":"product_cat-merken","9":"product_cat-paarden","10":"product_cat-sectolin","11":"pa_aandoening-overig","12":"pa_doeldier-paard","13":"pa_fabricatieland-nederland","14":"pa_merkfilter-sectolin","15":"pa_merkgroep-sectolin","16":"pa_productsoort-voedingssupplement","17":"pa_toedieningswijze-overig","18":"pa_unit_pricing_base_measure-1kg","19":"pa_unit_pricing_measure-1kg","20":"pa_werkzamestof-overig","22":"first","23":"instock","24":"taxable","25":"shipping-taxable","26":"purchasable","27":"product-type-simple"},"yoast_head":"<!-- This site is optimized with the Yoast SEO plugin v27.5 - https:\/\/yoast.com\/product\/yoast-seo-wordpress\/ -->\n<title>Sectolin Vitamine E Selenium | 1 kg - Pharmacy4pets<\/title>\n<meta name=\"robots\" content=\"index, follow, max-snippet:-1, max-image-preview:large, max-video-preview:-1\" \/>\n<link rel=\"canonical\" href=\"https:\/\/www.pharmacy4pets.nl\/sectolin-vitamine-e-selenium-1-kg\" \/>\n<meta property=\"og:locale\" content=\"nl_NL\" \/>\n<meta property=\"og:type\" content=\"article\" \/>\n<meta property=\"og:title\" content=\"Sectolin Vitamine E Selenium | 1 kg - Pharmacy4pets\" \/>\n<meta property=\"og:description\" content=\"Sectolin Vitamine E + Selenium is een voedingssupplement voor paarden die in reguliere\/intensieve training zijn. Voor het behoud van een gezonde spierfunctie en bescherming van cellen tegen oxidatieve schade. Vitamine E + Selenium bevat Dextrose en Natriumchloride. Gebruiksaanwijzing (voederadvies): Arbeid Licht Middel Zwaar Paard 500 kg 20 g \/ dag 30 g \/ dag 40 [&hellip;]\" \/>\n<meta property=\"og:url\" content=\"https:\/\/www.pharmacy4pets.nl\/sectolin-vitamine-e-selenium-1-kg\" \/>\n<meta property=\"og:site_name\" content=\"Pharmacy4pets\" \/>\n<meta property=\"article:publisher\" content=\"https:\/\/www.facebook.com\/people\/Pharmacy4petsnl\/100063484989896\/\" \/>\n<meta property=\"article:modified_time\" content=\"2026-03-25T12:05:05+00:00\" \/>\n<meta property=\"og:image\" content=\"https:\/\/www.pharmacy4pets.nl\/wp-content\/uploads\/2023\/03\/25909.jpg\" \/>\n\t<meta property=\"og:image:width\" content=\"600\" \/>\n\t<meta property=\"og:image:height\" content=\"600\" \/>\n\t<meta property=\"og:image:type\" content=\"image\/jpeg\" \/>\n<meta name=\"twitter:card\" content=\"summary_large_image\" \/>\n<script type=\"application\/ld+json\" class=\"yoast-schema-graph\">{\"@context\":\"https:\\\/\\\/schema.org\",\"@graph\":[{\"@type\":\"WebPage\",\"@id\":\"https:\\\/\\\/www.pharmacy4pets.nl\\\/sectolin-vitamine-e-selenium-1-kg\",\"url\":\"https:\\\/\\\/www.pharmacy4pets.nl\\\/sectolin-vitamine-e-selenium-1-kg\",\"name\":\"Sectolin Vitamine E Selenium | 1 kg - Pharmacy4pets\",\"isPartOf\":{\"@id\":\"http:\\\/\\\/www.pharmacy4pets.nl\\\/#website\"},\"primaryImageOfPage\":{\"@id\":\"https:\\\/\\\/www.pharmacy4pets.nl\\\/sectolin-vitamine-e-selenium-1-kg#primaryimage\"},\"image\":{\"@id\":\"https:\\\/\\\/www.pharmacy4pets.nl\\\/sectolin-vitamine-e-selenium-1-kg#primaryimage\"},\"thumbnailUrl\":\"https:\\\/\\\/www.pharmacy4pets.nl\\\/wp-content\\\/uploads\\\/2023\\\/03\\\/25909.jpg\",\"datePublished\":\"2023-03-10T12:18:45+00:00\",\"dateModified\":\"2026-03-25T12:05:05+00:00\",\"breadcrumb\":{\"@id\":\"https:\\\/\\\/www.pharmacy4pets.nl\\\/sectolin-vitamine-e-selenium-1-kg#breadcrumb\"},\"inLanguage\":\"nl-NL\",\"potentialAction\":[{\"@type\":\"ReadAction\",\"target\":[\"https:\\\/\\\/www.pharmacy4pets.nl\\\/sectolin-vitamine-e-selenium-1-kg\"]}]},{\"@type\":\"ImageObject\",\"inLanguage\":\"nl-NL\",\"@id\":\"https:\\\/\\\/www.pharmacy4pets.nl\\\/sectolin-vitamine-e-selenium-1-kg#primaryimage\",\"url\":\"https:\\\/\\\/www.pharmacy4pets.nl\\\/wp-content\\\/uploads\\\/2023\\\/03\\\/25909.jpg\",\"contentUrl\":\"https:\\\/\\\/www.pharmacy4pets.nl\\\/wp-content\\\/uploads\\\/2023\\\/03\\\/25909.jpg\",\"width\":600,\"height\":600,\"caption\":\"Sectolin\"},{\"@type\":\"BreadcrumbList\",\"@id\":\"https:\\\/\\\/www.pharmacy4pets.nl\\\/sectolin-vitamine-e-selenium-1-kg#breadcrumb\",\"itemListElement\":[{\"@type\":\"ListItem\",\"position\":1,\"name\":\"Home\",\"item\":\"https:\\\/\\\/p4p-nl.bootmine.com\\\/\"},{\"@type\":\"ListItem\",\"position\":2,\"name\":\"Winkel\",\"item\":\"https:\\\/\\\/p4p-nl.bootmine.com\\\/winkel\"},{\"@type\":\"ListItem\",\"position\":3,\"name\":\"Sectolin Vitamine E Selenium | 1 kg\"}]},{\"@type\":\"WebSite\",\"@id\":\"http:\\\/\\\/www.pharmacy4pets.nl\\\/#website\",\"url\":\"http:\\\/\\\/www.pharmacy4pets.nl\\\/\",\"name\":\"Pharmacy4pets\",\"description\":\"Pharmacy4pets.nl is d\u00e9 online apotheek waar u terecht kunt voor alle diergeneesmiddelen, verzorgingsproducten en dieetvoeding voor uw huisdier.\",\"publisher\":{\"@id\":\"http:\\\/\\\/www.pharmacy4pets.nl\\\/#organization\"},\"potentialAction\":[{\"@type\":\"SearchAction\",\"target\":{\"@type\":\"EntryPoint\",\"urlTemplate\":\"http:\\\/\\\/www.pharmacy4pets.nl\\\/?s={search_term_string}\"},\"query-input\":{\"@type\":\"PropertyValueSpecification\",\"valueRequired\":true,\"valueName\":\"search_term_string\"}}],\"inLanguage\":\"nl-NL\"},{\"@type\":\"Organization\",\"@id\":\"http:\\\/\\\/www.pharmacy4pets.nl\\\/#organization\",\"name\":\"Pharmacy4pets\",\"url\":\"http:\\\/\\\/www.pharmacy4pets.nl\\\/\",\"logo\":{\"@type\":\"ImageObject\",\"inLanguage\":\"nl-NL\",\"@id\":\"http:\\\/\\\/www.pharmacy4pets.nl\\\/#\\\/schema\\\/logo\\\/image\\\/\",\"url\":\"https:\\\/\\\/p4p-nl.bootmine.com\\\/wp-content\\\/uploads\\\/2026\\\/03\\\/logo-pharmacy4pets.png\",\"contentUrl\":\"https:\\\/\\\/p4p-nl.bootmine.com\\\/wp-content\\\/uploads\\\/2026\\\/03\\\/logo-pharmacy4pets.png\",\"width\":1024,\"height\":135,\"caption\":\"Pharmacy4pets\"},\"image\":{\"@id\":\"http:\\\/\\\/www.pharmacy4pets.nl\\\/#\\\/schema\\\/logo\\\/image\\\/\"},\"sameAs\":[\"https:\\\/\\\/www.facebook.com\\\/people\\\/Pharmacy4petsnl\\\/100063484989896\\\/\",\"https:\\\/\\\/www.youtube.com\\\/channel\\\/UCGPTIgucgli03tP2_kvLkHg\\\/featured\",\"https:\\\/\\\/www.instagram.com\\\/pharmacy4pets.nl\"]}]}<\/script>\n<!-- \/ Yoast SEO plugin. -->","yoast_head_json":{"title":"Sectolin Vitamine E Selenium | 1 kg - Pharmacy4pets","robots":{"index":"index","follow":"follow","max-snippet":"max-snippet:-1","max-image-preview":"max-image-preview:large","max-video-preview":"max-video-preview:-1"},"canonical":"https:\/\/www.pharmacy4pets.nl\/sectolin-vitamine-e-selenium-1-kg","og_locale":"nl_NL","og_type":"article","og_title":"Sectolin Vitamine E Selenium | 1 kg - Pharmacy4pets","og_description":"Sectolin Vitamine E + Selenium is een voedingssupplement voor paarden die in reguliere\/intensieve training zijn. Voor het behoud van een gezonde spierfunctie en bescherming van cellen tegen oxidatieve schade. Vitamine E + Selenium bevat Dextrose en Natriumchloride. Gebruiksaanwijzing (voederadvies): Arbeid Licht Middel Zwaar Paard 500 kg 20 g \/ dag 30 g \/ dag 40 [&hellip;]","og_url":"https:\/\/www.pharmacy4pets.nl\/sectolin-vitamine-e-selenium-1-kg","og_site_name":"Pharmacy4pets","article_publisher":"https:\/\/www.facebook.com\/people\/Pharmacy4petsnl\/100063484989896\/","article_modified_time":"2026-03-25T12:05:05+00:00","og_image":[{"width":600,"height":600,"url":"https:\/\/www.pharmacy4pets.nl\/wp-content\/uploads\/2023\/03\/25909.jpg","type":"image\/jpeg"}],"twitter_card":"summary_large_image","schema":{"@context":"https:\/\/schema.org","@graph":[{"@type":"WebPage","@id":"https:\/\/www.pharmacy4pets.nl\/sectolin-vitamine-e-selenium-1-kg","url":"https:\/\/www.pharmacy4pets.nl\/sectolin-vitamine-e-selenium-1-kg","name":"Sectolin Vitamine E Selenium | 1 kg - Pharmacy4pets","isPartOf":{"@id":"http:\/\/www.pharmacy4pets.nl\/#website"},"primaryImageOfPage":{"@id":"https:\/\/www.pharmacy4pets.nl\/sectolin-vitamine-e-selenium-1-kg#primaryimage"},"image":{"@id":"https:\/\/www.pharmacy4pets.nl\/sectolin-vitamine-e-selenium-1-kg#primaryimage"},"thumbnailUrl":"https:\/\/www.pharmacy4pets.nl\/wp-content\/uploads\/2023\/03\/25909.jpg","datePublished":"2023-03-10T12:18:45+00:00","dateModified":"2026-03-25T12:05:05+00:00","breadcrumb":{"@id":"https:\/\/www.pharmacy4pets.nl\/sectolin-vitamine-e-selenium-1-kg#breadcrumb"},"inLanguage":"nl-NL","potentialAction":[{"@type":"ReadAction","target":["https:\/\/www.pharmacy4pets.nl\/sectolin-vitamine-e-selenium-1-kg"]}]},{"@type":"ImageObject","inLanguage":"nl-NL","@id":"https:\/\/www.pharmacy4pets.nl\/sectolin-vitamine-e-selenium-1-kg#primaryimage","url":"https:\/\/www.pharmacy4pets.nl\/wp-content\/uploads\/2023\/03\/25909.jpg","contentUrl":"https:\/\/www.pharmacy4pets.nl\/wp-content\/uploads\/2023\/03\/25909.jpg","width":600,"height":600,"caption":"Sectolin"},{"@type":"BreadcrumbList","@id":"https:\/\/www.pharmacy4pets.nl\/sectolin-vitamine-e-selenium-1-kg#breadcrumb","itemListElement":[{"@type":"ListItem","position":1,"name":"Home","item":"https:\/\/p4p-nl.bootmine.com\/"},{"@type":"ListItem","position":2,"name":"Winkel","item":"https:\/\/p4p-nl.bootmine.com\/winkel"},{"@type":"ListItem","position":3,"name":"Sectolin Vitamine E Selenium | 1 kg"}]},{"@type":"WebSite","@id":"http:\/\/www.pharmacy4pets.nl\/#website","url":"http:\/\/www.pharmacy4pets.nl\/","name":"Pharmacy4pets","description":"Pharmacy4pets.nl is d\u00e9 online apotheek waar u terecht kunt voor alle diergeneesmiddelen, verzorgingsproducten en dieetvoeding voor uw huisdier.","publisher":{"@id":"http:\/\/www.pharmacy4pets.nl\/#organization"},"potentialAction":[{"@type":"SearchAction","target":{"@type":"EntryPoint","urlTemplate":"http:\/\/www.pharmacy4pets.nl\/?s={search_term_string}"},"query-input":{"@type":"PropertyValueSpecification","valueRequired":true,"valueName":"search_term_string"}}],"inLanguage":"nl-NL"},{"@type":"Organization","@id":"http:\/\/www.pharmacy4pets.nl\/#organization","name":"Pharmacy4pets","url":"http:\/\/www.pharmacy4pets.nl\/","logo":{"@type":"ImageObject","inLanguage":"nl-NL","@id":"http:\/\/www.pharmacy4pets.nl\/#\/schema\/logo\/image\/","url":"https:\/\/p4p-nl.bootmine.com\/wp-content\/uploads\/2026\/03\/logo-pharmacy4pets.png","contentUrl":"https:\/\/p4p-nl.bootmine.com\/wp-content\/uploads\/2026\/03\/logo-pharmacy4pets.png","width":1024,"height":135,"caption":"Pharmacy4pets"},"image":{"@id":"http:\/\/www.pharmacy4pets.nl\/#\/schema\/logo\/image\/"},"sameAs":["https:\/\/www.facebook.com\/people\/Pharmacy4petsnl\/100063484989896\/","https:\/\/www.youtube.com\/channel\/UCGPTIgucgli03tP2_kvLkHg\/featured","https:\/\/www.instagram.com\/pharmacy4pets.nl"]}]}},"market_data":{"nl":{"price":0,"sale_price":0,"active":false,"url":null,"parent_url":"","tax_rate":0,"price_inc_tax":0,"sale_price_inc_tax":0},"de":{"price":0,"sale_price":0,"active":false,"url":null,"parent_url":"","tax_rate":0,"price_inc_tax":0,"sale_price_inc_tax":0},"be":{"price":0,"sale_price":0,"active":false,"url":null,"parent_url":"","tax_rate":0,"price_inc_tax":0,"sale_price_inc_tax":0},"fr":{"price":0,"sale_price":0,"active":false,"url":null,"parent_url":"","tax_rate":0,"price_inc_tax":0,"sale_price_inc_tax":0},"ch":{"price":0,"sale_price":0,"active":false,"url":null,"parent_url":"","tax_rate":0,"price_inc_tax":0,"sale_price_inc_tax":0},"at":{"price":0,"sale_price":0,"active":false,"url":null,"parent_url":"","tax_rate":0,"price_inc_tax":0,"sale_price_inc_tax":0},"es":{"price":0,"sale_price":0,"active":false,"url":null,"parent_url":"","tax_rate":0,"price_inc_tax":0,"sale_price_inc_tax":0},"dk":{"price":0,"sale_price":0,"active":false,"url":null,"parent_url":"","tax_rate":0,"price_inc_tax":0,"sale_price_inc_tax":0},"com":{"price":0,"sale_price":0,"active":false,"url":null,"parent_url":"","tax_rate":0,"price_inc_tax":0,"sale_price_inc_tax":0}},"market_nl_price":0,"market_nl_sale_price":0,"market_nl_active":false,"market_nl_url":null,"market_nl_parent_url":"","market_nl_tax_rate":0,"market_nl_price_inc_tax":0,"market_nl_sale_price_inc_tax":0,"market_de_price":0,"market_de_sale_price":0,"market_de_active":false,"market_de_url":null,"market_de_parent_url":"","market_de_tax_rate":0,"market_de_price_inc_tax":0,"market_de_sale_price_inc_tax":0,"market_be_price":0,"market_be_sale_price":0,"market_be_active":false,"market_be_url":null,"market_be_parent_url":"","market_be_tax_rate":0,"market_be_price_inc_tax":0,"market_be_sale_price_inc_tax":0,"market_fr_price":0,"market_fr_sale_price":0,"market_fr_active":false,"market_fr_url":null,"market_fr_parent_url":"","market_fr_tax_rate":0,"market_fr_price_inc_tax":0,"market_fr_sale_price_inc_tax":0,"market_ch_price":0,"market_ch_sale_price":0,"market_ch_active":false,"market_ch_url":null,"market_ch_parent_url":"","market_ch_tax_rate":0,"market_ch_price_inc_tax":0,"market_ch_sale_price_inc_tax":0,"market_at_price":0,"market_at_sale_price":0,"market_at_active":false,"market_at_url":null,"market_at_parent_url":"","market_at_tax_rate":0,"market_at_price_inc_tax":0,"market_at_sale_price_inc_tax":0,"market_es_price":0,"market_es_sale_price":0,"market_es_active":false,"market_es_url":null,"market_es_parent_url":"","market_es_tax_rate":0,"market_es_price_inc_tax":0,"market_es_sale_price_inc_tax":0,"market_dk_price":0,"market_dk_sale_price":0,"market_dk_active":false,"market_dk_url":null,"market_dk_parent_url":"","market_dk_tax_rate":0,"market_dk_price_inc_tax":0,"market_dk_sale_price_inc_tax":0,"market_com_price":0,"market_com_sale_price":0,"market_com_active":false,"market_com_url":null,"market_com_parent_url":"","market_com_tax_rate":0,"market_com_price_inc_tax":0,"market_com_sale_price_inc_tax":0,"acf":[],"_links":{"self":[{"href":"https:\/\/www.pharmacy4pets.nl\/be\/wp-json\/wp\/v2\/product\/120198","targetHints":{"allow":["GET"]}}],"collection":[{"href":"https:\/\/www.pharmacy4pets.nl\/be\/wp-json\/wp\/v2\/product"}],"about":[{"href":"https:\/\/www.pharmacy4pets.nl\/be\/wp-json\/wp\/v2\/types\/product"}],"replies":[{"embeddable":true,"href":"https:\/\/www.pharmacy4pets.nl\/be\/wp-json\/wp\/v2\/comments?post=120198"}],"wp:featuredmedia":[{"embeddable":true,"href":"https:\/\/www.pharmacy4pets.nl\/be\/wp-json\/wp\/v2\/media\/120197"}],"wp:attachment":[{"href":"https:\/\/www.pharmacy4pets.nl\/be\/wp-json\/wp\/v2\/media?parent=120198"}],"wp:term":[{"taxonomy":"product_brand","embeddable":true,"href":"https:\/\/www.pharmacy4pets.nl\/be\/wp-json\/wp\/v2\/product_brand?post=120198"},{"taxonomy":"product_cat","embeddable":true,"href":"https:\/\/www.pharmacy4pets.nl\/be\/wp-json\/wp\/v2\/product_cat?post=120198"},{"taxonomy":"product_tag","embeddable":true,"href":"https:\/\/www.pharmacy4pets.nl\/be\/wp-json\/wp\/v2\/product_tag?post=120198"}],"curies":[{"name":"wp","href":"https:\/\/api.w.org\/{rel}","templated":true}]}}