{"id":120194,"date":"2023-03-10T12:18:44","date_gmt":"2023-03-10T12:18:44","guid":{"rendered":"https:\/\/p4p.test\/sectolin-vazuintjes-original-2-kg"},"modified":"2026-03-25T12:05:04","modified_gmt":"2026-03-25T12:05:04","slug":"sectolin-vazuintjes-original-2-kg","status":"publish","type":"product","link":"https:\/\/www.pharmacy4pets.nl\/be\/sectolin-vazuintjes-original-2-kg","title":{"rendered":"Sectolin Vazuintjes Original | 2 kg"},"content":{"rendered":"<p>Sectolin Vazuintjes Original zijn smakelijke paardensnoepjes met vitamines, mineralen en kruiden. Vanzuintjes bevatten van nature aanwezige suikers en hebben een vanillesmaak.<\/p>\n<p>Ingredi\u00ebnten:<\/p>\n<p>Luzerne, Ma\u00efs, Gerst, Bietenpulp, Tarwe, Lijnzaadolie, Kruiden 0,10% (Brandnetelblad, Heemstblad, Heemstwortel, Sparrennaalden, Fenegriekzaad, Peterselie, Groene haver, Rozenbottelschillen, Lavaswortel, Bijvoetkruid, Kalmoeswortel, Guldenroede, Heemstbloem, IJslands mos, Paardenbloemwortel).<\/p>\n","protected":false},"excerpt":{"rendered":"<p>Sectolin Vazuintjes Original zijn smakelijke paardensnoepjes met vitamines, mineralen en kruiden. Vanzuintjes bevatten van nature aanwezige suikers en hebben een vanillesmaak. Ingredi\u00ebnten: Luzerne, Ma\u00efs, Gerst, Bietenpulp, Tarwe, Lijnzaadolie, Kruiden 0,10% (Brandnetelblad, Heemstblad, Heemstwortel, Sparrennaalden, Fenegriekzaad, Peterselie, Groene haver, Rozenbottelschillen, Lavaswortel, Bijvoetkruid, Kalmoeswortel, Guldenroede, Heemstbloem, IJslands mos, Paardenbloemwortel).<\/p>\n","protected":false},"featured_media":120193,"comment_status":"open","ping_status":"closed","template":"","meta":{"_acf_changed":false,"_nl_post_content":"<p>Sectolin Vazuintjes Original zijn smakelijke paardensnoepjes met vitamines, mineralen en kruiden. Vanzuintjes bevatten van nature aanwezige suikers en hebben een vanillesmaak.<\/p>\r\n<p>Ingredi\u00ebnten:<\/p>\r\n<p>Luzerne, Ma\u00efs, Gerst, Bietenpulp, Tarwe, Lijnzaadolie, Kruiden 0,10% (Brandnetelblad, Heemstblad, Heemstwortel, Sparrennaalden, Fenegriekzaad, Peterselie, Groene haver, Rozenbottelschillen, Lavaswortel, Bijvoetkruid, Kalmoeswortel, Guldenroede, Heemstbloem, IJslands mos, Paardenbloemwortel).<\/p>","_nl_post_name":"sectolin-vazuintjes-original-2-kg","_nl_post_excerpt":"","_nl_post_title":"Sectolin Vazuintjes Original | 2 kg","_en_post_content":"<p>Sectolin Vazuintjes Original are tasty horse treats with vitamins, minerals and herbs. Vanzuintjes contain naturally occurring sugars and have a vanilla flavour.<\/p>\r\n<p>Ingredients:<\/p>\r\n<p>Alfalfa, Maize, Barley, Beet pulp, Wheat, Linseed oil, Herbs 0.10% (Nettle leaves, Marshmallow leaves, Marshmallow root, Spruce needles, Fenugreek seeds, Parsley, Green oats, Rosehip hulls, Lovage root, Mugwort herb, Calamus root, Goldenrod, Marshmallow flowers, Icelandic moss, Dandelion root).<\/p>","_en_post_name":"sectolin-vazuintjes-original-2-kg","_en_post_excerpt":"","_en_post_title":"Sectolin Vazuintjes Original | 2 kg","_de_post_content":"<p>Sectolin Vazuintjes Original sind schmackhafte Pferdeleckerbissen mit Vitaminen, Mineralien und Kr\u00e4utern. Vanzuintjes enthalten nat\u00fcrlich vorkommende Zucker und haben einen Vanillegeschmack.<\/p>\r\n<p>Zutaten:<br \/>Luzerne, Mais, Gerste, R\u00fcbenschnitzel, Weizen, Lein\u00f6l, Kr\u00e4uter 0,10 % (Brennnesselbl\u00e4tter, Eibischbl\u00e4tter, Eibischwurzel, Fichtennadeln, Bockshornkleesamen, Petersilien, Gr\u00fcnhafer, Hagebuttenschalen, Liebst\u00f6ckwurzel, Beifu\u00dfkraut, Kalmuswurzel, Goldrutenkraut, Eibischbl\u00fcten, Isl\u00e4ndisch Moos, L\u00f6wenzahnwurzel).<\/p>","_de_post_name":"sectolin-vazuintjes-original-2-kg","_de_post_excerpt":"","_de_post_title":"Sectolin Vazuintjes Original | 2 kg","_fr_post_content":"<p>Sectolin Vazuintjes Original sont de savoureuses friandises pour chevaux contenant des vitamines, des min\u00e9raux et des herbes. Les Vanzuintjes contiennent des sucres naturels et ont un go\u00fbt de vanille.<\/p>\r\n<p>Ingr\u00e9dients :<\/p>\r\n<p>Luzerne, Ma\u00efs, Orge, Pulpe de betterave, Bl\u00e9, Huile de lin, Herbes 0,10 % (Feuille d\u2019ortie, Feuille de guimauve, Racine de guimauve, Aiguilles d\u2019\u00e9pinette, Graines de fenugrec, Persil, Avoine verte, \u00c9pluchures d\u2019\u00e9legantier, Racine de liv\u00e8che, Herbe d\u2019armoise, Racine d\u2019acore odorant, Verges d\u2019or, Fleurs de guimauve, Mousse islandaise, Racine de pissenlit).<\/p>","_fr_post_name":"sectolin-vazuintjes-original-2-kg","_fr_post_excerpt":"","_fr_post_title":"Sectolin Vazuintjes Original | 2 kg","_es_post_content":"<p>Sectolin Vazuinjes Original son sabrosas golosinas para caballos con vitaminas, minerales y hierbas. Los vazuinjes contienen az\u00facares naturales y tienen sabor a vainilla.<\/p>\r\n<p>Ingredientes:<\/p>\r\n<p>Alfalfa, ma\u00edz, cebada, pulpa de remolacha, trigo, aceite de linaza, hierbas 0,10% (hoja de ortiga, hoja de bardana, ra\u00edz de Heemst, agujas de abeto, semilla de fenogreco, perejil, avena verde, cascos de rosa mosqueta, ra\u00edz de lavas, hierba de artemisa, ra\u00edz de c\u00e1lamo, vara de oro, flor de Heemst, musgo de Islandia, ra\u00edz de diente de le\u00f3n).<\/p>","_es_post_name":"sectolin-vazuintjes-original-2-kg","_es_post_excerpt":"","_es_post_title":"Sectolin Vazuintjes Original | 2 kg","edit_language":"nl"},"product_brand":[],"product_cat":[1820,1857,1809,2087,1822],"product_tag":[],"class_list":{"0":"post-120194","1":"product","2":"type-product","3":"status-publish","4":"has-post-thumbnail","6":"product_cat-benodigdheden","7":"product_cat-merken","8":"product_cat-paarden","9":"product_cat-sectolin","10":"product_cat-verzorging","11":"pa_aandoening-overig","12":"pa_doeldier-paard","13":"pa_fabricatieland-nederland","14":"pa_merkfilter-sectolin","15":"pa_merkgroep-sectolin","16":"pa_productsoort-voedingssupplement","17":"pa_toedieningswijze-overig","18":"pa_unit_pricing_base_measure-1kg","19":"pa_unit_pricing_measure-2kg","20":"pa_werkzamestof-overig","22":"first","23":"instock","24":"taxable","25":"shipping-taxable","26":"purchasable","27":"product-type-simple"},"yoast_head":"<!-- This site is optimized with the Yoast SEO plugin v27.5 - https:\/\/yoast.com\/product\/yoast-seo-wordpress\/ -->\n<title>Sectolin Vazuintjes Original | 2 kg - Pharmacy4pets<\/title>\n<meta name=\"robots\" content=\"index, follow, max-snippet:-1, max-image-preview:large, max-video-preview:-1\" \/>\n<link rel=\"canonical\" href=\"https:\/\/www.pharmacy4pets.nl\/sectolin-vazuintjes-original-2-kg\" \/>\n<meta property=\"og:locale\" content=\"nl_NL\" \/>\n<meta property=\"og:type\" content=\"article\" \/>\n<meta property=\"og:title\" content=\"Sectolin Vazuintjes Original | 2 kg - Pharmacy4pets\" \/>\n<meta property=\"og:description\" content=\"Sectolin Vazuintjes Original zijn smakelijke paardensnoepjes met vitamines, mineralen en kruiden. Vanzuintjes bevatten van nature aanwezige suikers en hebben een vanillesmaak. Ingredi\u00ebnten: Luzerne, Ma\u00efs, Gerst, Bietenpulp, Tarwe, Lijnzaadolie, Kruiden 0,10% (Brandnetelblad, Heemstblad, Heemstwortel, Sparrennaalden, Fenegriekzaad, Peterselie, Groene haver, Rozenbottelschillen, Lavaswortel, Bijvoetkruid, Kalmoeswortel, Guldenroede, Heemstbloem, IJslands mos, Paardenbloemwortel).\" \/>\n<meta property=\"og:url\" content=\"https:\/\/www.pharmacy4pets.nl\/sectolin-vazuintjes-original-2-kg\" \/>\n<meta property=\"og:site_name\" content=\"Pharmacy4pets\" \/>\n<meta property=\"article:publisher\" content=\"https:\/\/www.facebook.com\/people\/Pharmacy4petsnl\/100063484989896\/\" \/>\n<meta property=\"article:modified_time\" content=\"2026-03-25T12:05:04+00:00\" \/>\n<meta property=\"og:image\" content=\"https:\/\/www.pharmacy4pets.nl\/wp-content\/uploads\/2023\/03\/25908.jpg\" \/>\n\t<meta property=\"og:image:width\" content=\"600\" \/>\n\t<meta property=\"og:image:height\" content=\"600\" \/>\n\t<meta property=\"og:image:type\" content=\"image\/jpeg\" \/>\n<meta name=\"twitter:card\" content=\"summary_large_image\" \/>\n<script type=\"application\/ld+json\" class=\"yoast-schema-graph\">{\"@context\":\"https:\\\/\\\/schema.org\",\"@graph\":[{\"@type\":\"WebPage\",\"@id\":\"https:\\\/\\\/www.pharmacy4pets.nl\\\/sectolin-vazuintjes-original-2-kg\",\"url\":\"https:\\\/\\\/www.pharmacy4pets.nl\\\/sectolin-vazuintjes-original-2-kg\",\"name\":\"Sectolin Vazuintjes Original | 2 kg - Pharmacy4pets\",\"isPartOf\":{\"@id\":\"http:\\\/\\\/www.pharmacy4pets.nl\\\/#website\"},\"primaryImageOfPage\":{\"@id\":\"https:\\\/\\\/www.pharmacy4pets.nl\\\/sectolin-vazuintjes-original-2-kg#primaryimage\"},\"image\":{\"@id\":\"https:\\\/\\\/www.pharmacy4pets.nl\\\/sectolin-vazuintjes-original-2-kg#primaryimage\"},\"thumbnailUrl\":\"https:\\\/\\\/www.pharmacy4pets.nl\\\/wp-content\\\/uploads\\\/2023\\\/03\\\/25908.jpg\",\"datePublished\":\"2023-03-10T12:18:44+00:00\",\"dateModified\":\"2026-03-25T12:05:04+00:00\",\"breadcrumb\":{\"@id\":\"https:\\\/\\\/www.pharmacy4pets.nl\\\/sectolin-vazuintjes-original-2-kg#breadcrumb\"},\"inLanguage\":\"nl-NL\",\"potentialAction\":[{\"@type\":\"ReadAction\",\"target\":[\"https:\\\/\\\/www.pharmacy4pets.nl\\\/sectolin-vazuintjes-original-2-kg\"]}]},{\"@type\":\"ImageObject\",\"inLanguage\":\"nl-NL\",\"@id\":\"https:\\\/\\\/www.pharmacy4pets.nl\\\/sectolin-vazuintjes-original-2-kg#primaryimage\",\"url\":\"https:\\\/\\\/www.pharmacy4pets.nl\\\/wp-content\\\/uploads\\\/2023\\\/03\\\/25908.jpg\",\"contentUrl\":\"https:\\\/\\\/www.pharmacy4pets.nl\\\/wp-content\\\/uploads\\\/2023\\\/03\\\/25908.jpg\",\"width\":600,\"height\":600,\"caption\":\"Sectolin\"},{\"@type\":\"BreadcrumbList\",\"@id\":\"https:\\\/\\\/www.pharmacy4pets.nl\\\/sectolin-vazuintjes-original-2-kg#breadcrumb\",\"itemListElement\":[{\"@type\":\"ListItem\",\"position\":1,\"name\":\"Home\",\"item\":\"https:\\\/\\\/p4p-nl.bootmine.com\\\/\"},{\"@type\":\"ListItem\",\"position\":2,\"name\":\"Winkel\",\"item\":\"https:\\\/\\\/p4p-nl.bootmine.com\\\/winkel\"},{\"@type\":\"ListItem\",\"position\":3,\"name\":\"Sectolin Vazuintjes Original | 2 kg\"}]},{\"@type\":\"WebSite\",\"@id\":\"http:\\\/\\\/www.pharmacy4pets.nl\\\/#website\",\"url\":\"http:\\\/\\\/www.pharmacy4pets.nl\\\/\",\"name\":\"Pharmacy4pets\",\"description\":\"Pharmacy4pets.nl is d\u00e9 online apotheek waar u terecht kunt voor alle diergeneesmiddelen, verzorgingsproducten en dieetvoeding voor uw huisdier.\",\"publisher\":{\"@id\":\"http:\\\/\\\/www.pharmacy4pets.nl\\\/#organization\"},\"potentialAction\":[{\"@type\":\"SearchAction\",\"target\":{\"@type\":\"EntryPoint\",\"urlTemplate\":\"http:\\\/\\\/www.pharmacy4pets.nl\\\/?s={search_term_string}\"},\"query-input\":{\"@type\":\"PropertyValueSpecification\",\"valueRequired\":true,\"valueName\":\"search_term_string\"}}],\"inLanguage\":\"nl-NL\"},{\"@type\":\"Organization\",\"@id\":\"http:\\\/\\\/www.pharmacy4pets.nl\\\/#organization\",\"name\":\"Pharmacy4pets\",\"url\":\"http:\\\/\\\/www.pharmacy4pets.nl\\\/\",\"logo\":{\"@type\":\"ImageObject\",\"inLanguage\":\"nl-NL\",\"@id\":\"http:\\\/\\\/www.pharmacy4pets.nl\\\/#\\\/schema\\\/logo\\\/image\\\/\",\"url\":\"https:\\\/\\\/p4p-nl.bootmine.com\\\/wp-content\\\/uploads\\\/2026\\\/03\\\/logo-pharmacy4pets.png\",\"contentUrl\":\"https:\\\/\\\/p4p-nl.bootmine.com\\\/wp-content\\\/uploads\\\/2026\\\/03\\\/logo-pharmacy4pets.png\",\"width\":1024,\"height\":135,\"caption\":\"Pharmacy4pets\"},\"image\":{\"@id\":\"http:\\\/\\\/www.pharmacy4pets.nl\\\/#\\\/schema\\\/logo\\\/image\\\/\"},\"sameAs\":[\"https:\\\/\\\/www.facebook.com\\\/people\\\/Pharmacy4petsnl\\\/100063484989896\\\/\",\"https:\\\/\\\/www.youtube.com\\\/channel\\\/UCGPTIgucgli03tP2_kvLkHg\\\/featured\",\"https:\\\/\\\/www.instagram.com\\\/pharmacy4pets.nl\"]}]}<\/script>\n<!-- \/ Yoast SEO plugin. -->","yoast_head_json":{"title":"Sectolin Vazuintjes Original | 2 kg - Pharmacy4pets","robots":{"index":"index","follow":"follow","max-snippet":"max-snippet:-1","max-image-preview":"max-image-preview:large","max-video-preview":"max-video-preview:-1"},"canonical":"https:\/\/www.pharmacy4pets.nl\/sectolin-vazuintjes-original-2-kg","og_locale":"nl_NL","og_type":"article","og_title":"Sectolin Vazuintjes Original | 2 kg - Pharmacy4pets","og_description":"Sectolin Vazuintjes Original zijn smakelijke paardensnoepjes met vitamines, mineralen en kruiden. Vanzuintjes bevatten van nature aanwezige suikers en hebben een vanillesmaak. Ingredi\u00ebnten: Luzerne, Ma\u00efs, Gerst, Bietenpulp, Tarwe, Lijnzaadolie, Kruiden 0,10% (Brandnetelblad, Heemstblad, Heemstwortel, Sparrennaalden, Fenegriekzaad, Peterselie, Groene haver, Rozenbottelschillen, Lavaswortel, Bijvoetkruid, Kalmoeswortel, Guldenroede, Heemstbloem, IJslands mos, Paardenbloemwortel).","og_url":"https:\/\/www.pharmacy4pets.nl\/sectolin-vazuintjes-original-2-kg","og_site_name":"Pharmacy4pets","article_publisher":"https:\/\/www.facebook.com\/people\/Pharmacy4petsnl\/100063484989896\/","article_modified_time":"2026-03-25T12:05:04+00:00","og_image":[{"width":600,"height":600,"url":"https:\/\/www.pharmacy4pets.nl\/wp-content\/uploads\/2023\/03\/25908.jpg","type":"image\/jpeg"}],"twitter_card":"summary_large_image","schema":{"@context":"https:\/\/schema.org","@graph":[{"@type":"WebPage","@id":"https:\/\/www.pharmacy4pets.nl\/sectolin-vazuintjes-original-2-kg","url":"https:\/\/www.pharmacy4pets.nl\/sectolin-vazuintjes-original-2-kg","name":"Sectolin Vazuintjes Original | 2 kg - Pharmacy4pets","isPartOf":{"@id":"http:\/\/www.pharmacy4pets.nl\/#website"},"primaryImageOfPage":{"@id":"https:\/\/www.pharmacy4pets.nl\/sectolin-vazuintjes-original-2-kg#primaryimage"},"image":{"@id":"https:\/\/www.pharmacy4pets.nl\/sectolin-vazuintjes-original-2-kg#primaryimage"},"thumbnailUrl":"https:\/\/www.pharmacy4pets.nl\/wp-content\/uploads\/2023\/03\/25908.jpg","datePublished":"2023-03-10T12:18:44+00:00","dateModified":"2026-03-25T12:05:04+00:00","breadcrumb":{"@id":"https:\/\/www.pharmacy4pets.nl\/sectolin-vazuintjes-original-2-kg#breadcrumb"},"inLanguage":"nl-NL","potentialAction":[{"@type":"ReadAction","target":["https:\/\/www.pharmacy4pets.nl\/sectolin-vazuintjes-original-2-kg"]}]},{"@type":"ImageObject","inLanguage":"nl-NL","@id":"https:\/\/www.pharmacy4pets.nl\/sectolin-vazuintjes-original-2-kg#primaryimage","url":"https:\/\/www.pharmacy4pets.nl\/wp-content\/uploads\/2023\/03\/25908.jpg","contentUrl":"https:\/\/www.pharmacy4pets.nl\/wp-content\/uploads\/2023\/03\/25908.jpg","width":600,"height":600,"caption":"Sectolin"},{"@type":"BreadcrumbList","@id":"https:\/\/www.pharmacy4pets.nl\/sectolin-vazuintjes-original-2-kg#breadcrumb","itemListElement":[{"@type":"ListItem","position":1,"name":"Home","item":"https:\/\/p4p-nl.bootmine.com\/"},{"@type":"ListItem","position":2,"name":"Winkel","item":"https:\/\/p4p-nl.bootmine.com\/winkel"},{"@type":"ListItem","position":3,"name":"Sectolin Vazuintjes Original | 2 kg"}]},{"@type":"WebSite","@id":"http:\/\/www.pharmacy4pets.nl\/#website","url":"http:\/\/www.pharmacy4pets.nl\/","name":"Pharmacy4pets","description":"Pharmacy4pets.nl is d\u00e9 online apotheek waar u terecht kunt voor alle diergeneesmiddelen, verzorgingsproducten en dieetvoeding voor uw huisdier.","publisher":{"@id":"http:\/\/www.pharmacy4pets.nl\/#organization"},"potentialAction":[{"@type":"SearchAction","target":{"@type":"EntryPoint","urlTemplate":"http:\/\/www.pharmacy4pets.nl\/?s={search_term_string}"},"query-input":{"@type":"PropertyValueSpecification","valueRequired":true,"valueName":"search_term_string"}}],"inLanguage":"nl-NL"},{"@type":"Organization","@id":"http:\/\/www.pharmacy4pets.nl\/#organization","name":"Pharmacy4pets","url":"http:\/\/www.pharmacy4pets.nl\/","logo":{"@type":"ImageObject","inLanguage":"nl-NL","@id":"http:\/\/www.pharmacy4pets.nl\/#\/schema\/logo\/image\/","url":"https:\/\/p4p-nl.bootmine.com\/wp-content\/uploads\/2026\/03\/logo-pharmacy4pets.png","contentUrl":"https:\/\/p4p-nl.bootmine.com\/wp-content\/uploads\/2026\/03\/logo-pharmacy4pets.png","width":1024,"height":135,"caption":"Pharmacy4pets"},"image":{"@id":"http:\/\/www.pharmacy4pets.nl\/#\/schema\/logo\/image\/"},"sameAs":["https:\/\/www.facebook.com\/people\/Pharmacy4petsnl\/100063484989896\/","https:\/\/www.youtube.com\/channel\/UCGPTIgucgli03tP2_kvLkHg\/featured","https:\/\/www.instagram.com\/pharmacy4pets.nl"]}]}},"market_data":{"nl":{"price":0,"sale_price":0,"active":false,"url":null,"parent_url":"","tax_rate":0,"price_inc_tax":0,"sale_price_inc_tax":0},"de":{"price":0,"sale_price":0,"active":false,"url":null,"parent_url":"","tax_rate":0,"price_inc_tax":0,"sale_price_inc_tax":0},"be":{"price":0,"sale_price":0,"active":false,"url":null,"parent_url":"","tax_rate":0,"price_inc_tax":0,"sale_price_inc_tax":0},"fr":{"price":0,"sale_price":0,"active":false,"url":null,"parent_url":"","tax_rate":0,"price_inc_tax":0,"sale_price_inc_tax":0},"ch":{"price":0,"sale_price":0,"active":false,"url":null,"parent_url":"","tax_rate":0,"price_inc_tax":0,"sale_price_inc_tax":0},"at":{"price":0,"sale_price":0,"active":false,"url":null,"parent_url":"","tax_rate":0,"price_inc_tax":0,"sale_price_inc_tax":0},"es":{"price":0,"sale_price":0,"active":false,"url":null,"parent_url":"","tax_rate":0,"price_inc_tax":0,"sale_price_inc_tax":0},"dk":{"price":0,"sale_price":0,"active":false,"url":null,"parent_url":"","tax_rate":0,"price_inc_tax":0,"sale_price_inc_tax":0},"com":{"price":0,"sale_price":0,"active":false,"url":null,"parent_url":"","tax_rate":0,"price_inc_tax":0,"sale_price_inc_tax":0}},"market_nl_price":0,"market_nl_sale_price":0,"market_nl_active":false,"market_nl_url":null,"market_nl_parent_url":"","market_nl_tax_rate":0,"market_nl_price_inc_tax":0,"market_nl_sale_price_inc_tax":0,"market_de_price":0,"market_de_sale_price":0,"market_de_active":false,"market_de_url":null,"market_de_parent_url":"","market_de_tax_rate":0,"market_de_price_inc_tax":0,"market_de_sale_price_inc_tax":0,"market_be_price":0,"market_be_sale_price":0,"market_be_active":false,"market_be_url":null,"market_be_parent_url":"","market_be_tax_rate":0,"market_be_price_inc_tax":0,"market_be_sale_price_inc_tax":0,"market_fr_price":0,"market_fr_sale_price":0,"market_fr_active":false,"market_fr_url":null,"market_fr_parent_url":"","market_fr_tax_rate":0,"market_fr_price_inc_tax":0,"market_fr_sale_price_inc_tax":0,"market_ch_price":0,"market_ch_sale_price":0,"market_ch_active":false,"market_ch_url":null,"market_ch_parent_url":"","market_ch_tax_rate":0,"market_ch_price_inc_tax":0,"market_ch_sale_price_inc_tax":0,"market_at_price":0,"market_at_sale_price":0,"market_at_active":false,"market_at_url":null,"market_at_parent_url":"","market_at_tax_rate":0,"market_at_price_inc_tax":0,"market_at_sale_price_inc_tax":0,"market_es_price":0,"market_es_sale_price":0,"market_es_active":false,"market_es_url":null,"market_es_parent_url":"","market_es_tax_rate":0,"market_es_price_inc_tax":0,"market_es_sale_price_inc_tax":0,"market_dk_price":0,"market_dk_sale_price":0,"market_dk_active":false,"market_dk_url":null,"market_dk_parent_url":"","market_dk_tax_rate":0,"market_dk_price_inc_tax":0,"market_dk_sale_price_inc_tax":0,"market_com_price":0,"market_com_sale_price":0,"market_com_active":false,"market_com_url":null,"market_com_parent_url":"","market_com_tax_rate":0,"market_com_price_inc_tax":0,"market_com_sale_price_inc_tax":0,"acf":[],"_links":{"self":[{"href":"https:\/\/www.pharmacy4pets.nl\/be\/wp-json\/wp\/v2\/product\/120194","targetHints":{"allow":["GET"]}}],"collection":[{"href":"https:\/\/www.pharmacy4pets.nl\/be\/wp-json\/wp\/v2\/product"}],"about":[{"href":"https:\/\/www.pharmacy4pets.nl\/be\/wp-json\/wp\/v2\/types\/product"}],"replies":[{"embeddable":true,"href":"https:\/\/www.pharmacy4pets.nl\/be\/wp-json\/wp\/v2\/comments?post=120194"}],"wp:featuredmedia":[{"embeddable":true,"href":"https:\/\/www.pharmacy4pets.nl\/be\/wp-json\/wp\/v2\/media\/120193"}],"wp:attachment":[{"href":"https:\/\/www.pharmacy4pets.nl\/be\/wp-json\/wp\/v2\/media?parent=120194"}],"wp:term":[{"taxonomy":"product_brand","embeddable":true,"href":"https:\/\/www.pharmacy4pets.nl\/be\/wp-json\/wp\/v2\/product_brand?post=120194"},{"taxonomy":"product_cat","embeddable":true,"href":"https:\/\/www.pharmacy4pets.nl\/be\/wp-json\/wp\/v2\/product_cat?post=120194"},{"taxonomy":"product_tag","embeddable":true,"href":"https:\/\/www.pharmacy4pets.nl\/be\/wp-json\/wp\/v2\/product_tag?post=120194"}],"curies":[{"name":"wp","href":"https:\/\/api.w.org\/{rel}","templated":true}]}}