{"id":120192,"date":"2023-03-10T12:18:44","date_gmt":"2023-03-10T12:18:44","guid":{"rendered":"https:\/\/p4p.test\/sectolin-sweetitch-500-ml"},"modified":"2026-03-25T12:05:03","modified_gmt":"2026-03-25T12:05:03","slug":"sectolin-sweetitch-500-ml","status":"publish","type":"product","link":"https:\/\/www.pharmacy4pets.nl\/be\/sectolin-sweetitch-500-ml","title":{"rendered":"Sectolin Sweetitch | 500 ml"},"content":{"rendered":"<p>Sectolin Sweetitch op basis van plantaardige oli\u00ebn en extracten biedt een verzachtende verzorging ter ondersteuning van het natuurlijk herstel van de huid voor paarden. Met mineralen van de Dode Zee en plantaardige oli\u00ebn. Deze gel voor paarden is een verzachtend product voor de manen, staart en onderbuik. Het Dode Zeezout ondersteunt het zuiveren en kalmeren van de huid. Bevat groene thee- en calendula extract, gewone smeerwortel, cajaputolie en rozemarijnolie.<\/p>\n<p>Gebruiksaanwijzing:<br \/> Iedere dag aanbrengen op de te behandelen plaatsen.<\/p>\n<p>Bewaren:<br \/> 10 &#8211; 25 \u00b0C, in afgesloten originele verpakking. Buiten bereik van kinderen houden.<\/p>\n","protected":false},"excerpt":{"rendered":"<p>Sectolin Sweetitch op basis van plantaardige oli\u00ebn en extracten biedt een verzachtende verzorging ter ondersteuning van het natuurlijk herstel van de huid voor paarden. Met mineralen van de Dode Zee en plantaardige oli\u00ebn. Deze gel voor paarden is een verzachtend product voor de manen, staart en onderbuik. Het Dode Zeezout ondersteunt het zuiveren en kalmeren [&hellip;]<\/p>\n","protected":false},"featured_media":120191,"comment_status":"open","ping_status":"closed","template":"","meta":{"_acf_changed":false,"_nl_post_content":"<p>Sectolin Sweetitch op basis van plantaardige oli\u00ebn en extracten biedt een verzachtende verzorging ter ondersteuning van het natuurlijk herstel van de huid voor paarden. Met mineralen van de Dode Zee en plantaardige oli\u00ebn. Deze gel voor paarden is een verzachtend product voor de manen, staart en onderbuik. Het Dode Zeezout ondersteunt het zuiveren en kalmeren van de huid. Bevat groene thee- en calendula extract, gewone smeerwortel, cajaputolie en rozemarijnolie.<\/p>\r\n<p>Gebruiksaanwijzing:<br \/> Iedere dag aanbrengen op de te behandelen plaatsen.<\/p>\r\n<p>Bewaren:<br \/> 10 - 25 \u00b0C, in afgesloten originele verpakking. Buiten bereik van kinderen houden.<\/p>","_nl_post_name":"sectolin-sweetitch-500-ml","_nl_post_excerpt":"","_nl_post_title":"Sectolin Sweetitch | 500 ml","_en_post_content":"<p>Sectolin Sweetitch based on vegetable oils and extracts provides soothing care to support the natural regeneration of the skin for horses. With minerals from the Dead Sea and vegetable oils. This gel for horses is a soothing product for the mane, tail and underbelly. The Dead Sea salt supports the cleansing and calming of the skin. Contains green tea and calendula extract, common comfrey, cajaput oil and rosemary oil.<\/p>\n<p>Instructions for use:<br \/> Apply each day to the affected areas.<\/p>\n<p>Storage:<br \/> 10 - 25 \u00b0C, in tightly closed original packaging. Keep out of reach of children.<\/p>","_en_post_name":"sectolin-sweetitch-500-ml","_en_post_excerpt":"","_en_post_title":"Sectolin Sweetitch | 500 ml","_de_post_content":"<p>Sectolin Sweetitch enth\u00e4lt pflanzliche \u00d6le und Extrakte und erm\u00f6glicht eine mildernde Pflege zur Unterst\u00fctzung der nat\u00fcrlichen Regeneration von der Pferdehaut. Mit Mineralien aus dem Toten Meer und Pflanzen\u00f6len. Dieses gel f\u00fcr Pferde ist ein milderndes Produkt f\u00fcr M\u00e4hne, Schweif und Unterbauch. Das Salz vom Toten Meer unterst\u00fctzt die Reinigung und Beruhigung der Haut. Enth\u00e4lt Gr\u00fcnteeund Ringelblumenextrakt, gemeiner Beinwell, Kajaput\u00f6l und Rosmarin\u00f6l.<\/p>\n<p>Gebrauchsanweisung:<br \/> T\u00e4glich an den zu behandelnden Stellen auftragen.<\/p>\n<p>Lagerung:<br \/> 10 - 25 \u00b0C, in geschlossener Originalverpackung. Von kindern fernhalten.<\/p>","_de_post_name":"sectolin-sweetitch-500-ml","_de_post_excerpt":"","_de_post_title":"Sectolin Sweetitch | 500 ml","_fr_post_content":"<p>Sectolin Sweetitch \u00e0 base d\u2019huiles v\u00e9g\u00e9tales et d\u2019extraits et offre des soins apaisants pour favoriser le r\u00e9tablissement naturel de la peau des chevaux. Avec les min\u00e9raux de la Mer Morte et aux huiles v\u00e9g\u00e9tales. Ce gel pour chevaux est un \u00e9mollient pour la crini\u00e8re, la queue et le bas-ventre. Le sel de la Mer Morte soutient la purification et l\u2019apaisement de la peau. Contient des extraits de th\u00e9 vert et de calendula, de la consoude commune, de l\u2019huile de cajaput et de l\u2019huile de romarin.<\/p>\n<p>Mode d'emploi :<br \/> Appliquer quotidiennement aux endroits \u00e0 traiter.<\/p>\n<p>Conservation :<br \/> 10 - 25 \u00b0C, dans son emballage d\u2019origine ferm\u00e9. Tenir hors de port\u00e9e des enfants.<\/p>","_fr_post_name":"sectolin-sweetitch-500-ml","_fr_post_excerpt":"","_fr_post_title":"Sectolin Sweetitch | 500 ml","_es_post_content":"<p>Sectolin Sweetitch a base de aceites y extractos vegetales ofrece un cuidado calmante para favorecer la reparaci\u00f3n natural de la piel de los caballos. Con minerales del Mar Muerto y aceites vegetales. Este gel para caballos es un producto calmante para las crines, la cola y la parte inferior del vientre. La sal del Mar Muerto ayuda a purificar y calmar la piel. Contiene t\u00e9 verde y extracto de cal\u00e9ndula, consuelda com\u00fan, aceite de cajaput y aceite de romero.<\/p>\n<p>Modo de empleo:<br \/>Aplicar todos los d\u00edas en las zonas a tratar.<\/p>\n<p>Conservaci\u00f3n:<br \/>10 - 25 \u00b0C, en el envase original cerrado. Mantener fuera del alcance de los ni\u00f1os.<\/p>","_es_post_name":"sectolin-sweetitch-500-ml","_es_post_excerpt":"","_es_post_title":"Sectolin Sweetitch | 500 ml","edit_language":"nl"},"product_brand":[],"product_cat":[1820,1813,1811,1857,1809,2087,1822,2119],"product_tag":[],"class_list":{"0":"post-120192","1":"product","2":"type-product","3":"status-publish","4":"has-post-thumbnail","6":"product_cat-benodigdheden","7":"product_cat-huid-vacht","8":"product_cat-medicijnen-supplementen","9":"product_cat-merken","10":"product_cat-paarden","11":"product_cat-sectolin","12":"product_cat-verzorging","13":"product_cat-vliegen-teken-insecten","14":"pa_aandoening-overig","15":"pa_doeldier-paard","16":"pa_fabricatieland-nederland","17":"pa_merkfilter-sectolin","18":"pa_merkgroep-sectolin","19":"pa_productsoort-overig","20":"pa_toedieningswijze-gel","21":"pa_unit_pricing_base_measure-100ml","22":"pa_unit_pricing_measure-500ml","23":"pa_werkzamestof-overig","25":"first","26":"instock","27":"taxable","28":"shipping-taxable","29":"purchasable","30":"product-type-simple"},"yoast_head":"<!-- This site is optimized with the Yoast SEO plugin v27.5 - https:\/\/yoast.com\/product\/yoast-seo-wordpress\/ -->\n<title>Sectolin Sweetitch | 500 ml - Pharmacy4pets<\/title>\n<meta name=\"robots\" content=\"index, follow, max-snippet:-1, max-image-preview:large, max-video-preview:-1\" \/>\n<link rel=\"canonical\" href=\"https:\/\/www.pharmacy4pets.nl\/be\/sectolin-sweetitch-500-ml\" \/>\n<meta property=\"og:locale\" content=\"nl_NL\" \/>\n<meta property=\"og:type\" content=\"article\" \/>\n<meta property=\"og:title\" content=\"Sectolin Sweetitch | 500 ml - Pharmacy4pets\" \/>\n<meta property=\"og:description\" content=\"Sectolin Sweetitch op basis van plantaardige oli\u00ebn en extracten biedt een verzachtende verzorging ter ondersteuning van het natuurlijk herstel van de huid voor paarden. Met mineralen van de Dode Zee en plantaardige oli\u00ebn. Deze gel voor paarden is een verzachtend product voor de manen, staart en onderbuik. Het Dode Zeezout ondersteunt het zuiveren en kalmeren [&hellip;]\" \/>\n<meta property=\"og:url\" content=\"https:\/\/www.pharmacy4pets.nl\/be\/sectolin-sweetitch-500-ml\" \/>\n<meta property=\"og:site_name\" content=\"Pharmacy4pets\" \/>\n<meta property=\"article:publisher\" content=\"https:\/\/www.facebook.com\/people\/Pharmacy4petsnl\/100063484989896\/\" \/>\n<meta property=\"article:modified_time\" content=\"2026-03-25T12:05:03+00:00\" \/>\n<meta property=\"og:image\" content=\"https:\/\/www.pharmacy4pets.nl\/wp-content\/uploads\/2023\/03\/25907.jpg\" \/>\n\t<meta property=\"og:image:width\" content=\"600\" \/>\n\t<meta property=\"og:image:height\" content=\"600\" \/>\n\t<meta property=\"og:image:type\" content=\"image\/jpeg\" \/>\n<meta name=\"twitter:card\" content=\"summary_large_image\" \/>\n<script type=\"application\/ld+json\" class=\"yoast-schema-graph\">{\"@context\":\"https:\\\/\\\/schema.org\",\"@graph\":[{\"@type\":\"WebPage\",\"@id\":\"https:\\\/\\\/www.pharmacy4pets.nl\\\/be\\\/sectolin-sweetitch-500-ml\",\"url\":\"https:\\\/\\\/www.pharmacy4pets.nl\\\/be\\\/sectolin-sweetitch-500-ml\",\"name\":\"Sectolin Sweetitch | 500 ml - Pharmacy4pets\",\"isPartOf\":{\"@id\":\"http:\\\/\\\/www.pharmacy4pets.nl\\\/#website\"},\"primaryImageOfPage\":{\"@id\":\"https:\\\/\\\/www.pharmacy4pets.nl\\\/be\\\/sectolin-sweetitch-500-ml#primaryimage\"},\"image\":{\"@id\":\"https:\\\/\\\/www.pharmacy4pets.nl\\\/be\\\/sectolin-sweetitch-500-ml#primaryimage\"},\"thumbnailUrl\":\"https:\\\/\\\/www.pharmacy4pets.nl\\\/wp-content\\\/uploads\\\/2023\\\/03\\\/25907.jpg\",\"datePublished\":\"2023-03-10T12:18:44+00:00\",\"dateModified\":\"2026-03-25T12:05:03+00:00\",\"breadcrumb\":{\"@id\":\"https:\\\/\\\/www.pharmacy4pets.nl\\\/be\\\/sectolin-sweetitch-500-ml#breadcrumb\"},\"inLanguage\":\"nl-NL\",\"potentialAction\":[{\"@type\":\"ReadAction\",\"target\":[\"https:\\\/\\\/www.pharmacy4pets.nl\\\/be\\\/sectolin-sweetitch-500-ml\"]}]},{\"@type\":\"ImageObject\",\"inLanguage\":\"nl-NL\",\"@id\":\"https:\\\/\\\/www.pharmacy4pets.nl\\\/be\\\/sectolin-sweetitch-500-ml#primaryimage\",\"url\":\"https:\\\/\\\/www.pharmacy4pets.nl\\\/wp-content\\\/uploads\\\/2023\\\/03\\\/25907.jpg\",\"contentUrl\":\"https:\\\/\\\/www.pharmacy4pets.nl\\\/wp-content\\\/uploads\\\/2023\\\/03\\\/25907.jpg\",\"width\":600,\"height\":600,\"caption\":\"Sectolin Sweetitch | 500 ml-0\"},{\"@type\":\"BreadcrumbList\",\"@id\":\"https:\\\/\\\/www.pharmacy4pets.nl\\\/be\\\/sectolin-sweetitch-500-ml#breadcrumb\",\"itemListElement\":[{\"@type\":\"ListItem\",\"position\":1,\"name\":\"Home\",\"item\":\"https:\\\/\\\/p4p-nl.bootmine.com\\\/\"},{\"@type\":\"ListItem\",\"position\":2,\"name\":\"Winkel\",\"item\":\"https:\\\/\\\/p4p-nl.bootmine.com\\\/winkel\"},{\"@type\":\"ListItem\",\"position\":3,\"name\":\"Sectolin Sweetitch | 500 ml\"}]},{\"@type\":\"WebSite\",\"@id\":\"http:\\\/\\\/www.pharmacy4pets.nl\\\/#website\",\"url\":\"http:\\\/\\\/www.pharmacy4pets.nl\\\/\",\"name\":\"Pharmacy4pets\",\"description\":\"Pharmacy4pets.nl is d\u00e9 online apotheek waar u terecht kunt voor alle diergeneesmiddelen, verzorgingsproducten en dieetvoeding voor uw huisdier.\",\"publisher\":{\"@id\":\"http:\\\/\\\/www.pharmacy4pets.nl\\\/#organization\"},\"potentialAction\":[{\"@type\":\"SearchAction\",\"target\":{\"@type\":\"EntryPoint\",\"urlTemplate\":\"http:\\\/\\\/www.pharmacy4pets.nl\\\/?s={search_term_string}\"},\"query-input\":{\"@type\":\"PropertyValueSpecification\",\"valueRequired\":true,\"valueName\":\"search_term_string\"}}],\"inLanguage\":\"nl-NL\"},{\"@type\":\"Organization\",\"@id\":\"http:\\\/\\\/www.pharmacy4pets.nl\\\/#organization\",\"name\":\"Pharmacy4pets\",\"url\":\"http:\\\/\\\/www.pharmacy4pets.nl\\\/\",\"logo\":{\"@type\":\"ImageObject\",\"inLanguage\":\"nl-NL\",\"@id\":\"http:\\\/\\\/www.pharmacy4pets.nl\\\/#\\\/schema\\\/logo\\\/image\\\/\",\"url\":\"https:\\\/\\\/p4p-nl.bootmine.com\\\/wp-content\\\/uploads\\\/2026\\\/03\\\/logo-pharmacy4pets.png\",\"contentUrl\":\"https:\\\/\\\/p4p-nl.bootmine.com\\\/wp-content\\\/uploads\\\/2026\\\/03\\\/logo-pharmacy4pets.png\",\"width\":1024,\"height\":135,\"caption\":\"Pharmacy4pets\"},\"image\":{\"@id\":\"http:\\\/\\\/www.pharmacy4pets.nl\\\/#\\\/schema\\\/logo\\\/image\\\/\"},\"sameAs\":[\"https:\\\/\\\/www.facebook.com\\\/people\\\/Pharmacy4petsnl\\\/100063484989896\\\/\",\"https:\\\/\\\/www.youtube.com\\\/channel\\\/UCGPTIgucgli03tP2_kvLkHg\\\/featured\",\"https:\\\/\\\/www.instagram.com\\\/pharmacy4pets.nl\"]}]}<\/script>\n<!-- \/ Yoast SEO plugin. -->","yoast_head_json":{"title":"Sectolin Sweetitch | 500 ml - Pharmacy4pets","robots":{"index":"index","follow":"follow","max-snippet":"max-snippet:-1","max-image-preview":"max-image-preview:large","max-video-preview":"max-video-preview:-1"},"canonical":"https:\/\/www.pharmacy4pets.nl\/be\/sectolin-sweetitch-500-ml","og_locale":"nl_NL","og_type":"article","og_title":"Sectolin Sweetitch | 500 ml - Pharmacy4pets","og_description":"Sectolin Sweetitch op basis van plantaardige oli\u00ebn en extracten biedt een verzachtende verzorging ter ondersteuning van het natuurlijk herstel van de huid voor paarden. Met mineralen van de Dode Zee en plantaardige oli\u00ebn. Deze gel voor paarden is een verzachtend product voor de manen, staart en onderbuik. Het Dode Zeezout ondersteunt het zuiveren en kalmeren [&hellip;]","og_url":"https:\/\/www.pharmacy4pets.nl\/be\/sectolin-sweetitch-500-ml","og_site_name":"Pharmacy4pets","article_publisher":"https:\/\/www.facebook.com\/people\/Pharmacy4petsnl\/100063484989896\/","article_modified_time":"2026-03-25T12:05:03+00:00","og_image":[{"width":600,"height":600,"url":"https:\/\/www.pharmacy4pets.nl\/wp-content\/uploads\/2023\/03\/25907.jpg","type":"image\/jpeg"}],"twitter_card":"summary_large_image","schema":{"@context":"https:\/\/schema.org","@graph":[{"@type":"WebPage","@id":"https:\/\/www.pharmacy4pets.nl\/be\/sectolin-sweetitch-500-ml","url":"https:\/\/www.pharmacy4pets.nl\/be\/sectolin-sweetitch-500-ml","name":"Sectolin Sweetitch | 500 ml - Pharmacy4pets","isPartOf":{"@id":"http:\/\/www.pharmacy4pets.nl\/#website"},"primaryImageOfPage":{"@id":"https:\/\/www.pharmacy4pets.nl\/be\/sectolin-sweetitch-500-ml#primaryimage"},"image":{"@id":"https:\/\/www.pharmacy4pets.nl\/be\/sectolin-sweetitch-500-ml#primaryimage"},"thumbnailUrl":"https:\/\/www.pharmacy4pets.nl\/wp-content\/uploads\/2023\/03\/25907.jpg","datePublished":"2023-03-10T12:18:44+00:00","dateModified":"2026-03-25T12:05:03+00:00","breadcrumb":{"@id":"https:\/\/www.pharmacy4pets.nl\/be\/sectolin-sweetitch-500-ml#breadcrumb"},"inLanguage":"nl-NL","potentialAction":[{"@type":"ReadAction","target":["https:\/\/www.pharmacy4pets.nl\/be\/sectolin-sweetitch-500-ml"]}]},{"@type":"ImageObject","inLanguage":"nl-NL","@id":"https:\/\/www.pharmacy4pets.nl\/be\/sectolin-sweetitch-500-ml#primaryimage","url":"https:\/\/www.pharmacy4pets.nl\/wp-content\/uploads\/2023\/03\/25907.jpg","contentUrl":"https:\/\/www.pharmacy4pets.nl\/wp-content\/uploads\/2023\/03\/25907.jpg","width":600,"height":600,"caption":"Sectolin Sweetitch | 500 ml-0"},{"@type":"BreadcrumbList","@id":"https:\/\/www.pharmacy4pets.nl\/be\/sectolin-sweetitch-500-ml#breadcrumb","itemListElement":[{"@type":"ListItem","position":1,"name":"Home","item":"https:\/\/p4p-nl.bootmine.com\/"},{"@type":"ListItem","position":2,"name":"Winkel","item":"https:\/\/p4p-nl.bootmine.com\/winkel"},{"@type":"ListItem","position":3,"name":"Sectolin Sweetitch | 500 ml"}]},{"@type":"WebSite","@id":"http:\/\/www.pharmacy4pets.nl\/#website","url":"http:\/\/www.pharmacy4pets.nl\/","name":"Pharmacy4pets","description":"Pharmacy4pets.nl is d\u00e9 online apotheek waar u terecht kunt voor alle diergeneesmiddelen, verzorgingsproducten en dieetvoeding voor uw huisdier.","publisher":{"@id":"http:\/\/www.pharmacy4pets.nl\/#organization"},"potentialAction":[{"@type":"SearchAction","target":{"@type":"EntryPoint","urlTemplate":"http:\/\/www.pharmacy4pets.nl\/?s={search_term_string}"},"query-input":{"@type":"PropertyValueSpecification","valueRequired":true,"valueName":"search_term_string"}}],"inLanguage":"nl-NL"},{"@type":"Organization","@id":"http:\/\/www.pharmacy4pets.nl\/#organization","name":"Pharmacy4pets","url":"http:\/\/www.pharmacy4pets.nl\/","logo":{"@type":"ImageObject","inLanguage":"nl-NL","@id":"http:\/\/www.pharmacy4pets.nl\/#\/schema\/logo\/image\/","url":"https:\/\/p4p-nl.bootmine.com\/wp-content\/uploads\/2026\/03\/logo-pharmacy4pets.png","contentUrl":"https:\/\/p4p-nl.bootmine.com\/wp-content\/uploads\/2026\/03\/logo-pharmacy4pets.png","width":1024,"height":135,"caption":"Pharmacy4pets"},"image":{"@id":"http:\/\/www.pharmacy4pets.nl\/#\/schema\/logo\/image\/"},"sameAs":["https:\/\/www.facebook.com\/people\/Pharmacy4petsnl\/100063484989896\/","https:\/\/www.youtube.com\/channel\/UCGPTIgucgli03tP2_kvLkHg\/featured","https:\/\/www.instagram.com\/pharmacy4pets.nl"]}]}},"market_data":{"nl":{"price":0,"sale_price":0,"active":false,"url":null,"parent_url":"","tax_rate":0,"price_inc_tax":0,"sale_price_inc_tax":0},"de":{"price":0,"sale_price":0,"active":false,"url":null,"parent_url":"","tax_rate":0,"price_inc_tax":0,"sale_price_inc_tax":0},"be":{"price":0,"sale_price":0,"active":false,"url":null,"parent_url":"","tax_rate":0,"price_inc_tax":0,"sale_price_inc_tax":0},"fr":{"price":0,"sale_price":0,"active":false,"url":null,"parent_url":"","tax_rate":0,"price_inc_tax":0,"sale_price_inc_tax":0},"ch":{"price":0,"sale_price":0,"active":false,"url":null,"parent_url":"","tax_rate":0,"price_inc_tax":0,"sale_price_inc_tax":0},"at":{"price":0,"sale_price":0,"active":false,"url":null,"parent_url":"","tax_rate":0,"price_inc_tax":0,"sale_price_inc_tax":0},"es":{"price":0,"sale_price":0,"active":false,"url":null,"parent_url":"","tax_rate":0,"price_inc_tax":0,"sale_price_inc_tax":0},"dk":{"price":0,"sale_price":0,"active":false,"url":null,"parent_url":"","tax_rate":0,"price_inc_tax":0,"sale_price_inc_tax":0},"com":{"price":0,"sale_price":0,"active":false,"url":null,"parent_url":"","tax_rate":0,"price_inc_tax":0,"sale_price_inc_tax":0}},"market_nl_price":0,"market_nl_sale_price":0,"market_nl_active":false,"market_nl_url":null,"market_nl_parent_url":"","market_nl_tax_rate":0,"market_nl_price_inc_tax":0,"market_nl_sale_price_inc_tax":0,"market_de_price":0,"market_de_sale_price":0,"market_de_active":false,"market_de_url":null,"market_de_parent_url":"","market_de_tax_rate":0,"market_de_price_inc_tax":0,"market_de_sale_price_inc_tax":0,"market_be_price":0,"market_be_sale_price":0,"market_be_active":false,"market_be_url":null,"market_be_parent_url":"","market_be_tax_rate":0,"market_be_price_inc_tax":0,"market_be_sale_price_inc_tax":0,"market_fr_price":0,"market_fr_sale_price":0,"market_fr_active":false,"market_fr_url":null,"market_fr_parent_url":"","market_fr_tax_rate":0,"market_fr_price_inc_tax":0,"market_fr_sale_price_inc_tax":0,"market_ch_price":0,"market_ch_sale_price":0,"market_ch_active":false,"market_ch_url":null,"market_ch_parent_url":"","market_ch_tax_rate":0,"market_ch_price_inc_tax":0,"market_ch_sale_price_inc_tax":0,"market_at_price":0,"market_at_sale_price":0,"market_at_active":false,"market_at_url":null,"market_at_parent_url":"","market_at_tax_rate":0,"market_at_price_inc_tax":0,"market_at_sale_price_inc_tax":0,"market_es_price":0,"market_es_sale_price":0,"market_es_active":false,"market_es_url":null,"market_es_parent_url":"","market_es_tax_rate":0,"market_es_price_inc_tax":0,"market_es_sale_price_inc_tax":0,"market_dk_price":0,"market_dk_sale_price":0,"market_dk_active":false,"market_dk_url":null,"market_dk_parent_url":"","market_dk_tax_rate":0,"market_dk_price_inc_tax":0,"market_dk_sale_price_inc_tax":0,"market_com_price":0,"market_com_sale_price":0,"market_com_active":false,"market_com_url":null,"market_com_parent_url":"","market_com_tax_rate":0,"market_com_price_inc_tax":0,"market_com_sale_price_inc_tax":0,"acf":[],"_links":{"self":[{"href":"https:\/\/www.pharmacy4pets.nl\/be\/wp-json\/wp\/v2\/product\/120192","targetHints":{"allow":["GET"]}}],"collection":[{"href":"https:\/\/www.pharmacy4pets.nl\/be\/wp-json\/wp\/v2\/product"}],"about":[{"href":"https:\/\/www.pharmacy4pets.nl\/be\/wp-json\/wp\/v2\/types\/product"}],"replies":[{"embeddable":true,"href":"https:\/\/www.pharmacy4pets.nl\/be\/wp-json\/wp\/v2\/comments?post=120192"}],"wp:featuredmedia":[{"embeddable":true,"href":"https:\/\/www.pharmacy4pets.nl\/be\/wp-json\/wp\/v2\/media\/120191"}],"wp:attachment":[{"href":"https:\/\/www.pharmacy4pets.nl\/be\/wp-json\/wp\/v2\/media?parent=120192"}],"wp:term":[{"taxonomy":"product_brand","embeddable":true,"href":"https:\/\/www.pharmacy4pets.nl\/be\/wp-json\/wp\/v2\/product_brand?post=120192"},{"taxonomy":"product_cat","embeddable":true,"href":"https:\/\/www.pharmacy4pets.nl\/be\/wp-json\/wp\/v2\/product_cat?post=120192"},{"taxonomy":"product_tag","embeddable":true,"href":"https:\/\/www.pharmacy4pets.nl\/be\/wp-json\/wp\/v2\/product_tag?post=120192"}],"curies":[{"name":"wp","href":"https:\/\/api.w.org\/{rel}","templated":true}]}}