{"id":120190,"date":"2023-03-10T12:18:43","date_gmt":"2023-03-10T12:18:43","guid":{"rendered":"https:\/\/p4p.test\/sectolin-nervo-1-kg"},"modified":"2026-03-25T12:05:02","modified_gmt":"2026-03-25T12:05:02","slug":"sectolin-nervo-1-kg","status":"publish","type":"product","link":"https:\/\/www.pharmacy4pets.nl\/be\/sectolin-nervo-1-kg","title":{"rendered":"Sectolin Nervo | 1 kg"},"content":{"rendered":"<p>Sectolin Nervo is een aanvullend diervoeder voor paarden ter bevordering van de concentratie en ontspanning. Sectolin Nervo bevat Dextrose en Magnesiumoxide en is geschikt voor voeren tijdens stresssituaties. Stressvolle situaties kunnen zijn: scheren, een bezoek aan de hoefsmid, bezoek van de dierenarts of wedstrijden.<\/p>\n<p>Gebruiksaanwijzing (voederadvies):<br \/> Paard 500 kg 25 g \/ dag<br \/> Per 100 kg lichaamsgewicht 5 g \/ dag<\/p>\n<p>Een maatschepje = ca. 12,5 g.<br \/> Een emmer van 1 kg is bij een dagelijkse dosering van 25 g voldoende voor ca. 40 dagen.<\/p>\n<p>Advies:<br \/> Start 3 &#8211; 7 dagen van te voren met Nervo en voer dit dagelijks tot en met het stressmoment. Nervo kan ook gedurende langere tijd gevoerd worden.<\/p>\n<p>Bewaren:<br \/> Hersluit met deksel. Op een droge plaats bij kamertemperatuur bewaren. Buiten bereik van kinderen houden.<\/p>\n","protected":false},"excerpt":{"rendered":"<p>Sectolin Nervo is een aanvullend diervoeder voor paarden ter bevordering van de concentratie en ontspanning. Sectolin Nervo bevat Dextrose en Magnesiumoxide en is geschikt voor voeren tijdens stresssituaties. Stressvolle situaties kunnen zijn: scheren, een bezoek aan de hoefsmid, bezoek van de dierenarts of wedstrijden. Gebruiksaanwijzing (voederadvies): Paard 500 kg 25 g \/ dag Per 100 [&hellip;]<\/p>\n","protected":false},"featured_media":120189,"comment_status":"open","ping_status":"closed","template":"","meta":{"_acf_changed":false,"_nl_post_content":"<p>Sectolin Nervo is een aanvullend diervoeder voor paarden ter bevordering van de concentratie en ontspanning. Sectolin Nervo bevat Dextrose en Magnesiumoxide en is geschikt voor voeren tijdens stresssituaties. Stressvolle situaties kunnen zijn: scheren, een bezoek aan de hoefsmid, bezoek van de dierenarts of wedstrijden.<\/p>\r\n<p>Gebruiksaanwijzing (voederadvies):<br \/> Paard 500 kg 25 g \/ dag<br \/> Per 100 kg lichaamsgewicht 5 g \/ dag<\/p>\r\n<p>Een maatschepje = ca. 12,5 g.<br \/> Een emmer van 1 kg is bij een dagelijkse dosering van 25 g voldoende voor ca. 40 dagen.<\/p>\r\n<p>Advies:<br \/> Start 3 - 7 dagen van te voren met Nervo en voer dit dagelijks tot en met het stressmoment. Nervo kan ook gedurende langere tijd gevoerd worden.<\/p>\r\n<p>Bewaren:<br \/> Hersluit met deksel. Op een droge plaats bij kamertemperatuur bewaren. Buiten bereik van kinderen houden.<\/p>","_nl_post_name":"sectolin-nervo-1-kg","_nl_post_excerpt":"","_nl_post_title":"Sectolin Nervo | 1 kg","_en_post_content":"<p>Sectolin Nervo is a supplementary feed for horses to promote concentration and relaxation. Sectolin Nervo contains Dextrose and Magnesium oxide and is suitable for feeding during stressful situations. Stressful situations may include shearing, a visit to the farrier, vet visits or competitions.<\/p>\r\n<p>Directions for use (feeding advice):<br \/>Horse 500 kg 25 g \/ day<br \/>Per 100 kg body weight 5 g \/ day<\/p>\r\n<p>One measuring spoon = approx. 12.5 g.<br \/>A 1 kg bucket is sufficient for approx. 40 days at a daily dosage of 25 g.<\/p>\r\n<p>Advice:<br \/>Start 3 - 7 days in advance with Nervo and feed it daily up to and including the stress moment. Nervo can also be fed over a longer period of time.<\/p>\r\n<p>Storage:<br \/>Reseal with lid. Store in a dry place at room temperature. Keep out of reach of children.<\/p>","_en_post_name":"sectolin-nervo-1-kg","_en_post_excerpt":"","_en_post_title":"Sectolin Nervo | 1 kg","_de_post_content":"<p>Sectolin Nervo ist ein Erg\u00e4nzungsfuttermittel f\u00fcr Pferde zur F\u00f6rderung der Konzentration und Entspannung. Sectolin Nervo enth\u00e4lt Traubenzucker und Magnesiumoxid und eignet sich zur F\u00fctterung in Stresssituationen. Stresssituationen k\u00f6nnen z.B. das Scheren, der Besuch beim Hufschmied, Tierarztbesuche oder Turniere sein.<\/p>\r\n<p>Gebrauchsanweisung (F\u00fctterungsempfehlung):<br \/>Pferd 500 kg 25 g \/ Tag<br \/>Pro 100 kg K\u00f6rpergewicht 5 g \/ Tag<\/p>\r\n<p>Ein Messl\u00f6ffel = ca. 12,5 g.<br \/>Ein 1 kg Eimer reicht bei einer t\u00e4glichen Dosierung von 25 g f\u00fcr ca. 40 Tage.<\/p>\r\n<p>Hinweise:<br \/>Beginnen Sie 3 - 7 Tage im Voraus mit Nervo und f\u00fcttern Sie es t\u00e4glich bis zum Stressmoment. Nervo kann auch \u00fcber einen l\u00e4ngeren Zeitraum gef\u00fcttert werden.<\/p>\r\n<p>Lagerung:<br \/>Mit Deckel wieder verschlie\u00dfen. An einem trockenen Ort bei Raumtemperatur aufbewahren. Au\u00dferhalb der Reichweite von Kindern aufbewahren.<\/p>","_de_post_name":"sectolin-nervo-1-kg","_de_post_excerpt":"","_de_post_title":"Sectolin Nervo | 1 kg","_fr_post_content":"<p>Sectolin Nervo est un aliment compl\u00e9mentaire pour chevaux destin\u00e9 \u00e0 favoriser la concentration et la relaxation. Sectolin Nervo contient du dextrose et de l'oxyde de magn\u00e9sium et convient pour les situations stressantes. Les situations stressantes peuvent \u00eatre la tonte, une visite chez le mar\u00e9chal-ferrant, des visites chez le v\u00e9t\u00e9rinaire ou des comp\u00e9titions.<\/p>\r\n<p>Mode d'emploi (conseils d'alimentation) :<br \/>Cheval 500 kg 25 g \/ jour<br \/>Pour 100 kg de poids corporel 5 g \/ jour<\/p>\r\n<p>Une cuill\u00e8re doseuse = environ 12,5 g.<br \/>Un seau de 1 kg suffit pour environ 40 jours \u00e0 raison de 25 g par jour.<\/p>\r\n<p>Conseils :<br \/>Commencez 3 \u00e0 7 jours \u00e0 l'avance avec Nervo et donnez le quotidiennement jusqu'au moment du stress. Nervo peut \u00e9galement \u00eatre administr\u00e9 sur une p\u00e9riode plus longue.<\/p>\r\n<p>Conservation :<br \/>Refermer le couvercle. Conserver dans un endroit sec \u00e0 temp\u00e9rature ambiante. Tenir hors de port\u00e9e des enfants.<\/p>","_fr_post_name":"sectolin-nervo-1-kg","_fr_post_excerpt":"","_fr_post_title":"Sectolin Nervo | 1 kg","_es_post_content":"<p>Sectolin Nervo es un alimento complementario para caballos que favorece la concentraci\u00f3n y la relajaci\u00f3n. Sectolin Nervo contiene dextrosa y \u00f3xido de magnesio y es adecuado para suministrar durante situaciones de estr\u00e9s. Las situaciones estresantes pueden incluir el esquileo, una visita al herrador, visitas al veterinario o competiciones.<\/p>\r\n<p>Instrucciones de uso (consejos de alimentaci\u00f3n):<br \/>Caballo de 500 kg 25 g \/ d\u00eda<br \/>Por 100 kg de peso corporal 5 g \/ d\u00eda<\/p>\r\n<p>Una cuchara dosificadora = aprox. 12,5 g.<br \/>Un cubo de 1 kg es suficiente para aproximadamente 40 d\u00edas con una dosis diaria de 25 g.<\/p>\r\n<p>Consejos:<br \/>Comience 3 - 7 d\u00edas antes con Nervo y alim\u00e9ntelo diariamente hasta el momento de estr\u00e9s inclusive. Nervo tambi\u00e9n puede administrarse durante un periodo de tiempo m\u00e1s largo.<\/p>\r\n<p>Conservaci\u00f3n:<br \/>Volver a cerrar con tapa. Conservar en un lugar seco a temperatura ambiente. Mantener fuera del alcance de los ni\u00f1os.<\/p>","_es_post_name":"sectolin-nervo-1-kg","_es_post_excerpt":"","_es_post_title":"Sectolin Nervo | 1 kg","edit_language":"nl"},"product_brand":[],"product_cat":[1811,1857,1809,2087,1818],"product_tag":[],"class_list":{"0":"post-120190","1":"product","2":"type-product","3":"status-publish","4":"has-post-thumbnail","6":"product_cat-medicijnen-supplementen","7":"product_cat-merken","8":"product_cat-paarden","9":"product_cat-sectolin","10":"product_cat-zenuwstelsel","11":"pa_aandoening-overig","12":"pa_doeldier-paard","13":"pa_fabricatieland-nederland","14":"pa_merkfilter-sectolin","15":"pa_merkgroep-sectolin","16":"pa_productsoort-voedingssupplement","17":"pa_toedieningswijze-overig","18":"pa_unit_pricing_base_measure-1kg","19":"pa_unit_pricing_measure-1kg","20":"pa_werkzamestof-overig","22":"first","23":"instock","24":"taxable","25":"shipping-taxable","26":"purchasable","27":"product-type-simple"},"yoast_head":"<!-- This site is optimized with the Yoast SEO plugin v27.5 - https:\/\/yoast.com\/product\/yoast-seo-wordpress\/ -->\n<title>Sectolin Nervo | 1 kg - Pharmacy4pets<\/title>\n<meta name=\"robots\" content=\"index, follow, max-snippet:-1, max-image-preview:large, max-video-preview:-1\" \/>\n<link rel=\"canonical\" href=\"https:\/\/p4p-nl.bootmine.com\/%product-slug%\/sectolin-nervo-1-kg\" \/>\n<meta property=\"og:locale\" content=\"nl_NL\" \/>\n<meta property=\"og:type\" content=\"article\" \/>\n<meta property=\"og:title\" content=\"Sectolin Nervo | 1 kg - Pharmacy4pets\" \/>\n<meta property=\"og:description\" content=\"Sectolin Nervo is een aanvullend diervoeder voor paarden ter bevordering van de concentratie en ontspanning. Sectolin Nervo bevat Dextrose en Magnesiumoxide en is geschikt voor voeren tijdens stresssituaties. Stressvolle situaties kunnen zijn: scheren, een bezoek aan de hoefsmid, bezoek van de dierenarts of wedstrijden. Gebruiksaanwijzing (voederadvies): Paard 500 kg 25 g \/ dag Per 100 [&hellip;]\" \/>\n<meta property=\"og:url\" content=\"https:\/\/p4p-nl.bootmine.com\/%product-slug%\/sectolin-nervo-1-kg\" \/>\n<meta property=\"og:site_name\" content=\"Pharmacy4pets\" \/>\n<meta property=\"article:publisher\" content=\"https:\/\/www.facebook.com\/people\/Pharmacy4petsnl\/100063484989896\/\" \/>\n<meta property=\"article:modified_time\" content=\"2026-03-25T12:05:02+00:00\" \/>\n<meta property=\"og:image\" content=\"https:\/\/p4p-nl.bootmine.com\/wp-content\/uploads\/2023\/03\/25906.jpg\" \/>\n\t<meta property=\"og:image:width\" content=\"600\" \/>\n\t<meta property=\"og:image:height\" content=\"600\" \/>\n\t<meta property=\"og:image:type\" content=\"image\/jpeg\" \/>\n<meta name=\"twitter:card\" content=\"summary_large_image\" \/>\n<meta name=\"twitter:label1\" content=\"Geschatte leestijd\" \/>\n\t<meta name=\"twitter:data1\" content=\"1 minuut\" \/>\n<script type=\"application\/ld+json\" class=\"yoast-schema-graph\">{\"@context\":\"https:\\\/\\\/schema.org\",\"@graph\":[{\"@type\":\"WebPage\",\"@id\":\"https:\\\/\\\/p4p-nl.bootmine.com\\\/%product-slug%\\\/sectolin-nervo-1-kg\",\"url\":\"https:\\\/\\\/p4p-nl.bootmine.com\\\/%product-slug%\\\/sectolin-nervo-1-kg\",\"name\":\"Sectolin Nervo | 1 kg - Pharmacy4pets\",\"isPartOf\":{\"@id\":\"http:\\\/\\\/www.pharmacy4pets.nl\\\/#website\"},\"primaryImageOfPage\":{\"@id\":\"https:\\\/\\\/p4p-nl.bootmine.com\\\/%product-slug%\\\/sectolin-nervo-1-kg#primaryimage\"},\"image\":{\"@id\":\"https:\\\/\\\/p4p-nl.bootmine.com\\\/%product-slug%\\\/sectolin-nervo-1-kg#primaryimage\"},\"thumbnailUrl\":\"https:\\\/\\\/www.pharmacy4pets.nl\\\/wp-content\\\/uploads\\\/2023\\\/03\\\/25906.jpg\",\"datePublished\":\"2023-03-10T12:18:43+00:00\",\"dateModified\":\"2026-03-25T12:05:02+00:00\",\"breadcrumb\":{\"@id\":\"https:\\\/\\\/p4p-nl.bootmine.com\\\/%product-slug%\\\/sectolin-nervo-1-kg#breadcrumb\"},\"inLanguage\":\"nl-NL\",\"potentialAction\":[{\"@type\":\"ReadAction\",\"target\":[\"https:\\\/\\\/p4p-nl.bootmine.com\\\/%product-slug%\\\/sectolin-nervo-1-kg\"]}]},{\"@type\":\"ImageObject\",\"inLanguage\":\"nl-NL\",\"@id\":\"https:\\\/\\\/p4p-nl.bootmine.com\\\/%product-slug%\\\/sectolin-nervo-1-kg#primaryimage\",\"url\":\"https:\\\/\\\/www.pharmacy4pets.nl\\\/wp-content\\\/uploads\\\/2023\\\/03\\\/25906.jpg\",\"contentUrl\":\"https:\\\/\\\/www.pharmacy4pets.nl\\\/wp-content\\\/uploads\\\/2023\\\/03\\\/25906.jpg\",\"width\":600,\"height\":600,\"caption\":\"Sectolin\"},{\"@type\":\"BreadcrumbList\",\"@id\":\"https:\\\/\\\/p4p-nl.bootmine.com\\\/%product-slug%\\\/sectolin-nervo-1-kg#breadcrumb\",\"itemListElement\":[{\"@type\":\"ListItem\",\"position\":1,\"name\":\"Home\",\"item\":\"https:\\\/\\\/p4p-nl.bootmine.com\\\/\"},{\"@type\":\"ListItem\",\"position\":2,\"name\":\"Winkel\",\"item\":\"https:\\\/\\\/p4p-nl.bootmine.com\\\/winkel\"},{\"@type\":\"ListItem\",\"position\":3,\"name\":\"Sectolin Nervo | 1 kg\"}]},{\"@type\":\"WebSite\",\"@id\":\"http:\\\/\\\/www.pharmacy4pets.nl\\\/#website\",\"url\":\"http:\\\/\\\/www.pharmacy4pets.nl\\\/\",\"name\":\"Pharmacy4pets\",\"description\":\"Pharmacy4pets.nl is d\u00e9 online apotheek waar u terecht kunt voor alle diergeneesmiddelen, verzorgingsproducten en dieetvoeding voor uw huisdier.\",\"publisher\":{\"@id\":\"http:\\\/\\\/www.pharmacy4pets.nl\\\/#organization\"},\"potentialAction\":[{\"@type\":\"SearchAction\",\"target\":{\"@type\":\"EntryPoint\",\"urlTemplate\":\"http:\\\/\\\/www.pharmacy4pets.nl\\\/?s={search_term_string}\"},\"query-input\":{\"@type\":\"PropertyValueSpecification\",\"valueRequired\":true,\"valueName\":\"search_term_string\"}}],\"inLanguage\":\"nl-NL\"},{\"@type\":\"Organization\",\"@id\":\"http:\\\/\\\/www.pharmacy4pets.nl\\\/#organization\",\"name\":\"Pharmacy4pets\",\"url\":\"http:\\\/\\\/www.pharmacy4pets.nl\\\/\",\"logo\":{\"@type\":\"ImageObject\",\"inLanguage\":\"nl-NL\",\"@id\":\"http:\\\/\\\/www.pharmacy4pets.nl\\\/#\\\/schema\\\/logo\\\/image\\\/\",\"url\":\"https:\\\/\\\/p4p-nl.bootmine.com\\\/wp-content\\\/uploads\\\/2026\\\/03\\\/logo-pharmacy4pets.png\",\"contentUrl\":\"https:\\\/\\\/p4p-nl.bootmine.com\\\/wp-content\\\/uploads\\\/2026\\\/03\\\/logo-pharmacy4pets.png\",\"width\":1024,\"height\":135,\"caption\":\"Pharmacy4pets\"},\"image\":{\"@id\":\"http:\\\/\\\/www.pharmacy4pets.nl\\\/#\\\/schema\\\/logo\\\/image\\\/\"},\"sameAs\":[\"https:\\\/\\\/www.facebook.com\\\/people\\\/Pharmacy4petsnl\\\/100063484989896\\\/\",\"https:\\\/\\\/www.youtube.com\\\/channel\\\/UCGPTIgucgli03tP2_kvLkHg\\\/featured\",\"https:\\\/\\\/www.instagram.com\\\/pharmacy4pets.nl\"]}]}<\/script>\n<!-- \/ Yoast SEO plugin. -->","yoast_head_json":{"title":"Sectolin Nervo | 1 kg - Pharmacy4pets","robots":{"index":"index","follow":"follow","max-snippet":"max-snippet:-1","max-image-preview":"max-image-preview:large","max-video-preview":"max-video-preview:-1"},"canonical":"https:\/\/p4p-nl.bootmine.com\/%product-slug%\/sectolin-nervo-1-kg","og_locale":"nl_NL","og_type":"article","og_title":"Sectolin Nervo | 1 kg - Pharmacy4pets","og_description":"Sectolin Nervo is een aanvullend diervoeder voor paarden ter bevordering van de concentratie en ontspanning. Sectolin Nervo bevat Dextrose en Magnesiumoxide en is geschikt voor voeren tijdens stresssituaties. Stressvolle situaties kunnen zijn: scheren, een bezoek aan de hoefsmid, bezoek van de dierenarts of wedstrijden. Gebruiksaanwijzing (voederadvies): Paard 500 kg 25 g \/ dag Per 100 [&hellip;]","og_url":"https:\/\/p4p-nl.bootmine.com\/%product-slug%\/sectolin-nervo-1-kg","og_site_name":"Pharmacy4pets","article_publisher":"https:\/\/www.facebook.com\/people\/Pharmacy4petsnl\/100063484989896\/","article_modified_time":"2026-03-25T12:05:02+00:00","og_image":[{"width":600,"height":600,"url":"https:\/\/p4p-nl.bootmine.com\/wp-content\/uploads\/2023\/03\/25906.jpg","type":"image\/jpeg"}],"twitter_card":"summary_large_image","twitter_misc":{"Geschatte leestijd":"1 minuut"},"schema":{"@context":"https:\/\/schema.org","@graph":[{"@type":"WebPage","@id":"https:\/\/p4p-nl.bootmine.com\/%product-slug%\/sectolin-nervo-1-kg","url":"https:\/\/p4p-nl.bootmine.com\/%product-slug%\/sectolin-nervo-1-kg","name":"Sectolin Nervo | 1 kg - Pharmacy4pets","isPartOf":{"@id":"http:\/\/www.pharmacy4pets.nl\/#website"},"primaryImageOfPage":{"@id":"https:\/\/p4p-nl.bootmine.com\/%product-slug%\/sectolin-nervo-1-kg#primaryimage"},"image":{"@id":"https:\/\/p4p-nl.bootmine.com\/%product-slug%\/sectolin-nervo-1-kg#primaryimage"},"thumbnailUrl":"https:\/\/www.pharmacy4pets.nl\/wp-content\/uploads\/2023\/03\/25906.jpg","datePublished":"2023-03-10T12:18:43+00:00","dateModified":"2026-03-25T12:05:02+00:00","breadcrumb":{"@id":"https:\/\/p4p-nl.bootmine.com\/%product-slug%\/sectolin-nervo-1-kg#breadcrumb"},"inLanguage":"nl-NL","potentialAction":[{"@type":"ReadAction","target":["https:\/\/p4p-nl.bootmine.com\/%product-slug%\/sectolin-nervo-1-kg"]}]},{"@type":"ImageObject","inLanguage":"nl-NL","@id":"https:\/\/p4p-nl.bootmine.com\/%product-slug%\/sectolin-nervo-1-kg#primaryimage","url":"https:\/\/www.pharmacy4pets.nl\/wp-content\/uploads\/2023\/03\/25906.jpg","contentUrl":"https:\/\/www.pharmacy4pets.nl\/wp-content\/uploads\/2023\/03\/25906.jpg","width":600,"height":600,"caption":"Sectolin"},{"@type":"BreadcrumbList","@id":"https:\/\/p4p-nl.bootmine.com\/%product-slug%\/sectolin-nervo-1-kg#breadcrumb","itemListElement":[{"@type":"ListItem","position":1,"name":"Home","item":"https:\/\/p4p-nl.bootmine.com\/"},{"@type":"ListItem","position":2,"name":"Winkel","item":"https:\/\/p4p-nl.bootmine.com\/winkel"},{"@type":"ListItem","position":3,"name":"Sectolin Nervo | 1 kg"}]},{"@type":"WebSite","@id":"http:\/\/www.pharmacy4pets.nl\/#website","url":"http:\/\/www.pharmacy4pets.nl\/","name":"Pharmacy4pets","description":"Pharmacy4pets.nl is d\u00e9 online apotheek waar u terecht kunt voor alle diergeneesmiddelen, verzorgingsproducten en dieetvoeding voor uw huisdier.","publisher":{"@id":"http:\/\/www.pharmacy4pets.nl\/#organization"},"potentialAction":[{"@type":"SearchAction","target":{"@type":"EntryPoint","urlTemplate":"http:\/\/www.pharmacy4pets.nl\/?s={search_term_string}"},"query-input":{"@type":"PropertyValueSpecification","valueRequired":true,"valueName":"search_term_string"}}],"inLanguage":"nl-NL"},{"@type":"Organization","@id":"http:\/\/www.pharmacy4pets.nl\/#organization","name":"Pharmacy4pets","url":"http:\/\/www.pharmacy4pets.nl\/","logo":{"@type":"ImageObject","inLanguage":"nl-NL","@id":"http:\/\/www.pharmacy4pets.nl\/#\/schema\/logo\/image\/","url":"https:\/\/p4p-nl.bootmine.com\/wp-content\/uploads\/2026\/03\/logo-pharmacy4pets.png","contentUrl":"https:\/\/p4p-nl.bootmine.com\/wp-content\/uploads\/2026\/03\/logo-pharmacy4pets.png","width":1024,"height":135,"caption":"Pharmacy4pets"},"image":{"@id":"http:\/\/www.pharmacy4pets.nl\/#\/schema\/logo\/image\/"},"sameAs":["https:\/\/www.facebook.com\/people\/Pharmacy4petsnl\/100063484989896\/","https:\/\/www.youtube.com\/channel\/UCGPTIgucgli03tP2_kvLkHg\/featured","https:\/\/www.instagram.com\/pharmacy4pets.nl"]}]}},"market_data":{"nl":{"price":0,"sale_price":0,"active":false,"url":null,"parent_url":"","tax_rate":0,"price_inc_tax":0,"sale_price_inc_tax":0},"de":{"price":0,"sale_price":0,"active":false,"url":null,"parent_url":"","tax_rate":0,"price_inc_tax":0,"sale_price_inc_tax":0},"be":{"price":0,"sale_price":0,"active":false,"url":null,"parent_url":"","tax_rate":0,"price_inc_tax":0,"sale_price_inc_tax":0},"fr":{"price":0,"sale_price":0,"active":false,"url":null,"parent_url":"","tax_rate":0,"price_inc_tax":0,"sale_price_inc_tax":0},"ch":{"price":0,"sale_price":0,"active":false,"url":null,"parent_url":"","tax_rate":0,"price_inc_tax":0,"sale_price_inc_tax":0},"at":{"price":0,"sale_price":0,"active":false,"url":null,"parent_url":"","tax_rate":0,"price_inc_tax":0,"sale_price_inc_tax":0},"es":{"price":0,"sale_price":0,"active":false,"url":null,"parent_url":"","tax_rate":0,"price_inc_tax":0,"sale_price_inc_tax":0},"dk":{"price":0,"sale_price":0,"active":false,"url":null,"parent_url":"","tax_rate":0,"price_inc_tax":0,"sale_price_inc_tax":0},"com":{"price":0,"sale_price":0,"active":false,"url":null,"parent_url":"","tax_rate":0,"price_inc_tax":0,"sale_price_inc_tax":0}},"market_nl_price":0,"market_nl_sale_price":0,"market_nl_active":false,"market_nl_url":null,"market_nl_parent_url":"","market_nl_tax_rate":0,"market_nl_price_inc_tax":0,"market_nl_sale_price_inc_tax":0,"market_de_price":0,"market_de_sale_price":0,"market_de_active":false,"market_de_url":null,"market_de_parent_url":"","market_de_tax_rate":0,"market_de_price_inc_tax":0,"market_de_sale_price_inc_tax":0,"market_be_price":0,"market_be_sale_price":0,"market_be_active":false,"market_be_url":null,"market_be_parent_url":"","market_be_tax_rate":0,"market_be_price_inc_tax":0,"market_be_sale_price_inc_tax":0,"market_fr_price":0,"market_fr_sale_price":0,"market_fr_active":false,"market_fr_url":null,"market_fr_parent_url":"","market_fr_tax_rate":0,"market_fr_price_inc_tax":0,"market_fr_sale_price_inc_tax":0,"market_ch_price":0,"market_ch_sale_price":0,"market_ch_active":false,"market_ch_url":null,"market_ch_parent_url":"","market_ch_tax_rate":0,"market_ch_price_inc_tax":0,"market_ch_sale_price_inc_tax":0,"market_at_price":0,"market_at_sale_price":0,"market_at_active":false,"market_at_url":null,"market_at_parent_url":"","market_at_tax_rate":0,"market_at_price_inc_tax":0,"market_at_sale_price_inc_tax":0,"market_es_price":0,"market_es_sale_price":0,"market_es_active":false,"market_es_url":null,"market_es_parent_url":"","market_es_tax_rate":0,"market_es_price_inc_tax":0,"market_es_sale_price_inc_tax":0,"market_dk_price":0,"market_dk_sale_price":0,"market_dk_active":false,"market_dk_url":null,"market_dk_parent_url":"","market_dk_tax_rate":0,"market_dk_price_inc_tax":0,"market_dk_sale_price_inc_tax":0,"market_com_price":0,"market_com_sale_price":0,"market_com_active":false,"market_com_url":null,"market_com_parent_url":"","market_com_tax_rate":0,"market_com_price_inc_tax":0,"market_com_sale_price_inc_tax":0,"acf":[],"_links":{"self":[{"href":"https:\/\/www.pharmacy4pets.nl\/be\/wp-json\/wp\/v2\/product\/120190","targetHints":{"allow":["GET"]}}],"collection":[{"href":"https:\/\/www.pharmacy4pets.nl\/be\/wp-json\/wp\/v2\/product"}],"about":[{"href":"https:\/\/www.pharmacy4pets.nl\/be\/wp-json\/wp\/v2\/types\/product"}],"replies":[{"embeddable":true,"href":"https:\/\/www.pharmacy4pets.nl\/be\/wp-json\/wp\/v2\/comments?post=120190"}],"wp:featuredmedia":[{"embeddable":true,"href":"https:\/\/www.pharmacy4pets.nl\/be\/wp-json\/wp\/v2\/media\/120189"}],"wp:attachment":[{"href":"https:\/\/www.pharmacy4pets.nl\/be\/wp-json\/wp\/v2\/media?parent=120190"}],"wp:term":[{"taxonomy":"product_brand","embeddable":true,"href":"https:\/\/www.pharmacy4pets.nl\/be\/wp-json\/wp\/v2\/product_brand?post=120190"},{"taxonomy":"product_cat","embeddable":true,"href":"https:\/\/www.pharmacy4pets.nl\/be\/wp-json\/wp\/v2\/product_cat?post=120190"},{"taxonomy":"product_tag","embeddable":true,"href":"https:\/\/www.pharmacy4pets.nl\/be\/wp-json\/wp\/v2\/product_tag?post=120190"}],"curies":[{"name":"wp","href":"https:\/\/api.w.org\/{rel}","templated":true}]}}