{"id":120188,"date":"2023-03-10T12:18:43","date_gmt":"2023-03-10T12:18:43","guid":{"rendered":"https:\/\/p4p.test\/sectolin-muscle-builder"},"modified":"2026-03-25T12:05:02","modified_gmt":"2026-03-25T12:05:02","slug":"sectolin-muscle-builder","status":"publish","type":"product","link":"https:\/\/www.pharmacy4pets.nl\/be\/sectolin-muscle-builder","title":{"rendered":"Sectolin Muscle Builder | 1,5 kg"},"content":{"rendered":"<p>Sectolin Muscle Builder is een eiwitrijk aanvullend diervoeder voor paarden ter ondersteuning van de spierfunctie en spieropbouw. De zorgvuldig geselecteerde algensoorten Spirulina en Chlorella hebben gunstige effecten op de weerstand en het herstel van sportpaarden. Muscle Builder bevat alle 21 aminozuren die nodig zijn voor een goede spieropbouw. Daarnaast bevat het sterke natuurlijke antioxidanten, vitaminen en mineralen. Extra toegevoegde L-carnitine gaat spierverzuring tegen, bevordert prestaties en zorgt voor snel herstel na inspanning.<\/p>\n<p>GEBRUIKSAANWIJZING (VOEDERADVIES):<br \/> Volwassen paard 50 g \/ dag<br \/> Jong paard\/pony 25 g \/ dag<\/p>\n<p>Een vol maatschepje = ca. 25 g.<br \/> Een emmer van 1,5 kg is bij een dagelijkse dosering van 50 g voldoende voor ca. 30 dagen.<br \/> De smakelijke brokjes worden makkelijk gegeten.<\/p>\n<p>Afhankelijk van de basisconditie van het paard kan de bespiering en uithoudingsvermogen al na enkele weken verbeteren. Muscle Builder heeft het meeste effect wanneer het tenminste 4 weken lang dagelijks gevoerd wordt. Het effect is te zien in spieropbouw (met name achterhand, lendenen, rug en nek), conditie, motivatie en soepelheid in beweging.<\/p>\n<p>BEWAREN:<br \/> Koel, droog en donker bewaren. Goed sluiten na gebruik.<\/p>\n","protected":false},"excerpt":{"rendered":"<p>Sectolin Muscle Builder is een eiwitrijk aanvullend diervoeder voor paarden ter ondersteuning van de spierfunctie en spieropbouw. De zorgvuldig geselecteerde algensoorten Spirulina en Chlorella hebben gunstige effecten op de weerstand en het herstel van sportpaarden. Muscle Builder bevat alle 21 aminozuren die nodig zijn voor een goede spieropbouw. Daarnaast bevat het sterke natuurlijke antioxidanten, vitaminen [&hellip;]<\/p>\n","protected":false},"featured_media":120187,"comment_status":"open","ping_status":"closed","template":"","meta":{"_acf_changed":false,"_nl_post_content":"<p>Sectolin Muscle Builder is een eiwitrijk aanvullend diervoeder voor paarden ter ondersteuning van de spierfunctie en spieropbouw. De zorgvuldig geselecteerde algensoorten Spirulina en Chlorella hebben gunstige effecten op de weerstand en het herstel van sportpaarden. Muscle Builder bevat alle 21 aminozuren die nodig zijn voor een goede spieropbouw. Daarnaast bevat het sterke natuurlijke antioxidanten, vitaminen en mineralen. Extra toegevoegde L-carnitine gaat spierverzuring tegen, bevordert prestaties en zorgt voor snel herstel na inspanning.<\/p>\r\n<p>GEBRUIKSAANWIJZING (VOEDERADVIES):<br \/> Volwassen paard 50 g \/ dag<br \/> Jong paard\/pony 25 g \/ dag<\/p>\r\n<p>Een vol maatschepje = ca. 25 g.<br \/> Een emmer van 1,5 kg is bij een dagelijkse dosering van 50 g voldoende voor ca. 30 dagen.<br \/> De smakelijke brokjes worden makkelijk gegeten.<\/p>\r\n<p>Afhankelijk van de basisconditie van het paard kan de bespiering en uithoudingsvermogen al na enkele weken verbeteren. Muscle Builder heeft het meeste effect wanneer het tenminste 4 weken lang dagelijks gevoerd wordt. Het effect is te zien in spieropbouw (met name achterhand, lendenen, rug en nek), conditie, motivatie en soepelheid in beweging.<\/p>\r\n<p>BEWAREN:<br \/> Koel, droog en donker bewaren. Goed sluiten na gebruik.<\/p>","_nl_post_name":"sectolin-muscle-builder","_nl_post_excerpt":"","_nl_post_title":"Sectolin Muscle Builder | 1,5 kg","_en_post_content":"<p>Sectolin Muscle Builder is a protein-rich supplementary feed for horses to support muscle function and muscle building. The carefully selected algae species Spirulina and Chlorella have beneficial effects on the resistance and recovery of sport horses. Muscle Builder contains all 21 amino acids necessary for proper muscle building. In addition, it contains strong natural antioxidants, vitamins, and minerals. Additional added L-carnitine counteracts muscle acidification, promotes performance, and ensures rapid recovery after exercise.<\/p>\r\n<p>INSTRUCTIONS FOR USE (FEEDING ADVICE):<br \/> Adult horse 50 g \/ day <br \/> Young horse\/pony 25 g \/ day<br \/> <br \/> A full measuring scoop = approx. 25 g.<br \/> A 1.5 kg bucket fed at a daily dose of 50 g is sufficient for about 30 days.<br \/> The tasty mini pellets are eaten well.<\/p>\r\n<p>Depending on the horse\u2019s basic condition, muscles and stamina can improve after just a few weeks. Muscle Builder is most effective when fed daily for at least 4 weeks. The effect can be seen in muscle building (particularly the hindquarters, loins, back and neck), condition, motivation, and ease of movement.<\/p>\r\n<p>STORAGE:<br \/> Store in a cool, dry, and dark place. Close properly after use.<\/p>","_en_post_name":"sectolin-muscle-builder","_en_post_excerpt":"","_en_post_title":"Sectolin Muscle Builder | 1,5 kg","_de_post_content":"<p>Sectolin Muscle Builder ist ein proteinreiches Erg\u00e4nzungsfuttermittel f\u00fcr Pferde zur Unterst\u00fctzung der Muskelfunktion und des Muskelaufbaus. Die sorgf\u00e4ltig ausgew\u00e4hlten Algenarten Spirulina und Chlorella wirken sich positiv auf die Resistenz und Erholung von Sportpferden aus. Muscle Builder enth\u00e4lt alle 21 Aminos\u00e4uren, die f\u00fcr den richtigen Muskelaufbau notwendig sind. Au\u00dferdem enth\u00e4lt es starke nat\u00fcrliche Antioxidantien, Vitamine und Mineralien. Extra zugesetztes L-Carnitin wirkt der Muskel\u00fcbers\u00e4uerung entgegen, f\u00f6rdert die Leistungsf\u00e4higkeit und sorgt f\u00fcr eine schnelle Erholung nach dem Training.<\/p>\r\n<p>GEBRAUCHSANWEISUNG (F\u00dcTTERUNGSEMPFEHLUNG):<br \/> Erwachsene Pferd 50 g \/ Tag<br \/> Jung Pferd\/Pony 25 g \/ Tag<\/p>\r\n<p>Ein voller Messl\u00f6ffel = ca. 25 g.<br \/> Ein 1,5 kg Eimer reicht bei einer Tagesdosis von 50 g f\u00fcr ca. 30 Tage. <br \/> Die schmackhaften Mini-Pellets lassen sich gut essen.<\/p>\r\n<p>Je nach Grundkondition des Pferdes k\u00f6nnen sich Muskulatur und Ausdauer schon nach wenigen Wochen verbessern. Muscle Builder wirkt am e ektivsten, wenn es mindestens 4 Wochen lang t\u00e4glich verf\u00fcttert wird. Die Wirkung zeigt sich im Muskelaufbau (insbesondere Hinterhand, Lenden, R\u00fccken und Nacken), Kondition, Motivation und Geschmeidigkeit in der Bewegung.<\/p>\r\n<p>LAGERUNG: <br \/> An einem k\u00fchlen, trockenen und dunklen Ort aufbewahren. Gut verschlie\u00dfen nach Gebrauch.<\/p>","_de_post_name":"sectolin-muscle-builder","_de_post_excerpt":"","_de_post_title":"Sectolin Muscle Builder | 1,5 kg","_fr_post_content":"<p>Sectolin Muscle Builder est un aliment compl\u00e9mentaire riche en prot\u00e9ines pour chevaux, destin\u00e9 \u00e0 soutenir la fonction musculaire et la construction musculaire. Les esp\u00e8ces d\u2019algues soigneusement s\u00e9lectionn\u00e9es Spirulina et Chlorella ont des effets b\u00e9n\u00e9fiques sur la r\u00e9sistance et la r\u00e9cup\u00e9ration des chevaux de sport. Muscle Builder contient les 21 acides amin\u00e9s n\u00e9cessaires au bon d\u00e9veloppement musculaire. De plus, il contient des antioxydants naturels puissants, des vitamines et des min\u00e9raux. L\u2019ajout suppl\u00e9mentaire de L-carnitine permet de lutter contre l\u2019acidifi cation musculaire, favorise les performances et assure une r\u00e9cup\u00e9ration rapide apr\u00e8s l\u2019effort.<\/p>\r\n<p>MODE D\u2019EMPLOI (CONSEILS D\u2019ALIMENTATION) :<br \/> Cheval adulte 50 g \/ jour<br \/> Jeune cheval\/poney 25 g \/ jour<\/p>\r\n<p>Une cuill\u00e8re \u00e0 mesurer pleine = environ 25 g.<br \/> Un seau de 1,5 kg suffit pour 30 jours \u00e0 une dose quotidienne de 50 g par jour.<br \/> Les petits morceaux savoureux sont faciles \u00e0 manger.<\/p>\r\n<p>Selon l\u2019\u00e9tat de base du cheval, la musculature et l\u2019endurance peuvent s\u2019am\u00e9liorer apr\u00e8s quelques semaines seulement. Muscle Builder a le plus d\u2019e et s\u2019il est administr\u00e9 tous les jours pendant au moins 4 semaines. L\u2019e et est perceptible dans le d\u00e9veloppement musculaire (en particulier l\u2019arri\u00e8re-train, les reins, le dos et le cou), la condition physique, la motivation et la fl exibilit\u00e9 du mouvement.<\/p>\r\n<p>CONSERVATION :<br \/> \u00c0 conserver dans un endroit frais, sec et sombre. Bien refermer apr\u00e8s usage.<\/p>","_fr_post_name":"sectolin-muscle-builder","_fr_post_excerpt":"","_fr_post_title":"Sectolin Muscle Builder | 1,5 kg","_es_post_content":"<p>Sectolin Muscle Builder es un pienso suplementario rico en prote\u00ednas para caballos que favorece la funci\u00f3n muscular y el desarrollo muscular. Las especies de algas Spirulina y Chlorella, cuidadosamente seleccionadas, tienen efectos beneficiosos sobre la resistencia y la recuperaci\u00f3n en caballos de deporte. Muscle Builder contiene los 21 amino\u00e1cidos necesarios para un buen desarrollo muscular. Tambi\u00e9n contiene fuertes antioxidantes naturales, vitaminas y minerales. La L-carnitina extra a\u00f1adida combate la acidificaci\u00f3n muscular, favorece el rendimiento y garantiza una r\u00e1pida recuperaci\u00f3n tras el esfuerzo.<\/p>\r\n<p>INSTRUCCIONES DE USO (RECOMENDACI\u00d3N DE ALIMENTACI\u00d3N):<br \/>Caballo adulto 50 g \/ d\u00eda<br \/>Caballo joven 25 g \/ d\u00eda<\/p>\r\n<p>Una cuchara dosificadora llena = aprox. 25 g.<br \/>Un cubo de 1,5 kg, a una dosis diaria de 50 g, es suficiente para aprox. 30 d\u00edas.<br \/>Los sabrosos gr\u00e1nulos se comen f\u00e1cilmente.<\/p>\r\n<p>Dependiendo de la condici\u00f3n b\u00e1sica del caballo, la musculatura y la resistencia pueden mejorar despu\u00e9s de unas pocas semanas. Muscle Builder es m\u00e1s eficaz cuando se administra diariamente durante al menos 4 semanas. El efecto puede apreciarse en la musculaci\u00f3n (especialmente en los cuartos traseros, el lomo, la espalda y el cuello), la condici\u00f3n, la motivaci\u00f3n y la flexibilidad de movimientos.<\/p>\r\n<p>ALMACENAMIENTO:<br \/>Conservar en lugar fresco, seco y oscuro. Cerrar bien despu\u00e9s de usar.<\/p>","_es_post_name":"sectolin-muscle-builder","_es_post_excerpt":"","_es_post_title":"Sectolin Muscle Builder | 1,5 kg","edit_language":"nl"},"product_brand":[],"product_cat":[1812,1811,1857,1809,2087],"product_tag":[],"class_list":{"0":"post-120188","1":"product","2":"type-product","3":"status-publish","4":"has-post-thumbnail","6":"product_cat-gewrichten-spieren","7":"product_cat-medicijnen-supplementen","8":"product_cat-merken","9":"product_cat-paarden","10":"product_cat-sectolin","11":"pa_aandoening-overig","12":"pa_doeldier-paard","13":"pa_fabricatieland-nederland","14":"pa_merkfilter-sectolin","15":"pa_merkgroep-sectolin","16":"pa_productsoort-voedingssupplement","17":"pa_toedieningswijze-overig","18":"pa_unit_pricing_base_measure-1kg","19":"pa_unit_pricing_measure-1_5kg","20":"pa_werkzamestof-overig","22":"first","23":"instock","24":"taxable","25":"shipping-taxable","26":"purchasable","27":"product-type-simple"},"yoast_head":"<!-- This site is optimized with the Yoast SEO plugin v27.5 - https:\/\/yoast.com\/product\/yoast-seo-wordpress\/ -->\n<title>Sectolin Muscle Builder | 1,5 kg - Pharmacy4pets<\/title>\n<meta name=\"robots\" content=\"index, follow, max-snippet:-1, max-image-preview:large, max-video-preview:-1\" \/>\n<link rel=\"canonical\" href=\"https:\/\/p4p-nl.bootmine.com\/%product-slug%\/sectolin-muscle-builder\" \/>\n<meta property=\"og:locale\" content=\"nl_NL\" \/>\n<meta property=\"og:type\" content=\"article\" \/>\n<meta property=\"og:title\" content=\"Sectolin Muscle Builder | 1,5 kg - Pharmacy4pets\" \/>\n<meta property=\"og:description\" content=\"Sectolin Muscle Builder is een eiwitrijk aanvullend diervoeder voor paarden ter ondersteuning van de spierfunctie en spieropbouw. De zorgvuldig geselecteerde algensoorten Spirulina en Chlorella hebben gunstige effecten op de weerstand en het herstel van sportpaarden. Muscle Builder bevat alle 21 aminozuren die nodig zijn voor een goede spieropbouw. Daarnaast bevat het sterke natuurlijke antioxidanten, vitaminen [&hellip;]\" \/>\n<meta property=\"og:url\" content=\"https:\/\/p4p-nl.bootmine.com\/%product-slug%\/sectolin-muscle-builder\" \/>\n<meta property=\"og:site_name\" content=\"Pharmacy4pets\" \/>\n<meta property=\"article:publisher\" content=\"https:\/\/www.facebook.com\/people\/Pharmacy4petsnl\/100063484989896\/\" \/>\n<meta property=\"article:modified_time\" content=\"2026-03-25T12:05:02+00:00\" \/>\n<meta property=\"og:image\" content=\"https:\/\/p4p-nl.bootmine.com\/wp-content\/uploads\/2023\/03\/25905.jpg\" \/>\n\t<meta property=\"og:image:width\" content=\"600\" \/>\n\t<meta property=\"og:image:height\" content=\"600\" \/>\n\t<meta property=\"og:image:type\" content=\"image\/jpeg\" \/>\n<meta name=\"twitter:card\" content=\"summary_large_image\" \/>\n<meta name=\"twitter:label1\" content=\"Geschatte leestijd\" \/>\n\t<meta name=\"twitter:data1\" content=\"1 minuut\" \/>\n<script type=\"application\/ld+json\" class=\"yoast-schema-graph\">{\"@context\":\"https:\\\/\\\/schema.org\",\"@graph\":[{\"@type\":\"WebPage\",\"@id\":\"https:\\\/\\\/p4p-nl.bootmine.com\\\/%product-slug%\\\/sectolin-muscle-builder\",\"url\":\"https:\\\/\\\/p4p-nl.bootmine.com\\\/%product-slug%\\\/sectolin-muscle-builder\",\"name\":\"Sectolin Muscle Builder | 1,5 kg - Pharmacy4pets\",\"isPartOf\":{\"@id\":\"http:\\\/\\\/www.pharmacy4pets.nl\\\/#website\"},\"primaryImageOfPage\":{\"@id\":\"https:\\\/\\\/p4p-nl.bootmine.com\\\/%product-slug%\\\/sectolin-muscle-builder#primaryimage\"},\"image\":{\"@id\":\"https:\\\/\\\/p4p-nl.bootmine.com\\\/%product-slug%\\\/sectolin-muscle-builder#primaryimage\"},\"thumbnailUrl\":\"https:\\\/\\\/www.pharmacy4pets.nl\\\/wp-content\\\/uploads\\\/2023\\\/03\\\/25905.jpg\",\"datePublished\":\"2023-03-10T12:18:43+00:00\",\"dateModified\":\"2026-03-25T12:05:02+00:00\",\"breadcrumb\":{\"@id\":\"https:\\\/\\\/p4p-nl.bootmine.com\\\/%product-slug%\\\/sectolin-muscle-builder#breadcrumb\"},\"inLanguage\":\"nl-NL\",\"potentialAction\":[{\"@type\":\"ReadAction\",\"target\":[\"https:\\\/\\\/p4p-nl.bootmine.com\\\/%product-slug%\\\/sectolin-muscle-builder\"]}]},{\"@type\":\"ImageObject\",\"inLanguage\":\"nl-NL\",\"@id\":\"https:\\\/\\\/p4p-nl.bootmine.com\\\/%product-slug%\\\/sectolin-muscle-builder#primaryimage\",\"url\":\"https:\\\/\\\/www.pharmacy4pets.nl\\\/wp-content\\\/uploads\\\/2023\\\/03\\\/25905.jpg\",\"contentUrl\":\"https:\\\/\\\/www.pharmacy4pets.nl\\\/wp-content\\\/uploads\\\/2023\\\/03\\\/25905.jpg\",\"width\":600,\"height\":600,\"caption\":\"Sectolin\"},{\"@type\":\"BreadcrumbList\",\"@id\":\"https:\\\/\\\/p4p-nl.bootmine.com\\\/%product-slug%\\\/sectolin-muscle-builder#breadcrumb\",\"itemListElement\":[{\"@type\":\"ListItem\",\"position\":1,\"name\":\"Home\",\"item\":\"https:\\\/\\\/p4p-nl.bootmine.com\\\/\"},{\"@type\":\"ListItem\",\"position\":2,\"name\":\"Winkel\",\"item\":\"https:\\\/\\\/p4p-nl.bootmine.com\\\/winkel\"},{\"@type\":\"ListItem\",\"position\":3,\"name\":\"Sectolin Muscle Builder | 1,5 kg\"}]},{\"@type\":\"WebSite\",\"@id\":\"http:\\\/\\\/www.pharmacy4pets.nl\\\/#website\",\"url\":\"http:\\\/\\\/www.pharmacy4pets.nl\\\/\",\"name\":\"Pharmacy4pets\",\"description\":\"Pharmacy4pets.nl is d\u00e9 online apotheek waar u terecht kunt voor alle diergeneesmiddelen, verzorgingsproducten en dieetvoeding voor uw huisdier.\",\"publisher\":{\"@id\":\"http:\\\/\\\/www.pharmacy4pets.nl\\\/#organization\"},\"potentialAction\":[{\"@type\":\"SearchAction\",\"target\":{\"@type\":\"EntryPoint\",\"urlTemplate\":\"http:\\\/\\\/www.pharmacy4pets.nl\\\/?s={search_term_string}\"},\"query-input\":{\"@type\":\"PropertyValueSpecification\",\"valueRequired\":true,\"valueName\":\"search_term_string\"}}],\"inLanguage\":\"nl-NL\"},{\"@type\":\"Organization\",\"@id\":\"http:\\\/\\\/www.pharmacy4pets.nl\\\/#organization\",\"name\":\"Pharmacy4pets\",\"url\":\"http:\\\/\\\/www.pharmacy4pets.nl\\\/\",\"logo\":{\"@type\":\"ImageObject\",\"inLanguage\":\"nl-NL\",\"@id\":\"http:\\\/\\\/www.pharmacy4pets.nl\\\/#\\\/schema\\\/logo\\\/image\\\/\",\"url\":\"https:\\\/\\\/p4p-nl.bootmine.com\\\/wp-content\\\/uploads\\\/2026\\\/03\\\/logo-pharmacy4pets.png\",\"contentUrl\":\"https:\\\/\\\/p4p-nl.bootmine.com\\\/wp-content\\\/uploads\\\/2026\\\/03\\\/logo-pharmacy4pets.png\",\"width\":1024,\"height\":135,\"caption\":\"Pharmacy4pets\"},\"image\":{\"@id\":\"http:\\\/\\\/www.pharmacy4pets.nl\\\/#\\\/schema\\\/logo\\\/image\\\/\"},\"sameAs\":[\"https:\\\/\\\/www.facebook.com\\\/people\\\/Pharmacy4petsnl\\\/100063484989896\\\/\",\"https:\\\/\\\/www.youtube.com\\\/channel\\\/UCGPTIgucgli03tP2_kvLkHg\\\/featured\",\"https:\\\/\\\/www.instagram.com\\\/pharmacy4pets.nl\"]}]}<\/script>\n<!-- \/ Yoast SEO plugin. -->","yoast_head_json":{"title":"Sectolin Muscle Builder | 1,5 kg - Pharmacy4pets","robots":{"index":"index","follow":"follow","max-snippet":"max-snippet:-1","max-image-preview":"max-image-preview:large","max-video-preview":"max-video-preview:-1"},"canonical":"https:\/\/p4p-nl.bootmine.com\/%product-slug%\/sectolin-muscle-builder","og_locale":"nl_NL","og_type":"article","og_title":"Sectolin Muscle Builder | 1,5 kg - Pharmacy4pets","og_description":"Sectolin Muscle Builder is een eiwitrijk aanvullend diervoeder voor paarden ter ondersteuning van de spierfunctie en spieropbouw. De zorgvuldig geselecteerde algensoorten Spirulina en Chlorella hebben gunstige effecten op de weerstand en het herstel van sportpaarden. Muscle Builder bevat alle 21 aminozuren die nodig zijn voor een goede spieropbouw. Daarnaast bevat het sterke natuurlijke antioxidanten, vitaminen [&hellip;]","og_url":"https:\/\/p4p-nl.bootmine.com\/%product-slug%\/sectolin-muscle-builder","og_site_name":"Pharmacy4pets","article_publisher":"https:\/\/www.facebook.com\/people\/Pharmacy4petsnl\/100063484989896\/","article_modified_time":"2026-03-25T12:05:02+00:00","og_image":[{"width":600,"height":600,"url":"https:\/\/p4p-nl.bootmine.com\/wp-content\/uploads\/2023\/03\/25905.jpg","type":"image\/jpeg"}],"twitter_card":"summary_large_image","twitter_misc":{"Geschatte leestijd":"1 minuut"},"schema":{"@context":"https:\/\/schema.org","@graph":[{"@type":"WebPage","@id":"https:\/\/p4p-nl.bootmine.com\/%product-slug%\/sectolin-muscle-builder","url":"https:\/\/p4p-nl.bootmine.com\/%product-slug%\/sectolin-muscle-builder","name":"Sectolin Muscle Builder | 1,5 kg - Pharmacy4pets","isPartOf":{"@id":"http:\/\/www.pharmacy4pets.nl\/#website"},"primaryImageOfPage":{"@id":"https:\/\/p4p-nl.bootmine.com\/%product-slug%\/sectolin-muscle-builder#primaryimage"},"image":{"@id":"https:\/\/p4p-nl.bootmine.com\/%product-slug%\/sectolin-muscle-builder#primaryimage"},"thumbnailUrl":"https:\/\/www.pharmacy4pets.nl\/wp-content\/uploads\/2023\/03\/25905.jpg","datePublished":"2023-03-10T12:18:43+00:00","dateModified":"2026-03-25T12:05:02+00:00","breadcrumb":{"@id":"https:\/\/p4p-nl.bootmine.com\/%product-slug%\/sectolin-muscle-builder#breadcrumb"},"inLanguage":"nl-NL","potentialAction":[{"@type":"ReadAction","target":["https:\/\/p4p-nl.bootmine.com\/%product-slug%\/sectolin-muscle-builder"]}]},{"@type":"ImageObject","inLanguage":"nl-NL","@id":"https:\/\/p4p-nl.bootmine.com\/%product-slug%\/sectolin-muscle-builder#primaryimage","url":"https:\/\/www.pharmacy4pets.nl\/wp-content\/uploads\/2023\/03\/25905.jpg","contentUrl":"https:\/\/www.pharmacy4pets.nl\/wp-content\/uploads\/2023\/03\/25905.jpg","width":600,"height":600,"caption":"Sectolin"},{"@type":"BreadcrumbList","@id":"https:\/\/p4p-nl.bootmine.com\/%product-slug%\/sectolin-muscle-builder#breadcrumb","itemListElement":[{"@type":"ListItem","position":1,"name":"Home","item":"https:\/\/p4p-nl.bootmine.com\/"},{"@type":"ListItem","position":2,"name":"Winkel","item":"https:\/\/p4p-nl.bootmine.com\/winkel"},{"@type":"ListItem","position":3,"name":"Sectolin Muscle Builder | 1,5 kg"}]},{"@type":"WebSite","@id":"http:\/\/www.pharmacy4pets.nl\/#website","url":"http:\/\/www.pharmacy4pets.nl\/","name":"Pharmacy4pets","description":"Pharmacy4pets.nl is d\u00e9 online apotheek waar u terecht kunt voor alle diergeneesmiddelen, verzorgingsproducten en dieetvoeding voor uw huisdier.","publisher":{"@id":"http:\/\/www.pharmacy4pets.nl\/#organization"},"potentialAction":[{"@type":"SearchAction","target":{"@type":"EntryPoint","urlTemplate":"http:\/\/www.pharmacy4pets.nl\/?s={search_term_string}"},"query-input":{"@type":"PropertyValueSpecification","valueRequired":true,"valueName":"search_term_string"}}],"inLanguage":"nl-NL"},{"@type":"Organization","@id":"http:\/\/www.pharmacy4pets.nl\/#organization","name":"Pharmacy4pets","url":"http:\/\/www.pharmacy4pets.nl\/","logo":{"@type":"ImageObject","inLanguage":"nl-NL","@id":"http:\/\/www.pharmacy4pets.nl\/#\/schema\/logo\/image\/","url":"https:\/\/p4p-nl.bootmine.com\/wp-content\/uploads\/2026\/03\/logo-pharmacy4pets.png","contentUrl":"https:\/\/p4p-nl.bootmine.com\/wp-content\/uploads\/2026\/03\/logo-pharmacy4pets.png","width":1024,"height":135,"caption":"Pharmacy4pets"},"image":{"@id":"http:\/\/www.pharmacy4pets.nl\/#\/schema\/logo\/image\/"},"sameAs":["https:\/\/www.facebook.com\/people\/Pharmacy4petsnl\/100063484989896\/","https:\/\/www.youtube.com\/channel\/UCGPTIgucgli03tP2_kvLkHg\/featured","https:\/\/www.instagram.com\/pharmacy4pets.nl"]}]}},"market_data":{"nl":{"price":0,"sale_price":0,"active":false,"url":null,"parent_url":"","tax_rate":0,"price_inc_tax":0,"sale_price_inc_tax":0},"de":{"price":0,"sale_price":0,"active":false,"url":null,"parent_url":"","tax_rate":0,"price_inc_tax":0,"sale_price_inc_tax":0},"be":{"price":0,"sale_price":0,"active":false,"url":null,"parent_url":"","tax_rate":0,"price_inc_tax":0,"sale_price_inc_tax":0},"fr":{"price":0,"sale_price":0,"active":false,"url":null,"parent_url":"","tax_rate":0,"price_inc_tax":0,"sale_price_inc_tax":0},"ch":{"price":0,"sale_price":0,"active":false,"url":null,"parent_url":"","tax_rate":0,"price_inc_tax":0,"sale_price_inc_tax":0},"at":{"price":0,"sale_price":0,"active":false,"url":null,"parent_url":"","tax_rate":0,"price_inc_tax":0,"sale_price_inc_tax":0},"es":{"price":0,"sale_price":0,"active":false,"url":null,"parent_url":"","tax_rate":0,"price_inc_tax":0,"sale_price_inc_tax":0},"dk":{"price":0,"sale_price":0,"active":false,"url":null,"parent_url":"","tax_rate":0,"price_inc_tax":0,"sale_price_inc_tax":0},"com":{"price":0,"sale_price":0,"active":false,"url":null,"parent_url":"","tax_rate":0,"price_inc_tax":0,"sale_price_inc_tax":0}},"market_nl_price":0,"market_nl_sale_price":0,"market_nl_active":false,"market_nl_url":null,"market_nl_parent_url":"","market_nl_tax_rate":0,"market_nl_price_inc_tax":0,"market_nl_sale_price_inc_tax":0,"market_de_price":0,"market_de_sale_price":0,"market_de_active":false,"market_de_url":null,"market_de_parent_url":"","market_de_tax_rate":0,"market_de_price_inc_tax":0,"market_de_sale_price_inc_tax":0,"market_be_price":0,"market_be_sale_price":0,"market_be_active":false,"market_be_url":null,"market_be_parent_url":"","market_be_tax_rate":0,"market_be_price_inc_tax":0,"market_be_sale_price_inc_tax":0,"market_fr_price":0,"market_fr_sale_price":0,"market_fr_active":false,"market_fr_url":null,"market_fr_parent_url":"","market_fr_tax_rate":0,"market_fr_price_inc_tax":0,"market_fr_sale_price_inc_tax":0,"market_ch_price":0,"market_ch_sale_price":0,"market_ch_active":false,"market_ch_url":null,"market_ch_parent_url":"","market_ch_tax_rate":0,"market_ch_price_inc_tax":0,"market_ch_sale_price_inc_tax":0,"market_at_price":0,"market_at_sale_price":0,"market_at_active":false,"market_at_url":null,"market_at_parent_url":"","market_at_tax_rate":0,"market_at_price_inc_tax":0,"market_at_sale_price_inc_tax":0,"market_es_price":0,"market_es_sale_price":0,"market_es_active":false,"market_es_url":null,"market_es_parent_url":"","market_es_tax_rate":0,"market_es_price_inc_tax":0,"market_es_sale_price_inc_tax":0,"market_dk_price":0,"market_dk_sale_price":0,"market_dk_active":false,"market_dk_url":null,"market_dk_parent_url":"","market_dk_tax_rate":0,"market_dk_price_inc_tax":0,"market_dk_sale_price_inc_tax":0,"market_com_price":0,"market_com_sale_price":0,"market_com_active":false,"market_com_url":null,"market_com_parent_url":"","market_com_tax_rate":0,"market_com_price_inc_tax":0,"market_com_sale_price_inc_tax":0,"acf":[],"_links":{"self":[{"href":"https:\/\/www.pharmacy4pets.nl\/be\/wp-json\/wp\/v2\/product\/120188","targetHints":{"allow":["GET"]}}],"collection":[{"href":"https:\/\/www.pharmacy4pets.nl\/be\/wp-json\/wp\/v2\/product"}],"about":[{"href":"https:\/\/www.pharmacy4pets.nl\/be\/wp-json\/wp\/v2\/types\/product"}],"replies":[{"embeddable":true,"href":"https:\/\/www.pharmacy4pets.nl\/be\/wp-json\/wp\/v2\/comments?post=120188"}],"wp:featuredmedia":[{"embeddable":true,"href":"https:\/\/www.pharmacy4pets.nl\/be\/wp-json\/wp\/v2\/media\/120187"}],"wp:attachment":[{"href":"https:\/\/www.pharmacy4pets.nl\/be\/wp-json\/wp\/v2\/media?parent=120188"}],"wp:term":[{"taxonomy":"product_brand","embeddable":true,"href":"https:\/\/www.pharmacy4pets.nl\/be\/wp-json\/wp\/v2\/product_brand?post=120188"},{"taxonomy":"product_cat","embeddable":true,"href":"https:\/\/www.pharmacy4pets.nl\/be\/wp-json\/wp\/v2\/product_cat?post=120188"},{"taxonomy":"product_tag","embeddable":true,"href":"https:\/\/www.pharmacy4pets.nl\/be\/wp-json\/wp\/v2\/product_tag?post=120188"}],"curies":[{"name":"wp","href":"https:\/\/api.w.org\/{rel}","templated":true}]}}