{"id":120186,"date":"2023-03-10T12:18:42","date_gmt":"2023-03-10T12:18:42","guid":{"rendered":"https:\/\/p4p.test\/sectolin-moccare-250-ml"},"modified":"2026-03-25T12:05:01","modified_gmt":"2026-03-25T12:05:01","slug":"sectolin-moccare-250-ml","status":"publish","type":"product","link":"https:\/\/www.pharmacy4pets.nl\/be\/sectolin-moccare-250-ml","title":{"rendered":"Sectolin Moccare | 250 ml"},"content":{"rendered":"<p>Sectolin Moccare is ter verzorging van een ruwe en schrale huid in de kootholten en op het pijpbeen van een paard. In de horizontale huidplooien in de kootholte kan gemakkelijk vuil verzamelen en dit kan samen met nattigheid en zand korstvorming en kloofjes veroorzaken.<\/p>\n<p>De plekken met een zachte doek voorzichtig maar wel goed schoonmaken en droog houden alvorens de zalf aan te brengen. De te verzorgen huiddelen gedurende minimaal 4 tot 5 dagen enkele malen per dag ruimschoots insmeren. Verpakking goed sluiten.<\/p>\n<p>Waarschuwing: Veroorzaakt ernstige oogirritatie. Schadelijk voor in het water levende organismen, met langdurige gevolgen. Buiten het bereik van kinderen houden. Na het werken met dit product handen grondig wassen. Voorkom lozing in het milieu. BIJ CONTACT MET DE OGEN: voorzichtig afspoelen met water gedurende een aantal minuten; contactlenzen verwijderen, indien mogelijk; blijven spoelen. Bij aanhoudende oogirritatie: Een arts raadplegen. Inhoud afvoeren naar Inzamelpunt.<\/p>\n","protected":false},"excerpt":{"rendered":"<p>Sectolin Moccare is ter verzorging van een ruwe en schrale huid in de kootholten en op het pijpbeen van een paard. In de horizontale huidplooien in de kootholte kan gemakkelijk vuil verzamelen en dit kan samen met nattigheid en zand korstvorming en kloofjes veroorzaken. De plekken met een zachte doek voorzichtig maar wel goed schoonmaken [&hellip;]<\/p>\n","protected":false},"featured_media":120185,"comment_status":"open","ping_status":"closed","template":"","meta":{"_acf_changed":false,"_nl_post_content":"<p>Sectolin Moccare is ter verzorging van een ruwe en schrale huid in de kootholten en op het pijpbeen van een paard. In de horizontale huidplooien in de kootholte kan gemakkelijk vuil verzamelen en dit kan samen met nattigheid en zand korstvorming en kloofjes veroorzaken.<\/p>\r\n<p>De plekken met een zachte doek voorzichtig maar wel goed schoonmaken en droog houden alvorens de zalf aan te brengen. De te verzorgen huiddelen gedurende minimaal 4 tot 5 dagen enkele malen per dag ruimschoots insmeren. Verpakking goed sluiten.<\/p>\r\n<p>Waarschuwing: Veroorzaakt ernstige oogirritatie. Schadelijk voor in het water levende organismen, met langdurige gevolgen. Buiten het bereik van kinderen houden. Na het werken met dit product handen grondig wassen. Voorkom lozing in het milieu. BIJ CONTACT MET DE OGEN: voorzichtig afspoelen met water gedurende een aantal minuten; contactlenzen verwijderen, indien mogelijk; blijven spoelen. Bij aanhoudende oogirritatie: Een arts raadplegen. Inhoud afvoeren naar Inzamelpunt.<\/p>","_nl_post_name":"sectolin-moccare-250-ml","_nl_post_excerpt":"","_nl_post_title":"Sectolin Moccare | 250 ml","_en_post_content":"<p>Sectolin Moccare is for treatment of a rough and dry skin on the back of the pasterns and the cannon bones. Dirt easily collects in the horizontal folds of skin at the pastern cavity which, in combination with moist and sand, can result in crustation and chaps.<\/p>\n<p>Clean the areas carefully but thoroughly with a soft cloth and keep dry before applying the ointment. The ointment should be applied generously to the affected area(s) for at least 4 to 5 days, several times per day. Keep the product tightly sealed.<\/p>\n<p>Warning: Causes serious eye irritation. Harmful to aquatic life with long lasting effects. Keep out of reach of children. Wash hands thoroughly after handling. Avoid release to the environment. IF IN EYES: Rinse cautiously with water for several minutes. Remove contact lenses, if present and easy to do. Continue rinsing. If eye irritation persists: Get medical advice\/attention. Dispose of contents to collection point.<\/p>","_en_post_name":"sectolin-moccare-250-ml","_en_post_excerpt":"","_en_post_title":"Sectolin Moccare | 250 ml","_de_post_content":"<p>Sectolin Moccare ist zur Pflege von rauer und spr\u00f6der Haut in der Fesselbeuge und auf dem R\u00f6hrbein von Pferden. In den horizontalen Hautfalten der Fesselbeuge setzt sich h\u00e4ufig Schmutz fest, der zusammen mit N\u00e4sse und Sand zu Krustenbildung und Risse f\u00fchrt.<\/p>\n<p>Die Stellen mit einem weichen Tuch vorsichtig und sorgf\u00e4ltig reinigen und trocknen, bevor die Salbe aufgetragen wird. Die betroffenen Stellen mind. 4 bis 5 Tage lang mehrmals t\u00e4glich gut einreiben. Verpackung sorgf\u00e4ltig Schlie\u00dfen.<\/p>\n<p>Warnung: Verursacht schwere Augenreizung. Sch\u00e4dlich f\u00fcr Wasserorganismen, Langzeitwirkung. Darf nicht in die H\u00e4nde von Kindern gelangen. Nach Gebrauch die H\u00e4nde gr\u00fcndlich waschen. Freisetzung in die Umwelt vermeiden. BEI KONTAKT MIT DEN AUGEN: Einige Minuten lang behutsam mit Wasser sp\u00fclen. Eventuell vorhandene Kontaktlinsen nach M\u00f6glichkeit entfernen. Weiter sp\u00fclen. Bei anhaltender Augenreizung: \u00c4rztlichen Rat einholen\/\u00e4rztliche Hilfe hinzuziehen. Inhalt bei einer Sammelstelle zuf\u00fchren.<\/p>","_de_post_name":"sectolin-moccare-250-ml","_de_post_excerpt":"","_de_post_title":"Sectolin Moccare | 250 ml","_fr_post_content":"<p>Sectolin Moccare aide \u00e0 soigner la peau rugueuse et s\u00e8che des jambes de cheval qui se trouve derri\u00e8re le paturon et sur le canon. La salet\u00e9 s\u2019accumule facilement dans les plis horizontaux de la peau \u00e0 l\u2019arri\u00e8re des paturons, ce qui, associ\u00e9 \u00e0 l\u2019humidit\u00e9 et le sable, peut provoquer encro\u00fbtement et ger\u00e7ures.<\/p>\n<p>Bien nettoyer la zone avec un chiffon doux et bien s\u00e9cher. Appliquer ensuite la pommade. Enduisez g\u00e9n\u00e9reusement les parties de la peau \u00e0 soigner plusieurs fois par jour, pendant au moins 4 \u00e0 5 jours. Bien fermer l\u2019emballage.<\/p>\n<p>Attention : Provoque une grave irritation oculaire. Nocif pour les organismes aquatiques, avec des effets \u00e0 long terme. Tenir hors de port\u00e9e des enfants. Se laver les mains soigneusement apr\u00e8s manipulation. \u00c9viter le rejet dans l\u2019environnement. EN CAS DE CONTACT AVEC LES YEUX : Rincer avec pr\u00e9caution \u00e0 l\u2019eau pendant plusieurs minutes. Enlever les lentilles de contact si la victime en porte et si elles peuvent \u00eatre facilement enlev\u00e9es. Continuer \u00e0 rincer. Si l\u2019irritation oculaire persiste : consulter un m\u00e9decin. \u00c9liminer le contenu dans un centre de collecte.<\/p>","_fr_post_name":"sectolin-moccare-250-ml","_fr_post_excerpt":"","_fr_post_title":"Sectolin Moccare | 250 ml","_es_post_content":"<p>Sectolin Moccare est\u00e1 indicado para el cuidado de la piel \u00e1spera y agrietada de las cuartillas y el hueso del ca\u00f1\u00f3n del caballo. La suciedad puede acumularse f\u00e1cilmente en los pliegues horizontales de la piel en la cuartilla y, junto con la humedad y la arena, puede causar costras y grietas.<\/p>\n<p>Limpie las zonas con cuidado pero a fondo con un pa\u00f1o suave y mant\u00e9ngalas secas antes de aplicar la pomada. Aplicar generosamente en las zonas a tratar varias veces al d\u00eda durante al menos 4 \u00f3 5 d\u00edas. Cerrar bien el envase.<\/p>\n<p>Advertencia: Provoca irritaci\u00f3n ocular grave. Nocivo para los organismos acu\u00e1ticos, con efectos nocivos duraderos. Mant\u00e9ngase fuera del alcance de los ni\u00f1os. L\u00e1vese bien las manos despu\u00e9s de manipular este producto. Evitar su vertido al medio ambiente. EN CASO DE CONTACTO CON LOS OJOS: Aclarar cuidadosamente con agua durante varios minutos; si es posible, retirar las lentes de contacto; continuar aclarando. En caso de irritaci\u00f3n ocular persistente: Consultar a un m\u00e9dico. Eliminar el contenido en el punto de recogida.<\/p>","_es_post_name":"sectolin-moccare-250-ml","_es_post_excerpt":"","_es_post_title":"Sectolin Moccare | 250 ml","edit_language":"nl"},"product_brand":[],"product_cat":[1820,1813,1811,1857,1809,2087,1822],"product_tag":[],"class_list":{"0":"post-120186","1":"product","2":"type-product","3":"status-publish","4":"has-post-thumbnail","6":"product_cat-benodigdheden","7":"product_cat-huid-vacht","8":"product_cat-medicijnen-supplementen","9":"product_cat-merken","10":"product_cat-paarden","11":"product_cat-sectolin","12":"product_cat-verzorging","13":"pa_aandoening-overig","14":"pa_doeldier-paard","15":"pa_fabricatieland-nederland","16":"pa_merkfilter-sectolin","17":"pa_merkgroep-sectolin","18":"pa_productsoort-overig","19":"pa_toedieningswijze-overig","20":"pa_unit_pricing_base_measure-100ml","21":"pa_unit_pricing_measure-250ml","22":"pa_werkzamestof-overig","24":"first","25":"instock","26":"taxable","27":"shipping-taxable","28":"purchasable","29":"product-type-simple"},"yoast_head":"<!-- This site is optimized with the Yoast SEO plugin v27.5 - https:\/\/yoast.com\/product\/yoast-seo-wordpress\/ -->\n<title>Sectolin Moccare | 250 ml - Pharmacy4pets<\/title>\n<meta name=\"robots\" content=\"index, follow, max-snippet:-1, max-image-preview:large, max-video-preview:-1\" \/>\n<link rel=\"canonical\" href=\"https:\/\/www.pharmacy4pets.nl\/be\/sectolin-moccare-250-ml\" \/>\n<meta property=\"og:locale\" content=\"nl_NL\" \/>\n<meta property=\"og:type\" content=\"article\" \/>\n<meta property=\"og:title\" content=\"Sectolin Moccare | 250 ml - Pharmacy4pets\" \/>\n<meta property=\"og:description\" content=\"Sectolin Moccare is ter verzorging van een ruwe en schrale huid in de kootholten en op het pijpbeen van een paard. In de horizontale huidplooien in de kootholte kan gemakkelijk vuil verzamelen en dit kan samen met nattigheid en zand korstvorming en kloofjes veroorzaken. De plekken met een zachte doek voorzichtig maar wel goed schoonmaken [&hellip;]\" \/>\n<meta property=\"og:url\" content=\"https:\/\/www.pharmacy4pets.nl\/be\/sectolin-moccare-250-ml\" \/>\n<meta property=\"og:site_name\" content=\"Pharmacy4pets\" \/>\n<meta property=\"article:publisher\" content=\"https:\/\/www.facebook.com\/people\/Pharmacy4petsnl\/100063484989896\/\" \/>\n<meta property=\"article:modified_time\" content=\"2026-03-25T12:05:01+00:00\" \/>\n<meta property=\"og:image\" content=\"https:\/\/www.pharmacy4pets.nl\/wp-content\/uploads\/2023\/03\/25904.jpg\" \/>\n\t<meta property=\"og:image:width\" content=\"600\" \/>\n\t<meta property=\"og:image:height\" content=\"600\" \/>\n\t<meta property=\"og:image:type\" content=\"image\/jpeg\" \/>\n<meta name=\"twitter:card\" content=\"summary_large_image\" \/>\n<meta name=\"twitter:label1\" content=\"Geschatte leestijd\" \/>\n\t<meta name=\"twitter:data1\" content=\"1 minuut\" \/>\n<script type=\"application\/ld+json\" class=\"yoast-schema-graph\">{\"@context\":\"https:\\\/\\\/schema.org\",\"@graph\":[{\"@type\":\"WebPage\",\"@id\":\"https:\\\/\\\/www.pharmacy4pets.nl\\\/be\\\/sectolin-moccare-250-ml\",\"url\":\"https:\\\/\\\/www.pharmacy4pets.nl\\\/be\\\/sectolin-moccare-250-ml\",\"name\":\"Sectolin Moccare | 250 ml - Pharmacy4pets\",\"isPartOf\":{\"@id\":\"http:\\\/\\\/www.pharmacy4pets.nl\\\/#website\"},\"primaryImageOfPage\":{\"@id\":\"https:\\\/\\\/www.pharmacy4pets.nl\\\/be\\\/sectolin-moccare-250-ml#primaryimage\"},\"image\":{\"@id\":\"https:\\\/\\\/www.pharmacy4pets.nl\\\/be\\\/sectolin-moccare-250-ml#primaryimage\"},\"thumbnailUrl\":\"https:\\\/\\\/www.pharmacy4pets.nl\\\/wp-content\\\/uploads\\\/2023\\\/03\\\/25904.jpg\",\"datePublished\":\"2023-03-10T12:18:42+00:00\",\"dateModified\":\"2026-03-25T12:05:01+00:00\",\"breadcrumb\":{\"@id\":\"https:\\\/\\\/www.pharmacy4pets.nl\\\/be\\\/sectolin-moccare-250-ml#breadcrumb\"},\"inLanguage\":\"nl-NL\",\"potentialAction\":[{\"@type\":\"ReadAction\",\"target\":[\"https:\\\/\\\/www.pharmacy4pets.nl\\\/be\\\/sectolin-moccare-250-ml\"]}]},{\"@type\":\"ImageObject\",\"inLanguage\":\"nl-NL\",\"@id\":\"https:\\\/\\\/www.pharmacy4pets.nl\\\/be\\\/sectolin-moccare-250-ml#primaryimage\",\"url\":\"https:\\\/\\\/www.pharmacy4pets.nl\\\/wp-content\\\/uploads\\\/2023\\\/03\\\/25904.jpg\",\"contentUrl\":\"https:\\\/\\\/www.pharmacy4pets.nl\\\/wp-content\\\/uploads\\\/2023\\\/03\\\/25904.jpg\",\"width\":600,\"height\":600,\"caption\":\"Sectolin Moccare | 250 ml-0\"},{\"@type\":\"BreadcrumbList\",\"@id\":\"https:\\\/\\\/www.pharmacy4pets.nl\\\/be\\\/sectolin-moccare-250-ml#breadcrumb\",\"itemListElement\":[{\"@type\":\"ListItem\",\"position\":1,\"name\":\"Home\",\"item\":\"https:\\\/\\\/p4p-nl.bootmine.com\\\/\"},{\"@type\":\"ListItem\",\"position\":2,\"name\":\"Winkel\",\"item\":\"https:\\\/\\\/p4p-nl.bootmine.com\\\/winkel\"},{\"@type\":\"ListItem\",\"position\":3,\"name\":\"Sectolin Moccare | 250 ml\"}]},{\"@type\":\"WebSite\",\"@id\":\"http:\\\/\\\/www.pharmacy4pets.nl\\\/#website\",\"url\":\"http:\\\/\\\/www.pharmacy4pets.nl\\\/\",\"name\":\"Pharmacy4pets\",\"description\":\"Pharmacy4pets.nl is d\u00e9 online apotheek waar u terecht kunt voor alle diergeneesmiddelen, verzorgingsproducten en dieetvoeding voor uw huisdier.\",\"publisher\":{\"@id\":\"http:\\\/\\\/www.pharmacy4pets.nl\\\/#organization\"},\"potentialAction\":[{\"@type\":\"SearchAction\",\"target\":{\"@type\":\"EntryPoint\",\"urlTemplate\":\"http:\\\/\\\/www.pharmacy4pets.nl\\\/?s={search_term_string}\"},\"query-input\":{\"@type\":\"PropertyValueSpecification\",\"valueRequired\":true,\"valueName\":\"search_term_string\"}}],\"inLanguage\":\"nl-NL\"},{\"@type\":\"Organization\",\"@id\":\"http:\\\/\\\/www.pharmacy4pets.nl\\\/#organization\",\"name\":\"Pharmacy4pets\",\"url\":\"http:\\\/\\\/www.pharmacy4pets.nl\\\/\",\"logo\":{\"@type\":\"ImageObject\",\"inLanguage\":\"nl-NL\",\"@id\":\"http:\\\/\\\/www.pharmacy4pets.nl\\\/#\\\/schema\\\/logo\\\/image\\\/\",\"url\":\"https:\\\/\\\/p4p-nl.bootmine.com\\\/wp-content\\\/uploads\\\/2026\\\/03\\\/logo-pharmacy4pets.png\",\"contentUrl\":\"https:\\\/\\\/p4p-nl.bootmine.com\\\/wp-content\\\/uploads\\\/2026\\\/03\\\/logo-pharmacy4pets.png\",\"width\":1024,\"height\":135,\"caption\":\"Pharmacy4pets\"},\"image\":{\"@id\":\"http:\\\/\\\/www.pharmacy4pets.nl\\\/#\\\/schema\\\/logo\\\/image\\\/\"},\"sameAs\":[\"https:\\\/\\\/www.facebook.com\\\/people\\\/Pharmacy4petsnl\\\/100063484989896\\\/\",\"https:\\\/\\\/www.youtube.com\\\/channel\\\/UCGPTIgucgli03tP2_kvLkHg\\\/featured\",\"https:\\\/\\\/www.instagram.com\\\/pharmacy4pets.nl\"]}]}<\/script>\n<!-- \/ Yoast SEO plugin. -->","yoast_head_json":{"title":"Sectolin Moccare | 250 ml - Pharmacy4pets","robots":{"index":"index","follow":"follow","max-snippet":"max-snippet:-1","max-image-preview":"max-image-preview:large","max-video-preview":"max-video-preview:-1"},"canonical":"https:\/\/www.pharmacy4pets.nl\/be\/sectolin-moccare-250-ml","og_locale":"nl_NL","og_type":"article","og_title":"Sectolin Moccare | 250 ml - Pharmacy4pets","og_description":"Sectolin Moccare is ter verzorging van een ruwe en schrale huid in de kootholten en op het pijpbeen van een paard. In de horizontale huidplooien in de kootholte kan gemakkelijk vuil verzamelen en dit kan samen met nattigheid en zand korstvorming en kloofjes veroorzaken. De plekken met een zachte doek voorzichtig maar wel goed schoonmaken [&hellip;]","og_url":"https:\/\/www.pharmacy4pets.nl\/be\/sectolin-moccare-250-ml","og_site_name":"Pharmacy4pets","article_publisher":"https:\/\/www.facebook.com\/people\/Pharmacy4petsnl\/100063484989896\/","article_modified_time":"2026-03-25T12:05:01+00:00","og_image":[{"width":600,"height":600,"url":"https:\/\/www.pharmacy4pets.nl\/wp-content\/uploads\/2023\/03\/25904.jpg","type":"image\/jpeg"}],"twitter_card":"summary_large_image","twitter_misc":{"Geschatte leestijd":"1 minuut"},"schema":{"@context":"https:\/\/schema.org","@graph":[{"@type":"WebPage","@id":"https:\/\/www.pharmacy4pets.nl\/be\/sectolin-moccare-250-ml","url":"https:\/\/www.pharmacy4pets.nl\/be\/sectolin-moccare-250-ml","name":"Sectolin Moccare | 250 ml - Pharmacy4pets","isPartOf":{"@id":"http:\/\/www.pharmacy4pets.nl\/#website"},"primaryImageOfPage":{"@id":"https:\/\/www.pharmacy4pets.nl\/be\/sectolin-moccare-250-ml#primaryimage"},"image":{"@id":"https:\/\/www.pharmacy4pets.nl\/be\/sectolin-moccare-250-ml#primaryimage"},"thumbnailUrl":"https:\/\/www.pharmacy4pets.nl\/wp-content\/uploads\/2023\/03\/25904.jpg","datePublished":"2023-03-10T12:18:42+00:00","dateModified":"2026-03-25T12:05:01+00:00","breadcrumb":{"@id":"https:\/\/www.pharmacy4pets.nl\/be\/sectolin-moccare-250-ml#breadcrumb"},"inLanguage":"nl-NL","potentialAction":[{"@type":"ReadAction","target":["https:\/\/www.pharmacy4pets.nl\/be\/sectolin-moccare-250-ml"]}]},{"@type":"ImageObject","inLanguage":"nl-NL","@id":"https:\/\/www.pharmacy4pets.nl\/be\/sectolin-moccare-250-ml#primaryimage","url":"https:\/\/www.pharmacy4pets.nl\/wp-content\/uploads\/2023\/03\/25904.jpg","contentUrl":"https:\/\/www.pharmacy4pets.nl\/wp-content\/uploads\/2023\/03\/25904.jpg","width":600,"height":600,"caption":"Sectolin Moccare | 250 ml-0"},{"@type":"BreadcrumbList","@id":"https:\/\/www.pharmacy4pets.nl\/be\/sectolin-moccare-250-ml#breadcrumb","itemListElement":[{"@type":"ListItem","position":1,"name":"Home","item":"https:\/\/p4p-nl.bootmine.com\/"},{"@type":"ListItem","position":2,"name":"Winkel","item":"https:\/\/p4p-nl.bootmine.com\/winkel"},{"@type":"ListItem","position":3,"name":"Sectolin Moccare | 250 ml"}]},{"@type":"WebSite","@id":"http:\/\/www.pharmacy4pets.nl\/#website","url":"http:\/\/www.pharmacy4pets.nl\/","name":"Pharmacy4pets","description":"Pharmacy4pets.nl is d\u00e9 online apotheek waar u terecht kunt voor alle diergeneesmiddelen, verzorgingsproducten en dieetvoeding voor uw huisdier.","publisher":{"@id":"http:\/\/www.pharmacy4pets.nl\/#organization"},"potentialAction":[{"@type":"SearchAction","target":{"@type":"EntryPoint","urlTemplate":"http:\/\/www.pharmacy4pets.nl\/?s={search_term_string}"},"query-input":{"@type":"PropertyValueSpecification","valueRequired":true,"valueName":"search_term_string"}}],"inLanguage":"nl-NL"},{"@type":"Organization","@id":"http:\/\/www.pharmacy4pets.nl\/#organization","name":"Pharmacy4pets","url":"http:\/\/www.pharmacy4pets.nl\/","logo":{"@type":"ImageObject","inLanguage":"nl-NL","@id":"http:\/\/www.pharmacy4pets.nl\/#\/schema\/logo\/image\/","url":"https:\/\/p4p-nl.bootmine.com\/wp-content\/uploads\/2026\/03\/logo-pharmacy4pets.png","contentUrl":"https:\/\/p4p-nl.bootmine.com\/wp-content\/uploads\/2026\/03\/logo-pharmacy4pets.png","width":1024,"height":135,"caption":"Pharmacy4pets"},"image":{"@id":"http:\/\/www.pharmacy4pets.nl\/#\/schema\/logo\/image\/"},"sameAs":["https:\/\/www.facebook.com\/people\/Pharmacy4petsnl\/100063484989896\/","https:\/\/www.youtube.com\/channel\/UCGPTIgucgli03tP2_kvLkHg\/featured","https:\/\/www.instagram.com\/pharmacy4pets.nl"]}]}},"market_data":{"nl":{"price":0,"sale_price":0,"active":false,"url":null,"parent_url":"","tax_rate":0,"price_inc_tax":0,"sale_price_inc_tax":0},"de":{"price":0,"sale_price":0,"active":false,"url":null,"parent_url":"","tax_rate":0,"price_inc_tax":0,"sale_price_inc_tax":0},"be":{"price":0,"sale_price":0,"active":false,"url":null,"parent_url":"","tax_rate":0,"price_inc_tax":0,"sale_price_inc_tax":0},"fr":{"price":0,"sale_price":0,"active":false,"url":null,"parent_url":"","tax_rate":0,"price_inc_tax":0,"sale_price_inc_tax":0},"ch":{"price":0,"sale_price":0,"active":false,"url":null,"parent_url":"","tax_rate":0,"price_inc_tax":0,"sale_price_inc_tax":0},"at":{"price":0,"sale_price":0,"active":false,"url":null,"parent_url":"","tax_rate":0,"price_inc_tax":0,"sale_price_inc_tax":0},"es":{"price":0,"sale_price":0,"active":false,"url":null,"parent_url":"","tax_rate":0,"price_inc_tax":0,"sale_price_inc_tax":0},"dk":{"price":0,"sale_price":0,"active":false,"url":null,"parent_url":"","tax_rate":0,"price_inc_tax":0,"sale_price_inc_tax":0},"com":{"price":0,"sale_price":0,"active":false,"url":null,"parent_url":"","tax_rate":0,"price_inc_tax":0,"sale_price_inc_tax":0}},"market_nl_price":0,"market_nl_sale_price":0,"market_nl_active":false,"market_nl_url":null,"market_nl_parent_url":"","market_nl_tax_rate":0,"market_nl_price_inc_tax":0,"market_nl_sale_price_inc_tax":0,"market_de_price":0,"market_de_sale_price":0,"market_de_active":false,"market_de_url":null,"market_de_parent_url":"","market_de_tax_rate":0,"market_de_price_inc_tax":0,"market_de_sale_price_inc_tax":0,"market_be_price":0,"market_be_sale_price":0,"market_be_active":false,"market_be_url":null,"market_be_parent_url":"","market_be_tax_rate":0,"market_be_price_inc_tax":0,"market_be_sale_price_inc_tax":0,"market_fr_price":0,"market_fr_sale_price":0,"market_fr_active":false,"market_fr_url":null,"market_fr_parent_url":"","market_fr_tax_rate":0,"market_fr_price_inc_tax":0,"market_fr_sale_price_inc_tax":0,"market_ch_price":0,"market_ch_sale_price":0,"market_ch_active":false,"market_ch_url":null,"market_ch_parent_url":"","market_ch_tax_rate":0,"market_ch_price_inc_tax":0,"market_ch_sale_price_inc_tax":0,"market_at_price":0,"market_at_sale_price":0,"market_at_active":false,"market_at_url":null,"market_at_parent_url":"","market_at_tax_rate":0,"market_at_price_inc_tax":0,"market_at_sale_price_inc_tax":0,"market_es_price":0,"market_es_sale_price":0,"market_es_active":false,"market_es_url":null,"market_es_parent_url":"","market_es_tax_rate":0,"market_es_price_inc_tax":0,"market_es_sale_price_inc_tax":0,"market_dk_price":0,"market_dk_sale_price":0,"market_dk_active":false,"market_dk_url":null,"market_dk_parent_url":"","market_dk_tax_rate":0,"market_dk_price_inc_tax":0,"market_dk_sale_price_inc_tax":0,"market_com_price":0,"market_com_sale_price":0,"market_com_active":false,"market_com_url":null,"market_com_parent_url":"","market_com_tax_rate":0,"market_com_price_inc_tax":0,"market_com_sale_price_inc_tax":0,"acf":[],"_links":{"self":[{"href":"https:\/\/www.pharmacy4pets.nl\/be\/wp-json\/wp\/v2\/product\/120186","targetHints":{"allow":["GET"]}}],"collection":[{"href":"https:\/\/www.pharmacy4pets.nl\/be\/wp-json\/wp\/v2\/product"}],"about":[{"href":"https:\/\/www.pharmacy4pets.nl\/be\/wp-json\/wp\/v2\/types\/product"}],"replies":[{"embeddable":true,"href":"https:\/\/www.pharmacy4pets.nl\/be\/wp-json\/wp\/v2\/comments?post=120186"}],"wp:featuredmedia":[{"embeddable":true,"href":"https:\/\/www.pharmacy4pets.nl\/be\/wp-json\/wp\/v2\/media\/120185"}],"wp:attachment":[{"href":"https:\/\/www.pharmacy4pets.nl\/be\/wp-json\/wp\/v2\/media?parent=120186"}],"wp:term":[{"taxonomy":"product_brand","embeddable":true,"href":"https:\/\/www.pharmacy4pets.nl\/be\/wp-json\/wp\/v2\/product_brand?post=120186"},{"taxonomy":"product_cat","embeddable":true,"href":"https:\/\/www.pharmacy4pets.nl\/be\/wp-json\/wp\/v2\/product_cat?post=120186"},{"taxonomy":"product_tag","embeddable":true,"href":"https:\/\/www.pharmacy4pets.nl\/be\/wp-json\/wp\/v2\/product_tag?post=120186"}],"curies":[{"name":"wp","href":"https:\/\/api.w.org\/{rel}","templated":true}]}}