{"id":120182,"date":"2023-03-10T12:18:42","date_gmt":"2023-03-10T12:18:42","guid":{"rendered":"https:\/\/p4p.test\/sectolin-magnesium-citraat-1-kg"},"modified":"2026-03-25T12:05:00","modified_gmt":"2026-03-25T12:05:00","slug":"sectolin-magnesium-citraat-1-kg","status":"publish","type":"product","link":"https:\/\/www.pharmacy4pets.nl\/be\/sectolin-magnesium-citraat-1-kg","title":{"rendered":"Sectolin Magnesium Citraat | 1 kg"},"content":{"rendered":"<p>Sectolin Magnesium Citraat is een aanvullend diervoeder voor paarden dat bestaat uit 100% magnesium citraat. Magnesium Citraat is een organische vorm van magnesium. Magnesium is een mineraal dat een belangrijke rol speelt in de ontspanning van spieren, het zenuwstelsel, de energiehuishouding en de balans tussen verschillende elementen in het lichaam.<\/p>\n<p>Gebruiksaanwijzing (voederadvies):<\/p>\n<table>\n<tbody>\n<tr>\n<td width=\"201\">\n<p><strong>Lichaamsgewicht paard<\/strong><\/p>\n<\/td>\n<td width=\"201\">\n<p><strong>Onderhoud<\/strong><\/p>\n<\/td>\n<td width=\"201\">\n<p><strong>Hoge dosering<\/strong><\/p>\n<\/td>\n<\/tr>\n<tr>\n<td width=\"201\">\n<p>500 kg<\/p>\n<\/td>\n<td width=\"201\">\n<p>5 g \/ dag<\/p>\n<\/td>\n<td width=\"201\">\n<p>10 g \/ dag<\/p>\n<\/td>\n<\/tr>\n<tr>\n<td width=\"201\">\n<p>Per 100 kg<\/p>\n<\/td>\n<td width=\"201\">\n<p>1 g \/ dag<\/p>\n<\/td>\n<td width=\"201\">\n<p>2 g \/ dag<\/p>\n<\/td>\n<\/tr>\n<\/tbody>\n<\/table>\n<p>Een maatschepje = ca. 5 g.<br \/> Een emmer van 500 g is bij een dagelijkse dosering van 5 g voldoende voor ca. 100 dagen.<\/p>\n<p> Bewaren:<br \/> Hersluit met deksel. Op een droge plaats bij kamertemperatuur bewaren. Niet in direct zonlicht. Buiten bereik van kinderen houden.<\/p>\n","protected":false},"excerpt":{"rendered":"<p>Sectolin Magnesium Citraat is een aanvullend diervoeder voor paarden dat bestaat uit 100% magnesium citraat. Magnesium Citraat is een organische vorm van magnesium. Magnesium is een mineraal dat een belangrijke rol speelt in de ontspanning van spieren, het zenuwstelsel, de energiehuishouding en de balans tussen verschillende elementen in het lichaam. Gebruiksaanwijzing (voederadvies): Lichaamsgewicht paard Onderhoud [&hellip;]<\/p>\n","protected":false},"featured_media":120181,"comment_status":"open","ping_status":"closed","template":"","meta":{"_acf_changed":false,"_nl_post_content":"<p>Sectolin Magnesium Citraat is een aanvullend diervoeder voor paarden dat bestaat uit 100% magnesium citraat. Magnesium Citraat is een organische vorm van magnesium. Magnesium is een mineraal dat een belangrijke rol speelt in de ontspanning van spieren, het zenuwstelsel, de energiehuishouding en de balans tussen verschillende elementen in het lichaam.<\/p>\r\n<p>Gebruiksaanwijzing (voederadvies):<\/p>\r\n<table>\r\n<tbody>\r\n<tr>\r\n<td width=\"201\">\r\n<p><strong>Lichaamsgewicht paard<\/strong><\/p>\r\n<\/td>\r\n<td width=\"201\">\r\n<p><strong>Onderhoud<\/strong><\/p>\r\n<\/td>\r\n<td width=\"201\">\r\n<p><strong>Hoge dosering<\/strong><\/p>\r\n<\/td>\r\n<\/tr>\r\n<tr>\r\n<td width=\"201\">\r\n<p>500 kg<\/p>\r\n<\/td>\r\n<td width=\"201\">\r\n<p>5 g \/ dag<\/p>\r\n<\/td>\r\n<td width=\"201\">\r\n<p>10 g \/ dag<\/p>\r\n<\/td>\r\n<\/tr>\r\n<tr>\r\n<td width=\"201\">\r\n<p>Per 100 kg<\/p>\r\n<\/td>\r\n<td width=\"201\">\r\n<p>1 g \/ dag<\/p>\r\n<\/td>\r\n<td width=\"201\">\r\n<p>2 g \/ dag<\/p>\r\n<\/td>\r\n<\/tr>\r\n<\/tbody>\r\n<\/table>\r\n<p>Een maatschepje = ca. 5 g.<br \/> Een emmer van 500 g is bij een dagelijkse dosering van 5 g voldoende voor ca. 100 dagen.<br \/> <br \/> Bewaren:<br \/> Hersluit met deksel. Op een droge plaats bij kamertemperatuur bewaren. Niet in direct zonlicht. Buiten bereik van kinderen houden.<\/p>","_nl_post_name":"sectolin-magnesium-citraat-1-kg","_nl_post_excerpt":"","_nl_post_title":"Sectolin Magnesium Citraat | 1 kg","_en_post_content":"<p>Sectolin Magnesium Citrate is a supplementary feed for horses consisting of 100% magnesium citrate. Magnesium Citraat is an organic form of magnesium. Magnesium is a mineral that plays an important role in the relaxation of muscles, the nervous system, energy management and the balance between various elements in the body.<\/p>\n<p>Instructions for use (feeding advice):<\/p>\n<table>\n<tbody>\n<tr>\n<td width=\"201\">\n<p><strong>Body weight horse<\/strong><\/p>\n<\/td>\n<td width=\"201\">\n<p><strong>Maintenance<\/strong><\/p>\n<\/td>\n<td width=\"201\">\n<p><strong>High dose<\/strong><\/p>\n<\/td>\n<\/tr>\n<tr>\n<td width=\"201\">\n<p>500 kg<\/p>\n<\/td>\n<td width=\"201\">\n<p>5 g \/ day<\/p>\n<\/td>\n<td width=\"201\">\n<p>10 g \/ day<\/p>\n<\/td>\n<\/tr>\n<tr>\n<td width=\"201\">\n<p>Per 100 kg<\/p>\n<\/td>\n<td width=\"201\">\n<p>1 g \/ day<\/p>\n<\/td>\n<td width=\"201\">\n<p>2 g \/ day<\/p>\n<\/td>\n<\/tr>\n<\/tbody>\n<\/table>\n<p>A measuring scoop = approx. 5 g.<br \/> A 500 g bucket fed at a daily dose of 5 g is sufficient for about 100 days.<br \/> <br \/> Storage:<br \/> Replace the lid. Store in a dry place, at room temperature. Out of direct sunlight. Keep out of reach of children.<\/p>","_en_post_name":"sectolin-magnesium-citraat-1-kg","_en_post_excerpt":"","_en_post_title":"Sectolin Magnesium Citrate | 1 kg","_de_post_content":"<p>Sectolin Magnesiumcitrat ist ein Erg\u00e4nzungsfuttermittel f\u00fcr Pferde, das zu 100 % aus Magnesiumcitrat besteht. Magnesium Citraat ist eine organische Form von Magnesium. Magnesium ist ein Mineral, das eine wichtige Rolle spielt bei der Entspannung der Muskeln, dem Nervensystem, dem Energiehaushalt und dem Gleichgewicht zwischen verschiedenen Elementen im K\u00f6rper.<\/p>\n<p>Gebrauchsanweisung (F\u00fctterungsempfehlung):<\/p>\n<table>\n<tbody>\n<tr>\n<td width=\"201\">\n<p><strong>K\u00f6rpergewicht des Pferdes<\/strong><\/p>\n<\/td>\n<td width=\"201\">\n<p><strong>Erhaltungsbedarf<\/strong><\/p>\n<\/td>\n<td width=\"201\">\n<p><strong>Hoher Bedarf<\/strong><\/p>\n<\/td>\n<\/tr>\n<tr>\n<td width=\"201\">\n<p>500 kg<\/p>\n<\/td>\n<td width=\"201\">\n<p>5 g \/ Tag<\/p>\n<\/td>\n<td width=\"201\">\n<p>10 g \/ Tag<\/p>\n<\/td>\n<\/tr>\n<tr>\n<td width=\"201\">\n<p>Pro 100 kg K\u00f6rpergewicht<\/p>\n<\/td>\n<td width=\"201\">\n<p>1 g \/ Tag<\/p>\n<\/td>\n<td width=\"201\">\n<p>2 g \/ Tag<\/p>\n<\/td>\n<\/tr>\n<\/tbody>\n<\/table>\n<p>Ein Messl\u00f6ffel = ca. 5 g.<br \/> Ein 500 g Eimer reicht bei einer Tagesdosis von 5 g f\u00fcr ca. 100 Tage.<br \/> <br \/> Lagerung:<br \/> Ersetzen Sie den Deckel. Trockene Lagerung bei Raumtemperatur. Nicht direktem Sonnenlicht aussetzen. Von Kindern fernhalten.<\/p>","_de_post_name":"sectolin-magnesium-citraat-1-kg","_de_post_excerpt":"","_de_post_title":"Sectolin Magnesiumcitrat | 1 kg","_fr_post_content":"<p>Sectolin Citrate de Magn\u00e9sium est un aliment compl\u00e9mentaire pour chevaux compos\u00e9 \u00e0 100% de citrate de magn\u00e9sium. Magnesium Citraat est une forme organique de magn\u00e9sium. Le magn\u00e9sium est un min\u00e9ral qui joue un r\u00f4le important pour la relaxation musculaire, le syst\u00e8me nerveux, le syst\u00e8me \u00e9nerg\u00e9tique et l\u2019\u00e9quilibre entre les diff\u00e9rents \u00e9l\u00e9ments du corps.<\/p>\n<p>Mode d\u2019emploi (conseils d\u2019alimentation) :<\/p>\n<table>\n<tbody>\n<tr>\n<td width=\"201\">\n<p><strong>Poids corporel cheval<\/strong><\/p>\n<\/td>\n<td width=\"201\">\n<p><strong>Entretien<\/strong><\/p>\n<\/td>\n<td width=\"201\">\n<p><strong>Haute dose<\/strong><\/p>\n<\/td>\n<\/tr>\n<tr>\n<td width=\"201\">\n<p>500 kg<\/p>\n<\/td>\n<td width=\"201\">\n<p>5 g \/ jour<\/p>\n<\/td>\n<td width=\"201\">\n<p>10 g \/ jour<\/p>\n<\/td>\n<\/tr>\n<tr>\n<td width=\"201\">\n<p>Par 100 kg<\/p>\n<\/td>\n<td width=\"201\">\n<p>1 g \/ jour<\/p>\n<\/td>\n<td width=\"201\">\n<p>2 g \/ jour<\/p>\n<\/td>\n<\/tr>\n<\/tbody>\n<\/table>\n<p>Une cuill\u00e8re \u00e0 mesurer = environ 5 g.<br \/> Un seau de 500 g suffit pour 100 jours \u00e0 une dose quotidienne de 5 g par jour.<br \/> <br \/> Conservation :<br \/> Refermer le couvercle. \u00c0 conserver dans un endroit au sec \u00e0 temp\u00e9rature ambiante. \u00c0 l\u2019abri de la lumi\u00e8re du soleil. Tenir hors de port\u00e9e des enfants.<\/p>","_fr_post_name":"sectolin-magnesium-citraat-1-kg","_fr_post_excerpt":"","_fr_post_title":"Sectolin Citrate de Magn\u00e9sium | 1 kg","_es_post_content":"<p>Sectolin Citrato de Magnesio es un alimento complementario para caballos compuesto al 100% por citrato de magnesio. El citrato de magnesio es una forma org\u00e1nica de magnesio. El magnesio es un mineral que desempe\u00f1a un papel importante en la relajaci\u00f3n muscular, el sistema nervioso, la gesti\u00f3n de la energ\u00eda y el equilibrio entre los distintos elementos del organismo.<\/p>\n<p>Modo de empleo (consejos de alimentaci\u00f3n):<\/p>\n<table>\n<tbody>\n<tr>\n<td width=\"201\">\n<p><strong>Peso corporal caballo<\/strong><\/p>\n<\/td>\n<td width=\"201\">\n<p><strong>Mantenimiento<\/strong><\/p>\n<\/td>\n<td width=\"201\">\n<p><strong>Dosis alta<\/strong><\/p>\n<\/td>\n<\/tr>\n<tr>\n<td width=\"201\">\n<p>Por 500 kg<\/p>\n<\/td>\n<td width=\"201\">\n<p>5 g \/ d\u00eda<\/p>\n<\/td>\n<td width=\"201\">\n<p>10 g \/ d\u00eda<\/p>\n<\/td>\n<\/tr>\n<tr>\n<td width=\"201\">\n<p>Por 100 kg<\/p>\n<\/td>\n<td width=\"201\">\n<p>1 g \/ d\u00eda<\/p>\n<\/td>\n<td width=\"201\">\n<p>2 g \/ d\u00eda<\/p>\n<\/td>\n<\/tr>\n<\/tbody>\n<\/table>\n<p>Una cuchara dosificadora = aprox. 5 g.<br \/>Un cubo de 500 g es suficiente para aproximadamente 100 d\u00edas con una dosis diaria de 5 g.<\/p>\n<p>Conservaci\u00f3n:<br \/>Volver a cerrar con tapa. Almacenar en un lugar seco a temperatura ambiente. No exponer a la luz solar directa. Mantener fuera del alcance de los ni\u00f1os.<\/p>","_es_post_name":"sectolin-magnesium-citraat-1-kg","_es_post_excerpt":"","_es_post_title":"Sectolin Citrato de Magnesio | 1 kg","edit_language":"nl"},"product_brand":[],"product_cat":[1812,1811,1857,1809,2087,1818],"product_tag":[],"class_list":{"0":"post-120182","1":"product","2":"type-product","3":"status-publish","4":"has-post-thumbnail","6":"product_cat-gewrichten-spieren","7":"product_cat-medicijnen-supplementen","8":"product_cat-merken","9":"product_cat-paarden","10":"product_cat-sectolin","11":"product_cat-zenuwstelsel","12":"pa_aandoening-overig","13":"pa_doeldier-paard","14":"pa_fabricatieland-nederland","15":"pa_merkfilter-sectolin","16":"pa_merkgroep-sectolin","17":"pa_productsoort-voedingssupplement","18":"pa_toedieningswijze-overig","19":"pa_unit_pricing_base_measure-1kg","20":"pa_unit_pricing_measure-1kg","21":"pa_werkzamestof-overig","23":"first","24":"instock","25":"taxable","26":"shipping-taxable","27":"purchasable","28":"product-type-simple"},"yoast_head":"<!-- This site is optimized with the Yoast SEO plugin v27.5 - https:\/\/yoast.com\/product\/yoast-seo-wordpress\/ -->\n<title>Sectolin Magnesium Citraat | 1 kg - Pharmacy4pets<\/title>\n<meta name=\"robots\" content=\"index, follow, max-snippet:-1, max-image-preview:large, max-video-preview:-1\" \/>\n<link rel=\"canonical\" href=\"https:\/\/www.pharmacy4pets.nl\/sectolin-magnesium-citraat-1-kg\" \/>\n<meta property=\"og:locale\" content=\"nl_NL\" \/>\n<meta property=\"og:type\" content=\"article\" \/>\n<meta property=\"og:title\" content=\"Sectolin Magnesium Citraat | 1 kg - Pharmacy4pets\" \/>\n<meta property=\"og:description\" content=\"Sectolin Magnesium Citraat is een aanvullend diervoeder voor paarden dat bestaat uit 100% magnesium citraat. Magnesium Citraat is een organische vorm van magnesium. Magnesium is een mineraal dat een belangrijke rol speelt in de ontspanning van spieren, het zenuwstelsel, de energiehuishouding en de balans tussen verschillende elementen in het lichaam. Gebruiksaanwijzing (voederadvies): Lichaamsgewicht paard Onderhoud [&hellip;]\" \/>\n<meta property=\"og:url\" content=\"https:\/\/www.pharmacy4pets.nl\/sectolin-magnesium-citraat-1-kg\" \/>\n<meta property=\"og:site_name\" content=\"Pharmacy4pets\" \/>\n<meta property=\"article:publisher\" content=\"https:\/\/www.facebook.com\/people\/Pharmacy4petsnl\/100063484989896\/\" \/>\n<meta property=\"article:modified_time\" content=\"2026-03-25T12:05:00+00:00\" \/>\n<meta property=\"og:image\" content=\"https:\/\/www.pharmacy4pets.nl\/wp-content\/uploads\/2023\/03\/25902.jpg\" \/>\n\t<meta property=\"og:image:width\" content=\"600\" \/>\n\t<meta property=\"og:image:height\" content=\"600\" \/>\n\t<meta property=\"og:image:type\" content=\"image\/jpeg\" \/>\n<meta name=\"twitter:card\" content=\"summary_large_image\" \/>\n<meta name=\"twitter:label1\" content=\"Geschatte leestijd\" \/>\n\t<meta name=\"twitter:data1\" content=\"1 minuut\" \/>\n<script type=\"application\/ld+json\" class=\"yoast-schema-graph\">{\"@context\":\"https:\\\/\\\/schema.org\",\"@graph\":[{\"@type\":\"WebPage\",\"@id\":\"https:\\\/\\\/www.pharmacy4pets.nl\\\/sectolin-magnesium-citraat-1-kg\",\"url\":\"https:\\\/\\\/www.pharmacy4pets.nl\\\/sectolin-magnesium-citraat-1-kg\",\"name\":\"Sectolin Magnesium Citraat | 1 kg - Pharmacy4pets\",\"isPartOf\":{\"@id\":\"http:\\\/\\\/www.pharmacy4pets.nl\\\/#website\"},\"primaryImageOfPage\":{\"@id\":\"https:\\\/\\\/www.pharmacy4pets.nl\\\/sectolin-magnesium-citraat-1-kg#primaryimage\"},\"image\":{\"@id\":\"https:\\\/\\\/www.pharmacy4pets.nl\\\/sectolin-magnesium-citraat-1-kg#primaryimage\"},\"thumbnailUrl\":\"https:\\\/\\\/www.pharmacy4pets.nl\\\/wp-content\\\/uploads\\\/2023\\\/03\\\/25902.jpg\",\"datePublished\":\"2023-03-10T12:18:42+00:00\",\"dateModified\":\"2026-03-25T12:05:00+00:00\",\"breadcrumb\":{\"@id\":\"https:\\\/\\\/www.pharmacy4pets.nl\\\/sectolin-magnesium-citraat-1-kg#breadcrumb\"},\"inLanguage\":\"nl-NL\",\"potentialAction\":[{\"@type\":\"ReadAction\",\"target\":[\"https:\\\/\\\/www.pharmacy4pets.nl\\\/sectolin-magnesium-citraat-1-kg\"]}]},{\"@type\":\"ImageObject\",\"inLanguage\":\"nl-NL\",\"@id\":\"https:\\\/\\\/www.pharmacy4pets.nl\\\/sectolin-magnesium-citraat-1-kg#primaryimage\",\"url\":\"https:\\\/\\\/www.pharmacy4pets.nl\\\/wp-content\\\/uploads\\\/2023\\\/03\\\/25902.jpg\",\"contentUrl\":\"https:\\\/\\\/www.pharmacy4pets.nl\\\/wp-content\\\/uploads\\\/2023\\\/03\\\/25902.jpg\",\"width\":600,\"height\":600,\"caption\":\"Sectolin\"},{\"@type\":\"BreadcrumbList\",\"@id\":\"https:\\\/\\\/www.pharmacy4pets.nl\\\/sectolin-magnesium-citraat-1-kg#breadcrumb\",\"itemListElement\":[{\"@type\":\"ListItem\",\"position\":1,\"name\":\"Home\",\"item\":\"https:\\\/\\\/p4p-nl.bootmine.com\\\/\"},{\"@type\":\"ListItem\",\"position\":2,\"name\":\"Winkel\",\"item\":\"https:\\\/\\\/p4p-nl.bootmine.com\\\/winkel\"},{\"@type\":\"ListItem\",\"position\":3,\"name\":\"Sectolin Magnesium Citraat | 1 kg\"}]},{\"@type\":\"WebSite\",\"@id\":\"http:\\\/\\\/www.pharmacy4pets.nl\\\/#website\",\"url\":\"http:\\\/\\\/www.pharmacy4pets.nl\\\/\",\"name\":\"Pharmacy4pets\",\"description\":\"Pharmacy4pets.nl is d\u00e9 online apotheek waar u terecht kunt voor alle diergeneesmiddelen, verzorgingsproducten en dieetvoeding voor uw huisdier.\",\"publisher\":{\"@id\":\"http:\\\/\\\/www.pharmacy4pets.nl\\\/#organization\"},\"potentialAction\":[{\"@type\":\"SearchAction\",\"target\":{\"@type\":\"EntryPoint\",\"urlTemplate\":\"http:\\\/\\\/www.pharmacy4pets.nl\\\/?s={search_term_string}\"},\"query-input\":{\"@type\":\"PropertyValueSpecification\",\"valueRequired\":true,\"valueName\":\"search_term_string\"}}],\"inLanguage\":\"nl-NL\"},{\"@type\":\"Organization\",\"@id\":\"http:\\\/\\\/www.pharmacy4pets.nl\\\/#organization\",\"name\":\"Pharmacy4pets\",\"url\":\"http:\\\/\\\/www.pharmacy4pets.nl\\\/\",\"logo\":{\"@type\":\"ImageObject\",\"inLanguage\":\"nl-NL\",\"@id\":\"http:\\\/\\\/www.pharmacy4pets.nl\\\/#\\\/schema\\\/logo\\\/image\\\/\",\"url\":\"https:\\\/\\\/p4p-nl.bootmine.com\\\/wp-content\\\/uploads\\\/2026\\\/03\\\/logo-pharmacy4pets.png\",\"contentUrl\":\"https:\\\/\\\/p4p-nl.bootmine.com\\\/wp-content\\\/uploads\\\/2026\\\/03\\\/logo-pharmacy4pets.png\",\"width\":1024,\"height\":135,\"caption\":\"Pharmacy4pets\"},\"image\":{\"@id\":\"http:\\\/\\\/www.pharmacy4pets.nl\\\/#\\\/schema\\\/logo\\\/image\\\/\"},\"sameAs\":[\"https:\\\/\\\/www.facebook.com\\\/people\\\/Pharmacy4petsnl\\\/100063484989896\\\/\",\"https:\\\/\\\/www.youtube.com\\\/channel\\\/UCGPTIgucgli03tP2_kvLkHg\\\/featured\",\"https:\\\/\\\/www.instagram.com\\\/pharmacy4pets.nl\"]}]}<\/script>\n<!-- \/ Yoast SEO plugin. -->","yoast_head_json":{"title":"Sectolin Magnesium Citraat | 1 kg - Pharmacy4pets","robots":{"index":"index","follow":"follow","max-snippet":"max-snippet:-1","max-image-preview":"max-image-preview:large","max-video-preview":"max-video-preview:-1"},"canonical":"https:\/\/www.pharmacy4pets.nl\/sectolin-magnesium-citraat-1-kg","og_locale":"nl_NL","og_type":"article","og_title":"Sectolin Magnesium Citraat | 1 kg - Pharmacy4pets","og_description":"Sectolin Magnesium Citraat is een aanvullend diervoeder voor paarden dat bestaat uit 100% magnesium citraat. Magnesium Citraat is een organische vorm van magnesium. Magnesium is een mineraal dat een belangrijke rol speelt in de ontspanning van spieren, het zenuwstelsel, de energiehuishouding en de balans tussen verschillende elementen in het lichaam. Gebruiksaanwijzing (voederadvies): Lichaamsgewicht paard Onderhoud [&hellip;]","og_url":"https:\/\/www.pharmacy4pets.nl\/sectolin-magnesium-citraat-1-kg","og_site_name":"Pharmacy4pets","article_publisher":"https:\/\/www.facebook.com\/people\/Pharmacy4petsnl\/100063484989896\/","article_modified_time":"2026-03-25T12:05:00+00:00","og_image":[{"width":600,"height":600,"url":"https:\/\/www.pharmacy4pets.nl\/wp-content\/uploads\/2023\/03\/25902.jpg","type":"image\/jpeg"}],"twitter_card":"summary_large_image","twitter_misc":{"Geschatte leestijd":"1 minuut"},"schema":{"@context":"https:\/\/schema.org","@graph":[{"@type":"WebPage","@id":"https:\/\/www.pharmacy4pets.nl\/sectolin-magnesium-citraat-1-kg","url":"https:\/\/www.pharmacy4pets.nl\/sectolin-magnesium-citraat-1-kg","name":"Sectolin Magnesium Citraat | 1 kg - Pharmacy4pets","isPartOf":{"@id":"http:\/\/www.pharmacy4pets.nl\/#website"},"primaryImageOfPage":{"@id":"https:\/\/www.pharmacy4pets.nl\/sectolin-magnesium-citraat-1-kg#primaryimage"},"image":{"@id":"https:\/\/www.pharmacy4pets.nl\/sectolin-magnesium-citraat-1-kg#primaryimage"},"thumbnailUrl":"https:\/\/www.pharmacy4pets.nl\/wp-content\/uploads\/2023\/03\/25902.jpg","datePublished":"2023-03-10T12:18:42+00:00","dateModified":"2026-03-25T12:05:00+00:00","breadcrumb":{"@id":"https:\/\/www.pharmacy4pets.nl\/sectolin-magnesium-citraat-1-kg#breadcrumb"},"inLanguage":"nl-NL","potentialAction":[{"@type":"ReadAction","target":["https:\/\/www.pharmacy4pets.nl\/sectolin-magnesium-citraat-1-kg"]}]},{"@type":"ImageObject","inLanguage":"nl-NL","@id":"https:\/\/www.pharmacy4pets.nl\/sectolin-magnesium-citraat-1-kg#primaryimage","url":"https:\/\/www.pharmacy4pets.nl\/wp-content\/uploads\/2023\/03\/25902.jpg","contentUrl":"https:\/\/www.pharmacy4pets.nl\/wp-content\/uploads\/2023\/03\/25902.jpg","width":600,"height":600,"caption":"Sectolin"},{"@type":"BreadcrumbList","@id":"https:\/\/www.pharmacy4pets.nl\/sectolin-magnesium-citraat-1-kg#breadcrumb","itemListElement":[{"@type":"ListItem","position":1,"name":"Home","item":"https:\/\/p4p-nl.bootmine.com\/"},{"@type":"ListItem","position":2,"name":"Winkel","item":"https:\/\/p4p-nl.bootmine.com\/winkel"},{"@type":"ListItem","position":3,"name":"Sectolin Magnesium Citraat | 1 kg"}]},{"@type":"WebSite","@id":"http:\/\/www.pharmacy4pets.nl\/#website","url":"http:\/\/www.pharmacy4pets.nl\/","name":"Pharmacy4pets","description":"Pharmacy4pets.nl is d\u00e9 online apotheek waar u terecht kunt voor alle diergeneesmiddelen, verzorgingsproducten en dieetvoeding voor uw huisdier.","publisher":{"@id":"http:\/\/www.pharmacy4pets.nl\/#organization"},"potentialAction":[{"@type":"SearchAction","target":{"@type":"EntryPoint","urlTemplate":"http:\/\/www.pharmacy4pets.nl\/?s={search_term_string}"},"query-input":{"@type":"PropertyValueSpecification","valueRequired":true,"valueName":"search_term_string"}}],"inLanguage":"nl-NL"},{"@type":"Organization","@id":"http:\/\/www.pharmacy4pets.nl\/#organization","name":"Pharmacy4pets","url":"http:\/\/www.pharmacy4pets.nl\/","logo":{"@type":"ImageObject","inLanguage":"nl-NL","@id":"http:\/\/www.pharmacy4pets.nl\/#\/schema\/logo\/image\/","url":"https:\/\/p4p-nl.bootmine.com\/wp-content\/uploads\/2026\/03\/logo-pharmacy4pets.png","contentUrl":"https:\/\/p4p-nl.bootmine.com\/wp-content\/uploads\/2026\/03\/logo-pharmacy4pets.png","width":1024,"height":135,"caption":"Pharmacy4pets"},"image":{"@id":"http:\/\/www.pharmacy4pets.nl\/#\/schema\/logo\/image\/"},"sameAs":["https:\/\/www.facebook.com\/people\/Pharmacy4petsnl\/100063484989896\/","https:\/\/www.youtube.com\/channel\/UCGPTIgucgli03tP2_kvLkHg\/featured","https:\/\/www.instagram.com\/pharmacy4pets.nl"]}]}},"market_data":{"nl":{"price":0,"sale_price":0,"active":false,"url":null,"parent_url":"","tax_rate":0,"price_inc_tax":0,"sale_price_inc_tax":0},"de":{"price":0,"sale_price":0,"active":false,"url":null,"parent_url":"","tax_rate":0,"price_inc_tax":0,"sale_price_inc_tax":0},"be":{"price":0,"sale_price":0,"active":false,"url":null,"parent_url":"","tax_rate":0,"price_inc_tax":0,"sale_price_inc_tax":0},"fr":{"price":0,"sale_price":0,"active":false,"url":null,"parent_url":"","tax_rate":0,"price_inc_tax":0,"sale_price_inc_tax":0},"ch":{"price":0,"sale_price":0,"active":false,"url":null,"parent_url":"","tax_rate":0,"price_inc_tax":0,"sale_price_inc_tax":0},"at":{"price":0,"sale_price":0,"active":false,"url":null,"parent_url":"","tax_rate":0,"price_inc_tax":0,"sale_price_inc_tax":0},"es":{"price":0,"sale_price":0,"active":false,"url":null,"parent_url":"","tax_rate":0,"price_inc_tax":0,"sale_price_inc_tax":0},"dk":{"price":0,"sale_price":0,"active":false,"url":null,"parent_url":"","tax_rate":0,"price_inc_tax":0,"sale_price_inc_tax":0},"com":{"price":0,"sale_price":0,"active":false,"url":null,"parent_url":"","tax_rate":0,"price_inc_tax":0,"sale_price_inc_tax":0}},"market_nl_price":0,"market_nl_sale_price":0,"market_nl_active":false,"market_nl_url":null,"market_nl_parent_url":"","market_nl_tax_rate":0,"market_nl_price_inc_tax":0,"market_nl_sale_price_inc_tax":0,"market_de_price":0,"market_de_sale_price":0,"market_de_active":false,"market_de_url":null,"market_de_parent_url":"","market_de_tax_rate":0,"market_de_price_inc_tax":0,"market_de_sale_price_inc_tax":0,"market_be_price":0,"market_be_sale_price":0,"market_be_active":false,"market_be_url":null,"market_be_parent_url":"","market_be_tax_rate":0,"market_be_price_inc_tax":0,"market_be_sale_price_inc_tax":0,"market_fr_price":0,"market_fr_sale_price":0,"market_fr_active":false,"market_fr_url":null,"market_fr_parent_url":"","market_fr_tax_rate":0,"market_fr_price_inc_tax":0,"market_fr_sale_price_inc_tax":0,"market_ch_price":0,"market_ch_sale_price":0,"market_ch_active":false,"market_ch_url":null,"market_ch_parent_url":"","market_ch_tax_rate":0,"market_ch_price_inc_tax":0,"market_ch_sale_price_inc_tax":0,"market_at_price":0,"market_at_sale_price":0,"market_at_active":false,"market_at_url":null,"market_at_parent_url":"","market_at_tax_rate":0,"market_at_price_inc_tax":0,"market_at_sale_price_inc_tax":0,"market_es_price":0,"market_es_sale_price":0,"market_es_active":false,"market_es_url":null,"market_es_parent_url":"","market_es_tax_rate":0,"market_es_price_inc_tax":0,"market_es_sale_price_inc_tax":0,"market_dk_price":0,"market_dk_sale_price":0,"market_dk_active":false,"market_dk_url":null,"market_dk_parent_url":"","market_dk_tax_rate":0,"market_dk_price_inc_tax":0,"market_dk_sale_price_inc_tax":0,"market_com_price":0,"market_com_sale_price":0,"market_com_active":false,"market_com_url":null,"market_com_parent_url":"","market_com_tax_rate":0,"market_com_price_inc_tax":0,"market_com_sale_price_inc_tax":0,"acf":[],"_links":{"self":[{"href":"https:\/\/www.pharmacy4pets.nl\/be\/wp-json\/wp\/v2\/product\/120182","targetHints":{"allow":["GET"]}}],"collection":[{"href":"https:\/\/www.pharmacy4pets.nl\/be\/wp-json\/wp\/v2\/product"}],"about":[{"href":"https:\/\/www.pharmacy4pets.nl\/be\/wp-json\/wp\/v2\/types\/product"}],"replies":[{"embeddable":true,"href":"https:\/\/www.pharmacy4pets.nl\/be\/wp-json\/wp\/v2\/comments?post=120182"}],"wp:featuredmedia":[{"embeddable":true,"href":"https:\/\/www.pharmacy4pets.nl\/be\/wp-json\/wp\/v2\/media\/120181"}],"wp:attachment":[{"href":"https:\/\/www.pharmacy4pets.nl\/be\/wp-json\/wp\/v2\/media?parent=120182"}],"wp:term":[{"taxonomy":"product_brand","embeddable":true,"href":"https:\/\/www.pharmacy4pets.nl\/be\/wp-json\/wp\/v2\/product_brand?post=120182"},{"taxonomy":"product_cat","embeddable":true,"href":"https:\/\/www.pharmacy4pets.nl\/be\/wp-json\/wp\/v2\/product_cat?post=120182"},{"taxonomy":"product_tag","embeddable":true,"href":"https:\/\/www.pharmacy4pets.nl\/be\/wp-json\/wp\/v2\/product_tag?post=120182"}],"curies":[{"name":"wp","href":"https:\/\/api.w.org\/{rel}","templated":true}]}}