{"id":120174,"date":"2023-03-10T12:18:39","date_gmt":"2023-03-10T12:18:39","guid":{"rendered":"https:\/\/p4p.test\/sectolin-lijnzaadolie-1-liter"},"modified":"2026-03-25T12:04:57","modified_gmt":"2026-03-25T12:04:57","slug":"sectolin-lijnzaadolie-1-liter","status":"publish","type":"product","link":"https:\/\/www.pharmacy4pets.nl\/be\/sectolin-lijnzaadolie-1-liter","title":{"rendered":"Sectolin Lijnzaadolie | 1 liter | EXP 19-05-2026"},"content":{"rendered":"<p>Sectolin Lijnzaadolie is een aanvullend diervoeder voor paarden dat bestaat uit 100% lijnzaadolie. Lijnzaadolie is een product dat door de eerste koude persing afkomstig is uit lijnzaad en bevat een hoog gehalte aan omega 3-6-9 vetzuren.<\/p>\n<p>GEBRUIKSAANWIJZING (VOEDERADVIES):<br \/> Dagelijks 10 &#8211; 25 ml aan het voer toevoegen.<\/p>\n<p>BEWAREN:<br \/> Op een koele, droge plaats en buiten bereik van kinderen bewaren. Goed sluiten na gebruik. Na openen 3 &#8211; 6 maanden houdbaar.<\/p>\n","protected":false},"excerpt":{"rendered":"<p>Sectolin Lijnzaadolie is een aanvullend diervoeder voor paarden dat bestaat uit 100% lijnzaadolie. Lijnzaadolie is een product dat door de eerste koude persing afkomstig is uit lijnzaad en bevat een hoog gehalte aan omega 3-6-9 vetzuren. GEBRUIKSAANWIJZING (VOEDERADVIES): Dagelijks 10 &#8211; 25 ml aan het voer toevoegen. BEWAREN: Op een koele, droge plaats en buiten [&hellip;]<\/p>\n","protected":false},"featured_media":120173,"comment_status":"open","ping_status":"closed","template":"","meta":{"_acf_changed":false,"_nl_post_content":"<p>Sectolin Lijnzaadolie is een aanvullend diervoeder voor paarden dat bestaat uit 100% lijnzaadolie. Lijnzaadolie is een product dat door de eerste koude persing afkomstig is uit lijnzaad en bevat een hoog gehalte aan omega 3-6-9 vetzuren.<\/p>\r\n<p>GEBRUIKSAANWIJZING (VOEDERADVIES):<br \/> Dagelijks 10 - 25 ml aan het voer toevoegen.<\/p>\r\n<p>BEWAREN:<br \/> Op een koele, droge plaats en buiten bereik van kinderen bewaren. Goed sluiten na gebruik. Na openen 3 - 6 maanden houdbaar.<\/p>","_nl_post_name":"sectolin-lijnzaadolie-1-liter","_nl_post_excerpt":"","_nl_post_title":"Sectolin Lijnzaadolie | 1 liter | EXP 19-05-2026","_en_post_content":"<p>Sectolin Linseed Oil is a supplementary feed for horses consisting of 100% linseed oil. Linseed oil is obtained from the first cold pressing of the linseed and contains high levels of omega 3-6-9 fatty acids. INSTRUCTIONS FOR USE (FEEDING ADVICE): Mix 10 - 25 ml linseed oil a day with the animal feed. STORAGE: Store in a cool, dry place and keep out of reach of children. Close properly after use. Can be kept for 3 - 6 months after opening.<\/p>","_en_post_name":"sectolin-linseed-oil-1-liter","_en_post_excerpt":"","_en_post_title":"Sectolin Linseed Oil | 1 liter| EXP 19-05-2026","_de_post_content":"<p>Sectolin Lein\u00f6l ist ein Erg\u00e4nzungsfuttermittel f\u00fcr Pferde, das zu 100 % aus Lein\u00f6l besteht. Lein\u00f6l ist ein Produkt das bei der ersten Kaltpressung von Leinsaat entsteht und einen hohen Anteil an Omega 3-6-9 Fetts\u00e4uren enth\u00e4lt.<\/p>\r\n<p>GEBRAUCHSANWEISUNG (F\u00dcTTERUNGSEMPFEHLUNG):<br \/> T\u00e4glich 10 - 25 ml unter das Futter mischen.<\/p>\r\n<p>LAGERUNG:<br \/> An einem k\u00fchlen, trockenen Ort aufbewahren. Von Kindern fernhalten. Gut verschlie\u00dfen nach Gebrauch. Kann nach dem \u00d6ffnen 3 - 6 Monate aufbewahrt werden.<\/p>","_de_post_name":"sectolin-leinsamenol-1-liter","_de_post_excerpt":"","_de_post_title":"Sectolin Leinsamen\u00f6l | 1 Liter| EXP 19-05-2026","_fr_post_content":"<p>Sectolin Huile de lin est un aliment compl\u00e9mentaire pour chevaux compos\u00e9 \u00e0 100% d'huile de lin. L\u2019huile de lin est issue de la premi\u00e8re pression \u00e0 froid de graines de lin et contient une teneur \u00e9lev\u00e9e en acides gras om\u00e9ga-3, 6 et 9.<\/p>\r\n<p>MODE D\u2019EMPLOI (CONSEILS D\u2019ALIMENTATION) :<br \/> Ajouter au quotidien 10 - 25 ml \u00e0 l\u2019alimentation de l\u2019animal.<\/p>\r\n<p>CONSERVATION :<br \/> \u00c0 conserver dans un endroit frais, sec et tenir hors de port\u00e9e des enfants. Bien refermer apr\u00e8s usage. Se conserve 3 - 6 mois apr\u00e8s ouverture.<\/p>","_fr_post_name":"sectolin-d-huile-de-lin-1-litre","_fr_post_excerpt":"","_fr_post_title":"Sectolin d'huile de lin | 1 litre| EXP 19-05-2026","_es_post_content":"<p>Sectolin Aceite de linaza es un pienso complementario para caballos compuesto al 100% de aceite de linaza. El aceite de linaza es un producto derivado de las semillas de lino por primera presi\u00f3n en fr\u00edo y contiene un alto contenido de \u00e1cidos grasos omega 3-6-9.<\/p>\r\n<p>INSTRUCCIONES DE USO (CONSEJOS DE ALIMENTACI\u00d3N):<br \/>A\u00f1adir 10 - 25 ml al pienso diariamente.<\/p>\r\n<p>CONSERVACI\u00d3N:<br \/>Conservar en lugar fresco y seco y fuera del alcance de los ni\u00f1os. Cerrar bien despu\u00e9s de usar. Puede conservarse de 3 a 6 meses despu\u00e9s de abierto.<\/p>","_es_post_name":"sectolin-aceite-de-linaza-1-litro","_es_post_excerpt":"","_es_post_title":"Sectolin Aceite de linaza | 1 litro| EXP 19-05-2026","edit_language":"nl"},"product_brand":[],"product_cat":[1813,1811,1857,1809,2087],"product_tag":[],"class_list":{"0":"post-120174","1":"product","2":"type-product","3":"status-publish","4":"has-post-thumbnail","6":"product_cat-huid-vacht","7":"product_cat-medicijnen-supplementen","8":"product_cat-merken","9":"product_cat-paarden","10":"product_cat-sectolin","11":"pa_aandoening-overig","12":"pa_doeldier-paard","13":"pa_fabricatieland-nederland","14":"pa_merkfilter-sectolin","15":"pa_merkgroep-sectolin","16":"pa_productsoort-voedingssupplement","17":"pa_toedieningswijze-overig","18":"pa_unit_pricing_base_measure-1l","19":"pa_unit_pricing_measure-1l","20":"pa_werkzamestof-overig","22":"first","23":"instock","24":"taxable","25":"shipping-taxable","26":"purchasable","27":"product-type-simple"},"yoast_head":"<!-- This site is optimized with the Yoast SEO plugin v27.5 - https:\/\/yoast.com\/product\/yoast-seo-wordpress\/ -->\n<title>Sectolin Lijnzaadolie | 1 liter | EXP 19-05-2026 - Pharmacy4pets<\/title>\n<meta name=\"robots\" content=\"index, follow, max-snippet:-1, max-image-preview:large, max-video-preview:-1\" \/>\n<link rel=\"canonical\" href=\"https:\/\/www.pharmacy4pets.nl\/sectolin-lijnzaadolie-1-liter\" \/>\n<meta property=\"og:locale\" content=\"nl_NL\" \/>\n<meta property=\"og:type\" content=\"article\" \/>\n<meta property=\"og:title\" content=\"Sectolin Lijnzaadolie | 1 liter | EXP 19-05-2026 - Pharmacy4pets\" \/>\n<meta property=\"og:description\" content=\"Sectolin Lijnzaadolie is een aanvullend diervoeder voor paarden dat bestaat uit 100% lijnzaadolie. Lijnzaadolie is een product dat door de eerste koude persing afkomstig is uit lijnzaad en bevat een hoog gehalte aan omega 3-6-9 vetzuren. GEBRUIKSAANWIJZING (VOEDERADVIES): Dagelijks 10 &#8211; 25 ml aan het voer toevoegen. BEWAREN: Op een koele, droge plaats en buiten [&hellip;]\" \/>\n<meta property=\"og:url\" content=\"https:\/\/www.pharmacy4pets.nl\/sectolin-lijnzaadolie-1-liter\" \/>\n<meta property=\"og:site_name\" content=\"Pharmacy4pets\" \/>\n<meta property=\"article:publisher\" content=\"https:\/\/www.facebook.com\/people\/Pharmacy4petsnl\/100063484989896\/\" \/>\n<meta property=\"article:modified_time\" content=\"2026-03-25T12:04:57+00:00\" \/>\n<meta property=\"og:image\" content=\"https:\/\/www.pharmacy4pets.nl\/wp-content\/uploads\/2023\/03\/25899.jpg\" \/>\n\t<meta property=\"og:image:width\" content=\"600\" \/>\n\t<meta property=\"og:image:height\" content=\"600\" \/>\n\t<meta property=\"og:image:type\" content=\"image\/jpeg\" \/>\n<meta name=\"twitter:card\" content=\"summary_large_image\" \/>\n<script type=\"application\/ld+json\" class=\"yoast-schema-graph\">{\"@context\":\"https:\\\/\\\/schema.org\",\"@graph\":[{\"@type\":\"WebPage\",\"@id\":\"https:\\\/\\\/www.pharmacy4pets.nl\\\/sectolin-lijnzaadolie-1-liter\",\"url\":\"https:\\\/\\\/www.pharmacy4pets.nl\\\/sectolin-lijnzaadolie-1-liter\",\"name\":\"Sectolin Lijnzaadolie | 1 liter | EXP 19-05-2026 - Pharmacy4pets\",\"isPartOf\":{\"@id\":\"http:\\\/\\\/www.pharmacy4pets.nl\\\/#website\"},\"primaryImageOfPage\":{\"@id\":\"https:\\\/\\\/www.pharmacy4pets.nl\\\/sectolin-lijnzaadolie-1-liter#primaryimage\"},\"image\":{\"@id\":\"https:\\\/\\\/www.pharmacy4pets.nl\\\/sectolin-lijnzaadolie-1-liter#primaryimage\"},\"thumbnailUrl\":\"https:\\\/\\\/www.pharmacy4pets.nl\\\/wp-content\\\/uploads\\\/2023\\\/03\\\/25899.jpg\",\"datePublished\":\"2023-03-10T12:18:39+00:00\",\"dateModified\":\"2026-03-25T12:04:57+00:00\",\"breadcrumb\":{\"@id\":\"https:\\\/\\\/www.pharmacy4pets.nl\\\/sectolin-lijnzaadolie-1-liter#breadcrumb\"},\"inLanguage\":\"nl-NL\",\"potentialAction\":[{\"@type\":\"ReadAction\",\"target\":[\"https:\\\/\\\/www.pharmacy4pets.nl\\\/sectolin-lijnzaadolie-1-liter\"]}]},{\"@type\":\"ImageObject\",\"inLanguage\":\"nl-NL\",\"@id\":\"https:\\\/\\\/www.pharmacy4pets.nl\\\/sectolin-lijnzaadolie-1-liter#primaryimage\",\"url\":\"https:\\\/\\\/www.pharmacy4pets.nl\\\/wp-content\\\/uploads\\\/2023\\\/03\\\/25899.jpg\",\"contentUrl\":\"https:\\\/\\\/www.pharmacy4pets.nl\\\/wp-content\\\/uploads\\\/2023\\\/03\\\/25899.jpg\",\"width\":600,\"height\":600,\"caption\":\"Sectolin\"},{\"@type\":\"BreadcrumbList\",\"@id\":\"https:\\\/\\\/www.pharmacy4pets.nl\\\/sectolin-lijnzaadolie-1-liter#breadcrumb\",\"itemListElement\":[{\"@type\":\"ListItem\",\"position\":1,\"name\":\"Home\",\"item\":\"https:\\\/\\\/p4p-nl.bootmine.com\\\/\"},{\"@type\":\"ListItem\",\"position\":2,\"name\":\"Winkel\",\"item\":\"https:\\\/\\\/p4p-nl.bootmine.com\\\/winkel\"},{\"@type\":\"ListItem\",\"position\":3,\"name\":\"Sectolin Lijnzaadolie | 1 liter | EXP 19-05-2026\"}]},{\"@type\":\"WebSite\",\"@id\":\"http:\\\/\\\/www.pharmacy4pets.nl\\\/#website\",\"url\":\"http:\\\/\\\/www.pharmacy4pets.nl\\\/\",\"name\":\"Pharmacy4pets\",\"description\":\"Pharmacy4pets.nl is d\u00e9 online apotheek waar u terecht kunt voor alle diergeneesmiddelen, verzorgingsproducten en dieetvoeding voor uw huisdier.\",\"publisher\":{\"@id\":\"http:\\\/\\\/www.pharmacy4pets.nl\\\/#organization\"},\"potentialAction\":[{\"@type\":\"SearchAction\",\"target\":{\"@type\":\"EntryPoint\",\"urlTemplate\":\"http:\\\/\\\/www.pharmacy4pets.nl\\\/?s={search_term_string}\"},\"query-input\":{\"@type\":\"PropertyValueSpecification\",\"valueRequired\":true,\"valueName\":\"search_term_string\"}}],\"inLanguage\":\"nl-NL\"},{\"@type\":\"Organization\",\"@id\":\"http:\\\/\\\/www.pharmacy4pets.nl\\\/#organization\",\"name\":\"Pharmacy4pets\",\"url\":\"http:\\\/\\\/www.pharmacy4pets.nl\\\/\",\"logo\":{\"@type\":\"ImageObject\",\"inLanguage\":\"nl-NL\",\"@id\":\"http:\\\/\\\/www.pharmacy4pets.nl\\\/#\\\/schema\\\/logo\\\/image\\\/\",\"url\":\"https:\\\/\\\/p4p-nl.bootmine.com\\\/wp-content\\\/uploads\\\/2026\\\/03\\\/logo-pharmacy4pets.png\",\"contentUrl\":\"https:\\\/\\\/p4p-nl.bootmine.com\\\/wp-content\\\/uploads\\\/2026\\\/03\\\/logo-pharmacy4pets.png\",\"width\":1024,\"height\":135,\"caption\":\"Pharmacy4pets\"},\"image\":{\"@id\":\"http:\\\/\\\/www.pharmacy4pets.nl\\\/#\\\/schema\\\/logo\\\/image\\\/\"},\"sameAs\":[\"https:\\\/\\\/www.facebook.com\\\/people\\\/Pharmacy4petsnl\\\/100063484989896\\\/\",\"https:\\\/\\\/www.youtube.com\\\/channel\\\/UCGPTIgucgli03tP2_kvLkHg\\\/featured\",\"https:\\\/\\\/www.instagram.com\\\/pharmacy4pets.nl\"]}]}<\/script>\n<!-- \/ Yoast SEO plugin. -->","yoast_head_json":{"title":"Sectolin Lijnzaadolie | 1 liter | EXP 19-05-2026 - Pharmacy4pets","robots":{"index":"index","follow":"follow","max-snippet":"max-snippet:-1","max-image-preview":"max-image-preview:large","max-video-preview":"max-video-preview:-1"},"canonical":"https:\/\/www.pharmacy4pets.nl\/sectolin-lijnzaadolie-1-liter","og_locale":"nl_NL","og_type":"article","og_title":"Sectolin Lijnzaadolie | 1 liter | EXP 19-05-2026 - Pharmacy4pets","og_description":"Sectolin Lijnzaadolie is een aanvullend diervoeder voor paarden dat bestaat uit 100% lijnzaadolie. Lijnzaadolie is een product dat door de eerste koude persing afkomstig is uit lijnzaad en bevat een hoog gehalte aan omega 3-6-9 vetzuren. GEBRUIKSAANWIJZING (VOEDERADVIES): Dagelijks 10 &#8211; 25 ml aan het voer toevoegen. BEWAREN: Op een koele, droge plaats en buiten [&hellip;]","og_url":"https:\/\/www.pharmacy4pets.nl\/sectolin-lijnzaadolie-1-liter","og_site_name":"Pharmacy4pets","article_publisher":"https:\/\/www.facebook.com\/people\/Pharmacy4petsnl\/100063484989896\/","article_modified_time":"2026-03-25T12:04:57+00:00","og_image":[{"width":600,"height":600,"url":"https:\/\/www.pharmacy4pets.nl\/wp-content\/uploads\/2023\/03\/25899.jpg","type":"image\/jpeg"}],"twitter_card":"summary_large_image","schema":{"@context":"https:\/\/schema.org","@graph":[{"@type":"WebPage","@id":"https:\/\/www.pharmacy4pets.nl\/sectolin-lijnzaadolie-1-liter","url":"https:\/\/www.pharmacy4pets.nl\/sectolin-lijnzaadolie-1-liter","name":"Sectolin Lijnzaadolie | 1 liter | EXP 19-05-2026 - Pharmacy4pets","isPartOf":{"@id":"http:\/\/www.pharmacy4pets.nl\/#website"},"primaryImageOfPage":{"@id":"https:\/\/www.pharmacy4pets.nl\/sectolin-lijnzaadolie-1-liter#primaryimage"},"image":{"@id":"https:\/\/www.pharmacy4pets.nl\/sectolin-lijnzaadolie-1-liter#primaryimage"},"thumbnailUrl":"https:\/\/www.pharmacy4pets.nl\/wp-content\/uploads\/2023\/03\/25899.jpg","datePublished":"2023-03-10T12:18:39+00:00","dateModified":"2026-03-25T12:04:57+00:00","breadcrumb":{"@id":"https:\/\/www.pharmacy4pets.nl\/sectolin-lijnzaadolie-1-liter#breadcrumb"},"inLanguage":"nl-NL","potentialAction":[{"@type":"ReadAction","target":["https:\/\/www.pharmacy4pets.nl\/sectolin-lijnzaadolie-1-liter"]}]},{"@type":"ImageObject","inLanguage":"nl-NL","@id":"https:\/\/www.pharmacy4pets.nl\/sectolin-lijnzaadolie-1-liter#primaryimage","url":"https:\/\/www.pharmacy4pets.nl\/wp-content\/uploads\/2023\/03\/25899.jpg","contentUrl":"https:\/\/www.pharmacy4pets.nl\/wp-content\/uploads\/2023\/03\/25899.jpg","width":600,"height":600,"caption":"Sectolin"},{"@type":"BreadcrumbList","@id":"https:\/\/www.pharmacy4pets.nl\/sectolin-lijnzaadolie-1-liter#breadcrumb","itemListElement":[{"@type":"ListItem","position":1,"name":"Home","item":"https:\/\/p4p-nl.bootmine.com\/"},{"@type":"ListItem","position":2,"name":"Winkel","item":"https:\/\/p4p-nl.bootmine.com\/winkel"},{"@type":"ListItem","position":3,"name":"Sectolin Lijnzaadolie | 1 liter | EXP 19-05-2026"}]},{"@type":"WebSite","@id":"http:\/\/www.pharmacy4pets.nl\/#website","url":"http:\/\/www.pharmacy4pets.nl\/","name":"Pharmacy4pets","description":"Pharmacy4pets.nl is d\u00e9 online apotheek waar u terecht kunt voor alle diergeneesmiddelen, verzorgingsproducten en dieetvoeding voor uw huisdier.","publisher":{"@id":"http:\/\/www.pharmacy4pets.nl\/#organization"},"potentialAction":[{"@type":"SearchAction","target":{"@type":"EntryPoint","urlTemplate":"http:\/\/www.pharmacy4pets.nl\/?s={search_term_string}"},"query-input":{"@type":"PropertyValueSpecification","valueRequired":true,"valueName":"search_term_string"}}],"inLanguage":"nl-NL"},{"@type":"Organization","@id":"http:\/\/www.pharmacy4pets.nl\/#organization","name":"Pharmacy4pets","url":"http:\/\/www.pharmacy4pets.nl\/","logo":{"@type":"ImageObject","inLanguage":"nl-NL","@id":"http:\/\/www.pharmacy4pets.nl\/#\/schema\/logo\/image\/","url":"https:\/\/p4p-nl.bootmine.com\/wp-content\/uploads\/2026\/03\/logo-pharmacy4pets.png","contentUrl":"https:\/\/p4p-nl.bootmine.com\/wp-content\/uploads\/2026\/03\/logo-pharmacy4pets.png","width":1024,"height":135,"caption":"Pharmacy4pets"},"image":{"@id":"http:\/\/www.pharmacy4pets.nl\/#\/schema\/logo\/image\/"},"sameAs":["https:\/\/www.facebook.com\/people\/Pharmacy4petsnl\/100063484989896\/","https:\/\/www.youtube.com\/channel\/UCGPTIgucgli03tP2_kvLkHg\/featured","https:\/\/www.instagram.com\/pharmacy4pets.nl"]}]}},"market_data":{"nl":{"price":0,"sale_price":0,"active":false,"url":null,"parent_url":"","tax_rate":0,"price_inc_tax":0,"sale_price_inc_tax":0},"de":{"price":0,"sale_price":0,"active":false,"url":null,"parent_url":"","tax_rate":0,"price_inc_tax":0,"sale_price_inc_tax":0},"be":{"price":0,"sale_price":0,"active":false,"url":null,"parent_url":"","tax_rate":0,"price_inc_tax":0,"sale_price_inc_tax":0},"fr":{"price":0,"sale_price":0,"active":false,"url":null,"parent_url":"","tax_rate":0,"price_inc_tax":0,"sale_price_inc_tax":0},"ch":{"price":0,"sale_price":0,"active":false,"url":null,"parent_url":"","tax_rate":0,"price_inc_tax":0,"sale_price_inc_tax":0},"at":{"price":0,"sale_price":0,"active":false,"url":null,"parent_url":"","tax_rate":0,"price_inc_tax":0,"sale_price_inc_tax":0},"es":{"price":0,"sale_price":0,"active":false,"url":null,"parent_url":"","tax_rate":0,"price_inc_tax":0,"sale_price_inc_tax":0},"dk":{"price":0,"sale_price":0,"active":false,"url":null,"parent_url":"","tax_rate":0,"price_inc_tax":0,"sale_price_inc_tax":0},"com":{"price":0,"sale_price":0,"active":false,"url":null,"parent_url":"","tax_rate":0,"price_inc_tax":0,"sale_price_inc_tax":0}},"market_nl_price":0,"market_nl_sale_price":0,"market_nl_active":false,"market_nl_url":null,"market_nl_parent_url":"","market_nl_tax_rate":0,"market_nl_price_inc_tax":0,"market_nl_sale_price_inc_tax":0,"market_de_price":0,"market_de_sale_price":0,"market_de_active":false,"market_de_url":null,"market_de_parent_url":"","market_de_tax_rate":0,"market_de_price_inc_tax":0,"market_de_sale_price_inc_tax":0,"market_be_price":0,"market_be_sale_price":0,"market_be_active":false,"market_be_url":null,"market_be_parent_url":"","market_be_tax_rate":0,"market_be_price_inc_tax":0,"market_be_sale_price_inc_tax":0,"market_fr_price":0,"market_fr_sale_price":0,"market_fr_active":false,"market_fr_url":null,"market_fr_parent_url":"","market_fr_tax_rate":0,"market_fr_price_inc_tax":0,"market_fr_sale_price_inc_tax":0,"market_ch_price":0,"market_ch_sale_price":0,"market_ch_active":false,"market_ch_url":null,"market_ch_parent_url":"","market_ch_tax_rate":0,"market_ch_price_inc_tax":0,"market_ch_sale_price_inc_tax":0,"market_at_price":0,"market_at_sale_price":0,"market_at_active":false,"market_at_url":null,"market_at_parent_url":"","market_at_tax_rate":0,"market_at_price_inc_tax":0,"market_at_sale_price_inc_tax":0,"market_es_price":0,"market_es_sale_price":0,"market_es_active":false,"market_es_url":null,"market_es_parent_url":"","market_es_tax_rate":0,"market_es_price_inc_tax":0,"market_es_sale_price_inc_tax":0,"market_dk_price":0,"market_dk_sale_price":0,"market_dk_active":false,"market_dk_url":null,"market_dk_parent_url":"","market_dk_tax_rate":0,"market_dk_price_inc_tax":0,"market_dk_sale_price_inc_tax":0,"market_com_price":0,"market_com_sale_price":0,"market_com_active":false,"market_com_url":null,"market_com_parent_url":"","market_com_tax_rate":0,"market_com_price_inc_tax":0,"market_com_sale_price_inc_tax":0,"acf":[],"_links":{"self":[{"href":"https:\/\/www.pharmacy4pets.nl\/be\/wp-json\/wp\/v2\/product\/120174","targetHints":{"allow":["GET"]}}],"collection":[{"href":"https:\/\/www.pharmacy4pets.nl\/be\/wp-json\/wp\/v2\/product"}],"about":[{"href":"https:\/\/www.pharmacy4pets.nl\/be\/wp-json\/wp\/v2\/types\/product"}],"replies":[{"embeddable":true,"href":"https:\/\/www.pharmacy4pets.nl\/be\/wp-json\/wp\/v2\/comments?post=120174"}],"wp:featuredmedia":[{"embeddable":true,"href":"https:\/\/www.pharmacy4pets.nl\/be\/wp-json\/wp\/v2\/media\/120173"}],"wp:attachment":[{"href":"https:\/\/www.pharmacy4pets.nl\/be\/wp-json\/wp\/v2\/media?parent=120174"}],"wp:term":[{"taxonomy":"product_brand","embeddable":true,"href":"https:\/\/www.pharmacy4pets.nl\/be\/wp-json\/wp\/v2\/product_brand?post=120174"},{"taxonomy":"product_cat","embeddable":true,"href":"https:\/\/www.pharmacy4pets.nl\/be\/wp-json\/wp\/v2\/product_cat?post=120174"},{"taxonomy":"product_tag","embeddable":true,"href":"https:\/\/www.pharmacy4pets.nl\/be\/wp-json\/wp\/v2\/product_tag?post=120174"}],"curies":[{"name":"wp","href":"https:\/\/api.w.org\/{rel}","templated":true}]}}