{"id":120166,"date":"2023-03-10T12:18:38","date_gmt":"2023-03-10T12:18:38","guid":{"rendered":"https:\/\/p4p.test\/sectolin-hoof-sole-care-250-ml"},"modified":"2026-03-25T12:04:55","modified_gmt":"2026-03-25T12:04:55","slug":"sectolin-hoof-sole-care-250-ml","status":"publish","type":"product","link":"https:\/\/www.pharmacy4pets.nl\/be\/sectolin-hoof-sole-care-250-ml","title":{"rendered":"Sectolin Hoof &#038; Sole Care | 250 ml"},"content":{"rendered":"<p>Sectolin Hoof &amp; Sole Care is ter verzorging van hoeven en hoefzolen van paarden en andere hoefdieren. Ter ondersteuning van het herstellend vermogen van de straal en de weerstand tegen ongunstige bacteri\u00ebn. Gunstig voor de hoornstructuur.<\/p>\n<p>Voor elk gebruik goed schudden, plaats de gesloten verpakking eventueel in warm water om de gel vloeibaarder te maken en gemakkelijker te schudden. Loszittend hoorn van de hoef verwijderen en de gel gedurende 5 \u00e0 6 dagen ruimschoots aanbrengen. Indien gewenst gedurende enkele dagen de ontstane holten opvullen met een plukje watten of uitgeplozen henneptouw dat doordrenkt is met deze gel. Na het toepassen de handen met zeep wassen.<\/p>\n","protected":false},"excerpt":{"rendered":"<p>Sectolin Hoof &amp; Sole Care is ter verzorging van hoeven en hoefzolen van paarden en andere hoefdieren. Ter ondersteuning van het herstellend vermogen van de straal en de weerstand tegen ongunstige bacteri\u00ebn. Gunstig voor de hoornstructuur. Voor elk gebruik goed schudden, plaats de gesloten verpakking eventueel in warm water om de gel vloeibaarder te maken [&hellip;]<\/p>\n","protected":false},"featured_media":120165,"comment_status":"open","ping_status":"closed","template":"","meta":{"_acf_changed":false,"_nl_post_content":"<p>Sectolin Hoof &amp; Sole Care is ter verzorging van hoeven en hoefzolen van paarden en andere hoefdieren. Ter ondersteuning van het herstellend vermogen van de straal en de weerstand tegen ongunstige bacteri\u00ebn. Gunstig voor de hoornstructuur.<\/p>\r\n<p>Voor elk gebruik goed schudden, plaats de gesloten verpakking eventueel in warm water om de gel vloeibaarder te maken en gemakkelijker te schudden. Loszittend hoorn van de hoef verwijderen en de gel gedurende 5 \u00e0 6 dagen ruimschoots aanbrengen. Indien gewenst gedurende enkele dagen de ontstane holten opvullen met een plukje watten of uitgeplozen henneptouw dat doordrenkt is met deze gel. Na het toepassen de handen met zeep wassen.<\/p>","_nl_post_name":"sectolin-hoof-sole-care-250-ml","_nl_post_excerpt":"","_nl_post_title":"Sectolin Hoof & Sole Care | 250 ml","_en_post_content":"<p>Sectolin Hoof &amp; Sole Care is for the care of the hoof and sole of horses and other hoofed animals. To support the regenerative capacity of the frog and resistance against detrimental bacteria. Beneficial for the horn structure.<\/p>\n<p>Shake well each time before use. Put the closed packing in warm water to make the gel more liquid and easy to shake. Remove loose horn from the hoof and generously apply the gel for 5 to 6 days. If desired, fill the hollow for several days with a wad of cotton wool or unravelled hemp string saturated with this gel. Wash your hands with soap after application.<\/p>","_en_post_name":"sectolin-hoof-sole-care-250-ml","_en_post_excerpt":"","_en_post_title":"Sectolin Hoof & Sole Care | 250 ml","_de_post_content":"<p>Sectolin Hoof &amp; Sole Care ist zur Pflege des Hufes und der Hufsohle von Pferden und andere Huftiere. Zur Unterst\u00fctzung der Regenerationsf\u00e4higkeit des Strahlhorns und der Resistenz gegen ung\u00fcnstige Bakterien. Gut f\u00fcr die Hornstruktur.<\/p>\n<p>Vor jedem Gebrauch gut sch\u00fctteln. Falls erforderlich, den geschlossenen Beh\u00e4lter in warmes Wasser legen, damit das Gel fl\u00fcssiger und leichter zu sch\u00fctteln ist. Entfernen Sie loses Horn vom Huf und tragen Sie das Gel gro\u00dfz\u00fcgig f\u00fcr 5 bis 6 Tage auf. Die entstandenen Hohlr\u00e4ume k\u00f6nnen mit Watte oder Hanfflocken, die in dem Gel getaucht werden, gef\u00fcllt werden. Nach der Behandlung die H\u00e4nde mit Seife waschen.<\/p>","_de_post_name":"sectolin-hoof-sole-care-250-ml","_de_post_excerpt":"","_de_post_title":"Sectolin Hoof & Sole Care | 250 ml","_fr_post_content":"<p>Sectolin Hoof &amp; Sole Care est pour soigner les sabots et les soles des chevaux et des autres ongul\u00e9s. Soutient la capacit\u00e9 r\u00e9g\u00e9n\u00e9ratrice de la fourchette et la r\u00e9sistance contre les bact\u00e9ries d\u00e9favorables. Favorise la structure en corne.<\/p>\n<p>Bien agiter avant chaque utilisation, si n\u00e9cessaire placer le r\u00e9cipient ferm\u00e9 dans de l\u2019eau ti\u00e8de pour rendre le gel plus fluide et plus facile \u00e0 agiter. Retirez la corne d\u00e9tach\u00e9e du sabot et appliquez g\u00e9n\u00e9reusement le gel pendant 5 \u00e0 6 jours. Remplissez les orifices apparus, si n\u00e9cessaire, pendant quelques jours avec des morceaux d\u2019ouate ou de la corde de chanvre effiloch\u00e9e que vous aurez impr\u00e9gn\u00e9e de cette gel. Lavez-vous bien les mains avec du savon apr\u00e8s avoir appliqu\u00e9 le gel.<\/p>","_fr_post_name":"sectolin-hoof-sole-care-250-ml","_fr_post_excerpt":"","_fr_post_title":"Sectolin Hoof & Sole Care | 250 ml","_es_post_content":"<p>Sectolin Hoof &amp; Sole Care es para el cuidado de cascos y suelas de caballos y otros animales ungulados. Para apoyar la capacidad de curaci\u00f3n de la ranilla y la resistencia a las bacterias desfavorables. Beneficioso para la estructura del cuerno.<\/p>\n<p>Agitar bien antes de cada uso, posiblemente colocar el envase cerrado en agua tibia para que el gel sea m\u00e1s l\u00edquido y m\u00e1s f\u00e1cil de agitar. Retirar el cuerno suelto del casco y aplicar el gel abundantemente durante 5 \u00f3 6 d\u00edas. Si lo desea, durante varios d\u00edas, rellene las cavidades resultantes con un mech\u00f3n de algod\u00f3n o cuerda de c\u00e1\u00f1amo desplumada empapada en este gel. L\u00e1vese las manos con jab\u00f3n despu\u00e9s de la aplicaci\u00f3n.<\/p>","_es_post_name":"sectolin-hoof-sole-care-250-ml","_es_post_excerpt":"","_es_post_title":"Sectolin Hoof & Sole Care | 250 ml","edit_language":"nl"},"product_brand":[],"product_cat":[1820,1857,1809,2087,1822],"product_tag":[],"class_list":{"0":"post-120166","1":"product","2":"type-product","3":"status-publish","4":"has-post-thumbnail","6":"product_cat-benodigdheden","7":"product_cat-merken","8":"product_cat-paarden","9":"product_cat-sectolin","10":"product_cat-verzorging","11":"pa_aandoening-overig","12":"pa_doeldier-paard","13":"pa_fabricatieland-nederland","14":"pa_merkfilter-sectolin","15":"pa_merkgroep-sectolin","16":"pa_productsoort-overig","17":"pa_toedieningswijze-overig","18":"pa_unit_pricing_base_measure-100ml","19":"pa_unit_pricing_measure-250ml","20":"pa_werkzamestof-overig","22":"first","23":"instock","24":"taxable","25":"shipping-taxable","26":"purchasable","27":"product-type-simple"},"yoast_head":"<!-- This site is optimized with the Yoast SEO plugin v27.5 - https:\/\/yoast.com\/product\/yoast-seo-wordpress\/ -->\n<title>Sectolin Hoof &amp; Sole Care | 250 ml - Pharmacy4pets<\/title>\n<meta name=\"robots\" content=\"index, follow, max-snippet:-1, max-image-preview:large, max-video-preview:-1\" \/>\n<link rel=\"canonical\" href=\"https:\/\/www.pharmacy4pets.nl\/sectolin-hoof-sole-care-250-ml\" \/>\n<meta property=\"og:locale\" content=\"nl_NL\" \/>\n<meta property=\"og:type\" content=\"article\" \/>\n<meta property=\"og:title\" content=\"Sectolin Hoof &amp; Sole Care | 250 ml - Pharmacy4pets\" \/>\n<meta property=\"og:description\" content=\"Sectolin Hoof &amp; Sole Care is ter verzorging van hoeven en hoefzolen van paarden en andere hoefdieren. Ter ondersteuning van het herstellend vermogen van de straal en de weerstand tegen ongunstige bacteri\u00ebn. Gunstig voor de hoornstructuur. Voor elk gebruik goed schudden, plaats de gesloten verpakking eventueel in warm water om de gel vloeibaarder te maken [&hellip;]\" \/>\n<meta property=\"og:url\" content=\"https:\/\/www.pharmacy4pets.nl\/sectolin-hoof-sole-care-250-ml\" \/>\n<meta property=\"og:site_name\" content=\"Pharmacy4pets\" \/>\n<meta property=\"article:publisher\" content=\"https:\/\/www.facebook.com\/people\/Pharmacy4petsnl\/100063484989896\/\" \/>\n<meta property=\"article:modified_time\" content=\"2026-03-25T12:04:55+00:00\" \/>\n<meta property=\"og:image\" content=\"https:\/\/www.pharmacy4pets.nl\/wp-content\/uploads\/2023\/03\/25897.jpg\" \/>\n\t<meta property=\"og:image:width\" content=\"600\" \/>\n\t<meta property=\"og:image:height\" content=\"600\" \/>\n\t<meta property=\"og:image:type\" content=\"image\/jpeg\" \/>\n<meta name=\"twitter:card\" content=\"summary_large_image\" \/>\n<meta name=\"twitter:label1\" content=\"Geschatte leestijd\" \/>\n\t<meta name=\"twitter:data1\" content=\"1 minuut\" \/>\n<script type=\"application\/ld+json\" class=\"yoast-schema-graph\">{\"@context\":\"https:\\\/\\\/schema.org\",\"@graph\":[{\"@type\":\"WebPage\",\"@id\":\"https:\\\/\\\/www.pharmacy4pets.nl\\\/sectolin-hoof-sole-care-250-ml\",\"url\":\"https:\\\/\\\/www.pharmacy4pets.nl\\\/sectolin-hoof-sole-care-250-ml\",\"name\":\"Sectolin Hoof & Sole Care | 250 ml - Pharmacy4pets\",\"isPartOf\":{\"@id\":\"http:\\\/\\\/www.pharmacy4pets.nl\\\/#website\"},\"primaryImageOfPage\":{\"@id\":\"https:\\\/\\\/www.pharmacy4pets.nl\\\/sectolin-hoof-sole-care-250-ml#primaryimage\"},\"image\":{\"@id\":\"https:\\\/\\\/www.pharmacy4pets.nl\\\/sectolin-hoof-sole-care-250-ml#primaryimage\"},\"thumbnailUrl\":\"https:\\\/\\\/www.pharmacy4pets.nl\\\/wp-content\\\/uploads\\\/2023\\\/03\\\/25897.jpg\",\"datePublished\":\"2023-03-10T12:18:38+00:00\",\"dateModified\":\"2026-03-25T12:04:55+00:00\",\"breadcrumb\":{\"@id\":\"https:\\\/\\\/www.pharmacy4pets.nl\\\/sectolin-hoof-sole-care-250-ml#breadcrumb\"},\"inLanguage\":\"nl-NL\",\"potentialAction\":[{\"@type\":\"ReadAction\",\"target\":[\"https:\\\/\\\/www.pharmacy4pets.nl\\\/sectolin-hoof-sole-care-250-ml\"]}]},{\"@type\":\"ImageObject\",\"inLanguage\":\"nl-NL\",\"@id\":\"https:\\\/\\\/www.pharmacy4pets.nl\\\/sectolin-hoof-sole-care-250-ml#primaryimage\",\"url\":\"https:\\\/\\\/www.pharmacy4pets.nl\\\/wp-content\\\/uploads\\\/2023\\\/03\\\/25897.jpg\",\"contentUrl\":\"https:\\\/\\\/www.pharmacy4pets.nl\\\/wp-content\\\/uploads\\\/2023\\\/03\\\/25897.jpg\",\"width\":600,\"height\":600,\"caption\":\"Sectolin\"},{\"@type\":\"BreadcrumbList\",\"@id\":\"https:\\\/\\\/www.pharmacy4pets.nl\\\/sectolin-hoof-sole-care-250-ml#breadcrumb\",\"itemListElement\":[{\"@type\":\"ListItem\",\"position\":1,\"name\":\"Home\",\"item\":\"https:\\\/\\\/p4p-nl.bootmine.com\\\/\"},{\"@type\":\"ListItem\",\"position\":2,\"name\":\"Winkel\",\"item\":\"https:\\\/\\\/p4p-nl.bootmine.com\\\/winkel\"},{\"@type\":\"ListItem\",\"position\":3,\"name\":\"Sectolin Hoof &#038; Sole Care | 250 ml\"}]},{\"@type\":\"WebSite\",\"@id\":\"http:\\\/\\\/www.pharmacy4pets.nl\\\/#website\",\"url\":\"http:\\\/\\\/www.pharmacy4pets.nl\\\/\",\"name\":\"Pharmacy4pets\",\"description\":\"Pharmacy4pets.nl is d\u00e9 online apotheek waar u terecht kunt voor alle diergeneesmiddelen, verzorgingsproducten en dieetvoeding voor uw huisdier.\",\"publisher\":{\"@id\":\"http:\\\/\\\/www.pharmacy4pets.nl\\\/#organization\"},\"potentialAction\":[{\"@type\":\"SearchAction\",\"target\":{\"@type\":\"EntryPoint\",\"urlTemplate\":\"http:\\\/\\\/www.pharmacy4pets.nl\\\/?s={search_term_string}\"},\"query-input\":{\"@type\":\"PropertyValueSpecification\",\"valueRequired\":true,\"valueName\":\"search_term_string\"}}],\"inLanguage\":\"nl-NL\"},{\"@type\":\"Organization\",\"@id\":\"http:\\\/\\\/www.pharmacy4pets.nl\\\/#organization\",\"name\":\"Pharmacy4pets\",\"url\":\"http:\\\/\\\/www.pharmacy4pets.nl\\\/\",\"logo\":{\"@type\":\"ImageObject\",\"inLanguage\":\"nl-NL\",\"@id\":\"http:\\\/\\\/www.pharmacy4pets.nl\\\/#\\\/schema\\\/logo\\\/image\\\/\",\"url\":\"https:\\\/\\\/p4p-nl.bootmine.com\\\/wp-content\\\/uploads\\\/2026\\\/03\\\/logo-pharmacy4pets.png\",\"contentUrl\":\"https:\\\/\\\/p4p-nl.bootmine.com\\\/wp-content\\\/uploads\\\/2026\\\/03\\\/logo-pharmacy4pets.png\",\"width\":1024,\"height\":135,\"caption\":\"Pharmacy4pets\"},\"image\":{\"@id\":\"http:\\\/\\\/www.pharmacy4pets.nl\\\/#\\\/schema\\\/logo\\\/image\\\/\"},\"sameAs\":[\"https:\\\/\\\/www.facebook.com\\\/people\\\/Pharmacy4petsnl\\\/100063484989896\\\/\",\"https:\\\/\\\/www.youtube.com\\\/channel\\\/UCGPTIgucgli03tP2_kvLkHg\\\/featured\",\"https:\\\/\\\/www.instagram.com\\\/pharmacy4pets.nl\"]}]}<\/script>\n<!-- \/ Yoast SEO plugin. -->","yoast_head_json":{"title":"Sectolin Hoof & Sole Care | 250 ml - Pharmacy4pets","robots":{"index":"index","follow":"follow","max-snippet":"max-snippet:-1","max-image-preview":"max-image-preview:large","max-video-preview":"max-video-preview:-1"},"canonical":"https:\/\/www.pharmacy4pets.nl\/sectolin-hoof-sole-care-250-ml","og_locale":"nl_NL","og_type":"article","og_title":"Sectolin Hoof & Sole Care | 250 ml - Pharmacy4pets","og_description":"Sectolin Hoof &amp; Sole Care is ter verzorging van hoeven en hoefzolen van paarden en andere hoefdieren. Ter ondersteuning van het herstellend vermogen van de straal en de weerstand tegen ongunstige bacteri\u00ebn. Gunstig voor de hoornstructuur. Voor elk gebruik goed schudden, plaats de gesloten verpakking eventueel in warm water om de gel vloeibaarder te maken [&hellip;]","og_url":"https:\/\/www.pharmacy4pets.nl\/sectolin-hoof-sole-care-250-ml","og_site_name":"Pharmacy4pets","article_publisher":"https:\/\/www.facebook.com\/people\/Pharmacy4petsnl\/100063484989896\/","article_modified_time":"2026-03-25T12:04:55+00:00","og_image":[{"width":600,"height":600,"url":"https:\/\/www.pharmacy4pets.nl\/wp-content\/uploads\/2023\/03\/25897.jpg","type":"image\/jpeg"}],"twitter_card":"summary_large_image","twitter_misc":{"Geschatte leestijd":"1 minuut"},"schema":{"@context":"https:\/\/schema.org","@graph":[{"@type":"WebPage","@id":"https:\/\/www.pharmacy4pets.nl\/sectolin-hoof-sole-care-250-ml","url":"https:\/\/www.pharmacy4pets.nl\/sectolin-hoof-sole-care-250-ml","name":"Sectolin Hoof & Sole Care | 250 ml - Pharmacy4pets","isPartOf":{"@id":"http:\/\/www.pharmacy4pets.nl\/#website"},"primaryImageOfPage":{"@id":"https:\/\/www.pharmacy4pets.nl\/sectolin-hoof-sole-care-250-ml#primaryimage"},"image":{"@id":"https:\/\/www.pharmacy4pets.nl\/sectolin-hoof-sole-care-250-ml#primaryimage"},"thumbnailUrl":"https:\/\/www.pharmacy4pets.nl\/wp-content\/uploads\/2023\/03\/25897.jpg","datePublished":"2023-03-10T12:18:38+00:00","dateModified":"2026-03-25T12:04:55+00:00","breadcrumb":{"@id":"https:\/\/www.pharmacy4pets.nl\/sectolin-hoof-sole-care-250-ml#breadcrumb"},"inLanguage":"nl-NL","potentialAction":[{"@type":"ReadAction","target":["https:\/\/www.pharmacy4pets.nl\/sectolin-hoof-sole-care-250-ml"]}]},{"@type":"ImageObject","inLanguage":"nl-NL","@id":"https:\/\/www.pharmacy4pets.nl\/sectolin-hoof-sole-care-250-ml#primaryimage","url":"https:\/\/www.pharmacy4pets.nl\/wp-content\/uploads\/2023\/03\/25897.jpg","contentUrl":"https:\/\/www.pharmacy4pets.nl\/wp-content\/uploads\/2023\/03\/25897.jpg","width":600,"height":600,"caption":"Sectolin"},{"@type":"BreadcrumbList","@id":"https:\/\/www.pharmacy4pets.nl\/sectolin-hoof-sole-care-250-ml#breadcrumb","itemListElement":[{"@type":"ListItem","position":1,"name":"Home","item":"https:\/\/p4p-nl.bootmine.com\/"},{"@type":"ListItem","position":2,"name":"Winkel","item":"https:\/\/p4p-nl.bootmine.com\/winkel"},{"@type":"ListItem","position":3,"name":"Sectolin Hoof &#038; Sole Care | 250 ml"}]},{"@type":"WebSite","@id":"http:\/\/www.pharmacy4pets.nl\/#website","url":"http:\/\/www.pharmacy4pets.nl\/","name":"Pharmacy4pets","description":"Pharmacy4pets.nl is d\u00e9 online apotheek waar u terecht kunt voor alle diergeneesmiddelen, verzorgingsproducten en dieetvoeding voor uw huisdier.","publisher":{"@id":"http:\/\/www.pharmacy4pets.nl\/#organization"},"potentialAction":[{"@type":"SearchAction","target":{"@type":"EntryPoint","urlTemplate":"http:\/\/www.pharmacy4pets.nl\/?s={search_term_string}"},"query-input":{"@type":"PropertyValueSpecification","valueRequired":true,"valueName":"search_term_string"}}],"inLanguage":"nl-NL"},{"@type":"Organization","@id":"http:\/\/www.pharmacy4pets.nl\/#organization","name":"Pharmacy4pets","url":"http:\/\/www.pharmacy4pets.nl\/","logo":{"@type":"ImageObject","inLanguage":"nl-NL","@id":"http:\/\/www.pharmacy4pets.nl\/#\/schema\/logo\/image\/","url":"https:\/\/p4p-nl.bootmine.com\/wp-content\/uploads\/2026\/03\/logo-pharmacy4pets.png","contentUrl":"https:\/\/p4p-nl.bootmine.com\/wp-content\/uploads\/2026\/03\/logo-pharmacy4pets.png","width":1024,"height":135,"caption":"Pharmacy4pets"},"image":{"@id":"http:\/\/www.pharmacy4pets.nl\/#\/schema\/logo\/image\/"},"sameAs":["https:\/\/www.facebook.com\/people\/Pharmacy4petsnl\/100063484989896\/","https:\/\/www.youtube.com\/channel\/UCGPTIgucgli03tP2_kvLkHg\/featured","https:\/\/www.instagram.com\/pharmacy4pets.nl"]}]}},"market_data":{"nl":{"price":0,"sale_price":0,"active":false,"url":null,"parent_url":"","tax_rate":0,"price_inc_tax":0,"sale_price_inc_tax":0},"de":{"price":0,"sale_price":0,"active":false,"url":null,"parent_url":"","tax_rate":0,"price_inc_tax":0,"sale_price_inc_tax":0},"be":{"price":0,"sale_price":0,"active":false,"url":null,"parent_url":"","tax_rate":0,"price_inc_tax":0,"sale_price_inc_tax":0},"fr":{"price":0,"sale_price":0,"active":false,"url":null,"parent_url":"","tax_rate":0,"price_inc_tax":0,"sale_price_inc_tax":0},"ch":{"price":0,"sale_price":0,"active":false,"url":null,"parent_url":"","tax_rate":0,"price_inc_tax":0,"sale_price_inc_tax":0},"at":{"price":0,"sale_price":0,"active":false,"url":null,"parent_url":"","tax_rate":0,"price_inc_tax":0,"sale_price_inc_tax":0},"es":{"price":0,"sale_price":0,"active":false,"url":null,"parent_url":"","tax_rate":0,"price_inc_tax":0,"sale_price_inc_tax":0},"dk":{"price":0,"sale_price":0,"active":false,"url":null,"parent_url":"","tax_rate":0,"price_inc_tax":0,"sale_price_inc_tax":0},"com":{"price":0,"sale_price":0,"active":false,"url":null,"parent_url":"","tax_rate":0,"price_inc_tax":0,"sale_price_inc_tax":0}},"market_nl_price":0,"market_nl_sale_price":0,"market_nl_active":false,"market_nl_url":null,"market_nl_parent_url":"","market_nl_tax_rate":0,"market_nl_price_inc_tax":0,"market_nl_sale_price_inc_tax":0,"market_de_price":0,"market_de_sale_price":0,"market_de_active":false,"market_de_url":null,"market_de_parent_url":"","market_de_tax_rate":0,"market_de_price_inc_tax":0,"market_de_sale_price_inc_tax":0,"market_be_price":0,"market_be_sale_price":0,"market_be_active":false,"market_be_url":null,"market_be_parent_url":"","market_be_tax_rate":0,"market_be_price_inc_tax":0,"market_be_sale_price_inc_tax":0,"market_fr_price":0,"market_fr_sale_price":0,"market_fr_active":false,"market_fr_url":null,"market_fr_parent_url":"","market_fr_tax_rate":0,"market_fr_price_inc_tax":0,"market_fr_sale_price_inc_tax":0,"market_ch_price":0,"market_ch_sale_price":0,"market_ch_active":false,"market_ch_url":null,"market_ch_parent_url":"","market_ch_tax_rate":0,"market_ch_price_inc_tax":0,"market_ch_sale_price_inc_tax":0,"market_at_price":0,"market_at_sale_price":0,"market_at_active":false,"market_at_url":null,"market_at_parent_url":"","market_at_tax_rate":0,"market_at_price_inc_tax":0,"market_at_sale_price_inc_tax":0,"market_es_price":0,"market_es_sale_price":0,"market_es_active":false,"market_es_url":null,"market_es_parent_url":"","market_es_tax_rate":0,"market_es_price_inc_tax":0,"market_es_sale_price_inc_tax":0,"market_dk_price":0,"market_dk_sale_price":0,"market_dk_active":false,"market_dk_url":null,"market_dk_parent_url":"","market_dk_tax_rate":0,"market_dk_price_inc_tax":0,"market_dk_sale_price_inc_tax":0,"market_com_price":0,"market_com_sale_price":0,"market_com_active":false,"market_com_url":null,"market_com_parent_url":"","market_com_tax_rate":0,"market_com_price_inc_tax":0,"market_com_sale_price_inc_tax":0,"acf":[],"_links":{"self":[{"href":"https:\/\/www.pharmacy4pets.nl\/be\/wp-json\/wp\/v2\/product\/120166","targetHints":{"allow":["GET"]}}],"collection":[{"href":"https:\/\/www.pharmacy4pets.nl\/be\/wp-json\/wp\/v2\/product"}],"about":[{"href":"https:\/\/www.pharmacy4pets.nl\/be\/wp-json\/wp\/v2\/types\/product"}],"replies":[{"embeddable":true,"href":"https:\/\/www.pharmacy4pets.nl\/be\/wp-json\/wp\/v2\/comments?post=120166"}],"wp:featuredmedia":[{"embeddable":true,"href":"https:\/\/www.pharmacy4pets.nl\/be\/wp-json\/wp\/v2\/media\/120165"}],"wp:attachment":[{"href":"https:\/\/www.pharmacy4pets.nl\/be\/wp-json\/wp\/v2\/media?parent=120166"}],"wp:term":[{"taxonomy":"product_brand","embeddable":true,"href":"https:\/\/www.pharmacy4pets.nl\/be\/wp-json\/wp\/v2\/product_brand?post=120166"},{"taxonomy":"product_cat","embeddable":true,"href":"https:\/\/www.pharmacy4pets.nl\/be\/wp-json\/wp\/v2\/product_cat?post=120166"},{"taxonomy":"product_tag","embeddable":true,"href":"https:\/\/www.pharmacy4pets.nl\/be\/wp-json\/wp\/v2\/product_tag?post=120166"}],"curies":[{"name":"wp","href":"https:\/\/api.w.org\/{rel}","templated":true}]}}