{"id":120164,"date":"2023-03-10T12:18:37","date_gmt":"2023-03-10T12:18:37","guid":{"rendered":"https:\/\/p4p.test\/sectolin-glucosamine-chondroitine-msm-1-kg"},"modified":"2026-03-25T12:04:54","modified_gmt":"2026-03-25T12:04:54","slug":"sectolin-glucosamine-chondroitine-msm-1-kg","status":"publish","type":"product","link":"https:\/\/www.pharmacy4pets.nl\/be\/sectolin-glucosamine-chondroitine-msm-1-kg","title":{"rendered":"Sectolin Glucosamine, Chondro\u00eftine &#038; MSM | 1 kg"},"content":{"rendered":"<p>Sectolin Glucosamine, Chondro\u00eftine &amp; MSM is een glucosamine complex wat nutritionele ondersteuning geeft aan gewrichten en spieren bij paarden. Dit aanvullend diervoeder is geschikt voor paarden met regulier\/intensief werk of ter ondersteuning van oudere paarden.\u00a0<\/p>\n<p>Gebruiksaanwijzing (voederadvies):<br \/> Onderhoud = 10 g \/ dag <br \/> Hoge dosering = 30 g \/ dag<\/p>\n<p>Een maatschepje = ca. 10 g.<br \/> Een emmer van 1 kg is bij een dagelijkse dosering van 10 g voldoende voor ca. 100 dagen.<\/p>\n<p>Bewaren:<br \/> Hersluit met deksel. Op een droge plaats bij kamertemperatuur bewaren. Buiten bereik van kinderen houden.<\/p>\n<p>Samenstelling:<br \/>Dextrose, Calciumcarbonaat, Glucosamine 10%, Magnesiumoxide, Chondroitin sulfaat 5%, Methyl sulphonyl methaan 5%.<\/p>\n<p>Analytische bestanddelen per kg:<br \/> Ruw eiwit 2,3%<br \/> Calcium 120 g<br \/> Magnesium 43 g<br \/> Ruwe as 37,2%<\/p>\n<p>Nutritionele toevoegingsmiddelen per kg:<br \/> Ascorbinezuur (3a300) (Vitamine C) 73 333 mg<\/p>\n<p>Voor gebruik tijdens dracht altijd overleggen met de dierenarts.<\/p>\n","protected":false},"excerpt":{"rendered":"<p>Sectolin Glucosamine, Chondro\u00eftine &amp; MSM is een glucosamine complex wat nutritionele ondersteuning geeft aan gewrichten en spieren bij paarden. Dit aanvullend diervoeder is geschikt voor paarden met regulier\/intensief werk of ter ondersteuning van oudere paarden.\u00a0 Gebruiksaanwijzing (voederadvies): Onderhoud = 10 g \/ dag Hoge dosering = 30 g \/ dag Een maatschepje = ca. 10 [&hellip;]<\/p>\n","protected":false},"featured_media":120163,"comment_status":"open","ping_status":"closed","template":"","meta":{"_acf_changed":false,"_nl_post_content":"<p>Sectolin Glucosamine, Chondro\u00eftine &amp; MSM is een glucosamine complex wat nutritionele ondersteuning geeft aan gewrichten en spieren bij paarden. Dit aanvullend diervoeder is geschikt voor paarden met regulier\/intensief werk of ter ondersteuning van oudere paarden.\u00a0<\/p>\r\n<p>Gebruiksaanwijzing (voederadvies):<br \/> Onderhoud = 10 g \/ dag <br \/> Hoge dosering = 30 g \/ dag<\/p>\r\n<p>Een maatschepje = ca. 10 g.<br \/> Een emmer van 1 kg is bij een dagelijkse dosering van 10 g voldoende voor ca. 100 dagen.<\/p>\r\n<p>Bewaren:<br \/> Hersluit met deksel. Op een droge plaats bij kamertemperatuur bewaren. Buiten bereik van kinderen houden.<\/p>\r\n<p>Samenstelling:<br \/>Dextrose, Calciumcarbonaat, Glucosamine 10%, Magnesiumoxide, Chondroitin sulfaat 5%, Methyl sulphonyl methaan 5%.<\/p>\r\n<p>Analytische bestanddelen per kg:<br \/> Ruw eiwit 2,3%<br \/> Calcium 120 g<br \/> Magnesium 43 g<br \/> Ruwe as 37,2%<\/p>\r\n<p>Nutritionele toevoegingsmiddelen per kg:<br \/> Ascorbinezuur (3a300) (Vitamine C) 73 333 mg<\/p>\r\n<p>Voor gebruik tijdens dracht altijd overleggen met de dierenarts.<\/p>","_nl_post_name":"sectolin-glucosamine-chondroitine-msm-1-kg","_nl_post_excerpt":"","_nl_post_title":"Sectolin Glucosamine, Chondro\u00eftine & MSM | 1 kg","_en_post_content":"<p>Sectolin Glucosamine, Chondroitin &amp; MSM is a glucosamine complex that provides nutritional support for joints and muscles in horses. This supplementary feed is suitable for horses with regular\/intensive work or to support older horses.<\/p>\n<p>Instructions for use (feeding advice):<br \/>Maintenance = 10 g \/ day<br \/>High dose = 30 g \/ day<\/p>\n<p>One measuring spoon = approx. 10 g.<br \/>A 1 kg bucket is sufficient for approx. 100 days at a daily dosage of 10 g.<\/p>\n<p>Storage:<br \/>Reseal with lid. Store in a dry place at room temperature. Keep out of reach of children.<\/p>\n<p>Composition:<br \/>Dextrose, Calcium carbonate, Glucosamine 10%, Magnesium oxide, Chondroitin sulphate 5%, Methyl sulphonyl methane 5%.<\/p>\n<p>Analytical constituents per kg:<br \/>Crude protein 2.3%.<br \/>Calcium 120 g<br \/>Magnesium 43 g<br \/>Crude ash 37.2%.<\/p>\n<p>Nutritional additives per kg:<br \/>Ascorbic acid (3a300) (Vitamin C) 73 333 mg<\/p>\n<p>For use during pregnancy, always consult your vet.<\/p>","_en_post_name":"sectolin-glucosamine-chondroitine-msm-1-kg","_en_post_excerpt":"","_en_post_title":"Sectolin Glucosamine, Chondroitin & MSM | 1 kg","_de_post_content":"<p>Sectolin Glucosamin, Chondroitin &amp; MSM ist ein Glucosamin-Komplex, der die Gelenke und Muskeln von Pferden ern\u00e4hrungsphysiologisch unterst\u00fctzt. Dieses Erg\u00e4nzungsfuttermittel eignet sich f\u00fcr Pferde mit regelm\u00e4\u00dfiger\/intensiver Arbeit oder zur Unterst\u00fctzung \u00e4lterer Pferde.\u00a0<\/p>\n<p>Gebrauchsanweisung (F\u00fctterungsempfehlung):<br \/>Erhaltung = 10 g \/ Tag<br \/>Hochdosierung = 30 g \/ Tag<\/p>\n<p>Ein Messl\u00f6ffel = ca. 10 g.<br \/>Ein 1 kg-Eimer reicht f\u00fcr ca. 100 Tage bei einer t\u00e4glichen Dosierung von 10 g.<\/p>\n<p>Lagerung:<br \/>Mit Deckel wieder verschlie\u00dfen. Trocken und bei Raumtemperatur lagern. Au\u00dferhalb der Reichweite von Kindern aufbewahren.<\/p>\n<p>Komposition:<br \/>Dextrose, Calciumcarbonat, Glucosamin 10%, Magnesiumoxid, Chondroitinsulfat 5%, Methylsulfonylmethan 5%.<\/p>\n<p>Analytische Bestandteile pro kg:<br \/>Rohprotein 2,3%.<br \/>Kalzium 120 g<br \/>Magnesium 43 g<br \/>Rohe Asche 37,2%.<\/p>\n<p>Ern\u00e4hrungsphysiologische Zusatzstoffe je kg:<br \/>Ascorbins\u00e4ure (3a300) (Vitamin C) 73 333 mg<\/p>\n<p>Bei Verwendung w\u00e4hrend der Schwangerschaft immer den Tierarzt konsultieren.<\/p>","_de_post_name":"sectolin-glucosamine-chondroitine-msm-1-kg","_de_post_excerpt":"","_de_post_title":"Sectolin Glucosamin, Chondroitin & MSM | 1 kg","_fr_post_content":"<p>Sectolin Glucosamine, Chondro\u00eftine &amp; MSM est un complexe de glucosamine qui apporte un soutien nutritionnel aux articulations et aux muscles des chevaux. Cet aliment compl\u00e9mentaire convient aux chevaux soumis \u00e0 un travail r\u00e9gulier\/intensif ou aux chevaux \u00e2g\u00e9s.\u00a0<\/p>\n<p>Mode d'emploi (conseils d'alimentation) :<br \/>Entretien = 10 g \/ jour<br \/>Dosage \u00e9lev\u00e9 = 30 g \/ jour<\/p>\n<p>Une cuill\u00e8re de mesure = environ 10 g.<br \/>Un seau de 1 kg suffit pour environ 100 jours \u00e0 raison de 10 g par jour.<\/p>\n<p>Stockage :<br \/>Refermer le couvercle. Conserver dans un endroit sec \u00e0 temp\u00e9rature ambiante. Tenir hors de port\u00e9e des enfants.<\/p>\n<p>Composition :<br \/>Dextrose, carbonate de calcium, glucosamine 10%, oxyde de magn\u00e9sium, sulfate de chondro\u00eftine 5%, m\u00e9thyl sulfonyl m\u00e9thane 5%.<\/p>\n<p>Composants analytiques par kg :<br \/>Prot\u00e9ine brute 2,3%.<br \/>Calcium 120 g<br \/>Magn\u00e9sium 43 g<br \/>Cendres brutes 37,2%.<\/p>\n<p>Additifs nutritionnels par kg :<br \/>Acide ascorbique (3a300) (vitamine C) 73 333 mg<\/p>\n<p>Pour l'utilisation pendant la grossesse, consultez toujours votre v\u00e9t\u00e9rinaire.<\/p>","_fr_post_name":"sectolin-glucosamine-chondroitine-msm-1-kg","_fr_post_excerpt":"","_fr_post_title":"Sectolin Glucosamine, Chondro\u00eftine & MSM | 1 kg","_es_post_content":"<p>Sectolin Glucosamina, Condroitina y MSM es un complejo de glucosamina que proporciona apoyo nutricional a las articulaciones y los m\u00fasculos de los caballos. Este alimento complementario es adecuado para caballos con trabajo regular\/intensivo o para apoyar a caballos de edad avanzada.<\/p>\n<p>Instrucciones de uso (consejos de alimentaci\u00f3n):<br \/>Mantenimiento = 10 g \/ d\u00eda <br \/>Dosis alta = 30 g \/ d\u00eda<\/p>\n<p>Una cuchara dosificadora = aprox. 10 g.<br \/>Un cubo de 1 kg es suficiente para aprox. 100 d\u00edas con una dosis diaria de 10 g.<\/p>\n<p>Conservaci\u00f3n:<br \/>Volver a cerrar con tapa. Almacenar en un lugar seco a temperatura ambiente. Mantener fuera del alcance de los ni\u00f1os.<\/p>\n<p>Composici\u00f3n:<br \/>Dextrosa, Carbonato c\u00e1lcico, Glucosamina 10%, \u00d3xido de magnesio, Condroit\u00edn sulfato 5%, Metil sulfonil metano 5%.<\/p>\n<p>Constituyentes anal\u00edticos por kg:<br \/>Prote\u00edna bruta 2,3%.<br \/>Calcio 120 g<br \/>Magnesio 43 g<br \/>Ceniza bruta 37,2%.<\/p>\n<p>Aditivos nutricionales por kg:<br \/>\u00c1cido asc\u00f3rbico (3a300) (Vitamina C) 73 333 mg<\/p>\n<p>Para su uso durante el embarazo, consulte siempre a su veterinario.<\/p>","_es_post_name":"sectolin-glucosamine-chondroitine-msm-1-kg","_es_post_excerpt":"","_es_post_title":"Sectolin Glucosamina, Condroitina y MSM | 1 kg","edit_language":"nl"},"product_brand":[],"product_cat":[1812,1811,1857,1809,2087],"product_tag":[],"class_list":{"0":"post-120164","1":"product","2":"type-product","3":"status-publish","4":"has-post-thumbnail","6":"product_cat-gewrichten-spieren","7":"product_cat-medicijnen-supplementen","8":"product_cat-merken","9":"product_cat-paarden","10":"product_cat-sectolin","11":"pa_aandoening-overig","12":"pa_doeldier-paard","13":"pa_fabricatieland-nederland","14":"pa_merkfilter-sectolin","15":"pa_merkgroep-sectolin","16":"pa_productsoort-voedingssupplement","17":"pa_toedieningswijze-overig","18":"pa_unit_pricing_base_measure-1kg","19":"pa_unit_pricing_measure-1kg","20":"pa_werkzamestof-overig","22":"first","23":"instock","24":"taxable","25":"shipping-taxable","26":"purchasable","27":"product-type-simple"},"yoast_head":"<!-- This site is optimized with the Yoast SEO plugin v27.5 - https:\/\/yoast.com\/product\/yoast-seo-wordpress\/ -->\n<title>Sectolin Glucosamine, Chondro\u00eftine &amp; MSM | 1 kg - Pharmacy4pets<\/title>\n<meta name=\"robots\" content=\"index, follow, max-snippet:-1, max-image-preview:large, max-video-preview:-1\" \/>\n<link rel=\"canonical\" href=\"https:\/\/p4p-nl.bootmine.com\/%product-slug%\/sectolin-glucosamine-chondroitine-msm-1-kg\" \/>\n<meta property=\"og:locale\" content=\"nl_NL\" \/>\n<meta property=\"og:type\" content=\"article\" \/>\n<meta property=\"og:title\" content=\"Sectolin Glucosamine, Chondro\u00eftine &amp; MSM | 1 kg - Pharmacy4pets\" \/>\n<meta property=\"og:description\" content=\"Sectolin Glucosamine, Chondro\u00eftine &amp; MSM is een glucosamine complex wat nutritionele ondersteuning geeft aan gewrichten en spieren bij paarden. Dit aanvullend diervoeder is geschikt voor paarden met regulier\/intensief werk of ter ondersteuning van oudere paarden.\u00a0 Gebruiksaanwijzing (voederadvies): Onderhoud = 10 g \/ dag Hoge dosering = 30 g \/ dag Een maatschepje = ca. 10 [&hellip;]\" \/>\n<meta property=\"og:url\" content=\"https:\/\/p4p-nl.bootmine.com\/%product-slug%\/sectolin-glucosamine-chondroitine-msm-1-kg\" \/>\n<meta property=\"og:site_name\" content=\"Pharmacy4pets\" \/>\n<meta property=\"article:publisher\" content=\"https:\/\/www.facebook.com\/people\/Pharmacy4petsnl\/100063484989896\/\" \/>\n<meta property=\"article:modified_time\" content=\"2026-03-25T12:04:54+00:00\" \/>\n<meta property=\"og:image\" content=\"https:\/\/p4p-nl.bootmine.com\/wp-content\/uploads\/2023\/03\/25896.jpg\" \/>\n\t<meta property=\"og:image:width\" content=\"600\" \/>\n\t<meta property=\"og:image:height\" content=\"600\" \/>\n\t<meta property=\"og:image:type\" content=\"image\/jpeg\" \/>\n<meta name=\"twitter:card\" content=\"summary_large_image\" \/>\n<meta name=\"twitter:label1\" content=\"Geschatte leestijd\" \/>\n\t<meta name=\"twitter:data1\" content=\"1 minuut\" \/>\n<script type=\"application\/ld+json\" class=\"yoast-schema-graph\">{\"@context\":\"https:\\\/\\\/schema.org\",\"@graph\":[{\"@type\":\"WebPage\",\"@id\":\"https:\\\/\\\/p4p-nl.bootmine.com\\\/%product-slug%\\\/sectolin-glucosamine-chondroitine-msm-1-kg\",\"url\":\"https:\\\/\\\/p4p-nl.bootmine.com\\\/%product-slug%\\\/sectolin-glucosamine-chondroitine-msm-1-kg\",\"name\":\"Sectolin Glucosamine, Chondro\u00eftine & MSM | 1 kg - Pharmacy4pets\",\"isPartOf\":{\"@id\":\"http:\\\/\\\/www.pharmacy4pets.nl\\\/#website\"},\"primaryImageOfPage\":{\"@id\":\"https:\\\/\\\/p4p-nl.bootmine.com\\\/%product-slug%\\\/sectolin-glucosamine-chondroitine-msm-1-kg#primaryimage\"},\"image\":{\"@id\":\"https:\\\/\\\/p4p-nl.bootmine.com\\\/%product-slug%\\\/sectolin-glucosamine-chondroitine-msm-1-kg#primaryimage\"},\"thumbnailUrl\":\"https:\\\/\\\/www.pharmacy4pets.nl\\\/wp-content\\\/uploads\\\/2023\\\/03\\\/25896.jpg\",\"datePublished\":\"2023-03-10T12:18:37+00:00\",\"dateModified\":\"2026-03-25T12:04:54+00:00\",\"breadcrumb\":{\"@id\":\"https:\\\/\\\/p4p-nl.bootmine.com\\\/%product-slug%\\\/sectolin-glucosamine-chondroitine-msm-1-kg#breadcrumb\"},\"inLanguage\":\"nl-NL\",\"potentialAction\":[{\"@type\":\"ReadAction\",\"target\":[\"https:\\\/\\\/p4p-nl.bootmine.com\\\/%product-slug%\\\/sectolin-glucosamine-chondroitine-msm-1-kg\"]}]},{\"@type\":\"ImageObject\",\"inLanguage\":\"nl-NL\",\"@id\":\"https:\\\/\\\/p4p-nl.bootmine.com\\\/%product-slug%\\\/sectolin-glucosamine-chondroitine-msm-1-kg#primaryimage\",\"url\":\"https:\\\/\\\/www.pharmacy4pets.nl\\\/wp-content\\\/uploads\\\/2023\\\/03\\\/25896.jpg\",\"contentUrl\":\"https:\\\/\\\/www.pharmacy4pets.nl\\\/wp-content\\\/uploads\\\/2023\\\/03\\\/25896.jpg\",\"width\":600,\"height\":600,\"caption\":\"Sectolin\"},{\"@type\":\"BreadcrumbList\",\"@id\":\"https:\\\/\\\/p4p-nl.bootmine.com\\\/%product-slug%\\\/sectolin-glucosamine-chondroitine-msm-1-kg#breadcrumb\",\"itemListElement\":[{\"@type\":\"ListItem\",\"position\":1,\"name\":\"Home\",\"item\":\"https:\\\/\\\/p4p-nl.bootmine.com\\\/\"},{\"@type\":\"ListItem\",\"position\":2,\"name\":\"Winkel\",\"item\":\"https:\\\/\\\/p4p-nl.bootmine.com\\\/winkel\"},{\"@type\":\"ListItem\",\"position\":3,\"name\":\"Sectolin Glucosamine, Chondro\u00eftine &#038; MSM | 1 kg\"}]},{\"@type\":\"WebSite\",\"@id\":\"http:\\\/\\\/www.pharmacy4pets.nl\\\/#website\",\"url\":\"http:\\\/\\\/www.pharmacy4pets.nl\\\/\",\"name\":\"Pharmacy4pets\",\"description\":\"Pharmacy4pets.nl is d\u00e9 online apotheek waar u terecht kunt voor alle diergeneesmiddelen, verzorgingsproducten en dieetvoeding voor uw huisdier.\",\"publisher\":{\"@id\":\"http:\\\/\\\/www.pharmacy4pets.nl\\\/#organization\"},\"potentialAction\":[{\"@type\":\"SearchAction\",\"target\":{\"@type\":\"EntryPoint\",\"urlTemplate\":\"http:\\\/\\\/www.pharmacy4pets.nl\\\/?s={search_term_string}\"},\"query-input\":{\"@type\":\"PropertyValueSpecification\",\"valueRequired\":true,\"valueName\":\"search_term_string\"}}],\"inLanguage\":\"nl-NL\"},{\"@type\":\"Organization\",\"@id\":\"http:\\\/\\\/www.pharmacy4pets.nl\\\/#organization\",\"name\":\"Pharmacy4pets\",\"url\":\"http:\\\/\\\/www.pharmacy4pets.nl\\\/\",\"logo\":{\"@type\":\"ImageObject\",\"inLanguage\":\"nl-NL\",\"@id\":\"http:\\\/\\\/www.pharmacy4pets.nl\\\/#\\\/schema\\\/logo\\\/image\\\/\",\"url\":\"https:\\\/\\\/p4p-nl.bootmine.com\\\/wp-content\\\/uploads\\\/2026\\\/03\\\/logo-pharmacy4pets.png\",\"contentUrl\":\"https:\\\/\\\/p4p-nl.bootmine.com\\\/wp-content\\\/uploads\\\/2026\\\/03\\\/logo-pharmacy4pets.png\",\"width\":1024,\"height\":135,\"caption\":\"Pharmacy4pets\"},\"image\":{\"@id\":\"http:\\\/\\\/www.pharmacy4pets.nl\\\/#\\\/schema\\\/logo\\\/image\\\/\"},\"sameAs\":[\"https:\\\/\\\/www.facebook.com\\\/people\\\/Pharmacy4petsnl\\\/100063484989896\\\/\",\"https:\\\/\\\/www.youtube.com\\\/channel\\\/UCGPTIgucgli03tP2_kvLkHg\\\/featured\",\"https:\\\/\\\/www.instagram.com\\\/pharmacy4pets.nl\"]}]}<\/script>\n<!-- \/ Yoast SEO plugin. -->","yoast_head_json":{"title":"Sectolin Glucosamine, Chondro\u00eftine & MSM | 1 kg - Pharmacy4pets","robots":{"index":"index","follow":"follow","max-snippet":"max-snippet:-1","max-image-preview":"max-image-preview:large","max-video-preview":"max-video-preview:-1"},"canonical":"https:\/\/p4p-nl.bootmine.com\/%product-slug%\/sectolin-glucosamine-chondroitine-msm-1-kg","og_locale":"nl_NL","og_type":"article","og_title":"Sectolin Glucosamine, Chondro\u00eftine & MSM | 1 kg - Pharmacy4pets","og_description":"Sectolin Glucosamine, Chondro\u00eftine &amp; MSM is een glucosamine complex wat nutritionele ondersteuning geeft aan gewrichten en spieren bij paarden. Dit aanvullend diervoeder is geschikt voor paarden met regulier\/intensief werk of ter ondersteuning van oudere paarden.\u00a0 Gebruiksaanwijzing (voederadvies): Onderhoud = 10 g \/ dag Hoge dosering = 30 g \/ dag Een maatschepje = ca. 10 [&hellip;]","og_url":"https:\/\/p4p-nl.bootmine.com\/%product-slug%\/sectolin-glucosamine-chondroitine-msm-1-kg","og_site_name":"Pharmacy4pets","article_publisher":"https:\/\/www.facebook.com\/people\/Pharmacy4petsnl\/100063484989896\/","article_modified_time":"2026-03-25T12:04:54+00:00","og_image":[{"width":600,"height":600,"url":"https:\/\/p4p-nl.bootmine.com\/wp-content\/uploads\/2023\/03\/25896.jpg","type":"image\/jpeg"}],"twitter_card":"summary_large_image","twitter_misc":{"Geschatte leestijd":"1 minuut"},"schema":{"@context":"https:\/\/schema.org","@graph":[{"@type":"WebPage","@id":"https:\/\/p4p-nl.bootmine.com\/%product-slug%\/sectolin-glucosamine-chondroitine-msm-1-kg","url":"https:\/\/p4p-nl.bootmine.com\/%product-slug%\/sectolin-glucosamine-chondroitine-msm-1-kg","name":"Sectolin Glucosamine, Chondro\u00eftine & MSM | 1 kg - Pharmacy4pets","isPartOf":{"@id":"http:\/\/www.pharmacy4pets.nl\/#website"},"primaryImageOfPage":{"@id":"https:\/\/p4p-nl.bootmine.com\/%product-slug%\/sectolin-glucosamine-chondroitine-msm-1-kg#primaryimage"},"image":{"@id":"https:\/\/p4p-nl.bootmine.com\/%product-slug%\/sectolin-glucosamine-chondroitine-msm-1-kg#primaryimage"},"thumbnailUrl":"https:\/\/www.pharmacy4pets.nl\/wp-content\/uploads\/2023\/03\/25896.jpg","datePublished":"2023-03-10T12:18:37+00:00","dateModified":"2026-03-25T12:04:54+00:00","breadcrumb":{"@id":"https:\/\/p4p-nl.bootmine.com\/%product-slug%\/sectolin-glucosamine-chondroitine-msm-1-kg#breadcrumb"},"inLanguage":"nl-NL","potentialAction":[{"@type":"ReadAction","target":["https:\/\/p4p-nl.bootmine.com\/%product-slug%\/sectolin-glucosamine-chondroitine-msm-1-kg"]}]},{"@type":"ImageObject","inLanguage":"nl-NL","@id":"https:\/\/p4p-nl.bootmine.com\/%product-slug%\/sectolin-glucosamine-chondroitine-msm-1-kg#primaryimage","url":"https:\/\/www.pharmacy4pets.nl\/wp-content\/uploads\/2023\/03\/25896.jpg","contentUrl":"https:\/\/www.pharmacy4pets.nl\/wp-content\/uploads\/2023\/03\/25896.jpg","width":600,"height":600,"caption":"Sectolin"},{"@type":"BreadcrumbList","@id":"https:\/\/p4p-nl.bootmine.com\/%product-slug%\/sectolin-glucosamine-chondroitine-msm-1-kg#breadcrumb","itemListElement":[{"@type":"ListItem","position":1,"name":"Home","item":"https:\/\/p4p-nl.bootmine.com\/"},{"@type":"ListItem","position":2,"name":"Winkel","item":"https:\/\/p4p-nl.bootmine.com\/winkel"},{"@type":"ListItem","position":3,"name":"Sectolin Glucosamine, Chondro\u00eftine &#038; MSM | 1 kg"}]},{"@type":"WebSite","@id":"http:\/\/www.pharmacy4pets.nl\/#website","url":"http:\/\/www.pharmacy4pets.nl\/","name":"Pharmacy4pets","description":"Pharmacy4pets.nl is d\u00e9 online apotheek waar u terecht kunt voor alle diergeneesmiddelen, verzorgingsproducten en dieetvoeding voor uw huisdier.","publisher":{"@id":"http:\/\/www.pharmacy4pets.nl\/#organization"},"potentialAction":[{"@type":"SearchAction","target":{"@type":"EntryPoint","urlTemplate":"http:\/\/www.pharmacy4pets.nl\/?s={search_term_string}"},"query-input":{"@type":"PropertyValueSpecification","valueRequired":true,"valueName":"search_term_string"}}],"inLanguage":"nl-NL"},{"@type":"Organization","@id":"http:\/\/www.pharmacy4pets.nl\/#organization","name":"Pharmacy4pets","url":"http:\/\/www.pharmacy4pets.nl\/","logo":{"@type":"ImageObject","inLanguage":"nl-NL","@id":"http:\/\/www.pharmacy4pets.nl\/#\/schema\/logo\/image\/","url":"https:\/\/p4p-nl.bootmine.com\/wp-content\/uploads\/2026\/03\/logo-pharmacy4pets.png","contentUrl":"https:\/\/p4p-nl.bootmine.com\/wp-content\/uploads\/2026\/03\/logo-pharmacy4pets.png","width":1024,"height":135,"caption":"Pharmacy4pets"},"image":{"@id":"http:\/\/www.pharmacy4pets.nl\/#\/schema\/logo\/image\/"},"sameAs":["https:\/\/www.facebook.com\/people\/Pharmacy4petsnl\/100063484989896\/","https:\/\/www.youtube.com\/channel\/UCGPTIgucgli03tP2_kvLkHg\/featured","https:\/\/www.instagram.com\/pharmacy4pets.nl"]}]}},"market_data":{"nl":{"price":0,"sale_price":0,"active":false,"url":null,"parent_url":"","tax_rate":0,"price_inc_tax":0,"sale_price_inc_tax":0},"de":{"price":0,"sale_price":0,"active":false,"url":null,"parent_url":"","tax_rate":0,"price_inc_tax":0,"sale_price_inc_tax":0},"be":{"price":0,"sale_price":0,"active":false,"url":null,"parent_url":"","tax_rate":0,"price_inc_tax":0,"sale_price_inc_tax":0},"fr":{"price":0,"sale_price":0,"active":false,"url":null,"parent_url":"","tax_rate":0,"price_inc_tax":0,"sale_price_inc_tax":0},"ch":{"price":0,"sale_price":0,"active":false,"url":null,"parent_url":"","tax_rate":0,"price_inc_tax":0,"sale_price_inc_tax":0},"at":{"price":0,"sale_price":0,"active":false,"url":null,"parent_url":"","tax_rate":0,"price_inc_tax":0,"sale_price_inc_tax":0},"es":{"price":0,"sale_price":0,"active":false,"url":null,"parent_url":"","tax_rate":0,"price_inc_tax":0,"sale_price_inc_tax":0},"dk":{"price":0,"sale_price":0,"active":false,"url":null,"parent_url":"","tax_rate":0,"price_inc_tax":0,"sale_price_inc_tax":0},"com":{"price":0,"sale_price":0,"active":false,"url":null,"parent_url":"","tax_rate":0,"price_inc_tax":0,"sale_price_inc_tax":0}},"market_nl_price":0,"market_nl_sale_price":0,"market_nl_active":false,"market_nl_url":null,"market_nl_parent_url":"","market_nl_tax_rate":0,"market_nl_price_inc_tax":0,"market_nl_sale_price_inc_tax":0,"market_de_price":0,"market_de_sale_price":0,"market_de_active":false,"market_de_url":null,"market_de_parent_url":"","market_de_tax_rate":0,"market_de_price_inc_tax":0,"market_de_sale_price_inc_tax":0,"market_be_price":0,"market_be_sale_price":0,"market_be_active":false,"market_be_url":null,"market_be_parent_url":"","market_be_tax_rate":0,"market_be_price_inc_tax":0,"market_be_sale_price_inc_tax":0,"market_fr_price":0,"market_fr_sale_price":0,"market_fr_active":false,"market_fr_url":null,"market_fr_parent_url":"","market_fr_tax_rate":0,"market_fr_price_inc_tax":0,"market_fr_sale_price_inc_tax":0,"market_ch_price":0,"market_ch_sale_price":0,"market_ch_active":false,"market_ch_url":null,"market_ch_parent_url":"","market_ch_tax_rate":0,"market_ch_price_inc_tax":0,"market_ch_sale_price_inc_tax":0,"market_at_price":0,"market_at_sale_price":0,"market_at_active":false,"market_at_url":null,"market_at_parent_url":"","market_at_tax_rate":0,"market_at_price_inc_tax":0,"market_at_sale_price_inc_tax":0,"market_es_price":0,"market_es_sale_price":0,"market_es_active":false,"market_es_url":null,"market_es_parent_url":"","market_es_tax_rate":0,"market_es_price_inc_tax":0,"market_es_sale_price_inc_tax":0,"market_dk_price":0,"market_dk_sale_price":0,"market_dk_active":false,"market_dk_url":null,"market_dk_parent_url":"","market_dk_tax_rate":0,"market_dk_price_inc_tax":0,"market_dk_sale_price_inc_tax":0,"market_com_price":0,"market_com_sale_price":0,"market_com_active":false,"market_com_url":null,"market_com_parent_url":"","market_com_tax_rate":0,"market_com_price_inc_tax":0,"market_com_sale_price_inc_tax":0,"acf":[],"_links":{"self":[{"href":"https:\/\/www.pharmacy4pets.nl\/be\/wp-json\/wp\/v2\/product\/120164","targetHints":{"allow":["GET"]}}],"collection":[{"href":"https:\/\/www.pharmacy4pets.nl\/be\/wp-json\/wp\/v2\/product"}],"about":[{"href":"https:\/\/www.pharmacy4pets.nl\/be\/wp-json\/wp\/v2\/types\/product"}],"replies":[{"embeddable":true,"href":"https:\/\/www.pharmacy4pets.nl\/be\/wp-json\/wp\/v2\/comments?post=120164"}],"wp:featuredmedia":[{"embeddable":true,"href":"https:\/\/www.pharmacy4pets.nl\/be\/wp-json\/wp\/v2\/media\/120163"}],"wp:attachment":[{"href":"https:\/\/www.pharmacy4pets.nl\/be\/wp-json\/wp\/v2\/media?parent=120164"}],"wp:term":[{"taxonomy":"product_brand","embeddable":true,"href":"https:\/\/www.pharmacy4pets.nl\/be\/wp-json\/wp\/v2\/product_brand?post=120164"},{"taxonomy":"product_cat","embeddable":true,"href":"https:\/\/www.pharmacy4pets.nl\/be\/wp-json\/wp\/v2\/product_cat?post=120164"},{"taxonomy":"product_tag","embeddable":true,"href":"https:\/\/www.pharmacy4pets.nl\/be\/wp-json\/wp\/v2\/product_tag?post=120164"}],"curies":[{"name":"wp","href":"https:\/\/api.w.org\/{rel}","templated":true}]}}