{"id":120162,"date":"2023-03-10T12:18:37","date_gmt":"2023-03-10T12:18:37","guid":{"rendered":"https:\/\/p4p.test\/sectolin-fenegriek-2-5-kg"},"modified":"2026-03-25T12:04:54","modified_gmt":"2026-03-25T12:04:54","slug":"sectolin-fenegriek-2-5-kg","status":"publish","type":"product","link":"https:\/\/www.pharmacy4pets.nl\/be\/sectolin-fenegriek-2-5-kg","title":{"rendered":"Sectolin Fenegriek | 2,5 kg"},"content":{"rendered":"<p>Sectolin Fenegriek is een aanvullend diervoeder voor paarden, rijk aan vezels, eiwitten, vitaminen en essenti\u00eble aminozuren en werkt ter ondersteuning van de algemene weerstand. Fenegriek stimuleert de eetlust bij paarden en ondersteunt de luchtwegen en het maagdarmstelsel.<\/p>\n<p>Samenstelling:<br \/>100% gemalen fenegriekzaad.<strong>\u00a0<\/strong><\/p>\n<p>Gebruiksaanwijzing (voederadvies):<br \/> 15 &#8211; 30 g per dag gemengd door het voer.<\/p>\n<p> Een maatbeker = ca. 15 g. <br \/> Een emmer van 1 kg is bij een dagelijkse dosering van 15 g voldoende voor ca. 66 dagen.<\/p>\n<p> Bewaren:<br \/> Goed afgesloten, koel, droog en niet in direct zonlicht bewaren.<\/p>\n<p>Waarschuwing:<br \/>Niet verstrekken aan drachtige merries.<\/p>\n","protected":false},"excerpt":{"rendered":"<p>Sectolin Fenegriek is een aanvullend diervoeder voor paarden, rijk aan vezels, eiwitten, vitaminen en essenti\u00eble aminozuren en werkt ter ondersteuning van de algemene weerstand. Fenegriek stimuleert de eetlust bij paarden en ondersteunt de luchtwegen en het maagdarmstelsel. Samenstelling:100% gemalen fenegriekzaad.\u00a0 Gebruiksaanwijzing (voederadvies): 15 &#8211; 30 g per dag gemengd door het voer. Een maatbeker = [&hellip;]<\/p>\n","protected":false},"featured_media":120161,"comment_status":"open","ping_status":"closed","template":"","meta":{"_acf_changed":false,"_nl_post_content":"<p>Sectolin Fenegriek is een aanvullend diervoeder voor paarden, rijk aan vezels, eiwitten, vitaminen en essenti\u00eble aminozuren en werkt ter ondersteuning van de algemene weerstand. Fenegriek stimuleert de eetlust bij paarden en ondersteunt de luchtwegen en het maagdarmstelsel.<\/p>\r\n<p>Samenstelling:<br \/>100% gemalen fenegriekzaad.<strong>\u00a0<\/strong><\/p>\r\n<p>Gebruiksaanwijzing (voederadvies):<br \/> 15 - 30 g per dag gemengd door het voer.<br \/> <br \/> Een maatbeker = ca. 15 g. <br \/> Een emmer van 1 kg is bij een dagelijkse dosering van 15 g voldoende voor ca. 66 dagen.<br \/> <br \/> Bewaren:<br \/> Goed afgesloten, koel, droog en niet in direct zonlicht bewaren.<\/p>\r\n<p>Waarschuwing:<br \/>Niet verstrekken aan drachtige merries.<\/p>","_nl_post_name":"sectolin-fenegriek-2-5-kg","_nl_post_excerpt":"","_nl_post_title":"Sectolin Fenegriek | 2,5 kg","_en_post_content":"<p>Sectolin Fenegriek (Fenugreek seed) is aomplementary feed for horses, rich in fiber, proteins, vitamins and essential amino acids and supports the general resistance. Fenugreek stimulates the appetite in horses and supports the respiratory and gastrointestinal tract.<\/p>\r\n<p>Composition:<br \/>100% fenugreek seed powder.<\/p>\r\n<p>Instructions for use (feeding advice):<br \/> 15 - 30 g per day mixed through the feed.<br \/> <br \/> A measuring cup = approx. 15 g.<br \/> A 1 kg bucket fed at a daily dose of 15 g is sufficient for about 66 days.<br \/> <br \/> Storage:<br \/> Well closed, store in a cool and dry place, out of direct sunlight.<\/p>\r\n<p>Warning:<br \/>Not suitable for pregnant mares.<\/p>","_en_post_name":"sectolin-fenegriek-2-5-kg","_en_post_excerpt":"","_en_post_title":"Sectolin Fenegriek (Fenugreek seed) | 2,5 kg ","_de_post_content":"<p>Sectolin Fenegriek (Bockshornkleesamen) ist ein Erg\u00e4nzungsfuttermittel f\u00fcr Pferde, reich an Ballaststoffen, Proteinen, Vitaminen und essentiellen Aminos\u00e4uren und unterst\u00fctzt die allgemeine Widerstandskraft. Bockshornklee regt den Appetit bei Pferden an und unterst\u00fctzt die<br \/> Atemwege und den Magen-Darm-Trakt.<\/p>\r\n<p>Zusammensetzung:<br \/>100 % gemahlener Bockshornkleesamen.<\/p>\r\n<p>Gebrauchsanweisung (F\u00fctterungsempfehlung):<br \/> 15 - 30 g pro Tag durch das Futter gemischt.<br \/> <br \/> Ein Messbecher = ca. 15 g.<br \/> Ein 1 kg Eimer reicht bei einer Tagesdosis von 15 g f\u00fcr ca. 66 Tage.<br \/> <br \/> Lagerung:<br \/> Gut geschlossen an einem k\u00fchlen und trockenen Ort aufbewahren. Nicht direktem Sonnenlicht aussetzen.<\/p>\r\n<p>Warnung:<br \/> Nicht bei tr\u00e4chtigen Stuten einsetzen.<\/p>","_de_post_name":"sectolin-fenegriek-2-5-kg","_de_post_excerpt":"","_de_post_title":"Sectolin Fenegriek (Bockshornkleesamen) | 2,5 kg ","_fr_post_content":"<p>Sectolin Fenegriek (Graines de fenugrec) est un compl\u00e9ment alimentaire pour chevaux, est riche en fibres, prot\u00e9ines, vitamines et acides amin\u00e9s essentiels et agit pour soutenir la r\u00e9sistance g\u00e9n\u00e9rale. Le fenugrec stimule l\u2019app\u00e9tit chez les chevaux et soutient les voies respiratoires et gastro-intestinales.<\/p>\r\n<p>Composition\u00a0:<br \/>100 % poudre de graines de fenugrec.<\/p>\r\n<p>Mode d\u2019emploi (conseils d\u2019alimentation) :<br \/> 15 - 30 g par jour m\u00e9lang\u00e9es \u00e0 l\u2019aliment.<br \/> <br \/> Une tasse \u00e0 mesurer = environ 15 g.<br \/> Un seau de 1 kg suffit pour 66 jours \u00e0 une dose quotidienne de 15 g par jour.<br \/> <br \/> Conservation :<br \/> \u00c0 conserver bien ferm\u00e9, frais et sec. \u00c0 l\u2019abri de la lumi\u00e8re de soleil.<\/p>\r\n<p>Attention\u00a0:<br \/>Ne pas donner aux juments enceintes.<\/p>","_fr_post_name":"sectolin-fenugrec-2-5-kg","_fr_post_excerpt":"","_fr_post_title":"Sectolin Fenegriek (Graines de fenugrec) | 2,5 kg ","_es_post_content":"<p>Sectolin Fenegriek (Fenogreco) es un alimento complementario para caballos, rico en fibra, prote\u00ednas, vitaminas y amino\u00e1cidos esenciales, que contribuye a la resistencia general. El fenogreco estimula el apetito de los caballos y favorece el sistema respiratorio y gastrointestinal.<\/p>\r\n<p>Composici\u00f3n:<br \/>100% semillas de alholva molidas.<\/p>\r\n<p>Modo de empleo (consejos de alimentaci\u00f3n):<br \/>15 - 30 g al d\u00eda mezclados con el pienso.<\/p>\r\n<p>Un vaso dosificador = aprox. 15 g.<br \/>Un cubo de 1 kg es suficiente para aprox. 66 d\u00edas con una dosis diaria de 15 g.<\/p>\r\n<p>Conservaci\u00f3n:<br \/>Almacenar bien cerrado, fresco, seco y alejado de la luz solar directa.<\/p>\r\n<p>Advertencias:<br \/>No administrar a yeguas pre\u00f1adas.<\/p>","_es_post_name":"sectolin-fenogreco-2-5-kg","_es_post_excerpt":"","_es_post_title":"Sectolin Fenegriek (Fenogreco) | 2,5 kg ","edit_language":"nl"},"product_brand":[],"product_cat":[1814,1811,1857,1809,2087],"product_tag":[],"class_list":{"0":"post-120162","1":"product","2":"type-product","3":"status-publish","4":"has-post-thumbnail","6":"product_cat-longen-luchtwegen","7":"product_cat-medicijnen-supplementen","8":"product_cat-merken","9":"product_cat-paarden","10":"product_cat-sectolin","11":"pa_aandoening-overig","12":"pa_doeldier-paard","13":"pa_fabricatieland-nederland","14":"pa_merkfilter-sectolin","15":"pa_merkgroep-sectolin","16":"pa_productsoort-voedingssupplement","17":"pa_toedieningswijze-overig","18":"pa_unit_pricing_base_measure-1kg","19":"pa_unit_pricing_measure-2_5kg","20":"pa_werkzamestof-overig","22":"first","23":"instock","24":"taxable","25":"shipping-taxable","26":"purchasable","27":"product-type-simple"},"yoast_head":"<!-- This site is optimized with the Yoast SEO plugin v27.5 - https:\/\/yoast.com\/product\/yoast-seo-wordpress\/ -->\n<title>Sectolin Fenegriek | 2,5 kg - Pharmacy4pets<\/title>\n<meta name=\"robots\" content=\"index, follow, max-snippet:-1, max-image-preview:large, max-video-preview:-1\" \/>\n<link rel=\"canonical\" href=\"https:\/\/www.pharmacy4pets.nl\/be\/sectolin-fenegriek-2-5-kg\" \/>\n<meta property=\"og:locale\" content=\"nl_NL\" \/>\n<meta property=\"og:type\" content=\"article\" \/>\n<meta property=\"og:title\" content=\"Sectolin Fenegriek | 2,5 kg - Pharmacy4pets\" \/>\n<meta property=\"og:description\" content=\"Sectolin Fenegriek is een aanvullend diervoeder voor paarden, rijk aan vezels, eiwitten, vitaminen en essenti\u00eble aminozuren en werkt ter ondersteuning van de algemene weerstand. Fenegriek stimuleert de eetlust bij paarden en ondersteunt de luchtwegen en het maagdarmstelsel. Samenstelling:100% gemalen fenegriekzaad.\u00a0 Gebruiksaanwijzing (voederadvies): 15 &#8211; 30 g per dag gemengd door het voer. Een maatbeker = [&hellip;]\" \/>\n<meta property=\"og:url\" content=\"https:\/\/www.pharmacy4pets.nl\/be\/sectolin-fenegriek-2-5-kg\" \/>\n<meta property=\"og:site_name\" content=\"Pharmacy4pets\" \/>\n<meta property=\"article:publisher\" content=\"https:\/\/www.facebook.com\/people\/Pharmacy4petsnl\/100063484989896\/\" \/>\n<meta property=\"article:modified_time\" content=\"2026-03-25T12:04:54+00:00\" \/>\n<meta property=\"og:image\" content=\"https:\/\/www.pharmacy4pets.nl\/wp-content\/uploads\/2023\/03\/25895.jpg\" \/>\n\t<meta property=\"og:image:width\" content=\"600\" \/>\n\t<meta property=\"og:image:height\" content=\"600\" \/>\n\t<meta property=\"og:image:type\" content=\"image\/jpeg\" \/>\n<meta name=\"twitter:card\" content=\"summary_large_image\" \/>\n<script type=\"application\/ld+json\" class=\"yoast-schema-graph\">{\"@context\":\"https:\\\/\\\/schema.org\",\"@graph\":[{\"@type\":\"WebPage\",\"@id\":\"https:\\\/\\\/www.pharmacy4pets.nl\\\/be\\\/sectolin-fenegriek-2-5-kg\",\"url\":\"https:\\\/\\\/www.pharmacy4pets.nl\\\/be\\\/sectolin-fenegriek-2-5-kg\",\"name\":\"Sectolin Fenegriek | 2,5 kg - Pharmacy4pets\",\"isPartOf\":{\"@id\":\"http:\\\/\\\/www.pharmacy4pets.nl\\\/#website\"},\"primaryImageOfPage\":{\"@id\":\"https:\\\/\\\/www.pharmacy4pets.nl\\\/be\\\/sectolin-fenegriek-2-5-kg#primaryimage\"},\"image\":{\"@id\":\"https:\\\/\\\/www.pharmacy4pets.nl\\\/be\\\/sectolin-fenegriek-2-5-kg#primaryimage\"},\"thumbnailUrl\":\"https:\\\/\\\/www.pharmacy4pets.nl\\\/wp-content\\\/uploads\\\/2023\\\/03\\\/25895.jpg\",\"datePublished\":\"2023-03-10T12:18:37+00:00\",\"dateModified\":\"2026-03-25T12:04:54+00:00\",\"breadcrumb\":{\"@id\":\"https:\\\/\\\/www.pharmacy4pets.nl\\\/be\\\/sectolin-fenegriek-2-5-kg#breadcrumb\"},\"inLanguage\":\"nl-NL\",\"potentialAction\":[{\"@type\":\"ReadAction\",\"target\":[\"https:\\\/\\\/www.pharmacy4pets.nl\\\/be\\\/sectolin-fenegriek-2-5-kg\"]}]},{\"@type\":\"ImageObject\",\"inLanguage\":\"nl-NL\",\"@id\":\"https:\\\/\\\/www.pharmacy4pets.nl\\\/be\\\/sectolin-fenegriek-2-5-kg#primaryimage\",\"url\":\"https:\\\/\\\/www.pharmacy4pets.nl\\\/wp-content\\\/uploads\\\/2023\\\/03\\\/25895.jpg\",\"contentUrl\":\"https:\\\/\\\/www.pharmacy4pets.nl\\\/wp-content\\\/uploads\\\/2023\\\/03\\\/25895.jpg\",\"width\":600,\"height\":600,\"caption\":\"Sectolin\"},{\"@type\":\"BreadcrumbList\",\"@id\":\"https:\\\/\\\/www.pharmacy4pets.nl\\\/be\\\/sectolin-fenegriek-2-5-kg#breadcrumb\",\"itemListElement\":[{\"@type\":\"ListItem\",\"position\":1,\"name\":\"Home\",\"item\":\"https:\\\/\\\/p4p-nl.bootmine.com\\\/\"},{\"@type\":\"ListItem\",\"position\":2,\"name\":\"Winkel\",\"item\":\"https:\\\/\\\/p4p-nl.bootmine.com\\\/winkel\"},{\"@type\":\"ListItem\",\"position\":3,\"name\":\"Sectolin Fenegriek | 2,5 kg\"}]},{\"@type\":\"WebSite\",\"@id\":\"http:\\\/\\\/www.pharmacy4pets.nl\\\/#website\",\"url\":\"http:\\\/\\\/www.pharmacy4pets.nl\\\/\",\"name\":\"Pharmacy4pets\",\"description\":\"Pharmacy4pets.nl is d\u00e9 online apotheek waar u terecht kunt voor alle diergeneesmiddelen, verzorgingsproducten en dieetvoeding voor uw huisdier.\",\"publisher\":{\"@id\":\"http:\\\/\\\/www.pharmacy4pets.nl\\\/#organization\"},\"potentialAction\":[{\"@type\":\"SearchAction\",\"target\":{\"@type\":\"EntryPoint\",\"urlTemplate\":\"http:\\\/\\\/www.pharmacy4pets.nl\\\/?s={search_term_string}\"},\"query-input\":{\"@type\":\"PropertyValueSpecification\",\"valueRequired\":true,\"valueName\":\"search_term_string\"}}],\"inLanguage\":\"nl-NL\"},{\"@type\":\"Organization\",\"@id\":\"http:\\\/\\\/www.pharmacy4pets.nl\\\/#organization\",\"name\":\"Pharmacy4pets\",\"url\":\"http:\\\/\\\/www.pharmacy4pets.nl\\\/\",\"logo\":{\"@type\":\"ImageObject\",\"inLanguage\":\"nl-NL\",\"@id\":\"http:\\\/\\\/www.pharmacy4pets.nl\\\/#\\\/schema\\\/logo\\\/image\\\/\",\"url\":\"https:\\\/\\\/p4p-nl.bootmine.com\\\/wp-content\\\/uploads\\\/2026\\\/03\\\/logo-pharmacy4pets.png\",\"contentUrl\":\"https:\\\/\\\/p4p-nl.bootmine.com\\\/wp-content\\\/uploads\\\/2026\\\/03\\\/logo-pharmacy4pets.png\",\"width\":1024,\"height\":135,\"caption\":\"Pharmacy4pets\"},\"image\":{\"@id\":\"http:\\\/\\\/www.pharmacy4pets.nl\\\/#\\\/schema\\\/logo\\\/image\\\/\"},\"sameAs\":[\"https:\\\/\\\/www.facebook.com\\\/people\\\/Pharmacy4petsnl\\\/100063484989896\\\/\",\"https:\\\/\\\/www.youtube.com\\\/channel\\\/UCGPTIgucgli03tP2_kvLkHg\\\/featured\",\"https:\\\/\\\/www.instagram.com\\\/pharmacy4pets.nl\"]}]}<\/script>\n<!-- \/ Yoast SEO plugin. -->","yoast_head_json":{"title":"Sectolin Fenegriek | 2,5 kg - Pharmacy4pets","robots":{"index":"index","follow":"follow","max-snippet":"max-snippet:-1","max-image-preview":"max-image-preview:large","max-video-preview":"max-video-preview:-1"},"canonical":"https:\/\/www.pharmacy4pets.nl\/be\/sectolin-fenegriek-2-5-kg","og_locale":"nl_NL","og_type":"article","og_title":"Sectolin Fenegriek | 2,5 kg - Pharmacy4pets","og_description":"Sectolin Fenegriek is een aanvullend diervoeder voor paarden, rijk aan vezels, eiwitten, vitaminen en essenti\u00eble aminozuren en werkt ter ondersteuning van de algemene weerstand. Fenegriek stimuleert de eetlust bij paarden en ondersteunt de luchtwegen en het maagdarmstelsel. Samenstelling:100% gemalen fenegriekzaad.\u00a0 Gebruiksaanwijzing (voederadvies): 15 &#8211; 30 g per dag gemengd door het voer. Een maatbeker = [&hellip;]","og_url":"https:\/\/www.pharmacy4pets.nl\/be\/sectolin-fenegriek-2-5-kg","og_site_name":"Pharmacy4pets","article_publisher":"https:\/\/www.facebook.com\/people\/Pharmacy4petsnl\/100063484989896\/","article_modified_time":"2026-03-25T12:04:54+00:00","og_image":[{"width":600,"height":600,"url":"https:\/\/www.pharmacy4pets.nl\/wp-content\/uploads\/2023\/03\/25895.jpg","type":"image\/jpeg"}],"twitter_card":"summary_large_image","schema":{"@context":"https:\/\/schema.org","@graph":[{"@type":"WebPage","@id":"https:\/\/www.pharmacy4pets.nl\/be\/sectolin-fenegriek-2-5-kg","url":"https:\/\/www.pharmacy4pets.nl\/be\/sectolin-fenegriek-2-5-kg","name":"Sectolin Fenegriek | 2,5 kg - Pharmacy4pets","isPartOf":{"@id":"http:\/\/www.pharmacy4pets.nl\/#website"},"primaryImageOfPage":{"@id":"https:\/\/www.pharmacy4pets.nl\/be\/sectolin-fenegriek-2-5-kg#primaryimage"},"image":{"@id":"https:\/\/www.pharmacy4pets.nl\/be\/sectolin-fenegriek-2-5-kg#primaryimage"},"thumbnailUrl":"https:\/\/www.pharmacy4pets.nl\/wp-content\/uploads\/2023\/03\/25895.jpg","datePublished":"2023-03-10T12:18:37+00:00","dateModified":"2026-03-25T12:04:54+00:00","breadcrumb":{"@id":"https:\/\/www.pharmacy4pets.nl\/be\/sectolin-fenegriek-2-5-kg#breadcrumb"},"inLanguage":"nl-NL","potentialAction":[{"@type":"ReadAction","target":["https:\/\/www.pharmacy4pets.nl\/be\/sectolin-fenegriek-2-5-kg"]}]},{"@type":"ImageObject","inLanguage":"nl-NL","@id":"https:\/\/www.pharmacy4pets.nl\/be\/sectolin-fenegriek-2-5-kg#primaryimage","url":"https:\/\/www.pharmacy4pets.nl\/wp-content\/uploads\/2023\/03\/25895.jpg","contentUrl":"https:\/\/www.pharmacy4pets.nl\/wp-content\/uploads\/2023\/03\/25895.jpg","width":600,"height":600,"caption":"Sectolin"},{"@type":"BreadcrumbList","@id":"https:\/\/www.pharmacy4pets.nl\/be\/sectolin-fenegriek-2-5-kg#breadcrumb","itemListElement":[{"@type":"ListItem","position":1,"name":"Home","item":"https:\/\/p4p-nl.bootmine.com\/"},{"@type":"ListItem","position":2,"name":"Winkel","item":"https:\/\/p4p-nl.bootmine.com\/winkel"},{"@type":"ListItem","position":3,"name":"Sectolin Fenegriek | 2,5 kg"}]},{"@type":"WebSite","@id":"http:\/\/www.pharmacy4pets.nl\/#website","url":"http:\/\/www.pharmacy4pets.nl\/","name":"Pharmacy4pets","description":"Pharmacy4pets.nl is d\u00e9 online apotheek waar u terecht kunt voor alle diergeneesmiddelen, verzorgingsproducten en dieetvoeding voor uw huisdier.","publisher":{"@id":"http:\/\/www.pharmacy4pets.nl\/#organization"},"potentialAction":[{"@type":"SearchAction","target":{"@type":"EntryPoint","urlTemplate":"http:\/\/www.pharmacy4pets.nl\/?s={search_term_string}"},"query-input":{"@type":"PropertyValueSpecification","valueRequired":true,"valueName":"search_term_string"}}],"inLanguage":"nl-NL"},{"@type":"Organization","@id":"http:\/\/www.pharmacy4pets.nl\/#organization","name":"Pharmacy4pets","url":"http:\/\/www.pharmacy4pets.nl\/","logo":{"@type":"ImageObject","inLanguage":"nl-NL","@id":"http:\/\/www.pharmacy4pets.nl\/#\/schema\/logo\/image\/","url":"https:\/\/p4p-nl.bootmine.com\/wp-content\/uploads\/2026\/03\/logo-pharmacy4pets.png","contentUrl":"https:\/\/p4p-nl.bootmine.com\/wp-content\/uploads\/2026\/03\/logo-pharmacy4pets.png","width":1024,"height":135,"caption":"Pharmacy4pets"},"image":{"@id":"http:\/\/www.pharmacy4pets.nl\/#\/schema\/logo\/image\/"},"sameAs":["https:\/\/www.facebook.com\/people\/Pharmacy4petsnl\/100063484989896\/","https:\/\/www.youtube.com\/channel\/UCGPTIgucgli03tP2_kvLkHg\/featured","https:\/\/www.instagram.com\/pharmacy4pets.nl"]}]}},"market_data":{"nl":{"price":0,"sale_price":0,"active":false,"url":null,"parent_url":"","tax_rate":0,"price_inc_tax":0,"sale_price_inc_tax":0},"de":{"price":0,"sale_price":0,"active":false,"url":null,"parent_url":"","tax_rate":0,"price_inc_tax":0,"sale_price_inc_tax":0},"be":{"price":0,"sale_price":0,"active":false,"url":null,"parent_url":"","tax_rate":0,"price_inc_tax":0,"sale_price_inc_tax":0},"fr":{"price":0,"sale_price":0,"active":false,"url":null,"parent_url":"","tax_rate":0,"price_inc_tax":0,"sale_price_inc_tax":0},"ch":{"price":0,"sale_price":0,"active":false,"url":null,"parent_url":"","tax_rate":0,"price_inc_tax":0,"sale_price_inc_tax":0},"at":{"price":0,"sale_price":0,"active":false,"url":null,"parent_url":"","tax_rate":0,"price_inc_tax":0,"sale_price_inc_tax":0},"es":{"price":0,"sale_price":0,"active":false,"url":null,"parent_url":"","tax_rate":0,"price_inc_tax":0,"sale_price_inc_tax":0},"dk":{"price":0,"sale_price":0,"active":false,"url":null,"parent_url":"","tax_rate":0,"price_inc_tax":0,"sale_price_inc_tax":0},"com":{"price":0,"sale_price":0,"active":false,"url":null,"parent_url":"","tax_rate":0,"price_inc_tax":0,"sale_price_inc_tax":0}},"market_nl_price":0,"market_nl_sale_price":0,"market_nl_active":false,"market_nl_url":null,"market_nl_parent_url":"","market_nl_tax_rate":0,"market_nl_price_inc_tax":0,"market_nl_sale_price_inc_tax":0,"market_de_price":0,"market_de_sale_price":0,"market_de_active":false,"market_de_url":null,"market_de_parent_url":"","market_de_tax_rate":0,"market_de_price_inc_tax":0,"market_de_sale_price_inc_tax":0,"market_be_price":0,"market_be_sale_price":0,"market_be_active":false,"market_be_url":null,"market_be_parent_url":"","market_be_tax_rate":0,"market_be_price_inc_tax":0,"market_be_sale_price_inc_tax":0,"market_fr_price":0,"market_fr_sale_price":0,"market_fr_active":false,"market_fr_url":null,"market_fr_parent_url":"","market_fr_tax_rate":0,"market_fr_price_inc_tax":0,"market_fr_sale_price_inc_tax":0,"market_ch_price":0,"market_ch_sale_price":0,"market_ch_active":false,"market_ch_url":null,"market_ch_parent_url":"","market_ch_tax_rate":0,"market_ch_price_inc_tax":0,"market_ch_sale_price_inc_tax":0,"market_at_price":0,"market_at_sale_price":0,"market_at_active":false,"market_at_url":null,"market_at_parent_url":"","market_at_tax_rate":0,"market_at_price_inc_tax":0,"market_at_sale_price_inc_tax":0,"market_es_price":0,"market_es_sale_price":0,"market_es_active":false,"market_es_url":null,"market_es_parent_url":"","market_es_tax_rate":0,"market_es_price_inc_tax":0,"market_es_sale_price_inc_tax":0,"market_dk_price":0,"market_dk_sale_price":0,"market_dk_active":false,"market_dk_url":null,"market_dk_parent_url":"","market_dk_tax_rate":0,"market_dk_price_inc_tax":0,"market_dk_sale_price_inc_tax":0,"market_com_price":0,"market_com_sale_price":0,"market_com_active":false,"market_com_url":null,"market_com_parent_url":"","market_com_tax_rate":0,"market_com_price_inc_tax":0,"market_com_sale_price_inc_tax":0,"acf":[],"_links":{"self":[{"href":"https:\/\/www.pharmacy4pets.nl\/be\/wp-json\/wp\/v2\/product\/120162","targetHints":{"allow":["GET"]}}],"collection":[{"href":"https:\/\/www.pharmacy4pets.nl\/be\/wp-json\/wp\/v2\/product"}],"about":[{"href":"https:\/\/www.pharmacy4pets.nl\/be\/wp-json\/wp\/v2\/types\/product"}],"replies":[{"embeddable":true,"href":"https:\/\/www.pharmacy4pets.nl\/be\/wp-json\/wp\/v2\/comments?post=120162"}],"wp:featuredmedia":[{"embeddable":true,"href":"https:\/\/www.pharmacy4pets.nl\/be\/wp-json\/wp\/v2\/media\/120161"}],"wp:attachment":[{"href":"https:\/\/www.pharmacy4pets.nl\/be\/wp-json\/wp\/v2\/media?parent=120162"}],"wp:term":[{"taxonomy":"product_brand","embeddable":true,"href":"https:\/\/www.pharmacy4pets.nl\/be\/wp-json\/wp\/v2\/product_brand?post=120162"},{"taxonomy":"product_cat","embeddable":true,"href":"https:\/\/www.pharmacy4pets.nl\/be\/wp-json\/wp\/v2\/product_cat?post=120162"},{"taxonomy":"product_tag","embeddable":true,"href":"https:\/\/www.pharmacy4pets.nl\/be\/wp-json\/wp\/v2\/product_tag?post=120162"}],"curies":[{"name":"wp","href":"https:\/\/api.w.org\/{rel}","templated":true}]}}