{"id":120155,"date":"2023-03-10T12:18:36","date_gmt":"2023-03-10T12:18:36","guid":{"rendered":"https:\/\/p4p.test\/sectolin-equivital-pasta-25-ml"},"modified":"2026-03-25T12:04:52","modified_gmt":"2026-03-25T12:04:52","slug":"sectolin-equivital-pasta-25-ml","status":"publish","type":"product","link":"https:\/\/www.pharmacy4pets.nl\/be\/sectolin-equivital-pasta-25-ml","title":{"rendered":"Sectolin Equivital Pasta | 25 ml"},"content":{"rendered":"<p>Sectolin Equivital Pasta is de ideale vitaminestoot in pastavorm waarmee u de conditie van uw paard op peil houdt en voorkomt dat uw paard ziek wordt door gebrek aan vitamines. E\u00e9n dosis is voldoende om tekorten direct aan te vullen. Daarnaast is het ideaal om na een behandeling van antibiotica of ontwormingskuur aan uw paard te geven.<\/p>\n<p>Werkzame bestanddelen:<br \/>Vitamine A, D, E, B1, B2, B6, B12, B3, B11, B5, C.<\/p>\n<p>Toediening:<\/p>\n<table>\n<tbody>\n<tr>\n<td width=\"151\">\n<p><strong>Paard en koe<\/strong><\/p>\n<\/td>\n<td width=\"151\">\n<p><strong>Veulen en kalf<\/strong><\/p>\n<\/td>\n<td width=\"151\">\n<p><strong>Zeug en schaap<\/strong><\/p>\n<\/td>\n<td width=\"151\">\n<p><strong>Big en lam<\/strong><\/p>\n<\/td>\n<\/tr>\n<tr>\n<td width=\"151\">\n<p>25 ml<\/p>\n<\/td>\n<td width=\"151\">\n<p>5 ml<\/p>\n<\/td>\n<td width=\"151\">\n<p>3 ml<\/p>\n<\/td>\n<td width=\"151\">\n<p>1 ml<\/p>\n<\/td>\n<\/tr>\n<\/tbody>\n<\/table>\n<p>1 ml is 1 eenheid, in te stellen met de schroef op de stang van de doseerinjector. Lees v\u00f3\u00f3r gebruik de bijsluiter.<\/p>\n","protected":false},"excerpt":{"rendered":"<p>Sectolin Equivital Pasta is de ideale vitaminestoot in pastavorm waarmee u de conditie van uw paard op peil houdt en voorkomt dat uw paard ziek wordt door gebrek aan vitamines. E\u00e9n dosis is voldoende om tekorten direct aan te vullen. Daarnaast is het ideaal om na een behandeling van antibiotica of ontwormingskuur aan uw paard [&hellip;]<\/p>\n","protected":false},"featured_media":120154,"comment_status":"open","ping_status":"closed","template":"","meta":{"_acf_changed":false,"_nl_post_content":"<p>Sectolin Equivital Pasta is de ideale vitaminestoot in pastavorm waarmee u de conditie van uw paard op peil houdt en voorkomt dat uw paard ziek wordt door gebrek aan vitamines. E\u00e9n dosis is voldoende om tekorten direct aan te vullen. Daarnaast is het ideaal om na een behandeling van antibiotica of ontwormingskuur aan uw paard te geven.<\/p>\r\n<p>Werkzame bestanddelen:<br \/>Vitamine A, D, E, B1, B2, B6, B12, B3, B11, B5, C.<\/p>\r\n<p>Toediening:<\/p>\r\n<table>\r\n<tbody>\r\n<tr>\r\n<td width=\"151\">\r\n<p><strong>Paard en koe<\/strong><\/p>\r\n<\/td>\r\n<td width=\"151\">\r\n<p><strong>Veulen en kalf<\/strong><\/p>\r\n<\/td>\r\n<td width=\"151\">\r\n<p><strong>Zeug en schaap<\/strong><\/p>\r\n<\/td>\r\n<td width=\"151\">\r\n<p><strong>Big en lam<\/strong><\/p>\r\n<\/td>\r\n<\/tr>\r\n<tr>\r\n<td width=\"151\">\r\n<p>25 ml<\/p>\r\n<\/td>\r\n<td width=\"151\">\r\n<p>5 ml<\/p>\r\n<\/td>\r\n<td width=\"151\">\r\n<p>3 ml<\/p>\r\n<\/td>\r\n<td width=\"151\">\r\n<p>1 ml<\/p>\r\n<\/td>\r\n<\/tr>\r\n<\/tbody>\r\n<\/table>\r\n<p>1 ml is 1 eenheid, in te stellen met de schroef op de stang van de doseerinjector. Lees v\u00f3\u00f3r gebruik de bijsluiter.<\/p>","_nl_post_name":"sectolin-equivital-pasta-25-ml","_nl_post_excerpt":"","_nl_post_title":"Sectolin Equivital Pasta | 25 ml","_en_post_content":"<p>Sectolin Equivital Paste is the ideal vitamin boost in paste form that will help you maintain your horse's condition and prevent your horse from falling ill due to vitamin deficiencies. One dose is enough to replenish deficiencies immediately. In addition, it is ideal for giving to your horse after antibiotic or worming treatment.<\/p>\r\n<p>Active ingredients:<br \/>Vitamin A, D, E, B1, B2, B6, B12, B3, B11, B5, C.<\/p>\r\n<p>Administration:<\/p>\r\n<table style=\"height: 92px;\">\r\n<tbody>\r\n<tr style=\"height: 46px;\">\r\n<td style=\"height: 46px;\" width=\"151\">\r\n<p><strong>Horse and cow<\/strong><\/p>\r\n<\/td>\r\n<td style=\"height: 46px;\" width=\"151\">\r\n<p><strong>Foal and calf<\/strong><\/p>\r\n<\/td>\r\n<td style=\"height: 46px;\" width=\"151\">\r\n<p><strong>Sow and sheep<\/strong><\/p>\r\n<\/td>\r\n<td style=\"height: 46px;\" width=\"151\">\r\n<p><strong>Piglet and lamb<\/strong><\/p>\r\n<\/td>\r\n<\/tr>\r\n<tr style=\"height: 46px;\">\r\n<td style=\"height: 46px;\" width=\"151\">\r\n<p>25 ml<\/p>\r\n<\/td>\r\n<td style=\"height: 46px;\" width=\"151\">\r\n<p>5 ml<\/p>\r\n<\/td>\r\n<td style=\"height: 46px;\" width=\"151\">\r\n<p>3 ml<\/p>\r\n<\/td>\r\n<td style=\"height: 46px;\" width=\"151\">\r\n<p>1 ml<\/p>\r\n<\/td>\r\n<\/tr>\r\n<\/tbody>\r\n<\/table>\r\n<p>1 ml is 1 unit, set with the screw on the rod of the dosing injector. Read the leaflet before use.<\/p>","_en_post_name":"sectolin-equivital-paste-25-ml","_en_post_excerpt":"","_en_post_title":"Sectolin Equivital Paste | 25 ml","_de_post_content":"Sectolin Equivital Paste | 25 ml","_de_post_name":"Sectolin-Equivital-Paste-25-ml","_de_post_excerpt":"","_de_post_title":"Sectolin Equivital Paste | 25 ml","_fr_post_content":"<p>Sectolin Equivital P\u00e2te est le suppl\u00e9ment id\u00e9al de vitamines sous forme de p\u00e2te qui vous aidera \u00e0 maintenir la condition de votre cheval et \u00e0 \u00e9viter qu'il ne tombe malade en raison de carences en vitamines. Une dose suffit pour combler imm\u00e9diatement les carences. De plus, il est id\u00e9al pour donner \u00e0 votre cheval apr\u00e8s un traitement antibiotique ou vermifuge.<\/p>\n<p>Ingr\u00e9dients actifs :<br \/>Vitamine A, D, E, B1, B2, B6, B12, B3, B11, B5, C.<\/p>\n<p>Administration :<\/p>\n<table>\n<tbody>\n<tr>\n<td width=\"151\">\n<p><strong>Cheval et vache<\/strong><\/p>\n<\/td>\n<td width=\"151\">\n<p><strong>Poulain et veau<\/strong><\/p>\n<\/td>\n<td width=\"151\">\n<p><strong>Truie et mouton<\/strong><\/p>\n<\/td>\n<td width=\"151\">\n<p><strong>Porcelet et agneau<\/strong><\/p>\n<\/td>\n<\/tr>\n<tr>\n<td width=\"151\">\n<p>25 ml<\/p>\n<\/td>\n<td width=\"151\">\n<p>5 ml<\/p>\n<\/td>\n<td width=\"151\">\n<p>3 ml<\/p>\n<\/td>\n<td width=\"151\">\n<p>1 ml<\/p>\n<\/td>\n<\/tr>\n<\/tbody>\n<\/table>\n<p>1 ml correspond \u00e0 1 unit\u00e9, fix\u00e9e par la vis sur la tige de l'injecteur doseur. Lire la notice avant utilisation.<\/p>","_fr_post_name":"sectolin-equivital-pate-25-ml","_fr_post_excerpt":"","_fr_post_title":"Sectolin Equivital p\u00e2te | 25 ml","_es_post_content":"<p>Sectolin Equivital Pasta es el refuerzo vitam\u00ednico ideal en forma de pasta que le ayudar\u00e1 a mantener la condici\u00f3n de su caballo y a evitar que enferme debido a carencias vitam\u00ednicas. Una dosis es suficiente para reponer las carencias inmediatamente. Adem\u00e1s, es ideal para d\u00e1rsela a su caballo despu\u00e9s de un tratamiento antibi\u00f3tico o desparasitante.<\/p>\n<p>Ingredientes activos:<br \/>Vitamina A, D, E, B1, B2, B6, B12, B3, B11, B5, C.<\/p>\n<p>Administraci\u00f3n:<\/p>\n<table>\n<tbody>\n<tr>\n<td width=\"151\">\n<p><strong>Caballo y vaca<\/strong><\/p>\n<\/td>\n<td width=\"151\">\n<p><strong>Potro y ternero<\/strong><\/p>\n<\/td>\n<td width=\"151\">\n<p><strong>Cerda y oveja<\/strong><\/p>\n<\/td>\n<td width=\"151\">\n<p><strong>Lech\u00f3n y cordero<\/strong><\/p>\n<\/td>\n<\/tr>\n<tr>\n<td width=\"151\">\n<p>25 ml<\/p>\n<\/td>\n<td width=\"151\">\n<p>5 ml<\/p>\n<\/td>\n<td width=\"151\">\n<p>3 ml<\/p>\n<\/td>\n<td width=\"151\">\n<p>1 ml<\/p>\n<\/td>\n<\/tr>\n<\/tbody>\n<\/table>\n<p>1 ml es 1 unidad, ajustada con el tornillo de la varilla del inyector dosificador. Leer el prospecto antes de usar.<\/p>","_es_post_name":"sectolin-equivital-pasta-25-ml","_es_post_excerpt":"","_es_post_title":"Sectolin Equivital Pasta | 25 ml","edit_language":"nl"},"product_brand":[],"product_cat":[2015,1811,1857,1809,2087],"product_tag":[],"class_list":{"0":"post-120155","1":"product","2":"type-product","3":"status-publish","4":"has-post-thumbnail","6":"product_cat-immuunsysteem-weerstand","7":"product_cat-medicijnen-supplementen","8":"product_cat-merken","9":"product_cat-paarden","10":"product_cat-sectolin","11":"pa_aandoening-overig","12":"pa_doeldier-paard","13":"pa_fabricatieland-nederland","14":"pa_merkfilter-sectolin","15":"pa_merkgroep-sectolin","16":"pa_productsoort-diergeneesmiddelvrij_ura","17":"pa_toedieningswijze-pasta","18":"pa_unit_pricing_base_measure-10ml","19":"pa_unit_pricing_measure-25ml","20":"pa_werkzamestof-overig","22":"first","23":"instock","24":"taxable","25":"shipping-taxable","26":"purchasable","27":"product-type-simple"},"yoast_head":"<!-- This site is optimized with the Yoast SEO plugin v27.5 - https:\/\/yoast.com\/product\/yoast-seo-wordpress\/ -->\n<title>Sectolin Equivital Pasta | 25 ml - Pharmacy4pets<\/title>\n<meta name=\"robots\" content=\"index, follow, max-snippet:-1, max-image-preview:large, max-video-preview:-1\" \/>\n<link rel=\"canonical\" href=\"https:\/\/www.pharmacy4pets.nl\/sectolin-equivital-pasta-25-ml\" \/>\n<meta property=\"og:locale\" content=\"nl_NL\" \/>\n<meta property=\"og:type\" content=\"article\" \/>\n<meta property=\"og:title\" content=\"Sectolin Equivital Pasta | 25 ml - Pharmacy4pets\" \/>\n<meta property=\"og:description\" content=\"Sectolin Equivital Pasta is de ideale vitaminestoot in pastavorm waarmee u de conditie van uw paard op peil houdt en voorkomt dat uw paard ziek wordt door gebrek aan vitamines. E\u00e9n dosis is voldoende om tekorten direct aan te vullen. Daarnaast is het ideaal om na een behandeling van antibiotica of ontwormingskuur aan uw paard [&hellip;]\" \/>\n<meta property=\"og:url\" content=\"https:\/\/www.pharmacy4pets.nl\/sectolin-equivital-pasta-25-ml\" \/>\n<meta property=\"og:site_name\" content=\"Pharmacy4pets\" \/>\n<meta property=\"article:publisher\" content=\"https:\/\/www.facebook.com\/people\/Pharmacy4petsnl\/100063484989896\/\" \/>\n<meta property=\"article:modified_time\" content=\"2026-03-25T12:04:52+00:00\" \/>\n<meta property=\"og:image\" content=\"https:\/\/www.pharmacy4pets.nl\/wp-content\/uploads\/2023\/03\/25893.jpg\" \/>\n\t<meta property=\"og:image:width\" content=\"600\" \/>\n\t<meta property=\"og:image:height\" content=\"419\" \/>\n\t<meta property=\"og:image:type\" content=\"image\/jpeg\" \/>\n<meta name=\"twitter:card\" content=\"summary_large_image\" \/>\n<meta name=\"twitter:label1\" content=\"Geschatte leestijd\" \/>\n\t<meta name=\"twitter:data1\" content=\"1 minuut\" \/>\n<script type=\"application\/ld+json\" class=\"yoast-schema-graph\">{\"@context\":\"https:\\\/\\\/schema.org\",\"@graph\":[{\"@type\":\"WebPage\",\"@id\":\"https:\\\/\\\/www.pharmacy4pets.nl\\\/sectolin-equivital-pasta-25-ml\",\"url\":\"https:\\\/\\\/www.pharmacy4pets.nl\\\/sectolin-equivital-pasta-25-ml\",\"name\":\"Sectolin Equivital Pasta | 25 ml - Pharmacy4pets\",\"isPartOf\":{\"@id\":\"http:\\\/\\\/www.pharmacy4pets.nl\\\/#website\"},\"primaryImageOfPage\":{\"@id\":\"https:\\\/\\\/www.pharmacy4pets.nl\\\/sectolin-equivital-pasta-25-ml#primaryimage\"},\"image\":{\"@id\":\"https:\\\/\\\/www.pharmacy4pets.nl\\\/sectolin-equivital-pasta-25-ml#primaryimage\"},\"thumbnailUrl\":\"https:\\\/\\\/www.pharmacy4pets.nl\\\/wp-content\\\/uploads\\\/2023\\\/03\\\/25893.jpg\",\"datePublished\":\"2023-03-10T12:18:36+00:00\",\"dateModified\":\"2026-03-25T12:04:52+00:00\",\"breadcrumb\":{\"@id\":\"https:\\\/\\\/www.pharmacy4pets.nl\\\/sectolin-equivital-pasta-25-ml#breadcrumb\"},\"inLanguage\":\"nl-NL\",\"potentialAction\":[{\"@type\":\"ReadAction\",\"target\":[\"https:\\\/\\\/www.pharmacy4pets.nl\\\/sectolin-equivital-pasta-25-ml\"]}]},{\"@type\":\"ImageObject\",\"inLanguage\":\"nl-NL\",\"@id\":\"https:\\\/\\\/www.pharmacy4pets.nl\\\/sectolin-equivital-pasta-25-ml#primaryimage\",\"url\":\"https:\\\/\\\/www.pharmacy4pets.nl\\\/wp-content\\\/uploads\\\/2023\\\/03\\\/25893.jpg\",\"contentUrl\":\"https:\\\/\\\/www.pharmacy4pets.nl\\\/wp-content\\\/uploads\\\/2023\\\/03\\\/25893.jpg\",\"width\":600,\"height\":419,\"caption\":\"Sectolin\"},{\"@type\":\"BreadcrumbList\",\"@id\":\"https:\\\/\\\/www.pharmacy4pets.nl\\\/sectolin-equivital-pasta-25-ml#breadcrumb\",\"itemListElement\":[{\"@type\":\"ListItem\",\"position\":1,\"name\":\"Home\",\"item\":\"https:\\\/\\\/p4p-nl.bootmine.com\\\/\"},{\"@type\":\"ListItem\",\"position\":2,\"name\":\"Winkel\",\"item\":\"https:\\\/\\\/p4p-nl.bootmine.com\\\/winkel\"},{\"@type\":\"ListItem\",\"position\":3,\"name\":\"Sectolin Equivital Pasta | 25 ml\"}]},{\"@type\":\"WebSite\",\"@id\":\"http:\\\/\\\/www.pharmacy4pets.nl\\\/#website\",\"url\":\"http:\\\/\\\/www.pharmacy4pets.nl\\\/\",\"name\":\"Pharmacy4pets\",\"description\":\"Pharmacy4pets.nl is d\u00e9 online apotheek waar u terecht kunt voor alle diergeneesmiddelen, verzorgingsproducten en dieetvoeding voor uw huisdier.\",\"publisher\":{\"@id\":\"http:\\\/\\\/www.pharmacy4pets.nl\\\/#organization\"},\"potentialAction\":[{\"@type\":\"SearchAction\",\"target\":{\"@type\":\"EntryPoint\",\"urlTemplate\":\"http:\\\/\\\/www.pharmacy4pets.nl\\\/?s={search_term_string}\"},\"query-input\":{\"@type\":\"PropertyValueSpecification\",\"valueRequired\":true,\"valueName\":\"search_term_string\"}}],\"inLanguage\":\"nl-NL\"},{\"@type\":\"Organization\",\"@id\":\"http:\\\/\\\/www.pharmacy4pets.nl\\\/#organization\",\"name\":\"Pharmacy4pets\",\"url\":\"http:\\\/\\\/www.pharmacy4pets.nl\\\/\",\"logo\":{\"@type\":\"ImageObject\",\"inLanguage\":\"nl-NL\",\"@id\":\"http:\\\/\\\/www.pharmacy4pets.nl\\\/#\\\/schema\\\/logo\\\/image\\\/\",\"url\":\"https:\\\/\\\/p4p-nl.bootmine.com\\\/wp-content\\\/uploads\\\/2026\\\/03\\\/logo-pharmacy4pets.png\",\"contentUrl\":\"https:\\\/\\\/p4p-nl.bootmine.com\\\/wp-content\\\/uploads\\\/2026\\\/03\\\/logo-pharmacy4pets.png\",\"width\":1024,\"height\":135,\"caption\":\"Pharmacy4pets\"},\"image\":{\"@id\":\"http:\\\/\\\/www.pharmacy4pets.nl\\\/#\\\/schema\\\/logo\\\/image\\\/\"},\"sameAs\":[\"https:\\\/\\\/www.facebook.com\\\/people\\\/Pharmacy4petsnl\\\/100063484989896\\\/\",\"https:\\\/\\\/www.youtube.com\\\/channel\\\/UCGPTIgucgli03tP2_kvLkHg\\\/featured\",\"https:\\\/\\\/www.instagram.com\\\/pharmacy4pets.nl\"]}]}<\/script>\n<!-- \/ Yoast SEO plugin. -->","yoast_head_json":{"title":"Sectolin Equivital Pasta | 25 ml - Pharmacy4pets","robots":{"index":"index","follow":"follow","max-snippet":"max-snippet:-1","max-image-preview":"max-image-preview:large","max-video-preview":"max-video-preview:-1"},"canonical":"https:\/\/www.pharmacy4pets.nl\/sectolin-equivital-pasta-25-ml","og_locale":"nl_NL","og_type":"article","og_title":"Sectolin Equivital Pasta | 25 ml - Pharmacy4pets","og_description":"Sectolin Equivital Pasta is de ideale vitaminestoot in pastavorm waarmee u de conditie van uw paard op peil houdt en voorkomt dat uw paard ziek wordt door gebrek aan vitamines. E\u00e9n dosis is voldoende om tekorten direct aan te vullen. Daarnaast is het ideaal om na een behandeling van antibiotica of ontwormingskuur aan uw paard [&hellip;]","og_url":"https:\/\/www.pharmacy4pets.nl\/sectolin-equivital-pasta-25-ml","og_site_name":"Pharmacy4pets","article_publisher":"https:\/\/www.facebook.com\/people\/Pharmacy4petsnl\/100063484989896\/","article_modified_time":"2026-03-25T12:04:52+00:00","og_image":[{"width":600,"height":419,"url":"https:\/\/www.pharmacy4pets.nl\/wp-content\/uploads\/2023\/03\/25893.jpg","type":"image\/jpeg"}],"twitter_card":"summary_large_image","twitter_misc":{"Geschatte leestijd":"1 minuut"},"schema":{"@context":"https:\/\/schema.org","@graph":[{"@type":"WebPage","@id":"https:\/\/www.pharmacy4pets.nl\/sectolin-equivital-pasta-25-ml","url":"https:\/\/www.pharmacy4pets.nl\/sectolin-equivital-pasta-25-ml","name":"Sectolin Equivital Pasta | 25 ml - Pharmacy4pets","isPartOf":{"@id":"http:\/\/www.pharmacy4pets.nl\/#website"},"primaryImageOfPage":{"@id":"https:\/\/www.pharmacy4pets.nl\/sectolin-equivital-pasta-25-ml#primaryimage"},"image":{"@id":"https:\/\/www.pharmacy4pets.nl\/sectolin-equivital-pasta-25-ml#primaryimage"},"thumbnailUrl":"https:\/\/www.pharmacy4pets.nl\/wp-content\/uploads\/2023\/03\/25893.jpg","datePublished":"2023-03-10T12:18:36+00:00","dateModified":"2026-03-25T12:04:52+00:00","breadcrumb":{"@id":"https:\/\/www.pharmacy4pets.nl\/sectolin-equivital-pasta-25-ml#breadcrumb"},"inLanguage":"nl-NL","potentialAction":[{"@type":"ReadAction","target":["https:\/\/www.pharmacy4pets.nl\/sectolin-equivital-pasta-25-ml"]}]},{"@type":"ImageObject","inLanguage":"nl-NL","@id":"https:\/\/www.pharmacy4pets.nl\/sectolin-equivital-pasta-25-ml#primaryimage","url":"https:\/\/www.pharmacy4pets.nl\/wp-content\/uploads\/2023\/03\/25893.jpg","contentUrl":"https:\/\/www.pharmacy4pets.nl\/wp-content\/uploads\/2023\/03\/25893.jpg","width":600,"height":419,"caption":"Sectolin"},{"@type":"BreadcrumbList","@id":"https:\/\/www.pharmacy4pets.nl\/sectolin-equivital-pasta-25-ml#breadcrumb","itemListElement":[{"@type":"ListItem","position":1,"name":"Home","item":"https:\/\/p4p-nl.bootmine.com\/"},{"@type":"ListItem","position":2,"name":"Winkel","item":"https:\/\/p4p-nl.bootmine.com\/winkel"},{"@type":"ListItem","position":3,"name":"Sectolin Equivital Pasta | 25 ml"}]},{"@type":"WebSite","@id":"http:\/\/www.pharmacy4pets.nl\/#website","url":"http:\/\/www.pharmacy4pets.nl\/","name":"Pharmacy4pets","description":"Pharmacy4pets.nl is d\u00e9 online apotheek waar u terecht kunt voor alle diergeneesmiddelen, verzorgingsproducten en dieetvoeding voor uw huisdier.","publisher":{"@id":"http:\/\/www.pharmacy4pets.nl\/#organization"},"potentialAction":[{"@type":"SearchAction","target":{"@type":"EntryPoint","urlTemplate":"http:\/\/www.pharmacy4pets.nl\/?s={search_term_string}"},"query-input":{"@type":"PropertyValueSpecification","valueRequired":true,"valueName":"search_term_string"}}],"inLanguage":"nl-NL"},{"@type":"Organization","@id":"http:\/\/www.pharmacy4pets.nl\/#organization","name":"Pharmacy4pets","url":"http:\/\/www.pharmacy4pets.nl\/","logo":{"@type":"ImageObject","inLanguage":"nl-NL","@id":"http:\/\/www.pharmacy4pets.nl\/#\/schema\/logo\/image\/","url":"https:\/\/p4p-nl.bootmine.com\/wp-content\/uploads\/2026\/03\/logo-pharmacy4pets.png","contentUrl":"https:\/\/p4p-nl.bootmine.com\/wp-content\/uploads\/2026\/03\/logo-pharmacy4pets.png","width":1024,"height":135,"caption":"Pharmacy4pets"},"image":{"@id":"http:\/\/www.pharmacy4pets.nl\/#\/schema\/logo\/image\/"},"sameAs":["https:\/\/www.facebook.com\/people\/Pharmacy4petsnl\/100063484989896\/","https:\/\/www.youtube.com\/channel\/UCGPTIgucgli03tP2_kvLkHg\/featured","https:\/\/www.instagram.com\/pharmacy4pets.nl"]}]}},"market_data":{"nl":{"price":0,"sale_price":0,"active":false,"url":null,"parent_url":"","tax_rate":0,"price_inc_tax":0,"sale_price_inc_tax":0},"de":{"price":0,"sale_price":0,"active":false,"url":null,"parent_url":"","tax_rate":0,"price_inc_tax":0,"sale_price_inc_tax":0},"be":{"price":0,"sale_price":0,"active":false,"url":null,"parent_url":"","tax_rate":0,"price_inc_tax":0,"sale_price_inc_tax":0},"fr":{"price":0,"sale_price":0,"active":false,"url":null,"parent_url":"","tax_rate":0,"price_inc_tax":0,"sale_price_inc_tax":0},"ch":{"price":0,"sale_price":0,"active":false,"url":null,"parent_url":"","tax_rate":0,"price_inc_tax":0,"sale_price_inc_tax":0},"at":{"price":0,"sale_price":0,"active":false,"url":null,"parent_url":"","tax_rate":0,"price_inc_tax":0,"sale_price_inc_tax":0},"es":{"price":0,"sale_price":0,"active":false,"url":null,"parent_url":"","tax_rate":0,"price_inc_tax":0,"sale_price_inc_tax":0},"dk":{"price":0,"sale_price":0,"active":false,"url":null,"parent_url":"","tax_rate":0,"price_inc_tax":0,"sale_price_inc_tax":0},"com":{"price":0,"sale_price":0,"active":false,"url":null,"parent_url":"","tax_rate":0,"price_inc_tax":0,"sale_price_inc_tax":0}},"market_nl_price":0,"market_nl_sale_price":0,"market_nl_active":false,"market_nl_url":null,"market_nl_parent_url":"","market_nl_tax_rate":0,"market_nl_price_inc_tax":0,"market_nl_sale_price_inc_tax":0,"market_de_price":0,"market_de_sale_price":0,"market_de_active":false,"market_de_url":null,"market_de_parent_url":"","market_de_tax_rate":0,"market_de_price_inc_tax":0,"market_de_sale_price_inc_tax":0,"market_be_price":0,"market_be_sale_price":0,"market_be_active":false,"market_be_url":null,"market_be_parent_url":"","market_be_tax_rate":0,"market_be_price_inc_tax":0,"market_be_sale_price_inc_tax":0,"market_fr_price":0,"market_fr_sale_price":0,"market_fr_active":false,"market_fr_url":null,"market_fr_parent_url":"","market_fr_tax_rate":0,"market_fr_price_inc_tax":0,"market_fr_sale_price_inc_tax":0,"market_ch_price":0,"market_ch_sale_price":0,"market_ch_active":false,"market_ch_url":null,"market_ch_parent_url":"","market_ch_tax_rate":0,"market_ch_price_inc_tax":0,"market_ch_sale_price_inc_tax":0,"market_at_price":0,"market_at_sale_price":0,"market_at_active":false,"market_at_url":null,"market_at_parent_url":"","market_at_tax_rate":0,"market_at_price_inc_tax":0,"market_at_sale_price_inc_tax":0,"market_es_price":0,"market_es_sale_price":0,"market_es_active":false,"market_es_url":null,"market_es_parent_url":"","market_es_tax_rate":0,"market_es_price_inc_tax":0,"market_es_sale_price_inc_tax":0,"market_dk_price":0,"market_dk_sale_price":0,"market_dk_active":false,"market_dk_url":null,"market_dk_parent_url":"","market_dk_tax_rate":0,"market_dk_price_inc_tax":0,"market_dk_sale_price_inc_tax":0,"market_com_price":0,"market_com_sale_price":0,"market_com_active":false,"market_com_url":null,"market_com_parent_url":"","market_com_tax_rate":0,"market_com_price_inc_tax":0,"market_com_sale_price_inc_tax":0,"acf":[],"_links":{"self":[{"href":"https:\/\/www.pharmacy4pets.nl\/be\/wp-json\/wp\/v2\/product\/120155","targetHints":{"allow":["GET"]}}],"collection":[{"href":"https:\/\/www.pharmacy4pets.nl\/be\/wp-json\/wp\/v2\/product"}],"about":[{"href":"https:\/\/www.pharmacy4pets.nl\/be\/wp-json\/wp\/v2\/types\/product"}],"replies":[{"embeddable":true,"href":"https:\/\/www.pharmacy4pets.nl\/be\/wp-json\/wp\/v2\/comments?post=120155"}],"wp:featuredmedia":[{"embeddable":true,"href":"https:\/\/www.pharmacy4pets.nl\/be\/wp-json\/wp\/v2\/media\/120154"}],"wp:attachment":[{"href":"https:\/\/www.pharmacy4pets.nl\/be\/wp-json\/wp\/v2\/media?parent=120155"}],"wp:term":[{"taxonomy":"product_brand","embeddable":true,"href":"https:\/\/www.pharmacy4pets.nl\/be\/wp-json\/wp\/v2\/product_brand?post=120155"},{"taxonomy":"product_cat","embeddable":true,"href":"https:\/\/www.pharmacy4pets.nl\/be\/wp-json\/wp\/v2\/product_cat?post=120155"},{"taxonomy":"product_tag","embeddable":true,"href":"https:\/\/www.pharmacy4pets.nl\/be\/wp-json\/wp\/v2\/product_tag?post=120155"}],"curies":[{"name":"wp","href":"https:\/\/api.w.org\/{rel}","templated":true}]}}