{"id":120151,"date":"2023-03-10T12:18:35","date_gmt":"2023-03-10T12:18:35","guid":{"rendered":"https:\/\/p4p.test\/sectolin-electrolytes-3-kg"},"modified":"2026-03-25T12:04:50","modified_gmt":"2026-03-25T12:04:50","slug":"sectolin-electrolytes-3-kg","status":"publish","type":"product","link":"https:\/\/www.pharmacy4pets.nl\/be\/sectolin-electrolytes-3-kg","title":{"rendered":"Sectolin Electrolytes | 3 kg"},"content":{"rendered":"<p>Sectolin Electrolytes is een aanvullend diervoeder ter bevordering van de regulatie van de vochtbalans (tijdens en na periodes van inspanning en zweten) bij paarden. Deze hoogwaardige oplosbare elektrolytenmix bevat toegevoegde smaakstoffen om de smakelijkheid te vergroten.<\/p>\n<p>Gebruiksaanwijzing (voederadvies):<\/p>\n<table>\n<tbody>\n<tr>\n<td width=\"201\">\n<p><strong>Arbeid<\/strong><\/p>\n<\/td>\n<td width=\"201\">\n<p><strong>Paard 500 kg<\/strong><\/p>\n<\/td>\n<td width=\"201\">\n<p><strong>Per 100 kg lichaamsgewicht<\/strong><\/p>\n<\/td>\n<\/tr>\n<tr>\n<td width=\"201\">\n<p>Licht<\/p>\n<\/td>\n<td width=\"201\">\n<p>50 g \/ dag<\/p>\n<\/td>\n<td width=\"201\">\n<p>10 g \/ dag<\/p>\n<\/td>\n<\/tr>\n<tr>\n<td width=\"201\">\n<p>Middel<\/p>\n<\/td>\n<td width=\"201\">\n<p>100 g \/ dag<\/p>\n<\/td>\n<td width=\"201\">\n<p>20 g \/ dag<\/p>\n<\/td>\n<\/tr>\n<tr>\n<td width=\"201\">\n<p>Zwaar<\/p>\n<\/td>\n<td width=\"201\">\n<p>150 g \/ dag<\/p>\n<\/td>\n<td width=\"201\">\n<p>30 g \/ dag<\/p>\n<\/td>\n<\/tr>\n<\/tbody>\n<\/table>\n<p>Een maatschepje = ca. 25 g. Een emmer van 1 kg is bij een dagelijkse dosering van 50 g voldoende voor ca. 20 dagen. Water moet te allen tijde beschikbaar zijn.<\/p>\n<p>Bewaren:<br \/>Hersluit met deksel. Op een droge plaats bij kamertemperatuur bewaren. Buiten bereik van kinderen houden.<\/p>\n<p>Samenstelling:<br \/>Dextrose, natriumchloride, natriumbicarbonaat, Kaliumchloride, Magnesiumsulfaat.<\/p>\n<p>Analytische bestanddelen per kg:<br \/>Ruw eiwit 0,1%<br \/>Magnesium 0,3 g<br \/>Natrium 77,6 g<br \/>Ruwe as 18,2%<\/p>\n<p>Sensoriele toevoegingsmiddelen per kg:<br \/>Mengsel van aromatische stoffen 2,3 g<\/p>\n","protected":false},"excerpt":{"rendered":"<p>Sectolin Electrolytes is een aanvullend diervoeder ter bevordering van de regulatie van de vochtbalans (tijdens en na periodes van inspanning en zweten) bij paarden. Deze hoogwaardige oplosbare elektrolytenmix bevat toegevoegde smaakstoffen om de smakelijkheid te vergroten. Gebruiksaanwijzing (voederadvies): Arbeid Paard 500 kg Per 100 kg lichaamsgewicht Licht 50 g \/ dag 10 g \/ dag [&hellip;]<\/p>\n","protected":false},"featured_media":120150,"comment_status":"open","ping_status":"closed","template":"","meta":{"_acf_changed":false,"_nl_post_content":"<p>Sectolin Electrolytes is een aanvullend diervoeder ter bevordering van de regulatie van de vochtbalans (tijdens en na periodes van inspanning en zweten) bij paarden. Deze hoogwaardige oplosbare elektrolytenmix bevat toegevoegde smaakstoffen om de smakelijkheid te vergroten.<\/p>\r\n<p>Gebruiksaanwijzing (voederadvies):<\/p>\r\n<table>\r\n<tbody>\r\n<tr>\r\n<td width=\"201\">\r\n<p><strong>Arbeid<\/strong><\/p>\r\n<\/td>\r\n<td width=\"201\">\r\n<p><strong>Paard 500 kg<\/strong><\/p>\r\n<\/td>\r\n<td width=\"201\">\r\n<p><strong>Per 100 kg lichaamsgewicht<\/strong><\/p>\r\n<\/td>\r\n<\/tr>\r\n<tr>\r\n<td width=\"201\">\r\n<p>Licht<\/p>\r\n<\/td>\r\n<td width=\"201\">\r\n<p>50 g \/ dag<\/p>\r\n<\/td>\r\n<td width=\"201\">\r\n<p>10 g \/ dag<\/p>\r\n<\/td>\r\n<\/tr>\r\n<tr>\r\n<td width=\"201\">\r\n<p>Middel<\/p>\r\n<\/td>\r\n<td width=\"201\">\r\n<p>100 g \/ dag<\/p>\r\n<\/td>\r\n<td width=\"201\">\r\n<p>20 g \/ dag<\/p>\r\n<\/td>\r\n<\/tr>\r\n<tr>\r\n<td width=\"201\">\r\n<p>Zwaar<\/p>\r\n<\/td>\r\n<td width=\"201\">\r\n<p>150 g \/ dag<\/p>\r\n<\/td>\r\n<td width=\"201\">\r\n<p>30 g \/ dag<\/p>\r\n<\/td>\r\n<\/tr>\r\n<\/tbody>\r\n<\/table>\r\n<p>Een maatschepje = ca. 25 g. Een emmer van 1 kg is bij een dagelijkse dosering van 50 g voldoende voor ca. 20 dagen. Water moet te allen tijde beschikbaar zijn.<\/p>\r\n<p>Bewaren:<br \/>Hersluit met deksel. Op een droge plaats bij kamertemperatuur bewaren. Buiten bereik van kinderen houden.<\/p>\r\n<p>Samenstelling:<br \/>Dextrose, natriumchloride, natriumbicarbonaat, Kaliumchloride, Magnesiumsulfaat.<\/p>\r\n<p>Analytische bestanddelen per kg:<br \/>Ruw eiwit 0,1%<br \/>Magnesium 0,3 g<br \/>Natrium 77,6 g<br \/>Ruwe as 18,2%<\/p>\r\n<p>Sensoriele toevoegingsmiddelen per kg:<br \/>Mengsel van aromatische stoffen 2,3 g<\/p>","_nl_post_name":"sectolin-electrolytes-3-kg","_nl_post_excerpt":"","_nl_post_title":"Sectolin Electrolytes | 3 kg","_en_post_content":"<p>Sectolin Electrolytes is a supplementary feed to promote the regulation of fluid balance (during and after periods of exertion and sweating) in horses. This high-quality soluble electrolyte mix contains added flavourings to enhance palatability.<\/p>\r\n<p>Feeding advice:<\/p>\r\n<table>\r\n<tbody>\r\n<tr>\r\n<td width=\"201\">\r\n<p><strong>Labour<\/strong><\/p>\r\n<\/td>\r\n<td width=\"201\">\r\n<p><strong>Horse <\/strong><strong>500 kg<\/strong><\/p>\r\n<\/td>\r\n<td width=\"201\">\r\n<p><strong>Per 100 kg body weight<\/strong><\/p>\r\n<\/td>\r\n<\/tr>\r\n<tr>\r\n<td width=\"201\">\r\n<p>Light<\/p>\r\n<\/td>\r\n<td width=\"201\">\r\n<p>50 g \/ day<\/p>\r\n<\/td>\r\n<td width=\"201\">\r\n<p>10 g \/ day<\/p>\r\n<\/td>\r\n<\/tr>\r\n<tr>\r\n<td width=\"201\">\r\n<p>Medium<\/p>\r\n<\/td>\r\n<td width=\"201\">\r\n<p>100 g \/ day<\/p>\r\n<\/td>\r\n<td width=\"201\">\r\n<p>20 g \/ day<\/p>\r\n<\/td>\r\n<\/tr>\r\n<tr>\r\n<td width=\"201\">\r\n<p>Heavy<\/p>\r\n<\/td>\r\n<td width=\"201\">\r\n<p>150 g \/ day<\/p>\r\n<\/td>\r\n<td width=\"201\">\r\n<p>30 g \/ day<\/p>\r\n<\/td>\r\n<\/tr>\r\n<\/tbody>\r\n<\/table>\r\n<p>A measuring scoop = approx. 25 g. A 1 kg bucket fed at a daily dose of 50 g is sufficient for about 20 days. Water must be available at all times.<\/p>\r\n<p>Storage:<br \/>Replace the lid. Store in a dry place, at room temperature. Keep out of reach of children.<\/p>\r\n<p>Composition:<br \/>Dextrose, Sodium chloride, Sodium bicarbonate, Potassium chloride, Magnesium sulphate.<\/p>\r\n<p>Analytical constituents per kg:<br \/>Crude protein 0.1%<br \/>Magnesium 0.3 g<br \/>Sodium 77.6 g<br \/>Crude ash 18.2%.<\/p>\r\n<p>Sensory additives per kg:<br \/>Mixture of aromatic substances 2.3 g<\/p>","_en_post_name":"sectolin-electrolytes-3-kg","_en_post_excerpt":"","_en_post_title":"Sectolin Electrolytes | 3 kg","_de_post_content":"<p>Sectolin Electrolytes ist ein Erg\u00e4nzungsfuttermittel zur F\u00f6rderung der Regulierung des Fl\u00fcssigkeitshaushalts (w\u00e4hrend und nach Belastungs- und Schwitzphasen) bei Pferden. Diese hochwertige l\u00f6sliche Elektrolytmischung enth\u00e4lt zus\u00e4tzliche Aromastoffe, um die Schmackhaftigkeit zu erh\u00f6hen.<\/p>\r\n<p>F\u00fctterungsempfehlung:<\/p>\r\n<table>\r\n<tbody>\r\n<tr>\r\n<td width=\"201\">\r\n<p><strong>Arbeit<\/strong><\/p>\r\n<\/td>\r\n<td width=\"201\">\r\n<p><strong>Pferd 500 kg<\/strong><\/p>\r\n<\/td>\r\n<td width=\"201\">\r\n<p><strong>Pro 100 kg K\u00f6rpergewicht<\/strong><\/p>\r\n<\/td>\r\n<\/tr>\r\n<tr>\r\n<td width=\"201\">\r\n<p>Licht<\/p>\r\n<\/td>\r\n<td width=\"201\">\r\n<p>50 g \/ Tag<\/p>\r\n<\/td>\r\n<td width=\"201\">\r\n<p>10 g \/ Tag<\/p>\r\n<\/td>\r\n<\/tr>\r\n<tr>\r\n<td width=\"201\">\r\n<p>Mittel<\/p>\r\n<\/td>\r\n<td width=\"201\">\r\n<p>100 g \/ Tag<\/p>\r\n<\/td>\r\n<td width=\"201\">\r\n<p>20 g \/ Tag<\/p>\r\n<\/td>\r\n<\/tr>\r\n<tr>\r\n<td width=\"201\">\r\n<p>Schwer<\/p>\r\n<\/td>\r\n<td width=\"201\">\r\n<p>150 g \/ Tag<\/p>\r\n<\/td>\r\n<td width=\"201\">\r\n<p>30 g \/ Tag<\/p>\r\n<\/td>\r\n<\/tr>\r\n<\/tbody>\r\n<\/table>\r\n<p>Ein Messl\u00f6ffel = ca. 25 g. Ein 1 kg Eimer reicht bei einer t\u00e4glichen Dosierung von 50 g f\u00fcr ca. 20 Tage. Es sollte immer Wasser zur Verf\u00fcgung stehen.<\/p>\r\n<p>Lagerung:<br \/>Mit Deckel wieder verschlie\u00dfen. An einem trockenen Ort bei Raumtemperatur aufbewahren. Au\u00dferhalb der Reichweite von Kindern aufbewahren.<\/p>\r\n<p>Zusammensetzung:<br \/>Traubenzucker, Natriumchlorid, Natriumbicarbonat, Kaliumchlorid, Magnesiumsulfat.<\/p>\r\n<p>Analytische Bestandteile pro kg:<br \/>Rohprotein 0,1 %<br \/>Magnesium 0,3 g<br \/>Natrium 77,6 g<br \/>Rohasche 18,2 %<\/p>\r\n<p>Sensorische Zusatzstoffe pro kg:<br \/>Mischung aus aromatischen Substanzen 2,3 g<\/p>","_de_post_name":"sectolin-electrolytes-3-kg","_de_post_excerpt":"","_de_post_title":"Sectolin Electrolytes | 3 kg","_fr_post_content":"<p>Sectolin Electrolytes est un aliment compl\u00e9mentaire destin\u00e9 \u00e0 favoriser la r\u00e9gulation de l'\u00e9quilibre hydrique (pendant et apr\u00e8s les p\u00e9riodes d'effort et de transpiration) chez les chevaux. Ce m\u00e9lange d'\u00e9lectrolytes solubles de haute qualit\u00e9 contient des ar\u00f4mes ajout\u00e9s pour am\u00e9liorer l'app\u00e9tence.<\/p>\r\n<p>Conseils d'alimentation :<\/p>\r\n<table>\r\n<tbody>\r\n<tr>\r\n<td width=\"201\">\r\n<p><strong>Travail<\/strong><\/p>\r\n<\/td>\r\n<td width=\"201\">\r\n<p><strong>Cheval <\/strong><strong>500 kg<\/strong><\/p>\r\n<\/td>\r\n<td width=\"201\">\r\n<p><strong>Par 100 kg de poids corporel<\/strong><\/p>\r\n<\/td>\r\n<\/tr>\r\n<tr>\r\n<td width=\"201\">\r\n<p>L\u00e9ger<\/p>\r\n<\/td>\r\n<td width=\"201\">\r\n<p>50 g \/ jour<\/p>\r\n<\/td>\r\n<td width=\"201\">\r\n<p>10 g \/ jour<\/p>\r\n<\/td>\r\n<\/tr>\r\n<tr>\r\n<td width=\"201\">\r\n<p>Moyen<\/p>\r\n<\/td>\r\n<td width=\"201\">\r\n<p>100 g \/ jour<\/p>\r\n<\/td>\r\n<td width=\"201\">\r\n<p>20 g \/ jour<\/p>\r\n<\/td>\r\n<\/tr>\r\n<tr>\r\n<td width=\"201\">\r\n<p>Lourd<\/p>\r\n<\/td>\r\n<td width=\"201\">\r\n<p>150 g \/ jour<\/p>\r\n<\/td>\r\n<td width=\"201\">\r\n<p>30 g \/ jour<\/p>\r\n<\/td>\r\n<\/tr>\r\n<\/tbody>\r\n<\/table>\r\n<p>Une cuill\u00e8re doseuse = environ 25 g. Un seau de 1 kg suffit pour 20 jours \u00e0 une dose quotidienne de 50 g par jour. Mettre de l\u2019eau \u00e0 disposition en permanence.<\/p>\r\n<p>Conservation :<br \/>Refermer le couvercle. \u00c0 conserver dans un endroit au sec \u00e0 temp\u00e9rature ambiante. Tenir hors de port\u00e9e des enfants.<\/p>\r\n<p>Composition :<br \/>Dextrose, chlorure de sodium, bicarbonate de sodium, chlorure de potassium, sulfate de magn\u00e9sium.<\/p>\r\n<p>Constituants analytiques par kg :<br \/>Prot\u00e9ine brute 0,1%.<br \/>Magn\u00e9sium 0,3 g<br \/>Sodium 77,6 g<br \/>Cendre brute 18.2%.<\/p>\r\n<p>Additifs sensoriels par kg :<br \/>M\u00e9lange de substances aromatiques 2,3 g<\/p>","_fr_post_name":"sectolin-electrolytes-3-kg","_fr_post_excerpt":"","_fr_post_title":"Sectolin Electrolytes | 3 kg","_es_post_content":"<p>Sectolin Electrolytes es un alimento complementario para favorecer la regulaci\u00f3n del equilibrio de l\u00edquidos (durante y despu\u00e9s de los periodos de esfuerzo y sudoraci\u00f3n) en los caballos. Esta mezcla de electrolitos solubles de alta calidad contiene aromas a\u00f1adidos para mejorar la palatabilidad.<\/p>\r\n<p>Instrucciones de uso (consejos de alimentaci\u00f3n):<\/p>\r\n<table>\r\n<tbody>\r\n<tr>\r\n<td width=\"201\">\r\n<p><strong>Laboral<\/strong><\/p>\r\n<\/td>\r\n<td width=\"201\">\r\n<p><strong>Caballo 500 kg<\/strong><\/p>\r\n<\/td>\r\n<td width=\"201\">\r\n<p><strong>Por 100 kg de peso corporal<\/strong><\/p>\r\n<\/td>\r\n<\/tr>\r\n<tr>\r\n<td width=\"201\">\r\n<p>Ligero<\/p>\r\n<\/td>\r\n<td width=\"201\">\r\n<p>50 g \/ d\u00eda<\/p>\r\n<\/td>\r\n<td width=\"201\">\r\n<p>10 g \/ d\u00eda<\/p>\r\n<\/td>\r\n<\/tr>\r\n<tr>\r\n<td width=\"201\">\r\n<p>Medio<\/p>\r\n<\/td>\r\n<td width=\"201\">\r\n<p>100 g \/ d\u00eda<\/p>\r\n<\/td>\r\n<td width=\"201\">\r\n<p>20 g \/ d\u00eda<\/p>\r\n<\/td>\r\n<\/tr>\r\n<tr>\r\n<td width=\"201\">\r\n<p>Pesado<\/p>\r\n<\/td>\r\n<td width=\"201\">\r\n<p>150 g \/ d\u00eda<\/p>\r\n<\/td>\r\n<td width=\"201\">\r\n<p>30 g \/ d\u00eda<\/p>\r\n<\/td>\r\n<\/tr>\r\n<\/tbody>\r\n<\/table>\r\n<p>Una cuchara dosificadora = aprox. 25 g. Un cubo de 1 kg, con una dosis diaria de 50 g, es suficiente para aprox. 20 d\u00edas. Debe disponerse de agua en todo momento.<\/p>\r\n<p>Conservaci\u00f3n:<br \/>Volver a cerrar con tapa. Almacenar en un lugar seco a temperatura ambiente. Mantener fuera del alcance de los ni\u00f1os.<\/p>\r\n<p>Composici\u00f3n:<br \/>Dextrosa, cloruro de sodio, bicarbonato de sodio, cloruro de potasio, sulfato de magnesio.<\/p>\r\n<p>Constituyentes anal\u00edticos por kg:<br \/>Prote\u00edna bruta 0,1%.<br \/>Magnesio 0,3 g<br \/>Sodio 77,6 g<br \/>Ceniza bruta 18,2%.<\/p>\r\n<p>Aditivos sensoriales por kg:<br \/>Mezcla de sustancias arom\u00e1ticas 2,3 g<\/p>","_es_post_name":"sectolin-electrolytes-3-kg","_es_post_excerpt":"","_es_post_title":"Sectolin Electrolytes | 3 kg","edit_language":"nl"},"product_brand":[],"product_cat":[1812,2015,1811,1857,1809,2087],"product_tag":[],"class_list":{"0":"post-120151","1":"product","2":"type-product","3":"status-publish","4":"has-post-thumbnail","6":"product_cat-gewrichten-spieren","7":"product_cat-immuunsysteem-weerstand","8":"product_cat-medicijnen-supplementen","9":"product_cat-merken","10":"product_cat-paarden","11":"product_cat-sectolin","12":"pa_aandoening-overig","13":"pa_doeldier-paard","14":"pa_fabricatieland-nederland","15":"pa_merkfilter-sectolin","16":"pa_merkgroep-sectolin","17":"pa_productsoort-voedingssupplement","18":"pa_toedieningswijze-overig","19":"pa_unit_pricing_base_measure-1kg","20":"pa_unit_pricing_measure-3kg","21":"pa_werkzamestof-overig","23":"first","24":"instock","25":"taxable","26":"shipping-taxable","27":"purchasable","28":"product-type-simple"},"yoast_head":"<!-- This site is optimized with the Yoast SEO plugin v27.5 - https:\/\/yoast.com\/product\/yoast-seo-wordpress\/ -->\n<title>Sectolin Electrolytes | 3 kg - Pharmacy4pets<\/title>\n<meta name=\"robots\" content=\"index, follow, max-snippet:-1, max-image-preview:large, max-video-preview:-1\" \/>\n<link rel=\"canonical\" href=\"https:\/\/www.pharmacy4pets.nl\/sectolin-electrolytes-3-kg\" \/>\n<meta property=\"og:locale\" content=\"nl_NL\" \/>\n<meta property=\"og:type\" content=\"article\" \/>\n<meta property=\"og:title\" content=\"Sectolin Electrolytes | 3 kg - Pharmacy4pets\" \/>\n<meta property=\"og:description\" content=\"Sectolin Electrolytes is een aanvullend diervoeder ter bevordering van de regulatie van de vochtbalans (tijdens en na periodes van inspanning en zweten) bij paarden. Deze hoogwaardige oplosbare elektrolytenmix bevat toegevoegde smaakstoffen om de smakelijkheid te vergroten. Gebruiksaanwijzing (voederadvies): Arbeid Paard 500 kg Per 100 kg lichaamsgewicht Licht 50 g \/ dag 10 g \/ dag [&hellip;]\" \/>\n<meta property=\"og:url\" content=\"https:\/\/www.pharmacy4pets.nl\/sectolin-electrolytes-3-kg\" \/>\n<meta property=\"og:site_name\" content=\"Pharmacy4pets\" \/>\n<meta property=\"article:publisher\" content=\"https:\/\/www.facebook.com\/people\/Pharmacy4petsnl\/100063484989896\/\" \/>\n<meta property=\"article:modified_time\" content=\"2026-03-25T12:04:50+00:00\" \/>\n<meta property=\"og:image\" content=\"https:\/\/www.pharmacy4pets.nl\/wp-content\/uploads\/2023\/03\/25891.jpg\" \/>\n\t<meta property=\"og:image:width\" content=\"600\" \/>\n\t<meta property=\"og:image:height\" content=\"600\" \/>\n\t<meta property=\"og:image:type\" content=\"image\/jpeg\" \/>\n<meta name=\"twitter:card\" content=\"summary_large_image\" \/>\n<meta name=\"twitter:label1\" content=\"Geschatte leestijd\" \/>\n\t<meta name=\"twitter:data1\" content=\"1 minuut\" \/>\n<script type=\"application\/ld+json\" class=\"yoast-schema-graph\">{\"@context\":\"https:\\\/\\\/schema.org\",\"@graph\":[{\"@type\":\"WebPage\",\"@id\":\"https:\\\/\\\/www.pharmacy4pets.nl\\\/sectolin-electrolytes-3-kg\",\"url\":\"https:\\\/\\\/www.pharmacy4pets.nl\\\/sectolin-electrolytes-3-kg\",\"name\":\"Sectolin Electrolytes | 3 kg - Pharmacy4pets\",\"isPartOf\":{\"@id\":\"http:\\\/\\\/www.pharmacy4pets.nl\\\/#website\"},\"primaryImageOfPage\":{\"@id\":\"https:\\\/\\\/www.pharmacy4pets.nl\\\/sectolin-electrolytes-3-kg#primaryimage\"},\"image\":{\"@id\":\"https:\\\/\\\/www.pharmacy4pets.nl\\\/sectolin-electrolytes-3-kg#primaryimage\"},\"thumbnailUrl\":\"https:\\\/\\\/www.pharmacy4pets.nl\\\/wp-content\\\/uploads\\\/2023\\\/03\\\/25891.jpg\",\"datePublished\":\"2023-03-10T12:18:35+00:00\",\"dateModified\":\"2026-03-25T12:04:50+00:00\",\"breadcrumb\":{\"@id\":\"https:\\\/\\\/www.pharmacy4pets.nl\\\/sectolin-electrolytes-3-kg#breadcrumb\"},\"inLanguage\":\"nl-NL\",\"potentialAction\":[{\"@type\":\"ReadAction\",\"target\":[\"https:\\\/\\\/www.pharmacy4pets.nl\\\/sectolin-electrolytes-3-kg\"]}]},{\"@type\":\"ImageObject\",\"inLanguage\":\"nl-NL\",\"@id\":\"https:\\\/\\\/www.pharmacy4pets.nl\\\/sectolin-electrolytes-3-kg#primaryimage\",\"url\":\"https:\\\/\\\/www.pharmacy4pets.nl\\\/wp-content\\\/uploads\\\/2023\\\/03\\\/25891.jpg\",\"contentUrl\":\"https:\\\/\\\/www.pharmacy4pets.nl\\\/wp-content\\\/uploads\\\/2023\\\/03\\\/25891.jpg\",\"width\":600,\"height\":600,\"caption\":\"Sectolin\"},{\"@type\":\"BreadcrumbList\",\"@id\":\"https:\\\/\\\/www.pharmacy4pets.nl\\\/sectolin-electrolytes-3-kg#breadcrumb\",\"itemListElement\":[{\"@type\":\"ListItem\",\"position\":1,\"name\":\"Home\",\"item\":\"https:\\\/\\\/p4p-nl.bootmine.com\\\/\"},{\"@type\":\"ListItem\",\"position\":2,\"name\":\"Winkel\",\"item\":\"https:\\\/\\\/p4p-nl.bootmine.com\\\/winkel\"},{\"@type\":\"ListItem\",\"position\":3,\"name\":\"Sectolin Electrolytes | 3 kg\"}]},{\"@type\":\"WebSite\",\"@id\":\"http:\\\/\\\/www.pharmacy4pets.nl\\\/#website\",\"url\":\"http:\\\/\\\/www.pharmacy4pets.nl\\\/\",\"name\":\"Pharmacy4pets\",\"description\":\"Pharmacy4pets.nl is d\u00e9 online apotheek waar u terecht kunt voor alle diergeneesmiddelen, verzorgingsproducten en dieetvoeding voor uw huisdier.\",\"publisher\":{\"@id\":\"http:\\\/\\\/www.pharmacy4pets.nl\\\/#organization\"},\"potentialAction\":[{\"@type\":\"SearchAction\",\"target\":{\"@type\":\"EntryPoint\",\"urlTemplate\":\"http:\\\/\\\/www.pharmacy4pets.nl\\\/?s={search_term_string}\"},\"query-input\":{\"@type\":\"PropertyValueSpecification\",\"valueRequired\":true,\"valueName\":\"search_term_string\"}}],\"inLanguage\":\"nl-NL\"},{\"@type\":\"Organization\",\"@id\":\"http:\\\/\\\/www.pharmacy4pets.nl\\\/#organization\",\"name\":\"Pharmacy4pets\",\"url\":\"http:\\\/\\\/www.pharmacy4pets.nl\\\/\",\"logo\":{\"@type\":\"ImageObject\",\"inLanguage\":\"nl-NL\",\"@id\":\"http:\\\/\\\/www.pharmacy4pets.nl\\\/#\\\/schema\\\/logo\\\/image\\\/\",\"url\":\"https:\\\/\\\/p4p-nl.bootmine.com\\\/wp-content\\\/uploads\\\/2026\\\/03\\\/logo-pharmacy4pets.png\",\"contentUrl\":\"https:\\\/\\\/p4p-nl.bootmine.com\\\/wp-content\\\/uploads\\\/2026\\\/03\\\/logo-pharmacy4pets.png\",\"width\":1024,\"height\":135,\"caption\":\"Pharmacy4pets\"},\"image\":{\"@id\":\"http:\\\/\\\/www.pharmacy4pets.nl\\\/#\\\/schema\\\/logo\\\/image\\\/\"},\"sameAs\":[\"https:\\\/\\\/www.facebook.com\\\/people\\\/Pharmacy4petsnl\\\/100063484989896\\\/\",\"https:\\\/\\\/www.youtube.com\\\/channel\\\/UCGPTIgucgli03tP2_kvLkHg\\\/featured\",\"https:\\\/\\\/www.instagram.com\\\/pharmacy4pets.nl\"]}]}<\/script>\n<!-- \/ Yoast SEO plugin. -->","yoast_head_json":{"title":"Sectolin Electrolytes | 3 kg - Pharmacy4pets","robots":{"index":"index","follow":"follow","max-snippet":"max-snippet:-1","max-image-preview":"max-image-preview:large","max-video-preview":"max-video-preview:-1"},"canonical":"https:\/\/www.pharmacy4pets.nl\/sectolin-electrolytes-3-kg","og_locale":"nl_NL","og_type":"article","og_title":"Sectolin Electrolytes | 3 kg - Pharmacy4pets","og_description":"Sectolin Electrolytes is een aanvullend diervoeder ter bevordering van de regulatie van de vochtbalans (tijdens en na periodes van inspanning en zweten) bij paarden. Deze hoogwaardige oplosbare elektrolytenmix bevat toegevoegde smaakstoffen om de smakelijkheid te vergroten. Gebruiksaanwijzing (voederadvies): Arbeid Paard 500 kg Per 100 kg lichaamsgewicht Licht 50 g \/ dag 10 g \/ dag [&hellip;]","og_url":"https:\/\/www.pharmacy4pets.nl\/sectolin-electrolytes-3-kg","og_site_name":"Pharmacy4pets","article_publisher":"https:\/\/www.facebook.com\/people\/Pharmacy4petsnl\/100063484989896\/","article_modified_time":"2026-03-25T12:04:50+00:00","og_image":[{"width":600,"height":600,"url":"https:\/\/www.pharmacy4pets.nl\/wp-content\/uploads\/2023\/03\/25891.jpg","type":"image\/jpeg"}],"twitter_card":"summary_large_image","twitter_misc":{"Geschatte leestijd":"1 minuut"},"schema":{"@context":"https:\/\/schema.org","@graph":[{"@type":"WebPage","@id":"https:\/\/www.pharmacy4pets.nl\/sectolin-electrolytes-3-kg","url":"https:\/\/www.pharmacy4pets.nl\/sectolin-electrolytes-3-kg","name":"Sectolin Electrolytes | 3 kg - Pharmacy4pets","isPartOf":{"@id":"http:\/\/www.pharmacy4pets.nl\/#website"},"primaryImageOfPage":{"@id":"https:\/\/www.pharmacy4pets.nl\/sectolin-electrolytes-3-kg#primaryimage"},"image":{"@id":"https:\/\/www.pharmacy4pets.nl\/sectolin-electrolytes-3-kg#primaryimage"},"thumbnailUrl":"https:\/\/www.pharmacy4pets.nl\/wp-content\/uploads\/2023\/03\/25891.jpg","datePublished":"2023-03-10T12:18:35+00:00","dateModified":"2026-03-25T12:04:50+00:00","breadcrumb":{"@id":"https:\/\/www.pharmacy4pets.nl\/sectolin-electrolytes-3-kg#breadcrumb"},"inLanguage":"nl-NL","potentialAction":[{"@type":"ReadAction","target":["https:\/\/www.pharmacy4pets.nl\/sectolin-electrolytes-3-kg"]}]},{"@type":"ImageObject","inLanguage":"nl-NL","@id":"https:\/\/www.pharmacy4pets.nl\/sectolin-electrolytes-3-kg#primaryimage","url":"https:\/\/www.pharmacy4pets.nl\/wp-content\/uploads\/2023\/03\/25891.jpg","contentUrl":"https:\/\/www.pharmacy4pets.nl\/wp-content\/uploads\/2023\/03\/25891.jpg","width":600,"height":600,"caption":"Sectolin"},{"@type":"BreadcrumbList","@id":"https:\/\/www.pharmacy4pets.nl\/sectolin-electrolytes-3-kg#breadcrumb","itemListElement":[{"@type":"ListItem","position":1,"name":"Home","item":"https:\/\/p4p-nl.bootmine.com\/"},{"@type":"ListItem","position":2,"name":"Winkel","item":"https:\/\/p4p-nl.bootmine.com\/winkel"},{"@type":"ListItem","position":3,"name":"Sectolin Electrolytes | 3 kg"}]},{"@type":"WebSite","@id":"http:\/\/www.pharmacy4pets.nl\/#website","url":"http:\/\/www.pharmacy4pets.nl\/","name":"Pharmacy4pets","description":"Pharmacy4pets.nl is d\u00e9 online apotheek waar u terecht kunt voor alle diergeneesmiddelen, verzorgingsproducten en dieetvoeding voor uw huisdier.","publisher":{"@id":"http:\/\/www.pharmacy4pets.nl\/#organization"},"potentialAction":[{"@type":"SearchAction","target":{"@type":"EntryPoint","urlTemplate":"http:\/\/www.pharmacy4pets.nl\/?s={search_term_string}"},"query-input":{"@type":"PropertyValueSpecification","valueRequired":true,"valueName":"search_term_string"}}],"inLanguage":"nl-NL"},{"@type":"Organization","@id":"http:\/\/www.pharmacy4pets.nl\/#organization","name":"Pharmacy4pets","url":"http:\/\/www.pharmacy4pets.nl\/","logo":{"@type":"ImageObject","inLanguage":"nl-NL","@id":"http:\/\/www.pharmacy4pets.nl\/#\/schema\/logo\/image\/","url":"https:\/\/p4p-nl.bootmine.com\/wp-content\/uploads\/2026\/03\/logo-pharmacy4pets.png","contentUrl":"https:\/\/p4p-nl.bootmine.com\/wp-content\/uploads\/2026\/03\/logo-pharmacy4pets.png","width":1024,"height":135,"caption":"Pharmacy4pets"},"image":{"@id":"http:\/\/www.pharmacy4pets.nl\/#\/schema\/logo\/image\/"},"sameAs":["https:\/\/www.facebook.com\/people\/Pharmacy4petsnl\/100063484989896\/","https:\/\/www.youtube.com\/channel\/UCGPTIgucgli03tP2_kvLkHg\/featured","https:\/\/www.instagram.com\/pharmacy4pets.nl"]}]}},"market_data":{"nl":{"price":0,"sale_price":0,"active":false,"url":null,"parent_url":"","tax_rate":0,"price_inc_tax":0,"sale_price_inc_tax":0},"de":{"price":0,"sale_price":0,"active":false,"url":null,"parent_url":"","tax_rate":0,"price_inc_tax":0,"sale_price_inc_tax":0},"be":{"price":0,"sale_price":0,"active":false,"url":null,"parent_url":"","tax_rate":0,"price_inc_tax":0,"sale_price_inc_tax":0},"fr":{"price":0,"sale_price":0,"active":false,"url":null,"parent_url":"","tax_rate":0,"price_inc_tax":0,"sale_price_inc_tax":0},"ch":{"price":0,"sale_price":0,"active":false,"url":null,"parent_url":"","tax_rate":0,"price_inc_tax":0,"sale_price_inc_tax":0},"at":{"price":0,"sale_price":0,"active":false,"url":null,"parent_url":"","tax_rate":0,"price_inc_tax":0,"sale_price_inc_tax":0},"es":{"price":0,"sale_price":0,"active":false,"url":null,"parent_url":"","tax_rate":0,"price_inc_tax":0,"sale_price_inc_tax":0},"dk":{"price":0,"sale_price":0,"active":false,"url":null,"parent_url":"","tax_rate":0,"price_inc_tax":0,"sale_price_inc_tax":0},"com":{"price":0,"sale_price":0,"active":false,"url":null,"parent_url":"","tax_rate":0,"price_inc_tax":0,"sale_price_inc_tax":0}},"market_nl_price":0,"market_nl_sale_price":0,"market_nl_active":false,"market_nl_url":null,"market_nl_parent_url":"","market_nl_tax_rate":0,"market_nl_price_inc_tax":0,"market_nl_sale_price_inc_tax":0,"market_de_price":0,"market_de_sale_price":0,"market_de_active":false,"market_de_url":null,"market_de_parent_url":"","market_de_tax_rate":0,"market_de_price_inc_tax":0,"market_de_sale_price_inc_tax":0,"market_be_price":0,"market_be_sale_price":0,"market_be_active":false,"market_be_url":null,"market_be_parent_url":"","market_be_tax_rate":0,"market_be_price_inc_tax":0,"market_be_sale_price_inc_tax":0,"market_fr_price":0,"market_fr_sale_price":0,"market_fr_active":false,"market_fr_url":null,"market_fr_parent_url":"","market_fr_tax_rate":0,"market_fr_price_inc_tax":0,"market_fr_sale_price_inc_tax":0,"market_ch_price":0,"market_ch_sale_price":0,"market_ch_active":false,"market_ch_url":null,"market_ch_parent_url":"","market_ch_tax_rate":0,"market_ch_price_inc_tax":0,"market_ch_sale_price_inc_tax":0,"market_at_price":0,"market_at_sale_price":0,"market_at_active":false,"market_at_url":null,"market_at_parent_url":"","market_at_tax_rate":0,"market_at_price_inc_tax":0,"market_at_sale_price_inc_tax":0,"market_es_price":0,"market_es_sale_price":0,"market_es_active":false,"market_es_url":null,"market_es_parent_url":"","market_es_tax_rate":0,"market_es_price_inc_tax":0,"market_es_sale_price_inc_tax":0,"market_dk_price":0,"market_dk_sale_price":0,"market_dk_active":false,"market_dk_url":null,"market_dk_parent_url":"","market_dk_tax_rate":0,"market_dk_price_inc_tax":0,"market_dk_sale_price_inc_tax":0,"market_com_price":0,"market_com_sale_price":0,"market_com_active":false,"market_com_url":null,"market_com_parent_url":"","market_com_tax_rate":0,"market_com_price_inc_tax":0,"market_com_sale_price_inc_tax":0,"acf":[],"_links":{"self":[{"href":"https:\/\/www.pharmacy4pets.nl\/be\/wp-json\/wp\/v2\/product\/120151","targetHints":{"allow":["GET"]}}],"collection":[{"href":"https:\/\/www.pharmacy4pets.nl\/be\/wp-json\/wp\/v2\/product"}],"about":[{"href":"https:\/\/www.pharmacy4pets.nl\/be\/wp-json\/wp\/v2\/types\/product"}],"replies":[{"embeddable":true,"href":"https:\/\/www.pharmacy4pets.nl\/be\/wp-json\/wp\/v2\/comments?post=120151"}],"wp:featuredmedia":[{"embeddable":true,"href":"https:\/\/www.pharmacy4pets.nl\/be\/wp-json\/wp\/v2\/media\/120150"}],"wp:attachment":[{"href":"https:\/\/www.pharmacy4pets.nl\/be\/wp-json\/wp\/v2\/media?parent=120151"}],"wp:term":[{"taxonomy":"product_brand","embeddable":true,"href":"https:\/\/www.pharmacy4pets.nl\/be\/wp-json\/wp\/v2\/product_brand?post=120151"},{"taxonomy":"product_cat","embeddable":true,"href":"https:\/\/www.pharmacy4pets.nl\/be\/wp-json\/wp\/v2\/product_cat?post=120151"},{"taxonomy":"product_tag","embeddable":true,"href":"https:\/\/www.pharmacy4pets.nl\/be\/wp-json\/wp\/v2\/product_tag?post=120151"}],"curies":[{"name":"wp","href":"https:\/\/api.w.org\/{rel}","templated":true}]}}