{"id":120143,"date":"2023-03-10T12:18:34","date_gmt":"2023-03-10T12:18:34","guid":{"rendered":"https:\/\/p4p.test\/sectolin-bright-eye-150-ml"},"modified":"2026-03-25T12:04:48","modified_gmt":"2026-03-25T12:04:48","slug":"sectolin-bright-eye-150-ml","status":"publish","type":"product","link":"https:\/\/www.pharmacy4pets.nl\/be\/sectolin-bright-eye-150-ml","title":{"rendered":"Sectolin Bright Eye | 150 ml"},"content":{"rendered":"<p>Sectolin Bright Eye voor de verzorging van ogen van paarden en andere dieren. Verzorgt tere oogranden. Ook te gebruiken voor optische verfraaiing van de ogen voor keuringen en shows.<\/p>\n<p>Bright Eye spaarzaam aanbrengen rond het dierenoog en de randen hiervan, speciaal in de ooghoeken en op evt. ontstane traanstrepen. Bij gebruik als oog make-up kan men het gehele gebied rondom de ogen zachtjes met Bright Eye inmasseren. Alleen uitwendig gebruiken. Buiten het bereik van kinderen houden.<\/p>\n","protected":false},"excerpt":{"rendered":"<p>Sectolin Bright Eye voor de verzorging van ogen van paarden en andere dieren. Verzorgt tere oogranden. Ook te gebruiken voor optische verfraaiing van de ogen voor keuringen en shows. Bright Eye spaarzaam aanbrengen rond het dierenoog en de randen hiervan, speciaal in de ooghoeken en op evt. ontstane traanstrepen. Bij gebruik als oog make-up kan [&hellip;]<\/p>\n","protected":false},"featured_media":120142,"comment_status":"open","ping_status":"closed","template":"","meta":{"_acf_changed":false,"_nl_post_content":"<p>Sectolin Bright Eye voor de verzorging van ogen van paarden en andere dieren. Verzorgt tere oogranden. Ook te gebruiken voor optische verfraaiing van de ogen voor keuringen en shows.<\/p>\r\n<p>Bright Eye spaarzaam aanbrengen rond het dierenoog en de randen hiervan, speciaal in de ooghoeken en op evt. ontstane traanstrepen. Bij gebruik als oog make-up kan men het gehele gebied rondom de ogen zachtjes met Bright Eye inmasseren. Alleen uitwendig gebruiken. Buiten het bereik van kinderen houden.<\/p>","_nl_post_name":"sectolin-bright-eye-150-ml","_nl_post_excerpt":"","_nl_post_title":"Sectolin Bright Eye | 150 ml","_en_post_content":"<p>Sectolin Bright Eye is for the care of the eyes of horses and other animals. Soothes delicate eye rims. Can also be used for optical embellishment of the eyes for inspections and shows.<\/p>\n<p>Apply Bright Eye sparingly around the animal\u2019s eyes and eye rims, especially in the corners of the eye and on any tear marks. When used as an eye make-up, Bright Eye can be massaged softly onto the entire area around the eye. For external use only. Keep out of reach of children.<\/p>","_en_post_name":"sectolin-bright-eye-150-ml","_en_post_excerpt":"","_en_post_title":"Sectolin Bright Eye | 150 ml","_de_post_content":"<p>Sectolin Bright Eye ist zur Pflege von Augen von Pferde und anderen Tieren. Pflegt empfindliche Augenr\u00e4nder. Kann auch verwendet werden zur optischen Versch\u00f6nerung der Augen f\u00fcr K\u00f6rungen und Shows.<\/p>\n<p>Bright Eye sparsam rund um die Tierenaugen und die R\u00e4nder auftragen, besonders an den Augenwinkeln und evtl. Tr\u00e4nenstreifen. Bei Verwendung als Augen-Make-up, Bright Eye um die Augen herum vorsichtig einmassieren. Nur zur \u00e4u\u00dferlichen Anwendung. Darf nicht in die H\u00e4nde von Kindern gelangen.<\/p>","_de_post_name":"sectolin-bright-eye-150-ml","_de_post_excerpt":"","_de_post_title":"Sectolin Bright Eye | 150 ml","_fr_post_content":"<p>Sectolin Bright Eye est pour le soin des yeux des chevaux et des autres animaux. Prend soin des bords d\u00e9licats des yeux. Peut \u00e9galement \u00eatre utilis\u00e9 pour embellissement optique des yeux pour les comp\u00e9titions et les spectacles.<\/p>\n<p>Appliquez avec mod\u00e9ration Bright Eye autour de l\u2019oeil de l\u2019animal et de ses bords, sp\u00e9cialement dans les coins de l\u2019oeil et sur les traces de larmes qui s\u2019est d\u00e9velopp\u00e9. Si vous l\u2019utilisez comme maquillage pour l\u2019oeil, massez doucement toute la zone situ\u00e9e autour des yeux avec Bright Eye. \u00c0 usage externe uniquement. Tenir hors de port\u00e9e des enfants.<\/p>","_fr_post_name":"sectolin-bright-eye-150-ml","_fr_post_excerpt":"","_fr_post_title":"Sectolin Bright Eye | 150 ml","_es_post_content":"<p>Sectolin Bright Eye para el cuidado de los ojos de caballos y otros animales. Cuida los bordes delicados de los ojos. Tambi\u00e9n puede utilizarse para el embellecimiento \u00f3ptico de los ojos para inspecciones y espect\u00e1culos.<\/p>\n<p>Aplicar Bright Eye con moderaci\u00f3n alrededor del ojo del animal y sus bordes, especialmente en los \u00e1ngulos del ojo y en cualquier mancha lagrimal. Cuando se utiliza como maquillaje de ojos, masajear suavemente toda la zona del ojo con Bright Eye. Utilizar s\u00f3lo externamente. Mantener fuera del alcance de los ni\u00f1os.<\/p>","_es_post_name":"sectolin-bright-eye-150-ml","_es_post_excerpt":"","_es_post_title":"Sectolin Bright Eye | 150 ml","edit_language":"nl"},"product_brand":[],"product_cat":[1811,1857,1816,1809,2087],"product_tag":[],"class_list":{"0":"post-120143","1":"product","2":"type-product","3":"status-publish","4":"has-post-thumbnail","6":"product_cat-medicijnen-supplementen","7":"product_cat-merken","8":"product_cat-ogen","9":"product_cat-paarden","10":"product_cat-sectolin","11":"pa_aandoening-overig","12":"pa_doeldier-paard","13":"pa_fabricatieland-nederland","14":"pa_merkfilter-sectolin","15":"pa_merkgroep-sectolin","16":"pa_productsoort-overig","17":"pa_toedieningswijze-overig","18":"pa_unit_pricing_base_measure-100ml","19":"pa_unit_pricing_measure-150ml","20":"pa_werkzamestof-overig","22":"first","23":"instock","24":"taxable","25":"shipping-taxable","26":"purchasable","27":"product-type-simple"},"yoast_head":"<!-- This site is optimized with the Yoast SEO plugin v27.5 - https:\/\/yoast.com\/product\/yoast-seo-wordpress\/ -->\n<title>Sectolin Bright Eye | 150 ml - Pharmacy4pets<\/title>\n<meta name=\"robots\" content=\"index, follow, max-snippet:-1, max-image-preview:large, max-video-preview:-1\" \/>\n<link rel=\"canonical\" href=\"https:\/\/www.pharmacy4pets.nl\/sectolin-bright-eye-150-ml\" \/>\n<meta property=\"og:locale\" content=\"nl_NL\" \/>\n<meta property=\"og:type\" content=\"article\" \/>\n<meta property=\"og:title\" content=\"Sectolin Bright Eye | 150 ml - Pharmacy4pets\" \/>\n<meta property=\"og:description\" content=\"Sectolin Bright Eye voor de verzorging van ogen van paarden en andere dieren. Verzorgt tere oogranden. Ook te gebruiken voor optische verfraaiing van de ogen voor keuringen en shows. Bright Eye spaarzaam aanbrengen rond het dierenoog en de randen hiervan, speciaal in de ooghoeken en op evt. ontstane traanstrepen. Bij gebruik als oog make-up kan [&hellip;]\" \/>\n<meta property=\"og:url\" content=\"https:\/\/www.pharmacy4pets.nl\/sectolin-bright-eye-150-ml\" \/>\n<meta property=\"og:site_name\" content=\"Pharmacy4pets\" \/>\n<meta property=\"article:publisher\" content=\"https:\/\/www.facebook.com\/people\/Pharmacy4petsnl\/100063484989896\/\" \/>\n<meta property=\"article:modified_time\" content=\"2026-03-25T12:04:48+00:00\" \/>\n<meta property=\"og:image\" content=\"https:\/\/www.pharmacy4pets.nl\/wp-content\/uploads\/2023\/03\/25889.jpg\" \/>\n\t<meta property=\"og:image:width\" content=\"600\" \/>\n\t<meta property=\"og:image:height\" content=\"600\" \/>\n\t<meta property=\"og:image:type\" content=\"image\/jpeg\" \/>\n<meta name=\"twitter:card\" content=\"summary_large_image\" \/>\n<script type=\"application\/ld+json\" class=\"yoast-schema-graph\">{\"@context\":\"https:\\\/\\\/schema.org\",\"@graph\":[{\"@type\":\"WebPage\",\"@id\":\"https:\\\/\\\/www.pharmacy4pets.nl\\\/sectolin-bright-eye-150-ml\",\"url\":\"https:\\\/\\\/www.pharmacy4pets.nl\\\/sectolin-bright-eye-150-ml\",\"name\":\"Sectolin Bright Eye | 150 ml - Pharmacy4pets\",\"isPartOf\":{\"@id\":\"http:\\\/\\\/www.pharmacy4pets.nl\\\/#website\"},\"primaryImageOfPage\":{\"@id\":\"https:\\\/\\\/www.pharmacy4pets.nl\\\/sectolin-bright-eye-150-ml#primaryimage\"},\"image\":{\"@id\":\"https:\\\/\\\/www.pharmacy4pets.nl\\\/sectolin-bright-eye-150-ml#primaryimage\"},\"thumbnailUrl\":\"https:\\\/\\\/www.pharmacy4pets.nl\\\/wp-content\\\/uploads\\\/2023\\\/03\\\/25889.jpg\",\"datePublished\":\"2023-03-10T12:18:34+00:00\",\"dateModified\":\"2026-03-25T12:04:48+00:00\",\"breadcrumb\":{\"@id\":\"https:\\\/\\\/www.pharmacy4pets.nl\\\/sectolin-bright-eye-150-ml#breadcrumb\"},\"inLanguage\":\"nl-NL\",\"potentialAction\":[{\"@type\":\"ReadAction\",\"target\":[\"https:\\\/\\\/www.pharmacy4pets.nl\\\/sectolin-bright-eye-150-ml\"]}]},{\"@type\":\"ImageObject\",\"inLanguage\":\"nl-NL\",\"@id\":\"https:\\\/\\\/www.pharmacy4pets.nl\\\/sectolin-bright-eye-150-ml#primaryimage\",\"url\":\"https:\\\/\\\/www.pharmacy4pets.nl\\\/wp-content\\\/uploads\\\/2023\\\/03\\\/25889.jpg\",\"contentUrl\":\"https:\\\/\\\/www.pharmacy4pets.nl\\\/wp-content\\\/uploads\\\/2023\\\/03\\\/25889.jpg\",\"width\":600,\"height\":600,\"caption\":\"Sectolin\"},{\"@type\":\"BreadcrumbList\",\"@id\":\"https:\\\/\\\/www.pharmacy4pets.nl\\\/sectolin-bright-eye-150-ml#breadcrumb\",\"itemListElement\":[{\"@type\":\"ListItem\",\"position\":1,\"name\":\"Home\",\"item\":\"https:\\\/\\\/p4p-nl.bootmine.com\\\/\"},{\"@type\":\"ListItem\",\"position\":2,\"name\":\"Winkel\",\"item\":\"https:\\\/\\\/p4p-nl.bootmine.com\\\/winkel\"},{\"@type\":\"ListItem\",\"position\":3,\"name\":\"Sectolin Bright Eye | 150 ml\"}]},{\"@type\":\"WebSite\",\"@id\":\"http:\\\/\\\/www.pharmacy4pets.nl\\\/#website\",\"url\":\"http:\\\/\\\/www.pharmacy4pets.nl\\\/\",\"name\":\"Pharmacy4pets\",\"description\":\"Pharmacy4pets.nl is d\u00e9 online apotheek waar u terecht kunt voor alle diergeneesmiddelen, verzorgingsproducten en dieetvoeding voor uw huisdier.\",\"publisher\":{\"@id\":\"http:\\\/\\\/www.pharmacy4pets.nl\\\/#organization\"},\"potentialAction\":[{\"@type\":\"SearchAction\",\"target\":{\"@type\":\"EntryPoint\",\"urlTemplate\":\"http:\\\/\\\/www.pharmacy4pets.nl\\\/?s={search_term_string}\"},\"query-input\":{\"@type\":\"PropertyValueSpecification\",\"valueRequired\":true,\"valueName\":\"search_term_string\"}}],\"inLanguage\":\"nl-NL\"},{\"@type\":\"Organization\",\"@id\":\"http:\\\/\\\/www.pharmacy4pets.nl\\\/#organization\",\"name\":\"Pharmacy4pets\",\"url\":\"http:\\\/\\\/www.pharmacy4pets.nl\\\/\",\"logo\":{\"@type\":\"ImageObject\",\"inLanguage\":\"nl-NL\",\"@id\":\"http:\\\/\\\/www.pharmacy4pets.nl\\\/#\\\/schema\\\/logo\\\/image\\\/\",\"url\":\"https:\\\/\\\/p4p-nl.bootmine.com\\\/wp-content\\\/uploads\\\/2026\\\/03\\\/logo-pharmacy4pets.png\",\"contentUrl\":\"https:\\\/\\\/p4p-nl.bootmine.com\\\/wp-content\\\/uploads\\\/2026\\\/03\\\/logo-pharmacy4pets.png\",\"width\":1024,\"height\":135,\"caption\":\"Pharmacy4pets\"},\"image\":{\"@id\":\"http:\\\/\\\/www.pharmacy4pets.nl\\\/#\\\/schema\\\/logo\\\/image\\\/\"},\"sameAs\":[\"https:\\\/\\\/www.facebook.com\\\/people\\\/Pharmacy4petsnl\\\/100063484989896\\\/\",\"https:\\\/\\\/www.youtube.com\\\/channel\\\/UCGPTIgucgli03tP2_kvLkHg\\\/featured\",\"https:\\\/\\\/www.instagram.com\\\/pharmacy4pets.nl\"]}]}<\/script>\n<!-- \/ Yoast SEO plugin. -->","yoast_head_json":{"title":"Sectolin Bright Eye | 150 ml - Pharmacy4pets","robots":{"index":"index","follow":"follow","max-snippet":"max-snippet:-1","max-image-preview":"max-image-preview:large","max-video-preview":"max-video-preview:-1"},"canonical":"https:\/\/www.pharmacy4pets.nl\/sectolin-bright-eye-150-ml","og_locale":"nl_NL","og_type":"article","og_title":"Sectolin Bright Eye | 150 ml - Pharmacy4pets","og_description":"Sectolin Bright Eye voor de verzorging van ogen van paarden en andere dieren. Verzorgt tere oogranden. Ook te gebruiken voor optische verfraaiing van de ogen voor keuringen en shows. Bright Eye spaarzaam aanbrengen rond het dierenoog en de randen hiervan, speciaal in de ooghoeken en op evt. ontstane traanstrepen. Bij gebruik als oog make-up kan [&hellip;]","og_url":"https:\/\/www.pharmacy4pets.nl\/sectolin-bright-eye-150-ml","og_site_name":"Pharmacy4pets","article_publisher":"https:\/\/www.facebook.com\/people\/Pharmacy4petsnl\/100063484989896\/","article_modified_time":"2026-03-25T12:04:48+00:00","og_image":[{"width":600,"height":600,"url":"https:\/\/www.pharmacy4pets.nl\/wp-content\/uploads\/2023\/03\/25889.jpg","type":"image\/jpeg"}],"twitter_card":"summary_large_image","schema":{"@context":"https:\/\/schema.org","@graph":[{"@type":"WebPage","@id":"https:\/\/www.pharmacy4pets.nl\/sectolin-bright-eye-150-ml","url":"https:\/\/www.pharmacy4pets.nl\/sectolin-bright-eye-150-ml","name":"Sectolin Bright Eye | 150 ml - Pharmacy4pets","isPartOf":{"@id":"http:\/\/www.pharmacy4pets.nl\/#website"},"primaryImageOfPage":{"@id":"https:\/\/www.pharmacy4pets.nl\/sectolin-bright-eye-150-ml#primaryimage"},"image":{"@id":"https:\/\/www.pharmacy4pets.nl\/sectolin-bright-eye-150-ml#primaryimage"},"thumbnailUrl":"https:\/\/www.pharmacy4pets.nl\/wp-content\/uploads\/2023\/03\/25889.jpg","datePublished":"2023-03-10T12:18:34+00:00","dateModified":"2026-03-25T12:04:48+00:00","breadcrumb":{"@id":"https:\/\/www.pharmacy4pets.nl\/sectolin-bright-eye-150-ml#breadcrumb"},"inLanguage":"nl-NL","potentialAction":[{"@type":"ReadAction","target":["https:\/\/www.pharmacy4pets.nl\/sectolin-bright-eye-150-ml"]}]},{"@type":"ImageObject","inLanguage":"nl-NL","@id":"https:\/\/www.pharmacy4pets.nl\/sectolin-bright-eye-150-ml#primaryimage","url":"https:\/\/www.pharmacy4pets.nl\/wp-content\/uploads\/2023\/03\/25889.jpg","contentUrl":"https:\/\/www.pharmacy4pets.nl\/wp-content\/uploads\/2023\/03\/25889.jpg","width":600,"height":600,"caption":"Sectolin"},{"@type":"BreadcrumbList","@id":"https:\/\/www.pharmacy4pets.nl\/sectolin-bright-eye-150-ml#breadcrumb","itemListElement":[{"@type":"ListItem","position":1,"name":"Home","item":"https:\/\/p4p-nl.bootmine.com\/"},{"@type":"ListItem","position":2,"name":"Winkel","item":"https:\/\/p4p-nl.bootmine.com\/winkel"},{"@type":"ListItem","position":3,"name":"Sectolin Bright Eye | 150 ml"}]},{"@type":"WebSite","@id":"http:\/\/www.pharmacy4pets.nl\/#website","url":"http:\/\/www.pharmacy4pets.nl\/","name":"Pharmacy4pets","description":"Pharmacy4pets.nl is d\u00e9 online apotheek waar u terecht kunt voor alle diergeneesmiddelen, verzorgingsproducten en dieetvoeding voor uw huisdier.","publisher":{"@id":"http:\/\/www.pharmacy4pets.nl\/#organization"},"potentialAction":[{"@type":"SearchAction","target":{"@type":"EntryPoint","urlTemplate":"http:\/\/www.pharmacy4pets.nl\/?s={search_term_string}"},"query-input":{"@type":"PropertyValueSpecification","valueRequired":true,"valueName":"search_term_string"}}],"inLanguage":"nl-NL"},{"@type":"Organization","@id":"http:\/\/www.pharmacy4pets.nl\/#organization","name":"Pharmacy4pets","url":"http:\/\/www.pharmacy4pets.nl\/","logo":{"@type":"ImageObject","inLanguage":"nl-NL","@id":"http:\/\/www.pharmacy4pets.nl\/#\/schema\/logo\/image\/","url":"https:\/\/p4p-nl.bootmine.com\/wp-content\/uploads\/2026\/03\/logo-pharmacy4pets.png","contentUrl":"https:\/\/p4p-nl.bootmine.com\/wp-content\/uploads\/2026\/03\/logo-pharmacy4pets.png","width":1024,"height":135,"caption":"Pharmacy4pets"},"image":{"@id":"http:\/\/www.pharmacy4pets.nl\/#\/schema\/logo\/image\/"},"sameAs":["https:\/\/www.facebook.com\/people\/Pharmacy4petsnl\/100063484989896\/","https:\/\/www.youtube.com\/channel\/UCGPTIgucgli03tP2_kvLkHg\/featured","https:\/\/www.instagram.com\/pharmacy4pets.nl"]}]}},"market_data":{"nl":{"price":0,"sale_price":0,"active":false,"url":null,"parent_url":"","tax_rate":0,"price_inc_tax":0,"sale_price_inc_tax":0},"de":{"price":0,"sale_price":0,"active":false,"url":null,"parent_url":"","tax_rate":0,"price_inc_tax":0,"sale_price_inc_tax":0},"be":{"price":0,"sale_price":0,"active":false,"url":null,"parent_url":"","tax_rate":0,"price_inc_tax":0,"sale_price_inc_tax":0},"fr":{"price":0,"sale_price":0,"active":false,"url":null,"parent_url":"","tax_rate":0,"price_inc_tax":0,"sale_price_inc_tax":0},"ch":{"price":0,"sale_price":0,"active":false,"url":null,"parent_url":"","tax_rate":0,"price_inc_tax":0,"sale_price_inc_tax":0},"at":{"price":0,"sale_price":0,"active":false,"url":null,"parent_url":"","tax_rate":0,"price_inc_tax":0,"sale_price_inc_tax":0},"es":{"price":0,"sale_price":0,"active":false,"url":null,"parent_url":"","tax_rate":0,"price_inc_tax":0,"sale_price_inc_tax":0},"dk":{"price":0,"sale_price":0,"active":false,"url":null,"parent_url":"","tax_rate":0,"price_inc_tax":0,"sale_price_inc_tax":0},"com":{"price":0,"sale_price":0,"active":false,"url":null,"parent_url":"","tax_rate":0,"price_inc_tax":0,"sale_price_inc_tax":0}},"market_nl_price":0,"market_nl_sale_price":0,"market_nl_active":false,"market_nl_url":null,"market_nl_parent_url":"","market_nl_tax_rate":0,"market_nl_price_inc_tax":0,"market_nl_sale_price_inc_tax":0,"market_de_price":0,"market_de_sale_price":0,"market_de_active":false,"market_de_url":null,"market_de_parent_url":"","market_de_tax_rate":0,"market_de_price_inc_tax":0,"market_de_sale_price_inc_tax":0,"market_be_price":0,"market_be_sale_price":0,"market_be_active":false,"market_be_url":null,"market_be_parent_url":"","market_be_tax_rate":0,"market_be_price_inc_tax":0,"market_be_sale_price_inc_tax":0,"market_fr_price":0,"market_fr_sale_price":0,"market_fr_active":false,"market_fr_url":null,"market_fr_parent_url":"","market_fr_tax_rate":0,"market_fr_price_inc_tax":0,"market_fr_sale_price_inc_tax":0,"market_ch_price":0,"market_ch_sale_price":0,"market_ch_active":false,"market_ch_url":null,"market_ch_parent_url":"","market_ch_tax_rate":0,"market_ch_price_inc_tax":0,"market_ch_sale_price_inc_tax":0,"market_at_price":0,"market_at_sale_price":0,"market_at_active":false,"market_at_url":null,"market_at_parent_url":"","market_at_tax_rate":0,"market_at_price_inc_tax":0,"market_at_sale_price_inc_tax":0,"market_es_price":0,"market_es_sale_price":0,"market_es_active":false,"market_es_url":null,"market_es_parent_url":"","market_es_tax_rate":0,"market_es_price_inc_tax":0,"market_es_sale_price_inc_tax":0,"market_dk_price":0,"market_dk_sale_price":0,"market_dk_active":false,"market_dk_url":null,"market_dk_parent_url":"","market_dk_tax_rate":0,"market_dk_price_inc_tax":0,"market_dk_sale_price_inc_tax":0,"market_com_price":0,"market_com_sale_price":0,"market_com_active":false,"market_com_url":null,"market_com_parent_url":"","market_com_tax_rate":0,"market_com_price_inc_tax":0,"market_com_sale_price_inc_tax":0,"acf":[],"_links":{"self":[{"href":"https:\/\/www.pharmacy4pets.nl\/be\/wp-json\/wp\/v2\/product\/120143","targetHints":{"allow":["GET"]}}],"collection":[{"href":"https:\/\/www.pharmacy4pets.nl\/be\/wp-json\/wp\/v2\/product"}],"about":[{"href":"https:\/\/www.pharmacy4pets.nl\/be\/wp-json\/wp\/v2\/types\/product"}],"replies":[{"embeddable":true,"href":"https:\/\/www.pharmacy4pets.nl\/be\/wp-json\/wp\/v2\/comments?post=120143"}],"wp:featuredmedia":[{"embeddable":true,"href":"https:\/\/www.pharmacy4pets.nl\/be\/wp-json\/wp\/v2\/media\/120142"}],"wp:attachment":[{"href":"https:\/\/www.pharmacy4pets.nl\/be\/wp-json\/wp\/v2\/media?parent=120143"}],"wp:term":[{"taxonomy":"product_brand","embeddable":true,"href":"https:\/\/www.pharmacy4pets.nl\/be\/wp-json\/wp\/v2\/product_brand?post=120143"},{"taxonomy":"product_cat","embeddable":true,"href":"https:\/\/www.pharmacy4pets.nl\/be\/wp-json\/wp\/v2\/product_cat?post=120143"},{"taxonomy":"product_tag","embeddable":true,"href":"https:\/\/www.pharmacy4pets.nl\/be\/wp-json\/wp\/v2\/product_tag?post=120143"}],"curies":[{"name":"wp","href":"https:\/\/api.w.org\/{rel}","templated":true}]}}