{"id":120137,"date":"2023-03-10T12:18:31","date_gmt":"2023-03-10T12:18:31","guid":{"rendered":"https:\/\/p4p.test\/sectolin-biotine"},"modified":"2026-03-25T12:04:46","modified_gmt":"2026-03-25T12:04:46","slug":"sectolin-biotine","status":"publish","type":"product","link":"https:\/\/www.pharmacy4pets.nl\/be\/sectolin-biotine","title":{"rendered":"Sectolin Biotine"},"content":{"rendered":"<p>Sectolin Biotine is een aanvullend diervoeder voor een gezonde hoefgroei bij paarden. Biotine bevat extra koper en zink.<\/p>\n<p>Voederadvies:<\/p>\n<table>\n<tbody>\n<tr>\n<td width=\"201\">\n<p><strong>Gewicht paard<\/strong><\/p>\n<\/td>\n<td width=\"201\">\n<p><strong>Onderhoud<\/strong><\/p>\n<\/td>\n<td width=\"201\">\n<p><strong>Bij slechte hoefkwaliteit<\/strong><\/p>\n<\/td>\n<\/tr>\n<tr>\n<td width=\"201\">\n<p>Tot 350 kg<\/p>\n<\/td>\n<td width=\"201\">\n<p>7,5 g \/ dag<\/p>\n<\/td>\n<td width=\"201\">\n<p>12,5 g \/ dag<\/p>\n<\/td>\n<\/tr>\n<tr>\n<td width=\"201\">\n<p>Vanaf 350 kg<\/p>\n<\/td>\n<td width=\"201\">\n<p>10 g \/ dag<\/p>\n<\/td>\n<td width=\"201\">\n<p>15 g \/ dag<\/p>\n<\/td>\n<\/tr>\n<\/tbody>\n<\/table>\n<p>Een maatschepje bevat ca. 5 gram. Een emmer van bijvoorbeeld 3 kg is bij een dagelijkse dosering van 10 gram voldoende voor ca. 300 dagen.<\/p>\n<p> Bewaren:<br \/> Hersluit met deksel. Op een droge plaats bij kamertemperatuur bewaren. Beschermen tegen licht en vocht. Buiten bereik van kinderen houden.<\/p>\n<p>Samenstelling:<br \/>Dextrose, Natriumchloride.<\/p>\n<p> Analytische bestanddelen per kg:<br \/> Ruw eiwit 1,5%<br \/>Ruwe as 3,6%<br \/> Natrium 2,5 g<\/p>\n<p> Nutritionele toevoegingsmiddelen per kg:<br \/> Biotine (3a880) 2 000 000 mcg<br \/> Cu, Koper(II)chelaat van glycine, gehydrateerd (vast) (3b413) 1667 mg<br \/> Zn, Zinkchelaat van glycinehydraat (vast) (3b607) 8333 mg<\/p>\n","protected":false},"excerpt":{"rendered":"<p>Sectolin Biotine is een aanvullend diervoeder voor een gezonde hoefgroei bij paarden. Biotine bevat extra koper en zink. Voederadvies: Gewicht paard Onderhoud Bij slechte hoefkwaliteit Tot 350 kg 7,5 g \/ dag 12,5 g \/ dag Vanaf 350 kg 10 g \/ dag 15 g \/ dag Een maatschepje bevat ca. 5 gram. Een emmer [&hellip;]<\/p>\n","protected":false},"featured_media":120135,"comment_status":"open","ping_status":"closed","template":"","meta":{"_acf_changed":false,"_nl_post_content":"<p>Sectolin Biotine is een aanvullend diervoeder voor een gezonde hoefgroei bij paarden. Biotine bevat extra koper en zink.<\/p>\r\n<p>Voederadvies:<\/p>\r\n<table>\r\n<tbody>\r\n<tr>\r\n<td width=\"201\">\r\n<p><strong>Gewicht paard<\/strong><\/p>\r\n<\/td>\r\n<td width=\"201\">\r\n<p><strong>Onderhoud<\/strong><\/p>\r\n<\/td>\r\n<td width=\"201\">\r\n<p><strong>Bij slechte hoefkwaliteit<\/strong><\/p>\r\n<\/td>\r\n<\/tr>\r\n<tr>\r\n<td width=\"201\">\r\n<p>Tot 350 kg<\/p>\r\n<\/td>\r\n<td width=\"201\">\r\n<p>7,5 g \/ dag<\/p>\r\n<\/td>\r\n<td width=\"201\">\r\n<p>12,5 g \/ dag<\/p>\r\n<\/td>\r\n<\/tr>\r\n<tr>\r\n<td width=\"201\">\r\n<p>Vanaf 350 kg<\/p>\r\n<\/td>\r\n<td width=\"201\">\r\n<p>10 g \/ dag<\/p>\r\n<\/td>\r\n<td width=\"201\">\r\n<p>15 g \/ dag<\/p>\r\n<\/td>\r\n<\/tr>\r\n<\/tbody>\r\n<\/table>\r\n<p>Een maatschepje bevat ca. 5 gram. Een emmer van bijvoorbeeld 3 kg is bij een dagelijkse dosering van 10 gram voldoende voor ca. 300 dagen.<br \/> <br \/> Bewaren:<br \/> Hersluit met deksel. Op een droge plaats bij kamertemperatuur bewaren. Beschermen tegen licht en vocht. Buiten bereik van kinderen houden.<\/p>\r\n<p>Samenstelling:<br \/>Dextrose, Natriumchloride.<br \/> <br \/> Analytische bestanddelen per kg:<br \/> Ruw eiwit 1,5%<br \/>Ruwe as 3,6%<br \/> Natrium 2,5 g<br \/> <br \/> Nutritionele toevoegingsmiddelen per kg:<br \/> Biotine (3a880) 2 000 000 mcg<br \/> Cu, Koper(II)chelaat van glycine, gehydrateerd (vast) (3b413) 1667 mg<br \/> Zn, Zinkchelaat van glycinehydraat (vast) (3b607) 8333 mg<\/p>","_nl_post_name":"sectolin-biotine","_nl_post_excerpt":"","_nl_post_title":"Sectolin Biotine","_en_post_content":"<p>Sectolin Biotin is a supplementary feed for healthy hoof growth in horses. Biotin contains additional copper and zinc.<\/p>\n<p>Feeding advice:<\/p>\n<table>\n<tbody>\n<tr>\n<td width=\"201\">\n<p><strong>Horse weight<\/strong><\/p>\n<\/td>\n<td width=\"201\">\n<p><strong>Maintenance<\/strong><\/p>\n<\/td>\n<td width=\"201\">\n<p><strong>In case of poor hoof quality<\/strong><\/p>\n<\/td>\n<\/tr>\n<tr>\n<td width=\"201\">\n<p>Up to 350 kg<\/p>\n<\/td>\n<td width=\"201\">\n<p>7,5 g \/ day<\/p>\n<\/td>\n<td width=\"201\">\n<p>12,5 g \/ day<\/p>\n<\/td>\n<\/tr>\n<tr>\n<td width=\"201\">\n<p>From 350 kg<\/p>\n<\/td>\n<td width=\"201\">\n<p>10 g \/ day<\/p>\n<\/td>\n<td width=\"201\">\n<p>15 g \/ day<\/p>\n<\/td>\n<\/tr>\n<\/tbody>\n<\/table>\n<p>One measuring spoon contains approx. 5 grams. A bucket of, say, 3 kg is sufficient for about 300 days at a daily dosage of 10 grams.<br \/> <br \/> Storage:<br \/> Replace the lid. Store in a dry place, at room temperature. Protect from light and moisture. Keep out of reach of children.<\/p>\n<p>Composition:<br \/>Dextrose, Sodium chloride.<br \/> <br \/> Analytical Constituents per kg:<br \/> Crude protein 1.5%<br \/> Sodium 2.5 g<br \/> Crude ash 3.6%<\/p>\n<p>Nutritional additives per kg:<br \/> Biotin (3a880) 2 000 000 mcg<br \/> Cu, Copper(II) chelate of glycine hydrate (solid) (3b413) 1667 mg<br \/> Zn, Zinc chelate of glycine hydrate (solid) (3b607) 8333 mg<\/p>","_en_post_name":"sectolin-biotine","_en_post_excerpt":"","_en_post_title":"Sectolin Biotine","_de_post_content":"<p>Sectolin Biotin ist ein Erg\u00e4nzungsfuttermittel f\u00fcr ein gesundes Hufwachstum bei Pferden. Biotin enth\u00e4lt zus\u00e4tzlich Kupfer und Zink.<\/p>\n<p>F\u00fctterungsempfehlung:<\/p>\n<table>\n<tbody>\n<tr>\n<td width=\"201\">\n<p><strong>Gewicht des Pferdes<\/strong><\/p>\n<\/td>\n<td width=\"201\">\n<p><strong>Erhaltungsbedarf<\/strong><\/p>\n<\/td>\n<td width=\"201\">\n<p><strong>Bei schlechter Hufqualit\u00e4t<\/strong><\/p>\n<\/td>\n<\/tr>\n<tr>\n<td width=\"201\">\n<p>Bis 350 kg<\/p>\n<\/td>\n<td width=\"201\">\n<p>7,5 g \/ Tag<\/p>\n<\/td>\n<td width=\"201\">\n<p>12,5 g \/ Tag<\/p>\n<\/td>\n<\/tr>\n<tr>\n<td width=\"201\">\n<p>Ab 350 kg<\/p>\n<\/td>\n<td width=\"201\">\n<p>10 g \/ Tag<\/p>\n<\/td>\n<td width=\"201\">\n<p>15 g \/ Tag<\/p>\n<\/td>\n<\/tr>\n<\/tbody>\n<\/table>\n<p>Ein Messl\u00f6ffel enth\u00e4lt ca. 5 Gramm. Ein Eimer von z.B. 3 kg reicht bei einer t\u00e4glichen Dosierung von 10 Gramm f\u00fcr etwa 300 Tage.<\/p>\n<p>Lagerung:<br \/> Ersetzen Sie den Deckel. Trockene Lagerung bei Raumtemperatur. Vor Licht und Feuchtigkeit sch\u00fctzen. Von Kindern fernhalten.<\/p>\n<p>Komposition:<br \/>Dextrose, Natriumchlorid.<br \/> <br \/> Analytische Bestandteile pro kg:<br \/> Rohprotein 1,5 %<br \/> Natrium 2,5 g<br \/> Rohasche 3,6 %<\/p>\n<p>Ern\u00e4hrungsphysiologische Zusatzstoffe pro kg:<br \/> Biotin (3a880) 2 000 000 mcg<br \/> Cu, Kupfer(II)-Glycinchelat-Hydrat (fest) (3b413) 1667 mg<br \/> Zn, Glycin-Zinkchelat-Hydrat (fest) (3b607) 8333 mg<\/p>","_de_post_name":"sectolin-biotine","_de_post_excerpt":"","_de_post_title":"Sectolin Biotine","_fr_post_content":"<p>Sectolin Biotin est un aliment compl\u00e9mentaire pour une croissance saine des sabots chez les chevaux. Biotin contient en outre du cuivre et du zinc.<\/p>\n<p>Conseils d\u2019alimentation :<\/p>\n<table>\n<tbody>\n<tr>\n<td width=\"201\">\n<p><strong>Poids du cheval<\/strong><\/p>\n<\/td>\n<td width=\"201\">\n<p><strong>Entretien<\/strong><\/p>\n<\/td>\n<td width=\"201\">\n<p><strong>En cas de mauvaise qualit\u00e9 du sabot<\/strong><\/p>\n<\/td>\n<\/tr>\n<tr>\n<td width=\"201\">\n<p>Jusqu\u2019\u00e0 350 kg<\/p>\n<\/td>\n<td width=\"201\">\n<p>7,5 g \/ jour<\/p>\n<\/td>\n<td width=\"201\">\n<p>12,5 g \/ jour<\/p>\n<\/td>\n<\/tr>\n<tr>\n<td width=\"201\">\n<p>A partir de 350 kg<\/p>\n<\/td>\n<td width=\"201\">\n<p>10 g \/ jour<\/p>\n<\/td>\n<td width=\"201\">\n<p>15 g \/ jour<\/p>\n<\/td>\n<\/tr>\n<\/tbody>\n<\/table>\n<p><br \/> Une cuill\u00e8re doseuse contient environ 5 grammes. Un seau de 3 kg, par exemple, suffit pour environ 300 jours \u00e0 raison de 10 grammes par jour.<\/p>\n<p>Conservation :<br \/> Refermer le couvercle. \u00c0 conserver dans un endroit au sec \u00e0 temp\u00e9rature ambiante. Prot\u00e9ger contre la lumi\u00e8re et l\u2019humidit\u00e9. Tenir hors de port\u00e9e des enfants.<\/p>\n<p>Composition :<br \/>Dextrose, chlorure de sodium. Constituants analytiques par kg :<br \/> Prot\u00e9ine brute 1,5 %<br \/>Sodium 2,5 g<br \/> Cendre brute 3,6 %<\/p>\n<p>Additifs nutritionnels par kg :<br \/> Biotine (3a880) 2 000 000 mcg<br \/> Cu, Ch\u00e9late de cuivre(II) et de glycine hydrat\u00e9 (sous forme solide) (3b413) 1667 mg<br \/> Zn, Ch\u00e9late de zinc et de glycine hydrat\u00e9 (solide) (3b607) 8333 mg<\/p>","_fr_post_name":"sectolin-biotine","_fr_post_excerpt":"","_fr_post_title":"Sectolin Biotine","_es_post_content":"<p>Sectolin Biotine es un alimento complementario para el crecimiento sano de los cascos de los caballos. La biotina contiene cobre y zinc adicionales.<\/p>\n<p>Consejos de alimentaci\u00f3n:<\/p>\n<table>\n<tbody>\n<tr>\n<td width=\"201\">\n<p><strong>Peso del caballo<\/strong><\/p>\n<\/td>\n<td width=\"201\">\n<p><strong>Mantenimiento<\/strong><\/p>\n<\/td>\n<td width=\"201\">\n<p><strong>En caso de mala calidad del casco<\/strong><\/p>\n<\/td>\n<\/tr>\n<tr>\n<td width=\"201\">\n<p>Hasta 350 kg<\/p>\n<\/td>\n<td width=\"201\">\n<p>7,5 g \/ d\u00eda<\/p>\n<\/td>\n<td width=\"201\">\n<p>12,5 g \/ d\u00eda<\/p>\n<\/td>\n<\/tr>\n<tr>\n<td width=\"201\">\n<p>Desde 350 kg<\/p>\n<\/td>\n<td width=\"201\">\n<p>10 g \/ d\u00eda<\/p>\n<\/td>\n<td width=\"201\">\n<p>15 g \/ d\u00eda<\/p>\n<\/td>\n<\/tr>\n<\/tbody>\n<\/table>\n<p>Una cuchara dosificadora contiene aprox. 5 g. Un cubo de, por ejemplo, 3 kg es suficiente para unos 300 d\u00edas con una dosis diaria de 10 gramos.<\/p>\n<p>Conservaci\u00f3n:<br \/>Volver a cerrar con tapa. Almacenar en un lugar seco a temperatura ambiente. Proteger de la luz y la humedad. Mantener fuera del alcance de los ni\u00f1os.<\/p>\n<p>Composici\u00f3n:<br \/>Dextrosa, Cloruro de sodio.<\/p>\n<p>Constituyentes anal\u00edticos por kg:<br \/>Prote\u00edna bruta 1,5%.<br \/>Ceniza bruta 3,6%.<br \/>Sodio 2,5 g<\/p>\n<p>Aditivos nutricionales por kg:<br \/>Biotina (3a880) 2 000 000 mcg<br \/>Cu, quelato de cobre (II) de glicina, hidratado (s\u00f3lido) (3b413) 1667 mg<br \/>Zn, Quelato de zinc de glicina hidratado (s\u00f3lido) (3b607) 8333 mg<\/p>","_es_post_name":"sectolin-biotine","_es_post_excerpt":"","_es_post_title":"Sectolin Biotine","edit_language":"nl"},"product_brand":[],"product_cat":[1820,1857,1809,2087,1822],"product_tag":[],"class_list":{"0":"post-120137","1":"product","2":"type-product","3":"status-publish","4":"has-post-thumbnail","6":"product_cat-benodigdheden","7":"product_cat-merken","8":"product_cat-paarden","9":"product_cat-sectolin","10":"product_cat-verzorging","11":"pa_aandoening-overig","12":"pa_doeldier-paard","13":"pa_fabricatieland-nederland","14":"pa_merkfilter-sectolin","15":"pa_merkgroep-sectolin","16":"pa_productsoort-voedingssupplement","17":"pa_toedieningswijze-overig","18":"pa_werkzamestof-overig","20":"first","21":"instock","22":"taxable","23":"shipping-taxable","24":"product-type-grouped"},"yoast_head":"<!-- This site is optimized with the Yoast SEO plugin v27.5 - https:\/\/yoast.com\/product\/yoast-seo-wordpress\/ -->\n<title>Sectolin Biotine - Pharmacy4pets<\/title>\n<meta name=\"robots\" content=\"index, follow, max-snippet:-1, max-image-preview:large, max-video-preview:-1\" \/>\n<link rel=\"canonical\" href=\"https:\/\/www.pharmacy4pets.nl\/be\/sectolin-biotine\" \/>\n<meta property=\"og:locale\" content=\"nl_NL\" \/>\n<meta property=\"og:type\" content=\"article\" \/>\n<meta property=\"og:title\" content=\"Sectolin Biotine - Pharmacy4pets\" \/>\n<meta property=\"og:description\" content=\"Sectolin Biotine is een aanvullend diervoeder voor een gezonde hoefgroei bij paarden. Biotine bevat extra koper en zink. Voederadvies: Gewicht paard Onderhoud Bij slechte hoefkwaliteit Tot 350 kg 7,5 g \/ dag 12,5 g \/ dag Vanaf 350 kg 10 g \/ dag 15 g \/ dag Een maatschepje bevat ca. 5 gram. Een emmer [&hellip;]\" \/>\n<meta property=\"og:url\" content=\"https:\/\/www.pharmacy4pets.nl\/be\/sectolin-biotine\" \/>\n<meta property=\"og:site_name\" content=\"Pharmacy4pets\" \/>\n<meta property=\"article:publisher\" content=\"https:\/\/www.facebook.com\/people\/Pharmacy4petsnl\/100063484989896\/\" \/>\n<meta property=\"article:modified_time\" content=\"2026-03-25T12:04:46+00:00\" \/>\n<meta property=\"og:image\" content=\"https:\/\/www.pharmacy4pets.nl\/wp-content\/uploads\/2023\/03\/25887_1.jpg\" \/>\n\t<meta property=\"og:image:width\" content=\"600\" \/>\n\t<meta property=\"og:image:height\" content=\"600\" \/>\n\t<meta property=\"og:image:type\" content=\"image\/jpeg\" \/>\n<meta name=\"twitter:card\" content=\"summary_large_image\" \/>\n<meta name=\"twitter:label1\" content=\"Geschatte leestijd\" \/>\n\t<meta name=\"twitter:data1\" content=\"1 minuut\" \/>\n<script type=\"application\/ld+json\" class=\"yoast-schema-graph\">{\"@context\":\"https:\\\/\\\/schema.org\",\"@graph\":[{\"@type\":\"WebPage\",\"@id\":\"https:\\\/\\\/www.pharmacy4pets.nl\\\/be\\\/sectolin-biotine\",\"url\":\"https:\\\/\\\/www.pharmacy4pets.nl\\\/be\\\/sectolin-biotine\",\"name\":\"Sectolin Biotine - Pharmacy4pets\",\"isPartOf\":{\"@id\":\"http:\\\/\\\/www.pharmacy4pets.nl\\\/#website\"},\"primaryImageOfPage\":{\"@id\":\"https:\\\/\\\/www.pharmacy4pets.nl\\\/be\\\/sectolin-biotine#primaryimage\"},\"image\":{\"@id\":\"https:\\\/\\\/www.pharmacy4pets.nl\\\/be\\\/sectolin-biotine#primaryimage\"},\"thumbnailUrl\":\"https:\\\/\\\/www.pharmacy4pets.nl\\\/wp-content\\\/uploads\\\/2023\\\/03\\\/25887_1.jpg\",\"datePublished\":\"2023-03-10T12:18:31+00:00\",\"dateModified\":\"2026-03-25T12:04:46+00:00\",\"breadcrumb\":{\"@id\":\"https:\\\/\\\/www.pharmacy4pets.nl\\\/be\\\/sectolin-biotine#breadcrumb\"},\"inLanguage\":\"nl-NL\",\"potentialAction\":[{\"@type\":\"ReadAction\",\"target\":[\"https:\\\/\\\/www.pharmacy4pets.nl\\\/be\\\/sectolin-biotine\"]}]},{\"@type\":\"ImageObject\",\"inLanguage\":\"nl-NL\",\"@id\":\"https:\\\/\\\/www.pharmacy4pets.nl\\\/be\\\/sectolin-biotine#primaryimage\",\"url\":\"https:\\\/\\\/www.pharmacy4pets.nl\\\/wp-content\\\/uploads\\\/2023\\\/03\\\/25887_1.jpg\",\"contentUrl\":\"https:\\\/\\\/www.pharmacy4pets.nl\\\/wp-content\\\/uploads\\\/2023\\\/03\\\/25887_1.jpg\",\"width\":600,\"height\":600,\"caption\":\"Sectolin Biotine-0\"},{\"@type\":\"BreadcrumbList\",\"@id\":\"https:\\\/\\\/www.pharmacy4pets.nl\\\/be\\\/sectolin-biotine#breadcrumb\",\"itemListElement\":[{\"@type\":\"ListItem\",\"position\":1,\"name\":\"Home\",\"item\":\"https:\\\/\\\/p4p-nl.bootmine.com\\\/\"},{\"@type\":\"ListItem\",\"position\":2,\"name\":\"Winkel\",\"item\":\"https:\\\/\\\/p4p-nl.bootmine.com\\\/winkel\"},{\"@type\":\"ListItem\",\"position\":3,\"name\":\"Sectolin Biotine\"}]},{\"@type\":\"WebSite\",\"@id\":\"http:\\\/\\\/www.pharmacy4pets.nl\\\/#website\",\"url\":\"http:\\\/\\\/www.pharmacy4pets.nl\\\/\",\"name\":\"Pharmacy4pets\",\"description\":\"Pharmacy4pets.nl is d\u00e9 online apotheek waar u terecht kunt voor alle diergeneesmiddelen, verzorgingsproducten en dieetvoeding voor uw huisdier.\",\"publisher\":{\"@id\":\"http:\\\/\\\/www.pharmacy4pets.nl\\\/#organization\"},\"potentialAction\":[{\"@type\":\"SearchAction\",\"target\":{\"@type\":\"EntryPoint\",\"urlTemplate\":\"http:\\\/\\\/www.pharmacy4pets.nl\\\/?s={search_term_string}\"},\"query-input\":{\"@type\":\"PropertyValueSpecification\",\"valueRequired\":true,\"valueName\":\"search_term_string\"}}],\"inLanguage\":\"nl-NL\"},{\"@type\":\"Organization\",\"@id\":\"http:\\\/\\\/www.pharmacy4pets.nl\\\/#organization\",\"name\":\"Pharmacy4pets\",\"url\":\"http:\\\/\\\/www.pharmacy4pets.nl\\\/\",\"logo\":{\"@type\":\"ImageObject\",\"inLanguage\":\"nl-NL\",\"@id\":\"http:\\\/\\\/www.pharmacy4pets.nl\\\/#\\\/schema\\\/logo\\\/image\\\/\",\"url\":\"https:\\\/\\\/p4p-nl.bootmine.com\\\/wp-content\\\/uploads\\\/2026\\\/03\\\/logo-pharmacy4pets.png\",\"contentUrl\":\"https:\\\/\\\/p4p-nl.bootmine.com\\\/wp-content\\\/uploads\\\/2026\\\/03\\\/logo-pharmacy4pets.png\",\"width\":1024,\"height\":135,\"caption\":\"Pharmacy4pets\"},\"image\":{\"@id\":\"http:\\\/\\\/www.pharmacy4pets.nl\\\/#\\\/schema\\\/logo\\\/image\\\/\"},\"sameAs\":[\"https:\\\/\\\/www.facebook.com\\\/people\\\/Pharmacy4petsnl\\\/100063484989896\\\/\",\"https:\\\/\\\/www.youtube.com\\\/channel\\\/UCGPTIgucgli03tP2_kvLkHg\\\/featured\",\"https:\\\/\\\/www.instagram.com\\\/pharmacy4pets.nl\"]}]}<\/script>\n<!-- \/ Yoast SEO plugin. -->","yoast_head_json":{"title":"Sectolin Biotine - Pharmacy4pets","robots":{"index":"index","follow":"follow","max-snippet":"max-snippet:-1","max-image-preview":"max-image-preview:large","max-video-preview":"max-video-preview:-1"},"canonical":"https:\/\/www.pharmacy4pets.nl\/be\/sectolin-biotine","og_locale":"nl_NL","og_type":"article","og_title":"Sectolin Biotine - Pharmacy4pets","og_description":"Sectolin Biotine is een aanvullend diervoeder voor een gezonde hoefgroei bij paarden. Biotine bevat extra koper en zink. Voederadvies: Gewicht paard Onderhoud Bij slechte hoefkwaliteit Tot 350 kg 7,5 g \/ dag 12,5 g \/ dag Vanaf 350 kg 10 g \/ dag 15 g \/ dag Een maatschepje bevat ca. 5 gram. Een emmer [&hellip;]","og_url":"https:\/\/www.pharmacy4pets.nl\/be\/sectolin-biotine","og_site_name":"Pharmacy4pets","article_publisher":"https:\/\/www.facebook.com\/people\/Pharmacy4petsnl\/100063484989896\/","article_modified_time":"2026-03-25T12:04:46+00:00","og_image":[{"width":600,"height":600,"url":"https:\/\/www.pharmacy4pets.nl\/wp-content\/uploads\/2023\/03\/25887_1.jpg","type":"image\/jpeg"}],"twitter_card":"summary_large_image","twitter_misc":{"Geschatte leestijd":"1 minuut"},"schema":{"@context":"https:\/\/schema.org","@graph":[{"@type":"WebPage","@id":"https:\/\/www.pharmacy4pets.nl\/be\/sectolin-biotine","url":"https:\/\/www.pharmacy4pets.nl\/be\/sectolin-biotine","name":"Sectolin Biotine - Pharmacy4pets","isPartOf":{"@id":"http:\/\/www.pharmacy4pets.nl\/#website"},"primaryImageOfPage":{"@id":"https:\/\/www.pharmacy4pets.nl\/be\/sectolin-biotine#primaryimage"},"image":{"@id":"https:\/\/www.pharmacy4pets.nl\/be\/sectolin-biotine#primaryimage"},"thumbnailUrl":"https:\/\/www.pharmacy4pets.nl\/wp-content\/uploads\/2023\/03\/25887_1.jpg","datePublished":"2023-03-10T12:18:31+00:00","dateModified":"2026-03-25T12:04:46+00:00","breadcrumb":{"@id":"https:\/\/www.pharmacy4pets.nl\/be\/sectolin-biotine#breadcrumb"},"inLanguage":"nl-NL","potentialAction":[{"@type":"ReadAction","target":["https:\/\/www.pharmacy4pets.nl\/be\/sectolin-biotine"]}]},{"@type":"ImageObject","inLanguage":"nl-NL","@id":"https:\/\/www.pharmacy4pets.nl\/be\/sectolin-biotine#primaryimage","url":"https:\/\/www.pharmacy4pets.nl\/wp-content\/uploads\/2023\/03\/25887_1.jpg","contentUrl":"https:\/\/www.pharmacy4pets.nl\/wp-content\/uploads\/2023\/03\/25887_1.jpg","width":600,"height":600,"caption":"Sectolin Biotine-0"},{"@type":"BreadcrumbList","@id":"https:\/\/www.pharmacy4pets.nl\/be\/sectolin-biotine#breadcrumb","itemListElement":[{"@type":"ListItem","position":1,"name":"Home","item":"https:\/\/p4p-nl.bootmine.com\/"},{"@type":"ListItem","position":2,"name":"Winkel","item":"https:\/\/p4p-nl.bootmine.com\/winkel"},{"@type":"ListItem","position":3,"name":"Sectolin Biotine"}]},{"@type":"WebSite","@id":"http:\/\/www.pharmacy4pets.nl\/#website","url":"http:\/\/www.pharmacy4pets.nl\/","name":"Pharmacy4pets","description":"Pharmacy4pets.nl is d\u00e9 online apotheek waar u terecht kunt voor alle diergeneesmiddelen, verzorgingsproducten en dieetvoeding voor uw huisdier.","publisher":{"@id":"http:\/\/www.pharmacy4pets.nl\/#organization"},"potentialAction":[{"@type":"SearchAction","target":{"@type":"EntryPoint","urlTemplate":"http:\/\/www.pharmacy4pets.nl\/?s={search_term_string}"},"query-input":{"@type":"PropertyValueSpecification","valueRequired":true,"valueName":"search_term_string"}}],"inLanguage":"nl-NL"},{"@type":"Organization","@id":"http:\/\/www.pharmacy4pets.nl\/#organization","name":"Pharmacy4pets","url":"http:\/\/www.pharmacy4pets.nl\/","logo":{"@type":"ImageObject","inLanguage":"nl-NL","@id":"http:\/\/www.pharmacy4pets.nl\/#\/schema\/logo\/image\/","url":"https:\/\/p4p-nl.bootmine.com\/wp-content\/uploads\/2026\/03\/logo-pharmacy4pets.png","contentUrl":"https:\/\/p4p-nl.bootmine.com\/wp-content\/uploads\/2026\/03\/logo-pharmacy4pets.png","width":1024,"height":135,"caption":"Pharmacy4pets"},"image":{"@id":"http:\/\/www.pharmacy4pets.nl\/#\/schema\/logo\/image\/"},"sameAs":["https:\/\/www.facebook.com\/people\/Pharmacy4petsnl\/100063484989896\/","https:\/\/www.youtube.com\/channel\/UCGPTIgucgli03tP2_kvLkHg\/featured","https:\/\/www.instagram.com\/pharmacy4pets.nl"]}]}},"market_data":{"nl":{"price":0,"sale_price":0,"active":false,"url":null,"parent_url":"","tax_rate":0,"price_inc_tax":0,"sale_price_inc_tax":0},"de":{"price":0,"sale_price":0,"active":false,"url":null,"parent_url":"","tax_rate":0,"price_inc_tax":0,"sale_price_inc_tax":0},"be":{"price":0,"sale_price":0,"active":false,"url":null,"parent_url":"","tax_rate":0,"price_inc_tax":0,"sale_price_inc_tax":0},"fr":{"price":0,"sale_price":0,"active":false,"url":null,"parent_url":"","tax_rate":0,"price_inc_tax":0,"sale_price_inc_tax":0},"ch":{"price":0,"sale_price":0,"active":false,"url":null,"parent_url":"","tax_rate":0,"price_inc_tax":0,"sale_price_inc_tax":0},"at":{"price":0,"sale_price":0,"active":false,"url":null,"parent_url":"","tax_rate":0,"price_inc_tax":0,"sale_price_inc_tax":0},"es":{"price":0,"sale_price":0,"active":false,"url":null,"parent_url":"","tax_rate":0,"price_inc_tax":0,"sale_price_inc_tax":0},"dk":{"price":0,"sale_price":0,"active":false,"url":null,"parent_url":"","tax_rate":0,"price_inc_tax":0,"sale_price_inc_tax":0},"com":{"price":0,"sale_price":0,"active":false,"url":null,"parent_url":"","tax_rate":0,"price_inc_tax":0,"sale_price_inc_tax":0}},"market_nl_price":0,"market_nl_sale_price":0,"market_nl_active":false,"market_nl_url":null,"market_nl_parent_url":"","market_nl_tax_rate":0,"market_nl_price_inc_tax":0,"market_nl_sale_price_inc_tax":0,"market_de_price":0,"market_de_sale_price":0,"market_de_active":false,"market_de_url":null,"market_de_parent_url":"","market_de_tax_rate":0,"market_de_price_inc_tax":0,"market_de_sale_price_inc_tax":0,"market_be_price":0,"market_be_sale_price":0,"market_be_active":false,"market_be_url":null,"market_be_parent_url":"","market_be_tax_rate":0,"market_be_price_inc_tax":0,"market_be_sale_price_inc_tax":0,"market_fr_price":0,"market_fr_sale_price":0,"market_fr_active":false,"market_fr_url":null,"market_fr_parent_url":"","market_fr_tax_rate":0,"market_fr_price_inc_tax":0,"market_fr_sale_price_inc_tax":0,"market_ch_price":0,"market_ch_sale_price":0,"market_ch_active":false,"market_ch_url":null,"market_ch_parent_url":"","market_ch_tax_rate":0,"market_ch_price_inc_tax":0,"market_ch_sale_price_inc_tax":0,"market_at_price":0,"market_at_sale_price":0,"market_at_active":false,"market_at_url":null,"market_at_parent_url":"","market_at_tax_rate":0,"market_at_price_inc_tax":0,"market_at_sale_price_inc_tax":0,"market_es_price":0,"market_es_sale_price":0,"market_es_active":false,"market_es_url":null,"market_es_parent_url":"","market_es_tax_rate":0,"market_es_price_inc_tax":0,"market_es_sale_price_inc_tax":0,"market_dk_price":0,"market_dk_sale_price":0,"market_dk_active":false,"market_dk_url":null,"market_dk_parent_url":"","market_dk_tax_rate":0,"market_dk_price_inc_tax":0,"market_dk_sale_price_inc_tax":0,"market_com_price":0,"market_com_sale_price":0,"market_com_active":false,"market_com_url":null,"market_com_parent_url":"","market_com_tax_rate":0,"market_com_price_inc_tax":0,"market_com_sale_price_inc_tax":0,"acf":[],"_links":{"self":[{"href":"https:\/\/www.pharmacy4pets.nl\/be\/wp-json\/wp\/v2\/product\/120137","targetHints":{"allow":["GET"]}}],"collection":[{"href":"https:\/\/www.pharmacy4pets.nl\/be\/wp-json\/wp\/v2\/product"}],"about":[{"href":"https:\/\/www.pharmacy4pets.nl\/be\/wp-json\/wp\/v2\/types\/product"}],"replies":[{"embeddable":true,"href":"https:\/\/www.pharmacy4pets.nl\/be\/wp-json\/wp\/v2\/comments?post=120137"}],"wp:featuredmedia":[{"embeddable":true,"href":"https:\/\/www.pharmacy4pets.nl\/be\/wp-json\/wp\/v2\/media\/120135"}],"wp:attachment":[{"href":"https:\/\/www.pharmacy4pets.nl\/be\/wp-json\/wp\/v2\/media?parent=120137"}],"wp:term":[{"taxonomy":"product_brand","embeddable":true,"href":"https:\/\/www.pharmacy4pets.nl\/be\/wp-json\/wp\/v2\/product_brand?post=120137"},{"taxonomy":"product_cat","embeddable":true,"href":"https:\/\/www.pharmacy4pets.nl\/be\/wp-json\/wp\/v2\/product_cat?post=120137"},{"taxonomy":"product_tag","embeddable":true,"href":"https:\/\/www.pharmacy4pets.nl\/be\/wp-json\/wp\/v2\/product_tag?post=120137"}],"curies":[{"name":"wp","href":"https:\/\/api.w.org\/{rel}","templated":true}]}}