{"id":120130,"date":"2023-03-10T12:18:30","date_gmt":"2023-03-10T12:18:30","guid":{"rendered":"https:\/\/p4p.test\/sectolin-anti-bite-spray"},"modified":"2026-03-25T12:04:44","modified_gmt":"2026-03-25T12:04:44","slug":"sectolin-anti-bite-spray","status":"publish","type":"product","link":"https:\/\/www.pharmacy4pets.nl\/be\/sectolin-anti-bite-spray","title":{"rendered":"Sectolin Anti-Bite Spray"},"content":{"rendered":"<p>Sectolin Anti-Bite Spray gaat het bijten tegen van staart en manen door veulens en het afknabbelen van verband en andere voorwerpen.<\/p>\n<p>1 &#8211; 2 maal per week staart en manen goed insprayen. Bij regenval vaker herhalen. Bij toepassing plastic handschoenen gebruiken of direct handen grondig wassen.<\/p>\n<p>Gevaar: Licht ontvlambare vloeistof en damp. Veroorzaakt ernstige oogirritatie. Schadelijk voor in het water levende organismen, met langdurige gevolgen. Buiten het bereik van kinderen houden. In goed gesloten verpakking bewaren. Draag beschermende handschoenen, oogbescherming. BIJ CONTACT MET DE OGEN: voorzichtig afspoelen met water gedurende een aantal minuten; contactlenzen verwijderen, indien mogelijk; blijven spoelen. Bij aanhoudende oogirritatie: Een arts raadplegen. Inhoud en verpakking afvoeren naar inzamelpunt voor gevaarlijk of bijzonder afval in overeenstemming met lokale, regionale, nationale en\/of internationale regelgeving. Herhaalde blootstelling kan een droge of een gebarsten huid veroorzaken. Bevat Citronellal, Cineole, (R)-p-mentha-1,8-dieen (d-limoneen), Eucalyptus olie citriodora, (E)-anethole, dipenteen; limoneen. Kan een allergische reactie veroorzaken.<\/p>\n","protected":false},"excerpt":{"rendered":"<p>Sectolin Anti-Bite Spray gaat het bijten tegen van staart en manen door veulens en het afknabbelen van verband en andere voorwerpen. 1 &#8211; 2 maal per week staart en manen goed insprayen. Bij regenval vaker herhalen. Bij toepassing plastic handschoenen gebruiken of direct handen grondig wassen. Gevaar: Licht ontvlambare vloeistof en damp. Veroorzaakt ernstige oogirritatie. [&hellip;]<\/p>\n","protected":false},"featured_media":120128,"comment_status":"open","ping_status":"closed","template":"","meta":{"_acf_changed":false,"_nl_post_content":"<p>Sectolin Anti-Bite Spray gaat het bijten tegen van staart en manen door veulens en het afknabbelen van verband en andere voorwerpen.<\/p>\r\n<p>1 - 2 maal per week staart en manen goed insprayen. Bij regenval vaker herhalen. Bij toepassing plastic handschoenen gebruiken of direct handen grondig wassen.<\/p>\r\n<p>Gevaar: Licht ontvlambare vloeistof en damp. Veroorzaakt ernstige oogirritatie. Schadelijk voor in het water levende organismen, met langdurige gevolgen. Buiten het bereik van kinderen houden. In goed gesloten verpakking bewaren. Draag beschermende handschoenen, oogbescherming. BIJ CONTACT MET DE OGEN: voorzichtig afspoelen met water gedurende een aantal minuten; contactlenzen verwijderen, indien mogelijk; blijven spoelen. Bij aanhoudende oogirritatie: Een arts raadplegen. Inhoud en verpakking afvoeren naar inzamelpunt voor gevaarlijk of bijzonder afval in overeenstemming met lokale, regionale, nationale en\/of internationale regelgeving. Herhaalde blootstelling kan een droge of een gebarsten huid veroorzaken. Bevat Citronellal, Cineole, (R)-p-mentha-1,8-dieen (d-limoneen), Eucalyptus olie citriodora, (E)-anethole, dipenteen; limoneen. Kan een allergische reactie veroorzaken.<\/p>","_nl_post_name":"sectolin-anti-bite-spray","_nl_post_excerpt":"","_nl_post_title":"Sectolin Anti-Bite Spray","_en_post_content":"<p>Sectolin Anti-Bite Spray prevents foals from biting tails and manes, and prevents gnawing off bandages and other items.<\/p>\r\n<p>Spray well onto tail and manes 1-2 times a week. Apply more frequently during rain. Use plastic gloves for application or thoroughly wash your hands immediately after use.<\/p>\r\n<p>Danger: Highly flammable liquid and vapour. Causes serious eye irritation. Harmful to aquatic life with long lasting effects. Keep out of reach of children. Keep container tightly closed. Wear protective gloves, eye protection. IF IN EYES: Rinse cautiously with water for several minutes. Remove contact lenses, if present and easy to do. Continue rinsing. If eye irritation persists: Get medical advice\/attention. Dispose of contents and container to hazardous or special waste collection point, in accordance with local, regional, national and\/or international regulation. Repeated exposure may cause skin dryness or cracking. Contains Citronellal, Cineole, (R)-p-mentha-1.8-diene (d-limonene), Eucalyptus oil citriodora, (E)-anethole, dipentene; limonene. May produce an allergic reaction.<\/p>","_en_post_name":"sectolin-anti-bite-spray","_en_post_excerpt":"","_en_post_title":"Sectolin Anti-Bite Spray","_de_post_content":"<p>Sectolin Anti-Bite Spray verhindert Schweif- und M\u00e4hnenknabbern von Fohlen und das Anknabbern von Verb\u00e4nden und \u00e4hnlichen Gegenst\u00e4nden.<\/p>\r\n<p>1-2 Mal pro Woche Schweif und M\u00e4hne gut einspr\u00fchen. Bei Regen mehrmals anwenden. Bei der Anwendung bitte Plastikhandschuhe tragen oder die H\u00e4nde sofort gr\u00fcndlich waschen.<\/p>\r\n<p>Gefahr: Fl\u00fcssigkeit und Dampf leicht entz\u00fcndbar. Verursacht schwere Augenreizung. Sch\u00e4dlich f\u00fcr Wasserorganismen, mit langfristiger Wirkung. Darf nicht in die H\u00e4nde von Kindern gelangen. Beh\u00e4lter dicht verschlossen halten. Schutzhandschuhe, Augenschutz tragen. BEI KONTAKT MIT DEN AUGEN: Einige Minuten lang behutsam mit Wasser sp\u00fclen. Eventuell vorhandene Kontaktlinsen nach M\u00f6glichkeit entfernen. Weiter sp\u00fclen. Bei anhaltender Augenreizung: \u00c4rztlichen Rat einholen\/\u00e4rztliche Hilfe hinzuziehen. Inhalt und Beh\u00e4lter einer Sammelstelle f\u00fcr gef\u00e4hrliche oder spezielle Abf\u00e4lle, in \u00dcbereinstimmung mit lokalen, regionalen, nationalen und\/oder internationalen Vorschriften zuf\u00fchren. Wiederholter Kontakt kann zu spr\u00f6der oder rissiger Haut f\u00fchren. Enth\u00e4lt Citronellal, Cineole, (R)-p-Mentha-1,8-dien (d-Limonen), Eukalyptus\u00f6l citriodora, (E)-anethole, Dipenten; Limonen. Kann allergische Reaktionen hervorrufen.<\/p>","_de_post_name":"sectolin-anti-bite-spray","_de_post_excerpt":"","_de_post_title":"Sectolin Anti-Bite Spray","_fr_post_content":"<p>Sectolin Anti-Bite Spray emp\u00eache les poulains de mordre la queue et la crini\u00e8re et il permet contre de grignoter les bandages et autres objets.<\/p>\r\n<p>Vaporiser bien la queue et la crini\u00e8re 1 \u00e0 2 fois par semaine. Plusieurs fois en cas de pluie. Pendant l\u2019emploi, utilisez des gants en plastique ou lavez directement soigneusement les mains.<\/p>\r\n<p>Danger : Liquide et vapeurs tr\u00e8s inflammables. Provoque une s\u00e9v\u00e8re irritation des yeux. Nocif pour les organismes aquatiques, entra\u00eene des effets n\u00e9fastes \u00e0 long terme. Tenir hors de port\u00e9e des enfants. Maintenir le r\u00e9cipient ferm\u00e9 de mani\u00e8re \u00e9tanche. Porter des gants de protection, un \u00e9quipement de protection des yeux. EN CAS DE CONTACT AVEC LES YEUX : Rincer avec pr\u00e9caution \u00e0 l\u2019eau pendant plusieurs minutes. Enlever les lentilles de contact si la victime en porte et si elles peuvent \u00eatre facilement enlev\u00e9es. Continuer \u00e0 rincer. Si l\u2019irritation oculaire persiste : consulter un m\u00e9decin. \u00c9liminer le contenu et le r\u00e9cipient dans un centre de collecte de d\u00e9chets dangereux ou sp\u00e9ciaux, conform\u00e9ment \u00e0 la r\u00e9glementation locale, r\u00e9gionale, nationale et\/ou internationale. L\u2019exposition r\u00e9p\u00e9t\u00e9e peut provoquer dess\u00e8chement ou ger\u00e7ures de la peau. Contient Citronellal, Cineole, (R)-p-mentha-1,8-di\u00e8ne (d-limon\u00e8ne), Huile d\u2019eucalyptus citriodora, (E)-anethole, dipentene ; limonene. Peut produire une r\u00e9action allergique.<\/p>","_fr_post_name":"sectolin-anti-bite-spray","_fr_post_excerpt":"","_fr_post_title":"Sectolin Anti Bite Spray","_es_post_content":"<p>El Spray Anti-Bite de Sectolin combate los mordiscos de los potros en la cola y las crines, as\u00ed como el mordisqueo de vendas y otros objetos.<\/p>\r\n<p>Pulverizar bien la cola y la crin una o dos veces por semana. Repetir m\u00e1s a menudo en caso de lluvia. Al aplicarlo, utilizar guantes de pl\u00e1stico o lavarse bien las manos inmediatamente.<\/p>\r\n<p>Peligro: L\u00edquido y vapores altamente inflamables. Provoca irritaci\u00f3n ocular grave. Nocivo para los organismos acu\u00e1ticos, con efectos nocivos duraderos. Mant\u00e9ngase fuera del alcance de los ni\u00f1os. Cons\u00e9rvese en un recipiente bien cerrado. Llevar guantes y gafas de protecci\u00f3n. EN CASO DE CONTACTO CON LOS OJOS: Aclarar cuidadosamente con agua durante varios minutos; si es posible, retirar las lentes de contacto; continuar aclarando. En caso de irritaci\u00f3n ocular persistente: Consultar a un m\u00e9dico. Eliminar el contenido y el envase en un punto de recogida de residuos peligrosos o especiales de acuerdo con la normativa local, regional, nacional y\/o internacional. La exposici\u00f3n repetida puede provocar sequedad o grietas en la piel. Contiene citronelal, cineol, (R)-p-mentha-1,8-dieno (d-limoneno), aceite de eucalipto citriodora, (E)-anetol, dipenteno; limoneno. Puede provocar reacciones al\u00e9rgicas.<\/p>","_es_post_name":"sectolin-anti-bite-spray","_es_post_excerpt":"","_es_post_title":"Sectolin Anti-Bite Spray","edit_language":"nl"},"product_brand":[],"product_cat":[1820,1813,1811,1857,1809,2087,1822],"product_tag":[],"class_list":{"0":"post-120130","1":"product","2":"type-product","3":"status-publish","4":"has-post-thumbnail","6":"product_cat-benodigdheden","7":"product_cat-huid-vacht","8":"product_cat-medicijnen-supplementen","9":"product_cat-merken","10":"product_cat-paarden","11":"product_cat-sectolin","12":"product_cat-verzorging","13":"pa_aandoening-overig","14":"pa_doeldier-paard","15":"pa_fabricatieland-nederland","16":"pa_merkfilter-sectolin","17":"pa_merkgroep-sectolin","18":"pa_productsoort-overig","19":"pa_toedieningswijze-spray","20":"pa_werkzamestof-overig","22":"first","23":"instock","24":"taxable","25":"shipping-taxable","26":"product-type-grouped"},"yoast_head":"<!-- This site is optimized with the Yoast SEO plugin v27.5 - https:\/\/yoast.com\/product\/yoast-seo-wordpress\/ -->\n<title>Sectolin Anti-Bite Spray - Pharmacy4pets<\/title>\n<meta name=\"robots\" content=\"index, follow, max-snippet:-1, max-image-preview:large, max-video-preview:-1\" \/>\n<link rel=\"canonical\" href=\"https:\/\/www.pharmacy4pets.nl\/be\/sectolin-anti-bite-spray\" \/>\n<meta property=\"og:locale\" content=\"nl_NL\" \/>\n<meta property=\"og:type\" content=\"article\" \/>\n<meta property=\"og:title\" content=\"Sectolin Anti-Bite Spray - Pharmacy4pets\" \/>\n<meta property=\"og:description\" content=\"Sectolin Anti-Bite Spray gaat het bijten tegen van staart en manen door veulens en het afknabbelen van verband en andere voorwerpen. 1 &#8211; 2 maal per week staart en manen goed insprayen. Bij regenval vaker herhalen. Bij toepassing plastic handschoenen gebruiken of direct handen grondig wassen. Gevaar: Licht ontvlambare vloeistof en damp. Veroorzaakt ernstige oogirritatie. [&hellip;]\" \/>\n<meta property=\"og:url\" content=\"https:\/\/www.pharmacy4pets.nl\/be\/sectolin-anti-bite-spray\" \/>\n<meta property=\"og:site_name\" content=\"Pharmacy4pets\" \/>\n<meta property=\"article:publisher\" content=\"https:\/\/www.facebook.com\/people\/Pharmacy4petsnl\/100063484989896\/\" \/>\n<meta property=\"article:modified_time\" content=\"2026-03-25T12:04:44+00:00\" \/>\n<meta property=\"og:image\" content=\"https:\/\/www.pharmacy4pets.nl\/wp-content\/uploads\/2023\/03\/25886_1.jpg\" \/>\n\t<meta property=\"og:image:width\" content=\"600\" \/>\n\t<meta property=\"og:image:height\" content=\"600\" \/>\n\t<meta property=\"og:image:type\" content=\"image\/jpeg\" \/>\n<meta name=\"twitter:card\" content=\"summary_large_image\" \/>\n<meta name=\"twitter:label1\" content=\"Geschatte leestijd\" \/>\n\t<meta name=\"twitter:data1\" content=\"1 minuut\" \/>\n<script type=\"application\/ld+json\" class=\"yoast-schema-graph\">{\"@context\":\"https:\\\/\\\/schema.org\",\"@graph\":[{\"@type\":\"WebPage\",\"@id\":\"https:\\\/\\\/www.pharmacy4pets.nl\\\/be\\\/sectolin-anti-bite-spray\",\"url\":\"https:\\\/\\\/www.pharmacy4pets.nl\\\/be\\\/sectolin-anti-bite-spray\",\"name\":\"Sectolin Anti-Bite Spray - Pharmacy4pets\",\"isPartOf\":{\"@id\":\"http:\\\/\\\/www.pharmacy4pets.nl\\\/#website\"},\"primaryImageOfPage\":{\"@id\":\"https:\\\/\\\/www.pharmacy4pets.nl\\\/be\\\/sectolin-anti-bite-spray#primaryimage\"},\"image\":{\"@id\":\"https:\\\/\\\/www.pharmacy4pets.nl\\\/be\\\/sectolin-anti-bite-spray#primaryimage\"},\"thumbnailUrl\":\"https:\\\/\\\/www.pharmacy4pets.nl\\\/wp-content\\\/uploads\\\/2023\\\/03\\\/25886_1.jpg\",\"datePublished\":\"2023-03-10T12:18:30+00:00\",\"dateModified\":\"2026-03-25T12:04:44+00:00\",\"breadcrumb\":{\"@id\":\"https:\\\/\\\/www.pharmacy4pets.nl\\\/be\\\/sectolin-anti-bite-spray#breadcrumb\"},\"inLanguage\":\"nl-NL\",\"potentialAction\":[{\"@type\":\"ReadAction\",\"target\":[\"https:\\\/\\\/www.pharmacy4pets.nl\\\/be\\\/sectolin-anti-bite-spray\"]}]},{\"@type\":\"ImageObject\",\"inLanguage\":\"nl-NL\",\"@id\":\"https:\\\/\\\/www.pharmacy4pets.nl\\\/be\\\/sectolin-anti-bite-spray#primaryimage\",\"url\":\"https:\\\/\\\/www.pharmacy4pets.nl\\\/wp-content\\\/uploads\\\/2023\\\/03\\\/25886_1.jpg\",\"contentUrl\":\"https:\\\/\\\/www.pharmacy4pets.nl\\\/wp-content\\\/uploads\\\/2023\\\/03\\\/25886_1.jpg\",\"width\":600,\"height\":600,\"caption\":\"Sectolin Anti-Bite Spray-0\"},{\"@type\":\"BreadcrumbList\",\"@id\":\"https:\\\/\\\/www.pharmacy4pets.nl\\\/be\\\/sectolin-anti-bite-spray#breadcrumb\",\"itemListElement\":[{\"@type\":\"ListItem\",\"position\":1,\"name\":\"Home\",\"item\":\"https:\\\/\\\/p4p-nl.bootmine.com\\\/\"},{\"@type\":\"ListItem\",\"position\":2,\"name\":\"Winkel\",\"item\":\"https:\\\/\\\/p4p-nl.bootmine.com\\\/winkel\"},{\"@type\":\"ListItem\",\"position\":3,\"name\":\"Sectolin Anti-Bite Spray\"}]},{\"@type\":\"WebSite\",\"@id\":\"http:\\\/\\\/www.pharmacy4pets.nl\\\/#website\",\"url\":\"http:\\\/\\\/www.pharmacy4pets.nl\\\/\",\"name\":\"Pharmacy4pets\",\"description\":\"Pharmacy4pets.nl is d\u00e9 online apotheek waar u terecht kunt voor alle diergeneesmiddelen, verzorgingsproducten en dieetvoeding voor uw huisdier.\",\"publisher\":{\"@id\":\"http:\\\/\\\/www.pharmacy4pets.nl\\\/#organization\"},\"potentialAction\":[{\"@type\":\"SearchAction\",\"target\":{\"@type\":\"EntryPoint\",\"urlTemplate\":\"http:\\\/\\\/www.pharmacy4pets.nl\\\/?s={search_term_string}\"},\"query-input\":{\"@type\":\"PropertyValueSpecification\",\"valueRequired\":true,\"valueName\":\"search_term_string\"}}],\"inLanguage\":\"nl-NL\"},{\"@type\":\"Organization\",\"@id\":\"http:\\\/\\\/www.pharmacy4pets.nl\\\/#organization\",\"name\":\"Pharmacy4pets\",\"url\":\"http:\\\/\\\/www.pharmacy4pets.nl\\\/\",\"logo\":{\"@type\":\"ImageObject\",\"inLanguage\":\"nl-NL\",\"@id\":\"http:\\\/\\\/www.pharmacy4pets.nl\\\/#\\\/schema\\\/logo\\\/image\\\/\",\"url\":\"https:\\\/\\\/p4p-nl.bootmine.com\\\/wp-content\\\/uploads\\\/2026\\\/03\\\/logo-pharmacy4pets.png\",\"contentUrl\":\"https:\\\/\\\/p4p-nl.bootmine.com\\\/wp-content\\\/uploads\\\/2026\\\/03\\\/logo-pharmacy4pets.png\",\"width\":1024,\"height\":135,\"caption\":\"Pharmacy4pets\"},\"image\":{\"@id\":\"http:\\\/\\\/www.pharmacy4pets.nl\\\/#\\\/schema\\\/logo\\\/image\\\/\"},\"sameAs\":[\"https:\\\/\\\/www.facebook.com\\\/people\\\/Pharmacy4petsnl\\\/100063484989896\\\/\",\"https:\\\/\\\/www.youtube.com\\\/channel\\\/UCGPTIgucgli03tP2_kvLkHg\\\/featured\",\"https:\\\/\\\/www.instagram.com\\\/pharmacy4pets.nl\"]}]}<\/script>\n<!-- \/ Yoast SEO plugin. -->","yoast_head_json":{"title":"Sectolin Anti-Bite Spray - Pharmacy4pets","robots":{"index":"index","follow":"follow","max-snippet":"max-snippet:-1","max-image-preview":"max-image-preview:large","max-video-preview":"max-video-preview:-1"},"canonical":"https:\/\/www.pharmacy4pets.nl\/be\/sectolin-anti-bite-spray","og_locale":"nl_NL","og_type":"article","og_title":"Sectolin Anti-Bite Spray - Pharmacy4pets","og_description":"Sectolin Anti-Bite Spray gaat het bijten tegen van staart en manen door veulens en het afknabbelen van verband en andere voorwerpen. 1 &#8211; 2 maal per week staart en manen goed insprayen. Bij regenval vaker herhalen. Bij toepassing plastic handschoenen gebruiken of direct handen grondig wassen. Gevaar: Licht ontvlambare vloeistof en damp. Veroorzaakt ernstige oogirritatie. [&hellip;]","og_url":"https:\/\/www.pharmacy4pets.nl\/be\/sectolin-anti-bite-spray","og_site_name":"Pharmacy4pets","article_publisher":"https:\/\/www.facebook.com\/people\/Pharmacy4petsnl\/100063484989896\/","article_modified_time":"2026-03-25T12:04:44+00:00","og_image":[{"width":600,"height":600,"url":"https:\/\/www.pharmacy4pets.nl\/wp-content\/uploads\/2023\/03\/25886_1.jpg","type":"image\/jpeg"}],"twitter_card":"summary_large_image","twitter_misc":{"Geschatte leestijd":"1 minuut"},"schema":{"@context":"https:\/\/schema.org","@graph":[{"@type":"WebPage","@id":"https:\/\/www.pharmacy4pets.nl\/be\/sectolin-anti-bite-spray","url":"https:\/\/www.pharmacy4pets.nl\/be\/sectolin-anti-bite-spray","name":"Sectolin Anti-Bite Spray - Pharmacy4pets","isPartOf":{"@id":"http:\/\/www.pharmacy4pets.nl\/#website"},"primaryImageOfPage":{"@id":"https:\/\/www.pharmacy4pets.nl\/be\/sectolin-anti-bite-spray#primaryimage"},"image":{"@id":"https:\/\/www.pharmacy4pets.nl\/be\/sectolin-anti-bite-spray#primaryimage"},"thumbnailUrl":"https:\/\/www.pharmacy4pets.nl\/wp-content\/uploads\/2023\/03\/25886_1.jpg","datePublished":"2023-03-10T12:18:30+00:00","dateModified":"2026-03-25T12:04:44+00:00","breadcrumb":{"@id":"https:\/\/www.pharmacy4pets.nl\/be\/sectolin-anti-bite-spray#breadcrumb"},"inLanguage":"nl-NL","potentialAction":[{"@type":"ReadAction","target":["https:\/\/www.pharmacy4pets.nl\/be\/sectolin-anti-bite-spray"]}]},{"@type":"ImageObject","inLanguage":"nl-NL","@id":"https:\/\/www.pharmacy4pets.nl\/be\/sectolin-anti-bite-spray#primaryimage","url":"https:\/\/www.pharmacy4pets.nl\/wp-content\/uploads\/2023\/03\/25886_1.jpg","contentUrl":"https:\/\/www.pharmacy4pets.nl\/wp-content\/uploads\/2023\/03\/25886_1.jpg","width":600,"height":600,"caption":"Sectolin Anti-Bite Spray-0"},{"@type":"BreadcrumbList","@id":"https:\/\/www.pharmacy4pets.nl\/be\/sectolin-anti-bite-spray#breadcrumb","itemListElement":[{"@type":"ListItem","position":1,"name":"Home","item":"https:\/\/p4p-nl.bootmine.com\/"},{"@type":"ListItem","position":2,"name":"Winkel","item":"https:\/\/p4p-nl.bootmine.com\/winkel"},{"@type":"ListItem","position":3,"name":"Sectolin Anti-Bite Spray"}]},{"@type":"WebSite","@id":"http:\/\/www.pharmacy4pets.nl\/#website","url":"http:\/\/www.pharmacy4pets.nl\/","name":"Pharmacy4pets","description":"Pharmacy4pets.nl is d\u00e9 online apotheek waar u terecht kunt voor alle diergeneesmiddelen, verzorgingsproducten en dieetvoeding voor uw huisdier.","publisher":{"@id":"http:\/\/www.pharmacy4pets.nl\/#organization"},"potentialAction":[{"@type":"SearchAction","target":{"@type":"EntryPoint","urlTemplate":"http:\/\/www.pharmacy4pets.nl\/?s={search_term_string}"},"query-input":{"@type":"PropertyValueSpecification","valueRequired":true,"valueName":"search_term_string"}}],"inLanguage":"nl-NL"},{"@type":"Organization","@id":"http:\/\/www.pharmacy4pets.nl\/#organization","name":"Pharmacy4pets","url":"http:\/\/www.pharmacy4pets.nl\/","logo":{"@type":"ImageObject","inLanguage":"nl-NL","@id":"http:\/\/www.pharmacy4pets.nl\/#\/schema\/logo\/image\/","url":"https:\/\/p4p-nl.bootmine.com\/wp-content\/uploads\/2026\/03\/logo-pharmacy4pets.png","contentUrl":"https:\/\/p4p-nl.bootmine.com\/wp-content\/uploads\/2026\/03\/logo-pharmacy4pets.png","width":1024,"height":135,"caption":"Pharmacy4pets"},"image":{"@id":"http:\/\/www.pharmacy4pets.nl\/#\/schema\/logo\/image\/"},"sameAs":["https:\/\/www.facebook.com\/people\/Pharmacy4petsnl\/100063484989896\/","https:\/\/www.youtube.com\/channel\/UCGPTIgucgli03tP2_kvLkHg\/featured","https:\/\/www.instagram.com\/pharmacy4pets.nl"]}]}},"market_data":{"nl":{"price":0,"sale_price":0,"active":false,"url":null,"parent_url":"","tax_rate":0,"price_inc_tax":0,"sale_price_inc_tax":0},"de":{"price":0,"sale_price":0,"active":false,"url":null,"parent_url":"","tax_rate":0,"price_inc_tax":0,"sale_price_inc_tax":0},"be":{"price":0,"sale_price":0,"active":false,"url":null,"parent_url":"","tax_rate":0,"price_inc_tax":0,"sale_price_inc_tax":0},"fr":{"price":0,"sale_price":0,"active":false,"url":null,"parent_url":"","tax_rate":0,"price_inc_tax":0,"sale_price_inc_tax":0},"ch":{"price":0,"sale_price":0,"active":false,"url":null,"parent_url":"","tax_rate":0,"price_inc_tax":0,"sale_price_inc_tax":0},"at":{"price":0,"sale_price":0,"active":false,"url":null,"parent_url":"","tax_rate":0,"price_inc_tax":0,"sale_price_inc_tax":0},"es":{"price":0,"sale_price":0,"active":false,"url":null,"parent_url":"","tax_rate":0,"price_inc_tax":0,"sale_price_inc_tax":0},"dk":{"price":0,"sale_price":0,"active":false,"url":null,"parent_url":"","tax_rate":0,"price_inc_tax":0,"sale_price_inc_tax":0},"com":{"price":0,"sale_price":0,"active":false,"url":null,"parent_url":"","tax_rate":0,"price_inc_tax":0,"sale_price_inc_tax":0}},"market_nl_price":0,"market_nl_sale_price":0,"market_nl_active":false,"market_nl_url":null,"market_nl_parent_url":"","market_nl_tax_rate":0,"market_nl_price_inc_tax":0,"market_nl_sale_price_inc_tax":0,"market_de_price":0,"market_de_sale_price":0,"market_de_active":false,"market_de_url":null,"market_de_parent_url":"","market_de_tax_rate":0,"market_de_price_inc_tax":0,"market_de_sale_price_inc_tax":0,"market_be_price":0,"market_be_sale_price":0,"market_be_active":false,"market_be_url":null,"market_be_parent_url":"","market_be_tax_rate":0,"market_be_price_inc_tax":0,"market_be_sale_price_inc_tax":0,"market_fr_price":0,"market_fr_sale_price":0,"market_fr_active":false,"market_fr_url":null,"market_fr_parent_url":"","market_fr_tax_rate":0,"market_fr_price_inc_tax":0,"market_fr_sale_price_inc_tax":0,"market_ch_price":0,"market_ch_sale_price":0,"market_ch_active":false,"market_ch_url":null,"market_ch_parent_url":"","market_ch_tax_rate":0,"market_ch_price_inc_tax":0,"market_ch_sale_price_inc_tax":0,"market_at_price":0,"market_at_sale_price":0,"market_at_active":false,"market_at_url":null,"market_at_parent_url":"","market_at_tax_rate":0,"market_at_price_inc_tax":0,"market_at_sale_price_inc_tax":0,"market_es_price":0,"market_es_sale_price":0,"market_es_active":false,"market_es_url":null,"market_es_parent_url":"","market_es_tax_rate":0,"market_es_price_inc_tax":0,"market_es_sale_price_inc_tax":0,"market_dk_price":0,"market_dk_sale_price":0,"market_dk_active":false,"market_dk_url":null,"market_dk_parent_url":"","market_dk_tax_rate":0,"market_dk_price_inc_tax":0,"market_dk_sale_price_inc_tax":0,"market_com_price":0,"market_com_sale_price":0,"market_com_active":false,"market_com_url":null,"market_com_parent_url":"","market_com_tax_rate":0,"market_com_price_inc_tax":0,"market_com_sale_price_inc_tax":0,"acf":[],"_links":{"self":[{"href":"https:\/\/www.pharmacy4pets.nl\/be\/wp-json\/wp\/v2\/product\/120130","targetHints":{"allow":["GET"]}}],"collection":[{"href":"https:\/\/www.pharmacy4pets.nl\/be\/wp-json\/wp\/v2\/product"}],"about":[{"href":"https:\/\/www.pharmacy4pets.nl\/be\/wp-json\/wp\/v2\/types\/product"}],"replies":[{"embeddable":true,"href":"https:\/\/www.pharmacy4pets.nl\/be\/wp-json\/wp\/v2\/comments?post=120130"}],"wp:featuredmedia":[{"embeddable":true,"href":"https:\/\/www.pharmacy4pets.nl\/be\/wp-json\/wp\/v2\/media\/120128"}],"wp:attachment":[{"href":"https:\/\/www.pharmacy4pets.nl\/be\/wp-json\/wp\/v2\/media?parent=120130"}],"wp:term":[{"taxonomy":"product_brand","embeddable":true,"href":"https:\/\/www.pharmacy4pets.nl\/be\/wp-json\/wp\/v2\/product_brand?post=120130"},{"taxonomy":"product_cat","embeddable":true,"href":"https:\/\/www.pharmacy4pets.nl\/be\/wp-json\/wp\/v2\/product_cat?post=120130"},{"taxonomy":"product_tag","embeddable":true,"href":"https:\/\/www.pharmacy4pets.nl\/be\/wp-json\/wp\/v2\/product_tag?post=120130"}],"curies":[{"name":"wp","href":"https:\/\/api.w.org\/{rel}","templated":true}]}}