{"id":120125,"date":"2023-03-10T12:18:29","date_gmt":"2023-03-10T12:18:29","guid":{"rendered":"https:\/\/p4p.test\/science-selective-mature-konijn-10-kg"},"modified":"2026-04-14T08:05:10","modified_gmt":"2026-04-14T08:05:10","slug":"science-selective-mature-konijn-10-kg","status":"publish","type":"product","link":"https:\/\/www.pharmacy4pets.nl\/be\/science-selective-mature-konijn-10-kg","title":{"rendered":"Science Selective Four+ Konijn | 10 kg"},"content":{"rendered":"<p>Science Selective Four+ Konijn is konijnenvoer dat specifiek is samengesteld voor het volwassen konijnen. Science Selective Four+ Konijn is een volledige voeding met een verhoogd vezelgehalte om de darmactiviteit te stimuleren. Het voer bevat slechts een laag gehalte aan suikers en eiwitten om overgewicht te helpen voorkomen. Bij oudere konijnen kan de eetlust afnemen door het toegevoegde Timothy hooi, maar door de toegevoegde tijm wordt de eetlust gestimuleerd om uw konijn in optimale gezondheid te helpen blijven.<\/p>\n","protected":false},"excerpt":{"rendered":"<p>Science Selective Four+ Konijn is konijnenvoer dat specifiek is samengesteld voor het volwassen konijnen. Science Selective Four+ Konijn is een volledige voeding met een verhoogd vezelgehalte om de darmactiviteit te stimuleren. Het voer bevat slechts een laag gehalte aan suikers en eiwitten om overgewicht te helpen voorkomen. Bij oudere konijnen kan de eetlust afnemen door [&hellip;]<\/p>\n","protected":false},"featured_media":120124,"comment_status":"open","ping_status":"closed","template":"","meta":{"_acf_changed":false,"_nl_post_content":"<p>Science Selective Four+ Konijn is konijnenvoer dat specifiek is samengesteld voor het volwassen konijnen. Science Selective Four+ Konijn is een volledige voeding met een verhoogd vezelgehalte om de darmactiviteit te stimuleren. Het voer bevat slechts een laag gehalte aan suikers en eiwitten om overgewicht te helpen voorkomen. Bij oudere konijnen kan de eetlust afnemen door het toegevoegde Timothy hooi, maar door de toegevoegde tijm wordt de eetlust gestimuleerd om uw konijn in optimale gezondheid te helpen blijven.<\/p>","_nl_post_name":"science-selective-mature-konijn-10-kg","_nl_post_excerpt":"","_nl_post_title":"Science Selective Four+ Konijn | 10 kg","_en_post_content":"<p>Science Selective Four+ Rabbit is rabbit food that has been specifically formulated for adult rabbits. Science Selective Four+ Rabbit is a complete food with an increased fiber content to stimulate intestinal activity. The food contains only a low level of sugars and proteins to help prevent obesity. In older rabbits, the appetite may decrease due to the added Timothy hay, but the added thyme stimulates the appetite to help your rabbit stay in optimal health.<\/p>","_en_post_name":"science-selective-mature-rabbit-10-kg","_en_post_excerpt":"","_en_post_title":"Science Selective Four+ Rabbit | 10 kg","_de_post_content":"<p>Science Selective Four+ Kaninchen ist Kaninchenfutter, das speziell f\u00fcr erwachsene Kaninchen entwickelt wurde. Science Selective Four+\u00a0Kaninchen ist ein Alleinfuttermittel mit einem erh\u00f6hten Ballaststoffgehalt zur Anregung der Darmt\u00e4tigkeit. Das Futter enth\u00e4lt nur einen geringen Anteil an Zucker und Proteinen, um Fettleibigkeit vorzubeugen. \u00c4ltere Kaninchen k\u00f6nnen durch die Zugabe von Timothy-Heu ihren Appetit verlieren, aber der hinzugef\u00fcgte Thymian steigert den Appetit und tr\u00e4gt dazu bei, dass Ihr Kaninchen bei optimaler Gesundheit bleibt.<\/p>","_de_post_name":"science-selective-mature-kaninchen-10-kg","_de_post_excerpt":"","_de_post_title":"Science Selective Four+ Kaninchen | 10 kg","_fr_post_content":"<p>Science Selective Four+ Lapin\u00a0est un aliment pour lapins sp\u00e9cialement formul\u00e9 pour les lapins adultes. Science Selective Four+ Lapin est un aliment complet avec une teneur accrue en fibres pour stimuler l'activit\u00e9 intestinale. L'aliment ne contient qu'un faible niveau de sucres et de prot\u00e9ines pour aider \u00e0 pr\u00e9venir l'ob\u00e9sit\u00e9. Les lapins plus \u00e2g\u00e9s peuvent perdre l\u2019app\u00e9tit avec le foin Timothy ajout\u00e9, mais le thym ajout\u00e9 stimule l\u2019app\u00e9tit pour aider votre lapin \u00e0 rester en bonne sant\u00e9.<\/p>","_fr_post_name":"science-selective-mature-lapin-10-kg","_fr_post_excerpt":"","_fr_post_title":"Science Selective Four+ Lapin | 10 kg","_es_post_content":"<p>Science Selective Four+ Conejo\u00a0es un alimento para conejos que ha sido formulado espec\u00edficamente para conejos adultos. Science Selective Four+ Conejo es un alimento completo con un mayor contenido en fibra para estimular la actividad intestinal. El alimento contiene s\u00f3lo un nivel bajo de az\u00facares y prote\u00ednas para ayudar a prevenir la obesidad. Los conejos mayores pueden perder el apetito si se les agrega heno Timothy, pero el tomillo agregado aumenta el apetito para ayudar a mantener a su conejo en \u00f3ptimas condiciones de salud.<\/p>","_es_post_name":"science-selective-mature-conejo-10-kg","_es_post_excerpt":"","_es_post_title":"Science Selective Four+ Conejo | 10 kg","edit_language":"nl"},"product_brand":[],"product_cat":[1825,1826,1857,1824,2093],"product_tag":[],"class_list":{"0":"post-120125","1":"product","2":"type-product","3":"status-publish","4":"has-post-thumbnail","6":"product_cat-konijnen","7":"product_cat-konijnenvoer","8":"product_cat-merken","9":"product_cat-overig","10":"product_cat-science-selective","11":"pa_aandoening-overig","12":"pa_doeldier-konijn","13":"pa_fabricatieland-uk","14":"pa_merkfilter-scienceselective","15":"pa_merkgroep-supreme","16":"pa_productsoort-voeding","17":"pa_toedieningswijze-droogvoer","18":"pa_unit_pricing_base_measure-1kg","19":"pa_unit_pricing_measure-10kg","20":"pa_werkzamestof-overig","22":"first","23":"instock","24":"taxable","25":"shipping-taxable","26":"purchasable","27":"product-type-simple"},"yoast_head":"<!-- This site is optimized with the Yoast SEO plugin v27.5 - https:\/\/yoast.com\/product\/yoast-seo-wordpress\/ -->\n<title>Science Selective Four+ Konijn | 10 kg - Pharmacy4pets<\/title>\n<meta name=\"robots\" content=\"index, follow, max-snippet:-1, max-image-preview:large, max-video-preview:-1\" \/>\n<link rel=\"canonical\" href=\"https:\/\/p4p-nl.bootmine.com\/%product-slug%\/science-selective-mature-konijn-10-kg\" \/>\n<meta property=\"og:locale\" content=\"nl_NL\" \/>\n<meta property=\"og:type\" content=\"article\" \/>\n<meta property=\"og:title\" content=\"Science Selective Four+ Konijn | 10 kg - Pharmacy4pets\" \/>\n<meta property=\"og:description\" content=\"Science Selective Four+ Konijn is konijnenvoer dat specifiek is samengesteld voor het volwassen konijnen. Science Selective Four+ Konijn is een volledige voeding met een verhoogd vezelgehalte om de darmactiviteit te stimuleren. Het voer bevat slechts een laag gehalte aan suikers en eiwitten om overgewicht te helpen voorkomen. Bij oudere konijnen kan de eetlust afnemen door [&hellip;]\" \/>\n<meta property=\"og:url\" content=\"https:\/\/p4p-nl.bootmine.com\/%product-slug%\/science-selective-mature-konijn-10-kg\" \/>\n<meta property=\"og:site_name\" content=\"Pharmacy4pets\" \/>\n<meta property=\"article:publisher\" content=\"https:\/\/www.facebook.com\/people\/Pharmacy4petsnl\/100063484989896\/\" \/>\n<meta property=\"article:modified_time\" content=\"2026-04-14T08:05:10+00:00\" \/>\n<meta property=\"og:image\" content=\"https:\/\/p4p-nl.bootmine.com\/wp-content\/uploads\/2023\/03\/21203.jpg\" \/>\n\t<meta property=\"og:image:width\" content=\"483\" \/>\n\t<meta property=\"og:image:height\" content=\"600\" \/>\n\t<meta property=\"og:image:type\" content=\"image\/jpeg\" \/>\n<meta name=\"twitter:card\" content=\"summary_large_image\" \/>\n<script type=\"application\/ld+json\" class=\"yoast-schema-graph\">{\"@context\":\"https:\\\/\\\/schema.org\",\"@graph\":[{\"@type\":\"WebPage\",\"@id\":\"https:\\\/\\\/p4p-nl.bootmine.com\\\/%product-slug%\\\/science-selective-mature-konijn-10-kg\",\"url\":\"https:\\\/\\\/p4p-nl.bootmine.com\\\/%product-slug%\\\/science-selective-mature-konijn-10-kg\",\"name\":\"Science Selective Four+ Konijn | 10 kg - Pharmacy4pets\",\"isPartOf\":{\"@id\":\"http:\\\/\\\/www.pharmacy4pets.nl\\\/#website\"},\"primaryImageOfPage\":{\"@id\":\"https:\\\/\\\/p4p-nl.bootmine.com\\\/%product-slug%\\\/science-selective-mature-konijn-10-kg#primaryimage\"},\"image\":{\"@id\":\"https:\\\/\\\/p4p-nl.bootmine.com\\\/%product-slug%\\\/science-selective-mature-konijn-10-kg#primaryimage\"},\"thumbnailUrl\":\"https:\\\/\\\/www.pharmacy4pets.nl\\\/wp-content\\\/uploads\\\/2023\\\/03\\\/21203.jpg\",\"datePublished\":\"2023-03-10T12:18:29+00:00\",\"dateModified\":\"2026-04-14T08:05:10+00:00\",\"breadcrumb\":{\"@id\":\"https:\\\/\\\/p4p-nl.bootmine.com\\\/%product-slug%\\\/science-selective-mature-konijn-10-kg#breadcrumb\"},\"inLanguage\":\"nl-NL\",\"potentialAction\":[{\"@type\":\"ReadAction\",\"target\":[\"https:\\\/\\\/p4p-nl.bootmine.com\\\/%product-slug%\\\/science-selective-mature-konijn-10-kg\"]}]},{\"@type\":\"ImageObject\",\"inLanguage\":\"nl-NL\",\"@id\":\"https:\\\/\\\/p4p-nl.bootmine.com\\\/%product-slug%\\\/science-selective-mature-konijn-10-kg#primaryimage\",\"url\":\"https:\\\/\\\/www.pharmacy4pets.nl\\\/wp-content\\\/uploads\\\/2023\\\/03\\\/21203.jpg\",\"contentUrl\":\"https:\\\/\\\/www.pharmacy4pets.nl\\\/wp-content\\\/uploads\\\/2023\\\/03\\\/21203.jpg\",\"width\":483,\"height\":600,\"caption\":\"Science Selective\"},{\"@type\":\"BreadcrumbList\",\"@id\":\"https:\\\/\\\/p4p-nl.bootmine.com\\\/%product-slug%\\\/science-selective-mature-konijn-10-kg#breadcrumb\",\"itemListElement\":[{\"@type\":\"ListItem\",\"position\":1,\"name\":\"Home\",\"item\":\"https:\\\/\\\/p4p-nl.bootmine.com\\\/\"},{\"@type\":\"ListItem\",\"position\":2,\"name\":\"Winkel\",\"item\":\"https:\\\/\\\/p4p-nl.bootmine.com\\\/winkel\"},{\"@type\":\"ListItem\",\"position\":3,\"name\":\"Science Selective Four+ Konijn | 10 kg\"}]},{\"@type\":\"WebSite\",\"@id\":\"http:\\\/\\\/www.pharmacy4pets.nl\\\/#website\",\"url\":\"http:\\\/\\\/www.pharmacy4pets.nl\\\/\",\"name\":\"Pharmacy4pets\",\"description\":\"Pharmacy4pets.nl is d\u00e9 online apotheek waar u terecht kunt voor alle diergeneesmiddelen, verzorgingsproducten en dieetvoeding voor uw huisdier.\",\"publisher\":{\"@id\":\"http:\\\/\\\/www.pharmacy4pets.nl\\\/#organization\"},\"potentialAction\":[{\"@type\":\"SearchAction\",\"target\":{\"@type\":\"EntryPoint\",\"urlTemplate\":\"http:\\\/\\\/www.pharmacy4pets.nl\\\/?s={search_term_string}\"},\"query-input\":{\"@type\":\"PropertyValueSpecification\",\"valueRequired\":true,\"valueName\":\"search_term_string\"}}],\"inLanguage\":\"nl-NL\"},{\"@type\":\"Organization\",\"@id\":\"http:\\\/\\\/www.pharmacy4pets.nl\\\/#organization\",\"name\":\"Pharmacy4pets\",\"url\":\"http:\\\/\\\/www.pharmacy4pets.nl\\\/\",\"logo\":{\"@type\":\"ImageObject\",\"inLanguage\":\"nl-NL\",\"@id\":\"http:\\\/\\\/www.pharmacy4pets.nl\\\/#\\\/schema\\\/logo\\\/image\\\/\",\"url\":\"https:\\\/\\\/p4p-nl.bootmine.com\\\/wp-content\\\/uploads\\\/2026\\\/03\\\/logo-pharmacy4pets.png\",\"contentUrl\":\"https:\\\/\\\/p4p-nl.bootmine.com\\\/wp-content\\\/uploads\\\/2026\\\/03\\\/logo-pharmacy4pets.png\",\"width\":1024,\"height\":135,\"caption\":\"Pharmacy4pets\"},\"image\":{\"@id\":\"http:\\\/\\\/www.pharmacy4pets.nl\\\/#\\\/schema\\\/logo\\\/image\\\/\"},\"sameAs\":[\"https:\\\/\\\/www.facebook.com\\\/people\\\/Pharmacy4petsnl\\\/100063484989896\\\/\",\"https:\\\/\\\/www.youtube.com\\\/channel\\\/UCGPTIgucgli03tP2_kvLkHg\\\/featured\",\"https:\\\/\\\/www.instagram.com\\\/pharmacy4pets.nl\"]}]}<\/script>\n<!-- \/ Yoast SEO plugin. -->","yoast_head_json":{"title":"Science Selective Four+ Konijn | 10 kg - Pharmacy4pets","robots":{"index":"index","follow":"follow","max-snippet":"max-snippet:-1","max-image-preview":"max-image-preview:large","max-video-preview":"max-video-preview:-1"},"canonical":"https:\/\/p4p-nl.bootmine.com\/%product-slug%\/science-selective-mature-konijn-10-kg","og_locale":"nl_NL","og_type":"article","og_title":"Science Selective Four+ Konijn | 10 kg - Pharmacy4pets","og_description":"Science Selective Four+ Konijn is konijnenvoer dat specifiek is samengesteld voor het volwassen konijnen. Science Selective Four+ Konijn is een volledige voeding met een verhoogd vezelgehalte om de darmactiviteit te stimuleren. Het voer bevat slechts een laag gehalte aan suikers en eiwitten om overgewicht te helpen voorkomen. Bij oudere konijnen kan de eetlust afnemen door [&hellip;]","og_url":"https:\/\/p4p-nl.bootmine.com\/%product-slug%\/science-selective-mature-konijn-10-kg","og_site_name":"Pharmacy4pets","article_publisher":"https:\/\/www.facebook.com\/people\/Pharmacy4petsnl\/100063484989896\/","article_modified_time":"2026-04-14T08:05:10+00:00","og_image":[{"width":483,"height":600,"url":"https:\/\/p4p-nl.bootmine.com\/wp-content\/uploads\/2023\/03\/21203.jpg","type":"image\/jpeg"}],"twitter_card":"summary_large_image","schema":{"@context":"https:\/\/schema.org","@graph":[{"@type":"WebPage","@id":"https:\/\/p4p-nl.bootmine.com\/%product-slug%\/science-selective-mature-konijn-10-kg","url":"https:\/\/p4p-nl.bootmine.com\/%product-slug%\/science-selective-mature-konijn-10-kg","name":"Science Selective Four+ Konijn | 10 kg - Pharmacy4pets","isPartOf":{"@id":"http:\/\/www.pharmacy4pets.nl\/#website"},"primaryImageOfPage":{"@id":"https:\/\/p4p-nl.bootmine.com\/%product-slug%\/science-selective-mature-konijn-10-kg#primaryimage"},"image":{"@id":"https:\/\/p4p-nl.bootmine.com\/%product-slug%\/science-selective-mature-konijn-10-kg#primaryimage"},"thumbnailUrl":"https:\/\/www.pharmacy4pets.nl\/wp-content\/uploads\/2023\/03\/21203.jpg","datePublished":"2023-03-10T12:18:29+00:00","dateModified":"2026-04-14T08:05:10+00:00","breadcrumb":{"@id":"https:\/\/p4p-nl.bootmine.com\/%product-slug%\/science-selective-mature-konijn-10-kg#breadcrumb"},"inLanguage":"nl-NL","potentialAction":[{"@type":"ReadAction","target":["https:\/\/p4p-nl.bootmine.com\/%product-slug%\/science-selective-mature-konijn-10-kg"]}]},{"@type":"ImageObject","inLanguage":"nl-NL","@id":"https:\/\/p4p-nl.bootmine.com\/%product-slug%\/science-selective-mature-konijn-10-kg#primaryimage","url":"https:\/\/www.pharmacy4pets.nl\/wp-content\/uploads\/2023\/03\/21203.jpg","contentUrl":"https:\/\/www.pharmacy4pets.nl\/wp-content\/uploads\/2023\/03\/21203.jpg","width":483,"height":600,"caption":"Science Selective"},{"@type":"BreadcrumbList","@id":"https:\/\/p4p-nl.bootmine.com\/%product-slug%\/science-selective-mature-konijn-10-kg#breadcrumb","itemListElement":[{"@type":"ListItem","position":1,"name":"Home","item":"https:\/\/p4p-nl.bootmine.com\/"},{"@type":"ListItem","position":2,"name":"Winkel","item":"https:\/\/p4p-nl.bootmine.com\/winkel"},{"@type":"ListItem","position":3,"name":"Science Selective Four+ Konijn | 10 kg"}]},{"@type":"WebSite","@id":"http:\/\/www.pharmacy4pets.nl\/#website","url":"http:\/\/www.pharmacy4pets.nl\/","name":"Pharmacy4pets","description":"Pharmacy4pets.nl is d\u00e9 online apotheek waar u terecht kunt voor alle diergeneesmiddelen, verzorgingsproducten en dieetvoeding voor uw huisdier.","publisher":{"@id":"http:\/\/www.pharmacy4pets.nl\/#organization"},"potentialAction":[{"@type":"SearchAction","target":{"@type":"EntryPoint","urlTemplate":"http:\/\/www.pharmacy4pets.nl\/?s={search_term_string}"},"query-input":{"@type":"PropertyValueSpecification","valueRequired":true,"valueName":"search_term_string"}}],"inLanguage":"nl-NL"},{"@type":"Organization","@id":"http:\/\/www.pharmacy4pets.nl\/#organization","name":"Pharmacy4pets","url":"http:\/\/www.pharmacy4pets.nl\/","logo":{"@type":"ImageObject","inLanguage":"nl-NL","@id":"http:\/\/www.pharmacy4pets.nl\/#\/schema\/logo\/image\/","url":"https:\/\/p4p-nl.bootmine.com\/wp-content\/uploads\/2026\/03\/logo-pharmacy4pets.png","contentUrl":"https:\/\/p4p-nl.bootmine.com\/wp-content\/uploads\/2026\/03\/logo-pharmacy4pets.png","width":1024,"height":135,"caption":"Pharmacy4pets"},"image":{"@id":"http:\/\/www.pharmacy4pets.nl\/#\/schema\/logo\/image\/"},"sameAs":["https:\/\/www.facebook.com\/people\/Pharmacy4petsnl\/100063484989896\/","https:\/\/www.youtube.com\/channel\/UCGPTIgucgli03tP2_kvLkHg\/featured","https:\/\/www.instagram.com\/pharmacy4pets.nl"]}]}},"market_data":{"nl":{"price":0,"sale_price":0,"active":false,"url":null,"parent_url":"","tax_rate":0,"price_inc_tax":0,"sale_price_inc_tax":0},"de":{"price":0,"sale_price":0,"active":false,"url":null,"parent_url":"","tax_rate":0,"price_inc_tax":0,"sale_price_inc_tax":0},"be":{"price":0,"sale_price":0,"active":false,"url":null,"parent_url":"","tax_rate":0,"price_inc_tax":0,"sale_price_inc_tax":0},"fr":{"price":0,"sale_price":0,"active":false,"url":null,"parent_url":"","tax_rate":0,"price_inc_tax":0,"sale_price_inc_tax":0},"ch":{"price":0,"sale_price":0,"active":false,"url":null,"parent_url":"","tax_rate":0,"price_inc_tax":0,"sale_price_inc_tax":0},"at":{"price":0,"sale_price":0,"active":false,"url":null,"parent_url":"","tax_rate":0,"price_inc_tax":0,"sale_price_inc_tax":0},"es":{"price":0,"sale_price":0,"active":false,"url":null,"parent_url":"","tax_rate":0,"price_inc_tax":0,"sale_price_inc_tax":0},"dk":{"price":0,"sale_price":0,"active":false,"url":null,"parent_url":"","tax_rate":0,"price_inc_tax":0,"sale_price_inc_tax":0},"com":{"price":0,"sale_price":0,"active":false,"url":null,"parent_url":"","tax_rate":0,"price_inc_tax":0,"sale_price_inc_tax":0}},"market_nl_price":0,"market_nl_sale_price":0,"market_nl_active":false,"market_nl_url":null,"market_nl_parent_url":"","market_nl_tax_rate":0,"market_nl_price_inc_tax":0,"market_nl_sale_price_inc_tax":0,"market_de_price":0,"market_de_sale_price":0,"market_de_active":false,"market_de_url":null,"market_de_parent_url":"","market_de_tax_rate":0,"market_de_price_inc_tax":0,"market_de_sale_price_inc_tax":0,"market_be_price":0,"market_be_sale_price":0,"market_be_active":false,"market_be_url":null,"market_be_parent_url":"","market_be_tax_rate":0,"market_be_price_inc_tax":0,"market_be_sale_price_inc_tax":0,"market_fr_price":0,"market_fr_sale_price":0,"market_fr_active":false,"market_fr_url":null,"market_fr_parent_url":"","market_fr_tax_rate":0,"market_fr_price_inc_tax":0,"market_fr_sale_price_inc_tax":0,"market_ch_price":0,"market_ch_sale_price":0,"market_ch_active":false,"market_ch_url":null,"market_ch_parent_url":"","market_ch_tax_rate":0,"market_ch_price_inc_tax":0,"market_ch_sale_price_inc_tax":0,"market_at_price":0,"market_at_sale_price":0,"market_at_active":false,"market_at_url":null,"market_at_parent_url":"","market_at_tax_rate":0,"market_at_price_inc_tax":0,"market_at_sale_price_inc_tax":0,"market_es_price":0,"market_es_sale_price":0,"market_es_active":false,"market_es_url":null,"market_es_parent_url":"","market_es_tax_rate":0,"market_es_price_inc_tax":0,"market_es_sale_price_inc_tax":0,"market_dk_price":0,"market_dk_sale_price":0,"market_dk_active":false,"market_dk_url":null,"market_dk_parent_url":"","market_dk_tax_rate":0,"market_dk_price_inc_tax":0,"market_dk_sale_price_inc_tax":0,"market_com_price":0,"market_com_sale_price":0,"market_com_active":false,"market_com_url":null,"market_com_parent_url":"","market_com_tax_rate":0,"market_com_price_inc_tax":0,"market_com_sale_price_inc_tax":0,"acf":[],"_links":{"self":[{"href":"https:\/\/www.pharmacy4pets.nl\/be\/wp-json\/wp\/v2\/product\/120125","targetHints":{"allow":["GET"]}}],"collection":[{"href":"https:\/\/www.pharmacy4pets.nl\/be\/wp-json\/wp\/v2\/product"}],"about":[{"href":"https:\/\/www.pharmacy4pets.nl\/be\/wp-json\/wp\/v2\/types\/product"}],"replies":[{"embeddable":true,"href":"https:\/\/www.pharmacy4pets.nl\/be\/wp-json\/wp\/v2\/comments?post=120125"}],"wp:featuredmedia":[{"embeddable":true,"href":"https:\/\/www.pharmacy4pets.nl\/be\/wp-json\/wp\/v2\/media\/120124"}],"wp:attachment":[{"href":"https:\/\/www.pharmacy4pets.nl\/be\/wp-json\/wp\/v2\/media?parent=120125"}],"wp:term":[{"taxonomy":"product_brand","embeddable":true,"href":"https:\/\/www.pharmacy4pets.nl\/be\/wp-json\/wp\/v2\/product_brand?post=120125"},{"taxonomy":"product_cat","embeddable":true,"href":"https:\/\/www.pharmacy4pets.nl\/be\/wp-json\/wp\/v2\/product_cat?post=120125"},{"taxonomy":"product_tag","embeddable":true,"href":"https:\/\/www.pharmacy4pets.nl\/be\/wp-json\/wp\/v2\/product_tag?post=120125"}],"curies":[{"name":"wp","href":"https:\/\/api.w.org\/{rel}","templated":true}]}}