{"id":120121,"date":"2023-03-10T12:18:28","date_gmt":"2023-03-10T12:18:28","guid":{"rendered":"https:\/\/p4p.test\/science-selective-konijn-1-5-kg"},"modified":"2026-04-14T08:05:10","modified_gmt":"2026-04-14T08:05:10","slug":"science-selective-konijn-1-5-kg","status":"publish","type":"product","link":"https:\/\/www.pharmacy4pets.nl\/be\/science-selective-konijn-1-5-kg","title":{"rendered":"Science Selective Konijn | 1,5 kg"},"content":{"rendered":"<p>Science Selective is een natuurlijke, hoogwaardige voeding die speciaal is samengesteld om te voldoen aan de voedingsbehoeften van konijnen. Met zorgvuldig geselecteerde ingredi\u00ebnten en de juiste verhouding van vezels, eiwitten, vitaminen en mineralen, helpt deze voeding uw konijn in topconditie te houden.<\/p>\n<p>De voordelen van Science Selective voor konijnen:<\/p>\n<ul>\n<li>Hoog vezelgehalte: De voeding bevat een hoog vezelgehalte dat essentieel is voor een gezonde spijsvertering en de bevordering van de darmgezondheid van uw konijn.<\/li>\n<li>Beperkt caloriegehalte: Science Selective heeft een beperkt caloriegehalte om overgewicht te voorkomen, wat vaak voorkomt bij konijnen.<\/li>\n<li>Voorkomt selectief eten: De voeding is samengesteld in korrelvorm om selectief eten te voorkomen, zodat uw konijn alle essenti\u00eble voedingsstoffen binnenkrijgt.<\/li>\n<li>Geen toegevoegde suikers: Science Selective bevat geen toegevoegde suikers, waardoor het een gezonde keuze is voor uw konijn.<\/li>\n<li>Verbeterde gebitsgezondheid: De voeding heeft een vezelrijke textuur die het natuurlijke afslijten van de tanden ondersteunt en bijdraagt aan een gezond gebit.<\/li>\n<\/ul>\n","protected":false},"excerpt":{"rendered":"<p>Science Selective is een natuurlijke, hoogwaardige voeding die speciaal is samengesteld om te voldoen aan de voedingsbehoeften van konijnen. Met zorgvuldig geselecteerde ingredi\u00ebnten en de juiste verhouding van vezels, eiwitten, vitaminen en mineralen, helpt deze voeding uw konijn in topconditie te houden. De voordelen van Science Selective voor konijnen: Hoog vezelgehalte: De voeding bevat een [&hellip;]<\/p>\n","protected":false},"featured_media":120120,"comment_status":"open","ping_status":"closed","template":"","meta":{"_acf_changed":false,"_nl_post_content":"<p>Science Selective is een natuurlijke, hoogwaardige voeding die speciaal is samengesteld om te voldoen aan de voedingsbehoeften van konijnen. Met zorgvuldig geselecteerde ingredi\u00ebnten en de juiste verhouding van vezels, eiwitten, vitaminen en mineralen, helpt deze voeding uw konijn in topconditie te houden.<\/p>\r\n<p>De voordelen van Science Selective voor konijnen:<\/p>\r\n<ul>\r\n<li>Hoog vezelgehalte: De voeding bevat een hoog vezelgehalte dat essentieel is voor een gezonde spijsvertering en de bevordering van de darmgezondheid van uw konijn.<\/li>\r\n<li>Beperkt caloriegehalte: Science Selective heeft een beperkt caloriegehalte om overgewicht te voorkomen, wat vaak voorkomt bij konijnen.<\/li>\r\n<li>Voorkomt selectief eten: De voeding is samengesteld in korrelvorm om selectief eten te voorkomen, zodat uw konijn alle essenti\u00eble voedingsstoffen binnenkrijgt.<\/li>\r\n<li>Geen toegevoegde suikers: Science Selective bevat geen toegevoegde suikers, waardoor het een gezonde keuze is voor uw konijn.<\/li>\r\n<li>Verbeterde gebitsgezondheid: De voeding heeft een vezelrijke textuur die het natuurlijke afslijten van de tanden ondersteunt en bijdraagt aan een gezond gebit.<\/li>\r\n<\/ul>","_nl_post_name":"science-selective-konijn-1-5-kg","_nl_post_excerpt":"","_nl_post_title":"Science Selective Konijn | 1,5 kg","_en_post_content":"<p>Science Selective is a natural, high-quality food specially formulated to meet the nutritional needs of rabbits. With carefully selected ingredients and the right ratio of fibre, protein, vitamins and minerals, this food helps keep your rabbit in top condition.<\/p>\r\n<p>The benefits of Science Selective for rabbits:<\/p>\r\n<ul>\r\n<li>High fibre content: The diet contains a high fibre content that is essential for healthy digestion and promoting your rabbit's intestinal health.<\/li>\r\n<li>Limited calorie content: Science Selective has a limited calorie content to prevent obesity, which is common in rabbits.<\/li>\r\n<li>Prevents selective eating: The diet is formulated in pellet form to prevent selective eating, ensuring your rabbit gets all the essential nutrients.<\/li>\r\n<li>No added sugars: Science Selective contains no added sugars, making it a healthy choice for your rabbit.<\/li>\r\n<li>Improved dental health: The food has a high-fibre texture that supports natural tooth wear and contributes to healthy teeth.<\/li>\r\n<\/ul>","_en_post_name":"science-selective-rabbit-1-5-kg","_en_post_excerpt":"","_en_post_title":"Science Selective Rabbit | 1,5 kg","_de_post_content":"<p>Science Selective ist ein nat\u00fcrliches, hochwertiges Futter, das speziell auf die Ern\u00e4hrungsbed\u00fcrfnisse von Kaninchen abgestimmt ist. Mit sorgf\u00e4ltig ausgew\u00e4hlten Zutaten und dem richtigen Verh\u00e4ltnis von Ballaststoffen, Proteinen, Vitaminen und Mineralien tr\u00e4gt dieses Futter dazu bei, dass Ihr Kaninchen in Topform bleibt.<\/p>\r\n<p>Die Vorteile von Science Selective f\u00fcr Kaninchen:<\/p>\r\n<ul>\r\n<li>Hoher Ballaststoffgehalt: Das Futter enth\u00e4lt einen hohen Anteil an Ballaststoffen, die f\u00fcr eine gesunde Verdauung und die F\u00f6rderung der Darmgesundheit Ihres Kaninchens wichtig sind.<\/li>\r\n<li>Begrenzter Kaloriengehalt: Science Selective hat einen begrenzten Kaloriengehalt, um Fettleibigkeit zu verhindern, die bei Kaninchen h\u00e4ufig vorkommt.<\/li>\r\n<li>Verhindert selektives Fressen: Das Futter ist in Pelletform formuliert, um selektives Fressen zu verhindern und sicherzustellen, dass Ihr Kaninchen alle wichtigen N\u00e4hrstoffe erh\u00e4lt.<\/li>\r\n<li>Kein Zuckerzusatz: Science Selective enth\u00e4lt keinen Zuckerzusatz und ist damit eine gesunde Wahl f\u00fcr Ihr Kaninchen.<\/li>\r\n<li>Verbesserte Zahngesundheit: Das Futter hat eine faserreiche Textur, die den nat\u00fcrlichen Zahnabrieb unterst\u00fctzt und zu gesunden Z\u00e4hnen beitr\u00e4gt.<\/li>\r\n<\/ul>","_de_post_name":"science-selective-kaninchen-1-5-kg","_de_post_excerpt":"","_de_post_title":"Science Selective Kaninchen | 1,5 kg","_fr_post_content":"<p>Science Selective est un aliment naturel de haute qualit\u00e9 sp\u00e9cialement formul\u00e9 pour r\u00e9pondre aux besoins nutritionnels des lapins. Avec des ingr\u00e9dients soigneusement s\u00e9lectionn\u00e9s et le bon rapport entre les fibres, les prot\u00e9ines, les vitamines et les min\u00e9raux, cet aliment aide votre lapin \u00e0 rester en pleine forme.<\/p>\r\n<p>Les avantages de Science Selective pour les lapins :<\/p>\r\n<ul>\r\n<li>Teneur \u00e9lev\u00e9e en fibres : l'aliment contient une teneur \u00e9lev\u00e9e en fibres, essentielles \u00e0 une bonne digestion et \u00e0 la sant\u00e9 intestinale de votre lapin.<\/li>\r\n<li>Teneur limit\u00e9e en calories : Science Selective a une teneur limit\u00e9e en calories pour pr\u00e9venir l'ob\u00e9sit\u00e9, fr\u00e9quente chez les lapins.<\/li>\r\n<li>Pr\u00e9vient l'alimentation s\u00e9lective : Le r\u00e9gime est formul\u00e9 sous forme de granul\u00e9s pour emp\u00eacher la consommation s\u00e9lective, ce qui garantit que votre lapin re\u00e7oit tous les nutriments essentiels.<\/li>\r\n<li>Sans sucres ajout\u00e9s : Science Selective ne contient pas de sucres ajout\u00e9s, ce qui en fait un choix sain pour votre lapin.<\/li>\r\n<li>Meilleure sant\u00e9 dentaire : l'aliment a une texture riche en fibres qui favorise l'usure naturelle des dents et contribue \u00e0 leur bonne sant\u00e9.<\/li>\r\n<\/ul>","_fr_post_name":"science-selective-lapin-1-5-kg","_fr_post_excerpt":"","_fr_post_title":"Science Selective Lapin | 1,5 kg","_es_post_content":"<p>Science Selective es un alimento natural de alta calidad especialmente formulado para satisfacer las necesidades nutricionales de los conejos. Con ingredientes cuidadosamente seleccionados y la proporci\u00f3n adecuada de fibra, prote\u00ednas, vitaminas y minerales, este alimento ayuda a mantener a su conejo en las mejores condiciones.<\/p>\r\n<p>Las ventajas de Science Selective para conejos:<\/p>\r\n<ul>\r\n<li>Alto contenido en fibra: La dieta contiene un alto contenido en fibra que es esencial para una digesti\u00f3n saludable y para promover la salud intestinal de su conejo.<\/li>\r\n<li>Contenido cal\u00f3rico limitado: Science Selective para conejos tiene un contenido cal\u00f3rico limitado para prevenir la obesidad, frecuente en los conejos.<\/li>\r\n<li>Previene la alimentaci\u00f3n selectiva: La dieta est\u00e1 formulada en forma de pellets para evitar la alimentaci\u00f3n selectiva, asegurando que su conejo obtenga todos los nutrientes esenciales.<\/li>\r\n<li>Sin az\u00facares a\u00f1adidos: Science Selective no contiene az\u00facares a\u00f1adidos, por lo que es una opci\u00f3n saludable para su conejo.<\/li>\r\n<li>Mejor salud dental: El alimento tiene una textura rica en fibra que favorece el desgaste natural de los dientes y contribuye a una dentadura sana.<\/li>\r\n<\/ul>","_es_post_name":"science-selective-conejo-1-5-kg","_es_post_excerpt":"","_es_post_title":"Science Selective Conejo | 1,5 kg","edit_language":"nl"},"product_brand":[],"product_cat":[1825,1826,1857,1824,2093],"product_tag":[],"class_list":{"0":"post-120121","1":"product","2":"type-product","3":"status-publish","4":"has-post-thumbnail","6":"product_cat-konijnen","7":"product_cat-konijnenvoer","8":"product_cat-merken","9":"product_cat-overig","10":"product_cat-science-selective","11":"pa_aandoening-overig","12":"pa_doeldier-konijn","13":"pa_fabricatieland-uk","14":"pa_merkfilter-scienceselective","15":"pa_merkgroep-supreme","16":"pa_productsoort-voeding","17":"pa_toedieningswijze-droogvoer","18":"pa_unit_pricing_base_measure-1kg","19":"pa_unit_pricing_measure-1_5kg","20":"pa_werkzamestof-overig","22":"first","23":"instock","24":"taxable","25":"shipping-taxable","26":"purchasable","27":"product-type-simple"},"yoast_head":"<!-- This site is optimized with the Yoast SEO plugin v27.5 - https:\/\/yoast.com\/product\/yoast-seo-wordpress\/ -->\n<title>Science Selective Konijn | 1,5 kg - Pharmacy4pets<\/title>\n<meta name=\"robots\" content=\"index, follow, max-snippet:-1, max-image-preview:large, max-video-preview:-1\" \/>\n<link rel=\"canonical\" href=\"https:\/\/p4p-nl.bootmine.com\/%product-slug%\/science-selective-konijn-1-5-kg\" \/>\n<meta property=\"og:locale\" content=\"nl_NL\" \/>\n<meta property=\"og:type\" content=\"article\" \/>\n<meta property=\"og:title\" content=\"Science Selective Konijn | 1,5 kg - Pharmacy4pets\" \/>\n<meta property=\"og:description\" content=\"Science Selective is een natuurlijke, hoogwaardige voeding die speciaal is samengesteld om te voldoen aan de voedingsbehoeften van konijnen. Met zorgvuldig geselecteerde ingredi\u00ebnten en de juiste verhouding van vezels, eiwitten, vitaminen en mineralen, helpt deze voeding uw konijn in topconditie te houden. De voordelen van Science Selective voor konijnen: Hoog vezelgehalte: De voeding bevat een [&hellip;]\" \/>\n<meta property=\"og:url\" content=\"https:\/\/p4p-nl.bootmine.com\/%product-slug%\/science-selective-konijn-1-5-kg\" \/>\n<meta property=\"og:site_name\" content=\"Pharmacy4pets\" \/>\n<meta property=\"article:publisher\" content=\"https:\/\/www.facebook.com\/people\/Pharmacy4petsnl\/100063484989896\/\" \/>\n<meta property=\"article:modified_time\" content=\"2026-04-14T08:05:10+00:00\" \/>\n<meta property=\"og:image\" content=\"https:\/\/p4p-nl.bootmine.com\/wp-content\/uploads\/2023\/03\/19856.jpg\" \/>\n\t<meta property=\"og:image:width\" content=\"483\" \/>\n\t<meta property=\"og:image:height\" content=\"600\" \/>\n\t<meta property=\"og:image:type\" content=\"image\/jpeg\" \/>\n<meta name=\"twitter:card\" content=\"summary_large_image\" \/>\n<meta name=\"twitter:label1\" content=\"Geschatte leestijd\" \/>\n\t<meta name=\"twitter:data1\" content=\"1 minuut\" \/>\n<script type=\"application\/ld+json\" class=\"yoast-schema-graph\">{\"@context\":\"https:\\\/\\\/schema.org\",\"@graph\":[{\"@type\":\"WebPage\",\"@id\":\"https:\\\/\\\/p4p-nl.bootmine.com\\\/%product-slug%\\\/science-selective-konijn-1-5-kg\",\"url\":\"https:\\\/\\\/p4p-nl.bootmine.com\\\/%product-slug%\\\/science-selective-konijn-1-5-kg\",\"name\":\"Science Selective Konijn | 1,5 kg - Pharmacy4pets\",\"isPartOf\":{\"@id\":\"http:\\\/\\\/www.pharmacy4pets.nl\\\/#website\"},\"primaryImageOfPage\":{\"@id\":\"https:\\\/\\\/p4p-nl.bootmine.com\\\/%product-slug%\\\/science-selective-konijn-1-5-kg#primaryimage\"},\"image\":{\"@id\":\"https:\\\/\\\/p4p-nl.bootmine.com\\\/%product-slug%\\\/science-selective-konijn-1-5-kg#primaryimage\"},\"thumbnailUrl\":\"https:\\\/\\\/www.pharmacy4pets.nl\\\/wp-content\\\/uploads\\\/2023\\\/03\\\/19856.jpg\",\"datePublished\":\"2023-03-10T12:18:28+00:00\",\"dateModified\":\"2026-04-14T08:05:10+00:00\",\"breadcrumb\":{\"@id\":\"https:\\\/\\\/p4p-nl.bootmine.com\\\/%product-slug%\\\/science-selective-konijn-1-5-kg#breadcrumb\"},\"inLanguage\":\"nl-NL\",\"potentialAction\":[{\"@type\":\"ReadAction\",\"target\":[\"https:\\\/\\\/p4p-nl.bootmine.com\\\/%product-slug%\\\/science-selective-konijn-1-5-kg\"]}]},{\"@type\":\"ImageObject\",\"inLanguage\":\"nl-NL\",\"@id\":\"https:\\\/\\\/p4p-nl.bootmine.com\\\/%product-slug%\\\/science-selective-konijn-1-5-kg#primaryimage\",\"url\":\"https:\\\/\\\/www.pharmacy4pets.nl\\\/wp-content\\\/uploads\\\/2023\\\/03\\\/19856.jpg\",\"contentUrl\":\"https:\\\/\\\/www.pharmacy4pets.nl\\\/wp-content\\\/uploads\\\/2023\\\/03\\\/19856.jpg\",\"width\":483,\"height\":600,\"caption\":\"Science Selective\"},{\"@type\":\"BreadcrumbList\",\"@id\":\"https:\\\/\\\/p4p-nl.bootmine.com\\\/%product-slug%\\\/science-selective-konijn-1-5-kg#breadcrumb\",\"itemListElement\":[{\"@type\":\"ListItem\",\"position\":1,\"name\":\"Home\",\"item\":\"https:\\\/\\\/p4p-nl.bootmine.com\\\/\"},{\"@type\":\"ListItem\",\"position\":2,\"name\":\"Winkel\",\"item\":\"https:\\\/\\\/p4p-nl.bootmine.com\\\/winkel\"},{\"@type\":\"ListItem\",\"position\":3,\"name\":\"Science Selective Konijn | 1,5 kg\"}]},{\"@type\":\"WebSite\",\"@id\":\"http:\\\/\\\/www.pharmacy4pets.nl\\\/#website\",\"url\":\"http:\\\/\\\/www.pharmacy4pets.nl\\\/\",\"name\":\"Pharmacy4pets\",\"description\":\"Pharmacy4pets.nl is d\u00e9 online apotheek waar u terecht kunt voor alle diergeneesmiddelen, verzorgingsproducten en dieetvoeding voor uw huisdier.\",\"publisher\":{\"@id\":\"http:\\\/\\\/www.pharmacy4pets.nl\\\/#organization\"},\"potentialAction\":[{\"@type\":\"SearchAction\",\"target\":{\"@type\":\"EntryPoint\",\"urlTemplate\":\"http:\\\/\\\/www.pharmacy4pets.nl\\\/?s={search_term_string}\"},\"query-input\":{\"@type\":\"PropertyValueSpecification\",\"valueRequired\":true,\"valueName\":\"search_term_string\"}}],\"inLanguage\":\"nl-NL\"},{\"@type\":\"Organization\",\"@id\":\"http:\\\/\\\/www.pharmacy4pets.nl\\\/#organization\",\"name\":\"Pharmacy4pets\",\"url\":\"http:\\\/\\\/www.pharmacy4pets.nl\\\/\",\"logo\":{\"@type\":\"ImageObject\",\"inLanguage\":\"nl-NL\",\"@id\":\"http:\\\/\\\/www.pharmacy4pets.nl\\\/#\\\/schema\\\/logo\\\/image\\\/\",\"url\":\"https:\\\/\\\/p4p-nl.bootmine.com\\\/wp-content\\\/uploads\\\/2026\\\/03\\\/logo-pharmacy4pets.png\",\"contentUrl\":\"https:\\\/\\\/p4p-nl.bootmine.com\\\/wp-content\\\/uploads\\\/2026\\\/03\\\/logo-pharmacy4pets.png\",\"width\":1024,\"height\":135,\"caption\":\"Pharmacy4pets\"},\"image\":{\"@id\":\"http:\\\/\\\/www.pharmacy4pets.nl\\\/#\\\/schema\\\/logo\\\/image\\\/\"},\"sameAs\":[\"https:\\\/\\\/www.facebook.com\\\/people\\\/Pharmacy4petsnl\\\/100063484989896\\\/\",\"https:\\\/\\\/www.youtube.com\\\/channel\\\/UCGPTIgucgli03tP2_kvLkHg\\\/featured\",\"https:\\\/\\\/www.instagram.com\\\/pharmacy4pets.nl\"]}]}<\/script>\n<!-- \/ Yoast SEO plugin. -->","yoast_head_json":{"title":"Science Selective Konijn | 1,5 kg - Pharmacy4pets","robots":{"index":"index","follow":"follow","max-snippet":"max-snippet:-1","max-image-preview":"max-image-preview:large","max-video-preview":"max-video-preview:-1"},"canonical":"https:\/\/p4p-nl.bootmine.com\/%product-slug%\/science-selective-konijn-1-5-kg","og_locale":"nl_NL","og_type":"article","og_title":"Science Selective Konijn | 1,5 kg - Pharmacy4pets","og_description":"Science Selective is een natuurlijke, hoogwaardige voeding die speciaal is samengesteld om te voldoen aan de voedingsbehoeften van konijnen. Met zorgvuldig geselecteerde ingredi\u00ebnten en de juiste verhouding van vezels, eiwitten, vitaminen en mineralen, helpt deze voeding uw konijn in topconditie te houden. De voordelen van Science Selective voor konijnen: Hoog vezelgehalte: De voeding bevat een [&hellip;]","og_url":"https:\/\/p4p-nl.bootmine.com\/%product-slug%\/science-selective-konijn-1-5-kg","og_site_name":"Pharmacy4pets","article_publisher":"https:\/\/www.facebook.com\/people\/Pharmacy4petsnl\/100063484989896\/","article_modified_time":"2026-04-14T08:05:10+00:00","og_image":[{"width":483,"height":600,"url":"https:\/\/p4p-nl.bootmine.com\/wp-content\/uploads\/2023\/03\/19856.jpg","type":"image\/jpeg"}],"twitter_card":"summary_large_image","twitter_misc":{"Geschatte leestijd":"1 minuut"},"schema":{"@context":"https:\/\/schema.org","@graph":[{"@type":"WebPage","@id":"https:\/\/p4p-nl.bootmine.com\/%product-slug%\/science-selective-konijn-1-5-kg","url":"https:\/\/p4p-nl.bootmine.com\/%product-slug%\/science-selective-konijn-1-5-kg","name":"Science Selective Konijn | 1,5 kg - Pharmacy4pets","isPartOf":{"@id":"http:\/\/www.pharmacy4pets.nl\/#website"},"primaryImageOfPage":{"@id":"https:\/\/p4p-nl.bootmine.com\/%product-slug%\/science-selective-konijn-1-5-kg#primaryimage"},"image":{"@id":"https:\/\/p4p-nl.bootmine.com\/%product-slug%\/science-selective-konijn-1-5-kg#primaryimage"},"thumbnailUrl":"https:\/\/www.pharmacy4pets.nl\/wp-content\/uploads\/2023\/03\/19856.jpg","datePublished":"2023-03-10T12:18:28+00:00","dateModified":"2026-04-14T08:05:10+00:00","breadcrumb":{"@id":"https:\/\/p4p-nl.bootmine.com\/%product-slug%\/science-selective-konijn-1-5-kg#breadcrumb"},"inLanguage":"nl-NL","potentialAction":[{"@type":"ReadAction","target":["https:\/\/p4p-nl.bootmine.com\/%product-slug%\/science-selective-konijn-1-5-kg"]}]},{"@type":"ImageObject","inLanguage":"nl-NL","@id":"https:\/\/p4p-nl.bootmine.com\/%product-slug%\/science-selective-konijn-1-5-kg#primaryimage","url":"https:\/\/www.pharmacy4pets.nl\/wp-content\/uploads\/2023\/03\/19856.jpg","contentUrl":"https:\/\/www.pharmacy4pets.nl\/wp-content\/uploads\/2023\/03\/19856.jpg","width":483,"height":600,"caption":"Science Selective"},{"@type":"BreadcrumbList","@id":"https:\/\/p4p-nl.bootmine.com\/%product-slug%\/science-selective-konijn-1-5-kg#breadcrumb","itemListElement":[{"@type":"ListItem","position":1,"name":"Home","item":"https:\/\/p4p-nl.bootmine.com\/"},{"@type":"ListItem","position":2,"name":"Winkel","item":"https:\/\/p4p-nl.bootmine.com\/winkel"},{"@type":"ListItem","position":3,"name":"Science Selective Konijn | 1,5 kg"}]},{"@type":"WebSite","@id":"http:\/\/www.pharmacy4pets.nl\/#website","url":"http:\/\/www.pharmacy4pets.nl\/","name":"Pharmacy4pets","description":"Pharmacy4pets.nl is d\u00e9 online apotheek waar u terecht kunt voor alle diergeneesmiddelen, verzorgingsproducten en dieetvoeding voor uw huisdier.","publisher":{"@id":"http:\/\/www.pharmacy4pets.nl\/#organization"},"potentialAction":[{"@type":"SearchAction","target":{"@type":"EntryPoint","urlTemplate":"http:\/\/www.pharmacy4pets.nl\/?s={search_term_string}"},"query-input":{"@type":"PropertyValueSpecification","valueRequired":true,"valueName":"search_term_string"}}],"inLanguage":"nl-NL"},{"@type":"Organization","@id":"http:\/\/www.pharmacy4pets.nl\/#organization","name":"Pharmacy4pets","url":"http:\/\/www.pharmacy4pets.nl\/","logo":{"@type":"ImageObject","inLanguage":"nl-NL","@id":"http:\/\/www.pharmacy4pets.nl\/#\/schema\/logo\/image\/","url":"https:\/\/p4p-nl.bootmine.com\/wp-content\/uploads\/2026\/03\/logo-pharmacy4pets.png","contentUrl":"https:\/\/p4p-nl.bootmine.com\/wp-content\/uploads\/2026\/03\/logo-pharmacy4pets.png","width":1024,"height":135,"caption":"Pharmacy4pets"},"image":{"@id":"http:\/\/www.pharmacy4pets.nl\/#\/schema\/logo\/image\/"},"sameAs":["https:\/\/www.facebook.com\/people\/Pharmacy4petsnl\/100063484989896\/","https:\/\/www.youtube.com\/channel\/UCGPTIgucgli03tP2_kvLkHg\/featured","https:\/\/www.instagram.com\/pharmacy4pets.nl"]}]}},"market_data":{"nl":{"price":0,"sale_price":0,"active":false,"url":null,"parent_url":"","tax_rate":0,"price_inc_tax":0,"sale_price_inc_tax":0},"de":{"price":0,"sale_price":0,"active":false,"url":null,"parent_url":"","tax_rate":0,"price_inc_tax":0,"sale_price_inc_tax":0},"be":{"price":0,"sale_price":0,"active":false,"url":null,"parent_url":"","tax_rate":0,"price_inc_tax":0,"sale_price_inc_tax":0},"fr":{"price":0,"sale_price":0,"active":false,"url":null,"parent_url":"","tax_rate":0,"price_inc_tax":0,"sale_price_inc_tax":0},"ch":{"price":0,"sale_price":0,"active":false,"url":null,"parent_url":"","tax_rate":0,"price_inc_tax":0,"sale_price_inc_tax":0},"at":{"price":0,"sale_price":0,"active":false,"url":null,"parent_url":"","tax_rate":0,"price_inc_tax":0,"sale_price_inc_tax":0},"es":{"price":0,"sale_price":0,"active":false,"url":null,"parent_url":"","tax_rate":0,"price_inc_tax":0,"sale_price_inc_tax":0},"dk":{"price":0,"sale_price":0,"active":false,"url":null,"parent_url":"","tax_rate":0,"price_inc_tax":0,"sale_price_inc_tax":0},"com":{"price":0,"sale_price":0,"active":false,"url":null,"parent_url":"","tax_rate":0,"price_inc_tax":0,"sale_price_inc_tax":0}},"market_nl_price":0,"market_nl_sale_price":0,"market_nl_active":false,"market_nl_url":null,"market_nl_parent_url":"","market_nl_tax_rate":0,"market_nl_price_inc_tax":0,"market_nl_sale_price_inc_tax":0,"market_de_price":0,"market_de_sale_price":0,"market_de_active":false,"market_de_url":null,"market_de_parent_url":"","market_de_tax_rate":0,"market_de_price_inc_tax":0,"market_de_sale_price_inc_tax":0,"market_be_price":0,"market_be_sale_price":0,"market_be_active":false,"market_be_url":null,"market_be_parent_url":"","market_be_tax_rate":0,"market_be_price_inc_tax":0,"market_be_sale_price_inc_tax":0,"market_fr_price":0,"market_fr_sale_price":0,"market_fr_active":false,"market_fr_url":null,"market_fr_parent_url":"","market_fr_tax_rate":0,"market_fr_price_inc_tax":0,"market_fr_sale_price_inc_tax":0,"market_ch_price":0,"market_ch_sale_price":0,"market_ch_active":false,"market_ch_url":null,"market_ch_parent_url":"","market_ch_tax_rate":0,"market_ch_price_inc_tax":0,"market_ch_sale_price_inc_tax":0,"market_at_price":0,"market_at_sale_price":0,"market_at_active":false,"market_at_url":null,"market_at_parent_url":"","market_at_tax_rate":0,"market_at_price_inc_tax":0,"market_at_sale_price_inc_tax":0,"market_es_price":0,"market_es_sale_price":0,"market_es_active":false,"market_es_url":null,"market_es_parent_url":"","market_es_tax_rate":0,"market_es_price_inc_tax":0,"market_es_sale_price_inc_tax":0,"market_dk_price":0,"market_dk_sale_price":0,"market_dk_active":false,"market_dk_url":null,"market_dk_parent_url":"","market_dk_tax_rate":0,"market_dk_price_inc_tax":0,"market_dk_sale_price_inc_tax":0,"market_com_price":0,"market_com_sale_price":0,"market_com_active":false,"market_com_url":null,"market_com_parent_url":"","market_com_tax_rate":0,"market_com_price_inc_tax":0,"market_com_sale_price_inc_tax":0,"acf":[],"_links":{"self":[{"href":"https:\/\/www.pharmacy4pets.nl\/be\/wp-json\/wp\/v2\/product\/120121","targetHints":{"allow":["GET"]}}],"collection":[{"href":"https:\/\/www.pharmacy4pets.nl\/be\/wp-json\/wp\/v2\/product"}],"about":[{"href":"https:\/\/www.pharmacy4pets.nl\/be\/wp-json\/wp\/v2\/types\/product"}],"replies":[{"embeddable":true,"href":"https:\/\/www.pharmacy4pets.nl\/be\/wp-json\/wp\/v2\/comments?post=120121"}],"wp:featuredmedia":[{"embeddable":true,"href":"https:\/\/www.pharmacy4pets.nl\/be\/wp-json\/wp\/v2\/media\/120120"}],"wp:attachment":[{"href":"https:\/\/www.pharmacy4pets.nl\/be\/wp-json\/wp\/v2\/media?parent=120121"}],"wp:term":[{"taxonomy":"product_brand","embeddable":true,"href":"https:\/\/www.pharmacy4pets.nl\/be\/wp-json\/wp\/v2\/product_brand?post=120121"},{"taxonomy":"product_cat","embeddable":true,"href":"https:\/\/www.pharmacy4pets.nl\/be\/wp-json\/wp\/v2\/product_cat?post=120121"},{"taxonomy":"product_tag","embeddable":true,"href":"https:\/\/www.pharmacy4pets.nl\/be\/wp-json\/wp\/v2\/product_tag?post=120121"}],"curies":[{"name":"wp","href":"https:\/\/api.w.org\/{rel}","templated":true}]}}