{"id":120112,"date":"2023-03-10T12:18:27","date_gmt":"2023-03-10T12:18:27","guid":{"rendered":"https:\/\/p4p.test\/science-selective-junior-konijn"},"modified":"2026-03-25T12:04:39","modified_gmt":"2026-03-25T12:04:39","slug":"science-selective-junior-konijn","status":"publish","type":"product","link":"https:\/\/www.pharmacy4pets.nl\/be\/science-selective-junior-konijn","title":{"rendered":"Science Selective Junior Konijn"},"content":{"rendered":"<p>Science Selective Junior Konijn is konijnenvoer dat specifiek is ontwikkeld voor jonge konijnen (van 4 tot 20 weken).<\/p>\n<p>Science Selective Junior Konijn is rijk aan natuurlijke ingredi\u00ebnten, prebiotica, lijnzaad en heeft een hoog vezelgehalte. Daarnaast is het voer verrijkt met vitaminen en mineralen en bevat het geen toegevoegde suikers om overgewicht te voorkomen. Het voer bevat extra eiwitten om de groei en ontwikkeling optimaal te ondersteunen. Deze voeding bestaat uit \u00e9\u00e9n homogene korrel en voorkomt hierdoor selectief eten.<\/p>\n","protected":false},"excerpt":{"rendered":"<p>Science Selective Junior Konijn is konijnenvoer dat specifiek is ontwikkeld voor jonge konijnen (van 4 tot 20 weken). Science Selective Junior Konijn is rijk aan natuurlijke ingredi\u00ebnten, prebiotica, lijnzaad en heeft een hoog vezelgehalte. Daarnaast is het voer verrijkt met vitaminen en mineralen en bevat het geen toegevoegde suikers om overgewicht te voorkomen. Het voer [&hellip;]<\/p>\n","protected":false},"featured_media":120110,"comment_status":"open","ping_status":"closed","template":"","meta":{"_acf_changed":false,"_nl_post_content":"<p>Science Selective Junior Konijn is konijnenvoer dat specifiek is ontwikkeld voor jonge konijnen (van 4 tot 20 weken).<\/p>\r\n<p>Science Selective Junior Konijn is rijk aan natuurlijke ingredi\u00ebnten, prebiotica, lijnzaad en heeft een hoog vezelgehalte. Daarnaast is het voer verrijkt met vitaminen en mineralen en bevat het geen toegevoegde suikers om overgewicht te voorkomen. Het voer bevat extra eiwitten om de groei en ontwikkeling optimaal te ondersteunen. Deze voeding bestaat uit \u00e9\u00e9n homogene korrel en voorkomt hierdoor selectief eten.<\/p>","_nl_post_name":"science-selective-junior-konijn","_nl_post_excerpt":"","_nl_post_title":"Science Selective Junior Konijn","_en_post_content":"<p>Science Selective Junior is a natural, high-quality food specially formulated to meet the nutritional needs of young rabbits. With carefully selected ingredients and the right ratio of fibre, protein, vitamins and minerals, this diet helps keep your young rabbit in top condition.<\/p>\n<p>The benefits of Science Selective Junior for young rabbits:<\/p>\n<ul>\n<li>High fibre content: The diet contains a high fibre content that is essential for healthy digestion and the development of a strong intestinal system in young rabbits.<\/li>\n<li>Optimal protein content: Science Selective Junior provides the right amount of protein required for your rabbit's growth and muscle development.<\/li>\n<li>Promotes dental health: The high-fibre texture of the diet supports natural tooth wear, which is important for your young rabbit's dental health.<\/li>\n<li>No added sugars: Science Selective Junior contains no added sugars, making it a healthy choice for your growing rabbit.<\/li>\n<li>Promotes a healthy weight: This food has a balanced calorie content to prevent obesity and maintain a healthy weight.<\/li>\n<\/ul>","_en_post_name":"Science-Selective-Junior-Rabbit","_en_post_excerpt":"","_en_post_title":"Science Selective Junior Rabbit","_de_post_content":"<p>Science Selective Junior ist ein nat\u00fcrliches, hochwertiges Futter, das speziell auf die Ern\u00e4hrungsbed\u00fcrfnisse von jungen Kaninchen abgestimmt ist. Mit sorgf\u00e4ltig ausgew\u00e4hlten Zutaten und dem richtigen Verh\u00e4ltnis von Ballaststoffen, Proteinen, Vitaminen und Mineralien tr\u00e4gt dieses Futter dazu bei, dass Ihr junges Kaninchen in Topform bleibt.<\/p>\n<p>Die Vorteile von Science Selective Junior f\u00fcr junge Kaninchen:<\/p>\n<ul>\n<li>Hoher Ballaststoffgehalt: Das Futter enth\u00e4lt einen hohen Ballaststoffgehalt, der f\u00fcr eine gesunde Verdauung und die Entwicklung eines starken Darmsystems bei jungen Kaninchen unerl\u00e4sslich ist.<\/li>\n<li>Optimaler Proteingehalt: Science Selective Junior liefert die richtige Menge an Proteinen, die Ihr Kaninchen f\u00fcr sein Wachstum und seine Muskelentwicklung ben\u00f6tigt.<\/li>\n<li>F\u00f6rdert die Zahngesundheit: Die ballaststoffreiche Textur des Futters unterst\u00fctzt den nat\u00fcrlichen Zahnabrieb, der f\u00fcr die Zahngesundheit Ihres jungen Kaninchens wichtig ist.<\/li>\n<li>Ohne Zuckerzusatz: Science Selective Junior enth\u00e4lt keinen Zuckerzusatz und ist damit eine gesunde Wahl f\u00fcr Ihr wachsendes Kaninchen.<\/li>\n<li>F\u00f6rdert ein gesundes Gewicht: Dieses Futter hat einen ausgewogenen Kaloriengehalt, um Fettleibigkeit zu verhindern und ein gesundes Gewicht zu halten.<\/li>\n<\/ul>","_de_post_name":"Science-Selective-Junior-Kaninchen","_de_post_excerpt":"","_de_post_title":"Science Selective Junior Kaninchen","_fr_post_content":"<p>Science Selective Junior est un aliment naturel de haute qualit\u00e9 sp\u00e9cialement formul\u00e9 pour r\u00e9pondre aux besoins nutritionnels des jeunes lapins. Avec des ingr\u00e9dients soigneusement s\u00e9lectionn\u00e9s et le bon rapport entre les fibres, les prot\u00e9ines, les vitamines et les min\u00e9raux, ce r\u00e9gime aide \u00e0 maintenir votre jeune lapin en pleine forme.<\/p>\n<p>Les avantages de Science Selective Junior pour les jeunes lapins :<\/p>\n<ul>\n<li>Teneur \u00e9lev\u00e9e en fibres : le r\u00e9gime contient une teneur \u00e9lev\u00e9e en fibres qui est essentielle pour une digestion saine et le d\u00e9veloppement d'un syst\u00e8me intestinal solide chez les jeunes lapins.<\/li>\n<li>Teneur optimale en prot\u00e9ines : Science Selective Junior fournit la quantit\u00e9 ad\u00e9quate de prot\u00e9ines n\u00e9cessaires \u00e0 la croissance et au d\u00e9veloppement musculaire de votre lapin.<\/li>\n<li>Favorise la sant\u00e9 dentaire : la texture riche en fibres du r\u00e9gime favorise l'usure naturelle des dents, ce qui est important pour la sant\u00e9 dentaire de votre jeune lapin.<\/li>\n<li>Sans sucres ajout\u00e9s : Science Selective Junior ne contient pas de sucres ajout\u00e9s, ce qui en fait un choix sain pour votre lapin en pleine croissance.<\/li>\n<li>Favorise un poids sain : Cet aliment a une teneur \u00e9quilibr\u00e9e en calories pour pr\u00e9venir l'ob\u00e9sit\u00e9 et maintenir un poids sain.<\/li>\n<\/ul>","_fr_post_name":"Science-Selective-Junior-Lapin","_fr_post_excerpt":"","_fr_post_title":"Science Selective Junior Lapin","_es_post_content":"<p>Science Selective Junior es un alimento natural de alta calidad especialmente formulado para satisfacer las necesidades nutricionales de los conejos j\u00f3venes. Con ingredientes cuidadosamente seleccionados y la proporci\u00f3n adecuada de fibra, prote\u00ednas, vitaminas y minerales, esta dieta ayuda a mantener a su conejo joven en las mejores condiciones.<\/p>\n<p>Las ventajas de Science Selective Junior para conejos j\u00f3venes:<\/p>\n<ul>\n<li>Alto contenido en fibra: La dieta contiene un alto contenido en fibra que es esencial para una digesti\u00f3n sana y el desarrollo de un sistema intestinal fuerte en los conejos j\u00f3venes.<\/li>\n<li>Contenido \u00f3ptimo de prote\u00ednas: Science Selective Junior proporciona la cantidad adecuada de prote\u00ednas necesarias para el crecimiento y el desarrollo muscular de su conejo.<\/li>\n<li>Favorece la salud dental: La textura rica en fibra de la dieta favorece el desgaste natural de los dientes, lo que es importante para la salud dental de su conejo joven.<\/li>\n<li>Sin az\u00facares a\u00f1adidos: Science Selective Junior no contiene az\u00facares a\u00f1adidos, por lo que es una opci\u00f3n saludable para su conejo en crecimiento.<\/li>\n<li>Favorece un peso saludable: Este alimento tiene un contenido cal\u00f3rico equilibrado para prevenir la obesidad y mantener un peso saludable.<\/li>\n<\/ul>","_es_post_name":"Science-Selective-Junior-Conejo","_es_post_excerpt":"","_es_post_title":"Science Selective Junior Conejo","edit_language":"nl"},"product_brand":[],"product_cat":[1825,1826,1857,1824,2093],"product_tag":[],"class_list":{"0":"post-120112","1":"product","2":"type-product","3":"status-publish","4":"has-post-thumbnail","6":"product_cat-konijnen","7":"product_cat-konijnenvoer","8":"product_cat-merken","9":"product_cat-overig","10":"product_cat-science-selective","11":"pa_aandoening-overig","12":"pa_doeldier-konijn","13":"pa_fabricatieland-uk","14":"pa_merkfilter-scienceselective","15":"pa_merkgroep-supreme","16":"pa_productsoort-voeding","17":"pa_toedieningswijze-droogvoer","18":"pa_werkzamestof-overig","20":"first","21":"instock","22":"taxable","23":"shipping-taxable","24":"product-type-grouped"},"yoast_head":"<!-- This site is optimized with the Yoast SEO plugin v27.5 - https:\/\/yoast.com\/product\/yoast-seo-wordpress\/ -->\n<title>Science Selective Junior Konijn - Pharmacy4pets<\/title>\n<meta name=\"robots\" content=\"index, follow, max-snippet:-1, max-image-preview:large, max-video-preview:-1\" \/>\n<link rel=\"canonical\" href=\"https:\/\/www.pharmacy4pets.nl\/science-selective-junior-konijn\" \/>\n<meta property=\"og:locale\" content=\"nl_NL\" \/>\n<meta property=\"og:type\" content=\"article\" \/>\n<meta property=\"og:title\" content=\"Science Selective Junior Konijn - Pharmacy4pets\" \/>\n<meta property=\"og:description\" content=\"Science Selective Junior Konijn is konijnenvoer dat specifiek is ontwikkeld voor jonge konijnen (van 4 tot 20 weken). Science Selective Junior Konijn is rijk aan natuurlijke ingredi\u00ebnten, prebiotica, lijnzaad en heeft een hoog vezelgehalte. Daarnaast is het voer verrijkt met vitaminen en mineralen en bevat het geen toegevoegde suikers om overgewicht te voorkomen. Het voer [&hellip;]\" \/>\n<meta property=\"og:url\" content=\"https:\/\/www.pharmacy4pets.nl\/science-selective-junior-konijn\" \/>\n<meta property=\"og:site_name\" content=\"Pharmacy4pets\" \/>\n<meta property=\"article:publisher\" content=\"https:\/\/www.facebook.com\/people\/Pharmacy4petsnl\/100063484989896\/\" \/>\n<meta property=\"article:modified_time\" content=\"2026-03-25T12:04:39+00:00\" \/>\n<meta property=\"og:image\" content=\"https:\/\/www.pharmacy4pets.nl\/wp-content\/uploads\/2023\/03\/19857_1.jpg\" \/>\n\t<meta property=\"og:image:width\" content=\"483\" \/>\n\t<meta property=\"og:image:height\" content=\"600\" \/>\n\t<meta property=\"og:image:type\" content=\"image\/jpeg\" \/>\n<meta name=\"twitter:card\" content=\"summary_large_image\" \/>\n<script type=\"application\/ld+json\" class=\"yoast-schema-graph\">{\"@context\":\"https:\\\/\\\/schema.org\",\"@graph\":[{\"@type\":\"WebPage\",\"@id\":\"https:\\\/\\\/www.pharmacy4pets.nl\\\/science-selective-junior-konijn\",\"url\":\"https:\\\/\\\/www.pharmacy4pets.nl\\\/science-selective-junior-konijn\",\"name\":\"Science Selective Junior Konijn - Pharmacy4pets\",\"isPartOf\":{\"@id\":\"http:\\\/\\\/www.pharmacy4pets.nl\\\/#website\"},\"primaryImageOfPage\":{\"@id\":\"https:\\\/\\\/www.pharmacy4pets.nl\\\/science-selective-junior-konijn#primaryimage\"},\"image\":{\"@id\":\"https:\\\/\\\/www.pharmacy4pets.nl\\\/science-selective-junior-konijn#primaryimage\"},\"thumbnailUrl\":\"https:\\\/\\\/www.pharmacy4pets.nl\\\/wp-content\\\/uploads\\\/2023\\\/03\\\/19857_1.jpg\",\"datePublished\":\"2023-03-10T12:18:27+00:00\",\"dateModified\":\"2026-03-25T12:04:39+00:00\",\"breadcrumb\":{\"@id\":\"https:\\\/\\\/www.pharmacy4pets.nl\\\/science-selective-junior-konijn#breadcrumb\"},\"inLanguage\":\"nl-NL\",\"potentialAction\":[{\"@type\":\"ReadAction\",\"target\":[\"https:\\\/\\\/www.pharmacy4pets.nl\\\/science-selective-junior-konijn\"]}]},{\"@type\":\"ImageObject\",\"inLanguage\":\"nl-NL\",\"@id\":\"https:\\\/\\\/www.pharmacy4pets.nl\\\/science-selective-junior-konijn#primaryimage\",\"url\":\"https:\\\/\\\/www.pharmacy4pets.nl\\\/wp-content\\\/uploads\\\/2023\\\/03\\\/19857_1.jpg\",\"contentUrl\":\"https:\\\/\\\/www.pharmacy4pets.nl\\\/wp-content\\\/uploads\\\/2023\\\/03\\\/19857_1.jpg\",\"width\":483,\"height\":600,\"caption\":\"Science Selective\"},{\"@type\":\"BreadcrumbList\",\"@id\":\"https:\\\/\\\/www.pharmacy4pets.nl\\\/science-selective-junior-konijn#breadcrumb\",\"itemListElement\":[{\"@type\":\"ListItem\",\"position\":1,\"name\":\"Home\",\"item\":\"https:\\\/\\\/p4p-nl.bootmine.com\\\/\"},{\"@type\":\"ListItem\",\"position\":2,\"name\":\"Winkel\",\"item\":\"https:\\\/\\\/p4p-nl.bootmine.com\\\/winkel\"},{\"@type\":\"ListItem\",\"position\":3,\"name\":\"Science Selective Junior Konijn\"}]},{\"@type\":\"WebSite\",\"@id\":\"http:\\\/\\\/www.pharmacy4pets.nl\\\/#website\",\"url\":\"http:\\\/\\\/www.pharmacy4pets.nl\\\/\",\"name\":\"Pharmacy4pets\",\"description\":\"Pharmacy4pets.nl is d\u00e9 online apotheek waar u terecht kunt voor alle diergeneesmiddelen, verzorgingsproducten en dieetvoeding voor uw huisdier.\",\"publisher\":{\"@id\":\"http:\\\/\\\/www.pharmacy4pets.nl\\\/#organization\"},\"potentialAction\":[{\"@type\":\"SearchAction\",\"target\":{\"@type\":\"EntryPoint\",\"urlTemplate\":\"http:\\\/\\\/www.pharmacy4pets.nl\\\/?s={search_term_string}\"},\"query-input\":{\"@type\":\"PropertyValueSpecification\",\"valueRequired\":true,\"valueName\":\"search_term_string\"}}],\"inLanguage\":\"nl-NL\"},{\"@type\":\"Organization\",\"@id\":\"http:\\\/\\\/www.pharmacy4pets.nl\\\/#organization\",\"name\":\"Pharmacy4pets\",\"url\":\"http:\\\/\\\/www.pharmacy4pets.nl\\\/\",\"logo\":{\"@type\":\"ImageObject\",\"inLanguage\":\"nl-NL\",\"@id\":\"http:\\\/\\\/www.pharmacy4pets.nl\\\/#\\\/schema\\\/logo\\\/image\\\/\",\"url\":\"https:\\\/\\\/p4p-nl.bootmine.com\\\/wp-content\\\/uploads\\\/2026\\\/03\\\/logo-pharmacy4pets.png\",\"contentUrl\":\"https:\\\/\\\/p4p-nl.bootmine.com\\\/wp-content\\\/uploads\\\/2026\\\/03\\\/logo-pharmacy4pets.png\",\"width\":1024,\"height\":135,\"caption\":\"Pharmacy4pets\"},\"image\":{\"@id\":\"http:\\\/\\\/www.pharmacy4pets.nl\\\/#\\\/schema\\\/logo\\\/image\\\/\"},\"sameAs\":[\"https:\\\/\\\/www.facebook.com\\\/people\\\/Pharmacy4petsnl\\\/100063484989896\\\/\",\"https:\\\/\\\/www.youtube.com\\\/channel\\\/UCGPTIgucgli03tP2_kvLkHg\\\/featured\",\"https:\\\/\\\/www.instagram.com\\\/pharmacy4pets.nl\"]}]}<\/script>\n<!-- \/ Yoast SEO plugin. -->","yoast_head_json":{"title":"Science Selective Junior Konijn - Pharmacy4pets","robots":{"index":"index","follow":"follow","max-snippet":"max-snippet:-1","max-image-preview":"max-image-preview:large","max-video-preview":"max-video-preview:-1"},"canonical":"https:\/\/www.pharmacy4pets.nl\/science-selective-junior-konijn","og_locale":"nl_NL","og_type":"article","og_title":"Science Selective Junior Konijn - Pharmacy4pets","og_description":"Science Selective Junior Konijn is konijnenvoer dat specifiek is ontwikkeld voor jonge konijnen (van 4 tot 20 weken). Science Selective Junior Konijn is rijk aan natuurlijke ingredi\u00ebnten, prebiotica, lijnzaad en heeft een hoog vezelgehalte. Daarnaast is het voer verrijkt met vitaminen en mineralen en bevat het geen toegevoegde suikers om overgewicht te voorkomen. Het voer [&hellip;]","og_url":"https:\/\/www.pharmacy4pets.nl\/science-selective-junior-konijn","og_site_name":"Pharmacy4pets","article_publisher":"https:\/\/www.facebook.com\/people\/Pharmacy4petsnl\/100063484989896\/","article_modified_time":"2026-03-25T12:04:39+00:00","og_image":[{"width":483,"height":600,"url":"https:\/\/www.pharmacy4pets.nl\/wp-content\/uploads\/2023\/03\/19857_1.jpg","type":"image\/jpeg"}],"twitter_card":"summary_large_image","schema":{"@context":"https:\/\/schema.org","@graph":[{"@type":"WebPage","@id":"https:\/\/www.pharmacy4pets.nl\/science-selective-junior-konijn","url":"https:\/\/www.pharmacy4pets.nl\/science-selective-junior-konijn","name":"Science Selective Junior Konijn - Pharmacy4pets","isPartOf":{"@id":"http:\/\/www.pharmacy4pets.nl\/#website"},"primaryImageOfPage":{"@id":"https:\/\/www.pharmacy4pets.nl\/science-selective-junior-konijn#primaryimage"},"image":{"@id":"https:\/\/www.pharmacy4pets.nl\/science-selective-junior-konijn#primaryimage"},"thumbnailUrl":"https:\/\/www.pharmacy4pets.nl\/wp-content\/uploads\/2023\/03\/19857_1.jpg","datePublished":"2023-03-10T12:18:27+00:00","dateModified":"2026-03-25T12:04:39+00:00","breadcrumb":{"@id":"https:\/\/www.pharmacy4pets.nl\/science-selective-junior-konijn#breadcrumb"},"inLanguage":"nl-NL","potentialAction":[{"@type":"ReadAction","target":["https:\/\/www.pharmacy4pets.nl\/science-selective-junior-konijn"]}]},{"@type":"ImageObject","inLanguage":"nl-NL","@id":"https:\/\/www.pharmacy4pets.nl\/science-selective-junior-konijn#primaryimage","url":"https:\/\/www.pharmacy4pets.nl\/wp-content\/uploads\/2023\/03\/19857_1.jpg","contentUrl":"https:\/\/www.pharmacy4pets.nl\/wp-content\/uploads\/2023\/03\/19857_1.jpg","width":483,"height":600,"caption":"Science Selective"},{"@type":"BreadcrumbList","@id":"https:\/\/www.pharmacy4pets.nl\/science-selective-junior-konijn#breadcrumb","itemListElement":[{"@type":"ListItem","position":1,"name":"Home","item":"https:\/\/p4p-nl.bootmine.com\/"},{"@type":"ListItem","position":2,"name":"Winkel","item":"https:\/\/p4p-nl.bootmine.com\/winkel"},{"@type":"ListItem","position":3,"name":"Science Selective Junior Konijn"}]},{"@type":"WebSite","@id":"http:\/\/www.pharmacy4pets.nl\/#website","url":"http:\/\/www.pharmacy4pets.nl\/","name":"Pharmacy4pets","description":"Pharmacy4pets.nl is d\u00e9 online apotheek waar u terecht kunt voor alle diergeneesmiddelen, verzorgingsproducten en dieetvoeding voor uw huisdier.","publisher":{"@id":"http:\/\/www.pharmacy4pets.nl\/#organization"},"potentialAction":[{"@type":"SearchAction","target":{"@type":"EntryPoint","urlTemplate":"http:\/\/www.pharmacy4pets.nl\/?s={search_term_string}"},"query-input":{"@type":"PropertyValueSpecification","valueRequired":true,"valueName":"search_term_string"}}],"inLanguage":"nl-NL"},{"@type":"Organization","@id":"http:\/\/www.pharmacy4pets.nl\/#organization","name":"Pharmacy4pets","url":"http:\/\/www.pharmacy4pets.nl\/","logo":{"@type":"ImageObject","inLanguage":"nl-NL","@id":"http:\/\/www.pharmacy4pets.nl\/#\/schema\/logo\/image\/","url":"https:\/\/p4p-nl.bootmine.com\/wp-content\/uploads\/2026\/03\/logo-pharmacy4pets.png","contentUrl":"https:\/\/p4p-nl.bootmine.com\/wp-content\/uploads\/2026\/03\/logo-pharmacy4pets.png","width":1024,"height":135,"caption":"Pharmacy4pets"},"image":{"@id":"http:\/\/www.pharmacy4pets.nl\/#\/schema\/logo\/image\/"},"sameAs":["https:\/\/www.facebook.com\/people\/Pharmacy4petsnl\/100063484989896\/","https:\/\/www.youtube.com\/channel\/UCGPTIgucgli03tP2_kvLkHg\/featured","https:\/\/www.instagram.com\/pharmacy4pets.nl"]}]}},"market_data":{"nl":{"price":0,"sale_price":0,"active":false,"url":null,"parent_url":"","tax_rate":0,"price_inc_tax":0,"sale_price_inc_tax":0},"de":{"price":0,"sale_price":0,"active":false,"url":null,"parent_url":"","tax_rate":0,"price_inc_tax":0,"sale_price_inc_tax":0},"be":{"price":0,"sale_price":0,"active":false,"url":null,"parent_url":"","tax_rate":0,"price_inc_tax":0,"sale_price_inc_tax":0},"fr":{"price":0,"sale_price":0,"active":false,"url":null,"parent_url":"","tax_rate":0,"price_inc_tax":0,"sale_price_inc_tax":0},"ch":{"price":0,"sale_price":0,"active":false,"url":null,"parent_url":"","tax_rate":0,"price_inc_tax":0,"sale_price_inc_tax":0},"at":{"price":0,"sale_price":0,"active":false,"url":null,"parent_url":"","tax_rate":0,"price_inc_tax":0,"sale_price_inc_tax":0},"es":{"price":0,"sale_price":0,"active":false,"url":null,"parent_url":"","tax_rate":0,"price_inc_tax":0,"sale_price_inc_tax":0},"dk":{"price":0,"sale_price":0,"active":false,"url":null,"parent_url":"","tax_rate":0,"price_inc_tax":0,"sale_price_inc_tax":0},"com":{"price":0,"sale_price":0,"active":false,"url":null,"parent_url":"","tax_rate":0,"price_inc_tax":0,"sale_price_inc_tax":0}},"market_nl_price":0,"market_nl_sale_price":0,"market_nl_active":false,"market_nl_url":null,"market_nl_parent_url":"","market_nl_tax_rate":0,"market_nl_price_inc_tax":0,"market_nl_sale_price_inc_tax":0,"market_de_price":0,"market_de_sale_price":0,"market_de_active":false,"market_de_url":null,"market_de_parent_url":"","market_de_tax_rate":0,"market_de_price_inc_tax":0,"market_de_sale_price_inc_tax":0,"market_be_price":0,"market_be_sale_price":0,"market_be_active":false,"market_be_url":null,"market_be_parent_url":"","market_be_tax_rate":0,"market_be_price_inc_tax":0,"market_be_sale_price_inc_tax":0,"market_fr_price":0,"market_fr_sale_price":0,"market_fr_active":false,"market_fr_url":null,"market_fr_parent_url":"","market_fr_tax_rate":0,"market_fr_price_inc_tax":0,"market_fr_sale_price_inc_tax":0,"market_ch_price":0,"market_ch_sale_price":0,"market_ch_active":false,"market_ch_url":null,"market_ch_parent_url":"","market_ch_tax_rate":0,"market_ch_price_inc_tax":0,"market_ch_sale_price_inc_tax":0,"market_at_price":0,"market_at_sale_price":0,"market_at_active":false,"market_at_url":null,"market_at_parent_url":"","market_at_tax_rate":0,"market_at_price_inc_tax":0,"market_at_sale_price_inc_tax":0,"market_es_price":0,"market_es_sale_price":0,"market_es_active":false,"market_es_url":null,"market_es_parent_url":"","market_es_tax_rate":0,"market_es_price_inc_tax":0,"market_es_sale_price_inc_tax":0,"market_dk_price":0,"market_dk_sale_price":0,"market_dk_active":false,"market_dk_url":null,"market_dk_parent_url":"","market_dk_tax_rate":0,"market_dk_price_inc_tax":0,"market_dk_sale_price_inc_tax":0,"market_com_price":0,"market_com_sale_price":0,"market_com_active":false,"market_com_url":null,"market_com_parent_url":"","market_com_tax_rate":0,"market_com_price_inc_tax":0,"market_com_sale_price_inc_tax":0,"acf":[],"_links":{"self":[{"href":"https:\/\/www.pharmacy4pets.nl\/be\/wp-json\/wp\/v2\/product\/120112","targetHints":{"allow":["GET"]}}],"collection":[{"href":"https:\/\/www.pharmacy4pets.nl\/be\/wp-json\/wp\/v2\/product"}],"about":[{"href":"https:\/\/www.pharmacy4pets.nl\/be\/wp-json\/wp\/v2\/types\/product"}],"replies":[{"embeddable":true,"href":"https:\/\/www.pharmacy4pets.nl\/be\/wp-json\/wp\/v2\/comments?post=120112"}],"wp:featuredmedia":[{"embeddable":true,"href":"https:\/\/www.pharmacy4pets.nl\/be\/wp-json\/wp\/v2\/media\/120110"}],"wp:attachment":[{"href":"https:\/\/www.pharmacy4pets.nl\/be\/wp-json\/wp\/v2\/media?parent=120112"}],"wp:term":[{"taxonomy":"product_brand","embeddable":true,"href":"https:\/\/www.pharmacy4pets.nl\/be\/wp-json\/wp\/v2\/product_brand?post=120112"},{"taxonomy":"product_cat","embeddable":true,"href":"https:\/\/www.pharmacy4pets.nl\/be\/wp-json\/wp\/v2\/product_cat?post=120112"},{"taxonomy":"product_tag","embeddable":true,"href":"https:\/\/www.pharmacy4pets.nl\/be\/wp-json\/wp\/v2\/product_tag?post=120112"}],"curies":[{"name":"wp","href":"https:\/\/api.w.org\/{rel}","templated":true}]}}