{"id":120105,"date":"2023-03-10T12:18:25","date_gmt":"2023-03-10T12:18:25","guid":{"rendered":"https:\/\/p4p.test\/science-selective-cavia-10-kg"},"modified":"2026-04-14T08:05:08","modified_gmt":"2026-04-14T08:05:08","slug":"science-selective-cavia-10-kg","status":"publish","type":"product","link":"https:\/\/www.pharmacy4pets.nl\/be\/science-selective-cavia-10-kg","title":{"rendered":"Science Selective Cavia | 10 kg"},"content":{"rendered":"<p>Science Selective is een natuurlijke, hoogwaardige voeding die speciaal is samengesteld om te voldoen aan de voedingsbehoeften van cavia\u2019s. Met zorgvuldig geselecteerde ingredi\u00ebnten en de juiste verhouding van vezels, eiwitten, vitaminen en mineralen, draagt deze voeding bij aan de algehele gezondheid en vitaliteit van uw cavia.<\/p>\n<p>De voordelen van Science Selective voor cavia\u2019s:<\/p>\n<ul>\n<li>Optimaal vezelgehalte: Deze voeding bevat een hoog vezelgehalte, wat essentieel is voor een gezonde spijsvertering en darmgezondheid bij cavia&#8217;s.<\/li>\n<li>Essenti\u00eble vitamine C: Cavia&#8217;s hebben een verhoogde behoefte aan vitamine C, en Science Selective voorziet in deze behoefte met een geoptimaliseerd vitamine C-gehalte.<\/li>\n<li>Ondersteuning van de gebitsgezondheid: De vezelrijke textuur van de voeding draagt bij aan het natuurlijke afslijten van de tanden, wat cruciaal is voor een gezond gebit bij cavia&#8217;s.<\/li>\n<li>Geen toegevoegde suikers: Science Selective bevat geen toegevoegde suikers, waardoor u uw cavia een gezonde voeding geeft.<\/li>\n<li>Voorkomt selectief eten: De voeding is samengesteld in korrelvorm om selectief eten te voorkomen, zodat uw cavia alle essenti\u00eble voedingsstoffen binnenkrijgt.<\/li>\n<\/ul>\n","protected":false},"excerpt":{"rendered":"<p>Science Selective is een natuurlijke, hoogwaardige voeding die speciaal is samengesteld om te voldoen aan de voedingsbehoeften van cavia\u2019s. Met zorgvuldig geselecteerde ingredi\u00ebnten en de juiste verhouding van vezels, eiwitten, vitaminen en mineralen, draagt deze voeding bij aan de algehele gezondheid en vitaliteit van uw cavia. De voordelen van Science Selective voor cavia\u2019s: Optimaal vezelgehalte: [&hellip;]<\/p>\n","protected":false},"featured_media":120104,"comment_status":"open","ping_status":"closed","template":"","meta":{"_acf_changed":false,"_nl_post_content":"<p>Science Selective is een natuurlijke, hoogwaardige voeding die speciaal is samengesteld om te voldoen aan de voedingsbehoeften van cavia\u2019s. Met zorgvuldig geselecteerde ingredi\u00ebnten en de juiste verhouding van vezels, eiwitten, vitaminen en mineralen, draagt deze voeding bij aan de algehele gezondheid en vitaliteit van uw cavia.<\/p>\n<p>De voordelen van Science Selective voor cavia\u2019s:<\/p>\n<ul>\n<li>Optimaal vezelgehalte: Deze voeding bevat een hoog vezelgehalte, wat essentieel is voor een gezonde spijsvertering en darmgezondheid bij cavia's.<\/li>\n<li>Essenti\u00eble vitamine C: Cavia's hebben een verhoogde behoefte aan vitamine C, en Science Selective voorziet in deze behoefte met een geoptimaliseerd vitamine C-gehalte.<\/li>\n<li>Ondersteuning van de gebitsgezondheid: De vezelrijke textuur van de voeding draagt bij aan het natuurlijke afslijten van de tanden, wat cruciaal is voor een gezond gebit bij cavia's.<\/li>\n<li>Geen toegevoegde suikers: Science Selective bevat geen toegevoegde suikers, waardoor u uw cavia een gezonde voeding geeft.<\/li>\n<li>Voorkomt selectief eten: De voeding is samengesteld in korrelvorm om selectief eten te voorkomen, zodat uw cavia alle essenti\u00eble voedingsstoffen binnenkrijgt.<\/li>\n<\/ul>","_nl_post_name":"science-selective-cavia-10-kg","_nl_post_excerpt":"","_nl_post_title":"Science Selective Cavia | 10 kg","_en_post_content":"<p>Science Selective is a natural, high-quality food specially formulated to meet the nutritional needs of guinea pigs. With carefully selected ingredients and the right ratio of fibre, protein, vitamins and minerals, this food contributes to your guinea pig's overall health and vitality.<\/p>\n<p>The benefits of Science Selective for guinea pigs:<\/p>\n<ul>\n<li>Optimal fibre content: This food contains a high fibre content, which is essential for healthy digestion and intestinal health in guinea pigs.<\/li>\n<li>Essential vitamin C: Guinea pigs have an increased need for vitamin C, and Science Selective meets this need with an optimised vitamin C content.<\/li>\n<li>Supporting dental health: The high-fibre texture of the diet contributes to natural tooth wear, which is crucial for healthy teeth in guinea pigs.<\/li>\n<li>No added sugars: Science Selective contains no added sugars, giving your guinea pig a healthy diet.<\/li>\n<li>Prevents selective eating: The food is formulated in pellet form to prevent selective eating, ensuring your guinea pig gets all the essential nutrients.<\/li>\n<\/ul>","_en_post_name":"Science-Selective-Guinea Pig-10-kg","_en_post_excerpt":"","_en_post_title":"Science Selective Guinea Pig | 10 kg","_de_post_content":"<p>Science Selective ist ein nat\u00fcrliches, hochwertiges Futter, das speziell auf die Ern\u00e4hrungsbed\u00fcrfnisse von Meerschweinchen abgestimmt ist. Mit sorgf\u00e4ltig ausgew\u00e4hlten Zutaten und dem richtigen Verh\u00e4ltnis von Ballaststoffen, Proteinen, Vitaminen und Mineralien tr\u00e4gt dieses Futter zur allgemeinen Gesundheit und Vitalit\u00e4t Ihres Meerschweinchens bei.<\/p>\n<p>Die Vorteile von Science Selective f\u00fcr Meerschweinchen:<\/p>\n<ul>\n<li>Optimaler Ballaststoffgehalt: Dieses Futter enth\u00e4lt einen hohen Ballaststoffgehalt, der f\u00fcr eine gesunde Verdauung und Darmgesundheit bei Meerschweinchen unerl\u00e4sslich ist.<\/li>\n<li>Essentielles Vitamin C: Meerschweinchen haben einen erh\u00f6hten Bedarf an Vitamin C. Science Selective deckt diesen Bedarf mit einem optimierten Vitamin C-Gehalt.<\/li>\n<li>Unterst\u00fctzung der Zahngesundheit: Die ballaststoffreiche Textur des Futters tr\u00e4gt zum nat\u00fcrlichen Zahnabrieb bei, der f\u00fcr gesunde Z\u00e4hne bei Meerschweinchen entscheidend ist.<\/li>\n<li>Kein Zuckerzusatz: Science Selective enth\u00e4lt keinen Zuckerzusatz, so dass Ihr Meerschweinchen eine gesunde Ern\u00e4hrung erh\u00e4lt.<\/li>\n<li>Verhindert selektives Fressen: Das Futter ist in Pelletform formuliert, um selektives Fressen zu verhindern und sicherzustellen, dass Ihr Meerschweinchen alle wichtigen N\u00e4hrstoffe erh\u00e4lt.<\/li>\n<\/ul>","_de_post_name":"Science-Selective-Meerschweinchen-10-kg","_de_post_excerpt":"","_de_post_title":"Science Selective Meerschweinchen | 10 kg","_fr_post_content":"<p>Science Selective est un aliment naturel de haute qualit\u00e9 sp\u00e9cialement formul\u00e9 pour r\u00e9pondre aux besoins nutritionnels des cochons d'Inde. Gr\u00e2ce \u00e0 des ingr\u00e9dients soigneusement s\u00e9lectionn\u00e9s et au bon rapport entre les fibres, les prot\u00e9ines, les vitamines et les min\u00e9raux, cet aliment contribue \u00e0 la sant\u00e9 et \u00e0 la vitalit\u00e9 globales de votre cochon d'Inde.<\/p>\n<p>Les avantages de Science Selective pour les cochons d'Inde :<\/p>\n<ul>\n<li>Teneur optimale en fibres : cet aliment contient une teneur \u00e9lev\u00e9e en fibres, qui sont essentielles \u00e0 une bonne digestion et \u00e0 la sant\u00e9 intestinale des cochons d'Inde.<\/li>\n<li>Vitamine C essentielle : les cochons d'Inde ont un besoin accru en vitamine C, et Science Selective r\u00e9pond \u00e0 ce besoin avec une teneur optimis\u00e9e en vitamine C.<\/li>\n<li>Soutien de la sant\u00e9 dentaire : la texture riche en fibres de l'aliment contribue \u00e0 l'usure naturelle des dents, ce qui est essentiel pour la sant\u00e9 des dents des cochons d'Inde.<\/li>\n<li>Sans sucres ajout\u00e9s : Science Selective ne contient pas de sucres ajout\u00e9s, ce qui permet \u00e0 votre cochon d'Inde d'avoir une alimentation saine.<\/li>\n<li>Pr\u00e9vient l'alimentation s\u00e9lective : L'aliment est formul\u00e9 sous forme de granul\u00e9s pour emp\u00eacher la consommation s\u00e9lective, ce qui garantit que votre cochon d'Inde re\u00e7oit tous les nutriments essentiels.<\/li>\n<\/ul>","_fr_post_name":"Science-Selective-cochon-d-inde-10-kg","_fr_post_excerpt":"","_fr_post_title":"Science Selective Cochon d'Inde | 10 kg","_es_post_content":"<p>Science Selective es un alimento natural de alta calidad especialmente formulado para satisfacer las necesidades nutricionales de las cobayas. Con ingredientes cuidadosamente seleccionados y la proporci\u00f3n adecuada de fibra, prote\u00ednas, vitaminas y minerales, este alimento contribuye a la salud y vitalidad general de su cobaya.<\/p>\n<p>Los beneficios de Science Selective para cobayas:<\/p>\n<ul>\n<li>Contenido \u00f3ptimo en fibra: Este alimento contiene un alto contenido en fibra, esencial para una digesti\u00f3n sana y la salud intestinal de las cobayas.<\/li>\n<li>Vitamina C esencial: Las cobayas tienen una mayor necesidad de vitamina C, y Science Selective satisface esta necesidad con un contenido optimizado de vitamina C.<\/li>\n<li>Favorece la salud dental: La textura rica en fibra de la dieta contribuye al desgaste natural de los dientes, lo que es crucial para una dentadura sana en las cobayas.<\/li>\n<li>Sin az\u00facares a\u00f1adidos: Science Selective no contiene az\u00facares a\u00f1adidos, lo que proporciona a su cobaya una dieta sana.<\/li>\n<li>Previene la alimentaci\u00f3n selectiva: El alimento est\u00e1 formulado en forma de pellets para evitar la alimentaci\u00f3n selectiva, asegurando que su cobaya obtenga todos los nutrientes esenciales.<\/li>\n<\/ul>","_es_post_name":"Science-Selective-Cobaya-10-kg","_es_post_excerpt":"","_es_post_title":"Science Selective Cobaya | 10 kg","edit_language":"nl"},"product_brand":[],"product_cat":[1857,2093],"product_tag":[],"class_list":{"0":"post-120105","1":"product","2":"type-product","3":"status-publish","4":"has-post-thumbnail","6":"product_cat-merken","7":"product_cat-science-selective","8":"pa_aandoening-overig","9":"pa_doeldier-knaagdier","10":"pa_fabricatieland-uk","11":"pa_merkfilter-scienceselective","12":"pa_merkgroep-supreme","13":"pa_productsoort-voeding","14":"pa_toedieningswijze-droogvoer","15":"pa_unit_pricing_base_measure-1kg","16":"pa_unit_pricing_measure-10kg","17":"pa_werkzamestof-overig","19":"first","20":"instock","21":"taxable","22":"shipping-taxable","23":"purchasable","24":"product-type-simple"},"yoast_head":"<!-- This site is optimized with the Yoast SEO plugin v27.5 - https:\/\/yoast.com\/product\/yoast-seo-wordpress\/ -->\n<title>Science Selective Cavia | 10 kg - Pharmacy4pets<\/title>\n<meta name=\"robots\" content=\"index, follow, max-snippet:-1, max-image-preview:large, max-video-preview:-1\" \/>\n<link rel=\"canonical\" href=\"https:\/\/p4p-nl.bootmine.com\/%product-slug%\/science-selective-cavia-10-kg\" \/>\n<meta property=\"og:locale\" content=\"nl_NL\" \/>\n<meta property=\"og:type\" content=\"article\" \/>\n<meta property=\"og:title\" content=\"Science Selective Cavia | 10 kg - Pharmacy4pets\" \/>\n<meta property=\"og:description\" content=\"Science Selective is een natuurlijke, hoogwaardige voeding die speciaal is samengesteld om te voldoen aan de voedingsbehoeften van cavia\u2019s. Met zorgvuldig geselecteerde ingredi\u00ebnten en de juiste verhouding van vezels, eiwitten, vitaminen en mineralen, draagt deze voeding bij aan de algehele gezondheid en vitaliteit van uw cavia. De voordelen van Science Selective voor cavia\u2019s: Optimaal vezelgehalte: [&hellip;]\" \/>\n<meta property=\"og:url\" content=\"https:\/\/p4p-nl.bootmine.com\/%product-slug%\/science-selective-cavia-10-kg\" \/>\n<meta property=\"og:site_name\" content=\"Pharmacy4pets\" \/>\n<meta property=\"article:publisher\" content=\"https:\/\/www.facebook.com\/people\/Pharmacy4petsnl\/100063484989896\/\" \/>\n<meta property=\"article:modified_time\" content=\"2026-04-14T08:05:08+00:00\" \/>\n<meta property=\"og:image\" content=\"https:\/\/p4p-nl.bootmine.com\/wp-content\/uploads\/2023\/03\/17993.jpg\" \/>\n\t<meta property=\"og:image:width\" content=\"406\" \/>\n\t<meta property=\"og:image:height\" content=\"600\" \/>\n\t<meta property=\"og:image:type\" content=\"image\/jpeg\" \/>\n<meta name=\"twitter:card\" content=\"summary_large_image\" \/>\n<meta name=\"twitter:label1\" content=\"Geschatte leestijd\" \/>\n\t<meta name=\"twitter:data1\" content=\"1 minuut\" \/>\n<script type=\"application\/ld+json\" class=\"yoast-schema-graph\">{\"@context\":\"https:\\\/\\\/schema.org\",\"@graph\":[{\"@type\":\"WebPage\",\"@id\":\"https:\\\/\\\/p4p-nl.bootmine.com\\\/%product-slug%\\\/science-selective-cavia-10-kg\",\"url\":\"https:\\\/\\\/p4p-nl.bootmine.com\\\/%product-slug%\\\/science-selective-cavia-10-kg\",\"name\":\"Science Selective Cavia | 10 kg - Pharmacy4pets\",\"isPartOf\":{\"@id\":\"http:\\\/\\\/www.pharmacy4pets.nl\\\/#website\"},\"primaryImageOfPage\":{\"@id\":\"https:\\\/\\\/p4p-nl.bootmine.com\\\/%product-slug%\\\/science-selective-cavia-10-kg#primaryimage\"},\"image\":{\"@id\":\"https:\\\/\\\/p4p-nl.bootmine.com\\\/%product-slug%\\\/science-selective-cavia-10-kg#primaryimage\"},\"thumbnailUrl\":\"https:\\\/\\\/www.pharmacy4pets.nl\\\/wp-content\\\/uploads\\\/2023\\\/03\\\/17993.jpg\",\"datePublished\":\"2023-03-10T12:18:25+00:00\",\"dateModified\":\"2026-04-14T08:05:08+00:00\",\"breadcrumb\":{\"@id\":\"https:\\\/\\\/p4p-nl.bootmine.com\\\/%product-slug%\\\/science-selective-cavia-10-kg#breadcrumb\"},\"inLanguage\":\"nl-NL\",\"potentialAction\":[{\"@type\":\"ReadAction\",\"target\":[\"https:\\\/\\\/p4p-nl.bootmine.com\\\/%product-slug%\\\/science-selective-cavia-10-kg\"]}]},{\"@type\":\"ImageObject\",\"inLanguage\":\"nl-NL\",\"@id\":\"https:\\\/\\\/p4p-nl.bootmine.com\\\/%product-slug%\\\/science-selective-cavia-10-kg#primaryimage\",\"url\":\"https:\\\/\\\/www.pharmacy4pets.nl\\\/wp-content\\\/uploads\\\/2023\\\/03\\\/17993.jpg\",\"contentUrl\":\"https:\\\/\\\/www.pharmacy4pets.nl\\\/wp-content\\\/uploads\\\/2023\\\/03\\\/17993.jpg\",\"width\":406,\"height\":600,\"caption\":\"Science Selective\"},{\"@type\":\"BreadcrumbList\",\"@id\":\"https:\\\/\\\/p4p-nl.bootmine.com\\\/%product-slug%\\\/science-selective-cavia-10-kg#breadcrumb\",\"itemListElement\":[{\"@type\":\"ListItem\",\"position\":1,\"name\":\"Home\",\"item\":\"https:\\\/\\\/p4p-nl.bootmine.com\\\/\"},{\"@type\":\"ListItem\",\"position\":2,\"name\":\"Winkel\",\"item\":\"https:\\\/\\\/p4p-nl.bootmine.com\\\/winkel\"},{\"@type\":\"ListItem\",\"position\":3,\"name\":\"Science Selective Cavia | 10 kg\"}]},{\"@type\":\"WebSite\",\"@id\":\"http:\\\/\\\/www.pharmacy4pets.nl\\\/#website\",\"url\":\"http:\\\/\\\/www.pharmacy4pets.nl\\\/\",\"name\":\"Pharmacy4pets\",\"description\":\"Pharmacy4pets.nl is d\u00e9 online apotheek waar u terecht kunt voor alle diergeneesmiddelen, verzorgingsproducten en dieetvoeding voor uw huisdier.\",\"publisher\":{\"@id\":\"http:\\\/\\\/www.pharmacy4pets.nl\\\/#organization\"},\"potentialAction\":[{\"@type\":\"SearchAction\",\"target\":{\"@type\":\"EntryPoint\",\"urlTemplate\":\"http:\\\/\\\/www.pharmacy4pets.nl\\\/?s={search_term_string}\"},\"query-input\":{\"@type\":\"PropertyValueSpecification\",\"valueRequired\":true,\"valueName\":\"search_term_string\"}}],\"inLanguage\":\"nl-NL\"},{\"@type\":\"Organization\",\"@id\":\"http:\\\/\\\/www.pharmacy4pets.nl\\\/#organization\",\"name\":\"Pharmacy4pets\",\"url\":\"http:\\\/\\\/www.pharmacy4pets.nl\\\/\",\"logo\":{\"@type\":\"ImageObject\",\"inLanguage\":\"nl-NL\",\"@id\":\"http:\\\/\\\/www.pharmacy4pets.nl\\\/#\\\/schema\\\/logo\\\/image\\\/\",\"url\":\"https:\\\/\\\/p4p-nl.bootmine.com\\\/wp-content\\\/uploads\\\/2026\\\/03\\\/logo-pharmacy4pets.png\",\"contentUrl\":\"https:\\\/\\\/p4p-nl.bootmine.com\\\/wp-content\\\/uploads\\\/2026\\\/03\\\/logo-pharmacy4pets.png\",\"width\":1024,\"height\":135,\"caption\":\"Pharmacy4pets\"},\"image\":{\"@id\":\"http:\\\/\\\/www.pharmacy4pets.nl\\\/#\\\/schema\\\/logo\\\/image\\\/\"},\"sameAs\":[\"https:\\\/\\\/www.facebook.com\\\/people\\\/Pharmacy4petsnl\\\/100063484989896\\\/\",\"https:\\\/\\\/www.youtube.com\\\/channel\\\/UCGPTIgucgli03tP2_kvLkHg\\\/featured\",\"https:\\\/\\\/www.instagram.com\\\/pharmacy4pets.nl\"]}]}<\/script>\n<!-- \/ Yoast SEO plugin. -->","yoast_head_json":{"title":"Science Selective Cavia | 10 kg - Pharmacy4pets","robots":{"index":"index","follow":"follow","max-snippet":"max-snippet:-1","max-image-preview":"max-image-preview:large","max-video-preview":"max-video-preview:-1"},"canonical":"https:\/\/p4p-nl.bootmine.com\/%product-slug%\/science-selective-cavia-10-kg","og_locale":"nl_NL","og_type":"article","og_title":"Science Selective Cavia | 10 kg - Pharmacy4pets","og_description":"Science Selective is een natuurlijke, hoogwaardige voeding die speciaal is samengesteld om te voldoen aan de voedingsbehoeften van cavia\u2019s. Met zorgvuldig geselecteerde ingredi\u00ebnten en de juiste verhouding van vezels, eiwitten, vitaminen en mineralen, draagt deze voeding bij aan de algehele gezondheid en vitaliteit van uw cavia. De voordelen van Science Selective voor cavia\u2019s: Optimaal vezelgehalte: [&hellip;]","og_url":"https:\/\/p4p-nl.bootmine.com\/%product-slug%\/science-selective-cavia-10-kg","og_site_name":"Pharmacy4pets","article_publisher":"https:\/\/www.facebook.com\/people\/Pharmacy4petsnl\/100063484989896\/","article_modified_time":"2026-04-14T08:05:08+00:00","og_image":[{"width":406,"height":600,"url":"https:\/\/p4p-nl.bootmine.com\/wp-content\/uploads\/2023\/03\/17993.jpg","type":"image\/jpeg"}],"twitter_card":"summary_large_image","twitter_misc":{"Geschatte leestijd":"1 minuut"},"schema":{"@context":"https:\/\/schema.org","@graph":[{"@type":"WebPage","@id":"https:\/\/p4p-nl.bootmine.com\/%product-slug%\/science-selective-cavia-10-kg","url":"https:\/\/p4p-nl.bootmine.com\/%product-slug%\/science-selective-cavia-10-kg","name":"Science Selective Cavia | 10 kg - Pharmacy4pets","isPartOf":{"@id":"http:\/\/www.pharmacy4pets.nl\/#website"},"primaryImageOfPage":{"@id":"https:\/\/p4p-nl.bootmine.com\/%product-slug%\/science-selective-cavia-10-kg#primaryimage"},"image":{"@id":"https:\/\/p4p-nl.bootmine.com\/%product-slug%\/science-selective-cavia-10-kg#primaryimage"},"thumbnailUrl":"https:\/\/www.pharmacy4pets.nl\/wp-content\/uploads\/2023\/03\/17993.jpg","datePublished":"2023-03-10T12:18:25+00:00","dateModified":"2026-04-14T08:05:08+00:00","breadcrumb":{"@id":"https:\/\/p4p-nl.bootmine.com\/%product-slug%\/science-selective-cavia-10-kg#breadcrumb"},"inLanguage":"nl-NL","potentialAction":[{"@type":"ReadAction","target":["https:\/\/p4p-nl.bootmine.com\/%product-slug%\/science-selective-cavia-10-kg"]}]},{"@type":"ImageObject","inLanguage":"nl-NL","@id":"https:\/\/p4p-nl.bootmine.com\/%product-slug%\/science-selective-cavia-10-kg#primaryimage","url":"https:\/\/www.pharmacy4pets.nl\/wp-content\/uploads\/2023\/03\/17993.jpg","contentUrl":"https:\/\/www.pharmacy4pets.nl\/wp-content\/uploads\/2023\/03\/17993.jpg","width":406,"height":600,"caption":"Science Selective"},{"@type":"BreadcrumbList","@id":"https:\/\/p4p-nl.bootmine.com\/%product-slug%\/science-selective-cavia-10-kg#breadcrumb","itemListElement":[{"@type":"ListItem","position":1,"name":"Home","item":"https:\/\/p4p-nl.bootmine.com\/"},{"@type":"ListItem","position":2,"name":"Winkel","item":"https:\/\/p4p-nl.bootmine.com\/winkel"},{"@type":"ListItem","position":3,"name":"Science Selective Cavia | 10 kg"}]},{"@type":"WebSite","@id":"http:\/\/www.pharmacy4pets.nl\/#website","url":"http:\/\/www.pharmacy4pets.nl\/","name":"Pharmacy4pets","description":"Pharmacy4pets.nl is d\u00e9 online apotheek waar u terecht kunt voor alle diergeneesmiddelen, verzorgingsproducten en dieetvoeding voor uw huisdier.","publisher":{"@id":"http:\/\/www.pharmacy4pets.nl\/#organization"},"potentialAction":[{"@type":"SearchAction","target":{"@type":"EntryPoint","urlTemplate":"http:\/\/www.pharmacy4pets.nl\/?s={search_term_string}"},"query-input":{"@type":"PropertyValueSpecification","valueRequired":true,"valueName":"search_term_string"}}],"inLanguage":"nl-NL"},{"@type":"Organization","@id":"http:\/\/www.pharmacy4pets.nl\/#organization","name":"Pharmacy4pets","url":"http:\/\/www.pharmacy4pets.nl\/","logo":{"@type":"ImageObject","inLanguage":"nl-NL","@id":"http:\/\/www.pharmacy4pets.nl\/#\/schema\/logo\/image\/","url":"https:\/\/p4p-nl.bootmine.com\/wp-content\/uploads\/2026\/03\/logo-pharmacy4pets.png","contentUrl":"https:\/\/p4p-nl.bootmine.com\/wp-content\/uploads\/2026\/03\/logo-pharmacy4pets.png","width":1024,"height":135,"caption":"Pharmacy4pets"},"image":{"@id":"http:\/\/www.pharmacy4pets.nl\/#\/schema\/logo\/image\/"},"sameAs":["https:\/\/www.facebook.com\/people\/Pharmacy4petsnl\/100063484989896\/","https:\/\/www.youtube.com\/channel\/UCGPTIgucgli03tP2_kvLkHg\/featured","https:\/\/www.instagram.com\/pharmacy4pets.nl"]}]}},"market_data":{"nl":{"price":0,"sale_price":0,"active":false,"url":null,"parent_url":"","tax_rate":0,"price_inc_tax":0,"sale_price_inc_tax":0},"de":{"price":0,"sale_price":0,"active":false,"url":null,"parent_url":"","tax_rate":0,"price_inc_tax":0,"sale_price_inc_tax":0},"be":{"price":0,"sale_price":0,"active":false,"url":null,"parent_url":"","tax_rate":0,"price_inc_tax":0,"sale_price_inc_tax":0},"fr":{"price":0,"sale_price":0,"active":false,"url":null,"parent_url":"","tax_rate":0,"price_inc_tax":0,"sale_price_inc_tax":0},"ch":{"price":0,"sale_price":0,"active":false,"url":null,"parent_url":"","tax_rate":0,"price_inc_tax":0,"sale_price_inc_tax":0},"at":{"price":0,"sale_price":0,"active":false,"url":null,"parent_url":"","tax_rate":0,"price_inc_tax":0,"sale_price_inc_tax":0},"es":{"price":0,"sale_price":0,"active":false,"url":null,"parent_url":"","tax_rate":0,"price_inc_tax":0,"sale_price_inc_tax":0},"dk":{"price":0,"sale_price":0,"active":false,"url":null,"parent_url":"","tax_rate":0,"price_inc_tax":0,"sale_price_inc_tax":0},"com":{"price":0,"sale_price":0,"active":false,"url":null,"parent_url":"","tax_rate":0,"price_inc_tax":0,"sale_price_inc_tax":0}},"market_nl_price":0,"market_nl_sale_price":0,"market_nl_active":false,"market_nl_url":null,"market_nl_parent_url":"","market_nl_tax_rate":0,"market_nl_price_inc_tax":0,"market_nl_sale_price_inc_tax":0,"market_de_price":0,"market_de_sale_price":0,"market_de_active":false,"market_de_url":null,"market_de_parent_url":"","market_de_tax_rate":0,"market_de_price_inc_tax":0,"market_de_sale_price_inc_tax":0,"market_be_price":0,"market_be_sale_price":0,"market_be_active":false,"market_be_url":null,"market_be_parent_url":"","market_be_tax_rate":0,"market_be_price_inc_tax":0,"market_be_sale_price_inc_tax":0,"market_fr_price":0,"market_fr_sale_price":0,"market_fr_active":false,"market_fr_url":null,"market_fr_parent_url":"","market_fr_tax_rate":0,"market_fr_price_inc_tax":0,"market_fr_sale_price_inc_tax":0,"market_ch_price":0,"market_ch_sale_price":0,"market_ch_active":false,"market_ch_url":null,"market_ch_parent_url":"","market_ch_tax_rate":0,"market_ch_price_inc_tax":0,"market_ch_sale_price_inc_tax":0,"market_at_price":0,"market_at_sale_price":0,"market_at_active":false,"market_at_url":null,"market_at_parent_url":"","market_at_tax_rate":0,"market_at_price_inc_tax":0,"market_at_sale_price_inc_tax":0,"market_es_price":0,"market_es_sale_price":0,"market_es_active":false,"market_es_url":null,"market_es_parent_url":"","market_es_tax_rate":0,"market_es_price_inc_tax":0,"market_es_sale_price_inc_tax":0,"market_dk_price":0,"market_dk_sale_price":0,"market_dk_active":false,"market_dk_url":null,"market_dk_parent_url":"","market_dk_tax_rate":0,"market_dk_price_inc_tax":0,"market_dk_sale_price_inc_tax":0,"market_com_price":0,"market_com_sale_price":0,"market_com_active":false,"market_com_url":null,"market_com_parent_url":"","market_com_tax_rate":0,"market_com_price_inc_tax":0,"market_com_sale_price_inc_tax":0,"acf":[],"_links":{"self":[{"href":"https:\/\/www.pharmacy4pets.nl\/be\/wp-json\/wp\/v2\/product\/120105","targetHints":{"allow":["GET"]}}],"collection":[{"href":"https:\/\/www.pharmacy4pets.nl\/be\/wp-json\/wp\/v2\/product"}],"about":[{"href":"https:\/\/www.pharmacy4pets.nl\/be\/wp-json\/wp\/v2\/types\/product"}],"replies":[{"embeddable":true,"href":"https:\/\/www.pharmacy4pets.nl\/be\/wp-json\/wp\/v2\/comments?post=120105"}],"wp:featuredmedia":[{"embeddable":true,"href":"https:\/\/www.pharmacy4pets.nl\/be\/wp-json\/wp\/v2\/media\/120104"}],"wp:attachment":[{"href":"https:\/\/www.pharmacy4pets.nl\/be\/wp-json\/wp\/v2\/media?parent=120105"}],"wp:term":[{"taxonomy":"product_brand","embeddable":true,"href":"https:\/\/www.pharmacy4pets.nl\/be\/wp-json\/wp\/v2\/product_brand?post=120105"},{"taxonomy":"product_cat","embeddable":true,"href":"https:\/\/www.pharmacy4pets.nl\/be\/wp-json\/wp\/v2\/product_cat?post=120105"},{"taxonomy":"product_tag","embeddable":true,"href":"https:\/\/www.pharmacy4pets.nl\/be\/wp-json\/wp\/v2\/product_tag?post=120105"}],"curies":[{"name":"wp","href":"https:\/\/api.w.org\/{rel}","templated":true}]}}