{"id":120089,"date":"2023-03-10T12:18:22","date_gmt":"2023-03-10T12:18:22","guid":{"rendered":"https:\/\/p4p.test\/sanimed-hypoallergenic-worst-hond-lam-rijst-1x-400-gram"},"modified":"2026-03-25T12:04:32","modified_gmt":"2026-03-25T12:04:32","slug":"sanimed-hypoallergenic-worst-hond-lam-rijst-1x-400-gram","status":"publish","type":"product","link":"https:\/\/www.pharmacy4pets.nl\/be\/sanimed-hypoallergenic-worst-hond-lam-rijst-1x-400-gram","title":{"rendered":"Sanimed Hypoallergenic Worst | Hond | Lam\/rijst 1x 400 gram"},"content":{"rendered":"<p>Sanimed Hypoallergenic Worst is speciaal ontwikkeld voor honden met voedselgevoeligheden en allergie\u00ebn. Deze voeding biedt een hypoallergene oplossing met talloze voordelen voor de gezondheid en het welzijn van uw hond.<\/p>\n<p>Sanimed Hypoallergenic Worst is samengesteld om tegemoet te komen aan de voedselgevoeligheden van uw hond. Het bevat geselecteerde eiwitbronnen en koolhydraten die zelden allergische reacties veroorzaken. Door het vermijden van veelvoorkomende allergenen, zoals tarwe, rundvlees en zuivel, is deze voeding veilig voor honden met voedselallergie\u00ebn.<\/p>\n<p>Deze hypoallergene worst bevat essenti\u00eble voedingsstoffen die bijdragen aan een gezonde huid en vacht, en de spijsvertering ondersteunen. Het bevat omega-3 en omega-6 vetzuren, evenals prebiotica die een gezonde darmflora bevorderen. Dit helpt bij het verminderen van huidirritaties en spijsverteringsproblemen.<\/p>\n<p>Sanimed Hypoallergenic Worst heeft een aantrekkelijke smaak die uw hond zal waarderen. Het is gemakkelijk te gebruiken en kan in kleine porties worden verdeeld voor een nauwkeurige dosering. Zo kunt u uw gevoelige hond een smakelijke en hypoallergene voeding bieden.<\/p>\n","protected":false},"excerpt":{"rendered":"<p>Sanimed Hypoallergenic Worst is speciaal ontwikkeld voor honden met voedselgevoeligheden en allergie\u00ebn. Deze voeding biedt een hypoallergene oplossing met talloze voordelen voor de gezondheid en het welzijn van uw hond. Sanimed Hypoallergenic Worst is samengesteld om tegemoet te komen aan de voedselgevoeligheden van uw hond. Het bevat geselecteerde eiwitbronnen en koolhydraten die zelden allergische reacties [&hellip;]<\/p>\n","protected":false},"featured_media":120088,"comment_status":"open","ping_status":"closed","template":"","meta":{"_acf_changed":false,"_nl_post_content":"<p>Sanimed Hypoallergenic Worst is speciaal ontwikkeld voor honden met voedselgevoeligheden en allergie\u00ebn. Deze voeding biedt een hypoallergene oplossing met talloze voordelen voor de gezondheid en het welzijn van uw hond.<\/p>\r\n<p>Sanimed Hypoallergenic Worst is samengesteld om tegemoet te komen aan de voedselgevoeligheden van uw hond. Het bevat geselecteerde eiwitbronnen en koolhydraten die zelden allergische reacties veroorzaken. Door het vermijden van veelvoorkomende allergenen, zoals tarwe, rundvlees en zuivel, is deze voeding veilig voor honden met voedselallergie\u00ebn.<\/p>\r\n<p>Deze hypoallergene worst bevat essenti\u00eble voedingsstoffen die bijdragen aan een gezonde huid en vacht, en de spijsvertering ondersteunen. Het bevat omega-3 en omega-6 vetzuren, evenals prebiotica die een gezonde darmflora bevorderen. Dit helpt bij het verminderen van huidirritaties en spijsverteringsproblemen.<\/p>\r\n<p>Sanimed Hypoallergenic Worst heeft een aantrekkelijke smaak die uw hond zal waarderen. Het is gemakkelijk te gebruiken en kan in kleine porties worden verdeeld voor een nauwkeurige dosering. Zo kunt u uw gevoelige hond een smakelijke en hypoallergene voeding bieden.<\/p>","_nl_post_name":"sanimed-hypoallergenic-worst-hond-lam-rijst-1x-400-gram","_nl_post_excerpt":"","_nl_post_title":"Sanimed Hypoallergenic Worst | Hond | Lam\/rijst 1x 400 gram","_en_post_content":"<p>Sanimed Hypoallergenic Sausage is specially developed for dogs with food sensitivities and allergies. This food offers a hypoallergenic solution with numerous benefits for your dog's health and well-being.<\/p>\r\n<p>Sanimed Hypoallergenic Sausage is formulated to meet your dog's food sensitivities. It contains selected protein sources and carbohydrates that rarely cause allergic reactions. By avoiding common allergens such as wheat, beef and dairy, this food is safe for dogs with food allergies.<\/p>\r\n<p>This hypoallergenic sausage contains essential nutrients that contribute to healthy skin and coat, and support digestion. It contains omega-3 and omega-6 fatty acids, as well as prebiotics that promote healthy gut flora. This helps reduce skin irritations and digestive problems.<\/p>\r\n<p>Sanimed Hypoallergenic Sausage has an appealing taste that your dog will love. It is easy to use and can be divided into small portions for precise dosing. So you can offer your sensitive dog a tasty and hypoallergenic food.<\/p>","_en_post_name":"Sanimed-Hypoallergenic-Sausage-Dog-Lamb-rice-1x-400-grams","_en_post_excerpt":"","_en_post_title":"Sanimed Hypoallergenic Sausage | Dog | Lamb\/rice 1x 400 grams","_de_post_content":"<p>Sanimed Hypoallergenic Wurst wurde speziell f\u00fcr Hunde mit Nahrungsmittelunvertr\u00e4glichkeiten und Allergien entwickelt. Dieses Futter bietet eine hypoallergene L\u00f6sung mit zahlreichen Vorteilen f\u00fcr die Gesundheit und das Wohlbefinden Ihres Hundes.<\/p>\r\n<p>Sanimed Hypoallergenic Wurst ist auf die Nahrungsempfindlichkeiten Ihres Hundes abgestimmt. Sie enth\u00e4lt ausgew\u00e4hlte Proteinquellen und Kohlenhydrate, die selten allergische Reaktionen hervorrufen. Durch den Verzicht auf h\u00e4ufige Allergene wie Weizen, Rindfleisch und Milchprodukte ist dieses Futter sicher f\u00fcr Hunde mit Nahrungsmittelallergien.<\/p>\r\n<p>Diese hypoallergene Wurst enth\u00e4lt wichtige N\u00e4hrstoffe, die zu einer gesunden Haut und einem gesunden Fell beitragen und die Verdauung unterst\u00fctzen. Sie enth\u00e4lt Omega-3- und Omega-6-Fetts\u00e4uren sowie Pr\u00e4biotika, die eine gesunde Darmflora f\u00f6rdern. Dies tr\u00e4gt zur Verringerung von Hautreizungen und Verdauungsproblemen bei.<\/p>\r\n<p>Sanimed Hypoallergenic Wurst hat einen ansprechenden Geschmack, den Ihr Hund lieben wird. Sie ist einfach zu handhaben und kann in kleine Portionen aufgeteilt werden, um sie genau zu dosieren. So k\u00f6nnen Sie Ihrem empfindlichen Hund ein schmackhaftes und hypoallergenes Futter anbieten.<\/p>","_de_post_name":"sanimed-hypoallergenic-wurst-hund-lam-rijst-1x-400-gramm","_de_post_excerpt":"","_de_post_title":"Sanimed Hypoallergenic Wurst | Hund | Lamm\/Reis 1x 400 Gramm","_fr_post_content":"<p>Sanimed Hypoallergenic Saucisse est sp\u00e9cialement con\u00e7u pour les chiens souffrant de sensibilit\u00e9s alimentaires et d'allergies. Cet aliment offre une solution hypoallerg\u00e9nique avec de nombreux avantages pour la sant\u00e9 et le bien-\u00eatre de votre chien.<\/p>\n<p>Sanimed Hypoallergenic Saucisse est formul\u00e9 pour r\u00e9pondre aux sensibilit\u00e9s alimentaires de votre chien. Elle contient des sources de prot\u00e9ines et des hydrates de carbone s\u00e9lectionn\u00e9s qui provoquent rarement des r\u00e9actions allergiques. En \u00e9vitant les allerg\u00e8nes courants tels que le bl\u00e9, le b\u0153uf et les produits laitiers, cette nourriture est sans danger pour les chiens souffrant d'allergies alimentaires.<\/p>\n<p>Cette saucisse hypoallerg\u00e9nique contient des nutriments essentiels qui contribuent \u00e0 la sant\u00e9 de la peau et du pelage et favorisent la digestion. Elle contient des acides gras om\u00e9ga-3 et om\u00e9ga-6, ainsi que des pr\u00e9biotiques qui favorisent une flore intestinale saine. Cela permet de r\u00e9duire les irritations de la peau et les probl\u00e8mes digestifs.<\/p>\n<p>Sanimed Hypoallergenic Saucisse a un go\u00fbt app\u00e9tissant que votre chien va adorer. Il est facile \u00e0 utiliser et peut \u00eatre divis\u00e9 en petites portions pour un dosage pr\u00e9cis. Vous pouvez ainsi offrir \u00e0 votre chien sensible une nourriture savoureuse et hypoallerg\u00e9nique.<\/p>","_fr_post_name":"Sanimed-Hypoallergenic-Saucisse-Chien-Agneau-riz-1x-400-grammes","_fr_post_excerpt":"","_fr_post_title":"Sanimed Hypoallergenic Saucisse | Chien | Agneau\/riz 1x 400 grammes","_es_post_content":"<p>Sanimed Hypoallergenic Salchicha est\u00e1 especialmente desarrollada para perros con sensibilidad alimentaria y alergias. Este alimento ofrece una soluci\u00f3n hipoalerg\u00e9nica con numerosos beneficios para la salud y el bienestar de su perro.<\/p>\n<p>Sanimed Hypoallergenic Salchicha est\u00e1 formulado para satisfacer las sensibilidades alimentarias de su perro. Contiene fuentes de prote\u00ednas y carbohidratos seleccionados que raramente causan reacciones al\u00e9rgicas. Al evitar alergenos comunes como el trigo, la carne de vacuno y los l\u00e1cteos, este alimento es seguro para perros con alergias alimentarias.<\/p>\n<p>Esta salchicha hipoalerg\u00e9nica contiene nutrientes esenciales que contribuyen a la salud de la piel y el pelo, y favorecen la digesti\u00f3n. Contiene \u00e1cidos grasos omega-3 y omega-6, as\u00ed como prebi\u00f3ticos que favorecen una flora intestinal sana. Esto ayuda a reducir las irritaciones de la piel y los problemas digestivos.<\/p>\n<p>Sanimed Hypoallergenic Salchicha tiene un sabor atractivo que encantar\u00e1 a su perro. Es f\u00e1cil de usar y se puede dividir en peque\u00f1as porciones para una dosificaci\u00f3n precisa. As\u00ed podr\u00e1 ofrecer a su perro sensible un alimento sabroso e hipoalerg\u00e9nico.<\/p>","_es_post_name":"Sanimed-Hypoallergenic-Salchicha-Perro-Cordero-arroz-1x-400-gramos","_es_post_excerpt":"","_es_post_title":"Sanimed Hypoallergenic Salchicha | Perro | Cordero\/arroz 1x 400 gramos","edit_language":"nl"},"product_brand":[],"product_cat":[1858,1117,1856,1857,1951],"product_tag":[],"class_list":{"0":"post-120089","1":"product","2":"type-product","3":"status-publish","4":"has-post-thumbnail","6":"product_cat-dieetvoer","7":"product_cat-honden","8":"product_cat-hondenvoer","9":"product_cat-merken","10":"product_cat-sanimed","11":"pa_aandoening-gevoeligemaag_darmen","12":"pa_doeldier-hond","13":"pa_fabricatieland-nederland","14":"pa_levensfase-senior","15":"pa_levensfase-volwassen","16":"pa_merkfilter-sanimed","17":"pa_merkgroep-vobra","18":"pa_product_conditions-sanimed_popup","19":"pa_productsoort-voeding","20":"pa_toedieningswijze-natvoer","21":"pa_unit_pricing_base_measure-1ct","22":"pa_unit_pricing_measure-1ct","23":"pa_werkzamestof-overig","25":"first","26":"instock","27":"taxable","28":"shipping-taxable","29":"purchasable","30":"product-type-simple"},"yoast_head":"<!-- This site is optimized with the Yoast SEO plugin v27.5 - https:\/\/yoast.com\/product\/yoast-seo-wordpress\/ -->\n<title>Sanimed Hypoallergenic Worst | Hond | Lam\/rijst 1x 400 gram - Pharmacy4pets<\/title>\n<meta name=\"robots\" content=\"index, follow, max-snippet:-1, max-image-preview:large, max-video-preview:-1\" \/>\n<link rel=\"canonical\" href=\"https:\/\/p4p-nl.bootmine.com\/%product-slug%\/sanimed-hypoallergenic-worst-hond-lam-rijst-1x-400-gram\" \/>\n<meta property=\"og:locale\" content=\"nl_NL\" \/>\n<meta property=\"og:type\" content=\"article\" \/>\n<meta property=\"og:title\" content=\"Sanimed Hypoallergenic Worst | Hond | Lam\/rijst 1x 400 gram - Pharmacy4pets\" \/>\n<meta property=\"og:description\" content=\"Sanimed Hypoallergenic Worst is speciaal ontwikkeld voor honden met voedselgevoeligheden en allergie\u00ebn. Deze voeding biedt een hypoallergene oplossing met talloze voordelen voor de gezondheid en het welzijn van uw hond. Sanimed Hypoallergenic Worst is samengesteld om tegemoet te komen aan de voedselgevoeligheden van uw hond. Het bevat geselecteerde eiwitbronnen en koolhydraten die zelden allergische reacties [&hellip;]\" \/>\n<meta property=\"og:url\" content=\"https:\/\/p4p-nl.bootmine.com\/%product-slug%\/sanimed-hypoallergenic-worst-hond-lam-rijst-1x-400-gram\" \/>\n<meta property=\"og:site_name\" content=\"Pharmacy4pets\" \/>\n<meta property=\"article:publisher\" content=\"https:\/\/www.facebook.com\/people\/Pharmacy4petsnl\/100063484989896\/\" \/>\n<meta property=\"article:modified_time\" content=\"2026-03-25T12:04:32+00:00\" \/>\n<meta property=\"og:image\" content=\"https:\/\/p4p-nl.bootmine.com\/wp-content\/uploads\/2023\/03\/25849_3.jpg\" \/>\n\t<meta property=\"og:image:width\" content=\"700\" \/>\n\t<meta property=\"og:image:height\" content=\"700\" \/>\n\t<meta property=\"og:image:type\" content=\"image\/jpeg\" \/>\n<meta name=\"twitter:card\" content=\"summary_large_image\" \/>\n<meta name=\"twitter:label1\" content=\"Geschatte leestijd\" \/>\n\t<meta name=\"twitter:data1\" content=\"1 minuut\" \/>\n<script type=\"application\/ld+json\" class=\"yoast-schema-graph\">{\"@context\":\"https:\\\/\\\/schema.org\",\"@graph\":[{\"@type\":\"WebPage\",\"@id\":\"https:\\\/\\\/p4p-nl.bootmine.com\\\/%product-slug%\\\/sanimed-hypoallergenic-worst-hond-lam-rijst-1x-400-gram\",\"url\":\"https:\\\/\\\/p4p-nl.bootmine.com\\\/%product-slug%\\\/sanimed-hypoallergenic-worst-hond-lam-rijst-1x-400-gram\",\"name\":\"Sanimed Hypoallergenic Worst | Hond | Lam\\\/rijst 1x 400 gram - Pharmacy4pets\",\"isPartOf\":{\"@id\":\"http:\\\/\\\/www.pharmacy4pets.nl\\\/#website\"},\"primaryImageOfPage\":{\"@id\":\"https:\\\/\\\/p4p-nl.bootmine.com\\\/%product-slug%\\\/sanimed-hypoallergenic-worst-hond-lam-rijst-1x-400-gram#primaryimage\"},\"image\":{\"@id\":\"https:\\\/\\\/p4p-nl.bootmine.com\\\/%product-slug%\\\/sanimed-hypoallergenic-worst-hond-lam-rijst-1x-400-gram#primaryimage\"},\"thumbnailUrl\":\"https:\\\/\\\/www.pharmacy4pets.nl\\\/wp-content\\\/uploads\\\/2023\\\/03\\\/25849_3.jpg\",\"datePublished\":\"2023-03-10T12:18:22+00:00\",\"dateModified\":\"2026-03-25T12:04:32+00:00\",\"breadcrumb\":{\"@id\":\"https:\\\/\\\/p4p-nl.bootmine.com\\\/%product-slug%\\\/sanimed-hypoallergenic-worst-hond-lam-rijst-1x-400-gram#breadcrumb\"},\"inLanguage\":\"nl-NL\",\"potentialAction\":[{\"@type\":\"ReadAction\",\"target\":[\"https:\\\/\\\/p4p-nl.bootmine.com\\\/%product-slug%\\\/sanimed-hypoallergenic-worst-hond-lam-rijst-1x-400-gram\"]}]},{\"@type\":\"ImageObject\",\"inLanguage\":\"nl-NL\",\"@id\":\"https:\\\/\\\/p4p-nl.bootmine.com\\\/%product-slug%\\\/sanimed-hypoallergenic-worst-hond-lam-rijst-1x-400-gram#primaryimage\",\"url\":\"https:\\\/\\\/www.pharmacy4pets.nl\\\/wp-content\\\/uploads\\\/2023\\\/03\\\/25849_3.jpg\",\"contentUrl\":\"https:\\\/\\\/www.pharmacy4pets.nl\\\/wp-content\\\/uploads\\\/2023\\\/03\\\/25849_3.jpg\",\"width\":700,\"height\":700,\"caption\":\"Sanimed Hypoallergenic\"},{\"@type\":\"BreadcrumbList\",\"@id\":\"https:\\\/\\\/p4p-nl.bootmine.com\\\/%product-slug%\\\/sanimed-hypoallergenic-worst-hond-lam-rijst-1x-400-gram#breadcrumb\",\"itemListElement\":[{\"@type\":\"ListItem\",\"position\":1,\"name\":\"Home\",\"item\":\"https:\\\/\\\/p4p-nl.bootmine.com\\\/\"},{\"@type\":\"ListItem\",\"position\":2,\"name\":\"Winkel\",\"item\":\"https:\\\/\\\/p4p-nl.bootmine.com\\\/winkel\"},{\"@type\":\"ListItem\",\"position\":3,\"name\":\"Sanimed Hypoallergenic Worst | Hond | Lam\\\/rijst 1x 400 gram\"}]},{\"@type\":\"WebSite\",\"@id\":\"http:\\\/\\\/www.pharmacy4pets.nl\\\/#website\",\"url\":\"http:\\\/\\\/www.pharmacy4pets.nl\\\/\",\"name\":\"Pharmacy4pets\",\"description\":\"Pharmacy4pets.nl is d\u00e9 online apotheek waar u terecht kunt voor alle diergeneesmiddelen, verzorgingsproducten en dieetvoeding voor uw huisdier.\",\"publisher\":{\"@id\":\"http:\\\/\\\/www.pharmacy4pets.nl\\\/#organization\"},\"potentialAction\":[{\"@type\":\"SearchAction\",\"target\":{\"@type\":\"EntryPoint\",\"urlTemplate\":\"http:\\\/\\\/www.pharmacy4pets.nl\\\/?s={search_term_string}\"},\"query-input\":{\"@type\":\"PropertyValueSpecification\",\"valueRequired\":true,\"valueName\":\"search_term_string\"}}],\"inLanguage\":\"nl-NL\"},{\"@type\":\"Organization\",\"@id\":\"http:\\\/\\\/www.pharmacy4pets.nl\\\/#organization\",\"name\":\"Pharmacy4pets\",\"url\":\"http:\\\/\\\/www.pharmacy4pets.nl\\\/\",\"logo\":{\"@type\":\"ImageObject\",\"inLanguage\":\"nl-NL\",\"@id\":\"http:\\\/\\\/www.pharmacy4pets.nl\\\/#\\\/schema\\\/logo\\\/image\\\/\",\"url\":\"https:\\\/\\\/p4p-nl.bootmine.com\\\/wp-content\\\/uploads\\\/2026\\\/03\\\/logo-pharmacy4pets.png\",\"contentUrl\":\"https:\\\/\\\/p4p-nl.bootmine.com\\\/wp-content\\\/uploads\\\/2026\\\/03\\\/logo-pharmacy4pets.png\",\"width\":1024,\"height\":135,\"caption\":\"Pharmacy4pets\"},\"image\":{\"@id\":\"http:\\\/\\\/www.pharmacy4pets.nl\\\/#\\\/schema\\\/logo\\\/image\\\/\"},\"sameAs\":[\"https:\\\/\\\/www.facebook.com\\\/people\\\/Pharmacy4petsnl\\\/100063484989896\\\/\",\"https:\\\/\\\/www.youtube.com\\\/channel\\\/UCGPTIgucgli03tP2_kvLkHg\\\/featured\",\"https:\\\/\\\/www.instagram.com\\\/pharmacy4pets.nl\"]}]}<\/script>\n<!-- \/ Yoast SEO plugin. -->","yoast_head_json":{"title":"Sanimed Hypoallergenic Worst | Hond | Lam\/rijst 1x 400 gram - Pharmacy4pets","robots":{"index":"index","follow":"follow","max-snippet":"max-snippet:-1","max-image-preview":"max-image-preview:large","max-video-preview":"max-video-preview:-1"},"canonical":"https:\/\/p4p-nl.bootmine.com\/%product-slug%\/sanimed-hypoallergenic-worst-hond-lam-rijst-1x-400-gram","og_locale":"nl_NL","og_type":"article","og_title":"Sanimed Hypoallergenic Worst | Hond | Lam\/rijst 1x 400 gram - Pharmacy4pets","og_description":"Sanimed Hypoallergenic Worst is speciaal ontwikkeld voor honden met voedselgevoeligheden en allergie\u00ebn. Deze voeding biedt een hypoallergene oplossing met talloze voordelen voor de gezondheid en het welzijn van uw hond. Sanimed Hypoallergenic Worst is samengesteld om tegemoet te komen aan de voedselgevoeligheden van uw hond. Het bevat geselecteerde eiwitbronnen en koolhydraten die zelden allergische reacties [&hellip;]","og_url":"https:\/\/p4p-nl.bootmine.com\/%product-slug%\/sanimed-hypoallergenic-worst-hond-lam-rijst-1x-400-gram","og_site_name":"Pharmacy4pets","article_publisher":"https:\/\/www.facebook.com\/people\/Pharmacy4petsnl\/100063484989896\/","article_modified_time":"2026-03-25T12:04:32+00:00","og_image":[{"width":700,"height":700,"url":"https:\/\/p4p-nl.bootmine.com\/wp-content\/uploads\/2023\/03\/25849_3.jpg","type":"image\/jpeg"}],"twitter_card":"summary_large_image","twitter_misc":{"Geschatte leestijd":"1 minuut"},"schema":{"@context":"https:\/\/schema.org","@graph":[{"@type":"WebPage","@id":"https:\/\/p4p-nl.bootmine.com\/%product-slug%\/sanimed-hypoallergenic-worst-hond-lam-rijst-1x-400-gram","url":"https:\/\/p4p-nl.bootmine.com\/%product-slug%\/sanimed-hypoallergenic-worst-hond-lam-rijst-1x-400-gram","name":"Sanimed Hypoallergenic Worst | Hond | Lam\/rijst 1x 400 gram - Pharmacy4pets","isPartOf":{"@id":"http:\/\/www.pharmacy4pets.nl\/#website"},"primaryImageOfPage":{"@id":"https:\/\/p4p-nl.bootmine.com\/%product-slug%\/sanimed-hypoallergenic-worst-hond-lam-rijst-1x-400-gram#primaryimage"},"image":{"@id":"https:\/\/p4p-nl.bootmine.com\/%product-slug%\/sanimed-hypoallergenic-worst-hond-lam-rijst-1x-400-gram#primaryimage"},"thumbnailUrl":"https:\/\/www.pharmacy4pets.nl\/wp-content\/uploads\/2023\/03\/25849_3.jpg","datePublished":"2023-03-10T12:18:22+00:00","dateModified":"2026-03-25T12:04:32+00:00","breadcrumb":{"@id":"https:\/\/p4p-nl.bootmine.com\/%product-slug%\/sanimed-hypoallergenic-worst-hond-lam-rijst-1x-400-gram#breadcrumb"},"inLanguage":"nl-NL","potentialAction":[{"@type":"ReadAction","target":["https:\/\/p4p-nl.bootmine.com\/%product-slug%\/sanimed-hypoallergenic-worst-hond-lam-rijst-1x-400-gram"]}]},{"@type":"ImageObject","inLanguage":"nl-NL","@id":"https:\/\/p4p-nl.bootmine.com\/%product-slug%\/sanimed-hypoallergenic-worst-hond-lam-rijst-1x-400-gram#primaryimage","url":"https:\/\/www.pharmacy4pets.nl\/wp-content\/uploads\/2023\/03\/25849_3.jpg","contentUrl":"https:\/\/www.pharmacy4pets.nl\/wp-content\/uploads\/2023\/03\/25849_3.jpg","width":700,"height":700,"caption":"Sanimed Hypoallergenic"},{"@type":"BreadcrumbList","@id":"https:\/\/p4p-nl.bootmine.com\/%product-slug%\/sanimed-hypoallergenic-worst-hond-lam-rijst-1x-400-gram#breadcrumb","itemListElement":[{"@type":"ListItem","position":1,"name":"Home","item":"https:\/\/p4p-nl.bootmine.com\/"},{"@type":"ListItem","position":2,"name":"Winkel","item":"https:\/\/p4p-nl.bootmine.com\/winkel"},{"@type":"ListItem","position":3,"name":"Sanimed Hypoallergenic Worst | Hond | Lam\/rijst 1x 400 gram"}]},{"@type":"WebSite","@id":"http:\/\/www.pharmacy4pets.nl\/#website","url":"http:\/\/www.pharmacy4pets.nl\/","name":"Pharmacy4pets","description":"Pharmacy4pets.nl is d\u00e9 online apotheek waar u terecht kunt voor alle diergeneesmiddelen, verzorgingsproducten en dieetvoeding voor uw huisdier.","publisher":{"@id":"http:\/\/www.pharmacy4pets.nl\/#organization"},"potentialAction":[{"@type":"SearchAction","target":{"@type":"EntryPoint","urlTemplate":"http:\/\/www.pharmacy4pets.nl\/?s={search_term_string}"},"query-input":{"@type":"PropertyValueSpecification","valueRequired":true,"valueName":"search_term_string"}}],"inLanguage":"nl-NL"},{"@type":"Organization","@id":"http:\/\/www.pharmacy4pets.nl\/#organization","name":"Pharmacy4pets","url":"http:\/\/www.pharmacy4pets.nl\/","logo":{"@type":"ImageObject","inLanguage":"nl-NL","@id":"http:\/\/www.pharmacy4pets.nl\/#\/schema\/logo\/image\/","url":"https:\/\/p4p-nl.bootmine.com\/wp-content\/uploads\/2026\/03\/logo-pharmacy4pets.png","contentUrl":"https:\/\/p4p-nl.bootmine.com\/wp-content\/uploads\/2026\/03\/logo-pharmacy4pets.png","width":1024,"height":135,"caption":"Pharmacy4pets"},"image":{"@id":"http:\/\/www.pharmacy4pets.nl\/#\/schema\/logo\/image\/"},"sameAs":["https:\/\/www.facebook.com\/people\/Pharmacy4petsnl\/100063484989896\/","https:\/\/www.youtube.com\/channel\/UCGPTIgucgli03tP2_kvLkHg\/featured","https:\/\/www.instagram.com\/pharmacy4pets.nl"]}]}},"market_data":{"nl":{"price":0,"sale_price":0,"active":false,"url":null,"parent_url":"","tax_rate":0,"price_inc_tax":0,"sale_price_inc_tax":0},"de":{"price":0,"sale_price":0,"active":false,"url":null,"parent_url":"","tax_rate":0,"price_inc_tax":0,"sale_price_inc_tax":0},"be":{"price":0,"sale_price":0,"active":false,"url":null,"parent_url":"","tax_rate":0,"price_inc_tax":0,"sale_price_inc_tax":0},"fr":{"price":0,"sale_price":0,"active":false,"url":null,"parent_url":"","tax_rate":0,"price_inc_tax":0,"sale_price_inc_tax":0},"ch":{"price":0,"sale_price":0,"active":false,"url":null,"parent_url":"","tax_rate":0,"price_inc_tax":0,"sale_price_inc_tax":0},"at":{"price":0,"sale_price":0,"active":false,"url":null,"parent_url":"","tax_rate":0,"price_inc_tax":0,"sale_price_inc_tax":0},"es":{"price":0,"sale_price":0,"active":false,"url":null,"parent_url":"","tax_rate":0,"price_inc_tax":0,"sale_price_inc_tax":0},"dk":{"price":0,"sale_price":0,"active":false,"url":null,"parent_url":"","tax_rate":0,"price_inc_tax":0,"sale_price_inc_tax":0},"com":{"price":0,"sale_price":0,"active":false,"url":null,"parent_url":"","tax_rate":0,"price_inc_tax":0,"sale_price_inc_tax":0}},"market_nl_price":0,"market_nl_sale_price":0,"market_nl_active":false,"market_nl_url":null,"market_nl_parent_url":"","market_nl_tax_rate":0,"market_nl_price_inc_tax":0,"market_nl_sale_price_inc_tax":0,"market_de_price":0,"market_de_sale_price":0,"market_de_active":false,"market_de_url":null,"market_de_parent_url":"","market_de_tax_rate":0,"market_de_price_inc_tax":0,"market_de_sale_price_inc_tax":0,"market_be_price":0,"market_be_sale_price":0,"market_be_active":false,"market_be_url":null,"market_be_parent_url":"","market_be_tax_rate":0,"market_be_price_inc_tax":0,"market_be_sale_price_inc_tax":0,"market_fr_price":0,"market_fr_sale_price":0,"market_fr_active":false,"market_fr_url":null,"market_fr_parent_url":"","market_fr_tax_rate":0,"market_fr_price_inc_tax":0,"market_fr_sale_price_inc_tax":0,"market_ch_price":0,"market_ch_sale_price":0,"market_ch_active":false,"market_ch_url":null,"market_ch_parent_url":"","market_ch_tax_rate":0,"market_ch_price_inc_tax":0,"market_ch_sale_price_inc_tax":0,"market_at_price":0,"market_at_sale_price":0,"market_at_active":false,"market_at_url":null,"market_at_parent_url":"","market_at_tax_rate":0,"market_at_price_inc_tax":0,"market_at_sale_price_inc_tax":0,"market_es_price":0,"market_es_sale_price":0,"market_es_active":false,"market_es_url":null,"market_es_parent_url":"","market_es_tax_rate":0,"market_es_price_inc_tax":0,"market_es_sale_price_inc_tax":0,"market_dk_price":0,"market_dk_sale_price":0,"market_dk_active":false,"market_dk_url":null,"market_dk_parent_url":"","market_dk_tax_rate":0,"market_dk_price_inc_tax":0,"market_dk_sale_price_inc_tax":0,"market_com_price":0,"market_com_sale_price":0,"market_com_active":false,"market_com_url":null,"market_com_parent_url":"","market_com_tax_rate":0,"market_com_price_inc_tax":0,"market_com_sale_price_inc_tax":0,"acf":[],"_links":{"self":[{"href":"https:\/\/www.pharmacy4pets.nl\/be\/wp-json\/wp\/v2\/product\/120089","targetHints":{"allow":["GET"]}}],"collection":[{"href":"https:\/\/www.pharmacy4pets.nl\/be\/wp-json\/wp\/v2\/product"}],"about":[{"href":"https:\/\/www.pharmacy4pets.nl\/be\/wp-json\/wp\/v2\/types\/product"}],"replies":[{"embeddable":true,"href":"https:\/\/www.pharmacy4pets.nl\/be\/wp-json\/wp\/v2\/comments?post=120089"}],"wp:featuredmedia":[{"embeddable":true,"href":"https:\/\/www.pharmacy4pets.nl\/be\/wp-json\/wp\/v2\/media\/120088"}],"wp:attachment":[{"href":"https:\/\/www.pharmacy4pets.nl\/be\/wp-json\/wp\/v2\/media?parent=120089"}],"wp:term":[{"taxonomy":"product_brand","embeddable":true,"href":"https:\/\/www.pharmacy4pets.nl\/be\/wp-json\/wp\/v2\/product_brand?post=120089"},{"taxonomy":"product_cat","embeddable":true,"href":"https:\/\/www.pharmacy4pets.nl\/be\/wp-json\/wp\/v2\/product_cat?post=120089"},{"taxonomy":"product_tag","embeddable":true,"href":"https:\/\/www.pharmacy4pets.nl\/be\/wp-json\/wp\/v2\/product_tag?post=120089"}],"curies":[{"name":"wp","href":"https:\/\/api.w.org\/{rel}","templated":true}]}}