{"id":120081,"date":"2023-03-10T12:18:21","date_gmt":"2023-03-10T12:18:21","guid":{"rendered":"https:\/\/p4p.test\/sanimed-clinical-choice-pure-duck-worst-hond-1x-400-gram"},"modified":"2026-04-14T08:05:07","modified_gmt":"2026-04-14T08:05:07","slug":"sanimed-clinical-choice-pure-duck-worst-hond-1x-400-gram","status":"publish","type":"product","link":"https:\/\/www.pharmacy4pets.nl\/be\/sanimed-clinical-choice-pure-duck-worst-hond-1x-400-gram","title":{"rendered":"Sanimed Clinical Choice Pure Duck Worst | Hond | 1x 400 gram"},"content":{"rendered":"<p>Sanimed Clinical Choice Pure Duck voor de hond is een dieetvoeding voor honden met een overgevoeligheid of intolerantie voor bepaalde voedingsstoffen en\/of ingredi\u00ebnten.<\/p>\n<p>Sanimed Clinical Choice Pure Duck: <br \/>\u2022 bevat slechts \u00e9\u00e9n dierlijke eiwitbron: eend<br \/>\u2022 kan gebruikt worden als eliminatiedieet om vast te stellen of uw hond overgevoelig of intolerant is voor bepaalde voedselbestanddelen<br \/>\u2022 kan bij gebleken geschiktheid gebruikt worden als onderhoudsvoer bij honden met voedselovergevoeligheid of -intolerantie<br \/>\u2022 is een volledig voeder en bevat alle voedingsstoffen die uw hond nodig heeft<br \/>\u2022 bevat geen toegevoegde synthetische kleur-, geur- en smaakstoffen<br \/>\u2022 is zeer smakelijk en ideaal voor het toedienen van medicatie en als beloning tijdens de training<br \/>\u2022 is uitstekend doseerbaar door de goede snijdbaarheid<\/p>\n<p>Samenstelling: eend, rijst, mineralen, cellulose.<\/p>\n","protected":false},"excerpt":{"rendered":"<p>Sanimed Clinical Choice Pure Duck voor de hond is een dieetvoeding voor honden met een overgevoeligheid of intolerantie voor bepaalde voedingsstoffen en\/of ingredi\u00ebnten. Sanimed Clinical Choice Pure Duck: \u2022 bevat slechts \u00e9\u00e9n dierlijke eiwitbron: eend\u2022 kan gebruikt worden als eliminatiedieet om vast te stellen of uw hond overgevoelig of intolerant is voor bepaalde voedselbestanddelen\u2022 kan [&hellip;]<\/p>\n","protected":false},"featured_media":120080,"comment_status":"open","ping_status":"closed","template":"","meta":{"_acf_changed":false,"_nl_post_content":"<p>Sanimed Clinical Choice Pure Duck voor de hond is een dieetvoeding voor honden met een overgevoeligheid of intolerantie voor bepaalde voedingsstoffen en\/of ingredi\u00ebnten.<br \/><br \/>Sanimed Clinical Choice Pure Duck: <br \/>\u2022 bevat slechts \u00e9\u00e9n dierlijke eiwitbron: eend<br \/>\u2022 kan gebruikt worden als eliminatiedieet om vast te stellen of uw hond overgevoelig of intolerant is voor bepaalde voedselbestanddelen<br \/>\u2022 kan bij gebleken geschiktheid gebruikt worden als onderhoudsvoer bij honden met voedselovergevoeligheid of -intolerantie<br \/>\u2022 is een volledig voeder en bevat alle voedingsstoffen die uw hond nodig heeft<br \/>\u2022 bevat geen toegevoegde synthetische kleur-, geur- en smaakstoffen<br \/>\u2022 is zeer smakelijk en ideaal voor het toedienen van medicatie en als beloning tijdens de training<br \/>\u2022 is uitstekend doseerbaar door de goede snijdbaarheid<\/p>\r\n<p>Samenstelling: eend, rijst, mineralen, cellulose.<\/p>\r\n","_nl_post_name":"sanimed-clinical-choice-pure-duck-worst-hond-1x-400-gram","_nl_post_excerpt":"","_nl_post_title":"Sanimed Clinical Choice Pure Duck Worst | Hond | 1x 400 gram","_en_post_content":"<p>Sanimed Clinical Choice Pure Duck sausage diet food for dogs with a hypersensitivity or intolerance to certain nutrients and\/or ingredients.<br \/><br \/>Sanimed Clinical Choice Pure Duck:<br \/>\u2022 contains only one animal protein source: duck<br \/>\u2022 can be used as an elimination diet to determine if your dog is hypersensitive or intolerant to certain food components<br \/>\u2022 can be used as maintenance food in dogs with food hypersensitivity or intolerance if they are found to be suitable<br \/>\u2022 is a complete feed and contains all the nutrients that your dog needs<br \/>\u2022 contains no added synthetic colors, fragrances and flavors<br \/>\u2022 is very tasty and ideal for administering medication and as a reward during training<br \/>\u2022 can be dosed excellently due to good cuttability<\/p>\r\n<p>Composition: duck, rice, minerals, cellulose.<\/p>","_en_post_name":"sanimed-clinical-choice-pure-duck-sausage-dog-1x-400-grams","_en_post_excerpt":"","_en_post_title":"Sanimed Clinical Choice Pure Duck Sausage | Dog | 1x 400 grams","_de_post_content":"<p>Sanimed Clinical Choice Pure Duck Wurst eignet sich f\u00fcr Hunde mit \u00dcberempfindlichkeit oder Unvertr\u00e4glichkeit gegen\u00fcber bestimmten N\u00e4hrstoffen und\/oder Inhaltsstoffen.<br \/><br \/>Sanimed Clinical Choice Pure Duck:<br \/>\u2022 enth\u00e4lt nur eine tierische Proteinquelle: Ente<br \/>\u2022 kann als Eliminationsdi\u00e4t verwendet werden, um zu bestimmen, ob Ihr Hund bestimmte Lebensmittelzutaten \u00fcberempfindlich oder unvertr\u00e4glich behandelt<br \/>\u2022 kann als erwiesene Erhaltungstherapie f\u00fcr Hunde mit \u00dcberempfindlichkeit oder Intoleranz bei Nahrungsmitteln verwendet werden, sofern sich dies als geeignet herausstellt<br \/>\u2022 ist ein vollst\u00e4ndiges Futter und enth\u00e4lt alle N\u00e4hrstoffe, die Ihr Hund ben\u00f6tigt<br \/>\u2022 enth\u00e4lt keine zus\u00e4tzlichen synthetischen Farben, Aromen und D\u00fcfte<br \/>\u2022 ist sehr lecker und ideal f\u00fcr die Verabreichung von Medikamenten und als Belohnung w\u00e4hrend des Trainings<br \/>\u2022 l\u00e4sst sich aufgrund der guten Schneidf\u00e4higkeit hervorragend dosieren<\/p>\r\n<p>Zusammensetzung: Ente, Reis, Mineralien, Zellulose.<\/p>\r\n","_de_post_name":"sanimed-clinical-choice-pure-duck-wurst-hund-1x-400-gramm","_de_post_excerpt":"","_de_post_title":"Sanimed Clinical Choice Pure Duck Wurst | Hund | 1x 400 Gramm","_fr_post_content":"<p>Sanimed Clinical Choice Pure Duck Saucisse pour chiens est un aliment di\u00e9t\u00e9tique destin\u00e9 aux chiens pr\u00e9sentant une hypersensibilit\u00e9 ou une intol\u00e9rance \u00e0 certains nutriments et\/ou ingr\u00e9dients.<\/p>\r\n<p>Sanimed Clinical Choice Pure Duck Saucisse :<\/p>\r\n<ul>\r\n<li>ne contient qu'une seule source de prot\u00e9ines animales : du canard<\/li>\r\n<li>peut \u00eatre utilis\u00e9 comme r\u00e9gime d'\u00e9limination pour d\u00e9terminer si votre chien est hypersensible ou intol\u00e9rant \u00e0 certains composants alimentaires<\/li>\r\n<li>s'il s'av\u00e8re appropri\u00e9, peut \u00eatre utilis\u00e9 comme aliment d'entretien pour les chiens pr\u00e9sentant une hypersensibilit\u00e9 ou une intol\u00e9rance alimentaire<\/li>\r\n<li>est un aliment complet et contient tous les nutriments dont votre chien a besoin<\/li>\r\n<li>ne contient pas de colorants, d'ar\u00f4mes ou de saveurs synth\u00e9tiques ajout\u00e9s<\/li>\r\n<li>est tr\u00e8s app\u00e9tissant et id\u00e9al pour l'administration de m\u00e9dicaments et comme r\u00e9compense pendant l'entra\u00eenement<\/li>\r\n<li>est facile \u00e0 doser gr\u00e2ce \u00e0 sa bonne d\u00e9coupabilit\u00e9<\/li>\r\n<\/ul>\r\n<p>Composition : canard, riz, min\u00e9raux, cellulose.<\/p>\r\n","_fr_post_name":"sanimed-clinical-choice-pure-duck-saucisse-chien-1x-400-grammes","_fr_post_excerpt":"","_fr_post_title":"Sanimed Clinical Choice Pure Duck Saucisse | Chien | 1x 400 grammes","_es_post_content":"<p>Sanimed Clinical Choice Pure Duck para perros es un alimento diet\u00e9tico para perros con hipersensibilidad o intolerancia a ciertos nutrientes y\/o ingredientes.<br \/><br \/>Sanimed Clinical Choice Pure Duck: <br \/>\u2022 contiene solo una fuente de prote\u00edna animal: el pato<br \/>\u2022 puede usarse como dieta de eliminaci\u00f3n para determinar si su perro es hipersensible o intolerante a ciertos ingredientes alimentarios<br \/>\u2022 puede usarse como alimento de mantenimiento en perros con hipersensibilidad o intolerancia alimentaria < br \/>\u2022 es un alimento completo y contiene todos los nutrientes que tu perro necesita<br \/>\u2022 no contiene colorantes, fragancias ni aromas sint\u00e9ticos a\u00f1adidos<br \/>\u2022 es muy sabroso e ideal para administrar medicaci\u00f3n y como premio durante el adiestramiento <br \/>\u2022 es muy f\u00e1cil de dosificar debido a la buena capacidad de corte<\/p>\r\n<p>Composici\u00f3n: pato, arroz, minerales, celulosa.<\/p>\r\n","_es_post_name":"sanimed-clinical-choice-pure-duck-salchicha-perro-1x-400-gramos","_es_post_excerpt":"","_es_post_title":"Sanimed Clinical Choice Pure Duck Salchicha | Perro | 1x 400 gramos","edit_language":"nl"},"product_brand":[],"product_cat":[1858,1117,1856,1857,1951],"product_tag":[],"class_list":{"0":"post-120081","1":"product","2":"type-product","3":"status-publish","4":"has-post-thumbnail","6":"product_cat-dieetvoer","7":"product_cat-honden","8":"product_cat-hondenvoer","9":"product_cat-merken","10":"product_cat-sanimed","11":"pa_aandoening-gevoeligemaag_darmen","12":"pa_aandoening-overig","13":"pa_doeldier-hond","14":"pa_fabricatieland-nederland","15":"pa_levensfase-senior","16":"pa_levensfase-volwassen","17":"pa_merkfilter-sanimed","18":"pa_merkgroep-vobra","19":"pa_product_conditions-sanimed_popup","20":"pa_productsoort-voeding","21":"pa_toedieningswijze-natvoer","22":"pa_unit_pricing_base_measure-1ct","23":"pa_unit_pricing_measure-1ct","24":"pa_werkzamestof-overig","26":"first","27":"instock","28":"taxable","29":"shipping-taxable","30":"purchasable","31":"product-type-simple"},"yoast_head":"<!-- This site is optimized with the Yoast SEO plugin v27.5 - https:\/\/yoast.com\/product\/yoast-seo-wordpress\/ -->\n<title>Sanimed Clinical Choice Pure Duck Worst | Hond | 1x 400 gram - Pharmacy4pets<\/title>\n<meta name=\"robots\" content=\"index, follow, max-snippet:-1, max-image-preview:large, max-video-preview:-1\" \/>\n<link rel=\"canonical\" href=\"https:\/\/p4p-nl.bootmine.com\/%product-slug%\/sanimed-clinical-choice-pure-duck-worst-hond-1x-400-gram\" \/>\n<meta property=\"og:locale\" content=\"nl_NL\" \/>\n<meta property=\"og:type\" content=\"article\" \/>\n<meta property=\"og:title\" content=\"Sanimed Clinical Choice Pure Duck Worst | Hond | 1x 400 gram - Pharmacy4pets\" \/>\n<meta property=\"og:description\" content=\"Sanimed Clinical Choice Pure Duck voor de hond is een dieetvoeding voor honden met een overgevoeligheid of intolerantie voor bepaalde voedingsstoffen en\/of ingredi\u00ebnten. Sanimed Clinical Choice Pure Duck: \u2022 bevat slechts \u00e9\u00e9n dierlijke eiwitbron: eend\u2022 kan gebruikt worden als eliminatiedieet om vast te stellen of uw hond overgevoelig of intolerant is voor bepaalde voedselbestanddelen\u2022 kan [&hellip;]\" \/>\n<meta property=\"og:url\" content=\"https:\/\/p4p-nl.bootmine.com\/%product-slug%\/sanimed-clinical-choice-pure-duck-worst-hond-1x-400-gram\" \/>\n<meta property=\"og:site_name\" content=\"Pharmacy4pets\" \/>\n<meta property=\"article:publisher\" content=\"https:\/\/www.facebook.com\/people\/Pharmacy4petsnl\/100063484989896\/\" \/>\n<meta property=\"article:modified_time\" content=\"2026-04-14T08:05:07+00:00\" \/>\n<meta property=\"og:image\" content=\"https:\/\/p4p-nl.bootmine.com\/wp-content\/uploads\/2023\/03\/99433_2.jpg\" \/>\n\t<meta property=\"og:image:width\" content=\"700\" \/>\n\t<meta property=\"og:image:height\" content=\"700\" \/>\n\t<meta property=\"og:image:type\" content=\"image\/jpeg\" \/>\n<meta name=\"twitter:card\" content=\"summary_large_image\" \/>\n<meta name=\"twitter:label1\" content=\"Geschatte leestijd\" \/>\n\t<meta name=\"twitter:data1\" content=\"1 minuut\" \/>\n<script type=\"application\/ld+json\" class=\"yoast-schema-graph\">{\"@context\":\"https:\\\/\\\/schema.org\",\"@graph\":[{\"@type\":\"WebPage\",\"@id\":\"https:\\\/\\\/p4p-nl.bootmine.com\\\/%product-slug%\\\/sanimed-clinical-choice-pure-duck-worst-hond-1x-400-gram\",\"url\":\"https:\\\/\\\/p4p-nl.bootmine.com\\\/%product-slug%\\\/sanimed-clinical-choice-pure-duck-worst-hond-1x-400-gram\",\"name\":\"Sanimed Clinical Choice Pure Duck Worst | Hond | 1x 400 gram - Pharmacy4pets\",\"isPartOf\":{\"@id\":\"http:\\\/\\\/www.pharmacy4pets.nl\\\/#website\"},\"primaryImageOfPage\":{\"@id\":\"https:\\\/\\\/p4p-nl.bootmine.com\\\/%product-slug%\\\/sanimed-clinical-choice-pure-duck-worst-hond-1x-400-gram#primaryimage\"},\"image\":{\"@id\":\"https:\\\/\\\/p4p-nl.bootmine.com\\\/%product-slug%\\\/sanimed-clinical-choice-pure-duck-worst-hond-1x-400-gram#primaryimage\"},\"thumbnailUrl\":\"https:\\\/\\\/www.pharmacy4pets.nl\\\/wp-content\\\/uploads\\\/2023\\\/03\\\/99433_2.jpg\",\"datePublished\":\"2023-03-10T12:18:21+00:00\",\"dateModified\":\"2026-04-14T08:05:07+00:00\",\"breadcrumb\":{\"@id\":\"https:\\\/\\\/p4p-nl.bootmine.com\\\/%product-slug%\\\/sanimed-clinical-choice-pure-duck-worst-hond-1x-400-gram#breadcrumb\"},\"inLanguage\":\"nl-NL\",\"potentialAction\":[{\"@type\":\"ReadAction\",\"target\":[\"https:\\\/\\\/p4p-nl.bootmine.com\\\/%product-slug%\\\/sanimed-clinical-choice-pure-duck-worst-hond-1x-400-gram\"]}]},{\"@type\":\"ImageObject\",\"inLanguage\":\"nl-NL\",\"@id\":\"https:\\\/\\\/p4p-nl.bootmine.com\\\/%product-slug%\\\/sanimed-clinical-choice-pure-duck-worst-hond-1x-400-gram#primaryimage\",\"url\":\"https:\\\/\\\/www.pharmacy4pets.nl\\\/wp-content\\\/uploads\\\/2023\\\/03\\\/99433_2.jpg\",\"contentUrl\":\"https:\\\/\\\/www.pharmacy4pets.nl\\\/wp-content\\\/uploads\\\/2023\\\/03\\\/99433_2.jpg\",\"width\":700,\"height\":700,\"caption\":\"Sanimed Clinical Choice Pure Duck\"},{\"@type\":\"BreadcrumbList\",\"@id\":\"https:\\\/\\\/p4p-nl.bootmine.com\\\/%product-slug%\\\/sanimed-clinical-choice-pure-duck-worst-hond-1x-400-gram#breadcrumb\",\"itemListElement\":[{\"@type\":\"ListItem\",\"position\":1,\"name\":\"Home\",\"item\":\"https:\\\/\\\/p4p-nl.bootmine.com\\\/\"},{\"@type\":\"ListItem\",\"position\":2,\"name\":\"Winkel\",\"item\":\"https:\\\/\\\/p4p-nl.bootmine.com\\\/winkel\"},{\"@type\":\"ListItem\",\"position\":3,\"name\":\"Sanimed Clinical Choice Pure Duck Worst | Hond | 1x 400 gram\"}]},{\"@type\":\"WebSite\",\"@id\":\"http:\\\/\\\/www.pharmacy4pets.nl\\\/#website\",\"url\":\"http:\\\/\\\/www.pharmacy4pets.nl\\\/\",\"name\":\"Pharmacy4pets\",\"description\":\"Pharmacy4pets.nl is d\u00e9 online apotheek waar u terecht kunt voor alle diergeneesmiddelen, verzorgingsproducten en dieetvoeding voor uw huisdier.\",\"publisher\":{\"@id\":\"http:\\\/\\\/www.pharmacy4pets.nl\\\/#organization\"},\"potentialAction\":[{\"@type\":\"SearchAction\",\"target\":{\"@type\":\"EntryPoint\",\"urlTemplate\":\"http:\\\/\\\/www.pharmacy4pets.nl\\\/?s={search_term_string}\"},\"query-input\":{\"@type\":\"PropertyValueSpecification\",\"valueRequired\":true,\"valueName\":\"search_term_string\"}}],\"inLanguage\":\"nl-NL\"},{\"@type\":\"Organization\",\"@id\":\"http:\\\/\\\/www.pharmacy4pets.nl\\\/#organization\",\"name\":\"Pharmacy4pets\",\"url\":\"http:\\\/\\\/www.pharmacy4pets.nl\\\/\",\"logo\":{\"@type\":\"ImageObject\",\"inLanguage\":\"nl-NL\",\"@id\":\"http:\\\/\\\/www.pharmacy4pets.nl\\\/#\\\/schema\\\/logo\\\/image\\\/\",\"url\":\"https:\\\/\\\/p4p-nl.bootmine.com\\\/wp-content\\\/uploads\\\/2026\\\/03\\\/logo-pharmacy4pets.png\",\"contentUrl\":\"https:\\\/\\\/p4p-nl.bootmine.com\\\/wp-content\\\/uploads\\\/2026\\\/03\\\/logo-pharmacy4pets.png\",\"width\":1024,\"height\":135,\"caption\":\"Pharmacy4pets\"},\"image\":{\"@id\":\"http:\\\/\\\/www.pharmacy4pets.nl\\\/#\\\/schema\\\/logo\\\/image\\\/\"},\"sameAs\":[\"https:\\\/\\\/www.facebook.com\\\/people\\\/Pharmacy4petsnl\\\/100063484989896\\\/\",\"https:\\\/\\\/www.youtube.com\\\/channel\\\/UCGPTIgucgli03tP2_kvLkHg\\\/featured\",\"https:\\\/\\\/www.instagram.com\\\/pharmacy4pets.nl\"]}]}<\/script>\n<!-- \/ Yoast SEO plugin. -->","yoast_head_json":{"title":"Sanimed Clinical Choice Pure Duck Worst | Hond | 1x 400 gram - Pharmacy4pets","robots":{"index":"index","follow":"follow","max-snippet":"max-snippet:-1","max-image-preview":"max-image-preview:large","max-video-preview":"max-video-preview:-1"},"canonical":"https:\/\/p4p-nl.bootmine.com\/%product-slug%\/sanimed-clinical-choice-pure-duck-worst-hond-1x-400-gram","og_locale":"nl_NL","og_type":"article","og_title":"Sanimed Clinical Choice Pure Duck Worst | Hond | 1x 400 gram - Pharmacy4pets","og_description":"Sanimed Clinical Choice Pure Duck voor de hond is een dieetvoeding voor honden met een overgevoeligheid of intolerantie voor bepaalde voedingsstoffen en\/of ingredi\u00ebnten. Sanimed Clinical Choice Pure Duck: \u2022 bevat slechts \u00e9\u00e9n dierlijke eiwitbron: eend\u2022 kan gebruikt worden als eliminatiedieet om vast te stellen of uw hond overgevoelig of intolerant is voor bepaalde voedselbestanddelen\u2022 kan [&hellip;]","og_url":"https:\/\/p4p-nl.bootmine.com\/%product-slug%\/sanimed-clinical-choice-pure-duck-worst-hond-1x-400-gram","og_site_name":"Pharmacy4pets","article_publisher":"https:\/\/www.facebook.com\/people\/Pharmacy4petsnl\/100063484989896\/","article_modified_time":"2026-04-14T08:05:07+00:00","og_image":[{"width":700,"height":700,"url":"https:\/\/p4p-nl.bootmine.com\/wp-content\/uploads\/2023\/03\/99433_2.jpg","type":"image\/jpeg"}],"twitter_card":"summary_large_image","twitter_misc":{"Geschatte leestijd":"1 minuut"},"schema":{"@context":"https:\/\/schema.org","@graph":[{"@type":"WebPage","@id":"https:\/\/p4p-nl.bootmine.com\/%product-slug%\/sanimed-clinical-choice-pure-duck-worst-hond-1x-400-gram","url":"https:\/\/p4p-nl.bootmine.com\/%product-slug%\/sanimed-clinical-choice-pure-duck-worst-hond-1x-400-gram","name":"Sanimed Clinical Choice Pure Duck Worst | Hond | 1x 400 gram - Pharmacy4pets","isPartOf":{"@id":"http:\/\/www.pharmacy4pets.nl\/#website"},"primaryImageOfPage":{"@id":"https:\/\/p4p-nl.bootmine.com\/%product-slug%\/sanimed-clinical-choice-pure-duck-worst-hond-1x-400-gram#primaryimage"},"image":{"@id":"https:\/\/p4p-nl.bootmine.com\/%product-slug%\/sanimed-clinical-choice-pure-duck-worst-hond-1x-400-gram#primaryimage"},"thumbnailUrl":"https:\/\/www.pharmacy4pets.nl\/wp-content\/uploads\/2023\/03\/99433_2.jpg","datePublished":"2023-03-10T12:18:21+00:00","dateModified":"2026-04-14T08:05:07+00:00","breadcrumb":{"@id":"https:\/\/p4p-nl.bootmine.com\/%product-slug%\/sanimed-clinical-choice-pure-duck-worst-hond-1x-400-gram#breadcrumb"},"inLanguage":"nl-NL","potentialAction":[{"@type":"ReadAction","target":["https:\/\/p4p-nl.bootmine.com\/%product-slug%\/sanimed-clinical-choice-pure-duck-worst-hond-1x-400-gram"]}]},{"@type":"ImageObject","inLanguage":"nl-NL","@id":"https:\/\/p4p-nl.bootmine.com\/%product-slug%\/sanimed-clinical-choice-pure-duck-worst-hond-1x-400-gram#primaryimage","url":"https:\/\/www.pharmacy4pets.nl\/wp-content\/uploads\/2023\/03\/99433_2.jpg","contentUrl":"https:\/\/www.pharmacy4pets.nl\/wp-content\/uploads\/2023\/03\/99433_2.jpg","width":700,"height":700,"caption":"Sanimed Clinical Choice Pure Duck"},{"@type":"BreadcrumbList","@id":"https:\/\/p4p-nl.bootmine.com\/%product-slug%\/sanimed-clinical-choice-pure-duck-worst-hond-1x-400-gram#breadcrumb","itemListElement":[{"@type":"ListItem","position":1,"name":"Home","item":"https:\/\/p4p-nl.bootmine.com\/"},{"@type":"ListItem","position":2,"name":"Winkel","item":"https:\/\/p4p-nl.bootmine.com\/winkel"},{"@type":"ListItem","position":3,"name":"Sanimed Clinical Choice Pure Duck Worst | Hond | 1x 400 gram"}]},{"@type":"WebSite","@id":"http:\/\/www.pharmacy4pets.nl\/#website","url":"http:\/\/www.pharmacy4pets.nl\/","name":"Pharmacy4pets","description":"Pharmacy4pets.nl is d\u00e9 online apotheek waar u terecht kunt voor alle diergeneesmiddelen, verzorgingsproducten en dieetvoeding voor uw huisdier.","publisher":{"@id":"http:\/\/www.pharmacy4pets.nl\/#organization"},"potentialAction":[{"@type":"SearchAction","target":{"@type":"EntryPoint","urlTemplate":"http:\/\/www.pharmacy4pets.nl\/?s={search_term_string}"},"query-input":{"@type":"PropertyValueSpecification","valueRequired":true,"valueName":"search_term_string"}}],"inLanguage":"nl-NL"},{"@type":"Organization","@id":"http:\/\/www.pharmacy4pets.nl\/#organization","name":"Pharmacy4pets","url":"http:\/\/www.pharmacy4pets.nl\/","logo":{"@type":"ImageObject","inLanguage":"nl-NL","@id":"http:\/\/www.pharmacy4pets.nl\/#\/schema\/logo\/image\/","url":"https:\/\/p4p-nl.bootmine.com\/wp-content\/uploads\/2026\/03\/logo-pharmacy4pets.png","contentUrl":"https:\/\/p4p-nl.bootmine.com\/wp-content\/uploads\/2026\/03\/logo-pharmacy4pets.png","width":1024,"height":135,"caption":"Pharmacy4pets"},"image":{"@id":"http:\/\/www.pharmacy4pets.nl\/#\/schema\/logo\/image\/"},"sameAs":["https:\/\/www.facebook.com\/people\/Pharmacy4petsnl\/100063484989896\/","https:\/\/www.youtube.com\/channel\/UCGPTIgucgli03tP2_kvLkHg\/featured","https:\/\/www.instagram.com\/pharmacy4pets.nl"]}]}},"market_data":{"nl":{"price":0,"sale_price":0,"active":false,"url":null,"parent_url":"","tax_rate":0,"price_inc_tax":0,"sale_price_inc_tax":0},"de":{"price":0,"sale_price":0,"active":false,"url":null,"parent_url":"","tax_rate":0,"price_inc_tax":0,"sale_price_inc_tax":0},"be":{"price":0,"sale_price":0,"active":false,"url":null,"parent_url":"","tax_rate":0,"price_inc_tax":0,"sale_price_inc_tax":0},"fr":{"price":0,"sale_price":0,"active":false,"url":null,"parent_url":"","tax_rate":0,"price_inc_tax":0,"sale_price_inc_tax":0},"ch":{"price":0,"sale_price":0,"active":false,"url":null,"parent_url":"","tax_rate":0,"price_inc_tax":0,"sale_price_inc_tax":0},"at":{"price":0,"sale_price":0,"active":false,"url":null,"parent_url":"","tax_rate":0,"price_inc_tax":0,"sale_price_inc_tax":0},"es":{"price":0,"sale_price":0,"active":false,"url":null,"parent_url":"","tax_rate":0,"price_inc_tax":0,"sale_price_inc_tax":0},"dk":{"price":0,"sale_price":0,"active":false,"url":null,"parent_url":"","tax_rate":0,"price_inc_tax":0,"sale_price_inc_tax":0},"com":{"price":0,"sale_price":0,"active":false,"url":null,"parent_url":"","tax_rate":0,"price_inc_tax":0,"sale_price_inc_tax":0}},"market_nl_price":0,"market_nl_sale_price":0,"market_nl_active":false,"market_nl_url":null,"market_nl_parent_url":"","market_nl_tax_rate":0,"market_nl_price_inc_tax":0,"market_nl_sale_price_inc_tax":0,"market_de_price":0,"market_de_sale_price":0,"market_de_active":false,"market_de_url":null,"market_de_parent_url":"","market_de_tax_rate":0,"market_de_price_inc_tax":0,"market_de_sale_price_inc_tax":0,"market_be_price":0,"market_be_sale_price":0,"market_be_active":false,"market_be_url":null,"market_be_parent_url":"","market_be_tax_rate":0,"market_be_price_inc_tax":0,"market_be_sale_price_inc_tax":0,"market_fr_price":0,"market_fr_sale_price":0,"market_fr_active":false,"market_fr_url":null,"market_fr_parent_url":"","market_fr_tax_rate":0,"market_fr_price_inc_tax":0,"market_fr_sale_price_inc_tax":0,"market_ch_price":0,"market_ch_sale_price":0,"market_ch_active":false,"market_ch_url":null,"market_ch_parent_url":"","market_ch_tax_rate":0,"market_ch_price_inc_tax":0,"market_ch_sale_price_inc_tax":0,"market_at_price":0,"market_at_sale_price":0,"market_at_active":false,"market_at_url":null,"market_at_parent_url":"","market_at_tax_rate":0,"market_at_price_inc_tax":0,"market_at_sale_price_inc_tax":0,"market_es_price":0,"market_es_sale_price":0,"market_es_active":false,"market_es_url":null,"market_es_parent_url":"","market_es_tax_rate":0,"market_es_price_inc_tax":0,"market_es_sale_price_inc_tax":0,"market_dk_price":0,"market_dk_sale_price":0,"market_dk_active":false,"market_dk_url":null,"market_dk_parent_url":"","market_dk_tax_rate":0,"market_dk_price_inc_tax":0,"market_dk_sale_price_inc_tax":0,"market_com_price":0,"market_com_sale_price":0,"market_com_active":false,"market_com_url":null,"market_com_parent_url":"","market_com_tax_rate":0,"market_com_price_inc_tax":0,"market_com_sale_price_inc_tax":0,"acf":[],"_links":{"self":[{"href":"https:\/\/www.pharmacy4pets.nl\/be\/wp-json\/wp\/v2\/product\/120081","targetHints":{"allow":["GET"]}}],"collection":[{"href":"https:\/\/www.pharmacy4pets.nl\/be\/wp-json\/wp\/v2\/product"}],"about":[{"href":"https:\/\/www.pharmacy4pets.nl\/be\/wp-json\/wp\/v2\/types\/product"}],"replies":[{"embeddable":true,"href":"https:\/\/www.pharmacy4pets.nl\/be\/wp-json\/wp\/v2\/comments?post=120081"}],"wp:featuredmedia":[{"embeddable":true,"href":"https:\/\/www.pharmacy4pets.nl\/be\/wp-json\/wp\/v2\/media\/120080"}],"wp:attachment":[{"href":"https:\/\/www.pharmacy4pets.nl\/be\/wp-json\/wp\/v2\/media?parent=120081"}],"wp:term":[{"taxonomy":"product_brand","embeddable":true,"href":"https:\/\/www.pharmacy4pets.nl\/be\/wp-json\/wp\/v2\/product_brand?post=120081"},{"taxonomy":"product_cat","embeddable":true,"href":"https:\/\/www.pharmacy4pets.nl\/be\/wp-json\/wp\/v2\/product_cat?post=120081"},{"taxonomy":"product_tag","embeddable":true,"href":"https:\/\/www.pharmacy4pets.nl\/be\/wp-json\/wp\/v2\/product_tag?post=120081"}],"curies":[{"name":"wp","href":"https:\/\/api.w.org\/{rel}","templated":true}]}}