{"id":120071,"date":"2023-03-10T12:18:18","date_gmt":"2023-03-10T12:18:18","guid":{"rendered":"https:\/\/p4p.test\/puur-stomac-maag-paard-pony-1-kg"},"modified":"2026-04-14T08:05:07","modified_gmt":"2026-04-14T08:05:07","slug":"puur-stomac-maag-paard-pony-1-kg","status":"publish","type":"product","link":"https:\/\/www.pharmacy4pets.nl\/be\/puur-stomac-maag-paard-pony-1-kg","title":{"rendered":"PUUR Stomac\/Maag | Paard\/Pony | 1 kg"},"content":{"rendered":"<p>PUUR Stomac is een aanvullend diervoeder voor paarden en pony\u2019s dat bijdraagt aan een normale maagfunctie. PUUR Stomac kan ondersteunend werken in het beginstadium van luchtzuigen. Dit natuurproduct kan ook worden ingezet bij stress\/spanning.<\/p>\n<p>Aanbevolen hoeveelheid 1-2 keer per dag:<\/p>\n<ul>\n<li>Paard 1\u00bd maatschep<\/li>\n<li>Pony 1 maatschep<\/li>\n<\/ul>\n<p>1 maatschep bevat ongeveer 4 gram.<\/p>\n<p>In een acute situatie is de duur van de behandeling relatief kort. Dit kan vari\u00ebren van enkele dagen tot 3 weken. Ga bij verbetering nog enige dagen door met toediening van dit product.<\/p>\n<p>Kan door het voer gegeven worden. Bevochtig het poeder zodat het niet uit de voerbak geblazen wordt. Zorg altijd voor voeding van een goede kwaliteit en pas de omstandigheden aan de behoefte van het dier aan. Maagproblemen kunnen het gevolg zijn van stress, probeer dit vermijden. Zorg bij paarden altijd voor voldoende ruwvoer en verminder indien mogelijk de hoeveelheid krachtvoer.<\/p>\n","protected":false},"excerpt":{"rendered":"<p>PUUR Stomac is een aanvullend diervoeder voor paarden en pony\u2019s dat bijdraagt aan een normale maagfunctie. PUUR Stomac kan ondersteunend werken in het beginstadium van luchtzuigen. Dit natuurproduct kan ook worden ingezet bij stress\/spanning. Aanbevolen hoeveelheid 1-2 keer per dag: Paard 1\u00bd maatschep Pony 1 maatschep 1 maatschep bevat ongeveer 4 gram. In een acute [&hellip;]<\/p>\n","protected":false},"featured_media":120070,"comment_status":"open","ping_status":"closed","template":"","meta":{"_acf_changed":false,"_nl_post_content":"<p>PUUR Stomac is een aanvullend diervoeder voor paarden en pony\u2019s dat bijdraagt aan een normale maagfunctie. PUUR Stomac kan ondersteunend werken in het beginstadium van luchtzuigen. Dit natuurproduct kan ook worden ingezet bij stress\/spanning.<\/p>\r\n<p>Aanbevolen hoeveelheid 1-2 keer per dag:<\/p>\r\n<ul>\r\n<li>Paard 1\u00bd maatschep<\/li>\r\n<li>Pony 1 maatschep<\/li>\r\n<\/ul>\r\n<p>1 maatschep bevat ongeveer 4 gram.<\/p>\r\n<p>In een acute situatie is de duur van de behandeling relatief kort. Dit kan vari\u00ebren van enkele dagen tot 3 weken. Ga bij verbetering nog enige dagen door met toediening van dit product.<\/p>\r\n<p>Kan door het voer gegeven worden. Bevochtig het poeder zodat het niet uit de voerbak geblazen wordt. Zorg altijd voor voeding van een goede kwaliteit en pas de omstandigheden aan de behoefte van het dier aan. Maagproblemen kunnen het gevolg zijn van stress, probeer dit vermijden. Zorg bij paarden altijd voor voldoende ruwvoer en verminder indien mogelijk de hoeveelheid krachtvoer.<\/p>","_nl_post_name":"puur-stomac-maag-paard-pony-1-kg","_nl_post_excerpt":"","_nl_post_title":"PUUR Stomac\/Maag | Paard\/Pony | 1 kg","_en_post_content":"<p>PUUR Stomac is a supplementary feed for horses and ponies that contributes to a normal stomach function. PUUR Stomac can support the initial stage of air suction. This natural product can also be used for stress \/ tension.<\/p>\r\n<p>Recommended amount 1-2 times a day:<br \/>\u2022 Horse 1\u00bd scoop<br \/>\u2022 Pony 1 scoop<\/p>\r\n<p>1 scoop contains approximately 4 grams.<\/p>\r\n<p>In an acute situation, the duration of treatment is relatively short. This can vary from a few days to 3 weeks. If there is improvement, continue with the administration of this product for a few more days.<\/p>\r\n<p>Can be given through the feed. Moisten the powder so that it does not blow out of the feeder. Always provide good quality food and adjust the conditions to the needs of the animal. Stomach problems can be a result of stress, try to avoid this. Always provide horses with sufficient roughage and reduce the amount of concentrates if possible.<\/p>","_en_post_name":"puur-stomac-maag-horse-pony-1-kg","_en_post_excerpt":"","_en_post_title":"PUUR Stomac\/Maag | Horse\/Pony | 1 kg","_de_post_content":"<p>PUUR Stomac ist ein Erg\u00e4nzungsfuttermittel f\u00fcr Pferde und Ponys, das zu einer normalen Magenfunktion beitr\u00e4gt. PUUR Stomac kann die Anfangsphase der Luftabsaugung unterst\u00fctzen. Dieses Naturprodukt kann auch bei Stress\/Anspannung eingesetzt werden.<\/p>\r\n<p>Empfohlene Menge 1-2 mal t\u00e4glich:<br \/>\u2022 Pferd 1\u00bd Messl\u00f6ffel<br \/>\u2022 Pony 1 Messl\u00f6ffel<\/p>\r\n<p>1 Messl\u00f6ffel enth\u00e4lt ca. 4 Gramm.<\/p>\r\n<p>In einer akuten Situation ist die Behandlungsdauer relativ kurz. Dies kann zwischen einigen Tagen und 3 Wochen variieren. Wenn eine Besserung eintritt, setzen Sie die Verabreichung dieses Produkts noch einige Tage fort.<\/p>\r\n<p>Kann \u00fcber das Futter verabreicht werden. Befeuchten Sie das Pulver, damit es nicht aus der Zuf\u00fchrung herausflie\u00dft. Sorgen Sie immer f\u00fcr qualitativ hochwertiges Futter und passen Sie die Bedingungen an die Bed\u00fcrfnisse des Tieres an. Magenprobleme k\u00f6nnen eine Folge von Stress sein. Vermeiden Sie dies. Versorgen Sie Pferde stets mit ausreichend Raufutter und reduzieren Sie nach M\u00f6glichkeit die Kraftfuttermenge.<\/p>","_de_post_name":"puur-stomac-maag-pferd-pony-1-kg","_de_post_excerpt":"","_de_post_title":"PUUR Stomac\/Maag | Pferd\/Pony | 1 kg","_fr_post_content":"<p>PUUR Stomac est un aliment compl\u00e9mentaire pour chevaux et poneys qui contribue au fonctionnement normal de l'estomac. PUUR Stomac peut prendre en charge la phase initiale d\u2019aspiration d\u2019air. Ce produit naturel peut \u00e9galement \u00eatre utilis\u00e9 en cas de stress\/tensions.<\/p>\r\n<p>Quantit\u00e9 recommand\u00e9e 1 \u00e0 2 fois par jour\u00a0:<br \/>\u2022 Cheval 1\u00bd cuill\u00e8re<br \/>\u2022 Poney 1 cuill\u00e8re<\/p>\r\n<p>1 cuill\u00e8re contient environ 4 grammes.<\/p>\r\n<p>Dans une situation aigu\u00eb, la dur\u00e9e du traitement est relativement courte. Cela peut varier de quelques jours \u00e0 3 semaines. En cas d'am\u00e9lioration, poursuivre l'administration de ce produit pendant encore quelques jours.<\/p>\r\n<p>Peut \u00eatre administr\u00e9 par voie alimentaire. Humidifiez la poudre pour qu'elle ne s'\u00e9chappe pas du chargeur. Fournissez toujours une nourriture de bonne qualit\u00e9 et ajustez les conditions aux besoins de l'animal. Les probl\u00e8mes d\u2019estomac peuvent \u00eatre le r\u00e9sultat du stress, essayez de les \u00e9viter. Fournissez toujours aux chevaux suffisamment de fourrage et r\u00e9duisez si possible la quantit\u00e9 de concentr\u00e9s.<\/p>","_fr_post_name":"puur-stomac-estomac-cheval-poney-1-kg","_fr_post_excerpt":"","_fr_post_title":"PUUR Stomac\/Estomac | Cheval\/Poney | 1 kg","_es_post_content":"<p>PUUR Stomac es un pienso complementario para caballos y ponis que contribuye al funcionamiento normal del est\u00f3mago. PUUR Stomac puede apoyar la etapa inicial de succi\u00f3n de aire. Este producto natural tambi\u00e9n se puede utilizar para el estr\u00e9s\/tensi\u00f3n.<\/p>\r\n<p>Cantidad recomendada 1-2 veces al d\u00eda:<br \/>\u2022 Caballo 1\u00bd cucharada<br \/>\u2022 Pony 1 cucharada<\/p>\r\n<p>1 cucharada contiene aproximadamente 4 gramos.<\/p>\r\n<p>En una situaci\u00f3n aguda, la duraci\u00f3n del tratamiento es relativamente corta. Esto puede variar desde unos pocos d\u00edas hasta 3 semanas. Si hay mejor\u00eda continuar con la administraci\u00f3n de este producto por unos d\u00edas m\u00e1s.<\/p>\r\n<p>Se puede dar a trav\u00e9s del pienso. Humedezca el polvo para que no salga volando del alimentador. Proporcionar siempre alimento de buena calidad y ajustar las condiciones a las necesidades del animal. Los problemas estomacales pueden ser el resultado del estr\u00e9s, trate de evitarlo. Proporcione siempre a los caballos suficiente forraje y reduzca la cantidad de concentrados si es posible.<\/p>","_es_post_name":"puur-stomac-estomago-caballo-poni-1-kg","_es_post_excerpt":"","_es_post_title":"PUUR Stomac\/Est\u00f3mago | Caballo\/Poni | 1 kg","edit_language":"nl"},"product_brand":[],"product_cat":[1815,1811,1857,1809,1950],"product_tag":[],"class_list":{"0":"post-120071","1":"product","2":"type-product","3":"status-publish","4":"has-post-thumbnail","6":"product_cat-maag-darmen","7":"product_cat-medicijnen-supplementen","8":"product_cat-merken","9":"product_cat-paarden","10":"product_cat-puur","11":"pa_aandoening-overig","12":"pa_doeldier-paard","13":"pa_fabricatieland-nederland","14":"pa_merkfilter-puur","15":"pa_merkgroep-nml","16":"pa_productsoort-voedingssupplement","17":"pa_toedieningswijze-overig","18":"pa_unit_pricing_base_measure-1kg","19":"pa_unit_pricing_measure-1kg","20":"pa_werkzamestof-overig","22":"first","23":"instock","24":"taxable","25":"shipping-taxable","26":"purchasable","27":"product-type-simple"},"yoast_head":"<!-- This site is optimized with the Yoast SEO plugin v27.5 - https:\/\/yoast.com\/product\/yoast-seo-wordpress\/ -->\n<title>PUUR Stomac\/Maag | Paard\/Pony | 1 kg - Pharmacy4pets<\/title>\n<meta name=\"robots\" content=\"index, follow, max-snippet:-1, max-image-preview:large, max-video-preview:-1\" \/>\n<link rel=\"canonical\" href=\"https:\/\/www.pharmacy4pets.nl\/be\/puur-stomac-maag-paard-pony-1-kg\" \/>\n<meta property=\"og:locale\" content=\"nl_NL\" \/>\n<meta property=\"og:type\" content=\"article\" \/>\n<meta property=\"og:title\" content=\"PUUR Stomac\/Maag | Paard\/Pony | 1 kg - Pharmacy4pets\" \/>\n<meta property=\"og:description\" content=\"PUUR Stomac is een aanvullend diervoeder voor paarden en pony\u2019s dat bijdraagt aan een normale maagfunctie. PUUR Stomac kan ondersteunend werken in het beginstadium van luchtzuigen. Dit natuurproduct kan ook worden ingezet bij stress\/spanning. Aanbevolen hoeveelheid 1-2 keer per dag: Paard 1\u00bd maatschep Pony 1 maatschep 1 maatschep bevat ongeveer 4 gram. In een acute [&hellip;]\" \/>\n<meta property=\"og:url\" content=\"https:\/\/www.pharmacy4pets.nl\/be\/puur-stomac-maag-paard-pony-1-kg\" \/>\n<meta property=\"og:site_name\" content=\"Pharmacy4pets\" \/>\n<meta property=\"article:publisher\" content=\"https:\/\/www.facebook.com\/people\/Pharmacy4petsnl\/100063484989896\/\" \/>\n<meta property=\"article:modified_time\" content=\"2026-04-14T08:05:07+00:00\" \/>\n<meta property=\"og:image\" content=\"https:\/\/www.pharmacy4pets.nl\/wp-content\/uploads\/2023\/03\/21507.jpg\" \/>\n\t<meta property=\"og:image:width\" content=\"759\" \/>\n\t<meta property=\"og:image:height\" content=\"1000\" \/>\n\t<meta property=\"og:image:type\" content=\"image\/jpeg\" \/>\n<meta name=\"twitter:card\" content=\"summary_large_image\" \/>\n<meta name=\"twitter:label1\" content=\"Geschatte leestijd\" \/>\n\t<meta name=\"twitter:data1\" content=\"1 minuut\" \/>\n<script type=\"application\/ld+json\" class=\"yoast-schema-graph\">{\"@context\":\"https:\\\/\\\/schema.org\",\"@graph\":[{\"@type\":\"WebPage\",\"@id\":\"https:\\\/\\\/www.pharmacy4pets.nl\\\/be\\\/puur-stomac-maag-paard-pony-1-kg\",\"url\":\"https:\\\/\\\/www.pharmacy4pets.nl\\\/be\\\/puur-stomac-maag-paard-pony-1-kg\",\"name\":\"PUUR Stomac\\\/Maag | Paard\\\/Pony | 1 kg - Pharmacy4pets\",\"isPartOf\":{\"@id\":\"http:\\\/\\\/www.pharmacy4pets.nl\\\/#website\"},\"primaryImageOfPage\":{\"@id\":\"https:\\\/\\\/www.pharmacy4pets.nl\\\/be\\\/puur-stomac-maag-paard-pony-1-kg#primaryimage\"},\"image\":{\"@id\":\"https:\\\/\\\/www.pharmacy4pets.nl\\\/be\\\/puur-stomac-maag-paard-pony-1-kg#primaryimage\"},\"thumbnailUrl\":\"https:\\\/\\\/www.pharmacy4pets.nl\\\/wp-content\\\/uploads\\\/2023\\\/03\\\/21507.jpg\",\"datePublished\":\"2023-03-10T12:18:18+00:00\",\"dateModified\":\"2026-04-14T08:05:07+00:00\",\"breadcrumb\":{\"@id\":\"https:\\\/\\\/www.pharmacy4pets.nl\\\/be\\\/puur-stomac-maag-paard-pony-1-kg#breadcrumb\"},\"inLanguage\":\"nl-NL\",\"potentialAction\":[{\"@type\":\"ReadAction\",\"target\":[\"https:\\\/\\\/www.pharmacy4pets.nl\\\/be\\\/puur-stomac-maag-paard-pony-1-kg\"]}]},{\"@type\":\"ImageObject\",\"inLanguage\":\"nl-NL\",\"@id\":\"https:\\\/\\\/www.pharmacy4pets.nl\\\/be\\\/puur-stomac-maag-paard-pony-1-kg#primaryimage\",\"url\":\"https:\\\/\\\/www.pharmacy4pets.nl\\\/wp-content\\\/uploads\\\/2023\\\/03\\\/21507.jpg\",\"contentUrl\":\"https:\\\/\\\/www.pharmacy4pets.nl\\\/wp-content\\\/uploads\\\/2023\\\/03\\\/21507.jpg\",\"width\":759,\"height\":1000,\"caption\":\"PUUR\"},{\"@type\":\"BreadcrumbList\",\"@id\":\"https:\\\/\\\/www.pharmacy4pets.nl\\\/be\\\/puur-stomac-maag-paard-pony-1-kg#breadcrumb\",\"itemListElement\":[{\"@type\":\"ListItem\",\"position\":1,\"name\":\"Home\",\"item\":\"https:\\\/\\\/p4p-nl.bootmine.com\\\/\"},{\"@type\":\"ListItem\",\"position\":2,\"name\":\"Winkel\",\"item\":\"https:\\\/\\\/p4p-nl.bootmine.com\\\/winkel\"},{\"@type\":\"ListItem\",\"position\":3,\"name\":\"PUUR Stomac\\\/Maag | Paard\\\/Pony | 1 kg\"}]},{\"@type\":\"WebSite\",\"@id\":\"http:\\\/\\\/www.pharmacy4pets.nl\\\/#website\",\"url\":\"http:\\\/\\\/www.pharmacy4pets.nl\\\/\",\"name\":\"Pharmacy4pets\",\"description\":\"Pharmacy4pets.nl is d\u00e9 online apotheek waar u terecht kunt voor alle diergeneesmiddelen, verzorgingsproducten en dieetvoeding voor uw huisdier.\",\"publisher\":{\"@id\":\"http:\\\/\\\/www.pharmacy4pets.nl\\\/#organization\"},\"potentialAction\":[{\"@type\":\"SearchAction\",\"target\":{\"@type\":\"EntryPoint\",\"urlTemplate\":\"http:\\\/\\\/www.pharmacy4pets.nl\\\/?s={search_term_string}\"},\"query-input\":{\"@type\":\"PropertyValueSpecification\",\"valueRequired\":true,\"valueName\":\"search_term_string\"}}],\"inLanguage\":\"nl-NL\"},{\"@type\":\"Organization\",\"@id\":\"http:\\\/\\\/www.pharmacy4pets.nl\\\/#organization\",\"name\":\"Pharmacy4pets\",\"url\":\"http:\\\/\\\/www.pharmacy4pets.nl\\\/\",\"logo\":{\"@type\":\"ImageObject\",\"inLanguage\":\"nl-NL\",\"@id\":\"http:\\\/\\\/www.pharmacy4pets.nl\\\/#\\\/schema\\\/logo\\\/image\\\/\",\"url\":\"https:\\\/\\\/p4p-nl.bootmine.com\\\/wp-content\\\/uploads\\\/2026\\\/03\\\/logo-pharmacy4pets.png\",\"contentUrl\":\"https:\\\/\\\/p4p-nl.bootmine.com\\\/wp-content\\\/uploads\\\/2026\\\/03\\\/logo-pharmacy4pets.png\",\"width\":1024,\"height\":135,\"caption\":\"Pharmacy4pets\"},\"image\":{\"@id\":\"http:\\\/\\\/www.pharmacy4pets.nl\\\/#\\\/schema\\\/logo\\\/image\\\/\"},\"sameAs\":[\"https:\\\/\\\/www.facebook.com\\\/people\\\/Pharmacy4petsnl\\\/100063484989896\\\/\",\"https:\\\/\\\/www.youtube.com\\\/channel\\\/UCGPTIgucgli03tP2_kvLkHg\\\/featured\",\"https:\\\/\\\/www.instagram.com\\\/pharmacy4pets.nl\"]}]}<\/script>\n<!-- \/ Yoast SEO plugin. -->","yoast_head_json":{"title":"PUUR Stomac\/Maag | Paard\/Pony | 1 kg - Pharmacy4pets","robots":{"index":"index","follow":"follow","max-snippet":"max-snippet:-1","max-image-preview":"max-image-preview:large","max-video-preview":"max-video-preview:-1"},"canonical":"https:\/\/www.pharmacy4pets.nl\/be\/puur-stomac-maag-paard-pony-1-kg","og_locale":"nl_NL","og_type":"article","og_title":"PUUR Stomac\/Maag | Paard\/Pony | 1 kg - Pharmacy4pets","og_description":"PUUR Stomac is een aanvullend diervoeder voor paarden en pony\u2019s dat bijdraagt aan een normale maagfunctie. PUUR Stomac kan ondersteunend werken in het beginstadium van luchtzuigen. Dit natuurproduct kan ook worden ingezet bij stress\/spanning. Aanbevolen hoeveelheid 1-2 keer per dag: Paard 1\u00bd maatschep Pony 1 maatschep 1 maatschep bevat ongeveer 4 gram. In een acute [&hellip;]","og_url":"https:\/\/www.pharmacy4pets.nl\/be\/puur-stomac-maag-paard-pony-1-kg","og_site_name":"Pharmacy4pets","article_publisher":"https:\/\/www.facebook.com\/people\/Pharmacy4petsnl\/100063484989896\/","article_modified_time":"2026-04-14T08:05:07+00:00","og_image":[{"width":759,"height":1000,"url":"https:\/\/www.pharmacy4pets.nl\/wp-content\/uploads\/2023\/03\/21507.jpg","type":"image\/jpeg"}],"twitter_card":"summary_large_image","twitter_misc":{"Geschatte leestijd":"1 minuut"},"schema":{"@context":"https:\/\/schema.org","@graph":[{"@type":"WebPage","@id":"https:\/\/www.pharmacy4pets.nl\/be\/puur-stomac-maag-paard-pony-1-kg","url":"https:\/\/www.pharmacy4pets.nl\/be\/puur-stomac-maag-paard-pony-1-kg","name":"PUUR Stomac\/Maag | Paard\/Pony | 1 kg - Pharmacy4pets","isPartOf":{"@id":"http:\/\/www.pharmacy4pets.nl\/#website"},"primaryImageOfPage":{"@id":"https:\/\/www.pharmacy4pets.nl\/be\/puur-stomac-maag-paard-pony-1-kg#primaryimage"},"image":{"@id":"https:\/\/www.pharmacy4pets.nl\/be\/puur-stomac-maag-paard-pony-1-kg#primaryimage"},"thumbnailUrl":"https:\/\/www.pharmacy4pets.nl\/wp-content\/uploads\/2023\/03\/21507.jpg","datePublished":"2023-03-10T12:18:18+00:00","dateModified":"2026-04-14T08:05:07+00:00","breadcrumb":{"@id":"https:\/\/www.pharmacy4pets.nl\/be\/puur-stomac-maag-paard-pony-1-kg#breadcrumb"},"inLanguage":"nl-NL","potentialAction":[{"@type":"ReadAction","target":["https:\/\/www.pharmacy4pets.nl\/be\/puur-stomac-maag-paard-pony-1-kg"]}]},{"@type":"ImageObject","inLanguage":"nl-NL","@id":"https:\/\/www.pharmacy4pets.nl\/be\/puur-stomac-maag-paard-pony-1-kg#primaryimage","url":"https:\/\/www.pharmacy4pets.nl\/wp-content\/uploads\/2023\/03\/21507.jpg","contentUrl":"https:\/\/www.pharmacy4pets.nl\/wp-content\/uploads\/2023\/03\/21507.jpg","width":759,"height":1000,"caption":"PUUR"},{"@type":"BreadcrumbList","@id":"https:\/\/www.pharmacy4pets.nl\/be\/puur-stomac-maag-paard-pony-1-kg#breadcrumb","itemListElement":[{"@type":"ListItem","position":1,"name":"Home","item":"https:\/\/p4p-nl.bootmine.com\/"},{"@type":"ListItem","position":2,"name":"Winkel","item":"https:\/\/p4p-nl.bootmine.com\/winkel"},{"@type":"ListItem","position":3,"name":"PUUR Stomac\/Maag | Paard\/Pony | 1 kg"}]},{"@type":"WebSite","@id":"http:\/\/www.pharmacy4pets.nl\/#website","url":"http:\/\/www.pharmacy4pets.nl\/","name":"Pharmacy4pets","description":"Pharmacy4pets.nl is d\u00e9 online apotheek waar u terecht kunt voor alle diergeneesmiddelen, verzorgingsproducten en dieetvoeding voor uw huisdier.","publisher":{"@id":"http:\/\/www.pharmacy4pets.nl\/#organization"},"potentialAction":[{"@type":"SearchAction","target":{"@type":"EntryPoint","urlTemplate":"http:\/\/www.pharmacy4pets.nl\/?s={search_term_string}"},"query-input":{"@type":"PropertyValueSpecification","valueRequired":true,"valueName":"search_term_string"}}],"inLanguage":"nl-NL"},{"@type":"Organization","@id":"http:\/\/www.pharmacy4pets.nl\/#organization","name":"Pharmacy4pets","url":"http:\/\/www.pharmacy4pets.nl\/","logo":{"@type":"ImageObject","inLanguage":"nl-NL","@id":"http:\/\/www.pharmacy4pets.nl\/#\/schema\/logo\/image\/","url":"https:\/\/p4p-nl.bootmine.com\/wp-content\/uploads\/2026\/03\/logo-pharmacy4pets.png","contentUrl":"https:\/\/p4p-nl.bootmine.com\/wp-content\/uploads\/2026\/03\/logo-pharmacy4pets.png","width":1024,"height":135,"caption":"Pharmacy4pets"},"image":{"@id":"http:\/\/www.pharmacy4pets.nl\/#\/schema\/logo\/image\/"},"sameAs":["https:\/\/www.facebook.com\/people\/Pharmacy4petsnl\/100063484989896\/","https:\/\/www.youtube.com\/channel\/UCGPTIgucgli03tP2_kvLkHg\/featured","https:\/\/www.instagram.com\/pharmacy4pets.nl"]}]}},"market_data":{"nl":{"price":0,"sale_price":0,"active":false,"url":null,"parent_url":"","tax_rate":0,"price_inc_tax":0,"sale_price_inc_tax":0},"de":{"price":0,"sale_price":0,"active":false,"url":null,"parent_url":"","tax_rate":0,"price_inc_tax":0,"sale_price_inc_tax":0},"be":{"price":0,"sale_price":0,"active":false,"url":null,"parent_url":"","tax_rate":0,"price_inc_tax":0,"sale_price_inc_tax":0},"fr":{"price":0,"sale_price":0,"active":false,"url":null,"parent_url":"","tax_rate":0,"price_inc_tax":0,"sale_price_inc_tax":0},"ch":{"price":0,"sale_price":0,"active":false,"url":null,"parent_url":"","tax_rate":0,"price_inc_tax":0,"sale_price_inc_tax":0},"at":{"price":0,"sale_price":0,"active":false,"url":null,"parent_url":"","tax_rate":0,"price_inc_tax":0,"sale_price_inc_tax":0},"es":{"price":0,"sale_price":0,"active":false,"url":null,"parent_url":"","tax_rate":0,"price_inc_tax":0,"sale_price_inc_tax":0},"dk":{"price":0,"sale_price":0,"active":false,"url":null,"parent_url":"","tax_rate":0,"price_inc_tax":0,"sale_price_inc_tax":0},"com":{"price":0,"sale_price":0,"active":false,"url":null,"parent_url":"","tax_rate":0,"price_inc_tax":0,"sale_price_inc_tax":0}},"market_nl_price":0,"market_nl_sale_price":0,"market_nl_active":false,"market_nl_url":null,"market_nl_parent_url":"","market_nl_tax_rate":0,"market_nl_price_inc_tax":0,"market_nl_sale_price_inc_tax":0,"market_de_price":0,"market_de_sale_price":0,"market_de_active":false,"market_de_url":null,"market_de_parent_url":"","market_de_tax_rate":0,"market_de_price_inc_tax":0,"market_de_sale_price_inc_tax":0,"market_be_price":0,"market_be_sale_price":0,"market_be_active":false,"market_be_url":null,"market_be_parent_url":"","market_be_tax_rate":0,"market_be_price_inc_tax":0,"market_be_sale_price_inc_tax":0,"market_fr_price":0,"market_fr_sale_price":0,"market_fr_active":false,"market_fr_url":null,"market_fr_parent_url":"","market_fr_tax_rate":0,"market_fr_price_inc_tax":0,"market_fr_sale_price_inc_tax":0,"market_ch_price":0,"market_ch_sale_price":0,"market_ch_active":false,"market_ch_url":null,"market_ch_parent_url":"","market_ch_tax_rate":0,"market_ch_price_inc_tax":0,"market_ch_sale_price_inc_tax":0,"market_at_price":0,"market_at_sale_price":0,"market_at_active":false,"market_at_url":null,"market_at_parent_url":"","market_at_tax_rate":0,"market_at_price_inc_tax":0,"market_at_sale_price_inc_tax":0,"market_es_price":0,"market_es_sale_price":0,"market_es_active":false,"market_es_url":null,"market_es_parent_url":"","market_es_tax_rate":0,"market_es_price_inc_tax":0,"market_es_sale_price_inc_tax":0,"market_dk_price":0,"market_dk_sale_price":0,"market_dk_active":false,"market_dk_url":null,"market_dk_parent_url":"","market_dk_tax_rate":0,"market_dk_price_inc_tax":0,"market_dk_sale_price_inc_tax":0,"market_com_price":0,"market_com_sale_price":0,"market_com_active":false,"market_com_url":null,"market_com_parent_url":"","market_com_tax_rate":0,"market_com_price_inc_tax":0,"market_com_sale_price_inc_tax":0,"acf":[],"_links":{"self":[{"href":"https:\/\/www.pharmacy4pets.nl\/be\/wp-json\/wp\/v2\/product\/120071","targetHints":{"allow":["GET"]}}],"collection":[{"href":"https:\/\/www.pharmacy4pets.nl\/be\/wp-json\/wp\/v2\/product"}],"about":[{"href":"https:\/\/www.pharmacy4pets.nl\/be\/wp-json\/wp\/v2\/types\/product"}],"replies":[{"embeddable":true,"href":"https:\/\/www.pharmacy4pets.nl\/be\/wp-json\/wp\/v2\/comments?post=120071"}],"wp:featuredmedia":[{"embeddable":true,"href":"https:\/\/www.pharmacy4pets.nl\/be\/wp-json\/wp\/v2\/media\/120070"}],"wp:attachment":[{"href":"https:\/\/www.pharmacy4pets.nl\/be\/wp-json\/wp\/v2\/media?parent=120071"}],"wp:term":[{"taxonomy":"product_brand","embeddable":true,"href":"https:\/\/www.pharmacy4pets.nl\/be\/wp-json\/wp\/v2\/product_brand?post=120071"},{"taxonomy":"product_cat","embeddable":true,"href":"https:\/\/www.pharmacy4pets.nl\/be\/wp-json\/wp\/v2\/product_cat?post=120071"},{"taxonomy":"product_tag","embeddable":true,"href":"https:\/\/www.pharmacy4pets.nl\/be\/wp-json\/wp\/v2\/product_tag?post=120071"}],"curies":[{"name":"wp","href":"https:\/\/api.w.org\/{rel}","templated":true}]}}