{"id":120069,"date":"2023-03-10T12:18:17","date_gmt":"2023-03-10T12:18:17","guid":{"rendered":"https:\/\/p4p.test\/puur-spondy-hond-kat-50-ml"},"modified":"2026-04-14T08:05:06","modified_gmt":"2026-04-14T08:05:06","slug":"puur-spondy-hond-kat-50-ml","status":"publish","type":"product","link":"https:\/\/www.pharmacy4pets.nl\/be\/puur-spondy-hond-kat-50-ml","title":{"rendered":"PUUR Spondy | Hond\/Kat | 50 ml"},"content":{"rendered":"<p>Puur Spondy is een aanvullend diervoerder voor honden en katten dat bijdraagt aan een soepele beweging en gezonde rug.<\/p>\n<p>Aanbevolen hoeveelheid 1-2 keer per dag:<\/p>\n<ul>\n<li>Hond 10 &#8211; 15 druppels\u00a0\u00a0 \u00a0<\/li>\n<li>Kat 5 &#8211; 10\u00a0druppels \u00a0\u00a0 \u00a0<\/li>\n<\/ul>\n<p>20 druppels is circa 1 ml. Voorgeschreven hoeveelheid niet overschrijden tenzij uw dierenarts anders voorschrijft.<\/p>\n<p>Geef dit product met een plastic spuitje rechtstreeks in de mond of bek, eventueel verdund met een beetje water. Bij voorkeur niet tegelijkertijd met een maaltijd omdat het product beter werkt als het wordt opgenomen door het schone mondslijmvlies. Indien het dier dit product niet lekker vindt, kunnen de druppels op een klein stukje lekkers worden gegeven. Indien de kat de druppels niet accepteert, doe de druppels op een warm lepeltje en laat de alcohol uit het product verdampen. Geef het daarna verdund met\u00a0 wat water of melk met een spuitje rechtstreeks in de bek. Ook kunnen de druppels worden aangebracht op de bovenkant van het pootje, controleer wel of de kat de druppels van het pootje aflikt.\u00a0<\/p>\n","protected":false},"excerpt":{"rendered":"<p>Puur Spondy is een aanvullend diervoerder voor honden en katten dat bijdraagt aan een soepele beweging en gezonde rug. Aanbevolen hoeveelheid 1-2 keer per dag: Hond 10 &#8211; 15 druppels\u00a0\u00a0 \u00a0 Kat 5 &#8211; 10\u00a0druppels \u00a0\u00a0 \u00a0 20 druppels is circa 1 ml. Voorgeschreven hoeveelheid niet overschrijden tenzij uw dierenarts anders voorschrijft. Geef dit product [&hellip;]<\/p>\n","protected":false},"featured_media":120068,"comment_status":"open","ping_status":"closed","template":"","meta":{"_acf_changed":false,"_nl_post_content":"<p>Puur Spondy is een aanvullend diervoerder voor honden en katten dat bijdraagt aan een soepele beweging en gezonde rug.<\/p>\n<p>Aanbevolen hoeveelheid 1-2 keer per dag:<\/p>\n<ul>\n<li>Hond 10 - 15 druppels\u00a0\u00a0 \u00a0<\/li>\n<li>Kat 5 - 10\u00a0druppels \u00a0\u00a0 \u00a0<\/li>\n<\/ul>\n<p>20 druppels is circa 1 ml. Voorgeschreven hoeveelheid niet overschrijden tenzij uw dierenarts anders voorschrijft.<\/p>\n<p>Geef dit product met een plastic spuitje rechtstreeks in de mond of bek, eventueel verdund met een beetje water. Bij voorkeur niet tegelijkertijd met een maaltijd omdat het product beter werkt als het wordt opgenomen door het schone mondslijmvlies. Indien het dier dit product niet lekker vindt, kunnen de druppels op een klein stukje lekkers worden gegeven. Indien de kat de druppels niet accepteert, doe de druppels op een warm lepeltje en laat de alcohol uit het product verdampen. Geef het daarna verdund met\u00a0 wat water of melk met een spuitje rechtstreeks in de bek. Ook kunnen de druppels worden aangebracht op de bovenkant van het pootje, controleer wel of de kat de druppels van het pootje aflikt.\u00a0<\/p>","_nl_post_name":"puur-spondy-hond-kat-50-ml","_nl_post_excerpt":"","_nl_post_title":"PUUR Spondy | Hond\/Kat | 50 ml","_en_post_content":"<p>Puur Spondy is a supplementary feed for dogs and cats that contributes to smooth movement and a healthy back.<\/p>\n<p>Recommended amount 1-2 times a day:<br \/>\u2022 Dog 10 - 15 drops<br \/>\u2022 Cat 5 - 10 drops<\/p>\n<p>20 drops is approximately 1 ml. Do not exceed prescribed amount unless your vet prescribes otherwise.<\/p>\n<p>Give this product directly into the mouth or mouth with a plastic syringe, possibly diluted with a little water. Preferably not at the same time as a meal because the product works better when it is absorbed by the clean oral mucosa. If the animal does not like this product, the drops can be given on a small piece of treat. If the cat does not accept the drops, put the drops on a warm spoon and let the alcohol evaporate from the product. Then give it diluted with some water or milk with a syringe directly into the mouth. The drops can also be applied to the top of the paw, but check whether the cat licks the drops off the paw.<\/p>","_en_post_name":"puur-spondy-dog-cat-50-ml","_en_post_excerpt":"","_en_post_title":"PUUR Spondy | Dog\/Cat | 50 ml","_de_post_content":"<p>Puur Spondy ist ein Erg\u00e4nzungsfuttermittel f\u00fcr Hunde und Katzen, das zu reibungslosen Bewegungen und einem gesunden R\u00fccken beitr\u00e4gt.<\/p>\n<p>Empfohlene Menge 1-2 mal t\u00e4glich:<br \/>\u2022 Hund 10 \u2013 15 Tropfen<br \/>\u2022 Katze 5 \u2013 10 Tropfen<\/p>\n<p>20 Tropfen entsprechen etwa 1 ml. \u00dcberschreiten Sie nicht die vorgeschriebene Menge, es sei denn, Ihr Tierarzt verordnet etwas anderes.<\/p>\n<p>Geben Sie dieses Produkt mit einer Plastikspritze, eventuell verd\u00fcnnt mit etwas Wasser, direkt in den Mund bzw. Mund. Vorzugsweise nicht gleichzeitig mit einer Mahlzeit, da das Produkt besser wirkt, wenn es von der sauberen Mundschleimhaut aufgenommen wird. Wenn das Tier dieses Produkt nicht mag, k\u00f6nnen die Tropfen auf ein kleines St\u00fcck Leckerli gegeben werden. Wenn die Katze die Tropfen nicht annimmt, geben Sie die Tropfen auf einen warmen L\u00f6ffel und lassen Sie den Alkohol aus dem Produkt verdunsten. Anschlie\u00dfend mit etwas Wasser oder Milch verd\u00fcnnt mit einer Spritze direkt in den Mund verabreichen. Die Tropfen k\u00f6nnen auch auf die Oberseite der Pfote aufgetragen werden. Achten Sie jedoch darauf, dass die Katze die Tropfen von der Pfote leckt.<\/p>","_de_post_name":"puur-spondy-hund-katze-50-ml","_de_post_excerpt":"","_de_post_title":"PUUR Spondy | Hund\/Katze | 50 ml","_fr_post_content":"<p>Puur Spondy est un aliment compl\u00e9mentaire pour chiens et chats qui contribue \u00e0 des mouvements fluides et \u00e0 un dos sain.<\/p>\n<p>Quantit\u00e9 recommand\u00e9e 1 \u00e0 2 fois par jour\u00a0:<br \/>\u2022 Chien 10 \u00e0 15 gouttes<br \/>\u2022 Chat 5 \u00e0 10 gouttes<\/p>\n<p>20 gouttes correspondent \u00e0 environ 1 ml. Ne d\u00e9passez pas la quantit\u00e9 prescrite, sauf indication contraire de votre v\u00e9t\u00e9rinaire.<\/p>\n<p>Donner ce produit directement dans la bouche ou dans la bouche \u00e0 l'aide d'une seringue en plastique, \u00e9ventuellement dilu\u00e9e avec un peu d'eau. De pr\u00e9f\u00e9rence pas au m\u00eame moment qu'un repas car le produit agit mieux lorsqu'il est absorb\u00e9 par la muqueuse buccale propre. Si l'animal n'appr\u00e9cie pas ce produit, les gouttes peuvent \u00eatre administr\u00e9es sur un petit morceau de friandise. Si le chat n'accepte pas les gouttes, mettez les gouttes sur une cuill\u00e8re chaude et laissez l'alcool s'\u00e9vaporer du produit. Donnez-le ensuite dilu\u00e9 avec un peu d'eau ou de lait avec une seringue directement dans la bouche. Les gouttes peuvent \u00e9galement \u00eatre appliqu\u00e9es sur le dessus de la patte, mais v\u00e9rifiez si le chat l\u00e8che les gouttes sur la patte.<\/p>","_fr_post_name":"puur-spondy-chien-chat-50-ml","_fr_post_excerpt":"","_fr_post_title":"PUUR Spondy | Chien\/Chat | 50 ml","_es_post_content":"<p>Puur Spondy es un pienso complementario para perros y gatos que contribuye a un movimiento suave y a una espalda sana.<\/p>\n<p>Cantidad recomendada 1-2 veces al d\u00eda:<br \/>\u2022 Perro 10 - 15 gotas<br \/>\u2022 Gato 5 - 10 gotas<\/p>\n<p>20 gotas son aproximadamente 1 ml. No exceda la cantidad prescrita a menos que su veterinario le indique lo contrario.<\/p>\n<p>Administre este producto directamente en la boca o en la boca con una jeringa de pl\u00e1stico, posiblemente diluido con un poco de agua. Preferiblemente no al mismo tiempo que una comida porque el producto act\u00faa mejor cuando se absorbe por la mucosa bucal limpia. Si al animal no le gusta este producto, se pueden dar las gotas en un peque\u00f1o trozo de golosina. Si el gato no acepta las gotas, poner las gotas en una cuchara tibia y dejar que el alcohol se evapore del producto. Luego d\u00e9jelo diluido con un poco de agua o leche con una jeringa directamente en la boca. Las gotas tambi\u00e9n se pueden aplicar en la parte superior de la pata, pero compruebe si el gato lame las gotas de la pata.<\/p>","_es_post_name":"puur-spondy-perro-gato-50-ml","_es_post_excerpt":"","_es_post_title":"PUUR Spondy | Perro\/Gato | 50 ml","edit_language":"nl"},"product_brand":[],"product_cat":[1874,1843,1117,1118,1871,1839,1857,1950],"product_tag":[],"class_list":{"0":"post-120069","1":"product","2":"type-product","3":"status-publish","4":"has-post-thumbnail","6":"product_cat-gewrichten","8":"product_cat-honden","9":"product_cat-katten","10":"product_cat-medicijnen-supplementen","12":"product_cat-merken","13":"product_cat-puur","14":"pa_aandoening-overig","15":"pa_doeldier-hond","16":"pa_doeldier-kat","17":"pa_fabricatieland-belgie","18":"pa_merkfilter-puur","19":"pa_merkgroep-nml","20":"pa_productsoort-voedingssupplement","21":"pa_toedieningswijze-overig","22":"pa_unit_pricing_base_measure-10ml","23":"pa_unit_pricing_measure-50ml","24":"pa_werkzamestof-overig","26":"first","27":"instock","28":"taxable","29":"shipping-taxable","30":"purchasable","31":"product-type-simple"},"yoast_head":"<!-- This site is optimized with the Yoast SEO plugin v27.5 - https:\/\/yoast.com\/product\/yoast-seo-wordpress\/ -->\n<title>PUUR Spondy | Hond\/Kat | 50 ml - Pharmacy4pets<\/title>\n<meta name=\"robots\" content=\"index, follow, max-snippet:-1, max-image-preview:large, max-video-preview:-1\" \/>\n<link rel=\"canonical\" href=\"https:\/\/www.pharmacy4pets.nl\/puur-spondy-hond-kat-50-ml\" \/>\n<meta property=\"og:locale\" content=\"nl_NL\" \/>\n<meta property=\"og:type\" content=\"article\" \/>\n<meta property=\"og:title\" content=\"PUUR Spondy | Hond\/Kat | 50 ml - Pharmacy4pets\" \/>\n<meta property=\"og:description\" content=\"Puur Spondy is een aanvullend diervoerder voor honden en katten dat bijdraagt aan een soepele beweging en gezonde rug. Aanbevolen hoeveelheid 1-2 keer per dag: Hond 10 &#8211; 15 druppels\u00a0\u00a0 \u00a0 Kat 5 &#8211; 10\u00a0druppels \u00a0\u00a0 \u00a0 20 druppels is circa 1 ml. Voorgeschreven hoeveelheid niet overschrijden tenzij uw dierenarts anders voorschrijft. Geef dit product [&hellip;]\" \/>\n<meta property=\"og:url\" content=\"https:\/\/www.pharmacy4pets.nl\/puur-spondy-hond-kat-50-ml\" \/>\n<meta property=\"og:site_name\" content=\"Pharmacy4pets\" \/>\n<meta property=\"article:publisher\" content=\"https:\/\/www.facebook.com\/people\/Pharmacy4petsnl\/100063484989896\/\" \/>\n<meta property=\"article:modified_time\" content=\"2026-04-14T08:05:06+00:00\" \/>\n<meta property=\"og:image\" content=\"https:\/\/www.pharmacy4pets.nl\/wp-content\/uploads\/2023\/03\/19770.jpg\" \/>\n\t<meta property=\"og:image:width\" content=\"600\" \/>\n\t<meta property=\"og:image:height\" content=\"600\" \/>\n\t<meta property=\"og:image:type\" content=\"image\/jpeg\" \/>\n<meta name=\"twitter:card\" content=\"summary_large_image\" \/>\n<meta name=\"twitter:label1\" content=\"Geschatte leestijd\" \/>\n\t<meta name=\"twitter:data1\" content=\"1 minuut\" \/>\n<script type=\"application\/ld+json\" class=\"yoast-schema-graph\">{\"@context\":\"https:\\\/\\\/schema.org\",\"@graph\":[{\"@type\":\"WebPage\",\"@id\":\"https:\\\/\\\/www.pharmacy4pets.nl\\\/puur-spondy-hond-kat-50-ml\",\"url\":\"https:\\\/\\\/www.pharmacy4pets.nl\\\/puur-spondy-hond-kat-50-ml\",\"name\":\"PUUR Spondy | Hond\\\/Kat | 50 ml - Pharmacy4pets\",\"isPartOf\":{\"@id\":\"http:\\\/\\\/www.pharmacy4pets.nl\\\/#website\"},\"primaryImageOfPage\":{\"@id\":\"https:\\\/\\\/www.pharmacy4pets.nl\\\/puur-spondy-hond-kat-50-ml#primaryimage\"},\"image\":{\"@id\":\"https:\\\/\\\/www.pharmacy4pets.nl\\\/puur-spondy-hond-kat-50-ml#primaryimage\"},\"thumbnailUrl\":\"https:\\\/\\\/www.pharmacy4pets.nl\\\/wp-content\\\/uploads\\\/2023\\\/03\\\/19770.jpg\",\"datePublished\":\"2023-03-10T12:18:17+00:00\",\"dateModified\":\"2026-04-14T08:05:06+00:00\",\"breadcrumb\":{\"@id\":\"https:\\\/\\\/www.pharmacy4pets.nl\\\/puur-spondy-hond-kat-50-ml#breadcrumb\"},\"inLanguage\":\"nl-NL\",\"potentialAction\":[{\"@type\":\"ReadAction\",\"target\":[\"https:\\\/\\\/www.pharmacy4pets.nl\\\/puur-spondy-hond-kat-50-ml\"]}]},{\"@type\":\"ImageObject\",\"inLanguage\":\"nl-NL\",\"@id\":\"https:\\\/\\\/www.pharmacy4pets.nl\\\/puur-spondy-hond-kat-50-ml#primaryimage\",\"url\":\"https:\\\/\\\/www.pharmacy4pets.nl\\\/wp-content\\\/uploads\\\/2023\\\/03\\\/19770.jpg\",\"contentUrl\":\"https:\\\/\\\/www.pharmacy4pets.nl\\\/wp-content\\\/uploads\\\/2023\\\/03\\\/19770.jpg\",\"width\":600,\"height\":600,\"caption\":\"PUUR Spondy | Hond\\\/Kat | 50 ml-0\"},{\"@type\":\"BreadcrumbList\",\"@id\":\"https:\\\/\\\/www.pharmacy4pets.nl\\\/puur-spondy-hond-kat-50-ml#breadcrumb\",\"itemListElement\":[{\"@type\":\"ListItem\",\"position\":1,\"name\":\"Home\",\"item\":\"https:\\\/\\\/p4p-nl.bootmine.com\\\/\"},{\"@type\":\"ListItem\",\"position\":2,\"name\":\"Winkel\",\"item\":\"https:\\\/\\\/p4p-nl.bootmine.com\\\/winkel\"},{\"@type\":\"ListItem\",\"position\":3,\"name\":\"PUUR Spondy | Hond\\\/Kat | 50 ml\"}]},{\"@type\":\"WebSite\",\"@id\":\"http:\\\/\\\/www.pharmacy4pets.nl\\\/#website\",\"url\":\"http:\\\/\\\/www.pharmacy4pets.nl\\\/\",\"name\":\"Pharmacy4pets\",\"description\":\"Pharmacy4pets.nl is d\u00e9 online apotheek waar u terecht kunt voor alle diergeneesmiddelen, verzorgingsproducten en dieetvoeding voor uw huisdier.\",\"publisher\":{\"@id\":\"http:\\\/\\\/www.pharmacy4pets.nl\\\/#organization\"},\"potentialAction\":[{\"@type\":\"SearchAction\",\"target\":{\"@type\":\"EntryPoint\",\"urlTemplate\":\"http:\\\/\\\/www.pharmacy4pets.nl\\\/?s={search_term_string}\"},\"query-input\":{\"@type\":\"PropertyValueSpecification\",\"valueRequired\":true,\"valueName\":\"search_term_string\"}}],\"inLanguage\":\"nl-NL\"},{\"@type\":\"Organization\",\"@id\":\"http:\\\/\\\/www.pharmacy4pets.nl\\\/#organization\",\"name\":\"Pharmacy4pets\",\"url\":\"http:\\\/\\\/www.pharmacy4pets.nl\\\/\",\"logo\":{\"@type\":\"ImageObject\",\"inLanguage\":\"nl-NL\",\"@id\":\"http:\\\/\\\/www.pharmacy4pets.nl\\\/#\\\/schema\\\/logo\\\/image\\\/\",\"url\":\"https:\\\/\\\/p4p-nl.bootmine.com\\\/wp-content\\\/uploads\\\/2026\\\/03\\\/logo-pharmacy4pets.png\",\"contentUrl\":\"https:\\\/\\\/p4p-nl.bootmine.com\\\/wp-content\\\/uploads\\\/2026\\\/03\\\/logo-pharmacy4pets.png\",\"width\":1024,\"height\":135,\"caption\":\"Pharmacy4pets\"},\"image\":{\"@id\":\"http:\\\/\\\/www.pharmacy4pets.nl\\\/#\\\/schema\\\/logo\\\/image\\\/\"},\"sameAs\":[\"https:\\\/\\\/www.facebook.com\\\/people\\\/Pharmacy4petsnl\\\/100063484989896\\\/\",\"https:\\\/\\\/www.youtube.com\\\/channel\\\/UCGPTIgucgli03tP2_kvLkHg\\\/featured\",\"https:\\\/\\\/www.instagram.com\\\/pharmacy4pets.nl\"]}]}<\/script>\n<!-- \/ Yoast SEO plugin. -->","yoast_head_json":{"title":"PUUR Spondy | Hond\/Kat | 50 ml - Pharmacy4pets","robots":{"index":"index","follow":"follow","max-snippet":"max-snippet:-1","max-image-preview":"max-image-preview:large","max-video-preview":"max-video-preview:-1"},"canonical":"https:\/\/www.pharmacy4pets.nl\/puur-spondy-hond-kat-50-ml","og_locale":"nl_NL","og_type":"article","og_title":"PUUR Spondy | Hond\/Kat | 50 ml - Pharmacy4pets","og_description":"Puur Spondy is een aanvullend diervoerder voor honden en katten dat bijdraagt aan een soepele beweging en gezonde rug. Aanbevolen hoeveelheid 1-2 keer per dag: Hond 10 &#8211; 15 druppels\u00a0\u00a0 \u00a0 Kat 5 &#8211; 10\u00a0druppels \u00a0\u00a0 \u00a0 20 druppels is circa 1 ml. Voorgeschreven hoeveelheid niet overschrijden tenzij uw dierenarts anders voorschrijft. Geef dit product [&hellip;]","og_url":"https:\/\/www.pharmacy4pets.nl\/puur-spondy-hond-kat-50-ml","og_site_name":"Pharmacy4pets","article_publisher":"https:\/\/www.facebook.com\/people\/Pharmacy4petsnl\/100063484989896\/","article_modified_time":"2026-04-14T08:05:06+00:00","og_image":[{"width":600,"height":600,"url":"https:\/\/www.pharmacy4pets.nl\/wp-content\/uploads\/2023\/03\/19770.jpg","type":"image\/jpeg"}],"twitter_card":"summary_large_image","twitter_misc":{"Geschatte leestijd":"1 minuut"},"schema":{"@context":"https:\/\/schema.org","@graph":[{"@type":"WebPage","@id":"https:\/\/www.pharmacy4pets.nl\/puur-spondy-hond-kat-50-ml","url":"https:\/\/www.pharmacy4pets.nl\/puur-spondy-hond-kat-50-ml","name":"PUUR Spondy | Hond\/Kat | 50 ml - Pharmacy4pets","isPartOf":{"@id":"http:\/\/www.pharmacy4pets.nl\/#website"},"primaryImageOfPage":{"@id":"https:\/\/www.pharmacy4pets.nl\/puur-spondy-hond-kat-50-ml#primaryimage"},"image":{"@id":"https:\/\/www.pharmacy4pets.nl\/puur-spondy-hond-kat-50-ml#primaryimage"},"thumbnailUrl":"https:\/\/www.pharmacy4pets.nl\/wp-content\/uploads\/2023\/03\/19770.jpg","datePublished":"2023-03-10T12:18:17+00:00","dateModified":"2026-04-14T08:05:06+00:00","breadcrumb":{"@id":"https:\/\/www.pharmacy4pets.nl\/puur-spondy-hond-kat-50-ml#breadcrumb"},"inLanguage":"nl-NL","potentialAction":[{"@type":"ReadAction","target":["https:\/\/www.pharmacy4pets.nl\/puur-spondy-hond-kat-50-ml"]}]},{"@type":"ImageObject","inLanguage":"nl-NL","@id":"https:\/\/www.pharmacy4pets.nl\/puur-spondy-hond-kat-50-ml#primaryimage","url":"https:\/\/www.pharmacy4pets.nl\/wp-content\/uploads\/2023\/03\/19770.jpg","contentUrl":"https:\/\/www.pharmacy4pets.nl\/wp-content\/uploads\/2023\/03\/19770.jpg","width":600,"height":600,"caption":"PUUR Spondy | Hond\/Kat | 50 ml-0"},{"@type":"BreadcrumbList","@id":"https:\/\/www.pharmacy4pets.nl\/puur-spondy-hond-kat-50-ml#breadcrumb","itemListElement":[{"@type":"ListItem","position":1,"name":"Home","item":"https:\/\/p4p-nl.bootmine.com\/"},{"@type":"ListItem","position":2,"name":"Winkel","item":"https:\/\/p4p-nl.bootmine.com\/winkel"},{"@type":"ListItem","position":3,"name":"PUUR Spondy | Hond\/Kat | 50 ml"}]},{"@type":"WebSite","@id":"http:\/\/www.pharmacy4pets.nl\/#website","url":"http:\/\/www.pharmacy4pets.nl\/","name":"Pharmacy4pets","description":"Pharmacy4pets.nl is d\u00e9 online apotheek waar u terecht kunt voor alle diergeneesmiddelen, verzorgingsproducten en dieetvoeding voor uw huisdier.","publisher":{"@id":"http:\/\/www.pharmacy4pets.nl\/#organization"},"potentialAction":[{"@type":"SearchAction","target":{"@type":"EntryPoint","urlTemplate":"http:\/\/www.pharmacy4pets.nl\/?s={search_term_string}"},"query-input":{"@type":"PropertyValueSpecification","valueRequired":true,"valueName":"search_term_string"}}],"inLanguage":"nl-NL"},{"@type":"Organization","@id":"http:\/\/www.pharmacy4pets.nl\/#organization","name":"Pharmacy4pets","url":"http:\/\/www.pharmacy4pets.nl\/","logo":{"@type":"ImageObject","inLanguage":"nl-NL","@id":"http:\/\/www.pharmacy4pets.nl\/#\/schema\/logo\/image\/","url":"https:\/\/p4p-nl.bootmine.com\/wp-content\/uploads\/2026\/03\/logo-pharmacy4pets.png","contentUrl":"https:\/\/p4p-nl.bootmine.com\/wp-content\/uploads\/2026\/03\/logo-pharmacy4pets.png","width":1024,"height":135,"caption":"Pharmacy4pets"},"image":{"@id":"http:\/\/www.pharmacy4pets.nl\/#\/schema\/logo\/image\/"},"sameAs":["https:\/\/www.facebook.com\/people\/Pharmacy4petsnl\/100063484989896\/","https:\/\/www.youtube.com\/channel\/UCGPTIgucgli03tP2_kvLkHg\/featured","https:\/\/www.instagram.com\/pharmacy4pets.nl"]}]}},"market_data":{"nl":{"price":0,"sale_price":0,"active":false,"url":null,"parent_url":"","tax_rate":0,"price_inc_tax":0,"sale_price_inc_tax":0},"de":{"price":0,"sale_price":0,"active":false,"url":null,"parent_url":"","tax_rate":0,"price_inc_tax":0,"sale_price_inc_tax":0},"be":{"price":0,"sale_price":0,"active":false,"url":null,"parent_url":"","tax_rate":0,"price_inc_tax":0,"sale_price_inc_tax":0},"fr":{"price":0,"sale_price":0,"active":false,"url":null,"parent_url":"","tax_rate":0,"price_inc_tax":0,"sale_price_inc_tax":0},"ch":{"price":0,"sale_price":0,"active":false,"url":null,"parent_url":"","tax_rate":0,"price_inc_tax":0,"sale_price_inc_tax":0},"at":{"price":0,"sale_price":0,"active":false,"url":null,"parent_url":"","tax_rate":0,"price_inc_tax":0,"sale_price_inc_tax":0},"es":{"price":0,"sale_price":0,"active":false,"url":null,"parent_url":"","tax_rate":0,"price_inc_tax":0,"sale_price_inc_tax":0},"dk":{"price":0,"sale_price":0,"active":false,"url":null,"parent_url":"","tax_rate":0,"price_inc_tax":0,"sale_price_inc_tax":0},"com":{"price":0,"sale_price":0,"active":false,"url":null,"parent_url":"","tax_rate":0,"price_inc_tax":0,"sale_price_inc_tax":0}},"market_nl_price":0,"market_nl_sale_price":0,"market_nl_active":false,"market_nl_url":null,"market_nl_parent_url":"","market_nl_tax_rate":0,"market_nl_price_inc_tax":0,"market_nl_sale_price_inc_tax":0,"market_de_price":0,"market_de_sale_price":0,"market_de_active":false,"market_de_url":null,"market_de_parent_url":"","market_de_tax_rate":0,"market_de_price_inc_tax":0,"market_de_sale_price_inc_tax":0,"market_be_price":0,"market_be_sale_price":0,"market_be_active":false,"market_be_url":null,"market_be_parent_url":"","market_be_tax_rate":0,"market_be_price_inc_tax":0,"market_be_sale_price_inc_tax":0,"market_fr_price":0,"market_fr_sale_price":0,"market_fr_active":false,"market_fr_url":null,"market_fr_parent_url":"","market_fr_tax_rate":0,"market_fr_price_inc_tax":0,"market_fr_sale_price_inc_tax":0,"market_ch_price":0,"market_ch_sale_price":0,"market_ch_active":false,"market_ch_url":null,"market_ch_parent_url":"","market_ch_tax_rate":0,"market_ch_price_inc_tax":0,"market_ch_sale_price_inc_tax":0,"market_at_price":0,"market_at_sale_price":0,"market_at_active":false,"market_at_url":null,"market_at_parent_url":"","market_at_tax_rate":0,"market_at_price_inc_tax":0,"market_at_sale_price_inc_tax":0,"market_es_price":0,"market_es_sale_price":0,"market_es_active":false,"market_es_url":null,"market_es_parent_url":"","market_es_tax_rate":0,"market_es_price_inc_tax":0,"market_es_sale_price_inc_tax":0,"market_dk_price":0,"market_dk_sale_price":0,"market_dk_active":false,"market_dk_url":null,"market_dk_parent_url":"","market_dk_tax_rate":0,"market_dk_price_inc_tax":0,"market_dk_sale_price_inc_tax":0,"market_com_price":0,"market_com_sale_price":0,"market_com_active":false,"market_com_url":null,"market_com_parent_url":"","market_com_tax_rate":0,"market_com_price_inc_tax":0,"market_com_sale_price_inc_tax":0,"acf":[],"_links":{"self":[{"href":"https:\/\/www.pharmacy4pets.nl\/be\/wp-json\/wp\/v2\/product\/120069","targetHints":{"allow":["GET"]}}],"collection":[{"href":"https:\/\/www.pharmacy4pets.nl\/be\/wp-json\/wp\/v2\/product"}],"about":[{"href":"https:\/\/www.pharmacy4pets.nl\/be\/wp-json\/wp\/v2\/types\/product"}],"replies":[{"embeddable":true,"href":"https:\/\/www.pharmacy4pets.nl\/be\/wp-json\/wp\/v2\/comments?post=120069"}],"wp:featuredmedia":[{"embeddable":true,"href":"https:\/\/www.pharmacy4pets.nl\/be\/wp-json\/wp\/v2\/media\/120068"}],"wp:attachment":[{"href":"https:\/\/www.pharmacy4pets.nl\/be\/wp-json\/wp\/v2\/media?parent=120069"}],"wp:term":[{"taxonomy":"product_brand","embeddable":true,"href":"https:\/\/www.pharmacy4pets.nl\/be\/wp-json\/wp\/v2\/product_brand?post=120069"},{"taxonomy":"product_cat","embeddable":true,"href":"https:\/\/www.pharmacy4pets.nl\/be\/wp-json\/wp\/v2\/product_cat?post=120069"},{"taxonomy":"product_tag","embeddable":true,"href":"https:\/\/www.pharmacy4pets.nl\/be\/wp-json\/wp\/v2\/product_tag?post=120069"}],"curies":[{"name":"wp","href":"https:\/\/api.w.org\/{rel}","templated":true}]}}