{"id":120060,"date":"2023-03-10T12:18:16","date_gmt":"2023-03-10T12:18:16","guid":{"rendered":"https:\/\/p4p.test\/puur-pollen-50-ml"},"modified":"2026-04-14T08:05:04","modified_gmt":"2026-04-14T08:05:04","slug":"puur-pollen-50-ml","status":"publish","type":"product","link":"https:\/\/www.pharmacy4pets.nl\/be\/puur-pollen-50-ml","title":{"rendered":"PUUR Pollen | 50 ml"},"content":{"rendered":"<p>Puur Pollen is een natuurproduct voor paarden, honden en katten dat de slijmvliezen ondersteunt als bomen en grassen weer gaan bloeien.<\/p>\n<p>Aanbevolen hoeveelheid de eerste week, \u00e9\u00e9n keer per dag:<\/p>\n<ul>\n<li>Paard 15\u00a0&#8211; 20\u00a0druppels\u00a0\u00a0 \u00a0<\/li>\n<li>Hond 10 &#8211; 15 druppels\u00a0\u00a0 \u00a0<\/li>\n<li>Kat 5\u00a0druppels \u00a0\u00a0 \u00a0<\/li>\n<\/ul>\n<p>20 druppels is circa 1 ml\u00a0(1 ml = 20 druppels).<\/p>\n<p>Vervolgens 1 week om de dag een dosering, daarna afbouwen naar 1 x per 3 \u00e0 5 dagen een dosis gedurende het pollenseizoen. Geef PUUR Pollen minimaal gedurende 1 seizoen. Indien nodig 2 seizoenen. Voorgeschreven hoeveelheid niet overschrijden tenzij uw dierenarts anders voorschrijft.<\/p>\n<p>Bij een aantal verdunningen en extracten kan bij de start van de behandeling een kortdurende verergering plaatsvinden. Dit betekent dat het dier reageert op het product. Bij ernstige toename dosering halveren of tijdelijk stoppen en daarna weer rustig opbouwen.<\/p>\n<p>Geef dit product met een plastic spuitje rechtstreeks in de mond of bek, eventueel verdund met een beetje water. Bij voorkeur niet tegelijkertijd met een maaltijd omdat het product beter werkt als het wordt opgenomen door het schone mondslijmvlies. Indien een dier het product niet lekker vindt, kunnen de druppels op een klein stukje lekkers worden gegeven.<\/p>\n<p>Indien de kat de druppels niet accepteert, doe de druppels op een warm lepeltje en laat de alcohol uit het product verdampen. Geef het daarna verdund met wat water of melk met een spuitje rechtstreeks in de bek. Ook kunnen de druppels worden aangebracht op de bovenkant van het pootje, controleer wel of de kat de druppels van het pootje aflikt.<\/p>\n","protected":false},"excerpt":{"rendered":"<p>Puur Pollen is een natuurproduct voor paarden, honden en katten dat de slijmvliezen ondersteunt als bomen en grassen weer gaan bloeien. Aanbevolen hoeveelheid de eerste week, \u00e9\u00e9n keer per dag: Paard 15\u00a0&#8211; 20\u00a0druppels\u00a0\u00a0 \u00a0 Hond 10 &#8211; 15 druppels\u00a0\u00a0 \u00a0 Kat 5\u00a0druppels \u00a0\u00a0 \u00a0 20 druppels is circa 1 ml\u00a0(1 ml = 20 druppels). Vervolgens [&hellip;]<\/p>\n","protected":false},"featured_media":120059,"comment_status":"open","ping_status":"closed","template":"","meta":{"_acf_changed":false,"_nl_post_content":"<p>Puur Pollen is een natuurproduct voor paarden, honden en katten dat de slijmvliezen ondersteunt als bomen en grassen weer gaan bloeien.<\/p>\r\n<p>Aanbevolen hoeveelheid de eerste week, \u00e9\u00e9n keer per dag:<\/p>\r\n<ul>\r\n<li>Paard 15\u00a0- 20\u00a0druppels\u00a0\u00a0 \u00a0<\/li>\r\n<li>Hond 10 - 15 druppels\u00a0\u00a0 \u00a0<\/li>\r\n<li>Kat 5\u00a0druppels \u00a0\u00a0 \u00a0<\/li>\r\n<\/ul>\r\n<p>20 druppels is circa 1 ml\u00a0(1 ml = 20 druppels).<\/p>\r\n<p>Vervolgens 1 week om de dag een dosering, daarna afbouwen naar 1 x per 3 \u00e0 5 dagen een dosis gedurende het pollenseizoen. Geef PUUR Pollen minimaal gedurende 1 seizoen. Indien nodig 2 seizoenen. Voorgeschreven hoeveelheid niet overschrijden tenzij uw dierenarts anders voorschrijft.<\/p>\r\n<p>Bij een aantal verdunningen en extracten kan bij de start van de behandeling een kortdurende verergering plaatsvinden. Dit betekent dat het dier reageert op het product. Bij ernstige toename dosering halveren of tijdelijk stoppen en daarna weer rustig opbouwen.<\/p>\r\n<p>Geef dit product met een plastic spuitje rechtstreeks in de mond of bek, eventueel verdund met een beetje water. Bij voorkeur niet tegelijkertijd met een maaltijd omdat het product beter werkt als het wordt opgenomen door het schone mondslijmvlies. Indien een dier het product niet lekker vindt, kunnen de druppels op een klein stukje lekkers worden gegeven.<\/p>\r\n<p>Indien de kat de druppels niet accepteert, doe de druppels op een warm lepeltje en laat de alcohol uit het product verdampen. Geef het daarna verdund met wat water of melk met een spuitje rechtstreeks in de bek. Ook kunnen de druppels worden aangebracht op de bovenkant van het pootje, controleer wel of de kat de druppels van het pootje aflikt.<\/p>","_nl_post_name":"puur-pollen-50-ml","_nl_post_excerpt":"","_nl_post_title":"PUUR Pollen | 50 ml","_en_post_content":"<p>PUUR Pollen is a natural product for horses, dogs and cats that supports the mucous membranes when trees and grasses start to bloom again.<\/p>\n<p>Recommended amount the first week, once a day:<br \/>\u2022 Horse 15 - 20 drops<br \/>\u2022 Dog 10 - 15 drops<br \/>\u2022 Cat 5 drops<\/p>\n<p>20 drops is approximately 1 ml (1 ml = 20 drops).<\/p>\n<p>Then a dose every other day for 1 week, then reduce to 1 x dose every 3 to 5 days during the pollen season. Give PUUR Pollen for at least 1 season. If necessary 2 seasons. Do not exceed prescribed amount unless your vet prescribes otherwise.<\/p>\n<p>With some dilutions and extracts, a short-term worsening can occur at the start of treatment. This means that the animal reacts to the product. In the event of a serious increase in dosage, halve or temporarily stop and then slowly build up again.<\/p>\n<p>Give this product directly into the mouth or mouth with a plastic syringe, possibly diluted with a little water. Preferably not at the same time as a meal because the product works better when it is absorbed by the clean oral mucosa. If an animal does not like the product, the drops can be given on a small piece of treat.<\/p>\n<p>If the cat does not accept the drops, put the drops on a warm spoon and let the alcohol evaporate from the product. Then give it diluted with some water or milk with a syringe directly into the mouth. The drops can also be applied to the top of the paw, but check whether the cat licks the drops off the paw.<\/p>","_en_post_name":"puur-pollen-50-ml","_en_post_excerpt":"","_en_post_title":"PUUR Pollen | 50 ml","_de_post_content":"<p>PUUR Pollen ist ein Naturprodukt f\u00fcr Pferde, Hunde und Katzen, das die Schleimh\u00e4ute unterst\u00fctzt, wenn B\u00e4ume und Gr\u00e4ser wieder zu bl\u00fchen beginnen.<\/p>\n<p>Empfohlene Menge in der ersten Woche, einmal t\u00e4glich:<br \/>\u2022 Pferd 15 \u2013 20 Tropfen<br \/>\u2022 Hund 10 \u2013 15 Tropfen<br \/>\u2022 Tropfen der Katze 5<\/p>\n<p>20 Tropfen entsprechen etwa 1 ml (1 ml = 20 Tropfen).<\/p>\n<p>Dann eine Woche lang jeden zweiten Tag eine Dosis verabreichen und dann w\u00e4hrend der Pollensaison alle 3 bis 5 Tage auf die 1-fache Dosis reduzieren. Geben Sie PUUR Pollen mindestens 1 Saison lang. Bei Bedarf 2 Staffeln. \u00dcberschreiten Sie nicht die vorgeschriebene Menge, es sei denn, Ihr Tierarzt verordnet etwas anderes.<\/p>\n<p>Bei einigen Verd\u00fcnnungen und Extrakten kann es zu Beginn der Behandlung zu einer kurzfristigen Verschlechterung kommen. Das bedeutet, dass das Tier auf das Produkt reagiert. Im Falle einer starken Erh\u00f6hung der Dosierung die Dosierung halbieren oder vor\u00fcbergehend unterbrechen und dann langsam wieder steigern.<\/p>\n<p>Geben Sie dieses Produkt mit einer Plastikspritze, eventuell verd\u00fcnnt mit etwas Wasser, direkt in den Mund bzw. Mund. Vorzugsweise nicht gleichzeitig mit einer Mahlzeit, da das Produkt besser wirkt, wenn es von der sauberen Mundschleimhaut aufgenommen wird. Sollte ein Tier das Produkt nicht m\u00f6gen, k\u00f6nnen die Tropfen auf ein kleines St\u00fcck Leckerli gegeben werden.<\/p>\n<p>Wenn die Katze die Tropfen nicht annimmt, geben Sie die Tropfen auf einen warmen L\u00f6ffel und lassen Sie den Alkohol aus dem Produkt verdunsten. Anschlie\u00dfend mit etwas Wasser oder Milch verd\u00fcnnt mit einer Spritze direkt in den Mund verabreichen. Die Tropfen k\u00f6nnen auch auf die Oberseite der Pfote aufgetragen werden. Achten Sie jedoch darauf, dass die Katze die Tropfen von der Pfote leckt.<\/p>","_de_post_name":"puur-pollen-50-ml","_de_post_excerpt":"","_de_post_title":"PUUR Pollen | 50 ml","_fr_post_content":"<p>PUUR Pollen est un produit naturel pour chevaux, chiens et chats qui soutient les muqueuses lorsque les arbres et les gramin\u00e9es recommencent \u00e0 fleurir.<\/p>\n<p>Quantit\u00e9 recommand\u00e9e la premi\u00e8re semaine, une fois par jour :<br \/>\u2022 Cheval 15 \u00e0 20 gouttes<br \/>\u2022 Chien 10 \u00e0 15 gouttes<br \/>\u2022 Chat 5 gouttes<\/p>\n<p>20 gouttes correspondent \u00e0 environ 1 ml (1 ml = 20 gouttes).<\/p>\n<p>Puis une dose tous les deux jours pendant 1 semaine, puis r\u00e9duire \u00e0 1 x dose tous les 3 \u00e0 5 jours pendant la saison pollinique. Donnez PUUR Pollen pendant au moins 1 saison. Si n\u00e9cessaire 2 saisons. Ne d\u00e9passez pas la quantit\u00e9 prescrite, sauf indication contraire de votre v\u00e9t\u00e9rinaire.<\/p>\n<p>Avec certaines dilutions et extraits, une aggravation \u00e0 court terme peut survenir en d\u00e9but de traitement. Cela signifie que l'animal r\u00e9agit au produit. En cas d'augmentation importante de la dose, r\u00e9duire de moiti\u00e9 ou arr\u00eater temporairement, puis augmenter lentement.<\/p>\n<p>Donner ce produit directement dans la bouche ou dans la bouche \u00e0 l'aide d'une seringue en plastique, \u00e9ventuellement dilu\u00e9e avec un peu d'eau. De pr\u00e9f\u00e9rence pas au m\u00eame moment qu'un repas car le produit agit mieux lorsqu'il est absorb\u00e9 par la muqueuse buccale propre. Si un animal n'aime pas le produit, les gouttes peuvent \u00eatre administr\u00e9es sur un petit morceau de friandise.<\/p>\n<p>Si le chat n'accepte pas les gouttes, mettez les gouttes sur une cuill\u00e8re chaude et laissez l'alcool s'\u00e9vaporer du produit. Donnez-le ensuite dilu\u00e9 avec un peu d'eau ou de lait avec une seringue directement dans la bouche. Les gouttes peuvent \u00e9galement \u00eatre appliqu\u00e9es sur le dessus de la patte, mais v\u00e9rifiez si le chat l\u00e8che les gouttes sur la patte.<\/p>","_fr_post_name":"puur-pollen-50-ml","_fr_post_excerpt":"","_fr_post_title":"PUUR Pollen | 50 ml","_es_post_content":"<p>PUUR Pollen es un producto natural para caballos, perros y gatos que apoya las membranas mucosas cuando los \u00e1rboles y la hierba comienzan a florecer nuevamente.<\/p>\n<p>Cantidad recomendada durante la primera semana, una vez al d\u00eda:<br \/>\u2022 Caballo 15 - 20 gotas<br \/>\u2022 Perro 10 - 15 gotas<br \/>\u2022 Gotas de categor\u00eda 5<\/p>\n<p>20 gotas equivalen aproximadamente a 1 ml (1 ml = 20 gotas).<\/p>\n<p>Luego dosifique cada dos d\u00edas durante 1 semana, luego reduzca a 1 dosis cada 3 a 5 d\u00edas durante la temporada de polen. Administre PUUR Pollen durante al menos 1 temporada. Si es necesario 2 temporadas. No exceda la cantidad prescrita a menos que su veterinario le indique lo contrario.<\/p>\n<p>Con algunas diluciones y extractos puede producirse un empeoramiento a corto plazo al inicio del tratamiento. Esto significa que el animal reacciona al producto. En caso de un aumento severo, reduzca la dosis a la mitad o suspenda temporalmente y luego aumente gradualmente la dosis nuevamente.<\/p>\n<p>Administre este producto directamente en la boca con una jeringa de pl\u00e1stico, posiblemente diluido con un poco de agua. Preferiblemente no al mismo tiempo que una comida porque el producto funciona mejor si se absorbe por la mucosa bucal limpia. Si al animal no le gusta el producto, las gotas se pueden administrar en un peque\u00f1o trozo de golosina.<\/p>\n<p>Si el gato no acepta las gotas, poner las gotas en una cuchara tibia y dejar que el alcohol se evapore del producto. Luego, d\u00e9jelo diluido con un poco de agua o leche mediante una jeringa directamente en la boca. Las gotas tambi\u00e9n se pueden aplicar en la parte superior de la pata, pero compruebe si el gato lame las gotas de la pata.<\/p>","_es_post_name":"puur-pollen-50-ml","_es_post_excerpt":"","_es_post_title":"PUUR Pollen | 50 ml","edit_language":"nl"},"product_brand":[],"product_cat":[1117,1118,1878,1814,1847,1839,1811,1871,1857,1809,1950],"product_tag":[],"class_list":{"0":"post-120060","1":"product","2":"type-product","3":"status-publish","4":"has-post-thumbnail","6":"product_cat-honden","7":"product_cat-katten","8":"product_cat-longen-luchtwegen","11":"product_cat-medicijnen-supplementen","14":"product_cat-merken","15":"product_cat-paarden","16":"product_cat-puur","17":"pa_aandoening-overig","18":"pa_doeldier-hond","19":"pa_doeldier-kat","20":"pa_doeldier-knaagdier","21":"pa_doeldier-konijn","22":"pa_doeldier-overig","23":"pa_doeldier-paard","24":"pa_fabricatieland-nederland","25":"pa_merkfilter-puur","26":"pa_merkgroep-nml","27":"pa_productsoort-voedingssupplement","28":"pa_toedieningswijze-overig","29":"pa_unit_pricing_base_measure-10ml","30":"pa_unit_pricing_measure-50ml","31":"pa_werkzamestof-overig","33":"first","34":"instock","35":"taxable","36":"shipping-taxable","37":"purchasable","38":"product-type-simple"},"yoast_head":"<!-- This site is optimized with the Yoast SEO plugin v27.5 - https:\/\/yoast.com\/product\/yoast-seo-wordpress\/ -->\n<title>PUUR Pollen | 50 ml - Pharmacy4pets<\/title>\n<meta name=\"robots\" content=\"index, follow, max-snippet:-1, max-image-preview:large, max-video-preview:-1\" \/>\n<link rel=\"canonical\" href=\"https:\/\/p4p-nl.bootmine.com\/%product-slug%\/puur-pollen-50-ml\" \/>\n<meta property=\"og:locale\" content=\"nl_NL\" \/>\n<meta property=\"og:type\" content=\"article\" \/>\n<meta property=\"og:title\" content=\"PUUR Pollen | 50 ml - Pharmacy4pets\" \/>\n<meta property=\"og:description\" content=\"Puur Pollen is een natuurproduct voor paarden, honden en katten dat de slijmvliezen ondersteunt als bomen en grassen weer gaan bloeien. Aanbevolen hoeveelheid de eerste week, \u00e9\u00e9n keer per dag: Paard 15\u00a0&#8211; 20\u00a0druppels\u00a0\u00a0 \u00a0 Hond 10 &#8211; 15 druppels\u00a0\u00a0 \u00a0 Kat 5\u00a0druppels \u00a0\u00a0 \u00a0 20 druppels is circa 1 ml\u00a0(1 ml = 20 druppels). Vervolgens [&hellip;]\" \/>\n<meta property=\"og:url\" content=\"https:\/\/p4p-nl.bootmine.com\/%product-slug%\/puur-pollen-50-ml\" \/>\n<meta property=\"og:site_name\" content=\"Pharmacy4pets\" \/>\n<meta property=\"article:publisher\" content=\"https:\/\/www.facebook.com\/people\/Pharmacy4petsnl\/100063484989896\/\" \/>\n<meta property=\"article:modified_time\" content=\"2026-04-14T08:05:04+00:00\" \/>\n<meta property=\"og:image\" content=\"https:\/\/p4p-nl.bootmine.com\/wp-content\/uploads\/2023\/03\/21276_1.jpg\" \/>\n\t<meta property=\"og:image:width\" content=\"455\" \/>\n\t<meta property=\"og:image:height\" content=\"487\" \/>\n\t<meta property=\"og:image:type\" content=\"image\/jpeg\" \/>\n<meta name=\"twitter:card\" content=\"summary_large_image\" \/>\n<meta name=\"twitter:label1\" content=\"Geschatte leestijd\" \/>\n\t<meta name=\"twitter:data1\" content=\"1 minuut\" \/>\n<script type=\"application\/ld+json\" class=\"yoast-schema-graph\">{\"@context\":\"https:\\\/\\\/schema.org\",\"@graph\":[{\"@type\":\"WebPage\",\"@id\":\"https:\\\/\\\/p4p-nl.bootmine.com\\\/%product-slug%\\\/puur-pollen-50-ml\",\"url\":\"https:\\\/\\\/p4p-nl.bootmine.com\\\/%product-slug%\\\/puur-pollen-50-ml\",\"name\":\"PUUR Pollen | 50 ml - Pharmacy4pets\",\"isPartOf\":{\"@id\":\"http:\\\/\\\/www.pharmacy4pets.nl\\\/#website\"},\"primaryImageOfPage\":{\"@id\":\"https:\\\/\\\/p4p-nl.bootmine.com\\\/%product-slug%\\\/puur-pollen-50-ml#primaryimage\"},\"image\":{\"@id\":\"https:\\\/\\\/p4p-nl.bootmine.com\\\/%product-slug%\\\/puur-pollen-50-ml#primaryimage\"},\"thumbnailUrl\":\"https:\\\/\\\/www.pharmacy4pets.nl\\\/wp-content\\\/uploads\\\/2023\\\/03\\\/21276_1.jpg\",\"datePublished\":\"2023-03-10T12:18:16+00:00\",\"dateModified\":\"2026-04-14T08:05:04+00:00\",\"breadcrumb\":{\"@id\":\"https:\\\/\\\/p4p-nl.bootmine.com\\\/%product-slug%\\\/puur-pollen-50-ml#breadcrumb\"},\"inLanguage\":\"nl-NL\",\"potentialAction\":[{\"@type\":\"ReadAction\",\"target\":[\"https:\\\/\\\/p4p-nl.bootmine.com\\\/%product-slug%\\\/puur-pollen-50-ml\"]}]},{\"@type\":\"ImageObject\",\"inLanguage\":\"nl-NL\",\"@id\":\"https:\\\/\\\/p4p-nl.bootmine.com\\\/%product-slug%\\\/puur-pollen-50-ml#primaryimage\",\"url\":\"https:\\\/\\\/www.pharmacy4pets.nl\\\/wp-content\\\/uploads\\\/2023\\\/03\\\/21276_1.jpg\",\"contentUrl\":\"https:\\\/\\\/www.pharmacy4pets.nl\\\/wp-content\\\/uploads\\\/2023\\\/03\\\/21276_1.jpg\",\"width\":455,\"height\":487,\"caption\":\"PUUR\"},{\"@type\":\"BreadcrumbList\",\"@id\":\"https:\\\/\\\/p4p-nl.bootmine.com\\\/%product-slug%\\\/puur-pollen-50-ml#breadcrumb\",\"itemListElement\":[{\"@type\":\"ListItem\",\"position\":1,\"name\":\"Home\",\"item\":\"https:\\\/\\\/p4p-nl.bootmine.com\\\/\"},{\"@type\":\"ListItem\",\"position\":2,\"name\":\"Winkel\",\"item\":\"https:\\\/\\\/p4p-nl.bootmine.com\\\/winkel\"},{\"@type\":\"ListItem\",\"position\":3,\"name\":\"PUUR Pollen | 50 ml\"}]},{\"@type\":\"WebSite\",\"@id\":\"http:\\\/\\\/www.pharmacy4pets.nl\\\/#website\",\"url\":\"http:\\\/\\\/www.pharmacy4pets.nl\\\/\",\"name\":\"Pharmacy4pets\",\"description\":\"Pharmacy4pets.nl is d\u00e9 online apotheek waar u terecht kunt voor alle diergeneesmiddelen, verzorgingsproducten en dieetvoeding voor uw huisdier.\",\"publisher\":{\"@id\":\"http:\\\/\\\/www.pharmacy4pets.nl\\\/#organization\"},\"potentialAction\":[{\"@type\":\"SearchAction\",\"target\":{\"@type\":\"EntryPoint\",\"urlTemplate\":\"http:\\\/\\\/www.pharmacy4pets.nl\\\/?s={search_term_string}\"},\"query-input\":{\"@type\":\"PropertyValueSpecification\",\"valueRequired\":true,\"valueName\":\"search_term_string\"}}],\"inLanguage\":\"nl-NL\"},{\"@type\":\"Organization\",\"@id\":\"http:\\\/\\\/www.pharmacy4pets.nl\\\/#organization\",\"name\":\"Pharmacy4pets\",\"url\":\"http:\\\/\\\/www.pharmacy4pets.nl\\\/\",\"logo\":{\"@type\":\"ImageObject\",\"inLanguage\":\"nl-NL\",\"@id\":\"http:\\\/\\\/www.pharmacy4pets.nl\\\/#\\\/schema\\\/logo\\\/image\\\/\",\"url\":\"https:\\\/\\\/p4p-nl.bootmine.com\\\/wp-content\\\/uploads\\\/2026\\\/03\\\/logo-pharmacy4pets.png\",\"contentUrl\":\"https:\\\/\\\/p4p-nl.bootmine.com\\\/wp-content\\\/uploads\\\/2026\\\/03\\\/logo-pharmacy4pets.png\",\"width\":1024,\"height\":135,\"caption\":\"Pharmacy4pets\"},\"image\":{\"@id\":\"http:\\\/\\\/www.pharmacy4pets.nl\\\/#\\\/schema\\\/logo\\\/image\\\/\"},\"sameAs\":[\"https:\\\/\\\/www.facebook.com\\\/people\\\/Pharmacy4petsnl\\\/100063484989896\\\/\",\"https:\\\/\\\/www.youtube.com\\\/channel\\\/UCGPTIgucgli03tP2_kvLkHg\\\/featured\",\"https:\\\/\\\/www.instagram.com\\\/pharmacy4pets.nl\"]}]}<\/script>\n<!-- \/ Yoast SEO plugin. -->","yoast_head_json":{"title":"PUUR Pollen | 50 ml - Pharmacy4pets","robots":{"index":"index","follow":"follow","max-snippet":"max-snippet:-1","max-image-preview":"max-image-preview:large","max-video-preview":"max-video-preview:-1"},"canonical":"https:\/\/p4p-nl.bootmine.com\/%product-slug%\/puur-pollen-50-ml","og_locale":"nl_NL","og_type":"article","og_title":"PUUR Pollen | 50 ml - Pharmacy4pets","og_description":"Puur Pollen is een natuurproduct voor paarden, honden en katten dat de slijmvliezen ondersteunt als bomen en grassen weer gaan bloeien. Aanbevolen hoeveelheid de eerste week, \u00e9\u00e9n keer per dag: Paard 15\u00a0&#8211; 20\u00a0druppels\u00a0\u00a0 \u00a0 Hond 10 &#8211; 15 druppels\u00a0\u00a0 \u00a0 Kat 5\u00a0druppels \u00a0\u00a0 \u00a0 20 druppels is circa 1 ml\u00a0(1 ml = 20 druppels). Vervolgens [&hellip;]","og_url":"https:\/\/p4p-nl.bootmine.com\/%product-slug%\/puur-pollen-50-ml","og_site_name":"Pharmacy4pets","article_publisher":"https:\/\/www.facebook.com\/people\/Pharmacy4petsnl\/100063484989896\/","article_modified_time":"2026-04-14T08:05:04+00:00","og_image":[{"width":455,"height":487,"url":"https:\/\/p4p-nl.bootmine.com\/wp-content\/uploads\/2023\/03\/21276_1.jpg","type":"image\/jpeg"}],"twitter_card":"summary_large_image","twitter_misc":{"Geschatte leestijd":"1 minuut"},"schema":{"@context":"https:\/\/schema.org","@graph":[{"@type":"WebPage","@id":"https:\/\/p4p-nl.bootmine.com\/%product-slug%\/puur-pollen-50-ml","url":"https:\/\/p4p-nl.bootmine.com\/%product-slug%\/puur-pollen-50-ml","name":"PUUR Pollen | 50 ml - Pharmacy4pets","isPartOf":{"@id":"http:\/\/www.pharmacy4pets.nl\/#website"},"primaryImageOfPage":{"@id":"https:\/\/p4p-nl.bootmine.com\/%product-slug%\/puur-pollen-50-ml#primaryimage"},"image":{"@id":"https:\/\/p4p-nl.bootmine.com\/%product-slug%\/puur-pollen-50-ml#primaryimage"},"thumbnailUrl":"https:\/\/www.pharmacy4pets.nl\/wp-content\/uploads\/2023\/03\/21276_1.jpg","datePublished":"2023-03-10T12:18:16+00:00","dateModified":"2026-04-14T08:05:04+00:00","breadcrumb":{"@id":"https:\/\/p4p-nl.bootmine.com\/%product-slug%\/puur-pollen-50-ml#breadcrumb"},"inLanguage":"nl-NL","potentialAction":[{"@type":"ReadAction","target":["https:\/\/p4p-nl.bootmine.com\/%product-slug%\/puur-pollen-50-ml"]}]},{"@type":"ImageObject","inLanguage":"nl-NL","@id":"https:\/\/p4p-nl.bootmine.com\/%product-slug%\/puur-pollen-50-ml#primaryimage","url":"https:\/\/www.pharmacy4pets.nl\/wp-content\/uploads\/2023\/03\/21276_1.jpg","contentUrl":"https:\/\/www.pharmacy4pets.nl\/wp-content\/uploads\/2023\/03\/21276_1.jpg","width":455,"height":487,"caption":"PUUR"},{"@type":"BreadcrumbList","@id":"https:\/\/p4p-nl.bootmine.com\/%product-slug%\/puur-pollen-50-ml#breadcrumb","itemListElement":[{"@type":"ListItem","position":1,"name":"Home","item":"https:\/\/p4p-nl.bootmine.com\/"},{"@type":"ListItem","position":2,"name":"Winkel","item":"https:\/\/p4p-nl.bootmine.com\/winkel"},{"@type":"ListItem","position":3,"name":"PUUR Pollen | 50 ml"}]},{"@type":"WebSite","@id":"http:\/\/www.pharmacy4pets.nl\/#website","url":"http:\/\/www.pharmacy4pets.nl\/","name":"Pharmacy4pets","description":"Pharmacy4pets.nl is d\u00e9 online apotheek waar u terecht kunt voor alle diergeneesmiddelen, verzorgingsproducten en dieetvoeding voor uw huisdier.","publisher":{"@id":"http:\/\/www.pharmacy4pets.nl\/#organization"},"potentialAction":[{"@type":"SearchAction","target":{"@type":"EntryPoint","urlTemplate":"http:\/\/www.pharmacy4pets.nl\/?s={search_term_string}"},"query-input":{"@type":"PropertyValueSpecification","valueRequired":true,"valueName":"search_term_string"}}],"inLanguage":"nl-NL"},{"@type":"Organization","@id":"http:\/\/www.pharmacy4pets.nl\/#organization","name":"Pharmacy4pets","url":"http:\/\/www.pharmacy4pets.nl\/","logo":{"@type":"ImageObject","inLanguage":"nl-NL","@id":"http:\/\/www.pharmacy4pets.nl\/#\/schema\/logo\/image\/","url":"https:\/\/p4p-nl.bootmine.com\/wp-content\/uploads\/2026\/03\/logo-pharmacy4pets.png","contentUrl":"https:\/\/p4p-nl.bootmine.com\/wp-content\/uploads\/2026\/03\/logo-pharmacy4pets.png","width":1024,"height":135,"caption":"Pharmacy4pets"},"image":{"@id":"http:\/\/www.pharmacy4pets.nl\/#\/schema\/logo\/image\/"},"sameAs":["https:\/\/www.facebook.com\/people\/Pharmacy4petsnl\/100063484989896\/","https:\/\/www.youtube.com\/channel\/UCGPTIgucgli03tP2_kvLkHg\/featured","https:\/\/www.instagram.com\/pharmacy4pets.nl"]}]}},"market_data":{"nl":{"price":0,"sale_price":0,"active":false,"url":null,"parent_url":"","tax_rate":0,"price_inc_tax":0,"sale_price_inc_tax":0},"de":{"price":0,"sale_price":0,"active":false,"url":null,"parent_url":"","tax_rate":0,"price_inc_tax":0,"sale_price_inc_tax":0},"be":{"price":0,"sale_price":0,"active":false,"url":null,"parent_url":"","tax_rate":0,"price_inc_tax":0,"sale_price_inc_tax":0},"fr":{"price":0,"sale_price":0,"active":false,"url":null,"parent_url":"","tax_rate":0,"price_inc_tax":0,"sale_price_inc_tax":0},"ch":{"price":0,"sale_price":0,"active":false,"url":null,"parent_url":"","tax_rate":0,"price_inc_tax":0,"sale_price_inc_tax":0},"at":{"price":0,"sale_price":0,"active":false,"url":null,"parent_url":"","tax_rate":0,"price_inc_tax":0,"sale_price_inc_tax":0},"es":{"price":0,"sale_price":0,"active":false,"url":null,"parent_url":"","tax_rate":0,"price_inc_tax":0,"sale_price_inc_tax":0},"dk":{"price":0,"sale_price":0,"active":false,"url":null,"parent_url":"","tax_rate":0,"price_inc_tax":0,"sale_price_inc_tax":0},"com":{"price":0,"sale_price":0,"active":false,"url":null,"parent_url":"","tax_rate":0,"price_inc_tax":0,"sale_price_inc_tax":0}},"market_nl_price":0,"market_nl_sale_price":0,"market_nl_active":false,"market_nl_url":null,"market_nl_parent_url":"","market_nl_tax_rate":0,"market_nl_price_inc_tax":0,"market_nl_sale_price_inc_tax":0,"market_de_price":0,"market_de_sale_price":0,"market_de_active":false,"market_de_url":null,"market_de_parent_url":"","market_de_tax_rate":0,"market_de_price_inc_tax":0,"market_de_sale_price_inc_tax":0,"market_be_price":0,"market_be_sale_price":0,"market_be_active":false,"market_be_url":null,"market_be_parent_url":"","market_be_tax_rate":0,"market_be_price_inc_tax":0,"market_be_sale_price_inc_tax":0,"market_fr_price":0,"market_fr_sale_price":0,"market_fr_active":false,"market_fr_url":null,"market_fr_parent_url":"","market_fr_tax_rate":0,"market_fr_price_inc_tax":0,"market_fr_sale_price_inc_tax":0,"market_ch_price":0,"market_ch_sale_price":0,"market_ch_active":false,"market_ch_url":null,"market_ch_parent_url":"","market_ch_tax_rate":0,"market_ch_price_inc_tax":0,"market_ch_sale_price_inc_tax":0,"market_at_price":0,"market_at_sale_price":0,"market_at_active":false,"market_at_url":null,"market_at_parent_url":"","market_at_tax_rate":0,"market_at_price_inc_tax":0,"market_at_sale_price_inc_tax":0,"market_es_price":0,"market_es_sale_price":0,"market_es_active":false,"market_es_url":null,"market_es_parent_url":"","market_es_tax_rate":0,"market_es_price_inc_tax":0,"market_es_sale_price_inc_tax":0,"market_dk_price":0,"market_dk_sale_price":0,"market_dk_active":false,"market_dk_url":null,"market_dk_parent_url":"","market_dk_tax_rate":0,"market_dk_price_inc_tax":0,"market_dk_sale_price_inc_tax":0,"market_com_price":0,"market_com_sale_price":0,"market_com_active":false,"market_com_url":null,"market_com_parent_url":"","market_com_tax_rate":0,"market_com_price_inc_tax":0,"market_com_sale_price_inc_tax":0,"acf":[],"_links":{"self":[{"href":"https:\/\/www.pharmacy4pets.nl\/be\/wp-json\/wp\/v2\/product\/120060","targetHints":{"allow":["GET"]}}],"collection":[{"href":"https:\/\/www.pharmacy4pets.nl\/be\/wp-json\/wp\/v2\/product"}],"about":[{"href":"https:\/\/www.pharmacy4pets.nl\/be\/wp-json\/wp\/v2\/types\/product"}],"replies":[{"embeddable":true,"href":"https:\/\/www.pharmacy4pets.nl\/be\/wp-json\/wp\/v2\/comments?post=120060"}],"wp:featuredmedia":[{"embeddable":true,"href":"https:\/\/www.pharmacy4pets.nl\/be\/wp-json\/wp\/v2\/media\/120059"}],"wp:attachment":[{"href":"https:\/\/www.pharmacy4pets.nl\/be\/wp-json\/wp\/v2\/media?parent=120060"}],"wp:term":[{"taxonomy":"product_brand","embeddable":true,"href":"https:\/\/www.pharmacy4pets.nl\/be\/wp-json\/wp\/v2\/product_brand?post=120060"},{"taxonomy":"product_cat","embeddable":true,"href":"https:\/\/www.pharmacy4pets.nl\/be\/wp-json\/wp\/v2\/product_cat?post=120060"},{"taxonomy":"product_tag","embeddable":true,"href":"https:\/\/www.pharmacy4pets.nl\/be\/wp-json\/wp\/v2\/product_tag?post=120060"}],"curies":[{"name":"wp","href":"https:\/\/api.w.org\/{rel}","templated":true}]}}