{"id":120056,"date":"2023-03-10T12:18:15","date_gmt":"2023-03-10T12:18:15","guid":{"rendered":"https:\/\/p4p.test\/puur-l-lysine-hond-kat-50-gram"},"modified":"2026-04-14T08:05:04","modified_gmt":"2026-04-14T08:05:04","slug":"puur-l-lysine-hond-kat-50-gram","status":"publish","type":"product","link":"https:\/\/www.pharmacy4pets.nl\/be\/puur-l-lysine-hond-kat-50-gram","title":{"rendered":"PUUR L-Lysine | Hond\/Kat | 50 gram"},"content":{"rendered":"<p>PUUR L-Lysine is een aanvullend diervoerder ter ondersteuning van een verminderde weerstand bij honden, katten en paarden.<\/p>\n<p>PUUR L-Lysine kan door het voer of op een stukje lekkers gegeven worden. Bij voorkeur PUUR L-Lysine niet combineren met dierlijke eiwitten, omdat de werking dan minder wordt en het gewenste positieve effect langer kan uitblijven.<\/p>\n<p>Zorg daarnaast voor een gezonde leefomgeving, met voldoende frisse lucht, licht, beweging, contact met soortgenoten en gezonde voeding.<\/p>\n<p>Lees voor gebruik de bijsluiter.<\/p>\n","protected":false},"excerpt":{"rendered":"<p>PUUR L-Lysine is een aanvullend diervoerder ter ondersteuning van een verminderde weerstand bij honden, katten en paarden. PUUR L-Lysine kan door het voer of op een stukje lekkers gegeven worden. Bij voorkeur PUUR L-Lysine niet combineren met dierlijke eiwitten, omdat de werking dan minder wordt en het gewenste positieve effect langer kan uitblijven. Zorg daarnaast [&hellip;]<\/p>\n","protected":false},"featured_media":120055,"comment_status":"open","ping_status":"closed","template":"","meta":{"_acf_changed":false,"_nl_post_content":"<p>PUUR L-Lysine is een aanvullend diervoerder ter ondersteuning van een verminderde weerstand bij honden, katten en paarden.<\/p>\n<p>PUUR L-Lysine kan door het voer of op een stukje lekkers gegeven worden. Bij voorkeur PUUR L-Lysine niet combineren met dierlijke eiwitten, omdat de werking dan minder wordt en het gewenste positieve effect langer kan uitblijven.<\/p>\n<p>Zorg daarnaast voor een gezonde leefomgeving, met voldoende frisse lucht, licht, beweging, contact met soortgenoten en gezonde voeding.<\/p>\n<p>Lees voor gebruik de bijsluiter.<\/p>","_nl_post_name":"puur-l-lysine-hond-kat-50-gram","_nl_post_excerpt":"","_nl_post_title":"PUUR L-Lysine | Hond\/Kat | 50 gram","_en_post_content":"<p>PUUR L-Lysine is a complementary animal food to support reduced resistance in dogs, cats and horses.<\/p>\n<p>PUUR L-Lysine can be given through the food or on a piece of treat. Preferably do not combine PUUR L-Lysine with animal proteins, as the effect will be reduced and the desired positive effect may be delayed.<\/p>\n<p>In addition, ensure a healthy living environment, with plenty of fresh air, light, exercise, contact with conspecifics and healthy food.<\/p>\n<p>Please read the leaflet before use.<\/p>","_en_post_name":"PUUR-L-Lysine-Dog-Cat-50-grams","_en_post_excerpt":"","_en_post_title":"PUUR L-Lysine | Dog\/Cat | 50 grams","_de_post_content":"<p>PUUR L-Lysine ist ein Erg\u00e4nzungsfuttermittel zur Unterst\u00fctzung einer verminderten Widerstandskraft bei Hunden, Katzen und Pferden.<\/p>\n<p>PUUR L-Lysine kann \u00fcber das Futter oder \u00fcber ein Leckerli gegeben werden. Vorzugsweise sollte PUUR L-Lysin nicht mit tierischen Proteinen kombiniert werden, da dadurch die Wirkung vermindert wird und der gew\u00fcnschte positive Effekt verz\u00f6gert werden kann.<\/p>\n<p>Sorgen Sie au\u00dferdem f\u00fcr ein gesundes Lebensumfeld mit viel frischer Luft, Licht, Bewegung, Kontakt zu Artgenossen und gesunder Nahrung.<\/p>\n<p>Bitte lesen Sie die Packungsbeilage vor der Anwendung.<\/p>","_de_post_name":"PUUR-L-Lysine-Hund-Katze-50-Gramm","_de_post_excerpt":"","_de_post_title":"PUUR L-Lysine | Hund\/Katze | 50 Gramm","_fr_post_content":"<p>PUUR L-Lysine est un aliment compl\u00e9mentaire pour animaux destin\u00e9 \u00e0 soutenir la r\u00e9sistance r\u00e9duite chez les chiens, les chats et les chevaux.<\/p>\n<p>La L-Lysine de PUUR peut \u00eatre administr\u00e9e par le biais de la nourriture ou sur un morceau de friandise. Il est pr\u00e9f\u00e9rable de ne pas combiner PUUR L-Lysine avec des prot\u00e9ines animales, car l'effet sera r\u00e9duit et l'effet positif souhait\u00e9 peut \u00eatre retard\u00e9.<\/p>\n<p>Veillez \u00e9galement \u00e0 fournir un environnement de vie sain, avec suffisamment d'air frais, de lumi\u00e8re, d'exercice, de contact avec les cong\u00e9n\u00e8res et un r\u00e9gime alimentaire sain.<\/p>\n<p>Lisez la notice d'information avant l'utilisation.<\/p>","_fr_post_name":"PUUR-L-Lysine-Chien-Chat-50-grammes","_fr_post_excerpt":"","_fr_post_title":"PUUR L Lysine | Chien\/Chat | 50 grammes","_es_post_content":"<p>PUUR L-Lysine es un alimento complementario para animales que favorece la reducci\u00f3n de la resistencia en perros, gatos y caballos.<\/p>\n<p>PUUR L-Lysine puede administrarse a trav\u00e9s del alimento o en un trozo de golosina. Preferiblemente no combine PUUR L-Lysine con prote\u00ednas animales, ya que el efecto se reducir\u00e1 y el efecto positivo deseado puede retrasarse.<\/p>\n<p>Aseg\u00farese tambi\u00e9n de proporcionar un entorno saludable, con suficiente aire fresco, luz, ejercicio, contacto con cong\u00e9neres y una dieta sana.<\/p>\n<p>Lea el prospecto antes de usarlo.<\/p>","_es_post_name":"PUUR-L-Lysine-Perro-Gato-50-gramos","_es_post_excerpt":"","_es_post_title":"PUUR L-Lysine | Perro\/Gato | 50 gramos","edit_language":"nl"},"product_brand":[],"product_cat":[1117,2014,2013,1118,1839,1871,1857,1950],"product_tag":[],"class_list":{"0":"post-120056","1":"product","2":"type-product","3":"status-publish","4":"has-post-thumbnail","6":"product_cat-honden","7":"product_cat-immuunsysteem-weerstand","9":"product_cat-katten","10":"product_cat-medicijnen-supplementen","12":"product_cat-merken","13":"product_cat-puur","14":"pa_aandoening-overig","15":"pa_doeldier-hond","16":"pa_doeldier-kat","17":"pa_fabricatieland-nederland","18":"pa_merkfilter-puur","19":"pa_merkgroep-nml","20":"pa_productsoort-voedingssupplement","21":"pa_toedieningswijze-overig","22":"pa_unit_pricing_base_measure-10g","23":"pa_unit_pricing_measure-50g","24":"pa_werkzamestof-overig","26":"first","27":"instock","28":"taxable","29":"shipping-taxable","30":"purchasable","31":"product-type-simple"},"yoast_head":"<!-- This site is optimized with the Yoast SEO plugin v27.5 - https:\/\/yoast.com\/product\/yoast-seo-wordpress\/ -->\n<title>PUUR L-Lysine | Hond\/Kat | 50 gram - Pharmacy4pets<\/title>\n<meta name=\"robots\" content=\"index, follow, max-snippet:-1, max-image-preview:large, max-video-preview:-1\" \/>\n<link rel=\"canonical\" href=\"https:\/\/www.pharmacy4pets.nl\/puur-l-lysine-hond-kat-50-gram\" \/>\n<meta property=\"og:locale\" content=\"nl_NL\" \/>\n<meta property=\"og:type\" content=\"article\" \/>\n<meta property=\"og:title\" content=\"PUUR L-Lysine | Hond\/Kat | 50 gram - Pharmacy4pets\" \/>\n<meta property=\"og:description\" content=\"PUUR L-Lysine is een aanvullend diervoerder ter ondersteuning van een verminderde weerstand bij honden, katten en paarden. PUUR L-Lysine kan door het voer of op een stukje lekkers gegeven worden. Bij voorkeur PUUR L-Lysine niet combineren met dierlijke eiwitten, omdat de werking dan minder wordt en het gewenste positieve effect langer kan uitblijven. Zorg daarnaast [&hellip;]\" \/>\n<meta property=\"og:url\" content=\"https:\/\/www.pharmacy4pets.nl\/puur-l-lysine-hond-kat-50-gram\" \/>\n<meta property=\"og:site_name\" content=\"Pharmacy4pets\" \/>\n<meta property=\"article:publisher\" content=\"https:\/\/www.facebook.com\/people\/Pharmacy4petsnl\/100063484989896\/\" \/>\n<meta property=\"article:modified_time\" content=\"2026-04-14T08:05:04+00:00\" \/>\n<meta property=\"og:image\" content=\"https:\/\/www.pharmacy4pets.nl\/wp-content\/uploads\/2023\/03\/19767.jpg\" \/>\n\t<meta property=\"og:image:width\" content=\"800\" \/>\n\t<meta property=\"og:image:height\" content=\"800\" \/>\n\t<meta property=\"og:image:type\" content=\"image\/jpeg\" \/>\n<meta name=\"twitter:card\" content=\"summary_large_image\" \/>\n<script type=\"application\/ld+json\" class=\"yoast-schema-graph\">{\"@context\":\"https:\\\/\\\/schema.org\",\"@graph\":[{\"@type\":\"WebPage\",\"@id\":\"https:\\\/\\\/www.pharmacy4pets.nl\\\/puur-l-lysine-hond-kat-50-gram\",\"url\":\"https:\\\/\\\/www.pharmacy4pets.nl\\\/puur-l-lysine-hond-kat-50-gram\",\"name\":\"PUUR L-Lysine | Hond\\\/Kat | 50 gram - Pharmacy4pets\",\"isPartOf\":{\"@id\":\"http:\\\/\\\/www.pharmacy4pets.nl\\\/#website\"},\"primaryImageOfPage\":{\"@id\":\"https:\\\/\\\/www.pharmacy4pets.nl\\\/puur-l-lysine-hond-kat-50-gram#primaryimage\"},\"image\":{\"@id\":\"https:\\\/\\\/www.pharmacy4pets.nl\\\/puur-l-lysine-hond-kat-50-gram#primaryimage\"},\"thumbnailUrl\":\"https:\\\/\\\/www.pharmacy4pets.nl\\\/wp-content\\\/uploads\\\/2023\\\/03\\\/19767.jpg\",\"datePublished\":\"2023-03-10T12:18:15+00:00\",\"dateModified\":\"2026-04-14T08:05:04+00:00\",\"breadcrumb\":{\"@id\":\"https:\\\/\\\/www.pharmacy4pets.nl\\\/puur-l-lysine-hond-kat-50-gram#breadcrumb\"},\"inLanguage\":\"nl-NL\",\"potentialAction\":[{\"@type\":\"ReadAction\",\"target\":[\"https:\\\/\\\/www.pharmacy4pets.nl\\\/puur-l-lysine-hond-kat-50-gram\"]}]},{\"@type\":\"ImageObject\",\"inLanguage\":\"nl-NL\",\"@id\":\"https:\\\/\\\/www.pharmacy4pets.nl\\\/puur-l-lysine-hond-kat-50-gram#primaryimage\",\"url\":\"https:\\\/\\\/www.pharmacy4pets.nl\\\/wp-content\\\/uploads\\\/2023\\\/03\\\/19767.jpg\",\"contentUrl\":\"https:\\\/\\\/www.pharmacy4pets.nl\\\/wp-content\\\/uploads\\\/2023\\\/03\\\/19767.jpg\",\"width\":800,\"height\":800,\"caption\":\"PUUR\"},{\"@type\":\"BreadcrumbList\",\"@id\":\"https:\\\/\\\/www.pharmacy4pets.nl\\\/puur-l-lysine-hond-kat-50-gram#breadcrumb\",\"itemListElement\":[{\"@type\":\"ListItem\",\"position\":1,\"name\":\"Home\",\"item\":\"https:\\\/\\\/p4p-nl.bootmine.com\\\/\"},{\"@type\":\"ListItem\",\"position\":2,\"name\":\"Winkel\",\"item\":\"https:\\\/\\\/p4p-nl.bootmine.com\\\/winkel\"},{\"@type\":\"ListItem\",\"position\":3,\"name\":\"PUUR L-Lysine | Hond\\\/Kat | 50 gram\"}]},{\"@type\":\"WebSite\",\"@id\":\"http:\\\/\\\/www.pharmacy4pets.nl\\\/#website\",\"url\":\"http:\\\/\\\/www.pharmacy4pets.nl\\\/\",\"name\":\"Pharmacy4pets\",\"description\":\"Pharmacy4pets.nl is d\u00e9 online apotheek waar u terecht kunt voor alle diergeneesmiddelen, verzorgingsproducten en dieetvoeding voor uw huisdier.\",\"publisher\":{\"@id\":\"http:\\\/\\\/www.pharmacy4pets.nl\\\/#organization\"},\"potentialAction\":[{\"@type\":\"SearchAction\",\"target\":{\"@type\":\"EntryPoint\",\"urlTemplate\":\"http:\\\/\\\/www.pharmacy4pets.nl\\\/?s={search_term_string}\"},\"query-input\":{\"@type\":\"PropertyValueSpecification\",\"valueRequired\":true,\"valueName\":\"search_term_string\"}}],\"inLanguage\":\"nl-NL\"},{\"@type\":\"Organization\",\"@id\":\"http:\\\/\\\/www.pharmacy4pets.nl\\\/#organization\",\"name\":\"Pharmacy4pets\",\"url\":\"http:\\\/\\\/www.pharmacy4pets.nl\\\/\",\"logo\":{\"@type\":\"ImageObject\",\"inLanguage\":\"nl-NL\",\"@id\":\"http:\\\/\\\/www.pharmacy4pets.nl\\\/#\\\/schema\\\/logo\\\/image\\\/\",\"url\":\"https:\\\/\\\/p4p-nl.bootmine.com\\\/wp-content\\\/uploads\\\/2026\\\/03\\\/logo-pharmacy4pets.png\",\"contentUrl\":\"https:\\\/\\\/p4p-nl.bootmine.com\\\/wp-content\\\/uploads\\\/2026\\\/03\\\/logo-pharmacy4pets.png\",\"width\":1024,\"height\":135,\"caption\":\"Pharmacy4pets\"},\"image\":{\"@id\":\"http:\\\/\\\/www.pharmacy4pets.nl\\\/#\\\/schema\\\/logo\\\/image\\\/\"},\"sameAs\":[\"https:\\\/\\\/www.facebook.com\\\/people\\\/Pharmacy4petsnl\\\/100063484989896\\\/\",\"https:\\\/\\\/www.youtube.com\\\/channel\\\/UCGPTIgucgli03tP2_kvLkHg\\\/featured\",\"https:\\\/\\\/www.instagram.com\\\/pharmacy4pets.nl\"]}]}<\/script>\n<!-- \/ Yoast SEO plugin. -->","yoast_head_json":{"title":"PUUR L-Lysine | Hond\/Kat | 50 gram - Pharmacy4pets","robots":{"index":"index","follow":"follow","max-snippet":"max-snippet:-1","max-image-preview":"max-image-preview:large","max-video-preview":"max-video-preview:-1"},"canonical":"https:\/\/www.pharmacy4pets.nl\/puur-l-lysine-hond-kat-50-gram","og_locale":"nl_NL","og_type":"article","og_title":"PUUR L-Lysine | Hond\/Kat | 50 gram - Pharmacy4pets","og_description":"PUUR L-Lysine is een aanvullend diervoerder ter ondersteuning van een verminderde weerstand bij honden, katten en paarden. PUUR L-Lysine kan door het voer of op een stukje lekkers gegeven worden. Bij voorkeur PUUR L-Lysine niet combineren met dierlijke eiwitten, omdat de werking dan minder wordt en het gewenste positieve effect langer kan uitblijven. Zorg daarnaast [&hellip;]","og_url":"https:\/\/www.pharmacy4pets.nl\/puur-l-lysine-hond-kat-50-gram","og_site_name":"Pharmacy4pets","article_publisher":"https:\/\/www.facebook.com\/people\/Pharmacy4petsnl\/100063484989896\/","article_modified_time":"2026-04-14T08:05:04+00:00","og_image":[{"width":800,"height":800,"url":"https:\/\/www.pharmacy4pets.nl\/wp-content\/uploads\/2023\/03\/19767.jpg","type":"image\/jpeg"}],"twitter_card":"summary_large_image","schema":{"@context":"https:\/\/schema.org","@graph":[{"@type":"WebPage","@id":"https:\/\/www.pharmacy4pets.nl\/puur-l-lysine-hond-kat-50-gram","url":"https:\/\/www.pharmacy4pets.nl\/puur-l-lysine-hond-kat-50-gram","name":"PUUR L-Lysine | Hond\/Kat | 50 gram - Pharmacy4pets","isPartOf":{"@id":"http:\/\/www.pharmacy4pets.nl\/#website"},"primaryImageOfPage":{"@id":"https:\/\/www.pharmacy4pets.nl\/puur-l-lysine-hond-kat-50-gram#primaryimage"},"image":{"@id":"https:\/\/www.pharmacy4pets.nl\/puur-l-lysine-hond-kat-50-gram#primaryimage"},"thumbnailUrl":"https:\/\/www.pharmacy4pets.nl\/wp-content\/uploads\/2023\/03\/19767.jpg","datePublished":"2023-03-10T12:18:15+00:00","dateModified":"2026-04-14T08:05:04+00:00","breadcrumb":{"@id":"https:\/\/www.pharmacy4pets.nl\/puur-l-lysine-hond-kat-50-gram#breadcrumb"},"inLanguage":"nl-NL","potentialAction":[{"@type":"ReadAction","target":["https:\/\/www.pharmacy4pets.nl\/puur-l-lysine-hond-kat-50-gram"]}]},{"@type":"ImageObject","inLanguage":"nl-NL","@id":"https:\/\/www.pharmacy4pets.nl\/puur-l-lysine-hond-kat-50-gram#primaryimage","url":"https:\/\/www.pharmacy4pets.nl\/wp-content\/uploads\/2023\/03\/19767.jpg","contentUrl":"https:\/\/www.pharmacy4pets.nl\/wp-content\/uploads\/2023\/03\/19767.jpg","width":800,"height":800,"caption":"PUUR"},{"@type":"BreadcrumbList","@id":"https:\/\/www.pharmacy4pets.nl\/puur-l-lysine-hond-kat-50-gram#breadcrumb","itemListElement":[{"@type":"ListItem","position":1,"name":"Home","item":"https:\/\/p4p-nl.bootmine.com\/"},{"@type":"ListItem","position":2,"name":"Winkel","item":"https:\/\/p4p-nl.bootmine.com\/winkel"},{"@type":"ListItem","position":3,"name":"PUUR L-Lysine | Hond\/Kat | 50 gram"}]},{"@type":"WebSite","@id":"http:\/\/www.pharmacy4pets.nl\/#website","url":"http:\/\/www.pharmacy4pets.nl\/","name":"Pharmacy4pets","description":"Pharmacy4pets.nl is d\u00e9 online apotheek waar u terecht kunt voor alle diergeneesmiddelen, verzorgingsproducten en dieetvoeding voor uw huisdier.","publisher":{"@id":"http:\/\/www.pharmacy4pets.nl\/#organization"},"potentialAction":[{"@type":"SearchAction","target":{"@type":"EntryPoint","urlTemplate":"http:\/\/www.pharmacy4pets.nl\/?s={search_term_string}"},"query-input":{"@type":"PropertyValueSpecification","valueRequired":true,"valueName":"search_term_string"}}],"inLanguage":"nl-NL"},{"@type":"Organization","@id":"http:\/\/www.pharmacy4pets.nl\/#organization","name":"Pharmacy4pets","url":"http:\/\/www.pharmacy4pets.nl\/","logo":{"@type":"ImageObject","inLanguage":"nl-NL","@id":"http:\/\/www.pharmacy4pets.nl\/#\/schema\/logo\/image\/","url":"https:\/\/p4p-nl.bootmine.com\/wp-content\/uploads\/2026\/03\/logo-pharmacy4pets.png","contentUrl":"https:\/\/p4p-nl.bootmine.com\/wp-content\/uploads\/2026\/03\/logo-pharmacy4pets.png","width":1024,"height":135,"caption":"Pharmacy4pets"},"image":{"@id":"http:\/\/www.pharmacy4pets.nl\/#\/schema\/logo\/image\/"},"sameAs":["https:\/\/www.facebook.com\/people\/Pharmacy4petsnl\/100063484989896\/","https:\/\/www.youtube.com\/channel\/UCGPTIgucgli03tP2_kvLkHg\/featured","https:\/\/www.instagram.com\/pharmacy4pets.nl"]}]}},"market_data":{"nl":{"price":0,"sale_price":0,"active":false,"url":null,"parent_url":"","tax_rate":0,"price_inc_tax":0,"sale_price_inc_tax":0},"de":{"price":0,"sale_price":0,"active":false,"url":null,"parent_url":"","tax_rate":0,"price_inc_tax":0,"sale_price_inc_tax":0},"be":{"price":0,"sale_price":0,"active":false,"url":null,"parent_url":"","tax_rate":0,"price_inc_tax":0,"sale_price_inc_tax":0},"fr":{"price":0,"sale_price":0,"active":false,"url":null,"parent_url":"","tax_rate":0,"price_inc_tax":0,"sale_price_inc_tax":0},"ch":{"price":0,"sale_price":0,"active":false,"url":null,"parent_url":"","tax_rate":0,"price_inc_tax":0,"sale_price_inc_tax":0},"at":{"price":0,"sale_price":0,"active":false,"url":null,"parent_url":"","tax_rate":0,"price_inc_tax":0,"sale_price_inc_tax":0},"es":{"price":0,"sale_price":0,"active":false,"url":null,"parent_url":"","tax_rate":0,"price_inc_tax":0,"sale_price_inc_tax":0},"dk":{"price":0,"sale_price":0,"active":false,"url":null,"parent_url":"","tax_rate":0,"price_inc_tax":0,"sale_price_inc_tax":0},"com":{"price":0,"sale_price":0,"active":false,"url":null,"parent_url":"","tax_rate":0,"price_inc_tax":0,"sale_price_inc_tax":0}},"market_nl_price":0,"market_nl_sale_price":0,"market_nl_active":false,"market_nl_url":null,"market_nl_parent_url":"","market_nl_tax_rate":0,"market_nl_price_inc_tax":0,"market_nl_sale_price_inc_tax":0,"market_de_price":0,"market_de_sale_price":0,"market_de_active":false,"market_de_url":null,"market_de_parent_url":"","market_de_tax_rate":0,"market_de_price_inc_tax":0,"market_de_sale_price_inc_tax":0,"market_be_price":0,"market_be_sale_price":0,"market_be_active":false,"market_be_url":null,"market_be_parent_url":"","market_be_tax_rate":0,"market_be_price_inc_tax":0,"market_be_sale_price_inc_tax":0,"market_fr_price":0,"market_fr_sale_price":0,"market_fr_active":false,"market_fr_url":null,"market_fr_parent_url":"","market_fr_tax_rate":0,"market_fr_price_inc_tax":0,"market_fr_sale_price_inc_tax":0,"market_ch_price":0,"market_ch_sale_price":0,"market_ch_active":false,"market_ch_url":null,"market_ch_parent_url":"","market_ch_tax_rate":0,"market_ch_price_inc_tax":0,"market_ch_sale_price_inc_tax":0,"market_at_price":0,"market_at_sale_price":0,"market_at_active":false,"market_at_url":null,"market_at_parent_url":"","market_at_tax_rate":0,"market_at_price_inc_tax":0,"market_at_sale_price_inc_tax":0,"market_es_price":0,"market_es_sale_price":0,"market_es_active":false,"market_es_url":null,"market_es_parent_url":"","market_es_tax_rate":0,"market_es_price_inc_tax":0,"market_es_sale_price_inc_tax":0,"market_dk_price":0,"market_dk_sale_price":0,"market_dk_active":false,"market_dk_url":null,"market_dk_parent_url":"","market_dk_tax_rate":0,"market_dk_price_inc_tax":0,"market_dk_sale_price_inc_tax":0,"market_com_price":0,"market_com_sale_price":0,"market_com_active":false,"market_com_url":null,"market_com_parent_url":"","market_com_tax_rate":0,"market_com_price_inc_tax":0,"market_com_sale_price_inc_tax":0,"acf":[],"_links":{"self":[{"href":"https:\/\/www.pharmacy4pets.nl\/be\/wp-json\/wp\/v2\/product\/120056","targetHints":{"allow":["GET"]}}],"collection":[{"href":"https:\/\/www.pharmacy4pets.nl\/be\/wp-json\/wp\/v2\/product"}],"about":[{"href":"https:\/\/www.pharmacy4pets.nl\/be\/wp-json\/wp\/v2\/types\/product"}],"replies":[{"embeddable":true,"href":"https:\/\/www.pharmacy4pets.nl\/be\/wp-json\/wp\/v2\/comments?post=120056"}],"wp:featuredmedia":[{"embeddable":true,"href":"https:\/\/www.pharmacy4pets.nl\/be\/wp-json\/wp\/v2\/media\/120055"}],"wp:attachment":[{"href":"https:\/\/www.pharmacy4pets.nl\/be\/wp-json\/wp\/v2\/media?parent=120056"}],"wp:term":[{"taxonomy":"product_brand","embeddable":true,"href":"https:\/\/www.pharmacy4pets.nl\/be\/wp-json\/wp\/v2\/product_brand?post=120056"},{"taxonomy":"product_cat","embeddable":true,"href":"https:\/\/www.pharmacy4pets.nl\/be\/wp-json\/wp\/v2\/product_cat?post=120056"},{"taxonomy":"product_tag","embeddable":true,"href":"https:\/\/www.pharmacy4pets.nl\/be\/wp-json\/wp\/v2\/product_tag?post=120056"}],"curies":[{"name":"wp","href":"https:\/\/api.w.org\/{rel}","templated":true}]}}