{"id":120051,"date":"2023-03-10T12:18:14","date_gmt":"2023-03-10T12:18:14","guid":{"rendered":"https:\/\/p4p.test\/puur-glucosamine-extra-paard-pony-500-gram"},"modified":"2026-04-14T08:05:03","modified_gmt":"2026-04-14T08:05:03","slug":"puur-glucosamine-extra-paard-pony-500-gram","status":"publish","type":"product","link":"https:\/\/www.pharmacy4pets.nl\/be\/puur-glucosamine-extra-paard-pony-500-gram","title":{"rendered":"PUUR Glucosamine Extra | Paard\/Pony | 500 gram"},"content":{"rendered":"<p>PUUR Glucosamine Extra is een aanvullend diervoeder voor paard en pony. Glucosamine Extra bevat bouwstoffen voor de aanmaak van kraakbeen en gewrichtsvloeistof. Dit is goed voor de pezen, kapsel en banden. Tevens geeft dit product extra verlichting en ontspanning vanwege de toegevoegde kruiden.<\/p>\n<p>Dosering:<br \/> Paard: 1-2 keer per dag, 1 maatschep<br \/> Pony: 1-2 keer per dag, 2\/3 maatschep<\/p>\n<p>1 maatschep van 10 ml bevat ca 9 gram. Wanneer uw dier weer soepel loopt kunt u de dosering verlagen naar de helft van de aangegeven dosering.<\/p>\n<p>Kan door het voer gegeven worden. Maak het poeder vochtig zodat het niet uit de voerbak geblazen wordt.<\/p>\n","protected":false},"excerpt":{"rendered":"<p>PUUR Glucosamine Extra is een aanvullend diervoeder voor paard en pony. Glucosamine Extra bevat bouwstoffen voor de aanmaak van kraakbeen en gewrichtsvloeistof. Dit is goed voor de pezen, kapsel en banden. Tevens geeft dit product extra verlichting en ontspanning vanwege de toegevoegde kruiden. Dosering: Paard: 1-2 keer per dag, 1 maatschep Pony: 1-2 keer per [&hellip;]<\/p>\n","protected":false},"featured_media":120050,"comment_status":"open","ping_status":"closed","template":"","meta":{"_acf_changed":false,"_nl_post_content":"<p>PUUR Glucosamine Extra is een aanvullend diervoeder voor paard en pony. Glucosamine Extra bevat bouwstoffen voor de aanmaak van kraakbeen en gewrichtsvloeistof. Dit is goed voor de pezen, kapsel en banden. Tevens geeft dit product extra verlichting en ontspanning vanwege de toegevoegde kruiden.<\/p>\r\n<p>Dosering:<br \/> Paard: 1-2 keer per dag, 1 maatschep<br \/> Pony: 1-2 keer per dag, 2\/3 maatschep<\/p>\r\n<p>1 maatschep van 10 ml bevat ca 9 gram. Wanneer uw dier weer soepel loopt kunt u de dosering verlagen naar de helft van de aangegeven dosering.<\/p>\r\n<p>Kan door het voer gegeven worden. Maak het poeder vochtig zodat het niet uit de voerbak geblazen wordt.<\/p>","_nl_post_name":"puur-glucosamine-extra-paard-pony-500-gram","_nl_post_excerpt":"","_nl_post_title":"PUUR Glucosamine Extra | Paard\/Pony | 500 gram","_en_post_content":"<p>PUUR Glucosamine Extra is a supplementary feed for horse and pony. Glucosamine Extra contains building materials for the production of cartilage and synovial fluid. This is good for the tendons, capsule and ligaments. This product also provides extra relief and relaxation because of the added herbs.<\/p>\n<p>Dosage:<br \/> Horse: 1-2 times a day, 1 scoop<br \/> Pony: 1-2 times a day, 2\/3 scoop<\/p>\n<p>1 scoop of 10 ml contains approximately 9 grams. When your animal is running smoothly again, you can reduce the dosage to half of the indicated dosage.<\/p>\n<p>Can be given through the feed. Moisten the powder so that it is not blown out of the feeder.<\/p>","_en_post_name":"puur-glucosamine-extra-horse-pony-500-grams","_en_post_excerpt":"","_en_post_title":"PUUR Glucosamine Extra | Horse\/Pony | 500 grams","_de_post_content":"<p>PUUR Glucosamine Extra ist ein Erg\u00e4nzungsfuttermittel f\u00fcr Pferde und Ponys. Glucosamine Extra enth\u00e4lt Baustoffe f\u00fcr die Produktion von Knorpel und Gelenkfl\u00fcssigkeit. Das ist gut f\u00fcr Sehnen, Kapsel und B\u00e4nder. Durch die zugesetzten Kr\u00e4uter sorgt dieses Produkt au\u00dferdem f\u00fcr zus\u00e4tzliche Linderung und Entspannung.<\/p>\n<p>Dosierung:<br \/> Pferd: 1-2 mal t\u00e4glich, 1 Messl\u00f6ffel<br \/> Pony: 1-2 mal t\u00e4glich, 2\/3 Messl\u00f6ffel<\/p>\n<p>1 Messl\u00f6ffel \u00e0 10 ml enth\u00e4lt etwa 9 Gramm. Wenn Ihr Tier wieder reibungslos l\u00e4uft, k\u00f6nnen Sie die Dosierung auf die H\u00e4lfte der angegebenen Dosierung reduzieren.<\/p>\n<p>Kann zusammen mit dem Essen verabreicht werden. Befeuchten Sie das Pulver, damit es nicht aus dem Futternapf herausfliegt.<\/p>","_de_post_name":"puur-glucosamine-extra-pferd-pony-500-gramm","_de_post_excerpt":"","_de_post_title":"PUUR Glucosamine Extra | Pferd\/Pony | 500 Gramm","_fr_post_content":"<p>PUUR Glucosamine Extra est un aliment compl\u00e9mentaire pour chevaux et poneys. Glucosamine Extra contient des mat\u00e9riaux de construction pour la production de cartilage et de liquide articulaire. C'est bon pour les tendons, les capsules et les ligaments. Ce produit procure \u00e9galement un soulagement et une relaxation suppl\u00e9mentaires gr\u00e2ce aux herbes ajout\u00e9es.<\/p>\n<p>Posologie\u00a0:<br \/> Cheval\u00a0: 1 \u00e0 2 fois par jour, 1 mesure<br \/> Poney\u00a0: 1 \u00e0 2 fois par jour, 2\/3 mesure<\/p>\n<p>1 cuill\u00e8re de 10 ml contient environ 9 grammes. Lorsque votre animal marche \u00e0 nouveau en douceur, vous pouvez r\u00e9duire la dose de moiti\u00e9 par rapport \u00e0 la dose indiqu\u00e9e.<\/p>\n<p>Peut \u00eatre administr\u00e9 avec de la nourriture. Humidifiez la poudre pour qu'elle ne s'\u00e9chappe pas du bol alimentaire.<\/p>","_fr_post_name":"puur-glucosamine-extra-cheval-poney-500-grammes","_fr_post_excerpt":"","_fr_post_title":"PUUR Glucosamine Extra | Cheval\/Poney | 500 grammes","_es_post_content":"<p>PUUR Glucosamine Extra es un pienso complementario para caballos y ponis. Glucosamine Extra contiene materiales de construcci\u00f3n para la producci\u00f3n de cart\u00edlago y l\u00edquido sinovial. Esto es bueno para los tendones, la c\u00e1psula y los ligamentos. Este producto tambi\u00e9n proporciona alivio y relajaci\u00f3n adicionales gracias a las hierbas agregadas.<\/p>\n<p>Dosis:<br \/> Caballo: 1-2 veces al d\u00eda, 1 cacito<br \/> Poni: 1-2 veces al d\u00eda, 2\/3 cacito<\/p>\n<p>1 cazo de 10 ml contiene aproximadamente 9 gramos. Cuando tu animal vuelva a correr sin problemas, puedes reducir la dosis a la mitad de la dosis indicada.<\/p>\n<p>Se puede administrar a trav\u00e9s del feed. Humedezca el polvo para que no se salga del alimentador.<\/p>","_es_post_name":"puur-glucosamine-extra-caballo-poni-500-gramos","_es_post_excerpt":"","_es_post_title":"PUUR Glucosamine Extra | Caballo\/Poni | 500 gramos","edit_language":"nl"},"product_brand":[],"product_cat":[1812,1811,1857,1809,1950],"product_tag":[],"class_list":{"0":"post-120051","1":"product","2":"type-product","3":"status-publish","4":"has-post-thumbnail","6":"product_cat-gewrichten-spieren","7":"product_cat-medicijnen-supplementen","8":"product_cat-merken","9":"product_cat-paarden","10":"product_cat-puur","11":"pa_aandoening-overig","12":"pa_doeldier-paard","13":"pa_fabricatieland-nederland","14":"pa_merkfilter-puur","15":"pa_merkgroep-nml","16":"pa_productsoort-voedingssupplement","17":"pa_toedieningswijze-overig","18":"pa_unit_pricing_base_measure-100g","19":"pa_unit_pricing_measure-500g","20":"pa_werkzamestof-overig","22":"first","23":"instock","24":"taxable","25":"shipping-taxable","26":"purchasable","27":"product-type-simple"},"yoast_head":"<!-- This site is optimized with the Yoast SEO plugin v27.5 - https:\/\/yoast.com\/product\/yoast-seo-wordpress\/ -->\n<title>PUUR Glucosamine Extra | Paard\/Pony | 500 gram - Pharmacy4pets<\/title>\n<meta name=\"robots\" content=\"index, follow, max-snippet:-1, max-image-preview:large, max-video-preview:-1\" \/>\n<link rel=\"canonical\" href=\"https:\/\/p4p-nl.bootmine.com\/%product-slug%\/puur-glucosamine-extra-paard-pony-500-gram\" \/>\n<meta property=\"og:locale\" content=\"nl_NL\" \/>\n<meta property=\"og:type\" content=\"article\" \/>\n<meta property=\"og:title\" content=\"PUUR Glucosamine Extra | Paard\/Pony | 500 gram - Pharmacy4pets\" \/>\n<meta property=\"og:description\" content=\"PUUR Glucosamine Extra is een aanvullend diervoeder voor paard en pony. Glucosamine Extra bevat bouwstoffen voor de aanmaak van kraakbeen en gewrichtsvloeistof. Dit is goed voor de pezen, kapsel en banden. Tevens geeft dit product extra verlichting en ontspanning vanwege de toegevoegde kruiden. Dosering: Paard: 1-2 keer per dag, 1 maatschep Pony: 1-2 keer per [&hellip;]\" \/>\n<meta property=\"og:url\" content=\"https:\/\/p4p-nl.bootmine.com\/%product-slug%\/puur-glucosamine-extra-paard-pony-500-gram\" \/>\n<meta property=\"og:site_name\" content=\"Pharmacy4pets\" \/>\n<meta property=\"article:publisher\" content=\"https:\/\/www.facebook.com\/people\/Pharmacy4petsnl\/100063484989896\/\" \/>\n<meta property=\"article:modified_time\" content=\"2026-04-14T08:05:03+00:00\" \/>\n<meta property=\"og:image\" content=\"https:\/\/p4p-nl.bootmine.com\/wp-content\/uploads\/2023\/03\/25660.jpg\" \/>\n\t<meta property=\"og:image:width\" content=\"700\" \/>\n\t<meta property=\"og:image:height\" content=\"700\" \/>\n\t<meta property=\"og:image:type\" content=\"image\/jpeg\" \/>\n<meta name=\"twitter:card\" content=\"summary_large_image\" \/>\n<script type=\"application\/ld+json\" class=\"yoast-schema-graph\">{\"@context\":\"https:\\\/\\\/schema.org\",\"@graph\":[{\"@type\":\"WebPage\",\"@id\":\"https:\\\/\\\/p4p-nl.bootmine.com\\\/%product-slug%\\\/puur-glucosamine-extra-paard-pony-500-gram\",\"url\":\"https:\\\/\\\/p4p-nl.bootmine.com\\\/%product-slug%\\\/puur-glucosamine-extra-paard-pony-500-gram\",\"name\":\"PUUR Glucosamine Extra | Paard\\\/Pony | 500 gram - Pharmacy4pets\",\"isPartOf\":{\"@id\":\"http:\\\/\\\/www.pharmacy4pets.nl\\\/#website\"},\"primaryImageOfPage\":{\"@id\":\"https:\\\/\\\/p4p-nl.bootmine.com\\\/%product-slug%\\\/puur-glucosamine-extra-paard-pony-500-gram#primaryimage\"},\"image\":{\"@id\":\"https:\\\/\\\/p4p-nl.bootmine.com\\\/%product-slug%\\\/puur-glucosamine-extra-paard-pony-500-gram#primaryimage\"},\"thumbnailUrl\":\"https:\\\/\\\/www.pharmacy4pets.nl\\\/wp-content\\\/uploads\\\/2023\\\/03\\\/25660.jpg\",\"datePublished\":\"2023-03-10T12:18:14+00:00\",\"dateModified\":\"2026-04-14T08:05:03+00:00\",\"breadcrumb\":{\"@id\":\"https:\\\/\\\/p4p-nl.bootmine.com\\\/%product-slug%\\\/puur-glucosamine-extra-paard-pony-500-gram#breadcrumb\"},\"inLanguage\":\"nl-NL\",\"potentialAction\":[{\"@type\":\"ReadAction\",\"target\":[\"https:\\\/\\\/p4p-nl.bootmine.com\\\/%product-slug%\\\/puur-glucosamine-extra-paard-pony-500-gram\"]}]},{\"@type\":\"ImageObject\",\"inLanguage\":\"nl-NL\",\"@id\":\"https:\\\/\\\/p4p-nl.bootmine.com\\\/%product-slug%\\\/puur-glucosamine-extra-paard-pony-500-gram#primaryimage\",\"url\":\"https:\\\/\\\/www.pharmacy4pets.nl\\\/wp-content\\\/uploads\\\/2023\\\/03\\\/25660.jpg\",\"contentUrl\":\"https:\\\/\\\/www.pharmacy4pets.nl\\\/wp-content\\\/uploads\\\/2023\\\/03\\\/25660.jpg\",\"width\":700,\"height\":700,\"caption\":\"PUUR\"},{\"@type\":\"BreadcrumbList\",\"@id\":\"https:\\\/\\\/p4p-nl.bootmine.com\\\/%product-slug%\\\/puur-glucosamine-extra-paard-pony-500-gram#breadcrumb\",\"itemListElement\":[{\"@type\":\"ListItem\",\"position\":1,\"name\":\"Home\",\"item\":\"https:\\\/\\\/p4p-nl.bootmine.com\\\/\"},{\"@type\":\"ListItem\",\"position\":2,\"name\":\"Winkel\",\"item\":\"https:\\\/\\\/p4p-nl.bootmine.com\\\/winkel\"},{\"@type\":\"ListItem\",\"position\":3,\"name\":\"PUUR Glucosamine Extra | Paard\\\/Pony | 500 gram\"}]},{\"@type\":\"WebSite\",\"@id\":\"http:\\\/\\\/www.pharmacy4pets.nl\\\/#website\",\"url\":\"http:\\\/\\\/www.pharmacy4pets.nl\\\/\",\"name\":\"Pharmacy4pets\",\"description\":\"Pharmacy4pets.nl is d\u00e9 online apotheek waar u terecht kunt voor alle diergeneesmiddelen, verzorgingsproducten en dieetvoeding voor uw huisdier.\",\"publisher\":{\"@id\":\"http:\\\/\\\/www.pharmacy4pets.nl\\\/#organization\"},\"potentialAction\":[{\"@type\":\"SearchAction\",\"target\":{\"@type\":\"EntryPoint\",\"urlTemplate\":\"http:\\\/\\\/www.pharmacy4pets.nl\\\/?s={search_term_string}\"},\"query-input\":{\"@type\":\"PropertyValueSpecification\",\"valueRequired\":true,\"valueName\":\"search_term_string\"}}],\"inLanguage\":\"nl-NL\"},{\"@type\":\"Organization\",\"@id\":\"http:\\\/\\\/www.pharmacy4pets.nl\\\/#organization\",\"name\":\"Pharmacy4pets\",\"url\":\"http:\\\/\\\/www.pharmacy4pets.nl\\\/\",\"logo\":{\"@type\":\"ImageObject\",\"inLanguage\":\"nl-NL\",\"@id\":\"http:\\\/\\\/www.pharmacy4pets.nl\\\/#\\\/schema\\\/logo\\\/image\\\/\",\"url\":\"https:\\\/\\\/p4p-nl.bootmine.com\\\/wp-content\\\/uploads\\\/2026\\\/03\\\/logo-pharmacy4pets.png\",\"contentUrl\":\"https:\\\/\\\/p4p-nl.bootmine.com\\\/wp-content\\\/uploads\\\/2026\\\/03\\\/logo-pharmacy4pets.png\",\"width\":1024,\"height\":135,\"caption\":\"Pharmacy4pets\"},\"image\":{\"@id\":\"http:\\\/\\\/www.pharmacy4pets.nl\\\/#\\\/schema\\\/logo\\\/image\\\/\"},\"sameAs\":[\"https:\\\/\\\/www.facebook.com\\\/people\\\/Pharmacy4petsnl\\\/100063484989896\\\/\",\"https:\\\/\\\/www.youtube.com\\\/channel\\\/UCGPTIgucgli03tP2_kvLkHg\\\/featured\",\"https:\\\/\\\/www.instagram.com\\\/pharmacy4pets.nl\"]}]}<\/script>\n<!-- \/ Yoast SEO plugin. -->","yoast_head_json":{"title":"PUUR Glucosamine Extra | Paard\/Pony | 500 gram - Pharmacy4pets","robots":{"index":"index","follow":"follow","max-snippet":"max-snippet:-1","max-image-preview":"max-image-preview:large","max-video-preview":"max-video-preview:-1"},"canonical":"https:\/\/p4p-nl.bootmine.com\/%product-slug%\/puur-glucosamine-extra-paard-pony-500-gram","og_locale":"nl_NL","og_type":"article","og_title":"PUUR Glucosamine Extra | Paard\/Pony | 500 gram - Pharmacy4pets","og_description":"PUUR Glucosamine Extra is een aanvullend diervoeder voor paard en pony. Glucosamine Extra bevat bouwstoffen voor de aanmaak van kraakbeen en gewrichtsvloeistof. Dit is goed voor de pezen, kapsel en banden. Tevens geeft dit product extra verlichting en ontspanning vanwege de toegevoegde kruiden. Dosering: Paard: 1-2 keer per dag, 1 maatschep Pony: 1-2 keer per [&hellip;]","og_url":"https:\/\/p4p-nl.bootmine.com\/%product-slug%\/puur-glucosamine-extra-paard-pony-500-gram","og_site_name":"Pharmacy4pets","article_publisher":"https:\/\/www.facebook.com\/people\/Pharmacy4petsnl\/100063484989896\/","article_modified_time":"2026-04-14T08:05:03+00:00","og_image":[{"width":700,"height":700,"url":"https:\/\/p4p-nl.bootmine.com\/wp-content\/uploads\/2023\/03\/25660.jpg","type":"image\/jpeg"}],"twitter_card":"summary_large_image","schema":{"@context":"https:\/\/schema.org","@graph":[{"@type":"WebPage","@id":"https:\/\/p4p-nl.bootmine.com\/%product-slug%\/puur-glucosamine-extra-paard-pony-500-gram","url":"https:\/\/p4p-nl.bootmine.com\/%product-slug%\/puur-glucosamine-extra-paard-pony-500-gram","name":"PUUR Glucosamine Extra | Paard\/Pony | 500 gram - Pharmacy4pets","isPartOf":{"@id":"http:\/\/www.pharmacy4pets.nl\/#website"},"primaryImageOfPage":{"@id":"https:\/\/p4p-nl.bootmine.com\/%product-slug%\/puur-glucosamine-extra-paard-pony-500-gram#primaryimage"},"image":{"@id":"https:\/\/p4p-nl.bootmine.com\/%product-slug%\/puur-glucosamine-extra-paard-pony-500-gram#primaryimage"},"thumbnailUrl":"https:\/\/www.pharmacy4pets.nl\/wp-content\/uploads\/2023\/03\/25660.jpg","datePublished":"2023-03-10T12:18:14+00:00","dateModified":"2026-04-14T08:05:03+00:00","breadcrumb":{"@id":"https:\/\/p4p-nl.bootmine.com\/%product-slug%\/puur-glucosamine-extra-paard-pony-500-gram#breadcrumb"},"inLanguage":"nl-NL","potentialAction":[{"@type":"ReadAction","target":["https:\/\/p4p-nl.bootmine.com\/%product-slug%\/puur-glucosamine-extra-paard-pony-500-gram"]}]},{"@type":"ImageObject","inLanguage":"nl-NL","@id":"https:\/\/p4p-nl.bootmine.com\/%product-slug%\/puur-glucosamine-extra-paard-pony-500-gram#primaryimage","url":"https:\/\/www.pharmacy4pets.nl\/wp-content\/uploads\/2023\/03\/25660.jpg","contentUrl":"https:\/\/www.pharmacy4pets.nl\/wp-content\/uploads\/2023\/03\/25660.jpg","width":700,"height":700,"caption":"PUUR"},{"@type":"BreadcrumbList","@id":"https:\/\/p4p-nl.bootmine.com\/%product-slug%\/puur-glucosamine-extra-paard-pony-500-gram#breadcrumb","itemListElement":[{"@type":"ListItem","position":1,"name":"Home","item":"https:\/\/p4p-nl.bootmine.com\/"},{"@type":"ListItem","position":2,"name":"Winkel","item":"https:\/\/p4p-nl.bootmine.com\/winkel"},{"@type":"ListItem","position":3,"name":"PUUR Glucosamine Extra | Paard\/Pony | 500 gram"}]},{"@type":"WebSite","@id":"http:\/\/www.pharmacy4pets.nl\/#website","url":"http:\/\/www.pharmacy4pets.nl\/","name":"Pharmacy4pets","description":"Pharmacy4pets.nl is d\u00e9 online apotheek waar u terecht kunt voor alle diergeneesmiddelen, verzorgingsproducten en dieetvoeding voor uw huisdier.","publisher":{"@id":"http:\/\/www.pharmacy4pets.nl\/#organization"},"potentialAction":[{"@type":"SearchAction","target":{"@type":"EntryPoint","urlTemplate":"http:\/\/www.pharmacy4pets.nl\/?s={search_term_string}"},"query-input":{"@type":"PropertyValueSpecification","valueRequired":true,"valueName":"search_term_string"}}],"inLanguage":"nl-NL"},{"@type":"Organization","@id":"http:\/\/www.pharmacy4pets.nl\/#organization","name":"Pharmacy4pets","url":"http:\/\/www.pharmacy4pets.nl\/","logo":{"@type":"ImageObject","inLanguage":"nl-NL","@id":"http:\/\/www.pharmacy4pets.nl\/#\/schema\/logo\/image\/","url":"https:\/\/p4p-nl.bootmine.com\/wp-content\/uploads\/2026\/03\/logo-pharmacy4pets.png","contentUrl":"https:\/\/p4p-nl.bootmine.com\/wp-content\/uploads\/2026\/03\/logo-pharmacy4pets.png","width":1024,"height":135,"caption":"Pharmacy4pets"},"image":{"@id":"http:\/\/www.pharmacy4pets.nl\/#\/schema\/logo\/image\/"},"sameAs":["https:\/\/www.facebook.com\/people\/Pharmacy4petsnl\/100063484989896\/","https:\/\/www.youtube.com\/channel\/UCGPTIgucgli03tP2_kvLkHg\/featured","https:\/\/www.instagram.com\/pharmacy4pets.nl"]}]}},"market_data":{"nl":{"price":0,"sale_price":0,"active":false,"url":null,"parent_url":"","tax_rate":0,"price_inc_tax":0,"sale_price_inc_tax":0},"de":{"price":0,"sale_price":0,"active":false,"url":null,"parent_url":"","tax_rate":0,"price_inc_tax":0,"sale_price_inc_tax":0},"be":{"price":0,"sale_price":0,"active":false,"url":null,"parent_url":"","tax_rate":0,"price_inc_tax":0,"sale_price_inc_tax":0},"fr":{"price":0,"sale_price":0,"active":false,"url":null,"parent_url":"","tax_rate":0,"price_inc_tax":0,"sale_price_inc_tax":0},"ch":{"price":0,"sale_price":0,"active":false,"url":null,"parent_url":"","tax_rate":0,"price_inc_tax":0,"sale_price_inc_tax":0},"at":{"price":0,"sale_price":0,"active":false,"url":null,"parent_url":"","tax_rate":0,"price_inc_tax":0,"sale_price_inc_tax":0},"es":{"price":0,"sale_price":0,"active":false,"url":null,"parent_url":"","tax_rate":0,"price_inc_tax":0,"sale_price_inc_tax":0},"dk":{"price":0,"sale_price":0,"active":false,"url":null,"parent_url":"","tax_rate":0,"price_inc_tax":0,"sale_price_inc_tax":0},"com":{"price":0,"sale_price":0,"active":false,"url":null,"parent_url":"","tax_rate":0,"price_inc_tax":0,"sale_price_inc_tax":0}},"market_nl_price":0,"market_nl_sale_price":0,"market_nl_active":false,"market_nl_url":null,"market_nl_parent_url":"","market_nl_tax_rate":0,"market_nl_price_inc_tax":0,"market_nl_sale_price_inc_tax":0,"market_de_price":0,"market_de_sale_price":0,"market_de_active":false,"market_de_url":null,"market_de_parent_url":"","market_de_tax_rate":0,"market_de_price_inc_tax":0,"market_de_sale_price_inc_tax":0,"market_be_price":0,"market_be_sale_price":0,"market_be_active":false,"market_be_url":null,"market_be_parent_url":"","market_be_tax_rate":0,"market_be_price_inc_tax":0,"market_be_sale_price_inc_tax":0,"market_fr_price":0,"market_fr_sale_price":0,"market_fr_active":false,"market_fr_url":null,"market_fr_parent_url":"","market_fr_tax_rate":0,"market_fr_price_inc_tax":0,"market_fr_sale_price_inc_tax":0,"market_ch_price":0,"market_ch_sale_price":0,"market_ch_active":false,"market_ch_url":null,"market_ch_parent_url":"","market_ch_tax_rate":0,"market_ch_price_inc_tax":0,"market_ch_sale_price_inc_tax":0,"market_at_price":0,"market_at_sale_price":0,"market_at_active":false,"market_at_url":null,"market_at_parent_url":"","market_at_tax_rate":0,"market_at_price_inc_tax":0,"market_at_sale_price_inc_tax":0,"market_es_price":0,"market_es_sale_price":0,"market_es_active":false,"market_es_url":null,"market_es_parent_url":"","market_es_tax_rate":0,"market_es_price_inc_tax":0,"market_es_sale_price_inc_tax":0,"market_dk_price":0,"market_dk_sale_price":0,"market_dk_active":false,"market_dk_url":null,"market_dk_parent_url":"","market_dk_tax_rate":0,"market_dk_price_inc_tax":0,"market_dk_sale_price_inc_tax":0,"market_com_price":0,"market_com_sale_price":0,"market_com_active":false,"market_com_url":null,"market_com_parent_url":"","market_com_tax_rate":0,"market_com_price_inc_tax":0,"market_com_sale_price_inc_tax":0,"acf":[],"_links":{"self":[{"href":"https:\/\/www.pharmacy4pets.nl\/be\/wp-json\/wp\/v2\/product\/120051","targetHints":{"allow":["GET"]}}],"collection":[{"href":"https:\/\/www.pharmacy4pets.nl\/be\/wp-json\/wp\/v2\/product"}],"about":[{"href":"https:\/\/www.pharmacy4pets.nl\/be\/wp-json\/wp\/v2\/types\/product"}],"replies":[{"embeddable":true,"href":"https:\/\/www.pharmacy4pets.nl\/be\/wp-json\/wp\/v2\/comments?post=120051"}],"wp:featuredmedia":[{"embeddable":true,"href":"https:\/\/www.pharmacy4pets.nl\/be\/wp-json\/wp\/v2\/media\/120050"}],"wp:attachment":[{"href":"https:\/\/www.pharmacy4pets.nl\/be\/wp-json\/wp\/v2\/media?parent=120051"}],"wp:term":[{"taxonomy":"product_brand","embeddable":true,"href":"https:\/\/www.pharmacy4pets.nl\/be\/wp-json\/wp\/v2\/product_brand?post=120051"},{"taxonomy":"product_cat","embeddable":true,"href":"https:\/\/www.pharmacy4pets.nl\/be\/wp-json\/wp\/v2\/product_cat?post=120051"},{"taxonomy":"product_tag","embeddable":true,"href":"https:\/\/www.pharmacy4pets.nl\/be\/wp-json\/wp\/v2\/product_tag?post=120051"}],"curies":[{"name":"wp","href":"https:\/\/api.w.org\/{rel}","templated":true}]}}